{"id":12726,"date":"2018-10-10T13:32:37","date_gmt":"2018-10-10T13:32:37","guid":{"rendered":"https:\/\/www.italiafideiussioni.it\/contate-a-italia-fideiussioni\/"},"modified":"2026-03-04T13:09:41","modified_gmt":"2026-03-04T13:09:41","slug":"contate-a-italia-fideiussioni","status":"publish","type":"page","link":"https:\/\/www.italiafideiussioni.it\/pt-br\/contate-a-italia-fideiussioni\/","title":{"rendered":"Contate a Italia Fideiussioni"},"content":{"rendered":"<h3><strong><i>Sua seguradora diz que n\u00e3o pode emitir a garantia que voc\u00ea precisa?<\/i><\/strong><\/h3>\n<h3><strong><i>Seu banco, depois de dois meses, ainda diz que n\u00e3o tem uma resposta?<\/i><\/strong><\/h3>\n<p data-start=\"541\" data-end=\"589\"><strong data-start=\"541\" data-end=\"589\">Conte-nos o seu caso. Respondemos rapidamente. <\/strong><\/p>\n<h2 data-start=\"952\" data-end=\"992\"><\/h2>\n<h2 data-start=\"952\" data-end=\"992\"><\/h2>\n<h2 data-start=\"952\" data-end=\"992\">Respostas r\u00e1pidas, em menos de 24 horas<\/h2>\n<p data-start=\"994\" data-end=\"1318\">Somos uma equipe de profissionais com mais de 30 anos de experi\u00eancia espec\u00edfica em <strong>garantias financeiras e seguros garantia<\/strong>.<br data-start=\"1095\" data-end=\"1098\" \/><strong data-start=\"1098\" data-end=\"1166\">Ajudamos voc\u00ea a encontrar rapidamente a solu\u00e7\u00e3o certa para o seu caso<\/strong>, seja voc\u00ea uma empresa, um profissional ou um particular.<br data-start=\"1222\" data-end=\"1225\" \/>Todos os dias trabalhamos para responder em prazos muito curtos, mesmo \u00e0s solicita\u00e7\u00f5es mais complexas.<\/p>\n<p data-start=\"994\" data-end=\"1318\">Atuamos <strong data-start=\"1352\" data-end=\"1394\">online em todo o territ\u00f3rio italiano<\/strong>, incluindo as ilhas.<\/p>\n<h2 data-start=\"1608\" data-end=\"1650\"><\/h2>\n<h2 data-start=\"1608\" data-end=\"1650\"><\/h2>\n<h2 data-start=\"1608\" data-end=\"1650\">Tem uma solicita\u00e7\u00e3o? Preencha o formul\u00e1rio<\/h2>\n<p data-start=\"1652\" data-end=\"1760\">Preencha o formul\u00e1rio com todos os detalhes: quanto mais informa\u00e7\u00f5es voc\u00ea fornecer, mais r\u00e1pida ser\u00e1 nossa resposta.<\/p>\n<h2 data-start=\"1787\" data-end=\"1812\"><\/h2>\n<h2 data-start=\"1787\" data-end=\"1812\"><\/h2>\n<h2 data-start=\"1787\" data-end=\"1812\">Por que entrar em contato conosco?<\/h2>\n<ul data-start=\"1814\" data-end=\"2141\">\n<li data-start=\"1814\" data-end=\"1876\">\n<p data-start=\"1816\" data-end=\"1876\">Acompanhamos voc\u00ea passo a passo na solicita\u00e7\u00e3o da garantia<\/p>\n<\/li>\n<li data-start=\"1877\" data-end=\"1946\">\n<p data-start=\"1879\" data-end=\"1946\">Nenhum pagamento antecipado: voc\u00ea paga apenas se obtiver a garantia<\/p>\n<\/li>\n<li data-start=\"1947\" data-end=\"1983\">\n<p data-start=\"1949\" data-end=\"1983\">Atendimento humano, n\u00e3o automatizado<\/p>\n<\/li>\n<li data-start=\"1984\" data-end=\"2081\">\n<p data-start=\"1986\" data-end=\"2081\">Experi\u00eancia real em licita\u00e7\u00f5es p\u00fablicas, incentivos p\u00fablicos, constru\u00e7\u00e3o civil, meio ambiente, vigil\u00e2ncia e muito mais<\/p>\n<\/li>\n<li data-start=\"2082\" data-end=\"2141\">\n<p data-start=\"2084\" data-end=\"2141\">Resolvemos 97% das solicita\u00e7\u00f5es que recebemos todos os anos<\/p>\n<\/li>\n<\/ul>\n","protected":false},"excerpt":{"rendered":"<p>Sua seguradora diz que n\u00e3o pode emitir a garantia que voc\u00ea precisa? Seu banco, depois de dois meses, ainda diz que n\u00e3o tem uma resposta? Conte-nos o seu caso. Respondemos rapidamente. Respostas r\u00e1pidas, em menos de 24 horas Somos uma equipe de profissionais com mais de 30 anos de experi\u00eancia espec\u00edfica em garantias financeiras e [&hellip;]<\/p>\n","protected":false},"author":2,"featured_media":12728,"parent":0,"menu_order":0,"comment_status":"closed","ping_status":"closed","template":"templates-default\/tpl-contacts.php","meta":{"_acf_changed":false,"_yoast_wpseo_focuskw":"","_yoast_wpseo_title":"Hor\u00e1rio de atendimento, telefone e e-mail | Italia Fideiussioni","_yoast_wpseo_metadesc":"Voc\u00ea pode entrar em contato conosco por telefone, e-mail ou WhatsApp, ou agendar um atendimento em um de nossos escrit\u00f3rios em Firenze, Roma, Torino, Sanremo, Milano ou Santo Stefano.","_yoast_wpseo_meta-robots-noindex":"","_yoast_wpseo_meta-robots-nofollow":"","_yoast_wpseo_canonical":"","_yoast_wpseo_opengraph-title":"","_yoast_wpseo_opengraph-description":"","_yoast_wpseo_opengraph-image":"","_yoast_wpseo_opengraph-image-id":"","_yoast_wpseo_twitter-title":"","_yoast_wpseo_twitter-description":"","_yoast_wpseo_twitter-image":"","footnotes":""},"class_list":["post-12726","page","type-page","status-publish","has-post-thumbnail","hentry"],"acf":{"blocco_iniziale":"","macroarea_servizi":""},"yoast_head":"<!-- This site is optimized with the Yoast SEO plugin v27.4 - https:\/\/yoast.com\/product\/yoast-seo-wordpress\/ -->\n<title>Hor\u00e1rio de atendimento, telefone e e-mail | Italia Fideiussioni<\/title>\n<meta name=\"description\" content=\"Voc\u00ea pode entrar em contato conosco por telefone, e-mail ou WhatsApp, ou agendar um atendimento em um de nossos escrit\u00f3rios em Firenze, Roma, Torino, Sanremo, Milano ou Santo Stefano.\" \/>\n<meta name=\"robots\" content=\"index, follow, max-snippet:-1, max-image-preview:large, max-video-preview:-1\" \/>\n<link rel=\"canonical\" href=\"https:\/\/www.italiafideiussioni.it\/pt-br\/contate-a-italia-fideiussioni\/\" \/>\n<meta property=\"og:locale\" content=\"pt_BR\" \/>\n<meta property=\"og:type\" content=\"article\" \/>\n<meta property=\"og:title\" content=\"Hor\u00e1rio de atendimento, telefone e e-mail | Italia Fideiussioni\" \/>\n<meta property=\"og:description\" content=\"Voc\u00ea pode entrar em contato conosco por telefone, e-mail ou WhatsApp, ou agendar um atendimento em um de nossos escrit\u00f3rios em Firenze, Roma, Torino, Sanremo, Milano ou Santo Stefano.\" \/>\n<meta property=\"og:url\" content=\"https:\/\/www.italiafideiussioni.it\/pt-br\/contate-a-italia-fideiussioni\/\" \/>\n<meta property=\"og:site_name\" content=\"Italia Fideiussioni\" \/>\n<meta property=\"article:publisher\" content=\"https:\/\/www.facebook.com\/italiafideiussioni\/\" \/>\n<meta property=\"article:modified_time\" content=\"2026-03-04T13:09:41+00:00\" \/>\n<meta property=\"og:image\" content=\"https:\/\/www.italiafideiussioni.it\/wp-content\/uploads\/2018\/11\/italia-fideiussioni-istituzionale-2-e1541366226400.jpg\" \/>\n\t<meta property=\"og:image:width\" content=\"922\" \/>\n\t<meta property=\"og:image:height\" content=\"423\" \/>\n\t<meta property=\"og:image:type\" content=\"image\/jpeg\" \/>\n<meta name=\"twitter:card\" content=\"summary_large_image\" \/>\n<meta name=\"twitter:site\" content=\"@itafideiussioni\" \/>\n<meta name=\"twitter:label1\" content=\"Est. tempo de leitura\" \/>\n\t<meta name=\"twitter:data1\" content=\"2 minutos\" \/>\n<script type=\"application\/ld+json\" class=\"yoast-schema-graph\">{\"@context\":\"https:\\\/\\\/schema.org\",\"@graph\":[{\"@type\":\"WebPage\",\"@id\":\"https:\\\/\\\/www.italiafideiussioni.it\\\/pt-br\\\/contate-a-italia-fideiussioni\\\/\",\"url\":\"https:\\\/\\\/www.italiafideiussioni.it\\\/pt-br\\\/contate-a-italia-fideiussioni\\\/\",\"name\":\"Hor\u00e1rio de atendimento, telefone e e-mail | Italia Fideiussioni\",\"isPartOf\":{\"@id\":\"https:\\\/\\\/www.italiafideiussioni.it\\\/pt-br\\\/#website\"},\"primaryImageOfPage\":{\"@id\":\"https:\\\/\\\/www.italiafideiussioni.it\\\/pt-br\\\/contate-a-italia-fideiussioni\\\/#primaryimage\"},\"image\":{\"@id\":\"https:\\\/\\\/www.italiafideiussioni.it\\\/pt-br\\\/contate-a-italia-fideiussioni\\\/#primaryimage\"},\"thumbnailUrl\":\"https:\\\/\\\/www.italiafideiussioni.it\\\/wp-content\\\/uploads\\\/2018\\\/11\\\/italia-fideiussioni-istituzionale-2-e1541366226400.jpg\",\"datePublished\":\"2018-10-10T13:32:37+00:00\",\"dateModified\":\"2026-03-04T13:09:41+00:00\",\"description\":\"Voc\u00ea pode entrar em contato conosco por telefone, e-mail ou WhatsApp, ou agendar um atendimento em um de nossos escrit\u00f3rios em Firenze, Roma, Torino, Sanremo, Milano ou Santo Stefano.\",\"breadcrumb\":{\"@id\":\"https:\\\/\\\/www.italiafideiussioni.it\\\/pt-br\\\/contate-a-italia-fideiussioni\\\/#breadcrumb\"},\"inLanguage\":\"pt-BR\",\"potentialAction\":[{\"@type\":\"ReadAction\",\"target\":[\"https:\\\/\\\/www.italiafideiussioni.it\\\/pt-br\\\/contate-a-italia-fideiussioni\\\/\"]}]},{\"@type\":\"ImageObject\",\"inLanguage\":\"pt-BR\",\"@id\":\"https:\\\/\\\/www.italiafideiussioni.it\\\/pt-br\\\/contate-a-italia-fideiussioni\\\/#primaryimage\",\"url\":\"https:\\\/\\\/www.italiafideiussioni.it\\\/wp-content\\\/uploads\\\/2018\\\/11\\\/italia-fideiussioni-istituzionale-2-e1541366226400.jpg\",\"contentUrl\":\"https:\\\/\\\/www.italiafideiussioni.it\\\/wp-content\\\/uploads\\\/2018\\\/11\\\/italia-fideiussioni-istituzionale-2-e1541366226400.jpg\",\"width\":922,\"height\":423},{\"@type\":\"BreadcrumbList\",\"@id\":\"https:\\\/\\\/www.italiafideiussioni.it\\\/pt-br\\\/contate-a-italia-fideiussioni\\\/#breadcrumb\",\"itemListElement\":[{\"@type\":\"ListItem\",\"position\":1,\"name\":\"Home\",\"item\":\"https:\\\/\\\/www.italiafideiussioni.it\\\/pt-br\\\/\"},{\"@type\":\"ListItem\",\"position\":2,\"name\":\"Contate a Italia Fideiussioni\"}]},{\"@type\":\"WebSite\",\"@id\":\"https:\\\/\\\/www.italiafideiussioni.it\\\/pt-br\\\/#website\",\"url\":\"https:\\\/\\\/www.italiafideiussioni.it\\\/pt-br\\\/\",\"name\":\"Italia Fideiussioni\",\"description\":\"\",\"publisher\":{\"@id\":\"https:\\\/\\\/www.italiafideiussioni.it\\\/pt-br\\\/#organization\"},\"potentialAction\":[{\"@type\":\"SearchAction\",\"target\":{\"@type\":\"EntryPoint\",\"urlTemplate\":\"https:\\\/\\\/www.italiafideiussioni.it\\\/pt-br\\\/?s={search_term_string}\"},\"query-input\":{\"@type\":\"PropertyValueSpecification\",\"valueRequired\":true,\"valueName\":\"search_term_string\"}}],\"inLanguage\":\"pt-BR\"},{\"@type\":\"Organization\",\"@id\":\"https:\\\/\\\/www.italiafideiussioni.it\\\/pt-br\\\/#organization\",\"name\":\"Fideiussioni s.r.l.\",\"url\":\"https:\\\/\\\/www.italiafideiussioni.it\\\/pt-br\\\/\",\"logo\":{\"@type\":\"ImageObject\",\"inLanguage\":\"pt-BR\",\"@id\":\"https:\\\/\\\/www.italiafideiussioni.it\\\/pt-br\\\/#\\\/schema\\\/logo\\\/image\\\/\",\"url\":\"https:\\\/\\\/www.italiafideiussioni.it\\\/wp-content\\\/uploads\\\/2018\\\/10\\\/italiafideiussioni-logo-white.png\",\"contentUrl\":\"https:\\\/\\\/www.italiafideiussioni.it\\\/wp-content\\\/uploads\\\/2018\\\/10\\\/italiafideiussioni-logo-white.png\",\"width\":516,\"height\":97,\"caption\":\"Fideiussioni s.r.l.\"},\"image\":{\"@id\":\"https:\\\/\\\/www.italiafideiussioni.it\\\/pt-br\\\/#\\\/schema\\\/logo\\\/image\\\/\"},\"sameAs\":[\"https:\\\/\\\/www.facebook.com\\\/italiafideiussioni\\\/\",\"https:\\\/\\\/x.com\\\/itafideiussioni\",\"https:\\\/\\\/www.linkedin.com\\\/company\\\/italiafideiussioni-srl\\\/about\\\/\",\"https:\\\/\\\/www.youtube.com\\\/channel\\\/UC-OhbmM_pkAEKLqJ6nQbpjw\"]}]}<\/script>\n<!-- \/ Yoast SEO plugin. -->","yoast_head_json":{"title":"Hor\u00e1rio de atendimento, telefone e e-mail | Italia Fideiussioni","description":"Voc\u00ea pode entrar em contato conosco por telefone, e-mail ou WhatsApp, ou agendar um atendimento em um de nossos escrit\u00f3rios em Firenze, Roma, Torino, Sanremo, Milano ou Santo Stefano.","robots":{"index":"index","follow":"follow","max-snippet":"max-snippet:-1","max-image-preview":"max-image-preview:large","max-video-preview":"max-video-preview:-1"},"canonical":"https:\/\/www.italiafideiussioni.it\/pt-br\/contate-a-italia-fideiussioni\/","og_locale":"pt_BR","og_type":"article","og_title":"Hor\u00e1rio de atendimento, telefone e e-mail | Italia Fideiussioni","og_description":"Voc\u00ea pode entrar em contato conosco por telefone, e-mail ou WhatsApp, ou agendar um atendimento em um de nossos escrit\u00f3rios em Firenze, Roma, Torino, Sanremo, Milano ou Santo Stefano.","og_url":"https:\/\/www.italiafideiussioni.it\/pt-br\/contate-a-italia-fideiussioni\/","og_site_name":"Italia Fideiussioni","article_publisher":"https:\/\/www.facebook.com\/italiafideiussioni\/","article_modified_time":"2026-03-04T13:09:41+00:00","og_image":[{"width":922,"height":423,"url":"https:\/\/www.italiafideiussioni.it\/wp-content\/uploads\/2018\/11\/italia-fideiussioni-istituzionale-2-e1541366226400.jpg","type":"image\/jpeg"}],"twitter_card":"summary_large_image","twitter_site":"@itafideiussioni","twitter_misc":{"Est. tempo de leitura":"2 minutos"},"schema":{"@context":"https:\/\/schema.org","@graph":[{"@type":"WebPage","@id":"https:\/\/www.italiafideiussioni.it\/pt-br\/contate-a-italia-fideiussioni\/","url":"https:\/\/www.italiafideiussioni.it\/pt-br\/contate-a-italia-fideiussioni\/","name":"Hor\u00e1rio de atendimento, telefone e e-mail | Italia Fideiussioni","isPartOf":{"@id":"https:\/\/www.italiafideiussioni.it\/pt-br\/#website"},"primaryImageOfPage":{"@id":"https:\/\/www.italiafideiussioni.it\/pt-br\/contate-a-italia-fideiussioni\/#primaryimage"},"image":{"@id":"https:\/\/www.italiafideiussioni.it\/pt-br\/contate-a-italia-fideiussioni\/#primaryimage"},"thumbnailUrl":"https:\/\/www.italiafideiussioni.it\/wp-content\/uploads\/2018\/11\/italia-fideiussioni-istituzionale-2-e1541366226400.jpg","datePublished":"2018-10-10T13:32:37+00:00","dateModified":"2026-03-04T13:09:41+00:00","description":"Voc\u00ea pode entrar em contato conosco por telefone, e-mail ou WhatsApp, ou agendar um atendimento em um de nossos escrit\u00f3rios em Firenze, Roma, Torino, Sanremo, Milano ou Santo Stefano.","breadcrumb":{"@id":"https:\/\/www.italiafideiussioni.it\/pt-br\/contate-a-italia-fideiussioni\/#breadcrumb"},"inLanguage":"pt-BR","potentialAction":[{"@type":"ReadAction","target":["https:\/\/www.italiafideiussioni.it\/pt-br\/contate-a-italia-fideiussioni\/"]}]},{"@type":"ImageObject","inLanguage":"pt-BR","@id":"https:\/\/www.italiafideiussioni.it\/pt-br\/contate-a-italia-fideiussioni\/#primaryimage","url":"https:\/\/www.italiafideiussioni.it\/wp-content\/uploads\/2018\/11\/italia-fideiussioni-istituzionale-2-e1541366226400.jpg","contentUrl":"https:\/\/www.italiafideiussioni.it\/wp-content\/uploads\/2018\/11\/italia-fideiussioni-istituzionale-2-e1541366226400.jpg","width":922,"height":423},{"@type":"BreadcrumbList","@id":"https:\/\/www.italiafideiussioni.it\/pt-br\/contate-a-italia-fideiussioni\/#breadcrumb","itemListElement":[{"@type":"ListItem","position":1,"name":"Home","item":"https:\/\/www.italiafideiussioni.it\/pt-br\/"},{"@type":"ListItem","position":2,"name":"Contate a Italia Fideiussioni"}]},{"@type":"WebSite","@id":"https:\/\/www.italiafideiussioni.it\/pt-br\/#website","url":"https:\/\/www.italiafideiussioni.it\/pt-br\/","name":"Italia Fideiussioni","description":"","publisher":{"@id":"https:\/\/www.italiafideiussioni.it\/pt-br\/#organization"},"potentialAction":[{"@type":"SearchAction","target":{"@type":"EntryPoint","urlTemplate":"https:\/\/www.italiafideiussioni.it\/pt-br\/?s={search_term_string}"},"query-input":{"@type":"PropertyValueSpecification","valueRequired":true,"valueName":"search_term_string"}}],"inLanguage":"pt-BR"},{"@type":"Organization","@id":"https:\/\/www.italiafideiussioni.it\/pt-br\/#organization","name":"Fideiussioni s.r.l.","url":"https:\/\/www.italiafideiussioni.it\/pt-br\/","logo":{"@type":"ImageObject","inLanguage":"pt-BR","@id":"https:\/\/www.italiafideiussioni.it\/pt-br\/#\/schema\/logo\/image\/","url":"https:\/\/www.italiafideiussioni.it\/wp-content\/uploads\/2018\/10\/italiafideiussioni-logo-white.png","contentUrl":"https:\/\/www.italiafideiussioni.it\/wp-content\/uploads\/2018\/10\/italiafideiussioni-logo-white.png","width":516,"height":97,"caption":"Fideiussioni s.r.l."},"image":{"@id":"https:\/\/www.italiafideiussioni.it\/pt-br\/#\/schema\/logo\/image\/"},"sameAs":["https:\/\/www.facebook.com\/italiafideiussioni\/","https:\/\/x.com\/itafideiussioni","https:\/\/www.linkedin.com\/company\/italiafideiussioni-srl\/about\/","https:\/\/www.youtube.com\/channel\/UC-OhbmM_pkAEKLqJ6nQbpjw"]}]}},"_links":{"self":[{"href":"https:\/\/www.italiafideiussioni.it\/pt-br\/wp-json\/wp\/v2\/pages\/12726","targetHints":{"allow":["GET"]}}],"collection":[{"href":"https:\/\/www.italiafideiussioni.it\/pt-br\/wp-json\/wp\/v2\/pages"}],"about":[{"href":"https:\/\/www.italiafideiussioni.it\/pt-br\/wp-json\/wp\/v2\/types\/page"}],"author":[{"embeddable":true,"href":"https:\/\/www.italiafideiussioni.it\/pt-br\/wp-json\/wp\/v2\/users\/2"}],"replies":[{"embeddable":true,"href":"https:\/\/www.italiafideiussioni.it\/pt-br\/wp-json\/wp\/v2\/comments?post=12726"}],"version-history":[{"count":1,"href":"https:\/\/www.italiafideiussioni.it\/pt-br\/wp-json\/wp\/v2\/pages\/12726\/revisions"}],"predecessor-version":[{"id":12729,"href":"https:\/\/www.italiafideiussioni.it\/pt-br\/wp-json\/wp\/v2\/pages\/12726\/revisions\/12729"}],"wp:featuredmedia":[{"embeddable":true,"href":"https:\/\/www.italiafideiussioni.it\/pt-br\/wp-json\/wp\/v2\/media\/12728"}],"wp:attachment":[{"href":"https:\/\/www.italiafideiussioni.it\/pt-br\/wp-json\/wp\/v2\/media?parent=12726"}],"curies":[{"name":"wp","href":"https:\/\/api.w.org\/{rel}","templated":true}]}}