{"id":12722,"date":"2021-04-19T13:36:55","date_gmt":"2021-04-19T13:36:55","guid":{"rendered":"https:\/\/www.italiafideiussioni.it\/italia-fideiussioni\/"},"modified":"2026-03-26T11:36:25","modified_gmt":"2026-03-26T11:36:25","slug":"italia-fideiussioni","status":"publish","type":"page","link":"https:\/\/www.italiafideiussioni.it\/pt-br\/italia-fideiussioni\/","title":{"rendered":"Italia Fideiussioni"},"content":{"rendered":"<div class=\"wp-block-image\">\n<figure class=\"aligncenter\"><img decoding=\"async\" width=\"1024\" height=\"254\" src=\"https:\/\/www.italiafideiussioni.it\/wp-content\/uploads\/2018\/11\/italia-fideiussioni-chi-siamo-1024x254.jpg\" alt=\"\" class=\"wp-image-1153\" srcset=\"https:\/\/www.italiafideiussioni.it\/wp-content\/uploads\/2018\/11\/italia-fideiussioni-chi-siamo-1024x254.jpg 1024w, https:\/\/www.italiafideiussioni.it\/wp-content\/uploads\/2018\/11\/italia-fideiussioni-chi-siamo-300x74.jpg 300w, https:\/\/www.italiafideiussioni.it\/wp-content\/uploads\/2018\/11\/italia-fideiussioni-chi-siamo-768x191.jpg 768w, https:\/\/www.italiafideiussioni.it\/wp-content\/uploads\/2018\/11\/italia-fideiussioni-chi-siamo-150x37.jpg 150w, https:\/\/www.italiafideiussioni.it\/wp-content\/uploads\/2018\/11\/italia-fideiussioni-chi-siamo.jpg 1293w\" sizes=\"(max-width: 1024px) 100vw, 1024px\" \/><\/figure>\n<\/div>\n\n\n<p>Somos aqueles que encontram a garantia que voc\u00ea est\u00e1 procurando, mesmo quando outros j\u00e1 disseram que n\u00e3o.<\/p>\n\n\n\n<p>Com mais de <strong>30 anos de experi\u00eancia e milhares de clientes satisfeitos<\/strong>, sabemos como nos orientar entre normas, seguradoras e obst\u00e1culos burocr\u00e1ticos.<\/p>\n\n\n\n<p>Acompanhamos voc\u00ea <strong>passo a passo<\/strong>, com consultoria real, total transpar\u00eancia e comunica\u00e7\u00e3o clara em todas as fases do processo.<\/p>\n\n\n\n<p>E, acima de tudo: <strong>voc\u00ea paga somente se obtiver a garantia<\/strong>.<br>Sem surpresas, apenas solu\u00e7\u00f5es concretas.<\/p>\n\n\n\n<hr class=\"wp-block-separator has-alpha-channel-opacity\"\/>\n\n\n\n<p>A seguir apresentamos os <strong>dados identificativos da nossa empresa<\/strong>, intermedi\u00e1ria de seguros, bem como o n\u00famero e a data de inscri\u00e7\u00e3o no <strong>Registro \u00danico dos Intermedi\u00e1rios de Seguros e Resseguros (RUI) do IVASS<\/strong>.<\/p>\n\n\n\n<p><strong>Fideiussioni Assicurative s.r.l.s. \u2013 s\u00f3cio \u00fanico<\/strong><\/p>\n\n\n\n<p><strong>Sede Legal<\/strong><br>Via Alberto Tallone 84, 00123 ROMA<\/p>\n\n\n\n<p><strong>Sede Operacional<\/strong><br>Via Pier Capponi 87, 50132 FIRENZE<br>P.IVA 15444291007<\/p>\n\n\n\n<p>N\u00famero REA: RM \u20131590905<\/p>\n\n\n\n<p>Email: <a href=\"mailto:info@italiafideiussioni.it\" target=\"_blank\" rel=\"noopener noreferrer\">info@italiafideiussioni.it<\/a><\/p>\n\n\n\n<p>PEC : <a href=\"mailto:fideiussioniassicurative@pec.it\" target=\"_blank\" rel=\"noopener noreferrer\">fideiussioniassicurative@pec.it<\/a><br>Registro IVASS Se\u00e7\u00e3o A: A000646940<\/p>\n\n\n\n<p><strong>Respons\u00e1vel pela atividade IVASS<\/strong><br>AAutoriza\u00e7\u00e3o IVASS \u2013 RUI Se\u00e7\u00e3o A: IVASS RUI Sezione A: A000119133<br>Registrado desde 04.05.2007<br>Somos <strong>intermedi\u00e1rios sujeitos \u00e0 supervis\u00e3o do IVASS<\/strong>.<\/p>\n\n\n\n<hr class=\"wp-block-separator has-alpha-channel-opacity\"\/>\n\n\n\n<h4 class=\"wp-block-heading\"><b>Reclama\u00e7\u00f5es e Arbitragem de Seguros<\/b><\/h4>\n\n\n\n<p><span style=\"font-weight: 400;\">I<\/span>De acordo com a legisla\u00e7\u00e3o vigente e com os <strong>Provvedimenti IVASS n.\u00ba 160\/2025 e n.\u00ba 163\/2025<\/strong>, \u00e9 poss\u00edvel recorrer ao <strong>\u00c1rbitro de Seguros<\/strong> para a resolu\u00e7\u00e3o de controv\u00e9rsias no setor segurador.<\/p>\n\n\n\n<p>O <strong>\u00c1rbitro de Seguros<\/strong> \u00e9 um sistema de <strong>resolu\u00e7\u00e3o alternativa de lit\u00edgios (ADR)<\/strong> institu\u00eddo junto ao IVASS, que permite aos clientes obter uma decis\u00e3o <strong>imparcial e independente<\/strong>, sem recorrer \u00e0 autoridade judicial.<\/p>\n\n\n\n<p>O recurso ao \u00e1rbitro \u00e9 <strong>gratuito ou de baixo custo, simples e totalmente gerido online<\/strong>.<\/p>\n\n\n\n<p>Para mais informa\u00e7\u00f5es, consulte o <strong>Provvedimento IVASS n.\u00ba 163\/2025<\/strong> no <a href=\"https:\/\/www.ivass.it\/normativa\/nazionale\/secondaria-ivass\/normativi-provv\/2025\/provv-163\/index.html\" target=\"_blank\" rel=\"noreferrer noopener\">link oficial<\/a><\/p>\n\n\n\n<h4 class=\"wp-block-heading\">Quando \u00e9 poss\u00edvel recorrer ao \u00c1rbitro de Seguros<\/h4>\n\n\n\n<p>O cliente pode apresentar recurso ao \u00c1rbitro de Seguros quando:<\/p>\n\n\n\n<ul class=\"wp-block-list\">\n<li>j\u00e1 tiver apresentado uma <strong>reclama\u00e7\u00e3o escrita \u00e0 AMI Assistance<\/strong>;<\/li>\n\n\n\n<li>n\u00e3o tiver recebido resposta <strong>no prazo de 45 dias<\/strong>;<\/li>\n\n\n\n<li>considerar a resposta recebida <strong>insatisfat\u00f3ria<\/strong>.<\/li>\n<\/ul>\n\n\n\n<p>O recurso deve referir-se a controv\u00e9rsias relativas a:<\/p>\n\n\n\n<ul class=\"wp-block-list\">\n<li>contratos de seguros;<\/li>\n\n\n\n<li>presta\u00e7\u00f5es, liquida\u00e7\u00f5es ou recusas de indeniza\u00e7\u00e3o;<\/li>\n\n\n\n<li>comportamentos da empresa ou de intermedi\u00e1rios de seguros.<\/li>\n<\/ul>\n\n\n\n<p><b>Como apresentar uma reclama\u00e7\u00e3o \u00e0 Fideiussioni Assicurative Srls<\/b><\/p>\n\n\n\n<p>Antes de recorrer ao \u00c1rbitro de Seguros, o cliente deve enviar uma reclama\u00e7\u00e3o \u00e0 <strong>Fideiussioni Assicurative Srls<\/strong> atrav\u00e9s de:<\/p>\n\n\n\n<p>O segurado ou qualquer pessoa com direito pode apresentar <strong>reclama\u00e7\u00e3o por escrito<\/strong> ao agente por entrega em m\u00e3os, correio ou meio eletr\u00f4nico no seguinte endere\u00e7o:<\/p>\n\n\n\n<ul class=\"wp-block-list\">\n<li><span style=\"font-weight: 400;\">Fideiussioni Assicurative Srls<br>Via Pier Capponi 87, 50132 FIRENZE<br>Pec: <span style=\"font-weight: 400;\">fideiussioniassicurative@pec.it<\/span><\/span> <\/li>\n<\/ul>\n\n\n\n<p><b>Como ativar o \u00c1rbitro de Seguros<\/b><\/p>\n\n\n\n<p><span style=\"font-weight: 400;\">Caso a reclama\u00e7\u00e3o n\u00e3o tenha um resultado satisfat\u00f3rio, o cliente pode apresentar recurso diretamente <strong>online<\/strong>, atrav\u00e9s do portal oficial do IVASS dedicado ao \u00c1rbitro de Seguros: <\/span><a href=\"http:\/\/www.arbitroassicurativo.org\/\" target=\"_blank\" rel=\"noopener\"><i><span style=\"font-weight: 400;\">www.arbitroassicurativo.org<\/span><\/i><\/a><\/p>\n\n\n\n<p>Anexando:<\/p>\n\n\n\n<ul class=\"wp-block-list\">\n<li>c\u00f3pia da reclama\u00e7\u00e3o enviada \u00e0 empresa;<\/li>\n\n\n\n<li>eventual resposta recebida;<\/li>\n\n\n\n<li>documenta\u00e7\u00e3o de apoio ao pedido.<\/li>\n<\/ul>\n\n\n\n<p>Os procedimentos operacionais, prazos e compet\u00eancias do \u00e1rbitro s\u00e3o regulados pela legisla\u00e7\u00e3o IVASS vigente.<\/p>\n\n\n\n<figure class=\"wp-block-embed is-type-video is-provider-youtube wp-block-embed-youtube wp-embed-aspect-16-9 wp-has-aspect-ratio\"><div class=\"wp-block-embed__wrapper\">\n<div class=\"epyt-video-wrapper\"><iframe  id=\"_ytid_36235\"  width=\"480\" height=\"270\"  data-origwidth=\"480\" data-origheight=\"270\"  data-relstop=\"1\" src=\"https:\/\/www.youtube.com\/embed\/eWk1QJctJkI?enablejsapi=1&#038;autoplay=0&#038;cc_load_policy=0&#038;cc_lang_pref=&#038;iv_load_policy=3&#038;loop=0&#038;rel=0&#038;fs=1&#038;playsinline=0&#038;autohide=2&#038;theme=dark&#038;color=red&#038;controls=1&#038;disablekb=0&#038;\" class=\"__youtube_prefs__  epyt-is-override  no-lazyload\" title=\"YouTube player\"  allow=\"fullscreen; accelerometer; autoplay; clipboard-write; encrypted-media; gyroscope; picture-in-picture; web-share\" referrerpolicy=\"strict-origin-when-cross-origin\" allowfullscreen data-no-lazy=\"1\" data-skipgform_ajax_framebjll=\"\"><\/iframe><\/div>\n<\/div><\/figure>\n\n\n\n<hr class=\"wp-block-separator has-alpha-channel-opacity\"\/>\n\n\n\n<p>Consulte a <a href=\"https:\/\/www.italiafideiussioni.it\/legislazione-sullintermediazione-assicurativa\/\" target=\"_blank\" rel=\"noreferrer noopener\">documenta\u00e7\u00e3o relativa \u00e0 legisla\u00e7\u00e3o sobre intermedia\u00e7\u00e3o de seguros<\/a><\/p>\n\n\n\n<p><strong>Transpar\u00eancia:<\/strong> <a href=\"https:\/\/www.italiafideiussioni.it\/trasparenza\/\" target=\"_blank\" rel=\"noreferrer noopener\">Declara\u00e7\u00e3o sobre os principais efeitos negativos das consultorias em mat\u00e9ria de investimentos sobre fatores de sustentabilidade<\/a><\/p>\n\n\n\n<p>&nbsp;Quem somos<\/p>\n\n\n\n<p>A <strong>Fideiussioni Assicurative Srls<\/strong> \u00e9 uma empresa consolidada no setor de <strong>garantias e seguros garantia<\/strong>, especializada em fornecer solu\u00e7\u00f5es personalizadas e seguras para particulares e empresas.<\/p>\n\n\n\n<p>Temos orgulho de colaborar com a <strong>Broker Subito Srls<\/strong>, uma empresa de corretagem de seguros que faz parte do nosso grupo.<\/p>\n\n\n\n<p>A Broker Subito Srls nos apoia na oferta de uma <strong>ampla gama de solu\u00e7\u00f5es de seguros e consultoria personalizada<\/strong>, contribuindo para ampliar nossa oferta e garantir aos clientes um servi\u00e7o completo.<\/p>\n\n\n\n<hr class=\"wp-block-separator has-alpha-channel-opacity\"\/>\n\n\n\n<h2 class=\"wp-block-heading\">Colabora\u00e7\u00e3o com Broker Subito Srls<\/h2>\n\n\n\n<p>A <strong>Broker Subito Srls<\/strong> \u00e9 uma empresa especializada em corretagem de seguros que trabalha em sinergia com a <strong>Fideiussioni Assicurative Srls<\/strong> para oferecer aos nossos clientes as melhores op\u00e7\u00f5es dispon\u00edveis no mercado.<\/p>\n\n\n\n<p>A marca <strong>Italiafideiussioni<\/strong> \u00e9 utilizada gratuitamente por ambas as empresas, que operam atrav\u00e9s do mesmo site:<\/p>\n\n\n\n<p><strong>italiafideiussioni.it<\/strong><\/p>\n\n\n\n<p>Gra\u00e7as a essa colabora\u00e7\u00e3o, podemos garantir acesso a <strong>produtos de seguros diversificados e competitivos<\/strong>, ajudando cada cliente a encontrar a solu\u00e7\u00e3o mais adequada \u00e0s suas necessidades.<\/p>\n\n\n\n<p>Essa sinergia permite ampliar ainda mais nossas possibilidades de assist\u00eancia e <strong>simplificar o acesso a garantias e servi\u00e7os de seguros<\/strong>, oferecendo consultoria completa baseada em compet\u00eancia e confiabilidade.<\/p>\n\n\n\n<p>Para mais informa\u00e7\u00f5es sobre a <strong>Broker Subito Srls<\/strong> e os servi\u00e7os que oferecemos em conjunto, n\u00e3o hesite em entrar em contato conosco.<\/p>\n\n\n\n<p>Nossa miss\u00e3o \u00e9 <strong>tornar os processos de seguros e garantias o mais simples e transparentes poss\u00edvel<\/strong>, permitindo que nossos clientes se sintam sempre protegidos e seguros.<\/p>\n\n\n\n<hr class=\"wp-block-separator has-alpha-channel-opacity\"\/>\n\n\n\n<h2 class=\"wp-block-heading\">Marca Italiafideiussioni<\/h2>\n\n\n\n<p><strong>Italiafideiussioni<\/strong> \u00e9 uma marca utilizada tanto pela empresa <strong>Fideiussioni Assicurative Srls<\/strong> quanto pela <strong>Broker Subito Srls<\/strong>, al\u00e9m de ser tamb\u00e9m o nome do nosso site.<\/p>\n\n\n\n<p>A seguir apresentamos os dados da empresa de corretagem:<\/p>\n\n\n\n<hr class=\"wp-block-separator has-alpha-channel-opacity\"\/>\n\n\n\n<h2 class=\"wp-block-heading\">BROKERSUBITO<\/h2>\n\n\n\n<p>Sociedade de Responsabilidade Limitada Simplificada<\/p>\n\n\n\n<p><strong>Autoriza\u00e7\u00e3o IVASS<\/strong><\/p>\n\n\n\n<p>Registro IVASS Se\u00e7\u00e3o B: <strong>B000674688 de 22.01.2021<\/strong><\/p>\n\n\n\n<hr class=\"wp-block-separator has-alpha-channel-opacity\"\/>\n\n\n\n<h3 class=\"wp-block-heading\">Respons\u00e1vel pela atividade de intermedia\u00e7\u00e3o<\/h3>\n\n\n\n<p><strong>Francesco Carovani<\/strong><br>Registrado na Se\u00e7\u00e3o B do RUI n\u00ba <strong>B000131685<\/strong> desde <strong>09.01.2007<\/strong><\/p>\n\n\n\n<hr class=\"wp-block-separator has-alpha-channel-opacity\"\/>\n\n\n\n<h3 class=\"wp-block-heading\">Sede legal e operacional<\/h3>\n\n\n\n<p>Via Pier Capponi 87<br>50132 Firenze \u2013 It\u00e1lia<\/p>\n\n\n\n<p>PEC: <a>brokersubito@pec.it<\/a><\/p>\n\n\n\n<p>P.IVA: 07054810481<br>C\u00f3digo Fiscal: 07054810481<\/p>\n\n\n\n<p>Registro na C\u00e2mara de Com\u00e9rcio de Firenze: 07054810481<br>N\u00famero REA: FI \u2013 676376<\/p>\n\n\n\n<p>Telefone: +39 055 49.32.199<\/p>\n\n\n\n<hr class=\"wp-block-separator has-alpha-channel-opacity\"\/>\n\n\n\n<h2 class=\"wp-block-heading\">Reclama\u00e7\u00f5es<\/h2>\n\n\n\n<p>O segurado ou qualquer pessoa com direito pode apresentar <strong>reclama\u00e7\u00e3o por escrito ao corretor<\/strong>, mediante entrega em m\u00e3os, correio ou meio eletr\u00f4nico no seguinte endere\u00e7o:<\/p>\n\n\n\n<p><strong>Brokersubito Srls<\/strong><br>Via Pier Capponi 87<br>50132 FIRENZE \u2013 It\u00e1lia<\/p>\n\n\n\n<p>PEC: <a>brokersubito@pec.it<\/a><\/p>\n\n\n\n<p>Caso o cliente n\u00e3o esteja satisfeito com o resultado da reclama\u00e7\u00e3o ou n\u00e3o receba resposta <strong>no prazo de 45 dias<\/strong>, poder\u00e1 recorrer ao:<\/p>\n\n\n\n<p><strong>IVASS \u2013 Servizio Vigilanza Intermediari<\/strong><br>Via del Quirinale 21<br>00187 Roma \u2013 It\u00e1lia<\/p>\n\n\n\n<p>Anexando a documenta\u00e7\u00e3o relativa \u00e0 reclama\u00e7\u00e3o j\u00e1 apresentada ao intermedi\u00e1rio.<\/p>\n\n\n\n<h3 class=\"wp-block-heading\"><b>Contate-nos<\/b><\/h3>\n\n\n\n<p><span style=\"font-weight: 400;\">Caso encontre <strong>informa\u00e7\u00f5es incorretas em nosso site<\/strong>, pedimos que nos informe enviando um e-mail para:<\/span> <a href=\"mailto:info@italiafideiussioni.it\"><span style=\"font-weight: 400;\">info@italiafideiussioni.it<\/span><\/a><span style=\"font-weight: 400;\"> Isso nos ajudar\u00e1 a evitar que informa\u00e7\u00f5es imprecisas possam induzir terceiros a erro.<\/span><\/p>\n","protected":false},"excerpt":{"rendered":"<p>Somos aqueles que encontram a garantia que voc\u00ea est\u00e1 procurando, mesmo quando outros j\u00e1 disseram que n\u00e3o. Com mais de 30 anos de experi\u00eancia e milhares de clientes satisfeitos, sabemos como nos orientar entre normas, seguradoras e obst\u00e1culos burocr\u00e1ticos. Acompanhamos voc\u00ea passo a passo, com consultoria real, total transpar\u00eancia e comunica\u00e7\u00e3o clara em todas as [&hellip;]<\/p>\n","protected":false},"author":2,"featured_media":0,"parent":0,"menu_order":0,"comment_status":"closed","ping_status":"closed","template":"templates-custom\/tpl-pagina-istituzionale.php","meta":{"_acf_changed":false,"_yoast_wpseo_focuskw":"","_yoast_wpseo_title":"Seguradores profissionais h\u00e1 mais de 30 anos | Italia Fideiussioni","_yoast_wpseo_metadesc":"Somos um grupo de seguradores profissionais com mais de 30 anos de experi\u00eancia no setor. Todos os anos conseguimos resolver 97% dos pedidos que recebemos.","_yoast_wpseo_meta-robots-noindex":"","_yoast_wpseo_meta-robots-nofollow":"","_yoast_wpseo_canonical":"","_yoast_wpseo_opengraph-title":"","_yoast_wpseo_opengraph-description":"","_yoast_wpseo_opengraph-image":"","_yoast_wpseo_opengraph-image-id":"","_yoast_wpseo_twitter-title":"","_yoast_wpseo_twitter-description":"","_yoast_wpseo_twitter-image":"","footnotes":""},"class_list":["post-12722","page","type-page","status-publish","hentry"],"acf":{"macroarea_servizi":"","blocco_iniziale":""},"yoast_head":"<!-- This site is optimized with the Yoast SEO plugin v27.4 - https:\/\/yoast.com\/product\/yoast-seo-wordpress\/ -->\n<title>Seguradores profissionais h\u00e1 mais de 30 anos | Italia Fideiussioni<\/title>\n<meta name=\"description\" content=\"Somos um grupo de seguradores profissionais com mais de 30 anos de experi\u00eancia no setor. Todos os anos conseguimos resolver 97% dos pedidos que recebemos.\" \/>\n<meta name=\"robots\" content=\"index, follow, max-snippet:-1, max-image-preview:large, max-video-preview:-1\" \/>\n<link rel=\"canonical\" href=\"https:\/\/www.italiafideiussioni.it\/pt-br\/italia-fideiussioni\/\" \/>\n<meta property=\"og:locale\" content=\"pt_BR\" \/>\n<meta property=\"og:type\" content=\"article\" \/>\n<meta property=\"og:title\" content=\"Seguradores profissionais h\u00e1 mais de 30 anos | Italia Fideiussioni\" \/>\n<meta property=\"og:description\" content=\"Somos um grupo de seguradores profissionais com mais de 30 anos de experi\u00eancia no setor. Todos os anos conseguimos resolver 97% dos pedidos que recebemos.\" \/>\n<meta property=\"og:url\" content=\"https:\/\/www.italiafideiussioni.it\/pt-br\/italia-fideiussioni\/\" \/>\n<meta property=\"og:site_name\" content=\"Italia Fideiussioni\" \/>\n<meta property=\"article:publisher\" content=\"https:\/\/www.facebook.com\/italiafideiussioni\/\" \/>\n<meta property=\"article:modified_time\" content=\"2026-03-26T11:36:25+00:00\" \/>\n<meta property=\"og:image\" content=\"https:\/\/www.italiafideiussioni.it\/wp-content\/uploads\/2018\/11\/italia-fideiussioni-chi-siamo.jpg\" \/>\n\t<meta property=\"og:image:width\" content=\"1293\" \/>\n\t<meta property=\"og:image:height\" content=\"321\" \/>\n\t<meta property=\"og:image:type\" content=\"image\/jpeg\" \/>\n<meta name=\"twitter:card\" content=\"summary_large_image\" \/>\n<meta name=\"twitter:site\" content=\"@itafideiussioni\" \/>\n<meta name=\"twitter:label1\" content=\"Est. tempo de leitura\" \/>\n\t<meta name=\"twitter:data1\" content=\"6 minutos\" \/>\n<script type=\"application\/ld+json\" class=\"yoast-schema-graph\">{\"@context\":\"https:\\\/\\\/schema.org\",\"@graph\":[{\"@type\":\"WebPage\",\"@id\":\"https:\\\/\\\/www.italiafideiussioni.it\\\/pt-br\\\/italia-fideiussioni\\\/\",\"url\":\"https:\\\/\\\/www.italiafideiussioni.it\\\/pt-br\\\/italia-fideiussioni\\\/\",\"name\":\"Seguradores profissionais h\u00e1 mais de 30 anos | Italia Fideiussioni\",\"isPartOf\":{\"@id\":\"https:\\\/\\\/www.italiafideiussioni.it\\\/pt-br\\\/#website\"},\"primaryImageOfPage\":{\"@id\":\"https:\\\/\\\/www.italiafideiussioni.it\\\/pt-br\\\/italia-fideiussioni\\\/#primaryimage\"},\"image\":{\"@id\":\"https:\\\/\\\/www.italiafideiussioni.it\\\/pt-br\\\/italia-fideiussioni\\\/#primaryimage\"},\"thumbnailUrl\":\"https:\\\/\\\/www.italiafideiussioni.it\\\/wp-content\\\/uploads\\\/2018\\\/11\\\/italia-fideiussioni-chi-siamo-1024x254.jpg\",\"datePublished\":\"2021-04-19T13:36:55+00:00\",\"dateModified\":\"2026-03-26T11:36:25+00:00\",\"description\":\"Somos um grupo de seguradores profissionais com mais de 30 anos de experi\u00eancia no setor. Todos os anos conseguimos resolver 97% dos pedidos que recebemos.\",\"breadcrumb\":{\"@id\":\"https:\\\/\\\/www.italiafideiussioni.it\\\/pt-br\\\/italia-fideiussioni\\\/#breadcrumb\"},\"inLanguage\":\"pt-BR\",\"potentialAction\":[{\"@type\":\"ReadAction\",\"target\":[\"https:\\\/\\\/www.italiafideiussioni.it\\\/pt-br\\\/italia-fideiussioni\\\/\"]}]},{\"@type\":\"ImageObject\",\"inLanguage\":\"pt-BR\",\"@id\":\"https:\\\/\\\/www.italiafideiussioni.it\\\/pt-br\\\/italia-fideiussioni\\\/#primaryimage\",\"url\":\"https:\\\/\\\/www.italiafideiussioni.it\\\/wp-content\\\/uploads\\\/2018\\\/11\\\/italia-fideiussioni-chi-siamo-1024x254.jpg\",\"contentUrl\":\"https:\\\/\\\/www.italiafideiussioni.it\\\/wp-content\\\/uploads\\\/2018\\\/11\\\/italia-fideiussioni-chi-siamo-1024x254.jpg\"},{\"@type\":\"BreadcrumbList\",\"@id\":\"https:\\\/\\\/www.italiafideiussioni.it\\\/pt-br\\\/italia-fideiussioni\\\/#breadcrumb\",\"itemListElement\":[{\"@type\":\"ListItem\",\"position\":1,\"name\":\"Home\",\"item\":\"https:\\\/\\\/www.italiafideiussioni.it\\\/pt-br\\\/\"},{\"@type\":\"ListItem\",\"position\":2,\"name\":\"Italia Fideiussioni\"}]},{\"@type\":\"WebSite\",\"@id\":\"https:\\\/\\\/www.italiafideiussioni.it\\\/pt-br\\\/#website\",\"url\":\"https:\\\/\\\/www.italiafideiussioni.it\\\/pt-br\\\/\",\"name\":\"Italia Fideiussioni\",\"description\":\"\",\"publisher\":{\"@id\":\"https:\\\/\\\/www.italiafideiussioni.it\\\/pt-br\\\/#organization\"},\"potentialAction\":[{\"@type\":\"SearchAction\",\"target\":{\"@type\":\"EntryPoint\",\"urlTemplate\":\"https:\\\/\\\/www.italiafideiussioni.it\\\/pt-br\\\/?s={search_term_string}\"},\"query-input\":{\"@type\":\"PropertyValueSpecification\",\"valueRequired\":true,\"valueName\":\"search_term_string\"}}],\"inLanguage\":\"pt-BR\"},{\"@type\":\"Organization\",\"@id\":\"https:\\\/\\\/www.italiafideiussioni.it\\\/pt-br\\\/#organization\",\"name\":\"Fideiussioni s.r.l.\",\"url\":\"https:\\\/\\\/www.italiafideiussioni.it\\\/pt-br\\\/\",\"logo\":{\"@type\":\"ImageObject\",\"inLanguage\":\"pt-BR\",\"@id\":\"https:\\\/\\\/www.italiafideiussioni.it\\\/pt-br\\\/#\\\/schema\\\/logo\\\/image\\\/\",\"url\":\"https:\\\/\\\/www.italiafideiussioni.it\\\/wp-content\\\/uploads\\\/2018\\\/10\\\/italiafideiussioni-logo-white.png\",\"contentUrl\":\"https:\\\/\\\/www.italiafideiussioni.it\\\/wp-content\\\/uploads\\\/2018\\\/10\\\/italiafideiussioni-logo-white.png\",\"width\":516,\"height\":97,\"caption\":\"Fideiussioni s.r.l.\"},\"image\":{\"@id\":\"https:\\\/\\\/www.italiafideiussioni.it\\\/pt-br\\\/#\\\/schema\\\/logo\\\/image\\\/\"},\"sameAs\":[\"https:\\\/\\\/www.facebook.com\\\/italiafideiussioni\\\/\",\"https:\\\/\\\/x.com\\\/itafideiussioni\",\"https:\\\/\\\/www.linkedin.com\\\/company\\\/italiafideiussioni-srl\\\/about\\\/\",\"https:\\\/\\\/www.youtube.com\\\/channel\\\/UC-OhbmM_pkAEKLqJ6nQbpjw\"]}]}<\/script>\n<!-- \/ Yoast SEO plugin. -->","yoast_head_json":{"title":"Seguradores profissionais h\u00e1 mais de 30 anos | Italia Fideiussioni","description":"Somos um grupo de seguradores profissionais com mais de 30 anos de experi\u00eancia no setor. Todos os anos conseguimos resolver 97% dos pedidos que recebemos.","robots":{"index":"index","follow":"follow","max-snippet":"max-snippet:-1","max-image-preview":"max-image-preview:large","max-video-preview":"max-video-preview:-1"},"canonical":"https:\/\/www.italiafideiussioni.it\/pt-br\/italia-fideiussioni\/","og_locale":"pt_BR","og_type":"article","og_title":"Seguradores profissionais h\u00e1 mais de 30 anos | Italia Fideiussioni","og_description":"Somos um grupo de seguradores profissionais com mais de 30 anos de experi\u00eancia no setor. Todos os anos conseguimos resolver 97% dos pedidos que recebemos.","og_url":"https:\/\/www.italiafideiussioni.it\/pt-br\/italia-fideiussioni\/","og_site_name":"Italia Fideiussioni","article_publisher":"https:\/\/www.facebook.com\/italiafideiussioni\/","article_modified_time":"2026-03-26T11:36:25+00:00","og_image":[{"width":1293,"height":321,"url":"https:\/\/www.italiafideiussioni.it\/wp-content\/uploads\/2018\/11\/italia-fideiussioni-chi-siamo.jpg","type":"image\/jpeg"}],"twitter_card":"summary_large_image","twitter_site":"@itafideiussioni","twitter_misc":{"Est. tempo de leitura":"6 minutos"},"schema":{"@context":"https:\/\/schema.org","@graph":[{"@type":"WebPage","@id":"https:\/\/www.italiafideiussioni.it\/pt-br\/italia-fideiussioni\/","url":"https:\/\/www.italiafideiussioni.it\/pt-br\/italia-fideiussioni\/","name":"Seguradores profissionais h\u00e1 mais de 30 anos | Italia Fideiussioni","isPartOf":{"@id":"https:\/\/www.italiafideiussioni.it\/pt-br\/#website"},"primaryImageOfPage":{"@id":"https:\/\/www.italiafideiussioni.it\/pt-br\/italia-fideiussioni\/#primaryimage"},"image":{"@id":"https:\/\/www.italiafideiussioni.it\/pt-br\/italia-fideiussioni\/#primaryimage"},"thumbnailUrl":"https:\/\/www.italiafideiussioni.it\/wp-content\/uploads\/2018\/11\/italia-fideiussioni-chi-siamo-1024x254.jpg","datePublished":"2021-04-19T13:36:55+00:00","dateModified":"2026-03-26T11:36:25+00:00","description":"Somos um grupo de seguradores profissionais com mais de 30 anos de experi\u00eancia no setor. Todos os anos conseguimos resolver 97% dos pedidos que recebemos.","breadcrumb":{"@id":"https:\/\/www.italiafideiussioni.it\/pt-br\/italia-fideiussioni\/#breadcrumb"},"inLanguage":"pt-BR","potentialAction":[{"@type":"ReadAction","target":["https:\/\/www.italiafideiussioni.it\/pt-br\/italia-fideiussioni\/"]}]},{"@type":"ImageObject","inLanguage":"pt-BR","@id":"https:\/\/www.italiafideiussioni.it\/pt-br\/italia-fideiussioni\/#primaryimage","url":"https:\/\/www.italiafideiussioni.it\/wp-content\/uploads\/2018\/11\/italia-fideiussioni-chi-siamo-1024x254.jpg","contentUrl":"https:\/\/www.italiafideiussioni.it\/wp-content\/uploads\/2018\/11\/italia-fideiussioni-chi-siamo-1024x254.jpg"},{"@type":"BreadcrumbList","@id":"https:\/\/www.italiafideiussioni.it\/pt-br\/italia-fideiussioni\/#breadcrumb","itemListElement":[{"@type":"ListItem","position":1,"name":"Home","item":"https:\/\/www.italiafideiussioni.it\/pt-br\/"},{"@type":"ListItem","position":2,"name":"Italia Fideiussioni"}]},{"@type":"WebSite","@id":"https:\/\/www.italiafideiussioni.it\/pt-br\/#website","url":"https:\/\/www.italiafideiussioni.it\/pt-br\/","name":"Italia Fideiussioni","description":"","publisher":{"@id":"https:\/\/www.italiafideiussioni.it\/pt-br\/#organization"},"potentialAction":[{"@type":"SearchAction","target":{"@type":"EntryPoint","urlTemplate":"https:\/\/www.italiafideiussioni.it\/pt-br\/?s={search_term_string}"},"query-input":{"@type":"PropertyValueSpecification","valueRequired":true,"valueName":"search_term_string"}}],"inLanguage":"pt-BR"},{"@type":"Organization","@id":"https:\/\/www.italiafideiussioni.it\/pt-br\/#organization","name":"Fideiussioni s.r.l.","url":"https:\/\/www.italiafideiussioni.it\/pt-br\/","logo":{"@type":"ImageObject","inLanguage":"pt-BR","@id":"https:\/\/www.italiafideiussioni.it\/pt-br\/#\/schema\/logo\/image\/","url":"https:\/\/www.italiafideiussioni.it\/wp-content\/uploads\/2018\/10\/italiafideiussioni-logo-white.png","contentUrl":"https:\/\/www.italiafideiussioni.it\/wp-content\/uploads\/2018\/10\/italiafideiussioni-logo-white.png","width":516,"height":97,"caption":"Fideiussioni s.r.l."},"image":{"@id":"https:\/\/www.italiafideiussioni.it\/pt-br\/#\/schema\/logo\/image\/"},"sameAs":["https:\/\/www.facebook.com\/italiafideiussioni\/","https:\/\/x.com\/itafideiussioni","https:\/\/www.linkedin.com\/company\/italiafideiussioni-srl\/about\/","https:\/\/www.youtube.com\/channel\/UC-OhbmM_pkAEKLqJ6nQbpjw"]}]}},"_links":{"self":[{"href":"https:\/\/www.italiafideiussioni.it\/pt-br\/wp-json\/wp\/v2\/pages\/12722","targetHints":{"allow":["GET"]}}],"collection":[{"href":"https:\/\/www.italiafideiussioni.it\/pt-br\/wp-json\/wp\/v2\/pages"}],"about":[{"href":"https:\/\/www.italiafideiussioni.it\/pt-br\/wp-json\/wp\/v2\/types\/page"}],"author":[{"embeddable":true,"href":"https:\/\/www.italiafideiussioni.it\/pt-br\/wp-json\/wp\/v2\/users\/2"}],"replies":[{"embeddable":true,"href":"https:\/\/www.italiafideiussioni.it\/pt-br\/wp-json\/wp\/v2\/comments?post=12722"}],"version-history":[{"count":3,"href":"https:\/\/www.italiafideiussioni.it\/pt-br\/wp-json\/wp\/v2\/pages\/12722\/revisions"}],"predecessor-version":[{"id":12977,"href":"https:\/\/www.italiafideiussioni.it\/pt-br\/wp-json\/wp\/v2\/pages\/12722\/revisions\/12977"}],"wp:attachment":[{"href":"https:\/\/www.italiafideiussioni.it\/pt-br\/wp-json\/wp\/v2\/media?parent=12722"}],"curies":[{"name":"wp","href":"https:\/\/api.w.org\/{rel}","templated":true}]}}