{"id":12677,"date":"2023-02-10T15:21:00","date_gmt":"2023-02-10T15:21:00","guid":{"rendered":"https:\/\/www.italiafideiussioni.it\/home-page-2013\/"},"modified":"2026-03-11T07:45:06","modified_gmt":"2026-03-11T07:45:06","slug":"home-page-2013","status":"publish","type":"page","link":"https:\/\/www.italiafideiussioni.it\/pt-br\/","title":{"rendered":"Garantias financeiras na It\u00e1lia para empresas e investidores estrangeiros"},"content":{"rendered":"\n<div class=\"gb-grid-wrapper gb-grid-wrapper-0b18fd28 gb-query-loop-wrapper\">\n<div class=\"gb-grid-column gb-grid-column-654ba624 gb-query-loop-item post-12956 post type-post status-publish format-standard has-post-thumbnail hentry category-sem-categoria\"><div class=\"gb-container gb-container-654ba624\">\n<div class=\"gb-grid-wrapper gb-grid-wrapper-7b44aab4\">\n<div class=\"gb-grid-column gb-grid-column-f39ebc8d\"><div class=\"gb-container gb-container-f39ebc8d\">\n<figure class=\"gb-block-image gb-block-image-45e8e2ff\"><img decoding=\"async\" width=\"150\" height=\"150\" src=\"https:\/\/www.italiafideiussioni.it\/wp-content\/uploads\/2026\/03\/sentenza-tar-lazio-garanzia-vies-2026-150x150.jpg\" class=\"gb-image-45e8e2ff\" alt=\"Statua della Giustizia - sentenza TAR Lazio 4986\/2026 garanzia VIES 50.000 euro\" srcset=\"https:\/\/www.italiafideiussioni.it\/wp-content\/uploads\/2026\/03\/sentenza-tar-lazio-garanzia-vies-2026-150x150.jpg 150w, https:\/\/www.italiafideiussioni.it\/wp-content\/uploads\/2026\/03\/sentenza-tar-lazio-garanzia-vies-2026-300x300.jpg 300w\" sizes=\"(max-width: 150px) 100vw, 150px\" \/><\/figure>\n<\/div><\/div>\n\n<div class=\"gb-grid-column gb-grid-column-ca940cf7\"><div class=\"gb-container gb-container-ca940cf7\">\n<p class=\"gb-headline gb-headline-80bafd6f\"><span class=\"gb-icon\"><svg viewbox=\"0 0 448 512\" xmlns=\"http:\/\/www.w3.org\/2000\/svg\"><path d=\"M120 0c13.3 0 24 10.7 24 24l0 40 160 0 0-40c0-13.3 10.7-24 24-24s24 10.7 24 24l0 40 32 0c35.3 0 64 28.7 64 64l0 288c0 35.3-28.7 64-64 64L64 480c-35.3 0-64-28.7-64-64L0 128C0 92.7 28.7 64 64 64l32 0 0-40c0-13.3 10.7-24 24-24zm0 112l-56 0c-8.8 0-16 7.2-16 16l0 48 352 0 0-48c0-8.8-7.2-16-16-16l-264 0zM48 224l0 192c0 8.8 7.2 16 16 16l320 0c8.8 0 16-7.2 16-16l0-192-352 0z\"><\/path><\/svg><\/span><span class=\"gb-headline-text\"><time class=\"entry-date published\" datetime=\"2026-03-21T17:38:25+00:00\">21 de mar\u00e7o de 2026<\/time><\/span><\/p>\n\n<h2 class=\"gb-headline gb-headline-829ce05c gb-headline-text\"><a href=\"https:\/\/www.italiafideiussioni.it\/pt-br\/decisao-tar-lazio-4986-2026-garantia-vies-confirmada\/\">Decis\u00e3o TAR Lazio 4986\/2026: a garantia VIES de 50.000 euros \u00e9 confirmada definitivamente<\/a><\/h2>\n\n<div class=\"gb-headline gb-headline-4c0c4e17 gb-headline-text\">O TAR Lazio rejeita o recurso contra a obriga\u00e7\u00e3o de garantia VIES de 50.000 euros. A decis\u00e3o n.\u00ba 4986\/2026 torna este requisito definitivo para todas as empresas extra-UE que operam na It\u00e1lia.<\/div>\n<\/div><\/div>\n<\/div>\n<\/div><\/div>\n\n<div class=\"gb-grid-column gb-grid-column-654ba624 gb-query-loop-item post-11318 post type-post status-publish format-standard has-post-thumbnail hentry category-news\"><div class=\"gb-container gb-container-654ba624\">\n<div class=\"gb-grid-wrapper gb-grid-wrapper-7b44aab4\">\n<div class=\"gb-grid-column gb-grid-column-f39ebc8d\"><div class=\"gb-container gb-container-f39ebc8d\">\n<figure class=\"gb-block-image gb-block-image-45e8e2ff\"><img decoding=\"async\" width=\"150\" height=\"150\" src=\"https:\/\/www.italiafideiussioni.it\/wp-content\/uploads\/2025\/08\/vies-portogallo-2-150x150.jpg\" class=\"gb-image-45e8e2ff\" alt=\"Como obter a fian\u00e7a para o representante fiscal\" srcset=\"https:\/\/www.italiafideiussioni.it\/wp-content\/uploads\/2025\/08\/vies-portogallo-2-150x150.jpg 150w, https:\/\/www.italiafideiussioni.it\/wp-content\/uploads\/2025\/08\/vies-portogallo-2-300x300.jpg 300w\" sizes=\"(max-width: 150px) 100vw, 150px\" \/><\/figure>\n<\/div><\/div>\n\n<div class=\"gb-grid-column gb-grid-column-ca940cf7\"><div class=\"gb-container gb-container-ca940cf7\">\n<p class=\"gb-headline gb-headline-80bafd6f\"><span class=\"gb-icon\"><svg viewbox=\"0 0 448 512\" xmlns=\"http:\/\/www.w3.org\/2000\/svg\"><path d=\"M120 0c13.3 0 24 10.7 24 24l0 40 160 0 0-40c0-13.3 10.7-24 24-24s24 10.7 24 24l0 40 32 0c35.3 0 64 28.7 64 64l0 288c0 35.3-28.7 64-64 64L64 480c-35.3 0-64-28.7-64-64L0 128C0 92.7 28.7 64 64 64l32 0 0-40c0-13.3 10.7-24 24-24zm0 112l-56 0c-8.8 0-16 7.2-16 16l0 48 352 0 0-48c0-8.8-7.2-16-16-16l-264 0zM48 224l0 192c0 8.8 7.2 16 16 16l320 0c8.8 0 16-7.2 16-16l0-192-352 0z\"><\/path><\/svg><\/span><span class=\"gb-headline-text\"><time class=\"entry-date published\" datetime=\"2025-09-02T09:40:01+00:00\">2 de setembro de 2025<\/time><\/span><\/p>\n\n<h2 class=\"gb-headline gb-headline-829ce05c gb-headline-text\"><a href=\"https:\/\/www.italiafideiussioni.it\/pt-br\/como-obter-fianca-para-representante-fiscal-guia-operadores-extra-ue\/\">Como obter a fian\u00e7a para o representante fiscal: guia para operadores extra-UE<\/a><\/h2>\n\n<div class=\"gb-headline gb-headline-4c0c4e17 gb-headline-text\">Se voc\u00ea \u00e9 uma empresa de fora da Uni\u00e3o Europeia que deseja vender ou comprar bens e servi\u00e7os dentro da UE utilizando um representante fiscal na It\u00e1lia, a partir de [&hellip;]<\/div>\n<\/div><\/div>\n<\/div>\n<\/div><\/div>\n\n<div class=\"gb-grid-column gb-grid-column-654ba624 gb-query-loop-item post-5661 post type-post status-publish format-standard has-post-thumbnail hentry category-news\"><div class=\"gb-container gb-container-654ba624\">\n<div class=\"gb-grid-wrapper gb-grid-wrapper-7b44aab4\">\n<div class=\"gb-grid-column gb-grid-column-f39ebc8d\"><div class=\"gb-container gb-container-f39ebc8d\">\n<figure class=\"gb-block-image gb-block-image-45e8e2ff\"><img decoding=\"async\" width=\"150\" height=\"150\" src=\"https:\/\/www.italiafideiussioni.it\/wp-content\/uploads\/2023\/10\/flussi-decreto23-25-150x150.jpg\" class=\"gb-image-45e8e2ff\" alt=\"donna di spalle al telefono, primo piano della testa, che si informa sul decreto flussi 2023\" srcset=\"https:\/\/www.italiafideiussioni.it\/wp-content\/uploads\/2023\/10\/flussi-decreto23-25-150x150.jpg 150w, https:\/\/www.italiafideiussioni.it\/wp-content\/uploads\/2023\/10\/flussi-decreto23-25-300x300.jpg 300w\" sizes=\"(max-width: 150px) 100vw, 150px\" \/><\/figure>\n<\/div><\/div>\n\n<div class=\"gb-grid-column gb-grid-column-ca940cf7\"><div class=\"gb-container gb-container-ca940cf7\">\n<p class=\"gb-headline gb-headline-80bafd6f\"><span class=\"gb-icon\"><svg viewbox=\"0 0 448 512\" xmlns=\"http:\/\/www.w3.org\/2000\/svg\"><path d=\"M120 0c13.3 0 24 10.7 24 24l0 40 160 0 0-40c0-13.3 10.7-24 24-24s24 10.7 24 24l0 40 32 0c35.3 0 64 28.7 64 64l0 288c0 35.3-28.7 64-64 64L64 480c-35.3 0-64-28.7-64-64L0 128C0 92.7 28.7 64 64 64l32 0 0-40c0-13.3 10.7-24 24-24zm0 112l-56 0c-8.8 0-16 7.2-16 16l0 48 352 0 0-48c0-8.8-7.2-16-16-16l-264 0zM48 224l0 192c0 8.8 7.2 16 16 16l320 0c8.8 0 16-7.2 16-16l0-192-352 0z\"><\/path><\/svg><\/span><span class=\"gb-headline-text\"><time class=\"entry-date published\" datetime=\"2023-10-10T13:00:13+00:00\">10 de outubro de 2023<\/time><\/span><\/p>\n\n<h2 class=\"gb-headline gb-headline-829ce05c gb-headline-text\"><a href=\"https:\/\/www.italiafideiussioni.it\/pt-br\/voce-quer-descobrir-todas-as-oportunidades-oferecidas-pelo-decreto-flussi\/\">Voc\u00ea quer descobrir todas as oportunidades oferecidas pelo &#8220;Decreto Flussi&#8221;?<\/a><\/h2>\n\n<div class=\"gb-headline gb-headline-4c0c4e17 gb-headline-text\">Aqui est\u00e3o todas as mudan\u00e7as e perspectivas do &#8220;Decreto Flussi&#8221; para o tri\u00eanio 2023 \u2013 2025. Vis\u00e3o Geral sobre as Cotas Gerais O governo estabeleceu novas cotas de entrada que [&hellip;]<\/div>\n<\/div><\/div>\n<\/div>\n<\/div><\/div>\n\n<div class=\"gb-grid-column gb-grid-column-654ba624 gb-query-loop-item post-5626 post type-post status-publish format-standard has-post-thumbnail hentry category-news\"><div class=\"gb-container gb-container-654ba624\">\n<div class=\"gb-grid-wrapper gb-grid-wrapper-7b44aab4\">\n<div class=\"gb-grid-column gb-grid-column-f39ebc8d\"><div class=\"gb-container gb-container-f39ebc8d\">\n<figure class=\"gb-block-image gb-block-image-45e8e2ff\"><img decoding=\"async\" width=\"150\" height=\"150\" src=\"https:\/\/www.italiafideiussioni.it\/wp-content\/uploads\/2023\/10\/donna-lavoro-150x150.jpg\" class=\"gb-image-45e8e2ff\" alt=\"donna che cammina in ufficio\" srcset=\"https:\/\/www.italiafideiussioni.it\/wp-content\/uploads\/2023\/10\/donna-lavoro-150x150.jpg 150w, https:\/\/www.italiafideiussioni.it\/wp-content\/uploads\/2023\/10\/donna-lavoro-300x300.jpg 300w\" sizes=\"(max-width: 150px) 100vw, 150px\" \/><\/figure>\n<\/div><\/div>\n\n<div class=\"gb-grid-column gb-grid-column-ca940cf7\"><div class=\"gb-container gb-container-ca940cf7\">\n<p class=\"gb-headline gb-headline-80bafd6f\"><span class=\"gb-icon\"><svg viewbox=\"0 0 448 512\" xmlns=\"http:\/\/www.w3.org\/2000\/svg\"><path d=\"M120 0c13.3 0 24 10.7 24 24l0 40 160 0 0-40c0-13.3 10.7-24 24-24s24 10.7 24 24l0 40 32 0c35.3 0 64 28.7 64 64l0 288c0 35.3-28.7 64-64 64L64 480c-35.3 0-64-28.7-64-64L0 128C0 92.7 28.7 64 64 64l32 0 0-40c0-13.3 10.7-24 24-24zm0 112l-56 0c-8.8 0-16 7.2-16 16l0 48 352 0 0-48c0-8.8-7.2-16-16-16l-264 0zM48 224l0 192c0 8.8 7.2 16 16 16l320 0c8.8 0 16-7.2 16-16l0-192-352 0z\"><\/path><\/svg><\/span><span class=\"gb-headline-text\"><time class=\"entry-date published\" datetime=\"2023-10-04T12:04:56+00:00\">4 de outubro de 2023<\/time><\/span><\/p>\n\n<h2 class=\"gb-headline gb-headline-829ce05c gb-headline-text\"><a href=\"https:\/\/www.italiafideiussioni.it\/pt-br\/detalles-sobre-el-nuevo-decreto-de-flujos-2023-2025\/\">Detalles sobre el Nuevo Decreto de Flujos 2023-2025<\/a><\/h2>\n\n<div class=\"gb-headline gb-headline-4c0c4e17 gb-headline-text\">\u00bfQuieres descubrir todas las oportunidades que ofrece el Decreto de Flujos? Aqu\u00ed est\u00e1n todos los cambios y perspectivas del Decreto de Flujos para el trienio 2023 \u2013 2025.Visi\u00f3n General sobre [&hellip;]<\/div>\n<\/div><\/div>\n<\/div>\n<\/div><\/div>\n<\/div>\n","protected":false},"excerpt":{"rendered":"","protected":false},"author":2,"featured_media":0,"parent":0,"menu_order":0,"comment_status":"closed","ping_status":"closed","template":"templates-custom\/tpl-front-page_update.php","meta":{"_acf_changed":false,"_yoast_wpseo_focuskw":"","_yoast_wpseo_title":"Fian\u00e7as e garantias seguradoras em 24 horas | Italia Fideiussioni","_yoast_wpseo_metadesc":"Servi\u00e7o r\u00e1pido para obter fian\u00e7as e garantias seguradoras. Para particulares e empresas. Or\u00e7amento em at\u00e9 2 horas, sem compromisso. Visite o site e entre em contato conosco.","_yoast_wpseo_meta-robots-noindex":"","_yoast_wpseo_meta-robots-nofollow":"","_yoast_wpseo_canonical":"","_yoast_wpseo_opengraph-title":"","_yoast_wpseo_opengraph-description":"","_yoast_wpseo_opengraph-image":"","_yoast_wpseo_opengraph-image-id":"","_yoast_wpseo_twitter-title":"","_yoast_wpseo_twitter-description":"","_yoast_wpseo_twitter-image":"","footnotes":""},"class_list":["post-12677","page","type-page","status-publish","hentry"],"acf":{"blocco_testimonianze":"1","macroarea_servizi":"","blocco_iniziale":"","immagine_recensioni":"https:\/\/www.italiafideiussioni.it\/wp-content\/uploads\/2023\/02\/recensioni.jpg","testo_recensioni":"<p>Leggi le <strong>testimonianze verificate<\/strong> dei nostri clienti, cos\u00ec saprai come lavoriamo.<\/p>\n","titolo_recensioni":"Le vostre storie, la nostra migliore presentazione."},"yoast_head":"<!-- This site is optimized with the Yoast SEO plugin v27.4 - https:\/\/yoast.com\/product\/yoast-seo-wordpress\/ -->\n<title>Fian\u00e7as e garantias seguradoras em 24 horas | Italia Fideiussioni<\/title>\n<meta name=\"description\" content=\"Servi\u00e7o r\u00e1pido para obter fian\u00e7as e garantias seguradoras. Para particulares e empresas. Or\u00e7amento em at\u00e9 2 horas, sem compromisso. Visite o site e entre em contato conosco.\" \/>\n<meta name=\"robots\" content=\"index, follow, max-snippet:-1, max-image-preview:large, max-video-preview:-1\" \/>\n<link rel=\"canonical\" href=\"https:\/\/www.italiafideiussioni.it\/pt-br\/\" \/>\n<meta property=\"og:locale\" content=\"pt_BR\" \/>\n<meta property=\"og:type\" content=\"article\" \/>\n<meta property=\"og:title\" content=\"Fian\u00e7as e garantias seguradoras em 24 horas | Italia Fideiussioni\" \/>\n<meta property=\"og:description\" content=\"Servi\u00e7o r\u00e1pido para obter fian\u00e7as e garantias seguradoras. Para particulares e empresas. Or\u00e7amento em at\u00e9 2 horas, sem compromisso. Visite o site e entre em contato conosco.\" \/>\n<meta property=\"og:url\" content=\"https:\/\/www.italiafideiussioni.it\/pt-br\/\" \/>\n<meta property=\"og:site_name\" content=\"Italia Fideiussioni\" \/>\n<meta property=\"article:publisher\" content=\"https:\/\/www.facebook.com\/italiafideiussioni\/\" \/>\n<meta property=\"article:modified_time\" content=\"2026-03-11T07:45:06+00:00\" \/>\n<meta name=\"twitter:card\" content=\"summary_large_image\" \/>\n<meta name=\"twitter:site\" content=\"@itafideiussioni\" \/>\n<meta name=\"twitter:label1\" content=\"Est. tempo de leitura\" \/>\n\t<meta name=\"twitter:data1\" content=\"1 minuto\" \/>\n<script type=\"application\/ld+json\" class=\"yoast-schema-graph\">{\"@context\":\"https:\\\/\\\/schema.org\",\"@graph\":[{\"@type\":\"WebPage\",\"@id\":\"https:\\\/\\\/www.italiafideiussioni.it\\\/pt-br\\\/\",\"url\":\"https:\\\/\\\/www.italiafideiussioni.it\\\/pt-br\\\/\",\"name\":\"Fian\u00e7as e garantias seguradoras em 24 horas | Italia Fideiussioni\",\"isPartOf\":{\"@id\":\"https:\\\/\\\/www.italiafideiussioni.it\\\/pt-br\\\/#website\"},\"datePublished\":\"2023-02-10T15:21:00+00:00\",\"dateModified\":\"2026-03-11T07:45:06+00:00\",\"description\":\"Servi\u00e7o r\u00e1pido para obter fian\u00e7as e garantias seguradoras. Para particulares e empresas. Or\u00e7amento em at\u00e9 2 horas, sem compromisso. Visite o site e entre em contato conosco.\",\"breadcrumb\":{\"@id\":\"https:\\\/\\\/www.italiafideiussioni.it\\\/pt-br\\\/#breadcrumb\"},\"inLanguage\":\"pt-BR\",\"potentialAction\":[{\"@type\":\"ReadAction\",\"target\":[\"https:\\\/\\\/www.italiafideiussioni.it\\\/pt-br\\\/\"]}]},{\"@type\":\"BreadcrumbList\",\"@id\":\"https:\\\/\\\/www.italiafideiussioni.it\\\/pt-br\\\/#breadcrumb\",\"itemListElement\":[{\"@type\":\"ListItem\",\"position\":1,\"name\":\"Home\",\"item\":\"https:\\\/\\\/www.italiafideiussioni.it\\\/pt-br\\\/\"},{\"@type\":\"ListItem\",\"position\":2,\"name\":\"Garantias financeiras na It\u00e1lia para empresas e investidores estrangeiros\"}]},{\"@type\":\"WebSite\",\"@id\":\"https:\\\/\\\/www.italiafideiussioni.it\\\/pt-br\\\/#website\",\"url\":\"https:\\\/\\\/www.italiafideiussioni.it\\\/pt-br\\\/\",\"name\":\"Italia Fideiussioni\",\"description\":\"\",\"publisher\":{\"@id\":\"https:\\\/\\\/www.italiafideiussioni.it\\\/pt-br\\\/#organization\"},\"potentialAction\":[{\"@type\":\"SearchAction\",\"target\":{\"@type\":\"EntryPoint\",\"urlTemplate\":\"https:\\\/\\\/www.italiafideiussioni.it\\\/pt-br\\\/?s={search_term_string}\"},\"query-input\":{\"@type\":\"PropertyValueSpecification\",\"valueRequired\":true,\"valueName\":\"search_term_string\"}}],\"inLanguage\":\"pt-BR\"},{\"@type\":\"Organization\",\"@id\":\"https:\\\/\\\/www.italiafideiussioni.it\\\/pt-br\\\/#organization\",\"name\":\"Fideiussioni s.r.l.\",\"url\":\"https:\\\/\\\/www.italiafideiussioni.it\\\/pt-br\\\/\",\"logo\":{\"@type\":\"ImageObject\",\"inLanguage\":\"pt-BR\",\"@id\":\"https:\\\/\\\/www.italiafideiussioni.it\\\/pt-br\\\/#\\\/schema\\\/logo\\\/image\\\/\",\"url\":\"https:\\\/\\\/www.italiafideiussioni.it\\\/wp-content\\\/uploads\\\/2018\\\/10\\\/italiafideiussioni-logo-white.png\",\"contentUrl\":\"https:\\\/\\\/www.italiafideiussioni.it\\\/wp-content\\\/uploads\\\/2018\\\/10\\\/italiafideiussioni-logo-white.png\",\"width\":516,\"height\":97,\"caption\":\"Fideiussioni s.r.l.\"},\"image\":{\"@id\":\"https:\\\/\\\/www.italiafideiussioni.it\\\/pt-br\\\/#\\\/schema\\\/logo\\\/image\\\/\"},\"sameAs\":[\"https:\\\/\\\/www.facebook.com\\\/italiafideiussioni\\\/\",\"https:\\\/\\\/x.com\\\/itafideiussioni\",\"https:\\\/\\\/www.linkedin.com\\\/company\\\/italiafideiussioni-srl\\\/about\\\/\",\"https:\\\/\\\/www.youtube.com\\\/channel\\\/UC-OhbmM_pkAEKLqJ6nQbpjw\"]}]}<\/script>\n<!-- \/ Yoast SEO plugin. -->","yoast_head_json":{"title":"Fian\u00e7as e garantias seguradoras em 24 horas | Italia Fideiussioni","description":"Servi\u00e7o r\u00e1pido para obter fian\u00e7as e garantias seguradoras. Para particulares e empresas. Or\u00e7amento em at\u00e9 2 horas, sem compromisso. Visite o site e entre em contato conosco.","robots":{"index":"index","follow":"follow","max-snippet":"max-snippet:-1","max-image-preview":"max-image-preview:large","max-video-preview":"max-video-preview:-1"},"canonical":"https:\/\/www.italiafideiussioni.it\/pt-br\/","og_locale":"pt_BR","og_type":"article","og_title":"Fian\u00e7as e garantias seguradoras em 24 horas | Italia Fideiussioni","og_description":"Servi\u00e7o r\u00e1pido para obter fian\u00e7as e garantias seguradoras. Para particulares e empresas. Or\u00e7amento em at\u00e9 2 horas, sem compromisso. Visite o site e entre em contato conosco.","og_url":"https:\/\/www.italiafideiussioni.it\/pt-br\/","og_site_name":"Italia Fideiussioni","article_publisher":"https:\/\/www.facebook.com\/italiafideiussioni\/","article_modified_time":"2026-03-11T07:45:06+00:00","twitter_card":"summary_large_image","twitter_site":"@itafideiussioni","twitter_misc":{"Est. tempo de leitura":"1 minuto"},"schema":{"@context":"https:\/\/schema.org","@graph":[{"@type":"WebPage","@id":"https:\/\/www.italiafideiussioni.it\/pt-br\/","url":"https:\/\/www.italiafideiussioni.it\/pt-br\/","name":"Fian\u00e7as e garantias seguradoras em 24 horas | Italia Fideiussioni","isPartOf":{"@id":"https:\/\/www.italiafideiussioni.it\/pt-br\/#website"},"datePublished":"2023-02-10T15:21:00+00:00","dateModified":"2026-03-11T07:45:06+00:00","description":"Servi\u00e7o r\u00e1pido para obter fian\u00e7as e garantias seguradoras. Para particulares e empresas. Or\u00e7amento em at\u00e9 2 horas, sem compromisso. Visite o site e entre em contato conosco.","breadcrumb":{"@id":"https:\/\/www.italiafideiussioni.it\/pt-br\/#breadcrumb"},"inLanguage":"pt-BR","potentialAction":[{"@type":"ReadAction","target":["https:\/\/www.italiafideiussioni.it\/pt-br\/"]}]},{"@type":"BreadcrumbList","@id":"https:\/\/www.italiafideiussioni.it\/pt-br\/#breadcrumb","itemListElement":[{"@type":"ListItem","position":1,"name":"Home","item":"https:\/\/www.italiafideiussioni.it\/pt-br\/"},{"@type":"ListItem","position":2,"name":"Garantias financeiras na It\u00e1lia para empresas e investidores estrangeiros"}]},{"@type":"WebSite","@id":"https:\/\/www.italiafideiussioni.it\/pt-br\/#website","url":"https:\/\/www.italiafideiussioni.it\/pt-br\/","name":"Italia Fideiussioni","description":"","publisher":{"@id":"https:\/\/www.italiafideiussioni.it\/pt-br\/#organization"},"potentialAction":[{"@type":"SearchAction","target":{"@type":"EntryPoint","urlTemplate":"https:\/\/www.italiafideiussioni.it\/pt-br\/?s={search_term_string}"},"query-input":{"@type":"PropertyValueSpecification","valueRequired":true,"valueName":"search_term_string"}}],"inLanguage":"pt-BR"},{"@type":"Organization","@id":"https:\/\/www.italiafideiussioni.it\/pt-br\/#organization","name":"Fideiussioni s.r.l.","url":"https:\/\/www.italiafideiussioni.it\/pt-br\/","logo":{"@type":"ImageObject","inLanguage":"pt-BR","@id":"https:\/\/www.italiafideiussioni.it\/pt-br\/#\/schema\/logo\/image\/","url":"https:\/\/www.italiafideiussioni.it\/wp-content\/uploads\/2018\/10\/italiafideiussioni-logo-white.png","contentUrl":"https:\/\/www.italiafideiussioni.it\/wp-content\/uploads\/2018\/10\/italiafideiussioni-logo-white.png","width":516,"height":97,"caption":"Fideiussioni s.r.l."},"image":{"@id":"https:\/\/www.italiafideiussioni.it\/pt-br\/#\/schema\/logo\/image\/"},"sameAs":["https:\/\/www.facebook.com\/italiafideiussioni\/","https:\/\/x.com\/itafideiussioni","https:\/\/www.linkedin.com\/company\/italiafideiussioni-srl\/about\/","https:\/\/www.youtube.com\/channel\/UC-OhbmM_pkAEKLqJ6nQbpjw"]}]}},"_links":{"self":[{"href":"https:\/\/www.italiafideiussioni.it\/pt-br\/wp-json\/wp\/v2\/pages\/12677","targetHints":{"allow":["GET"]}}],"collection":[{"href":"https:\/\/www.italiafideiussioni.it\/pt-br\/wp-json\/wp\/v2\/pages"}],"about":[{"href":"https:\/\/www.italiafideiussioni.it\/pt-br\/wp-json\/wp\/v2\/types\/page"}],"author":[{"embeddable":true,"href":"https:\/\/www.italiafideiussioni.it\/pt-br\/wp-json\/wp\/v2\/users\/2"}],"replies":[{"embeddable":true,"href":"https:\/\/www.italiafideiussioni.it\/pt-br\/wp-json\/wp\/v2\/comments?post=12677"}],"version-history":[{"count":25,"href":"https:\/\/www.italiafideiussioni.it\/pt-br\/wp-json\/wp\/v2\/pages\/12677\/revisions"}],"predecessor-version":[{"id":12765,"href":"https:\/\/www.italiafideiussioni.it\/pt-br\/wp-json\/wp\/v2\/pages\/12677\/revisions\/12765"}],"wp:attachment":[{"href":"https:\/\/www.italiafideiussioni.it\/pt-br\/wp-json\/wp\/v2\/media?parent=12677"}],"curies":[{"name":"wp","href":"https:\/\/api.w.org\/{rel}","templated":true}]}}