{"id":8844,"date":"2018-10-10T09:25:08","date_gmt":"2018-10-10T09:25:08","guid":{"rendered":"https:\/\/www.italiafideiussioni.it\/assurance-credit-assurance-des-creances\/"},"modified":"2024-11-08T08:36:23","modified_gmt":"2024-11-08T08:36:23","slug":"assurance-credit-assurance-des-creances","status":"publish","type":"page","link":"https:\/\/www.italiafideiussioni.it\/fr\/cautionnements-pour-entreprises-et-professionnels\/agences-et-professionnels\/cautions-diverses\/assurance-credit-assurance-des-creances\/","title":{"rendered":"Assurance Cr\u00e9dit &#8211; Assurance des Cr\u00e9ances"},"content":{"rendered":"<p>Avez-vous besoin de garantir que votre client paiera vos fournitures de marchandises ponctuellement ?<br \/>Avez-vous des craintes que votre client puisse ne pas vous payer ?<br \/>Souhaitez-vous prot\u00e9ger votre entreprise contre les risques de non-paiement de la part de clients italiens et \u00e9trangers ?<br \/>Assurer ses cr\u00e9ances est aujourd&rsquo;hui devenu une n\u00e9cessit\u00e9 et un choix r\u00e9fl\u00e9chi et incontournable.<br \/>Notre soci\u00e9t\u00e9 vous propose une assurance cr\u00e9dit, tant en Italie qu\u2019\u00e0 l\u2019\u00e9tranger, \u00e0 des tarifs avantageux et dans des d\u00e9lais tr\u00e8s rapides. Nous vous offrons cette assurance pour vous prot\u00e9ger contre le non-paiement de vos clients.<br \/>En cas de sinistre, l&rsquo;indemnisation est garantie dans un d\u00e9lai de 9 mois \u00e0 compter de l&rsquo;\u00e9ch\u00e9ance des factures.<br \/>Nous garantissons vos cr\u00e9ances aussi bien aupr\u00e8s des entreprises italiennes que des soci\u00e9t\u00e9s \u00e9trang\u00e8res. Nous op\u00e9rons partout en Italie et proposons nos services en libre prestation dans toute l\u2019Europe.<br \/>Obtenir une consultation gratuite est simple : il suffit d\u2019appeler le <br \/><strong>055.28.53.13<\/strong> ou d\u2019\u00e9crire \u00e0 :<strong> <a href=\"mailto:info@italiafideiussioni.it\">info@italiafideiussioni.it<\/a><\/strong><\/p>\n","protected":false},"excerpt":{"rendered":"<p>Avez-vous besoin de garantir que votre client paiera vos fournitures de marchandises ponctuellement ?Avez-vous des craintes que votre client puisse ne pas vous payer ?Souhaitez-vous prot\u00e9ger votre entreprise contre les risques de non-paiement de la part de clients italiens et \u00e9trangers ?Assurer ses cr\u00e9ances est aujourd&rsquo;hui devenu une n\u00e9cessit\u00e9 et un choix r\u00e9fl\u00e9chi et incontournable.Notre [&hellip;]<\/p>\n","protected":false},"author":2,"featured_media":8845,"parent":8868,"menu_order":0,"comment_status":"closed","ping_status":"closed","template":"","meta":{"_acf_changed":false,"_yoast_wpseo_focuskw":"","_yoast_wpseo_title":"Assurance Cr\u00e9dit pour la protection des cr\u00e9ances | Italia Fideiussioni","_yoast_wpseo_metadesc":"Pour vous prot\u00e9ger contre le non-paiement d\u2019un client, l\u2019assurance cr\u00e9dit d\u00e9livr\u00e9e par Italia Fideiussioni est avantageuse, rapide et valable \u00e0 l\u2019\u00e9tranger.","_yoast_wpseo_meta-robots-noindex":"","_yoast_wpseo_meta-robots-nofollow":"","_yoast_wpseo_canonical":"","_yoast_wpseo_opengraph-title":"","_yoast_wpseo_opengraph-description":"","_yoast_wpseo_opengraph-image":"","_yoast_wpseo_opengraph-image-id":"","_yoast_wpseo_twitter-title":"","_yoast_wpseo_twitter-description":"","_yoast_wpseo_twitter-image":"","footnotes":""},"class_list":["post-8844","page","type-page","status-publish","has-post-thumbnail","hentry"],"acf":{"blocco_testimonianze":"2"},"yoast_head":"<!-- This site is optimized with the Yoast SEO plugin v27.3 - https:\/\/yoast.com\/product\/yoast-seo-wordpress\/ -->\n<title>Assurance Cr\u00e9dit pour la protection des cr\u00e9ances | Italia Fideiussioni<\/title>\n<meta name=\"description\" content=\"Pour vous prot\u00e9ger contre le non-paiement d\u2019un client, l\u2019assurance cr\u00e9dit d\u00e9livr\u00e9e par Italia Fideiussioni est avantageuse, rapide et valable \u00e0 l\u2019\u00e9tranger.\" \/>\n<meta name=\"robots\" content=\"index, follow, max-snippet:-1, max-image-preview:large, max-video-preview:-1\" \/>\n<link rel=\"canonical\" href=\"https:\/\/www.italiafideiussioni.it\/fr\/cautionnements-pour-entreprises-et-professionnels\/agences-et-professionnels\/cautions-diverses\/assurance-credit-assurance-des-creances\/\" \/>\n<meta property=\"og:locale\" content=\"fr_FR\" \/>\n<meta property=\"og:type\" content=\"article\" \/>\n<meta property=\"og:title\" content=\"Assurance Cr\u00e9dit pour la protection des cr\u00e9ances | Italia Fideiussioni\" \/>\n<meta property=\"og:description\" content=\"Pour vous prot\u00e9ger contre le non-paiement d\u2019un client, l\u2019assurance cr\u00e9dit d\u00e9livr\u00e9e par Italia Fideiussioni est avantageuse, rapide et valable \u00e0 l\u2019\u00e9tranger.\" \/>\n<meta property=\"og:url\" content=\"https:\/\/www.italiafideiussioni.it\/fr\/cautionnements-pour-entreprises-et-professionnels\/agences-et-professionnels\/cautions-diverses\/assurance-credit-assurance-des-creances\/\" \/>\n<meta property=\"og:site_name\" content=\"Italia Fideiussioni\" \/>\n<meta property=\"article:publisher\" content=\"https:\/\/www.facebook.com\/italiafideiussioni\/\" \/>\n<meta property=\"article:modified_time\" content=\"2024-11-08T08:36:23+00:00\" \/>\n<meta property=\"og:image\" content=\"https:\/\/www.italiafideiussioni.it\/wp-content\/uploads\/2018\/11\/assicurazione-credito.jpeg\" \/>\n\t<meta property=\"og:image:width\" content=\"1000\" \/>\n\t<meta property=\"og:image:height\" content=\"646\" \/>\n\t<meta property=\"og:image:type\" content=\"image\/jpeg\" \/>\n<meta name=\"twitter:card\" content=\"summary_large_image\" \/>\n<meta name=\"twitter:site\" content=\"@itafideiussioni\" \/>\n<meta name=\"twitter:label1\" content=\"Dur\u00e9e de lecture estim\u00e9e\" \/>\n\t<meta name=\"twitter:data1\" content=\"1 minute\" \/>\n<script type=\"application\/ld+json\" class=\"yoast-schema-graph\">{\"@context\":\"https:\\\/\\\/schema.org\",\"@graph\":[{\"@type\":\"WebPage\",\"@id\":\"https:\\\/\\\/www.italiafideiussioni.it\\\/fr\\\/cautionnements-pour-entreprises-et-professionnels\\\/agences-et-professionnels\\\/cautions-diverses\\\/assurance-credit-assurance-des-creances\\\/\",\"url\":\"https:\\\/\\\/www.italiafideiussioni.it\\\/fr\\\/cautionnements-pour-entreprises-et-professionnels\\\/agences-et-professionnels\\\/cautions-diverses\\\/assurance-credit-assurance-des-creances\\\/\",\"name\":\"Assurance Cr\u00e9dit pour la protection des cr\u00e9ances | Italia Fideiussioni\",\"isPartOf\":{\"@id\":\"https:\\\/\\\/www.italiafideiussioni.it\\\/fr\\\/#website\"},\"primaryImageOfPage\":{\"@id\":\"https:\\\/\\\/www.italiafideiussioni.it\\\/fr\\\/cautionnements-pour-entreprises-et-professionnels\\\/agences-et-professionnels\\\/cautions-diverses\\\/assurance-credit-assurance-des-creances\\\/#primaryimage\"},\"image\":{\"@id\":\"https:\\\/\\\/www.italiafideiussioni.it\\\/fr\\\/cautionnements-pour-entreprises-et-professionnels\\\/agences-et-professionnels\\\/cautions-diverses\\\/assurance-credit-assurance-des-creances\\\/#primaryimage\"},\"thumbnailUrl\":\"https:\\\/\\\/www.italiafideiussioni.it\\\/wp-content\\\/uploads\\\/2018\\\/11\\\/assicurazione-credito.jpeg\",\"datePublished\":\"2018-10-10T09:25:08+00:00\",\"dateModified\":\"2024-11-08T08:36:23+00:00\",\"description\":\"Pour vous prot\u00e9ger contre le non-paiement d\u2019un client, l\u2019assurance cr\u00e9dit d\u00e9livr\u00e9e par Italia Fideiussioni est avantageuse, rapide et valable \u00e0 l\u2019\u00e9tranger.\",\"breadcrumb\":{\"@id\":\"https:\\\/\\\/www.italiafideiussioni.it\\\/fr\\\/cautionnements-pour-entreprises-et-professionnels\\\/agences-et-professionnels\\\/cautions-diverses\\\/assurance-credit-assurance-des-creances\\\/#breadcrumb\"},\"inLanguage\":\"fr-FR\",\"potentialAction\":[{\"@type\":\"ReadAction\",\"target\":[\"https:\\\/\\\/www.italiafideiussioni.it\\\/fr\\\/cautionnements-pour-entreprises-et-professionnels\\\/agences-et-professionnels\\\/cautions-diverses\\\/assurance-credit-assurance-des-creances\\\/\"]}]},{\"@type\":\"ImageObject\",\"inLanguage\":\"fr-FR\",\"@id\":\"https:\\\/\\\/www.italiafideiussioni.it\\\/fr\\\/cautionnements-pour-entreprises-et-professionnels\\\/agences-et-professionnels\\\/cautions-diverses\\\/assurance-credit-assurance-des-creances\\\/#primaryimage\",\"url\":\"https:\\\/\\\/www.italiafideiussioni.it\\\/wp-content\\\/uploads\\\/2018\\\/11\\\/assicurazione-credito.jpeg\",\"contentUrl\":\"https:\\\/\\\/www.italiafideiussioni.it\\\/wp-content\\\/uploads\\\/2018\\\/11\\\/assicurazione-credito.jpeg\",\"width\":1000,\"height\":646},{\"@type\":\"BreadcrumbList\",\"@id\":\"https:\\\/\\\/www.italiafideiussioni.it\\\/fr\\\/cautionnements-pour-entreprises-et-professionnels\\\/agences-et-professionnels\\\/cautions-diverses\\\/assurance-credit-assurance-des-creances\\\/#breadcrumb\",\"itemListElement\":[{\"@type\":\"ListItem\",\"position\":1,\"name\":\"Home\",\"item\":\"https:\\\/\\\/www.italiafideiussioni.it\\\/fr\\\/page-daccueil-2013\\\/\"},{\"@type\":\"ListItem\",\"position\":2,\"name\":\"Nos Cautions Bancaires pour Entreprises et Professionnels\",\"item\":\"https:\\\/\\\/www.italiafideiussioni.it\\\/fr\\\/cautionnements-pour-entreprises-et-professionnels\\\/\"},{\"@type\":\"ListItem\",\"position\":3,\"name\":\"Agences et Professionnels\",\"item\":\"https:\\\/\\\/www.italiafideiussioni.it\\\/fr\\\/cautionnements-pour-entreprises-et-professionnels\\\/agences-et-professionnels\\\/\"},{\"@type\":\"ListItem\",\"position\":4,\"name\":\"Cautions diverses\",\"item\":\"https:\\\/\\\/www.italiafideiussioni.it\\\/fr\\\/cautionnements-pour-entreprises-et-professionnels\\\/agences-et-professionnels\\\/cautions-diverses\\\/\"},{\"@type\":\"ListItem\",\"position\":5,\"name\":\"Assurance Cr\u00e9dit &#8211; Assurance des Cr\u00e9ances\"}]},{\"@type\":\"WebSite\",\"@id\":\"https:\\\/\\\/www.italiafideiussioni.it\\\/fr\\\/#website\",\"url\":\"https:\\\/\\\/www.italiafideiussioni.it\\\/fr\\\/\",\"name\":\"Italia Fideiussioni\",\"description\":\"\",\"publisher\":{\"@id\":\"https:\\\/\\\/www.italiafideiussioni.it\\\/fr\\\/#organization\"},\"potentialAction\":[{\"@type\":\"SearchAction\",\"target\":{\"@type\":\"EntryPoint\",\"urlTemplate\":\"https:\\\/\\\/www.italiafideiussioni.it\\\/fr\\\/?s={search_term_string}\"},\"query-input\":{\"@type\":\"PropertyValueSpecification\",\"valueRequired\":true,\"valueName\":\"search_term_string\"}}],\"inLanguage\":\"fr-FR\"},{\"@type\":\"Organization\",\"@id\":\"https:\\\/\\\/www.italiafideiussioni.it\\\/fr\\\/#organization\",\"name\":\"Fideiussioni s.r.l.\",\"url\":\"https:\\\/\\\/www.italiafideiussioni.it\\\/fr\\\/\",\"logo\":{\"@type\":\"ImageObject\",\"inLanguage\":\"fr-FR\",\"@id\":\"https:\\\/\\\/www.italiafideiussioni.it\\\/fr\\\/#\\\/schema\\\/logo\\\/image\\\/\",\"url\":\"https:\\\/\\\/www.italiafideiussioni.it\\\/wp-content\\\/uploads\\\/2018\\\/10\\\/italiafideiussioni-logo-white.png\",\"contentUrl\":\"https:\\\/\\\/www.italiafideiussioni.it\\\/wp-content\\\/uploads\\\/2018\\\/10\\\/italiafideiussioni-logo-white.png\",\"width\":516,\"height\":97,\"caption\":\"Fideiussioni s.r.l.\"},\"image\":{\"@id\":\"https:\\\/\\\/www.italiafideiussioni.it\\\/fr\\\/#\\\/schema\\\/logo\\\/image\\\/\"},\"sameAs\":[\"https:\\\/\\\/www.facebook.com\\\/italiafideiussioni\\\/\",\"https:\\\/\\\/x.com\\\/itafideiussioni\",\"https:\\\/\\\/www.linkedin.com\\\/company\\\/italiafideiussioni-srl\\\/about\\\/\",\"https:\\\/\\\/www.youtube.com\\\/channel\\\/UC-OhbmM_pkAEKLqJ6nQbpjw\"]}]}<\/script>\n<!-- \/ Yoast SEO plugin. -->","yoast_head_json":{"title":"Assurance Cr\u00e9dit pour la protection des cr\u00e9ances | Italia Fideiussioni","description":"Pour vous prot\u00e9ger contre le non-paiement d\u2019un client, l\u2019assurance cr\u00e9dit d\u00e9livr\u00e9e par Italia Fideiussioni est avantageuse, rapide et valable \u00e0 l\u2019\u00e9tranger.","robots":{"index":"index","follow":"follow","max-snippet":"max-snippet:-1","max-image-preview":"max-image-preview:large","max-video-preview":"max-video-preview:-1"},"canonical":"https:\/\/www.italiafideiussioni.it\/fr\/cautionnements-pour-entreprises-et-professionnels\/agences-et-professionnels\/cautions-diverses\/assurance-credit-assurance-des-creances\/","og_locale":"fr_FR","og_type":"article","og_title":"Assurance Cr\u00e9dit pour la protection des cr\u00e9ances | Italia Fideiussioni","og_description":"Pour vous prot\u00e9ger contre le non-paiement d\u2019un client, l\u2019assurance cr\u00e9dit d\u00e9livr\u00e9e par Italia Fideiussioni est avantageuse, rapide et valable \u00e0 l\u2019\u00e9tranger.","og_url":"https:\/\/www.italiafideiussioni.it\/fr\/cautionnements-pour-entreprises-et-professionnels\/agences-et-professionnels\/cautions-diverses\/assurance-credit-assurance-des-creances\/","og_site_name":"Italia Fideiussioni","article_publisher":"https:\/\/www.facebook.com\/italiafideiussioni\/","article_modified_time":"2024-11-08T08:36:23+00:00","og_image":[{"width":1000,"height":646,"url":"https:\/\/www.italiafideiussioni.it\/wp-content\/uploads\/2018\/11\/assicurazione-credito.jpeg","type":"image\/jpeg"}],"twitter_card":"summary_large_image","twitter_site":"@itafideiussioni","twitter_misc":{"Dur\u00e9e de lecture estim\u00e9e":"1 minute"},"schema":{"@context":"https:\/\/schema.org","@graph":[{"@type":"WebPage","@id":"https:\/\/www.italiafideiussioni.it\/fr\/cautionnements-pour-entreprises-et-professionnels\/agences-et-professionnels\/cautions-diverses\/assurance-credit-assurance-des-creances\/","url":"https:\/\/www.italiafideiussioni.it\/fr\/cautionnements-pour-entreprises-et-professionnels\/agences-et-professionnels\/cautions-diverses\/assurance-credit-assurance-des-creances\/","name":"Assurance Cr\u00e9dit pour la protection des cr\u00e9ances | Italia Fideiussioni","isPartOf":{"@id":"https:\/\/www.italiafideiussioni.it\/fr\/#website"},"primaryImageOfPage":{"@id":"https:\/\/www.italiafideiussioni.it\/fr\/cautionnements-pour-entreprises-et-professionnels\/agences-et-professionnels\/cautions-diverses\/assurance-credit-assurance-des-creances\/#primaryimage"},"image":{"@id":"https:\/\/www.italiafideiussioni.it\/fr\/cautionnements-pour-entreprises-et-professionnels\/agences-et-professionnels\/cautions-diverses\/assurance-credit-assurance-des-creances\/#primaryimage"},"thumbnailUrl":"https:\/\/www.italiafideiussioni.it\/wp-content\/uploads\/2018\/11\/assicurazione-credito.jpeg","datePublished":"2018-10-10T09:25:08+00:00","dateModified":"2024-11-08T08:36:23+00:00","description":"Pour vous prot\u00e9ger contre le non-paiement d\u2019un client, l\u2019assurance cr\u00e9dit d\u00e9livr\u00e9e par Italia Fideiussioni est avantageuse, rapide et valable \u00e0 l\u2019\u00e9tranger.","breadcrumb":{"@id":"https:\/\/www.italiafideiussioni.it\/fr\/cautionnements-pour-entreprises-et-professionnels\/agences-et-professionnels\/cautions-diverses\/assurance-credit-assurance-des-creances\/#breadcrumb"},"inLanguage":"fr-FR","potentialAction":[{"@type":"ReadAction","target":["https:\/\/www.italiafideiussioni.it\/fr\/cautionnements-pour-entreprises-et-professionnels\/agences-et-professionnels\/cautions-diverses\/assurance-credit-assurance-des-creances\/"]}]},{"@type":"ImageObject","inLanguage":"fr-FR","@id":"https:\/\/www.italiafideiussioni.it\/fr\/cautionnements-pour-entreprises-et-professionnels\/agences-et-professionnels\/cautions-diverses\/assurance-credit-assurance-des-creances\/#primaryimage","url":"https:\/\/www.italiafideiussioni.it\/wp-content\/uploads\/2018\/11\/assicurazione-credito.jpeg","contentUrl":"https:\/\/www.italiafideiussioni.it\/wp-content\/uploads\/2018\/11\/assicurazione-credito.jpeg","width":1000,"height":646},{"@type":"BreadcrumbList","@id":"https:\/\/www.italiafideiussioni.it\/fr\/cautionnements-pour-entreprises-et-professionnels\/agences-et-professionnels\/cautions-diverses\/assurance-credit-assurance-des-creances\/#breadcrumb","itemListElement":[{"@type":"ListItem","position":1,"name":"Home","item":"https:\/\/www.italiafideiussioni.it\/fr\/page-daccueil-2013\/"},{"@type":"ListItem","position":2,"name":"Nos Cautions Bancaires pour Entreprises et Professionnels","item":"https:\/\/www.italiafideiussioni.it\/fr\/cautionnements-pour-entreprises-et-professionnels\/"},{"@type":"ListItem","position":3,"name":"Agences et Professionnels","item":"https:\/\/www.italiafideiussioni.it\/fr\/cautionnements-pour-entreprises-et-professionnels\/agences-et-professionnels\/"},{"@type":"ListItem","position":4,"name":"Cautions diverses","item":"https:\/\/www.italiafideiussioni.it\/fr\/cautionnements-pour-entreprises-et-professionnels\/agences-et-professionnels\/cautions-diverses\/"},{"@type":"ListItem","position":5,"name":"Assurance Cr\u00e9dit &#8211; Assurance des Cr\u00e9ances"}]},{"@type":"WebSite","@id":"https:\/\/www.italiafideiussioni.it\/fr\/#website","url":"https:\/\/www.italiafideiussioni.it\/fr\/","name":"Italia Fideiussioni","description":"","publisher":{"@id":"https:\/\/www.italiafideiussioni.it\/fr\/#organization"},"potentialAction":[{"@type":"SearchAction","target":{"@type":"EntryPoint","urlTemplate":"https:\/\/www.italiafideiussioni.it\/fr\/?s={search_term_string}"},"query-input":{"@type":"PropertyValueSpecification","valueRequired":true,"valueName":"search_term_string"}}],"inLanguage":"fr-FR"},{"@type":"Organization","@id":"https:\/\/www.italiafideiussioni.it\/fr\/#organization","name":"Fideiussioni s.r.l.","url":"https:\/\/www.italiafideiussioni.it\/fr\/","logo":{"@type":"ImageObject","inLanguage":"fr-FR","@id":"https:\/\/www.italiafideiussioni.it\/fr\/#\/schema\/logo\/image\/","url":"https:\/\/www.italiafideiussioni.it\/wp-content\/uploads\/2018\/10\/italiafideiussioni-logo-white.png","contentUrl":"https:\/\/www.italiafideiussioni.it\/wp-content\/uploads\/2018\/10\/italiafideiussioni-logo-white.png","width":516,"height":97,"caption":"Fideiussioni s.r.l."},"image":{"@id":"https:\/\/www.italiafideiussioni.it\/fr\/#\/schema\/logo\/image\/"},"sameAs":["https:\/\/www.facebook.com\/italiafideiussioni\/","https:\/\/x.com\/itafideiussioni","https:\/\/www.linkedin.com\/company\/italiafideiussioni-srl\/about\/","https:\/\/www.youtube.com\/channel\/UC-OhbmM_pkAEKLqJ6nQbpjw"]}]}},"_links":{"self":[{"href":"https:\/\/www.italiafideiussioni.it\/fr\/wp-json\/wp\/v2\/pages\/8844","targetHints":{"allow":["GET"]}}],"collection":[{"href":"https:\/\/www.italiafideiussioni.it\/fr\/wp-json\/wp\/v2\/pages"}],"about":[{"href":"https:\/\/www.italiafideiussioni.it\/fr\/wp-json\/wp\/v2\/types\/page"}],"author":[{"embeddable":true,"href":"https:\/\/www.italiafideiussioni.it\/fr\/wp-json\/wp\/v2\/users\/2"}],"replies":[{"embeddable":true,"href":"https:\/\/www.italiafideiussioni.it\/fr\/wp-json\/wp\/v2\/comments?post=8844"}],"version-history":[{"count":1,"href":"https:\/\/www.italiafideiussioni.it\/fr\/wp-json\/wp\/v2\/pages\/8844\/revisions"}],"predecessor-version":[{"id":8869,"href":"https:\/\/www.italiafideiussioni.it\/fr\/wp-json\/wp\/v2\/pages\/8844\/revisions\/8869"}],"up":[{"embeddable":true,"href":"https:\/\/www.italiafideiussioni.it\/fr\/wp-json\/wp\/v2\/pages\/8868"}],"wp:featuredmedia":[{"embeddable":true,"href":"https:\/\/www.italiafideiussioni.it\/fr\/wp-json\/wp\/v2\/media\/8845"}],"wp:attachment":[{"href":"https:\/\/www.italiafideiussioni.it\/fr\/wp-json\/wp\/v2\/media?parent=8844"}],"curies":[{"name":"wp","href":"https:\/\/api.w.org\/{rel}","templated":true}]}}