{"id":8839,"date":"2024-11-07T14:10:03","date_gmt":"2024-11-07T14:10:03","guid":{"rendered":"https:\/\/www.italiafideiussioni.it\/?page_id=8839"},"modified":"2024-11-18T11:14:59","modified_gmt":"2024-11-18T11:14:59","slug":"citoyennete-italienne","status":"publish","type":"page","link":"https:\/\/www.italiafideiussioni.it\/fr\/caution-bancaire-polices-pour-etrangers\/citoyennete-italienne\/","title":{"rendered":"Citoyennet\u00e9 italienne"},"content":{"rendered":"\n<h2 class=\"wp-block-heading\"><strong>NOUS NE NOUS OCCUPONS PAS DES DEMANDES DE CITOYENNET\u00c9<\/strong><\/h2>\n\n\n<div class=\"gb-container gb-container-d573e615\">\n<div class=\"gb-container gb-container-7865d898\">\n<style>.wp-block-kadence-advancedheading.kt-adv-heading8839_5e4581-bf, .wp-block-kadence-advancedheading.kt-adv-heading8839_5e4581-bf[data-kb-block=\"kb-adv-heading8839_5e4581-bf\"]{text-align:left;font-size:var(--global-kb-font-size-xl, 3rem);font-style:normal;}.wp-block-kadence-advancedheading.kt-adv-heading8839_5e4581-bf mark.kt-highlight, .wp-block-kadence-advancedheading.kt-adv-heading8839_5e4581-bf[data-kb-block=\"kb-adv-heading8839_5e4581-bf\"] mark.kt-highlight{font-style:normal;color:#f76a0c;-webkit-box-decoration-break:clone;box-decoration-break:clone;padding-top:0px;padding-right:0px;padding-bottom:0px;padding-left:0px;}.wp-block-kadence-advancedheading.kt-adv-heading8839_5e4581-bf img.kb-inline-image, .wp-block-kadence-advancedheading.kt-adv-heading8839_5e4581-bf[data-kb-block=\"kb-adv-heading8839_5e4581-bf\"] img.kb-inline-image{width:150px;vertical-align:baseline;}<\/style>\n<h2 class=\"kt-adv-heading8839_5e4581-bf wp-block-kadence-advancedheading\" data-kb-block=\"kb-adv-heading8839_5e4581-bf\"><strong>Voulez-vous demander la citoyennet\u00e9 italienne ?<\/strong><\/h2>\n\n\n\n<p><strong>Comment obtenir la citoyennet\u00e9 italienne : un guide complet<\/strong><\/p>\n\n\n\n<p>La citoyennet\u00e9 italienne est tr\u00e8s convoit\u00e9e en raison de l&rsquo;histoire, de la culture et des opportunit\u00e9s de l&rsquo;Italie. Si vous envisagez de devenir citoyen italien, il est essentiel de comprendre les diff\u00e9rentes voies et exigences pour obtenir ce statut. Voici un guide complet sur la mani\u00e8re d\u2019obtenir la citoyennet\u00e9 italienne.<\/p>\n\n\n\n<h3 class=\"wp-block-heading\">1. Citoyennet\u00e9 par Ius Sanguinis (par filiation)<\/h3>\n\n\n\n<p><strong>1. Nationalit\u00e9 par Ius Sanguinis (par Descendance)<\/strong><br>La nationalit\u00e9 italienne peut \u00eatre acquise par descendance, connue sous le nom de \u00ab\u00a0ius sanguinis\u00a0\u00bb. Cette m\u00e9thode repose sur votre ascendance italienne.<\/p>\n\n\n\n<p><strong>Conditions :<\/strong><\/p>\n\n\n\n<ul class=\"wp-block-list\">\n<li><strong>Preuve de Descendance<\/strong> : Vous devez prouver qu\u2019un de vos parents, grands-parents ou arri\u00e8re-grands-parents \u00e9tait citoyen italien. Les documents requis incluent des certificats de naissance, de mariage et de naturalisation.<\/li>\n\n\n\n<li><strong>Documentation Compl\u00e8te<\/strong> : Les documents doivent \u00eatre traduits et apostill\u00e9s s\u2019ils ne sont pas en italien.<\/li>\n<\/ul>\n\n\n\n<p><strong>Proc\u00e9dure :<\/strong><\/p>\n\n\n\n<ul class=\"wp-block-list\">\n<li><strong>Collecte des Documents<\/strong> : Obtenez et pr\u00e9parez tous les documents n\u00e9cessaires prouvant votre descendance.<\/li>\n\n\n\n<li><strong>Demande de Certificats<\/strong> : Demandez les certificats de naissance et de mariage aupr\u00e8s des communes d\u2019origine de vos anc\u00eatres.<\/li>\n\n\n\n<li><strong>Pr\u00e9sentation de la Demande<\/strong> : Pr\u00e9sentez la demande aupr\u00e8s du Consulat italien de votre pays de r\u00e9sidence ou directement en Italie, si vous y r\u00e9sidez.<\/li>\n<\/ul>\n\n\n\n<p><strong>2. Nationalit\u00e9 par Mariage<\/strong><br>Si vous \u00eates mari\u00e9 \u00e0 un citoyen italien, vous pouvez demander la nationalit\u00e9 italienne apr\u00e8s un certain d\u00e9lai.<\/p>\n\n\n\n<p><strong>Conditions :<\/strong><\/p>\n\n\n\n<ul class=\"wp-block-list\">\n<li><strong>Mari\u00e9 \u00e0 un Citoyen Italien<\/strong> : Vous devez \u00eatre mari\u00e9 \u00e0 un citoyen italien depuis au moins deux ans si vous r\u00e9sidez en Italie, ou trois ans si vous r\u00e9sidez \u00e0 l\u2019\u00e9tranger.<\/li>\n\n\n\n<li><strong>Connaissance de la Langue<\/strong> : Vous devez d\u00e9montrer une connaissance suffisante de l\u2019italien (niveau B1 du Cadre Europ\u00e9en Commun de R\u00e9f\u00e9rence pour les Langues).<\/li>\n<\/ul>\n\n\n\n<p><strong>Proc\u00e9dure :<\/strong><\/p>\n\n\n\n<ul class=\"wp-block-list\">\n<li><strong>Preuve de Mariage<\/strong> : Fournissez une documentation prouvant le mariage et votre relation.<\/li>\n\n\n\n<li><strong>Certification Linguistique<\/strong> : D\u00e9montrez votre niveau de comp\u00e9tence en italien \u00e0 l\u2019aide de certificats officiels.<\/li>\n\n\n\n<li><strong>Pr\u00e9sentation de la Demande<\/strong> : Envoyez la demande via le Consulat italien ou \u00e0 la Pr\u00e9fecture en Italie.<\/li>\n<\/ul>\n\n\n\n<p><strong>3. Nationalit\u00e9 par Naturalisation<\/strong><br>La naturalisation est une voie pour ceux qui ont r\u00e9sid\u00e9 en Italie pendant une longue p\u00e9riode et remplissent certains crit\u00e8res.<\/p>\n\n\n\n<p><strong>Conditions :<\/strong><\/p>\n\n\n\n<ul class=\"wp-block-list\">\n<li><strong>R\u00e9sidence L\u00e9gale<\/strong> : Vous devez avoir r\u00e9sid\u00e9 l\u00e9galement en Italie pendant au moins 10 ans. Cette p\u00e9riode peut \u00eatre r\u00e9duite \u00e0 5 ans pour les r\u00e9fugi\u00e9s ou \u00e0 3 ans pour les conjoints de citoyens italiens.<\/li>\n\n\n\n<li><strong>Contribution \u00e0 la Soci\u00e9t\u00e9<\/strong> : Vous devez d\u00e9montrer votre int\u00e9gration dans la soci\u00e9t\u00e9 italienne et avoir un bon comportement civique.<\/li>\n<\/ul>\n\n\n\n<p><strong>Proc\u00e9dure :<\/strong><\/p>\n\n\n\n<ul class=\"wp-block-list\">\n<li><strong>Preuve de R\u00e9sidence<\/strong> : Fournissez des preuves de votre r\u00e9sidence continue en Italie, comme des certificats de s\u00e9jour.<\/li>\n\n\n\n<li><strong>Preuve d\u2019Int\u00e9gration<\/strong> : Montrez votre int\u00e9gration \u00e0 la communaut\u00e9 par des travaux, \u00e9tudes ou autres activit\u00e9s.<\/li>\n\n\n\n<li><strong>Pr\u00e9sentation de la Demande<\/strong> : Soumettez votre demande au Minist\u00e8re de l\u2019Int\u00e9rieur italien ou aupr\u00e8s de la mairie de votre r\u00e9sidence.<\/li>\n<\/ul>\n\n\n\n<p><strong>4. Nationalit\u00e9 pour M\u00e9rites Sp\u00e9ciaux<\/strong><br>Dans des cas exceptionnels, la nationalit\u00e9 italienne peut \u00eatre accord\u00e9e pour des m\u00e9rites sp\u00e9ciaux, comme des contributions significatives \u00e0 la culture, la science ou la soci\u00e9t\u00e9.<\/p>\n\n\n\n<p><strong>Conditions :<\/strong><\/p>\n\n\n\n<ul class=\"wp-block-list\">\n<li><strong>Contribution Remarquable<\/strong> : Vous devez prouver une contribution notable et reconnue au niveau national ou international.<\/li>\n<\/ul>\n\n\n\n<p><strong>Proc\u00e9dure :<\/strong><\/p>\n\n\n\n<ul class=\"wp-block-list\">\n<li><strong>Documentation des M\u00e9rites<\/strong> : Fournissez des preuves de vos contributions significatives.<\/li>\n\n\n\n<li><strong>Demande de Concession<\/strong> : Pr\u00e9sentez une demande formelle au Pr\u00e9sident de la R\u00e9publique Italienne.<\/li>\n<\/ul>\n\n\n\n<p><strong>Conclusions<\/strong><br>Obtenir la nationalit\u00e9 italienne est un processus qui exige une attention aux d\u00e9tails et de la patience. Que vous recherchiez la nationalit\u00e9 par descendance, mariage, naturalisation ou pour m\u00e9rites sp\u00e9ciaux, il est essentiel de suivre attentivement les proc\u00e9dures et de fournir toute la documentation requise. Assurez-vous de consulter des sources officielles et, si n\u00e9cessaire, de faire appel \u00e0 un avocat sp\u00e9cialis\u00e9 pour vous assister dans ce processus. La nationalit\u00e9 italienne peut ouvrir de nouvelles portes et vous offrir un lien profond avec l\u2019une des nations les plus fascinantes au monde.<\/p>\n\n<\/div>\n\n<style>.wp-block-kadence-spacer.kt-block-spacer-8839_f47bd0-98 .kt-block-spacer{height:60px;}.wp-block-kadence-spacer.kt-block-spacer-8839_f47bd0-98 .kt-divider{border-top-width:1px;height:1px;border-top-color:#abb8c3;width:80%;border-top-style:solid;}<\/style>\n<div class=\"wp-block-kadence-spacer aligncenter kt-block-spacer-8839_f47bd0-98\"><div class=\"kt-block-spacer kt-block-spacer-halign-center\"><hr class=\"kt-divider\"\/><\/div><\/div>\n\n<\/div>","protected":false},"excerpt":{"rendered":"<p>NOUS NE NOUS OCCUPONS PAS DES DEMANDES DE CITOYENNET\u00c9 Voulez-vous demander la citoyennet\u00e9 italienne ? Comment obtenir la citoyennet\u00e9 italienne : un guide complet La citoyennet\u00e9 italienne est tr\u00e8s convoit\u00e9e en raison de l&rsquo;histoire, de la culture et des opportunit\u00e9s de l&rsquo;Italie. Si vous envisagez de devenir citoyen italien, il est essentiel de comprendre les [&hellip;]<\/p>\n","protected":false},"author":3,"featured_media":5379,"parent":8084,"menu_order":0,"comment_status":"closed","ping_status":"closed","template":"templates-default\/tpl-full-width.php","meta":{"_acf_changed":false,"_yoast_wpseo_focuskw":"","_yoast_wpseo_title":"Citoyennet\u00e9 Italienne : Fideiussione Bancaire et assurance","_yoast_wpseo_metadesc":"Obtenez votre citoyennet\u00e9 italienne en toute s\u00e9curit\u00e9 gr\u00e2ce \u00e0 nos solutions de fideiussione bancaire et polices d'assurance.","_yoast_wpseo_meta-robots-noindex":"","_yoast_wpseo_meta-robots-nofollow":"","_yoast_wpseo_canonical":"","_yoast_wpseo_opengraph-title":"","_yoast_wpseo_opengraph-description":"","_yoast_wpseo_opengraph-image":"","_yoast_wpseo_opengraph-image-id":"","_yoast_wpseo_twitter-title":"","_yoast_wpseo_twitter-description":"","_yoast_wpseo_twitter-image":"","footnotes":""},"class_list":["post-8839","page","type-page","status-publish","has-post-thumbnail","hentry"],"acf":{"blocco_iniziale":"","macroarea_servizi":"stranieri","blocco_testimonianze":"1","blocco_euro_titolo":"","blocco_euro_testo":"","immagini_aggiuntive":false,"blocco_info_titolo":"","blocco_info_testo":""},"yoast_head":"<!-- This site is optimized with the Yoast SEO plugin v27.5 - https:\/\/yoast.com\/product\/yoast-seo-wordpress\/ -->\n<title>Citoyennet\u00e9 Italienne : Fideiussione Bancaire et assurance<\/title>\n<meta name=\"description\" content=\"Obtenez votre citoyennet\u00e9 italienne en toute s\u00e9curit\u00e9 gr\u00e2ce \u00e0 nos solutions de fideiussione bancaire et polices d&#039;assurance.\" \/>\n<meta name=\"robots\" content=\"index, follow, max-snippet:-1, max-image-preview:large, max-video-preview:-1\" \/>\n<link rel=\"canonical\" href=\"https:\/\/www.italiafideiussioni.it\/fr\/caution-bancaire-polices-pour-etrangers\/citoyennete-italienne\/\" \/>\n<meta property=\"og:locale\" content=\"fr_FR\" \/>\n<meta property=\"og:type\" content=\"article\" \/>\n<meta property=\"og:title\" content=\"Citoyennet\u00e9 Italienne : Fideiussione Bancaire et assurance\" \/>\n<meta property=\"og:description\" content=\"Obtenez votre citoyennet\u00e9 italienne en toute s\u00e9curit\u00e9 gr\u00e2ce \u00e0 nos solutions de fideiussione bancaire et polices d&#039;assurance.\" \/>\n<meta property=\"og:url\" content=\"https:\/\/www.italiafideiussioni.it\/fr\/caution-bancaire-polices-pour-etrangers\/citoyennete-italienne\/\" \/>\n<meta property=\"og:site_name\" content=\"Italia Fideiussioni\" \/>\n<meta property=\"article:publisher\" content=\"https:\/\/www.facebook.com\/italiafideiussioni\/\" \/>\n<meta property=\"article:modified_time\" content=\"2024-11-18T11:14:59+00:00\" \/>\n<meta property=\"og:image\" content=\"https:\/\/www.italiafideiussioni.it\/wp-content\/uploads\/2023\/06\/aiuto-domanda-cittadinanza.jpg\" \/>\n\t<meta property=\"og:image:width\" content=\"1000\" \/>\n\t<meta property=\"og:image:height\" content=\"667\" \/>\n\t<meta property=\"og:image:type\" content=\"image\/jpeg\" \/>\n<meta name=\"twitter:card\" content=\"summary_large_image\" \/>\n<meta name=\"twitter:site\" content=\"@itafideiussioni\" \/>\n<meta name=\"twitter:label1\" content=\"Dur\u00e9e de lecture estim\u00e9e\" \/>\n\t<meta name=\"twitter:data1\" content=\"4 minutes\" \/>\n<script type=\"application\/ld+json\" class=\"yoast-schema-graph\">{\"@context\":\"https:\\\/\\\/schema.org\",\"@graph\":[{\"@type\":\"WebPage\",\"@id\":\"https:\\\/\\\/www.italiafideiussioni.it\\\/fr\\\/caution-bancaire-polices-pour-etrangers\\\/citoyennete-italienne\\\/\",\"url\":\"https:\\\/\\\/www.italiafideiussioni.it\\\/fr\\\/caution-bancaire-polices-pour-etrangers\\\/citoyennete-italienne\\\/\",\"name\":\"Citoyennet\u00e9 Italienne : Fideiussione Bancaire et assurance\",\"isPartOf\":{\"@id\":\"https:\\\/\\\/www.italiafideiussioni.it\\\/fr\\\/#website\"},\"primaryImageOfPage\":{\"@id\":\"https:\\\/\\\/www.italiafideiussioni.it\\\/fr\\\/caution-bancaire-polices-pour-etrangers\\\/citoyennete-italienne\\\/#primaryimage\"},\"image\":{\"@id\":\"https:\\\/\\\/www.italiafideiussioni.it\\\/fr\\\/caution-bancaire-polices-pour-etrangers\\\/citoyennete-italienne\\\/#primaryimage\"},\"thumbnailUrl\":\"https:\\\/\\\/www.italiafideiussioni.it\\\/wp-content\\\/uploads\\\/2023\\\/06\\\/aiuto-domanda-cittadinanza.jpg\",\"datePublished\":\"2024-11-07T14:10:03+00:00\",\"dateModified\":\"2024-11-18T11:14:59+00:00\",\"description\":\"Obtenez votre citoyennet\u00e9 italienne en toute s\u00e9curit\u00e9 gr\u00e2ce \u00e0 nos solutions de fideiussione bancaire et polices d'assurance.\",\"breadcrumb\":{\"@id\":\"https:\\\/\\\/www.italiafideiussioni.it\\\/fr\\\/caution-bancaire-polices-pour-etrangers\\\/citoyennete-italienne\\\/#breadcrumb\"},\"inLanguage\":\"fr-FR\",\"potentialAction\":[{\"@type\":\"ReadAction\",\"target\":[\"https:\\\/\\\/www.italiafideiussioni.it\\\/fr\\\/caution-bancaire-polices-pour-etrangers\\\/citoyennete-italienne\\\/\"]}]},{\"@type\":\"ImageObject\",\"inLanguage\":\"fr-FR\",\"@id\":\"https:\\\/\\\/www.italiafideiussioni.it\\\/fr\\\/caution-bancaire-polices-pour-etrangers\\\/citoyennete-italienne\\\/#primaryimage\",\"url\":\"https:\\\/\\\/www.italiafideiussioni.it\\\/wp-content\\\/uploads\\\/2023\\\/06\\\/aiuto-domanda-cittadinanza.jpg\",\"contentUrl\":\"https:\\\/\\\/www.italiafideiussioni.it\\\/wp-content\\\/uploads\\\/2023\\\/06\\\/aiuto-domanda-cittadinanza.jpg\",\"width\":1000,\"height\":667},{\"@type\":\"BreadcrumbList\",\"@id\":\"https:\\\/\\\/www.italiafideiussioni.it\\\/fr\\\/caution-bancaire-polices-pour-etrangers\\\/citoyennete-italienne\\\/#breadcrumb\",\"itemListElement\":[{\"@type\":\"ListItem\",\"position\":1,\"name\":\"Home\",\"item\":\"https:\\\/\\\/www.italiafideiussioni.it\\\/fr\\\/page-daccueil-2013\\\/\"},{\"@type\":\"ListItem\",\"position\":2,\"name\":\"Caution Bancaire et polices pour \u00c9trangers\",\"item\":\"https:\\\/\\\/www.italiafideiussioni.it\\\/fr\\\/caution-bancaire-polices-pour-etrangers\\\/\"},{\"@type\":\"ListItem\",\"position\":3,\"name\":\"Citoyennet\u00e9 italienne\"}]},{\"@type\":\"WebSite\",\"@id\":\"https:\\\/\\\/www.italiafideiussioni.it\\\/fr\\\/#website\",\"url\":\"https:\\\/\\\/www.italiafideiussioni.it\\\/fr\\\/\",\"name\":\"Italia Fideiussioni\",\"description\":\"\",\"publisher\":{\"@id\":\"https:\\\/\\\/www.italiafideiussioni.it\\\/fr\\\/#organization\"},\"potentialAction\":[{\"@type\":\"SearchAction\",\"target\":{\"@type\":\"EntryPoint\",\"urlTemplate\":\"https:\\\/\\\/www.italiafideiussioni.it\\\/fr\\\/?s={search_term_string}\"},\"query-input\":{\"@type\":\"PropertyValueSpecification\",\"valueRequired\":true,\"valueName\":\"search_term_string\"}}],\"inLanguage\":\"fr-FR\"},{\"@type\":\"Organization\",\"@id\":\"https:\\\/\\\/www.italiafideiussioni.it\\\/fr\\\/#organization\",\"name\":\"Fideiussioni s.r.l.\",\"url\":\"https:\\\/\\\/www.italiafideiussioni.it\\\/fr\\\/\",\"logo\":{\"@type\":\"ImageObject\",\"inLanguage\":\"fr-FR\",\"@id\":\"https:\\\/\\\/www.italiafideiussioni.it\\\/fr\\\/#\\\/schema\\\/logo\\\/image\\\/\",\"url\":\"https:\\\/\\\/www.italiafideiussioni.it\\\/wp-content\\\/uploads\\\/2018\\\/10\\\/italiafideiussioni-logo-white.png\",\"contentUrl\":\"https:\\\/\\\/www.italiafideiussioni.it\\\/wp-content\\\/uploads\\\/2018\\\/10\\\/italiafideiussioni-logo-white.png\",\"width\":516,\"height\":97,\"caption\":\"Fideiussioni s.r.l.\"},\"image\":{\"@id\":\"https:\\\/\\\/www.italiafideiussioni.it\\\/fr\\\/#\\\/schema\\\/logo\\\/image\\\/\"},\"sameAs\":[\"https:\\\/\\\/www.facebook.com\\\/italiafideiussioni\\\/\",\"https:\\\/\\\/x.com\\\/itafideiussioni\",\"https:\\\/\\\/www.linkedin.com\\\/company\\\/italiafideiussioni-srl\\\/about\\\/\",\"https:\\\/\\\/www.youtube.com\\\/channel\\\/UC-OhbmM_pkAEKLqJ6nQbpjw\"]}]}<\/script>\n<!-- \/ Yoast SEO plugin. -->","yoast_head_json":{"title":"Citoyennet\u00e9 Italienne : Fideiussione Bancaire et assurance","description":"Obtenez votre citoyennet\u00e9 italienne en toute s\u00e9curit\u00e9 gr\u00e2ce \u00e0 nos solutions de fideiussione bancaire et polices d'assurance.","robots":{"index":"index","follow":"follow","max-snippet":"max-snippet:-1","max-image-preview":"max-image-preview:large","max-video-preview":"max-video-preview:-1"},"canonical":"https:\/\/www.italiafideiussioni.it\/fr\/caution-bancaire-polices-pour-etrangers\/citoyennete-italienne\/","og_locale":"fr_FR","og_type":"article","og_title":"Citoyennet\u00e9 Italienne : Fideiussione Bancaire et assurance","og_description":"Obtenez votre citoyennet\u00e9 italienne en toute s\u00e9curit\u00e9 gr\u00e2ce \u00e0 nos solutions de fideiussione bancaire et polices d'assurance.","og_url":"https:\/\/www.italiafideiussioni.it\/fr\/caution-bancaire-polices-pour-etrangers\/citoyennete-italienne\/","og_site_name":"Italia Fideiussioni","article_publisher":"https:\/\/www.facebook.com\/italiafideiussioni\/","article_modified_time":"2024-11-18T11:14:59+00:00","og_image":[{"width":1000,"height":667,"url":"https:\/\/www.italiafideiussioni.it\/wp-content\/uploads\/2023\/06\/aiuto-domanda-cittadinanza.jpg","type":"image\/jpeg"}],"twitter_card":"summary_large_image","twitter_site":"@itafideiussioni","twitter_misc":{"Dur\u00e9e de lecture estim\u00e9e":"4 minutes"},"schema":{"@context":"https:\/\/schema.org","@graph":[{"@type":"WebPage","@id":"https:\/\/www.italiafideiussioni.it\/fr\/caution-bancaire-polices-pour-etrangers\/citoyennete-italienne\/","url":"https:\/\/www.italiafideiussioni.it\/fr\/caution-bancaire-polices-pour-etrangers\/citoyennete-italienne\/","name":"Citoyennet\u00e9 Italienne : Fideiussione Bancaire et assurance","isPartOf":{"@id":"https:\/\/www.italiafideiussioni.it\/fr\/#website"},"primaryImageOfPage":{"@id":"https:\/\/www.italiafideiussioni.it\/fr\/caution-bancaire-polices-pour-etrangers\/citoyennete-italienne\/#primaryimage"},"image":{"@id":"https:\/\/www.italiafideiussioni.it\/fr\/caution-bancaire-polices-pour-etrangers\/citoyennete-italienne\/#primaryimage"},"thumbnailUrl":"https:\/\/www.italiafideiussioni.it\/wp-content\/uploads\/2023\/06\/aiuto-domanda-cittadinanza.jpg","datePublished":"2024-11-07T14:10:03+00:00","dateModified":"2024-11-18T11:14:59+00:00","description":"Obtenez votre citoyennet\u00e9 italienne en toute s\u00e9curit\u00e9 gr\u00e2ce \u00e0 nos solutions de fideiussione bancaire et polices d'assurance.","breadcrumb":{"@id":"https:\/\/www.italiafideiussioni.it\/fr\/caution-bancaire-polices-pour-etrangers\/citoyennete-italienne\/#breadcrumb"},"inLanguage":"fr-FR","potentialAction":[{"@type":"ReadAction","target":["https:\/\/www.italiafideiussioni.it\/fr\/caution-bancaire-polices-pour-etrangers\/citoyennete-italienne\/"]}]},{"@type":"ImageObject","inLanguage":"fr-FR","@id":"https:\/\/www.italiafideiussioni.it\/fr\/caution-bancaire-polices-pour-etrangers\/citoyennete-italienne\/#primaryimage","url":"https:\/\/www.italiafideiussioni.it\/wp-content\/uploads\/2023\/06\/aiuto-domanda-cittadinanza.jpg","contentUrl":"https:\/\/www.italiafideiussioni.it\/wp-content\/uploads\/2023\/06\/aiuto-domanda-cittadinanza.jpg","width":1000,"height":667},{"@type":"BreadcrumbList","@id":"https:\/\/www.italiafideiussioni.it\/fr\/caution-bancaire-polices-pour-etrangers\/citoyennete-italienne\/#breadcrumb","itemListElement":[{"@type":"ListItem","position":1,"name":"Home","item":"https:\/\/www.italiafideiussioni.it\/fr\/page-daccueil-2013\/"},{"@type":"ListItem","position":2,"name":"Caution Bancaire et polices pour \u00c9trangers","item":"https:\/\/www.italiafideiussioni.it\/fr\/caution-bancaire-polices-pour-etrangers\/"},{"@type":"ListItem","position":3,"name":"Citoyennet\u00e9 italienne"}]},{"@type":"WebSite","@id":"https:\/\/www.italiafideiussioni.it\/fr\/#website","url":"https:\/\/www.italiafideiussioni.it\/fr\/","name":"Italia Fideiussioni","description":"","publisher":{"@id":"https:\/\/www.italiafideiussioni.it\/fr\/#organization"},"potentialAction":[{"@type":"SearchAction","target":{"@type":"EntryPoint","urlTemplate":"https:\/\/www.italiafideiussioni.it\/fr\/?s={search_term_string}"},"query-input":{"@type":"PropertyValueSpecification","valueRequired":true,"valueName":"search_term_string"}}],"inLanguage":"fr-FR"},{"@type":"Organization","@id":"https:\/\/www.italiafideiussioni.it\/fr\/#organization","name":"Fideiussioni s.r.l.","url":"https:\/\/www.italiafideiussioni.it\/fr\/","logo":{"@type":"ImageObject","inLanguage":"fr-FR","@id":"https:\/\/www.italiafideiussioni.it\/fr\/#\/schema\/logo\/image\/","url":"https:\/\/www.italiafideiussioni.it\/wp-content\/uploads\/2018\/10\/italiafideiussioni-logo-white.png","contentUrl":"https:\/\/www.italiafideiussioni.it\/wp-content\/uploads\/2018\/10\/italiafideiussioni-logo-white.png","width":516,"height":97,"caption":"Fideiussioni s.r.l."},"image":{"@id":"https:\/\/www.italiafideiussioni.it\/fr\/#\/schema\/logo\/image\/"},"sameAs":["https:\/\/www.facebook.com\/italiafideiussioni\/","https:\/\/x.com\/itafideiussioni","https:\/\/www.linkedin.com\/company\/italiafideiussioni-srl\/about\/","https:\/\/www.youtube.com\/channel\/UC-OhbmM_pkAEKLqJ6nQbpjw"]}]}},"_links":{"self":[{"href":"https:\/\/www.italiafideiussioni.it\/fr\/wp-json\/wp\/v2\/pages\/8839","targetHints":{"allow":["GET"]}}],"collection":[{"href":"https:\/\/www.italiafideiussioni.it\/fr\/wp-json\/wp\/v2\/pages"}],"about":[{"href":"https:\/\/www.italiafideiussioni.it\/fr\/wp-json\/wp\/v2\/types\/page"}],"author":[{"embeddable":true,"href":"https:\/\/www.italiafideiussioni.it\/fr\/wp-json\/wp\/v2\/users\/3"}],"replies":[{"embeddable":true,"href":"https:\/\/www.italiafideiussioni.it\/fr\/wp-json\/wp\/v2\/comments?post=8839"}],"version-history":[{"count":1,"href":"https:\/\/www.italiafideiussioni.it\/fr\/wp-json\/wp\/v2\/pages\/8839\/revisions"}],"predecessor-version":[{"id":8842,"href":"https:\/\/www.italiafideiussioni.it\/fr\/wp-json\/wp\/v2\/pages\/8839\/revisions\/8842"}],"up":[{"embeddable":true,"href":"https:\/\/www.italiafideiussioni.it\/fr\/wp-json\/wp\/v2\/pages\/8084"}],"wp:featuredmedia":[{"embeddable":true,"href":"https:\/\/www.italiafideiussioni.it\/fr\/wp-json\/wp\/v2\/media\/5379"}],"wp:attachment":[{"href":"https:\/\/www.italiafideiussioni.it\/fr\/wp-json\/wp\/v2\/media?parent=8839"}],"curies":[{"name":"wp","href":"https:\/\/api.w.org\/{rel}","templated":true}]}}