{"id":8815,"date":"2022-06-21T09:20:26","date_gmt":"2022-06-21T09:20:26","guid":{"rendered":"https:\/\/www.italiafideiussioni.it\/vous-voulez-savoir-avec-certitude-si-vous-avez-besoin-dun-visa-touristique-pour-entrer-en-italie-et-dans-lespace-schengen\/"},"modified":"2025-11-07T13:09:56","modified_gmt":"2025-11-07T13:09:56","slug":"vous-voulez-savoir-avec-certitude-si-vous-avez-besoin-dun-visa-touristique-pour-entrer-en-italie-et-dans-lespace-schengen","status":"publish","type":"page","link":"https:\/\/www.italiafideiussioni.it\/fr\/vous-voulez-savoir-avec-certitude-si-vous-avez-besoin-dun-visa-touristique-pour-entrer-en-italie-et-dans-lespace-schengen\/","title":{"rendered":"Vous voulez savoir avec certitude si vous avez besoin d&rsquo;un visa touristique pour entrer en Italie et dans l&rsquo;espace Schengen ?"},"content":{"rendered":"<p>Gr\u00e2ce au site du Minist\u00e8re des Affaires \u00e9trang\u00e8res, vous pouvez en 4 \u00e9tapes simples savoir si vous avez besoin d&rsquo;un visa touristique pour entrer en Italie. Il existe environ 22 types de visas, les plus demand\u00e9s sont :<\/p>\n<ul>\n<li>Visa touristique ;<\/li>\n<li>Visa d\u2019\u00e9tude ;<\/li>\n<li>Visa touristique sur invitation d\u2019un parent ou ami r\u00e9sidant en Italie ;<\/li>\n<li>Visa de travail.<\/li>\n<\/ul>\n<p>Pour chacun de ces pays et pour chacun de ces visas, il est n\u00e9cessaire de souscrire une <a href=\"https:\/\/www.italiafideiussioni.it\/fr\/fideiussione-bancaria-e-polizze-per-stranieri\/garantie-bancaire-pour-visa-touristique\/\">caution bancaire<\/a> et une <a href=\"https:\/\/www.italiafideiussioni.it\/fr\/fideiussione-bancaria-e-polizze-per-stranieri\/police-dassurance-sante-pour-le-visa-touristique-italie\/\" target=\"_blank\" rel=\"noopener\">assurance sant\u00e9 <\/a>pour un montant de 30 000,00 euros.<\/p>\n<p>&nbsp;<\/p>\n<p style=\"text-align: right;\"><a href=\"https:\/\/www.italiafideiussioni.it\/fr\/caution-bancaire-polices-pour-etrangers\/f-a-q-visa-touristique-pour-etrangers\/\"><em>Retour aux F.A.Q.<\/em><\/a><\/p>\n","protected":false},"excerpt":{"rendered":"<p>Gr\u00e2ce au site du Minist\u00e8re des Affaires \u00e9trang\u00e8res, vous pouvez en 4 \u00e9tapes simples savoir si vous avez besoin d&rsquo;un visa touristique pour entrer en Italie. Il existe environ 22 types de visas, les plus demand\u00e9s sont : Visa touristique ; Visa d\u2019\u00e9tude ; Visa touristique sur invitation d\u2019un parent ou ami r\u00e9sidant en Italie [&hellip;]<\/p>\n","protected":false},"author":3,"featured_media":8816,"parent":0,"menu_order":0,"comment_status":"closed","ping_status":"closed","template":"","meta":{"_acf_changed":false,"_yoast_wpseo_focuskw":"","_yoast_wpseo_title":"Comment savoir si j'ai besoin d'un visa pour entrer en Italie ?","_yoast_wpseo_metadesc":"Dans cet article, vous d\u00e9couvrirez comment savoir si vous avez besoin ou non d'un visa touristique pour entrer en Italie, en 4 \u00e9tapes et en quelques minutes.","_yoast_wpseo_meta-robots-noindex":"","_yoast_wpseo_meta-robots-nofollow":"","_yoast_wpseo_canonical":"","_yoast_wpseo_opengraph-title":"","_yoast_wpseo_opengraph-description":"","_yoast_wpseo_opengraph-image":"","_yoast_wpseo_opengraph-image-id":"","_yoast_wpseo_twitter-title":"","_yoast_wpseo_twitter-description":"","_yoast_wpseo_twitter-image":"","footnotes":""},"class_list":["post-8815","page","type-page","status-publish","has-post-thumbnail","hentry"],"acf":{"blocco_testimonianze":"1","blocco_iniziale":"","titolo_form":"","macroarea_servizi":"","blocco_euro_titolo":"","blocco_euro_testo":"","immagini_aggiuntive":false,"blocco_info_titolo":"","blocco_info_testo":""},"yoast_head":"<!-- This site is optimized with the Yoast SEO plugin v27.4 - https:\/\/yoast.com\/product\/yoast-seo-wordpress\/ -->\n<title>Comment savoir si j&#039;ai besoin d&#039;un visa pour entrer en Italie ?<\/title>\n<meta name=\"description\" content=\"Dans cet article, vous d\u00e9couvrirez comment savoir si vous avez besoin ou non d&#039;un visa touristique pour entrer en Italie, en 4 \u00e9tapes et en quelques minutes.\" \/>\n<meta name=\"robots\" content=\"index, follow, max-snippet:-1, max-image-preview:large, max-video-preview:-1\" \/>\n<link rel=\"canonical\" href=\"https:\/\/www.italiafideiussioni.it\/fr\/vous-voulez-savoir-avec-certitude-si-vous-avez-besoin-dun-visa-touristique-pour-entrer-en-italie-et-dans-lespace-schengen\/\" \/>\n<meta property=\"og:locale\" content=\"fr_FR\" \/>\n<meta property=\"og:type\" content=\"article\" \/>\n<meta property=\"og:title\" content=\"Comment savoir si j&#039;ai besoin d&#039;un visa pour entrer en Italie ?\" \/>\n<meta property=\"og:description\" content=\"Dans cet article, vous d\u00e9couvrirez comment savoir si vous avez besoin ou non d&#039;un visa touristique pour entrer en Italie, en 4 \u00e9tapes et en quelques minutes.\" \/>\n<meta property=\"og:url\" content=\"https:\/\/www.italiafideiussioni.it\/fr\/vous-voulez-savoir-avec-certitude-si-vous-avez-besoin-dun-visa-touristique-pour-entrer-en-italie-et-dans-lespace-schengen\/\" \/>\n<meta property=\"og:site_name\" content=\"Italia Fideiussioni\" \/>\n<meta property=\"article:publisher\" content=\"https:\/\/www.facebook.com\/italiafideiussioni\/\" \/>\n<meta property=\"article:modified_time\" content=\"2025-11-07T13:09:56+00:00\" \/>\n<meta property=\"og:image\" content=\"https:\/\/www.italiafideiussioni.it\/wp-content\/uploads\/2022\/06\/a-me-serve-visto.jpg\" \/>\n\t<meta property=\"og:image:width\" content=\"630\" \/>\n\t<meta property=\"og:image:height\" content=\"420\" \/>\n\t<meta property=\"og:image:type\" content=\"image\/jpeg\" \/>\n<meta name=\"twitter:card\" content=\"summary_large_image\" \/>\n<meta name=\"twitter:site\" content=\"@itafideiussioni\" \/>\n<meta name=\"twitter:label1\" content=\"Dur\u00e9e de lecture estim\u00e9e\" \/>\n\t<meta name=\"twitter:data1\" content=\"1 minute\" \/>\n<script type=\"application\/ld+json\" class=\"yoast-schema-graph\">{\"@context\":\"https:\\\/\\\/schema.org\",\"@graph\":[{\"@type\":\"WebPage\",\"@id\":\"https:\\\/\\\/www.italiafideiussioni.it\\\/fr\\\/vous-voulez-savoir-avec-certitude-si-vous-avez-besoin-dun-visa-touristique-pour-entrer-en-italie-et-dans-lespace-schengen\\\/\",\"url\":\"https:\\\/\\\/www.italiafideiussioni.it\\\/fr\\\/vous-voulez-savoir-avec-certitude-si-vous-avez-besoin-dun-visa-touristique-pour-entrer-en-italie-et-dans-lespace-schengen\\\/\",\"name\":\"Comment savoir si j'ai besoin d'un visa pour entrer en Italie ?\",\"isPartOf\":{\"@id\":\"https:\\\/\\\/www.italiafideiussioni.it\\\/fr\\\/#website\"},\"primaryImageOfPage\":{\"@id\":\"https:\\\/\\\/www.italiafideiussioni.it\\\/fr\\\/vous-voulez-savoir-avec-certitude-si-vous-avez-besoin-dun-visa-touristique-pour-entrer-en-italie-et-dans-lespace-schengen\\\/#primaryimage\"},\"image\":{\"@id\":\"https:\\\/\\\/www.italiafideiussioni.it\\\/fr\\\/vous-voulez-savoir-avec-certitude-si-vous-avez-besoin-dun-visa-touristique-pour-entrer-en-italie-et-dans-lespace-schengen\\\/#primaryimage\"},\"thumbnailUrl\":\"https:\\\/\\\/www.italiafideiussioni.it\\\/wp-content\\\/uploads\\\/2022\\\/06\\\/a-me-serve-visto.jpg\",\"datePublished\":\"2022-06-21T09:20:26+00:00\",\"dateModified\":\"2025-11-07T13:09:56+00:00\",\"description\":\"Dans cet article, vous d\u00e9couvrirez comment savoir si vous avez besoin ou non d'un visa touristique pour entrer en Italie, en 4 \u00e9tapes et en quelques minutes.\",\"breadcrumb\":{\"@id\":\"https:\\\/\\\/www.italiafideiussioni.it\\\/fr\\\/vous-voulez-savoir-avec-certitude-si-vous-avez-besoin-dun-visa-touristique-pour-entrer-en-italie-et-dans-lespace-schengen\\\/#breadcrumb\"},\"inLanguage\":\"fr-FR\",\"potentialAction\":[{\"@type\":\"ReadAction\",\"target\":[\"https:\\\/\\\/www.italiafideiussioni.it\\\/fr\\\/vous-voulez-savoir-avec-certitude-si-vous-avez-besoin-dun-visa-touristique-pour-entrer-en-italie-et-dans-lespace-schengen\\\/\"]}]},{\"@type\":\"ImageObject\",\"inLanguage\":\"fr-FR\",\"@id\":\"https:\\\/\\\/www.italiafideiussioni.it\\\/fr\\\/vous-voulez-savoir-avec-certitude-si-vous-avez-besoin-dun-visa-touristique-pour-entrer-en-italie-et-dans-lespace-schengen\\\/#primaryimage\",\"url\":\"https:\\\/\\\/www.italiafideiussioni.it\\\/wp-content\\\/uploads\\\/2022\\\/06\\\/a-me-serve-visto.jpg\",\"contentUrl\":\"https:\\\/\\\/www.italiafideiussioni.it\\\/wp-content\\\/uploads\\\/2022\\\/06\\\/a-me-serve-visto.jpg\",\"width\":630,\"height\":420},{\"@type\":\"BreadcrumbList\",\"@id\":\"https:\\\/\\\/www.italiafideiussioni.it\\\/fr\\\/vous-voulez-savoir-avec-certitude-si-vous-avez-besoin-dun-visa-touristique-pour-entrer-en-italie-et-dans-lespace-schengen\\\/#breadcrumb\",\"itemListElement\":[{\"@type\":\"ListItem\",\"position\":1,\"name\":\"Home\",\"item\":\"https:\\\/\\\/www.italiafideiussioni.it\\\/fr\\\/page-daccueil-2013\\\/\"},{\"@type\":\"ListItem\",\"position\":2,\"name\":\"Vous voulez savoir avec certitude si vous avez besoin d&#8217;un visa touristique pour entrer en Italie et dans l&#8217;espace Schengen ?\"}]},{\"@type\":\"WebSite\",\"@id\":\"https:\\\/\\\/www.italiafideiussioni.it\\\/fr\\\/#website\",\"url\":\"https:\\\/\\\/www.italiafideiussioni.it\\\/fr\\\/\",\"name\":\"Italia Fideiussioni\",\"description\":\"\",\"publisher\":{\"@id\":\"https:\\\/\\\/www.italiafideiussioni.it\\\/fr\\\/#organization\"},\"potentialAction\":[{\"@type\":\"SearchAction\",\"target\":{\"@type\":\"EntryPoint\",\"urlTemplate\":\"https:\\\/\\\/www.italiafideiussioni.it\\\/fr\\\/?s={search_term_string}\"},\"query-input\":{\"@type\":\"PropertyValueSpecification\",\"valueRequired\":true,\"valueName\":\"search_term_string\"}}],\"inLanguage\":\"fr-FR\"},{\"@type\":\"Organization\",\"@id\":\"https:\\\/\\\/www.italiafideiussioni.it\\\/fr\\\/#organization\",\"name\":\"Fideiussioni s.r.l.\",\"url\":\"https:\\\/\\\/www.italiafideiussioni.it\\\/fr\\\/\",\"logo\":{\"@type\":\"ImageObject\",\"inLanguage\":\"fr-FR\",\"@id\":\"https:\\\/\\\/www.italiafideiussioni.it\\\/fr\\\/#\\\/schema\\\/logo\\\/image\\\/\",\"url\":\"https:\\\/\\\/www.italiafideiussioni.it\\\/wp-content\\\/uploads\\\/2018\\\/10\\\/italiafideiussioni-logo-white.png\",\"contentUrl\":\"https:\\\/\\\/www.italiafideiussioni.it\\\/wp-content\\\/uploads\\\/2018\\\/10\\\/italiafideiussioni-logo-white.png\",\"width\":516,\"height\":97,\"caption\":\"Fideiussioni s.r.l.\"},\"image\":{\"@id\":\"https:\\\/\\\/www.italiafideiussioni.it\\\/fr\\\/#\\\/schema\\\/logo\\\/image\\\/\"},\"sameAs\":[\"https:\\\/\\\/www.facebook.com\\\/italiafideiussioni\\\/\",\"https:\\\/\\\/x.com\\\/itafideiussioni\",\"https:\\\/\\\/www.linkedin.com\\\/company\\\/italiafideiussioni-srl\\\/about\\\/\",\"https:\\\/\\\/www.youtube.com\\\/channel\\\/UC-OhbmM_pkAEKLqJ6nQbpjw\"]}]}<\/script>\n<!-- \/ Yoast SEO plugin. -->","yoast_head_json":{"title":"Comment savoir si j'ai besoin d'un visa pour entrer en Italie ?","description":"Dans cet article, vous d\u00e9couvrirez comment savoir si vous avez besoin ou non d'un visa touristique pour entrer en Italie, en 4 \u00e9tapes et en quelques minutes.","robots":{"index":"index","follow":"follow","max-snippet":"max-snippet:-1","max-image-preview":"max-image-preview:large","max-video-preview":"max-video-preview:-1"},"canonical":"https:\/\/www.italiafideiussioni.it\/fr\/vous-voulez-savoir-avec-certitude-si-vous-avez-besoin-dun-visa-touristique-pour-entrer-en-italie-et-dans-lespace-schengen\/","og_locale":"fr_FR","og_type":"article","og_title":"Comment savoir si j'ai besoin d'un visa pour entrer en Italie ?","og_description":"Dans cet article, vous d\u00e9couvrirez comment savoir si vous avez besoin ou non d'un visa touristique pour entrer en Italie, en 4 \u00e9tapes et en quelques minutes.","og_url":"https:\/\/www.italiafideiussioni.it\/fr\/vous-voulez-savoir-avec-certitude-si-vous-avez-besoin-dun-visa-touristique-pour-entrer-en-italie-et-dans-lespace-schengen\/","og_site_name":"Italia Fideiussioni","article_publisher":"https:\/\/www.facebook.com\/italiafideiussioni\/","article_modified_time":"2025-11-07T13:09:56+00:00","og_image":[{"width":630,"height":420,"url":"https:\/\/www.italiafideiussioni.it\/wp-content\/uploads\/2022\/06\/a-me-serve-visto.jpg","type":"image\/jpeg"}],"twitter_card":"summary_large_image","twitter_site":"@itafideiussioni","twitter_misc":{"Dur\u00e9e de lecture estim\u00e9e":"1 minute"},"schema":{"@context":"https:\/\/schema.org","@graph":[{"@type":"WebPage","@id":"https:\/\/www.italiafideiussioni.it\/fr\/vous-voulez-savoir-avec-certitude-si-vous-avez-besoin-dun-visa-touristique-pour-entrer-en-italie-et-dans-lespace-schengen\/","url":"https:\/\/www.italiafideiussioni.it\/fr\/vous-voulez-savoir-avec-certitude-si-vous-avez-besoin-dun-visa-touristique-pour-entrer-en-italie-et-dans-lespace-schengen\/","name":"Comment savoir si j'ai besoin d'un visa pour entrer en Italie ?","isPartOf":{"@id":"https:\/\/www.italiafideiussioni.it\/fr\/#website"},"primaryImageOfPage":{"@id":"https:\/\/www.italiafideiussioni.it\/fr\/vous-voulez-savoir-avec-certitude-si-vous-avez-besoin-dun-visa-touristique-pour-entrer-en-italie-et-dans-lespace-schengen\/#primaryimage"},"image":{"@id":"https:\/\/www.italiafideiussioni.it\/fr\/vous-voulez-savoir-avec-certitude-si-vous-avez-besoin-dun-visa-touristique-pour-entrer-en-italie-et-dans-lespace-schengen\/#primaryimage"},"thumbnailUrl":"https:\/\/www.italiafideiussioni.it\/wp-content\/uploads\/2022\/06\/a-me-serve-visto.jpg","datePublished":"2022-06-21T09:20:26+00:00","dateModified":"2025-11-07T13:09:56+00:00","description":"Dans cet article, vous d\u00e9couvrirez comment savoir si vous avez besoin ou non d'un visa touristique pour entrer en Italie, en 4 \u00e9tapes et en quelques minutes.","breadcrumb":{"@id":"https:\/\/www.italiafideiussioni.it\/fr\/vous-voulez-savoir-avec-certitude-si-vous-avez-besoin-dun-visa-touristique-pour-entrer-en-italie-et-dans-lespace-schengen\/#breadcrumb"},"inLanguage":"fr-FR","potentialAction":[{"@type":"ReadAction","target":["https:\/\/www.italiafideiussioni.it\/fr\/vous-voulez-savoir-avec-certitude-si-vous-avez-besoin-dun-visa-touristique-pour-entrer-en-italie-et-dans-lespace-schengen\/"]}]},{"@type":"ImageObject","inLanguage":"fr-FR","@id":"https:\/\/www.italiafideiussioni.it\/fr\/vous-voulez-savoir-avec-certitude-si-vous-avez-besoin-dun-visa-touristique-pour-entrer-en-italie-et-dans-lespace-schengen\/#primaryimage","url":"https:\/\/www.italiafideiussioni.it\/wp-content\/uploads\/2022\/06\/a-me-serve-visto.jpg","contentUrl":"https:\/\/www.italiafideiussioni.it\/wp-content\/uploads\/2022\/06\/a-me-serve-visto.jpg","width":630,"height":420},{"@type":"BreadcrumbList","@id":"https:\/\/www.italiafideiussioni.it\/fr\/vous-voulez-savoir-avec-certitude-si-vous-avez-besoin-dun-visa-touristique-pour-entrer-en-italie-et-dans-lespace-schengen\/#breadcrumb","itemListElement":[{"@type":"ListItem","position":1,"name":"Home","item":"https:\/\/www.italiafideiussioni.it\/fr\/page-daccueil-2013\/"},{"@type":"ListItem","position":2,"name":"Vous voulez savoir avec certitude si vous avez besoin d&#8217;un visa touristique pour entrer en Italie et dans l&#8217;espace Schengen ?"}]},{"@type":"WebSite","@id":"https:\/\/www.italiafideiussioni.it\/fr\/#website","url":"https:\/\/www.italiafideiussioni.it\/fr\/","name":"Italia Fideiussioni","description":"","publisher":{"@id":"https:\/\/www.italiafideiussioni.it\/fr\/#organization"},"potentialAction":[{"@type":"SearchAction","target":{"@type":"EntryPoint","urlTemplate":"https:\/\/www.italiafideiussioni.it\/fr\/?s={search_term_string}"},"query-input":{"@type":"PropertyValueSpecification","valueRequired":true,"valueName":"search_term_string"}}],"inLanguage":"fr-FR"},{"@type":"Organization","@id":"https:\/\/www.italiafideiussioni.it\/fr\/#organization","name":"Fideiussioni s.r.l.","url":"https:\/\/www.italiafideiussioni.it\/fr\/","logo":{"@type":"ImageObject","inLanguage":"fr-FR","@id":"https:\/\/www.italiafideiussioni.it\/fr\/#\/schema\/logo\/image\/","url":"https:\/\/www.italiafideiussioni.it\/wp-content\/uploads\/2018\/10\/italiafideiussioni-logo-white.png","contentUrl":"https:\/\/www.italiafideiussioni.it\/wp-content\/uploads\/2018\/10\/italiafideiussioni-logo-white.png","width":516,"height":97,"caption":"Fideiussioni s.r.l."},"image":{"@id":"https:\/\/www.italiafideiussioni.it\/fr\/#\/schema\/logo\/image\/"},"sameAs":["https:\/\/www.facebook.com\/italiafideiussioni\/","https:\/\/x.com\/itafideiussioni","https:\/\/www.linkedin.com\/company\/italiafideiussioni-srl\/about\/","https:\/\/www.youtube.com\/channel\/UC-OhbmM_pkAEKLqJ6nQbpjw"]}]}},"_links":{"self":[{"href":"https:\/\/www.italiafideiussioni.it\/fr\/wp-json\/wp\/v2\/pages\/8815","targetHints":{"allow":["GET"]}}],"collection":[{"href":"https:\/\/www.italiafideiussioni.it\/fr\/wp-json\/wp\/v2\/pages"}],"about":[{"href":"https:\/\/www.italiafideiussioni.it\/fr\/wp-json\/wp\/v2\/types\/page"}],"author":[{"embeddable":true,"href":"https:\/\/www.italiafideiussioni.it\/fr\/wp-json\/wp\/v2\/users\/3"}],"replies":[{"embeddable":true,"href":"https:\/\/www.italiafideiussioni.it\/fr\/wp-json\/wp\/v2\/comments?post=8815"}],"version-history":[{"count":1,"href":"https:\/\/www.italiafideiussioni.it\/fr\/wp-json\/wp\/v2\/pages\/8815\/revisions"}],"predecessor-version":[{"id":11937,"href":"https:\/\/www.italiafideiussioni.it\/fr\/wp-json\/wp\/v2\/pages\/8815\/revisions\/11937"}],"wp:featuredmedia":[{"embeddable":true,"href":"https:\/\/www.italiafideiussioni.it\/fr\/wp-json\/wp\/v2\/media\/8816"}],"wp:attachment":[{"href":"https:\/\/www.italiafideiussioni.it\/fr\/wp-json\/wp\/v2\/media?parent=8815"}],"curies":[{"name":"wp","href":"https:\/\/api.w.org\/{rel}","templated":true}]}}