{"id":8812,"date":"2022-06-21T08:26:16","date_gmt":"2022-06-21T08:26:16","guid":{"rendered":"https:\/\/www.italiafideiussioni.it\/quels-sont-les-documents-necessaires-pour-demander-un-visa-touristique\/"},"modified":"2024-11-07T09:02:10","modified_gmt":"2024-11-07T09:02:10","slug":"quels-sont-les-documents-necessaires-pour-demander-un-visa-touristique","status":"publish","type":"page","link":"https:\/\/www.italiafideiussioni.it\/fr\/quels-sont-les-documents-necessaires-pour-demander-un-visa-touristique\/","title":{"rendered":"Quels sont les documents n\u00e9cessaires pour demander un visa touristique ?"},"content":{"rendered":"\n<p>Voici la liste de tous les documents n\u00e9cessaires pour obtenir le visa.<\/p>\n\n\n\n<p>Pour obtenir le visa touristique, il est n\u00e9cessaire de fournir tous les documents prouvant votre identit\u00e9 ainsi que celle de la personne ayant formul\u00e9 la lettre d\u2019invitation. Il faut \u00e9galement disposer des conditions de voyage, d\u2019h\u00e9bergement, de subsistance et d\u2019autres documents. Voyons la liste des documents, point par point.<\/p>\n\n\n\n<p>En g\u00e9n\u00e9ral, les documents suivants sont requis :<\/p>\n\n\n\n<ul class=\"wp-block-list\">\n<li><strong>Lettre d\u2019invitation\/d\u00e9claration d\u2019h\u00e9bergement<\/strong> : o\u00f9 votre ami en Italie d\u00e9clare vous h\u00e9berger \u00e0 son domicile, \u00e9galement appel\u00e9e <em>Lettre d\u2019invitation pour \u00e9trangers pour demande de visa touristique<\/em> ou <em>D\u00e9claration de garantie et\/ou d\u2019h\u00e9bergement<\/em> \u2013 <em>PROOF OF SPONSORSHIP AND\/OR PRIVATE ACCOMMODATION<\/em>. Vous pouvez trouver le formulaire \u00e0 ce lien : Lettre d\u2019invitation.<\/li>\n\n\n\n<li><strong>Police d\u2019assurance sant\u00e9 voyage, Visa Schengen Travel Insurance<\/strong> : n\u00e9cessaire pour garantir le paiement de frais m\u00e9dicaux \u00e9ventuels en cas de probl\u00e8mes de sant\u00e9 durant votre s\u00e9jour en Italie, pour un montant assur\u00e9 de 30 000,00 \u20ac.<\/li>\n\n\n\n<li><strong>Photo r\u00e9cente au format passeport<\/strong>.<\/li>\n\n\n\n<li><strong>Document de voyage, passeport<\/strong> en cours de validit\u00e9, avec une date d\u2019expiration au moins trois mois apr\u00e8s la date de fin du visa demand\u00e9.<\/li>\n\n\n\n<li><strong>Billet aller-retour (ou r\u00e9servation)<\/strong>, ou preuve de la disponibilit\u00e9 de moyens de transport personnels.<\/li>\n\n\n\n<li><strong>Preuve de moyens financiers de subsistance<\/strong> : conform\u00e9ment \u00e0 la directive du Minist\u00e8re de l\u2019Int\u00e9rieur du 1.3.2000, cela peut \u00eatre d\u00e9montr\u00e9 par une caution bancaire garantissant les moyens de subsistance pour toute la dur\u00e9e du s\u00e9jour en Italie, pour un montant maximal de 3 905 \u20ac (90 jours).<\/li>\n\n\n\n<li><strong>Documents prouvant votre statut socio-professionnel<\/strong> (celui du citoyen \u00e9tranger souhaitant se rendre en Italie).<\/li>\n\n\n\n<li><strong>Disponibilit\u00e9 d\u2019un logement<\/strong> (r\u00e9servation d\u2019h\u00f4tel, d\u00e9claration d&rsquo;hospitalit\u00e9 de l\u2019h\u00f4te, d\u00e9claration de prise en charge des frais d\u2019h\u00e9bergement par l\u2019h\u00f4te).<\/li>\n<\/ul>\n\n\n\n<p>Notez que chaque ambassade italienne peut demander des documents suppl\u00e9mentaires. Vous pouvez trouver les adresses et num\u00e9ros de t\u00e9l\u00e9phone de toutes les repr\u00e9sentations diplomatiques italiennes dans le monde via ce lien du Minist\u00e8re des Affaires \u00e9trang\u00e8res.<\/p>\n\n\n\n<p class=\"has-text-align-right\"><strong><em>Retour aux F.A.Q.<\/em><\/strong><\/p>\n\n\n\n<p><\/p>\n","protected":false},"excerpt":{"rendered":"<p>Voici la liste de tous les documents n\u00e9cessaires pour obtenir le visa. Pour obtenir le visa touristique, il est n\u00e9cessaire de fournir tous les documents prouvant votre identit\u00e9 ainsi que celle de la personne ayant formul\u00e9 la lettre d\u2019invitation. Il faut \u00e9galement disposer des conditions de voyage, d\u2019h\u00e9bergement, de subsistance et d\u2019autres documents. Voyons la [&hellip;]<\/p>\n","protected":false},"author":3,"featured_media":8813,"parent":0,"menu_order":0,"comment_status":"closed","ping_status":"closed","template":"","meta":{"_acf_changed":false,"_yoast_wpseo_focuskw":"","_yoast_wpseo_title":"Visa touristique : liste de tous les documents n\u00e9cessaires","_yoast_wpseo_metadesc":"Dans cet article, vous trouverez la liste compl\u00e8te de tous les documents requis pour demander le visa touristique.","_yoast_wpseo_meta-robots-noindex":"","_yoast_wpseo_meta-robots-nofollow":"","_yoast_wpseo_canonical":"","_yoast_wpseo_opengraph-title":"","_yoast_wpseo_opengraph-description":"","_yoast_wpseo_opengraph-image":"","_yoast_wpseo_opengraph-image-id":"","_yoast_wpseo_twitter-title":"","_yoast_wpseo_twitter-description":"","_yoast_wpseo_twitter-image":"","footnotes":""},"class_list":["post-8812","page","type-page","status-publish","has-post-thumbnail","hentry"],"acf":{"blocco_testimonianze":"2","macroarea_servizi":"","blocco_iniziale":"","blocco_euro_titolo":"","blocco_euro_testo":"","immagini_aggiuntive":false,"blocco_info_titolo":"","blocco_info_testo":""},"yoast_head":"<!-- This site is optimized with the Yoast SEO plugin v27.5 - https:\/\/yoast.com\/product\/yoast-seo-wordpress\/ -->\n<title>Visa touristique : liste de tous les documents n\u00e9cessaires<\/title>\n<meta name=\"description\" content=\"Dans cet article, vous trouverez la liste compl\u00e8te de tous les documents requis pour demander le visa touristique.\" \/>\n<meta name=\"robots\" content=\"index, follow, max-snippet:-1, max-image-preview:large, max-video-preview:-1\" \/>\n<link rel=\"canonical\" href=\"https:\/\/www.italiafideiussioni.it\/fr\/quels-sont-les-documents-necessaires-pour-demander-un-visa-touristique\/\" \/>\n<meta property=\"og:locale\" content=\"fr_FR\" \/>\n<meta property=\"og:type\" content=\"article\" \/>\n<meta property=\"og:title\" content=\"Visa touristique : liste de tous les documents n\u00e9cessaires\" \/>\n<meta property=\"og:description\" content=\"Dans cet article, vous trouverez la liste compl\u00e8te de tous les documents requis pour demander le visa touristique.\" \/>\n<meta property=\"og:url\" content=\"https:\/\/www.italiafideiussioni.it\/fr\/quels-sont-les-documents-necessaires-pour-demander-un-visa-touristique\/\" \/>\n<meta property=\"og:site_name\" content=\"Italia Fideiussioni\" \/>\n<meta property=\"article:publisher\" content=\"https:\/\/www.facebook.com\/italiafideiussioni\/\" \/>\n<meta property=\"article:modified_time\" content=\"2024-11-07T09:02:10+00:00\" \/>\n<meta property=\"og:image\" content=\"https:\/\/www.italiafideiussioni.it\/wp-content\/uploads\/2022\/06\/documenti-necessari.jpg\" \/>\n\t<meta property=\"og:image:width\" content=\"630\" \/>\n\t<meta property=\"og:image:height\" content=\"420\" \/>\n\t<meta property=\"og:image:type\" content=\"image\/jpeg\" \/>\n<meta name=\"twitter:card\" content=\"summary_large_image\" \/>\n<meta name=\"twitter:site\" content=\"@itafideiussioni\" \/>\n<meta name=\"twitter:label1\" content=\"Dur\u00e9e de lecture estim\u00e9e\" \/>\n\t<meta name=\"twitter:data1\" content=\"2 minutes\" \/>\n<script type=\"application\/ld+json\" class=\"yoast-schema-graph\">{\"@context\":\"https:\\\/\\\/schema.org\",\"@graph\":[{\"@type\":\"WebPage\",\"@id\":\"https:\\\/\\\/www.italiafideiussioni.it\\\/fr\\\/quels-sont-les-documents-necessaires-pour-demander-un-visa-touristique\\\/\",\"url\":\"https:\\\/\\\/www.italiafideiussioni.it\\\/fr\\\/quels-sont-les-documents-necessaires-pour-demander-un-visa-touristique\\\/\",\"name\":\"Visa touristique : liste de tous les documents n\u00e9cessaires\",\"isPartOf\":{\"@id\":\"https:\\\/\\\/www.italiafideiussioni.it\\\/fr\\\/#website\"},\"primaryImageOfPage\":{\"@id\":\"https:\\\/\\\/www.italiafideiussioni.it\\\/fr\\\/quels-sont-les-documents-necessaires-pour-demander-un-visa-touristique\\\/#primaryimage\"},\"image\":{\"@id\":\"https:\\\/\\\/www.italiafideiussioni.it\\\/fr\\\/quels-sont-les-documents-necessaires-pour-demander-un-visa-touristique\\\/#primaryimage\"},\"thumbnailUrl\":\"https:\\\/\\\/www.italiafideiussioni.it\\\/wp-content\\\/uploads\\\/2022\\\/06\\\/documenti-necessari.jpg\",\"datePublished\":\"2022-06-21T08:26:16+00:00\",\"dateModified\":\"2024-11-07T09:02:10+00:00\",\"description\":\"Dans cet article, vous trouverez la liste compl\u00e8te de tous les documents requis pour demander le visa touristique.\",\"breadcrumb\":{\"@id\":\"https:\\\/\\\/www.italiafideiussioni.it\\\/fr\\\/quels-sont-les-documents-necessaires-pour-demander-un-visa-touristique\\\/#breadcrumb\"},\"inLanguage\":\"fr-FR\",\"potentialAction\":[{\"@type\":\"ReadAction\",\"target\":[\"https:\\\/\\\/www.italiafideiussioni.it\\\/fr\\\/quels-sont-les-documents-necessaires-pour-demander-un-visa-touristique\\\/\"]}]},{\"@type\":\"ImageObject\",\"inLanguage\":\"fr-FR\",\"@id\":\"https:\\\/\\\/www.italiafideiussioni.it\\\/fr\\\/quels-sont-les-documents-necessaires-pour-demander-un-visa-touristique\\\/#primaryimage\",\"url\":\"https:\\\/\\\/www.italiafideiussioni.it\\\/wp-content\\\/uploads\\\/2022\\\/06\\\/documenti-necessari.jpg\",\"contentUrl\":\"https:\\\/\\\/www.italiafideiussioni.it\\\/wp-content\\\/uploads\\\/2022\\\/06\\\/documenti-necessari.jpg\",\"width\":630,\"height\":420},{\"@type\":\"BreadcrumbList\",\"@id\":\"https:\\\/\\\/www.italiafideiussioni.it\\\/fr\\\/quels-sont-les-documents-necessaires-pour-demander-un-visa-touristique\\\/#breadcrumb\",\"itemListElement\":[{\"@type\":\"ListItem\",\"position\":1,\"name\":\"Home\",\"item\":\"https:\\\/\\\/www.italiafideiussioni.it\\\/fr\\\/page-daccueil-2013\\\/\"},{\"@type\":\"ListItem\",\"position\":2,\"name\":\"Quels sont les documents n\u00e9cessaires pour demander un visa touristique ?\"}]},{\"@type\":\"WebSite\",\"@id\":\"https:\\\/\\\/www.italiafideiussioni.it\\\/fr\\\/#website\",\"url\":\"https:\\\/\\\/www.italiafideiussioni.it\\\/fr\\\/\",\"name\":\"Italia Fideiussioni\",\"description\":\"\",\"publisher\":{\"@id\":\"https:\\\/\\\/www.italiafideiussioni.it\\\/fr\\\/#organization\"},\"potentialAction\":[{\"@type\":\"SearchAction\",\"target\":{\"@type\":\"EntryPoint\",\"urlTemplate\":\"https:\\\/\\\/www.italiafideiussioni.it\\\/fr\\\/?s={search_term_string}\"},\"query-input\":{\"@type\":\"PropertyValueSpecification\",\"valueRequired\":true,\"valueName\":\"search_term_string\"}}],\"inLanguage\":\"fr-FR\"},{\"@type\":\"Organization\",\"@id\":\"https:\\\/\\\/www.italiafideiussioni.it\\\/fr\\\/#organization\",\"name\":\"Fideiussioni s.r.l.\",\"url\":\"https:\\\/\\\/www.italiafideiussioni.it\\\/fr\\\/\",\"logo\":{\"@type\":\"ImageObject\",\"inLanguage\":\"fr-FR\",\"@id\":\"https:\\\/\\\/www.italiafideiussioni.it\\\/fr\\\/#\\\/schema\\\/logo\\\/image\\\/\",\"url\":\"https:\\\/\\\/www.italiafideiussioni.it\\\/wp-content\\\/uploads\\\/2018\\\/10\\\/italiafideiussioni-logo-white.png\",\"contentUrl\":\"https:\\\/\\\/www.italiafideiussioni.it\\\/wp-content\\\/uploads\\\/2018\\\/10\\\/italiafideiussioni-logo-white.png\",\"width\":516,\"height\":97,\"caption\":\"Fideiussioni s.r.l.\"},\"image\":{\"@id\":\"https:\\\/\\\/www.italiafideiussioni.it\\\/fr\\\/#\\\/schema\\\/logo\\\/image\\\/\"},\"sameAs\":[\"https:\\\/\\\/www.facebook.com\\\/italiafideiussioni\\\/\",\"https:\\\/\\\/x.com\\\/itafideiussioni\",\"https:\\\/\\\/www.linkedin.com\\\/company\\\/italiafideiussioni-srl\\\/about\\\/\",\"https:\\\/\\\/www.youtube.com\\\/channel\\\/UC-OhbmM_pkAEKLqJ6nQbpjw\"]}]}<\/script>\n<!-- \/ Yoast SEO plugin. -->","yoast_head_json":{"title":"Visa touristique : liste de tous les documents n\u00e9cessaires","description":"Dans cet article, vous trouverez la liste compl\u00e8te de tous les documents requis pour demander le visa touristique.","robots":{"index":"index","follow":"follow","max-snippet":"max-snippet:-1","max-image-preview":"max-image-preview:large","max-video-preview":"max-video-preview:-1"},"canonical":"https:\/\/www.italiafideiussioni.it\/fr\/quels-sont-les-documents-necessaires-pour-demander-un-visa-touristique\/","og_locale":"fr_FR","og_type":"article","og_title":"Visa touristique : liste de tous les documents n\u00e9cessaires","og_description":"Dans cet article, vous trouverez la liste compl\u00e8te de tous les documents requis pour demander le visa touristique.","og_url":"https:\/\/www.italiafideiussioni.it\/fr\/quels-sont-les-documents-necessaires-pour-demander-un-visa-touristique\/","og_site_name":"Italia Fideiussioni","article_publisher":"https:\/\/www.facebook.com\/italiafideiussioni\/","article_modified_time":"2024-11-07T09:02:10+00:00","og_image":[{"width":630,"height":420,"url":"https:\/\/www.italiafideiussioni.it\/wp-content\/uploads\/2022\/06\/documenti-necessari.jpg","type":"image\/jpeg"}],"twitter_card":"summary_large_image","twitter_site":"@itafideiussioni","twitter_misc":{"Dur\u00e9e de lecture estim\u00e9e":"2 minutes"},"schema":{"@context":"https:\/\/schema.org","@graph":[{"@type":"WebPage","@id":"https:\/\/www.italiafideiussioni.it\/fr\/quels-sont-les-documents-necessaires-pour-demander-un-visa-touristique\/","url":"https:\/\/www.italiafideiussioni.it\/fr\/quels-sont-les-documents-necessaires-pour-demander-un-visa-touristique\/","name":"Visa touristique : liste de tous les documents n\u00e9cessaires","isPartOf":{"@id":"https:\/\/www.italiafideiussioni.it\/fr\/#website"},"primaryImageOfPage":{"@id":"https:\/\/www.italiafideiussioni.it\/fr\/quels-sont-les-documents-necessaires-pour-demander-un-visa-touristique\/#primaryimage"},"image":{"@id":"https:\/\/www.italiafideiussioni.it\/fr\/quels-sont-les-documents-necessaires-pour-demander-un-visa-touristique\/#primaryimage"},"thumbnailUrl":"https:\/\/www.italiafideiussioni.it\/wp-content\/uploads\/2022\/06\/documenti-necessari.jpg","datePublished":"2022-06-21T08:26:16+00:00","dateModified":"2024-11-07T09:02:10+00:00","description":"Dans cet article, vous trouverez la liste compl\u00e8te de tous les documents requis pour demander le visa touristique.","breadcrumb":{"@id":"https:\/\/www.italiafideiussioni.it\/fr\/quels-sont-les-documents-necessaires-pour-demander-un-visa-touristique\/#breadcrumb"},"inLanguage":"fr-FR","potentialAction":[{"@type":"ReadAction","target":["https:\/\/www.italiafideiussioni.it\/fr\/quels-sont-les-documents-necessaires-pour-demander-un-visa-touristique\/"]}]},{"@type":"ImageObject","inLanguage":"fr-FR","@id":"https:\/\/www.italiafideiussioni.it\/fr\/quels-sont-les-documents-necessaires-pour-demander-un-visa-touristique\/#primaryimage","url":"https:\/\/www.italiafideiussioni.it\/wp-content\/uploads\/2022\/06\/documenti-necessari.jpg","contentUrl":"https:\/\/www.italiafideiussioni.it\/wp-content\/uploads\/2022\/06\/documenti-necessari.jpg","width":630,"height":420},{"@type":"BreadcrumbList","@id":"https:\/\/www.italiafideiussioni.it\/fr\/quels-sont-les-documents-necessaires-pour-demander-un-visa-touristique\/#breadcrumb","itemListElement":[{"@type":"ListItem","position":1,"name":"Home","item":"https:\/\/www.italiafideiussioni.it\/fr\/page-daccueil-2013\/"},{"@type":"ListItem","position":2,"name":"Quels sont les documents n\u00e9cessaires pour demander un visa touristique ?"}]},{"@type":"WebSite","@id":"https:\/\/www.italiafideiussioni.it\/fr\/#website","url":"https:\/\/www.italiafideiussioni.it\/fr\/","name":"Italia Fideiussioni","description":"","publisher":{"@id":"https:\/\/www.italiafideiussioni.it\/fr\/#organization"},"potentialAction":[{"@type":"SearchAction","target":{"@type":"EntryPoint","urlTemplate":"https:\/\/www.italiafideiussioni.it\/fr\/?s={search_term_string}"},"query-input":{"@type":"PropertyValueSpecification","valueRequired":true,"valueName":"search_term_string"}}],"inLanguage":"fr-FR"},{"@type":"Organization","@id":"https:\/\/www.italiafideiussioni.it\/fr\/#organization","name":"Fideiussioni s.r.l.","url":"https:\/\/www.italiafideiussioni.it\/fr\/","logo":{"@type":"ImageObject","inLanguage":"fr-FR","@id":"https:\/\/www.italiafideiussioni.it\/fr\/#\/schema\/logo\/image\/","url":"https:\/\/www.italiafideiussioni.it\/wp-content\/uploads\/2018\/10\/italiafideiussioni-logo-white.png","contentUrl":"https:\/\/www.italiafideiussioni.it\/wp-content\/uploads\/2018\/10\/italiafideiussioni-logo-white.png","width":516,"height":97,"caption":"Fideiussioni s.r.l."},"image":{"@id":"https:\/\/www.italiafideiussioni.it\/fr\/#\/schema\/logo\/image\/"},"sameAs":["https:\/\/www.facebook.com\/italiafideiussioni\/","https:\/\/x.com\/itafideiussioni","https:\/\/www.linkedin.com\/company\/italiafideiussioni-srl\/about\/","https:\/\/www.youtube.com\/channel\/UC-OhbmM_pkAEKLqJ6nQbpjw"]}]}},"_links":{"self":[{"href":"https:\/\/www.italiafideiussioni.it\/fr\/wp-json\/wp\/v2\/pages\/8812","targetHints":{"allow":["GET"]}}],"collection":[{"href":"https:\/\/www.italiafideiussioni.it\/fr\/wp-json\/wp\/v2\/pages"}],"about":[{"href":"https:\/\/www.italiafideiussioni.it\/fr\/wp-json\/wp\/v2\/types\/page"}],"author":[{"embeddable":true,"href":"https:\/\/www.italiafideiussioni.it\/fr\/wp-json\/wp\/v2\/users\/3"}],"replies":[{"embeddable":true,"href":"https:\/\/www.italiafideiussioni.it\/fr\/wp-json\/wp\/v2\/comments?post=8812"}],"version-history":[{"count":1,"href":"https:\/\/www.italiafideiussioni.it\/fr\/wp-json\/wp\/v2\/pages\/8812\/revisions"}],"predecessor-version":[{"id":8814,"href":"https:\/\/www.italiafideiussioni.it\/fr\/wp-json\/wp\/v2\/pages\/8812\/revisions\/8814"}],"wp:featuredmedia":[{"embeddable":true,"href":"https:\/\/www.italiafideiussioni.it\/fr\/wp-json\/wp\/v2\/media\/8813"}],"wp:attachment":[{"href":"https:\/\/www.italiafideiussioni.it\/fr\/wp-json\/wp\/v2\/media?parent=8812"}],"curies":[{"name":"wp","href":"https:\/\/api.w.org\/{rel}","templated":true}]}}