{"id":8809,"date":"2022-06-21T08:12:22","date_gmt":"2022-06-21T08:12:22","guid":{"rendered":"https:\/\/www.italiafideiussioni.it\/quel-type-de-visa-dois-je-obtenir-pour-entrer-en-italie\/"},"modified":"2024-11-07T08:57:56","modified_gmt":"2024-11-07T08:57:56","slug":"quel-type-de-visa-dois-je-obtenir-pour-entrer-en-italie","status":"publish","type":"page","link":"https:\/\/www.italiafideiussioni.it\/fr\/quel-type-de-visa-dois-je-obtenir-pour-entrer-en-italie\/","title":{"rendered":"Quel type de visa dois-je obtenir pour entrer en Italie ?"},"content":{"rendered":"\n<p><strong>De quel visa de voyage avez-vous besoin ?<\/strong><\/p>\n\n\n\n<p>Le visa est l&rsquo;autorisation d\u00e9livr\u00e9e par l&rsquo;Ambassade ou le Consulat italien dans le pays d&rsquo;origine du citoyen non communautaire, qui lui permet d&rsquo;entrer en Italie pour une dur\u00e9e d\u00e9termin\u00e9e en fonction du type de visa choisi :<\/p>\n\n\n\n<p>Il existe trois cat\u00e9gories de visa :<\/p>\n\n\n\n<ul class=\"wp-block-list\">\n<li>Type A, pour le transit a\u00e9roportuaire ;<\/li>\n\n\n\n<li>Type C, pour les s\u00e9jours de courte dur\u00e9e (valides jusqu&rsquo;\u00e0 un maximum de 90 jours) ;<\/li>\n\n\n\n<li>Type D, pour les s\u00e9jours de longue dur\u00e9e (valides pour plus de 90 jours).<\/li>\n<\/ul>\n\n\n\n<p>Les visas sont ensuite r\u00e9partis en quatre types : VSU, VN, VTL, VTA :<\/p>\n\n\n\n<ul class=\"wp-block-list\">\n<li><strong>VSU<\/strong> : Visa Schengen Unifi\u00e9, le titulaire peut circuler librement dans les pays adh\u00e9rant \u00e0 l\u2019accord Schengen ;<\/li>\n\n\n\n<li><strong>VN<\/strong> : Visa National de longue dur\u00e9e, le titulaire peut \u00e9galement circuler dans l&rsquo;espace Schengen, mais seulement jusqu&rsquo;\u00e0 90 jours tous les 180 jours ;<\/li>\n\n\n\n<li><strong>VTL<\/strong> : Visa \u00e0 Territorialit\u00e9 Limit\u00e9e, le titulaire ne peut circuler que dans un seul pays ;<\/li>\n\n\n\n<li><strong>VTA<\/strong> : Visa de Transit A\u00e9roportuaire, le titulaire peut transiter par un ou plusieurs a\u00e9roports des \u00c9tats membres.<\/li>\n<\/ul>\n\n\n\n<p>Il existe ensuite 23 types de visas pour l\u2019Italie ou pour les pays de l\u2019espace Schengen, (D\u00e9cret Minist\u00e9riel du 11 mai 2011) possibles :<\/p>\n\n\n\n<ul class=\"wp-block-list\">\n<li>Visa pour adoption (VN)<\/li>\n\n\n\n<li>Visa pour affaires (VSU)<\/li>\n\n\n\n<li>Visa pour soins m\u00e9dicaux (VSU ou VN)<\/li>\n\n\n\n<li>Visa diplomatique pour accr\u00e9ditation ou notification (VN)<\/li>\n\n\n\n<li>Visa pour comp\u00e9tition sportive (VSU)<\/li>\n\n\n\n<li>Visa pour invitation (VSU)<\/li>\n\n\n\n<li>Visa pour travail ind\u00e9pendant \/ Programme Italia StartUp VISA \/ Programme Italia StartUp Hub (VSU ou VN)<\/li>\n\n\n\n<li>Visa pour travail salari\u00e9 (VSU ou VN)<\/li>\n\n\n\n<li>Visa pour mission (VSU ou VN)<\/li>\n\n\n\n<li>Visa pour motifs familiaux (VN)<\/li>\n\n\n\n<li>Visa pour motifs religieux (VSU ou VN)<\/li>\n\n\n\n<li>Visa de r\u00e9admission (VN)<\/li>\n\n\n\n<li>Visa pour r\u00e9sidence \u00e9lective (VN)<\/li>\n\n\n\n<li>Visa pour recherche (VSU ou VN)<\/li>\n\n\n\n<li>Visa pour \u00e9tudes (VSU ou VN)<\/li>\n\n\n\n<li>Visa pour transit a\u00e9roportuaire (VTL)<\/li>\n\n\n\n<li>Visa pour transit (VSU)<\/li>\n\n\n\n<li>Visa pour transport (VSU)<\/li>\n\n\n\n<li>Visa pour tourisme (VSU)<\/li>\n\n\n\n<li>Visa pour vacances-travail (VN)<\/li>\n\n\n\n<li>Visa pour volontariat (VSU ou VN)<\/li>\n\n\n\n<li>Visa pour investisseurs \u00e9trangers \u2013 Investor Visa for Italy (VN) (introduit par la Loi de Finances de 2017)<\/li>\n\n\n\n<li>Visa pour nomades num\u00e9riques \u2013 (introduit par le d\u00e9cret du 27 janvier 2022)<\/li>\n<\/ul>\n\n\n\n<p class=\"has-text-align-right\"><strong><em>Retour aux F.A.Q.<\/em><\/strong><\/p>\n\n\n\n<p><\/p>\n","protected":false},"excerpt":{"rendered":"<p>De quel visa de voyage avez-vous besoin ? Le visa est l&rsquo;autorisation d\u00e9livr\u00e9e par l&rsquo;Ambassade ou le Consulat italien dans le pays d&rsquo;origine du citoyen non communautaire, qui lui permet d&rsquo;entrer en Italie pour une dur\u00e9e d\u00e9termin\u00e9e en fonction du type de visa choisi : Il existe trois cat\u00e9gories de visa : Les visas sont [&hellip;]<\/p>\n","protected":false},"author":3,"featured_media":8810,"parent":0,"menu_order":0,"comment_status":"closed","ping_status":"closed","template":"","meta":{"_acf_changed":false,"_yoast_wpseo_focuskw":"","_yoast_wpseo_title":"Types de visa : lequel obtenir pour entrer en Italie","_yoast_wpseo_metadesc":"Voyons quels sont les diff\u00e9rents types de visas existants et d\u00e9couvrez celui qui correspond le mieux \u00e0 vos besoins de voyage.","_yoast_wpseo_meta-robots-noindex":"","_yoast_wpseo_meta-robots-nofollow":"","_yoast_wpseo_canonical":"","_yoast_wpseo_opengraph-title":"","_yoast_wpseo_opengraph-description":"","_yoast_wpseo_opengraph-image":"","_yoast_wpseo_opengraph-image-id":"","_yoast_wpseo_twitter-title":"","_yoast_wpseo_twitter-description":"","_yoast_wpseo_twitter-image":"","footnotes":""},"class_list":["post-8809","page","type-page","status-publish","has-post-thumbnail","hentry"],"acf":{"blocco_testimonianze":"2","macroarea_servizi":"","blocco_iniziale":"","blocco_euro_titolo":"","blocco_euro_testo":"","immagini_aggiuntive":false,"blocco_info_titolo":"","blocco_info_testo":""},"yoast_head":"<!-- This site is optimized with the Yoast SEO plugin v27.3 - https:\/\/yoast.com\/product\/yoast-seo-wordpress\/ -->\n<title>Types de visa : lequel obtenir pour entrer en Italie<\/title>\n<meta name=\"description\" content=\"Voyons quels sont les diff\u00e9rents types de visas existants et d\u00e9couvrez celui qui correspond le mieux \u00e0 vos besoins de voyage.\" \/>\n<meta name=\"robots\" content=\"index, follow, max-snippet:-1, max-image-preview:large, max-video-preview:-1\" \/>\n<link rel=\"canonical\" href=\"https:\/\/www.italiafideiussioni.it\/fr\/quel-type-de-visa-dois-je-obtenir-pour-entrer-en-italie\/\" \/>\n<meta property=\"og:locale\" content=\"fr_FR\" \/>\n<meta property=\"og:type\" content=\"article\" \/>\n<meta property=\"og:title\" content=\"Types de visa : lequel obtenir pour entrer en Italie\" \/>\n<meta property=\"og:description\" content=\"Voyons quels sont les diff\u00e9rents types de visas existants et d\u00e9couvrez celui qui correspond le mieux \u00e0 vos besoins de voyage.\" \/>\n<meta property=\"og:url\" content=\"https:\/\/www.italiafideiussioni.it\/fr\/quel-type-de-visa-dois-je-obtenir-pour-entrer-en-italie\/\" \/>\n<meta property=\"og:site_name\" content=\"Italia Fideiussioni\" \/>\n<meta property=\"article:publisher\" content=\"https:\/\/www.facebook.com\/italiafideiussioni\/\" \/>\n<meta property=\"article:modified_time\" content=\"2024-11-07T08:57:56+00:00\" \/>\n<meta property=\"og:image\" content=\"https:\/\/www.italiafideiussioni.it\/wp-content\/uploads\/2022\/06\/quale-tipo-visto.jpg\" \/>\n\t<meta property=\"og:image:width\" content=\"630\" \/>\n\t<meta property=\"og:image:height\" content=\"420\" \/>\n\t<meta property=\"og:image:type\" content=\"image\/jpeg\" \/>\n<meta name=\"twitter:card\" content=\"summary_large_image\" \/>\n<meta name=\"twitter:site\" content=\"@itafideiussioni\" \/>\n<meta name=\"twitter:label1\" content=\"Dur\u00e9e de lecture estim\u00e9e\" \/>\n\t<meta name=\"twitter:data1\" content=\"3 minutes\" \/>\n<script type=\"application\/ld+json\" class=\"yoast-schema-graph\">{\"@context\":\"https:\\\/\\\/schema.org\",\"@graph\":[{\"@type\":\"WebPage\",\"@id\":\"https:\\\/\\\/www.italiafideiussioni.it\\\/fr\\\/quel-type-de-visa-dois-je-obtenir-pour-entrer-en-italie\\\/\",\"url\":\"https:\\\/\\\/www.italiafideiussioni.it\\\/fr\\\/quel-type-de-visa-dois-je-obtenir-pour-entrer-en-italie\\\/\",\"name\":\"Types de visa : lequel obtenir pour entrer en Italie\",\"isPartOf\":{\"@id\":\"https:\\\/\\\/www.italiafideiussioni.it\\\/fr\\\/#website\"},\"primaryImageOfPage\":{\"@id\":\"https:\\\/\\\/www.italiafideiussioni.it\\\/fr\\\/quel-type-de-visa-dois-je-obtenir-pour-entrer-en-italie\\\/#primaryimage\"},\"image\":{\"@id\":\"https:\\\/\\\/www.italiafideiussioni.it\\\/fr\\\/quel-type-de-visa-dois-je-obtenir-pour-entrer-en-italie\\\/#primaryimage\"},\"thumbnailUrl\":\"https:\\\/\\\/www.italiafideiussioni.it\\\/wp-content\\\/uploads\\\/2022\\\/06\\\/quale-tipo-visto.jpg\",\"datePublished\":\"2022-06-21T08:12:22+00:00\",\"dateModified\":\"2024-11-07T08:57:56+00:00\",\"description\":\"Voyons quels sont les diff\u00e9rents types de visas existants et d\u00e9couvrez celui qui correspond le mieux \u00e0 vos besoins de voyage.\",\"breadcrumb\":{\"@id\":\"https:\\\/\\\/www.italiafideiussioni.it\\\/fr\\\/quel-type-de-visa-dois-je-obtenir-pour-entrer-en-italie\\\/#breadcrumb\"},\"inLanguage\":\"fr-FR\",\"potentialAction\":[{\"@type\":\"ReadAction\",\"target\":[\"https:\\\/\\\/www.italiafideiussioni.it\\\/fr\\\/quel-type-de-visa-dois-je-obtenir-pour-entrer-en-italie\\\/\"]}]},{\"@type\":\"ImageObject\",\"inLanguage\":\"fr-FR\",\"@id\":\"https:\\\/\\\/www.italiafideiussioni.it\\\/fr\\\/quel-type-de-visa-dois-je-obtenir-pour-entrer-en-italie\\\/#primaryimage\",\"url\":\"https:\\\/\\\/www.italiafideiussioni.it\\\/wp-content\\\/uploads\\\/2022\\\/06\\\/quale-tipo-visto.jpg\",\"contentUrl\":\"https:\\\/\\\/www.italiafideiussioni.it\\\/wp-content\\\/uploads\\\/2022\\\/06\\\/quale-tipo-visto.jpg\",\"width\":630,\"height\":420},{\"@type\":\"BreadcrumbList\",\"@id\":\"https:\\\/\\\/www.italiafideiussioni.it\\\/fr\\\/quel-type-de-visa-dois-je-obtenir-pour-entrer-en-italie\\\/#breadcrumb\",\"itemListElement\":[{\"@type\":\"ListItem\",\"position\":1,\"name\":\"Home\",\"item\":\"https:\\\/\\\/www.italiafideiussioni.it\\\/fr\\\/page-daccueil-2013\\\/\"},{\"@type\":\"ListItem\",\"position\":2,\"name\":\"Quel type de visa dois-je obtenir pour entrer en Italie ?\"}]},{\"@type\":\"WebSite\",\"@id\":\"https:\\\/\\\/www.italiafideiussioni.it\\\/fr\\\/#website\",\"url\":\"https:\\\/\\\/www.italiafideiussioni.it\\\/fr\\\/\",\"name\":\"Italia Fideiussioni\",\"description\":\"\",\"publisher\":{\"@id\":\"https:\\\/\\\/www.italiafideiussioni.it\\\/fr\\\/#organization\"},\"potentialAction\":[{\"@type\":\"SearchAction\",\"target\":{\"@type\":\"EntryPoint\",\"urlTemplate\":\"https:\\\/\\\/www.italiafideiussioni.it\\\/fr\\\/?s={search_term_string}\"},\"query-input\":{\"@type\":\"PropertyValueSpecification\",\"valueRequired\":true,\"valueName\":\"search_term_string\"}}],\"inLanguage\":\"fr-FR\"},{\"@type\":\"Organization\",\"@id\":\"https:\\\/\\\/www.italiafideiussioni.it\\\/fr\\\/#organization\",\"name\":\"Fideiussioni s.r.l.\",\"url\":\"https:\\\/\\\/www.italiafideiussioni.it\\\/fr\\\/\",\"logo\":{\"@type\":\"ImageObject\",\"inLanguage\":\"fr-FR\",\"@id\":\"https:\\\/\\\/www.italiafideiussioni.it\\\/fr\\\/#\\\/schema\\\/logo\\\/image\\\/\",\"url\":\"https:\\\/\\\/www.italiafideiussioni.it\\\/wp-content\\\/uploads\\\/2018\\\/10\\\/italiafideiussioni-logo-white.png\",\"contentUrl\":\"https:\\\/\\\/www.italiafideiussioni.it\\\/wp-content\\\/uploads\\\/2018\\\/10\\\/italiafideiussioni-logo-white.png\",\"width\":516,\"height\":97,\"caption\":\"Fideiussioni s.r.l.\"},\"image\":{\"@id\":\"https:\\\/\\\/www.italiafideiussioni.it\\\/fr\\\/#\\\/schema\\\/logo\\\/image\\\/\"},\"sameAs\":[\"https:\\\/\\\/www.facebook.com\\\/italiafideiussioni\\\/\",\"https:\\\/\\\/x.com\\\/itafideiussioni\",\"https:\\\/\\\/www.linkedin.com\\\/company\\\/italiafideiussioni-srl\\\/about\\\/\",\"https:\\\/\\\/www.youtube.com\\\/channel\\\/UC-OhbmM_pkAEKLqJ6nQbpjw\"]}]}<\/script>\n<!-- \/ Yoast SEO plugin. -->","yoast_head_json":{"title":"Types de visa : lequel obtenir pour entrer en Italie","description":"Voyons quels sont les diff\u00e9rents types de visas existants et d\u00e9couvrez celui qui correspond le mieux \u00e0 vos besoins de voyage.","robots":{"index":"index","follow":"follow","max-snippet":"max-snippet:-1","max-image-preview":"max-image-preview:large","max-video-preview":"max-video-preview:-1"},"canonical":"https:\/\/www.italiafideiussioni.it\/fr\/quel-type-de-visa-dois-je-obtenir-pour-entrer-en-italie\/","og_locale":"fr_FR","og_type":"article","og_title":"Types de visa : lequel obtenir pour entrer en Italie","og_description":"Voyons quels sont les diff\u00e9rents types de visas existants et d\u00e9couvrez celui qui correspond le mieux \u00e0 vos besoins de voyage.","og_url":"https:\/\/www.italiafideiussioni.it\/fr\/quel-type-de-visa-dois-je-obtenir-pour-entrer-en-italie\/","og_site_name":"Italia Fideiussioni","article_publisher":"https:\/\/www.facebook.com\/italiafideiussioni\/","article_modified_time":"2024-11-07T08:57:56+00:00","og_image":[{"width":630,"height":420,"url":"https:\/\/www.italiafideiussioni.it\/wp-content\/uploads\/2022\/06\/quale-tipo-visto.jpg","type":"image\/jpeg"}],"twitter_card":"summary_large_image","twitter_site":"@itafideiussioni","twitter_misc":{"Dur\u00e9e de lecture estim\u00e9e":"3 minutes"},"schema":{"@context":"https:\/\/schema.org","@graph":[{"@type":"WebPage","@id":"https:\/\/www.italiafideiussioni.it\/fr\/quel-type-de-visa-dois-je-obtenir-pour-entrer-en-italie\/","url":"https:\/\/www.italiafideiussioni.it\/fr\/quel-type-de-visa-dois-je-obtenir-pour-entrer-en-italie\/","name":"Types de visa : lequel obtenir pour entrer en Italie","isPartOf":{"@id":"https:\/\/www.italiafideiussioni.it\/fr\/#website"},"primaryImageOfPage":{"@id":"https:\/\/www.italiafideiussioni.it\/fr\/quel-type-de-visa-dois-je-obtenir-pour-entrer-en-italie\/#primaryimage"},"image":{"@id":"https:\/\/www.italiafideiussioni.it\/fr\/quel-type-de-visa-dois-je-obtenir-pour-entrer-en-italie\/#primaryimage"},"thumbnailUrl":"https:\/\/www.italiafideiussioni.it\/wp-content\/uploads\/2022\/06\/quale-tipo-visto.jpg","datePublished":"2022-06-21T08:12:22+00:00","dateModified":"2024-11-07T08:57:56+00:00","description":"Voyons quels sont les diff\u00e9rents types de visas existants et d\u00e9couvrez celui qui correspond le mieux \u00e0 vos besoins de voyage.","breadcrumb":{"@id":"https:\/\/www.italiafideiussioni.it\/fr\/quel-type-de-visa-dois-je-obtenir-pour-entrer-en-italie\/#breadcrumb"},"inLanguage":"fr-FR","potentialAction":[{"@type":"ReadAction","target":["https:\/\/www.italiafideiussioni.it\/fr\/quel-type-de-visa-dois-je-obtenir-pour-entrer-en-italie\/"]}]},{"@type":"ImageObject","inLanguage":"fr-FR","@id":"https:\/\/www.italiafideiussioni.it\/fr\/quel-type-de-visa-dois-je-obtenir-pour-entrer-en-italie\/#primaryimage","url":"https:\/\/www.italiafideiussioni.it\/wp-content\/uploads\/2022\/06\/quale-tipo-visto.jpg","contentUrl":"https:\/\/www.italiafideiussioni.it\/wp-content\/uploads\/2022\/06\/quale-tipo-visto.jpg","width":630,"height":420},{"@type":"BreadcrumbList","@id":"https:\/\/www.italiafideiussioni.it\/fr\/quel-type-de-visa-dois-je-obtenir-pour-entrer-en-italie\/#breadcrumb","itemListElement":[{"@type":"ListItem","position":1,"name":"Home","item":"https:\/\/www.italiafideiussioni.it\/fr\/page-daccueil-2013\/"},{"@type":"ListItem","position":2,"name":"Quel type de visa dois-je obtenir pour entrer en Italie ?"}]},{"@type":"WebSite","@id":"https:\/\/www.italiafideiussioni.it\/fr\/#website","url":"https:\/\/www.italiafideiussioni.it\/fr\/","name":"Italia Fideiussioni","description":"","publisher":{"@id":"https:\/\/www.italiafideiussioni.it\/fr\/#organization"},"potentialAction":[{"@type":"SearchAction","target":{"@type":"EntryPoint","urlTemplate":"https:\/\/www.italiafideiussioni.it\/fr\/?s={search_term_string}"},"query-input":{"@type":"PropertyValueSpecification","valueRequired":true,"valueName":"search_term_string"}}],"inLanguage":"fr-FR"},{"@type":"Organization","@id":"https:\/\/www.italiafideiussioni.it\/fr\/#organization","name":"Fideiussioni s.r.l.","url":"https:\/\/www.italiafideiussioni.it\/fr\/","logo":{"@type":"ImageObject","inLanguage":"fr-FR","@id":"https:\/\/www.italiafideiussioni.it\/fr\/#\/schema\/logo\/image\/","url":"https:\/\/www.italiafideiussioni.it\/wp-content\/uploads\/2018\/10\/italiafideiussioni-logo-white.png","contentUrl":"https:\/\/www.italiafideiussioni.it\/wp-content\/uploads\/2018\/10\/italiafideiussioni-logo-white.png","width":516,"height":97,"caption":"Fideiussioni s.r.l."},"image":{"@id":"https:\/\/www.italiafideiussioni.it\/fr\/#\/schema\/logo\/image\/"},"sameAs":["https:\/\/www.facebook.com\/italiafideiussioni\/","https:\/\/x.com\/itafideiussioni","https:\/\/www.linkedin.com\/company\/italiafideiussioni-srl\/about\/","https:\/\/www.youtube.com\/channel\/UC-OhbmM_pkAEKLqJ6nQbpjw"]}]}},"_links":{"self":[{"href":"https:\/\/www.italiafideiussioni.it\/fr\/wp-json\/wp\/v2\/pages\/8809","targetHints":{"allow":["GET"]}}],"collection":[{"href":"https:\/\/www.italiafideiussioni.it\/fr\/wp-json\/wp\/v2\/pages"}],"about":[{"href":"https:\/\/www.italiafideiussioni.it\/fr\/wp-json\/wp\/v2\/types\/page"}],"author":[{"embeddable":true,"href":"https:\/\/www.italiafideiussioni.it\/fr\/wp-json\/wp\/v2\/users\/3"}],"replies":[{"embeddable":true,"href":"https:\/\/www.italiafideiussioni.it\/fr\/wp-json\/wp\/v2\/comments?post=8809"}],"version-history":[{"count":1,"href":"https:\/\/www.italiafideiussioni.it\/fr\/wp-json\/wp\/v2\/pages\/8809\/revisions"}],"predecessor-version":[{"id":8811,"href":"https:\/\/www.italiafideiussioni.it\/fr\/wp-json\/wp\/v2\/pages\/8809\/revisions\/8811"}],"wp:featuredmedia":[{"embeddable":true,"href":"https:\/\/www.italiafideiussioni.it\/fr\/wp-json\/wp\/v2\/media\/8810"}],"wp:attachment":[{"href":"https:\/\/www.italiafideiussioni.it\/fr\/wp-json\/wp\/v2\/media?parent=8809"}],"curies":[{"name":"wp","href":"https:\/\/api.w.org\/{rel}","templated":true}]}}