{"id":8802,"date":"2022-06-21T08:45:11","date_gmt":"2022-06-21T08:45:11","guid":{"rendered":"https:\/\/www.italiafideiussioni.it\/quels-sont-les-citoyens-exemptes-de-lobligation-de-visa-pour-entrer-en-italie\/"},"modified":"2024-11-07T08:42:04","modified_gmt":"2024-11-07T08:42:04","slug":"quels-sont-les-citoyens-exemptes-de-lobligation-de-visa-pour-entrer-en-italie","status":"publish","type":"page","link":"https:\/\/www.italiafideiussioni.it\/fr\/quels-sont-les-citoyens-exemptes-de-lobligation-de-visa-pour-entrer-en-italie\/","title":{"rendered":"Quels sont les citoyens exempt\u00e9s de l&rsquo;obligation de visa pour entrer en Italie ?"},"content":{"rendered":"\n<p>Les citoyens de certains pays sont exempt\u00e9s de l&rsquo;obligation de visa. Cette exemption est valable uniquement pour les visas d&rsquo;entr\u00e9e pour des s\u00e9jours d&rsquo;une dur\u00e9e maximale de 90 jours.<\/p>\n\n\n\n<p>De plus, la raison de la demande de visa doit \u00eatre l&rsquo;une des suivantes :<\/p>\n\n\n\n<ul class=\"wp-block-list\">\n<li>tourisme ;<\/li>\n\n\n\n<li>mission ;<\/li>\n\n\n\n<li>affaires ;<\/li>\n\n\n\n<li>invitation ;<\/li>\n\n\n\n<li>motifs religieux ;<\/li>\n\n\n\n<li>transit ;<\/li>\n\n\n\n<li>transport ;<\/li>\n\n\n\n<li>comp\u00e9tition sportive ;<\/li>\n\n\n\n<li>\u00e9tudes.<\/li>\n<\/ul>\n\n\n\n<p>Voici la liste compl\u00e8te des pays dont les citoyens sont exempt\u00e9s de l&rsquo;obligation de visa :<\/p>\n\n\n\n<p>Albanie, Andorre, Antigua-et-Barbuda, Argentine, Australie, Bahamas, Barbade, Bosnie-Herz\u00e9govine, Br\u00e9sil, Brunei, Canada, Chili, Colombie, Cor\u00e9e du Sud, Costa Rica, Dominique, El Salvador, \u00c9mirats Arabes Unis, G\u00e9orgie, Japon, Grenade, Guatemala, Honduras, RAS de Hong Kong, \u00celes Salomon, Isra\u00ebl, Kiribati, Malaisie, RAS de Macao, Mac\u00e9doine du Nord, \u00celes Marshall, Maurice, Mexique, Micron\u00e9sie, Moldavie, Monaco, Mont\u00e9n\u00e9gro, Nauru, Nicaragua, Nouvelle-Z\u00e9lande, Palaos, Panama, Paraguay, P\u00e9rou, Saint-Christophe (Saint-Kitts) et Nevis, Royaume-Uni, Samoa, Sainte-Lucie, Serbie, Seychelles, Singapour, \u00c9tats-Unis, Saint-Vincent-et-les-Grenadines, Ta\u00efwan, Timor oriental, Tonga, Trinit\u00e9-et-Tobago, Tuvalu, Ukraine, Uruguay, Vanuatu, Venezuela.<\/p>\n\n\n\n<p><strong>Remarques :<\/strong><\/p>\n\n\n\n<p>Pour Ta\u00efwan, l&rsquo;exemption de visa s&rsquo;applique uniquement aux d\u00e9tenteurs de passeports incluant un num\u00e9ro de carte d&rsquo;identit\u00e9.<\/p>\n\n\n\n<p>Pour les citoyens d&rsquo;Albanie, de Bosnie-Herz\u00e9govine, de Mac\u00e9doine du Nord, de Moldavie, du Mont\u00e9n\u00e9gro, de Serbie et d&rsquo;Ukraine, l&rsquo;exemption de visa s&rsquo;applique uniquement aux d\u00e9tenteurs de passeports biom\u00e9triques.<\/p>\n\n\n\n<p>Les citoyens serbes d\u00e9tenteurs de passeports d\u00e9livr\u00e9s par la Direction de coordination serbe (<em>Koordinaciona uprava<\/em>) sont exclus de l&rsquo;exemption de visa.<\/p>\n\n\n\n<p>Les citoyens de Saint-Marin et du Saint-Si\u00e8ge sont exempt\u00e9s de l&rsquo;obligation de visa dans tous les cas.<\/p>\n\n\n\n<p>Pour les citoyens du Royaume-Uni, l&rsquo;exemption de visa pour des s\u00e9jours d&rsquo;une dur\u00e9e maximale de 90 jours s&rsquo;applique \u00e9galement en cas d&rsquo;activit\u00e9 professionnelle r\u00e9mun\u00e9r\u00e9e.<\/p>\n\n\n\n<p><strong>Attention :<\/strong><\/p>\n\n\n\n<p>L&rsquo;absence d&rsquo;obligation de visa pour l&rsquo;Italie ne garantit pas l&rsquo;entr\u00e9e dans le pays. Les autorit\u00e9s frontali\u00e8res peuvent refuser l&rsquo;entr\u00e9e si le citoyen \u00e9tranger ne dispose pas de moyens de subsistance suffisants et n&rsquo;est pas en mesure de fournir des informations pr\u00e9cises sur le motif et les modalit\u00e9s de son s\u00e9jour en Italie, ou pour des raisons de s\u00e9curit\u00e9 et d&rsquo;ordre public.<\/p>\n\n\n\n<p>De plus, de nombreux pays dont les citoyens peuvent entrer en Italie pour une p\u00e9riode allant jusqu&rsquo;\u00e0 90 jours sans visa doivent tout de m\u00eame prouver qu&rsquo;ils disposent de moyens financiers suffisants pour assurer leur subsistance pendant toute la dur\u00e9e de leur s\u00e9jour en Italie, conform\u00e9ment \u00e0 la directive du Minist\u00e8re de l&rsquo;Int\u00e9rieur du 1er mars 2000 : Directive sur les moyens de subsistance pour les \u00e9trangers entrant en Italie.<\/p>\n\n\n\n<p class=\"has-text-align-right\"><strong><em>Retour aux F.A.Q.<\/em><\/strong><\/p>\n\n\n\n<p><\/p>\n","protected":false},"excerpt":{"rendered":"<p>Les citoyens de certains pays sont exempt\u00e9s de l&rsquo;obligation de visa. Cette exemption est valable uniquement pour les visas d&rsquo;entr\u00e9e pour des s\u00e9jours d&rsquo;une dur\u00e9e maximale de 90 jours. De plus, la raison de la demande de visa doit \u00eatre l&rsquo;une des suivantes : Voici la liste compl\u00e8te des pays dont les citoyens sont exempt\u00e9s [&hellip;]<\/p>\n","protected":false},"author":3,"featured_media":8803,"parent":0,"menu_order":0,"comment_status":"closed","ping_status":"closed","template":"","meta":{"_acf_changed":false,"_yoast_wpseo_focuskw":"","_yoast_wpseo_title":"Obligation de visa : voici la liste compl\u00e8te de tous les pays exempt\u00e9s","_yoast_wpseo_metadesc":"D\u00e9couvrez quels sont les pays dont les citoyens sont exempt\u00e9s de l\u2019obligation de visa. Attention, il existe des exceptions.","_yoast_wpseo_meta-robots-noindex":"2","_yoast_wpseo_meta-robots-nofollow":"","_yoast_wpseo_canonical":"","_yoast_wpseo_opengraph-title":"","_yoast_wpseo_opengraph-description":"","_yoast_wpseo_opengraph-image":"","_yoast_wpseo_opengraph-image-id":"","_yoast_wpseo_twitter-title":"","_yoast_wpseo_twitter-description":"","_yoast_wpseo_twitter-image":"","footnotes":""},"class_list":["post-8802","page","type-page","status-publish","has-post-thumbnail","hentry"],"acf":{"blocco_testimonianze":"2","macroarea_servizi":"","blocco_iniziale":"","blocco_euro_titolo":"","blocco_euro_testo":"","immagini_aggiuntive":false,"blocco_info_titolo":"","blocco_info_testo":""},"yoast_head":"<!-- This site is optimized with the Yoast SEO plugin v27.5 - https:\/\/yoast.com\/product\/yoast-seo-wordpress\/ -->\n<title>Obligation de visa : voici la liste compl\u00e8te de tous les pays exempt\u00e9s<\/title>\n<meta name=\"description\" content=\"D\u00e9couvrez quels sont les pays dont les citoyens sont exempt\u00e9s de l\u2019obligation de visa. Attention, il existe des exceptions.\" \/>\n<meta name=\"robots\" content=\"index, follow, max-snippet:-1, max-image-preview:large, max-video-preview:-1\" \/>\n<link rel=\"canonical\" href=\"https:\/\/www.italiafideiussioni.it\/fr\/quels-sont-les-citoyens-exemptes-de-lobligation-de-visa-pour-entrer-en-italie\/\" \/>\n<meta property=\"og:locale\" content=\"fr_FR\" \/>\n<meta property=\"og:type\" content=\"article\" \/>\n<meta property=\"og:title\" content=\"Obligation de visa : voici la liste compl\u00e8te de tous les pays exempt\u00e9s\" \/>\n<meta property=\"og:description\" content=\"D\u00e9couvrez quels sont les pays dont les citoyens sont exempt\u00e9s de l\u2019obligation de visa. Attention, il existe des exceptions.\" \/>\n<meta property=\"og:url\" content=\"https:\/\/www.italiafideiussioni.it\/fr\/quels-sont-les-citoyens-exemptes-de-lobligation-de-visa-pour-entrer-en-italie\/\" \/>\n<meta property=\"og:site_name\" content=\"Italia Fideiussioni\" \/>\n<meta property=\"article:publisher\" content=\"https:\/\/www.facebook.com\/italiafideiussioni\/\" \/>\n<meta property=\"article:modified_time\" content=\"2024-11-07T08:42:04+00:00\" \/>\n<meta property=\"og:image\" content=\"https:\/\/www.italiafideiussioni.it\/wp-content\/uploads\/2022\/06\/elenco-paesi-esenti-visto.jpg\" \/>\n\t<meta property=\"og:image:width\" content=\"630\" \/>\n\t<meta property=\"og:image:height\" content=\"420\" \/>\n\t<meta property=\"og:image:type\" content=\"image\/jpeg\" \/>\n<meta name=\"twitter:card\" content=\"summary_large_image\" \/>\n<meta name=\"twitter:site\" content=\"@itafideiussioni\" \/>\n<meta name=\"twitter:label1\" content=\"Dur\u00e9e de lecture estim\u00e9e\" \/>\n\t<meta name=\"twitter:data1\" content=\"3 minutes\" \/>\n<script type=\"application\/ld+json\" class=\"yoast-schema-graph\">{\"@context\":\"https:\\\/\\\/schema.org\",\"@graph\":[{\"@type\":\"WebPage\",\"@id\":\"https:\\\/\\\/www.italiafideiussioni.it\\\/fr\\\/quels-sont-les-citoyens-exemptes-de-lobligation-de-visa-pour-entrer-en-italie\\\/\",\"url\":\"https:\\\/\\\/www.italiafideiussioni.it\\\/fr\\\/quels-sont-les-citoyens-exemptes-de-lobligation-de-visa-pour-entrer-en-italie\\\/\",\"name\":\"Obligation de visa : voici la liste compl\u00e8te de tous les pays exempt\u00e9s\",\"isPartOf\":{\"@id\":\"https:\\\/\\\/www.italiafideiussioni.it\\\/fr\\\/#website\"},\"primaryImageOfPage\":{\"@id\":\"https:\\\/\\\/www.italiafideiussioni.it\\\/fr\\\/quels-sont-les-citoyens-exemptes-de-lobligation-de-visa-pour-entrer-en-italie\\\/#primaryimage\"},\"image\":{\"@id\":\"https:\\\/\\\/www.italiafideiussioni.it\\\/fr\\\/quels-sont-les-citoyens-exemptes-de-lobligation-de-visa-pour-entrer-en-italie\\\/#primaryimage\"},\"thumbnailUrl\":\"https:\\\/\\\/www.italiafideiussioni.it\\\/wp-content\\\/uploads\\\/2022\\\/06\\\/elenco-paesi-esenti-visto.jpg\",\"datePublished\":\"2022-06-21T08:45:11+00:00\",\"dateModified\":\"2024-11-07T08:42:04+00:00\",\"description\":\"D\u00e9couvrez quels sont les pays dont les citoyens sont exempt\u00e9s de l\u2019obligation de visa. Attention, il existe des exceptions.\",\"breadcrumb\":{\"@id\":\"https:\\\/\\\/www.italiafideiussioni.it\\\/fr\\\/quels-sont-les-citoyens-exemptes-de-lobligation-de-visa-pour-entrer-en-italie\\\/#breadcrumb\"},\"inLanguage\":\"fr-FR\",\"potentialAction\":[{\"@type\":\"ReadAction\",\"target\":[\"https:\\\/\\\/www.italiafideiussioni.it\\\/fr\\\/quels-sont-les-citoyens-exemptes-de-lobligation-de-visa-pour-entrer-en-italie\\\/\"]}]},{\"@type\":\"ImageObject\",\"inLanguage\":\"fr-FR\",\"@id\":\"https:\\\/\\\/www.italiafideiussioni.it\\\/fr\\\/quels-sont-les-citoyens-exemptes-de-lobligation-de-visa-pour-entrer-en-italie\\\/#primaryimage\",\"url\":\"https:\\\/\\\/www.italiafideiussioni.it\\\/wp-content\\\/uploads\\\/2022\\\/06\\\/elenco-paesi-esenti-visto.jpg\",\"contentUrl\":\"https:\\\/\\\/www.italiafideiussioni.it\\\/wp-content\\\/uploads\\\/2022\\\/06\\\/elenco-paesi-esenti-visto.jpg\",\"width\":630,\"height\":420},{\"@type\":\"BreadcrumbList\",\"@id\":\"https:\\\/\\\/www.italiafideiussioni.it\\\/fr\\\/quels-sont-les-citoyens-exemptes-de-lobligation-de-visa-pour-entrer-en-italie\\\/#breadcrumb\",\"itemListElement\":[{\"@type\":\"ListItem\",\"position\":1,\"name\":\"Home\",\"item\":\"https:\\\/\\\/www.italiafideiussioni.it\\\/fr\\\/page-daccueil-2013\\\/\"},{\"@type\":\"ListItem\",\"position\":2,\"name\":\"Quels sont les citoyens exempt\u00e9s de l&#8217;obligation de visa pour entrer en Italie ?\"}]},{\"@type\":\"WebSite\",\"@id\":\"https:\\\/\\\/www.italiafideiussioni.it\\\/fr\\\/#website\",\"url\":\"https:\\\/\\\/www.italiafideiussioni.it\\\/fr\\\/\",\"name\":\"Italia Fideiussioni\",\"description\":\"\",\"publisher\":{\"@id\":\"https:\\\/\\\/www.italiafideiussioni.it\\\/fr\\\/#organization\"},\"potentialAction\":[{\"@type\":\"SearchAction\",\"target\":{\"@type\":\"EntryPoint\",\"urlTemplate\":\"https:\\\/\\\/www.italiafideiussioni.it\\\/fr\\\/?s={search_term_string}\"},\"query-input\":{\"@type\":\"PropertyValueSpecification\",\"valueRequired\":true,\"valueName\":\"search_term_string\"}}],\"inLanguage\":\"fr-FR\"},{\"@type\":\"Organization\",\"@id\":\"https:\\\/\\\/www.italiafideiussioni.it\\\/fr\\\/#organization\",\"name\":\"Fideiussioni s.r.l.\",\"url\":\"https:\\\/\\\/www.italiafideiussioni.it\\\/fr\\\/\",\"logo\":{\"@type\":\"ImageObject\",\"inLanguage\":\"fr-FR\",\"@id\":\"https:\\\/\\\/www.italiafideiussioni.it\\\/fr\\\/#\\\/schema\\\/logo\\\/image\\\/\",\"url\":\"https:\\\/\\\/www.italiafideiussioni.it\\\/wp-content\\\/uploads\\\/2018\\\/10\\\/italiafideiussioni-logo-white.png\",\"contentUrl\":\"https:\\\/\\\/www.italiafideiussioni.it\\\/wp-content\\\/uploads\\\/2018\\\/10\\\/italiafideiussioni-logo-white.png\",\"width\":516,\"height\":97,\"caption\":\"Fideiussioni s.r.l.\"},\"image\":{\"@id\":\"https:\\\/\\\/www.italiafideiussioni.it\\\/fr\\\/#\\\/schema\\\/logo\\\/image\\\/\"},\"sameAs\":[\"https:\\\/\\\/www.facebook.com\\\/italiafideiussioni\\\/\",\"https:\\\/\\\/x.com\\\/itafideiussioni\",\"https:\\\/\\\/www.linkedin.com\\\/company\\\/italiafideiussioni-srl\\\/about\\\/\",\"https:\\\/\\\/www.youtube.com\\\/channel\\\/UC-OhbmM_pkAEKLqJ6nQbpjw\"]}]}<\/script>\n<!-- \/ Yoast SEO plugin. -->","yoast_head_json":{"title":"Obligation de visa : voici la liste compl\u00e8te de tous les pays exempt\u00e9s","description":"D\u00e9couvrez quels sont les pays dont les citoyens sont exempt\u00e9s de l\u2019obligation de visa. Attention, il existe des exceptions.","robots":{"index":"index","follow":"follow","max-snippet":"max-snippet:-1","max-image-preview":"max-image-preview:large","max-video-preview":"max-video-preview:-1"},"canonical":"https:\/\/www.italiafideiussioni.it\/fr\/quels-sont-les-citoyens-exemptes-de-lobligation-de-visa-pour-entrer-en-italie\/","og_locale":"fr_FR","og_type":"article","og_title":"Obligation de visa : voici la liste compl\u00e8te de tous les pays exempt\u00e9s","og_description":"D\u00e9couvrez quels sont les pays dont les citoyens sont exempt\u00e9s de l\u2019obligation de visa. Attention, il existe des exceptions.","og_url":"https:\/\/www.italiafideiussioni.it\/fr\/quels-sont-les-citoyens-exemptes-de-lobligation-de-visa-pour-entrer-en-italie\/","og_site_name":"Italia Fideiussioni","article_publisher":"https:\/\/www.facebook.com\/italiafideiussioni\/","article_modified_time":"2024-11-07T08:42:04+00:00","og_image":[{"width":630,"height":420,"url":"https:\/\/www.italiafideiussioni.it\/wp-content\/uploads\/2022\/06\/elenco-paesi-esenti-visto.jpg","type":"image\/jpeg"}],"twitter_card":"summary_large_image","twitter_site":"@itafideiussioni","twitter_misc":{"Dur\u00e9e de lecture estim\u00e9e":"3 minutes"},"schema":{"@context":"https:\/\/schema.org","@graph":[{"@type":"WebPage","@id":"https:\/\/www.italiafideiussioni.it\/fr\/quels-sont-les-citoyens-exemptes-de-lobligation-de-visa-pour-entrer-en-italie\/","url":"https:\/\/www.italiafideiussioni.it\/fr\/quels-sont-les-citoyens-exemptes-de-lobligation-de-visa-pour-entrer-en-italie\/","name":"Obligation de visa : voici la liste compl\u00e8te de tous les pays exempt\u00e9s","isPartOf":{"@id":"https:\/\/www.italiafideiussioni.it\/fr\/#website"},"primaryImageOfPage":{"@id":"https:\/\/www.italiafideiussioni.it\/fr\/quels-sont-les-citoyens-exemptes-de-lobligation-de-visa-pour-entrer-en-italie\/#primaryimage"},"image":{"@id":"https:\/\/www.italiafideiussioni.it\/fr\/quels-sont-les-citoyens-exemptes-de-lobligation-de-visa-pour-entrer-en-italie\/#primaryimage"},"thumbnailUrl":"https:\/\/www.italiafideiussioni.it\/wp-content\/uploads\/2022\/06\/elenco-paesi-esenti-visto.jpg","datePublished":"2022-06-21T08:45:11+00:00","dateModified":"2024-11-07T08:42:04+00:00","description":"D\u00e9couvrez quels sont les pays dont les citoyens sont exempt\u00e9s de l\u2019obligation de visa. Attention, il existe des exceptions.","breadcrumb":{"@id":"https:\/\/www.italiafideiussioni.it\/fr\/quels-sont-les-citoyens-exemptes-de-lobligation-de-visa-pour-entrer-en-italie\/#breadcrumb"},"inLanguage":"fr-FR","potentialAction":[{"@type":"ReadAction","target":["https:\/\/www.italiafideiussioni.it\/fr\/quels-sont-les-citoyens-exemptes-de-lobligation-de-visa-pour-entrer-en-italie\/"]}]},{"@type":"ImageObject","inLanguage":"fr-FR","@id":"https:\/\/www.italiafideiussioni.it\/fr\/quels-sont-les-citoyens-exemptes-de-lobligation-de-visa-pour-entrer-en-italie\/#primaryimage","url":"https:\/\/www.italiafideiussioni.it\/wp-content\/uploads\/2022\/06\/elenco-paesi-esenti-visto.jpg","contentUrl":"https:\/\/www.italiafideiussioni.it\/wp-content\/uploads\/2022\/06\/elenco-paesi-esenti-visto.jpg","width":630,"height":420},{"@type":"BreadcrumbList","@id":"https:\/\/www.italiafideiussioni.it\/fr\/quels-sont-les-citoyens-exemptes-de-lobligation-de-visa-pour-entrer-en-italie\/#breadcrumb","itemListElement":[{"@type":"ListItem","position":1,"name":"Home","item":"https:\/\/www.italiafideiussioni.it\/fr\/page-daccueil-2013\/"},{"@type":"ListItem","position":2,"name":"Quels sont les citoyens exempt\u00e9s de l&#8217;obligation de visa pour entrer en Italie ?"}]},{"@type":"WebSite","@id":"https:\/\/www.italiafideiussioni.it\/fr\/#website","url":"https:\/\/www.italiafideiussioni.it\/fr\/","name":"Italia Fideiussioni","description":"","publisher":{"@id":"https:\/\/www.italiafideiussioni.it\/fr\/#organization"},"potentialAction":[{"@type":"SearchAction","target":{"@type":"EntryPoint","urlTemplate":"https:\/\/www.italiafideiussioni.it\/fr\/?s={search_term_string}"},"query-input":{"@type":"PropertyValueSpecification","valueRequired":true,"valueName":"search_term_string"}}],"inLanguage":"fr-FR"},{"@type":"Organization","@id":"https:\/\/www.italiafideiussioni.it\/fr\/#organization","name":"Fideiussioni s.r.l.","url":"https:\/\/www.italiafideiussioni.it\/fr\/","logo":{"@type":"ImageObject","inLanguage":"fr-FR","@id":"https:\/\/www.italiafideiussioni.it\/fr\/#\/schema\/logo\/image\/","url":"https:\/\/www.italiafideiussioni.it\/wp-content\/uploads\/2018\/10\/italiafideiussioni-logo-white.png","contentUrl":"https:\/\/www.italiafideiussioni.it\/wp-content\/uploads\/2018\/10\/italiafideiussioni-logo-white.png","width":516,"height":97,"caption":"Fideiussioni s.r.l."},"image":{"@id":"https:\/\/www.italiafideiussioni.it\/fr\/#\/schema\/logo\/image\/"},"sameAs":["https:\/\/www.facebook.com\/italiafideiussioni\/","https:\/\/x.com\/itafideiussioni","https:\/\/www.linkedin.com\/company\/italiafideiussioni-srl\/about\/","https:\/\/www.youtube.com\/channel\/UC-OhbmM_pkAEKLqJ6nQbpjw"]}]}},"_links":{"self":[{"href":"https:\/\/www.italiafideiussioni.it\/fr\/wp-json\/wp\/v2\/pages\/8802","targetHints":{"allow":["GET"]}}],"collection":[{"href":"https:\/\/www.italiafideiussioni.it\/fr\/wp-json\/wp\/v2\/pages"}],"about":[{"href":"https:\/\/www.italiafideiussioni.it\/fr\/wp-json\/wp\/v2\/types\/page"}],"author":[{"embeddable":true,"href":"https:\/\/www.italiafideiussioni.it\/fr\/wp-json\/wp\/v2\/users\/3"}],"replies":[{"embeddable":true,"href":"https:\/\/www.italiafideiussioni.it\/fr\/wp-json\/wp\/v2\/comments?post=8802"}],"version-history":[{"count":2,"href":"https:\/\/www.italiafideiussioni.it\/fr\/wp-json\/wp\/v2\/pages\/8802\/revisions"}],"predecessor-version":[{"id":8805,"href":"https:\/\/www.italiafideiussioni.it\/fr\/wp-json\/wp\/v2\/pages\/8802\/revisions\/8805"}],"wp:featuredmedia":[{"embeddable":true,"href":"https:\/\/www.italiafideiussioni.it\/fr\/wp-json\/wp\/v2\/media\/8803"}],"wp:attachment":[{"href":"https:\/\/www.italiafideiussioni.it\/fr\/wp-json\/wp\/v2\/media?parent=8802"}],"curies":[{"name":"wp","href":"https:\/\/api.w.org\/{rel}","templated":true}]}}