{"id":8756,"date":"2018-11-05T12:08:30","date_gmt":"2018-11-05T12:08:30","guid":{"rendered":"https:\/\/www.italiafideiussioni.it\/caution-dassurance-pour-marches-publics\/poliassurance-decennale-posterieure-et-assurance-c-a-r-pour-les-marches-publics\/"},"modified":"2024-11-06T08:38:28","modified_gmt":"2024-11-06T08:38:28","slug":"poliassurance-decennale-posterieure-et-assurance-c-a-r-pour-les-marches-publics","status":"publish","type":"page","link":"https:\/\/www.italiafideiussioni.it\/fr\/caution-dassurance-pour-marches-publics\/poliassurance-decennale-posterieure-et-assurance-c-a-r-pour-les-marches-publics\/","title":{"rendered":"PoliAssurance D\u00e9cennale Post\u00e9rieure et Assurance C.A.R. pour les March\u00e9s Publics"},"content":{"rendered":"<style>.wp-block-kadence-advancedheading.kt-adv-heading8756_fec551-e5, .wp-block-kadence-advancedheading.kt-adv-heading8756_fec551-e5[data-kb-block=\"kb-adv-heading8756_fec551-e5\"]{font-style:normal;}.wp-block-kadence-advancedheading.kt-adv-heading8756_fec551-e5 mark.kt-highlight, .wp-block-kadence-advancedheading.kt-adv-heading8756_fec551-e5[data-kb-block=\"kb-adv-heading8756_fec551-e5\"] mark.kt-highlight{font-style:normal;color:#f76a0c;-webkit-box-decoration-break:clone;box-decoration-break:clone;padding-top:0px;padding-right:0px;padding-bottom:0px;padding-left:0px;}.wp-block-kadence-advancedheading.kt-adv-heading8756_fec551-e5 img.kb-inline-image, .wp-block-kadence-advancedheading.kt-adv-heading8756_fec551-e5[data-kb-block=\"kb-adv-heading8756_fec551-e5\"] img.kb-inline-image{width:150px;vertical-align:baseline;}<\/style>\n<h2 class=\"kt-adv-heading8756_fec551-e5 wp-block-kadence-advancedheading\" data-kb-block=\"kb-adv-heading8756_fec551-e5\"><strong>Qu&rsquo;est-ce que l&rsquo;Assurance C.A.R. et que couvre-t-elle ?<\/strong><\/h2>\n\n\n\n<p>La police d\u2019assurance C.A.R., ou <em>Contractor\u2019s All Risks<\/em>, est une assurance qui prot\u00e8ge l&rsquo;entreprise et ses associ\u00e9s contre les dommages mat\u00e9riels et directs subis par le chantier, les b\u00e2timents en construction, les \u00e9quipements. Elle inclut \u00e9galement la responsabilit\u00e9 civile envers les tiers, couvrant ainsi les blessures ou d\u00e9c\u00e8s des personnes travaillant sur le site ou de celles qui peuvent \u00eatre affect\u00e9es, jusqu&rsquo;\u00e0 la fin des travaux. Elle couvre donc \u00ab tous les risques du constructeur \u00bb.<\/p>\n\n\n\n<p>L&rsquo;assurance C.A.R. et l&rsquo;assurance d\u00e9cennale post\u00e9rieure sont obligatoires. Le nouveau Code des March\u00e9s Publics, \u00e0 l&rsquo;Article 103, paragraphe 8, exige une assurance d\u00e9cennale post\u00e9rieure, avec une couverture d\u2019au moins 20 % de la valeur des travaux r\u00e9alis\u00e9s :<\/p>\n\n\n<style>.wp-block-kadence-advancedheading.kt-adv-heading8756_5bc412-42, .wp-block-kadence-advancedheading.kt-adv-heading8756_5bc412-42[data-kb-block=\"kb-adv-heading8756_5bc412-42\"]{font-style:normal;}.wp-block-kadence-advancedheading.kt-adv-heading8756_5bc412-42 mark.kt-highlight, .wp-block-kadence-advancedheading.kt-adv-heading8756_5bc412-42[data-kb-block=\"kb-adv-heading8756_5bc412-42\"] mark.kt-highlight{font-style:normal;color:#f76a0c;-webkit-box-decoration-break:clone;box-decoration-break:clone;padding-top:0px;padding-right:0px;padding-bottom:0px;padding-left:0px;}.wp-block-kadence-advancedheading.kt-adv-heading8756_5bc412-42 img.kb-inline-image, .wp-block-kadence-advancedheading.kt-adv-heading8756_5bc412-42[data-kb-block=\"kb-adv-heading8756_5bc412-42\"] img.kb-inline-image{width:150px;vertical-align:baseline;}<\/style>\n<h2 class=\"kt-adv-heading8756_5bc412-42 wp-block-kadence-advancedheading\" data-kb-block=\"kb-adv-heading8756_5bc412-42\"><strong>Article 103 du D\u00e9cret L\u00e9gislatif n\u00b0 50\/2016<\/strong><\/h2>\n\n\n\n<p>\u00ab 8. Pour les travaux d&rsquo;un montant sup\u00e9rieur au double du seuil pr\u00e9vu \u00e0 l&rsquo;article 35, le titulaire du contrat est tenu de souscrire, \u00e0 compter de la date de d\u00e9livrance du certificat de r\u00e9ception provisoire ou d&rsquo;ach\u00e8vement, une assurance d\u00e9cennale couvrant les risques de ruine totale ou partielle de l&rsquo;ouvrage ou de graves d\u00e9fauts de construction. La couverture minimale de cette assurance doit \u00eatre de 20 % de la valeur de l&rsquo;ouvrage, sans d\u00e9passer 40 %, en respectant le principe de proportionnalit\u00e9 selon la nature de l&rsquo;ouvrage. \u00bb<\/p>\n\n\n<style>.wp-block-kadence-advancedheading.kt-adv-heading8756_04291f-77, .wp-block-kadence-advancedheading.kt-adv-heading8756_04291f-77[data-kb-block=\"kb-adv-heading8756_04291f-77\"]{font-style:normal;}.wp-block-kadence-advancedheading.kt-adv-heading8756_04291f-77 mark.kt-highlight, .wp-block-kadence-advancedheading.kt-adv-heading8756_04291f-77[data-kb-block=\"kb-adv-heading8756_04291f-77\"] mark.kt-highlight{font-style:normal;color:#f76a0c;-webkit-box-decoration-break:clone;box-decoration-break:clone;padding-top:0px;padding-right:0px;padding-bottom:0px;padding-left:0px;}.wp-block-kadence-advancedheading.kt-adv-heading8756_04291f-77 img.kb-inline-image, .wp-block-kadence-advancedheading.kt-adv-heading8756_04291f-77[data-kb-block=\"kb-adv-heading8756_04291f-77\"] img.kb-inline-image{width:150px;vertical-align:baseline;}<\/style>\n<h2 class=\"kt-adv-heading8756_04291f-77 wp-block-kadence-advancedheading\" data-kb-block=\"kb-adv-heading8756_04291f-77\"><strong>Quel est le co\u00fbt de l&rsquo;assurance d\u00e9cennale post\u00e9rieure ?<\/strong><\/h2>\n\n\n\n<p>Le co\u00fbt varie de 0,25 % \u00e0 0,40 % de la valeur des travaux assur\u00e9s. Pour un devis pr\u00e9cis, appelez-nous.<\/p>\n\n\n<style>.wp-block-kadence-advancedheading.kt-adv-heading8756_d4dce8-54, .wp-block-kadence-advancedheading.kt-adv-heading8756_d4dce8-54[data-kb-block=\"kb-adv-heading8756_d4dce8-54\"]{font-style:normal;}.wp-block-kadence-advancedheading.kt-adv-heading8756_d4dce8-54 mark.kt-highlight, .wp-block-kadence-advancedheading.kt-adv-heading8756_d4dce8-54[data-kb-block=\"kb-adv-heading8756_d4dce8-54\"] mark.kt-highlight{font-style:normal;color:#f76a0c;-webkit-box-decoration-break:clone;box-decoration-break:clone;padding-top:0px;padding-right:0px;padding-bottom:0px;padding-left:0px;}.wp-block-kadence-advancedheading.kt-adv-heading8756_d4dce8-54 img.kb-inline-image, .wp-block-kadence-advancedheading.kt-adv-heading8756_d4dce8-54[data-kb-block=\"kb-adv-heading8756_d4dce8-54\"] img.kb-inline-image{width:150px;vertical-align:baseline;}<\/style>\n<h2 class=\"kt-adv-heading8756_d4dce8-54 wp-block-kadence-advancedheading\" data-kb-block=\"kb-adv-heading8756_d4dce8-54\"><strong>Quel est le co\u00fbt de l&rsquo;assurance C.A.R. pour chantier ou C.A.R. Merloni ?<\/strong><\/h2>\n\n\n\n<p>Le co\u00fbt se situe entre 0,90 % et 1,5 % de la valeur des travaux assur\u00e9s. Appelez-nous pour un devis clair, rapide et pr\u00e9cis.<\/p>\n\n\n<style>.wp-block-kadence-advancedheading.kt-adv-heading8756_999a72-ae, .wp-block-kadence-advancedheading.kt-adv-heading8756_999a72-ae[data-kb-block=\"kb-adv-heading8756_999a72-ae\"]{font-size:25px;font-style:normal;}.wp-block-kadence-advancedheading.kt-adv-heading8756_999a72-ae mark.kt-highlight, .wp-block-kadence-advancedheading.kt-adv-heading8756_999a72-ae[data-kb-block=\"kb-adv-heading8756_999a72-ae\"] mark.kt-highlight{font-style:normal;color:#f76a0c;-webkit-box-decoration-break:clone;box-decoration-break:clone;padding-top:0px;padding-right:0px;padding-bottom:0px;padding-left:0px;}.wp-block-kadence-advancedheading.kt-adv-heading8756_999a72-ae img.kb-inline-image, .wp-block-kadence-advancedheading.kt-adv-heading8756_999a72-ae[data-kb-block=\"kb-adv-heading8756_999a72-ae\"] img.kb-inline-image{width:150px;vertical-align:baseline;}<\/style>\n<p class=\"kt-adv-heading8756_999a72-ae wp-block-kadence-advancedheading\" data-kb-block=\"kb-adv-heading8756_999a72-ae\"><strong>Pourquoi choisir ITALIA FIDEIUSSIONI ?<\/strong><\/p>\n\n\n\n<ol class=\"wp-block-list\">\n<li><strong>RAPIDIT\u00c9<\/strong> : Nous pouvons \u00e9mettre l\u2019assurance d\u00e9cennale post\u00e9rieure en seulement 24 heures une fois tous les documents re\u00e7us.<\/li>\n\n\n\n<li><strong>COUVERTURE NATIONALE<\/strong> : Nous op\u00e9rons partout en Italie, y compris dans les \u00eeles.<\/li>\n\n\n\n<li><strong>ASSISTANCE ET CONSEIL<\/strong> : Un service client en ligne, par t\u00e9l\u00e9phone, WhatsApp et email pour vous assister durant toute la dur\u00e9e de l&rsquo;assurance.<\/li>\n\n\n\n<li><strong>CONFIDENTIALIT\u00c9<\/strong> : Vos donn\u00e9es personnelles sont en s\u00e9curit\u00e9 gr\u00e2ce \u00e0 nos syst\u00e8mes de protection informatique.<\/li>\n\n\n\n<li><strong>PROFESSIONNALISME ET PASSION<\/strong> : Notre professionnalisme se refl\u00e8te dans les avis de nos clients.<\/li>\n\n\n\n<li><strong>CONFIANCE ET TRANSPARENCE<\/strong> : Nos clients nous font confiance pour les aider \u00e0 choisir la meilleure solution pour leurs chantiers.<\/li>\n\n\n\n<li><strong>EXP\u00c9RIENCE<\/strong> : Notre \u00e9quipe d&rsquo;experts en assurances poss\u00e8de une longue exp\u00e9rience pour vous fournir la meilleure couverture.<\/li>\n<\/ol>\n","protected":false},"excerpt":{"rendered":"<p>Qu&rsquo;est-ce que l&rsquo;Assurance C.A.R. et que couvre-t-elle ? La police d\u2019assurance C.A.R., ou Contractor\u2019s All Risks, est une assurance qui prot\u00e8ge l&rsquo;entreprise et ses associ\u00e9s contre les dommages mat\u00e9riels et directs subis par le chantier, les b\u00e2timents en construction, les \u00e9quipements. Elle inclut \u00e9galement la responsabilit\u00e9 civile envers les tiers, couvrant ainsi les blessures ou [&hellip;]<\/p>\n","protected":false},"author":5,"featured_media":8757,"parent":8060,"menu_order":6,"comment_status":"closed","ping_status":"closed","template":"","meta":{"_acf_changed":false,"_yoast_wpseo_focuskw":"","_yoast_wpseo_title":"Assurance C.A.R. pour March\u00e9s Publics ou Priv\u00e9s | Italia Fideiussioni","_yoast_wpseo_metadesc":"Pour prot\u00e9ger les entreprises de construction avant le d\u00e9but des travaux, nous d\u00e9livrons rapidement l'assurance C.A.R. ou l'assurance d\u00e9cennale post\u00e9rieure pour les march\u00e9s publics ou priv\u00e9s - R\u00e9ponse en 2 heures.","_yoast_wpseo_meta-robots-noindex":"","_yoast_wpseo_meta-robots-nofollow":"","_yoast_wpseo_canonical":"","_yoast_wpseo_opengraph-title":"","_yoast_wpseo_opengraph-description":"","_yoast_wpseo_opengraph-image":"","_yoast_wpseo_opengraph-image-id":"","_yoast_wpseo_twitter-title":"","_yoast_wpseo_twitter-description":"","_yoast_wpseo_twitter-image":"","footnotes":""},"class_list":["post-8756","page","type-page","status-publish","has-post-thumbnail","hentry"],"acf":{"blocco_testimonianze":"2","macroarea_servizi":"appalti","blocco_iniziale":"","blocco_euro_titolo":"","blocco_euro_testo":"","immagini_aggiuntive":false,"blocco_info_titolo":"","blocco_info_testo":""},"yoast_head":"<!-- This site is optimized with the Yoast SEO plugin v27.3 - https:\/\/yoast.com\/product\/yoast-seo-wordpress\/ -->\n<title>Assurance C.A.R. pour March\u00e9s Publics ou Priv\u00e9s | Italia Fideiussioni<\/title>\n<meta name=\"description\" content=\"Pour prot\u00e9ger les entreprises de construction avant le d\u00e9but des travaux, nous d\u00e9livrons rapidement l&#039;assurance C.A.R. ou l&#039;assurance d\u00e9cennale post\u00e9rieure pour les march\u00e9s publics ou priv\u00e9s - R\u00e9ponse en 2 heures.\" \/>\n<meta name=\"robots\" content=\"index, follow, max-snippet:-1, max-image-preview:large, max-video-preview:-1\" \/>\n<link rel=\"canonical\" href=\"https:\/\/www.italiafideiussioni.it\/fr\/caution-dassurance-pour-marches-publics\/poliassurance-decennale-posterieure-et-assurance-c-a-r-pour-les-marches-publics\/\" \/>\n<meta property=\"og:locale\" content=\"fr_FR\" \/>\n<meta property=\"og:type\" content=\"article\" \/>\n<meta property=\"og:title\" content=\"Assurance C.A.R. pour March\u00e9s Publics ou Priv\u00e9s | Italia Fideiussioni\" \/>\n<meta property=\"og:description\" content=\"Pour prot\u00e9ger les entreprises de construction avant le d\u00e9but des travaux, nous d\u00e9livrons rapidement l&#039;assurance C.A.R. ou l&#039;assurance d\u00e9cennale post\u00e9rieure pour les march\u00e9s publics ou priv\u00e9s - R\u00e9ponse en 2 heures.\" \/>\n<meta property=\"og:url\" content=\"https:\/\/www.italiafideiussioni.it\/fr\/caution-dassurance-pour-marches-publics\/poliassurance-decennale-posterieure-et-assurance-c-a-r-pour-les-marches-publics\/\" \/>\n<meta property=\"og:site_name\" content=\"Italia Fideiussioni\" \/>\n<meta property=\"article:publisher\" content=\"https:\/\/www.facebook.com\/italiafideiussioni\/\" \/>\n<meta property=\"article:modified_time\" content=\"2024-11-06T08:38:28+00:00\" \/>\n<meta property=\"og:image\" content=\"https:\/\/www.italiafideiussioni.it\/wp-content\/uploads\/2018\/12\/polizza-appalti.jpeg\" \/>\n\t<meta property=\"og:image:width\" content=\"1000\" \/>\n\t<meta property=\"og:image:height\" content=\"667\" \/>\n\t<meta property=\"og:image:type\" content=\"image\/jpeg\" \/>\n<meta name=\"twitter:card\" content=\"summary_large_image\" \/>\n<meta name=\"twitter:site\" content=\"@itafideiussioni\" \/>\n<meta name=\"twitter:label1\" content=\"Dur\u00e9e de lecture estim\u00e9e\" \/>\n\t<meta name=\"twitter:data1\" content=\"3 minutes\" \/>\n<script type=\"application\/ld+json\" class=\"yoast-schema-graph\">{\"@context\":\"https:\\\/\\\/schema.org\",\"@graph\":[{\"@type\":\"WebPage\",\"@id\":\"https:\\\/\\\/www.italiafideiussioni.it\\\/fr\\\/caution-dassurance-pour-marches-publics\\\/poliassurance-decennale-posterieure-et-assurance-c-a-r-pour-les-marches-publics\\\/\",\"url\":\"https:\\\/\\\/www.italiafideiussioni.it\\\/fr\\\/caution-dassurance-pour-marches-publics\\\/poliassurance-decennale-posterieure-et-assurance-c-a-r-pour-les-marches-publics\\\/\",\"name\":\"Assurance C.A.R. pour March\u00e9s Publics ou Priv\u00e9s | Italia Fideiussioni\",\"isPartOf\":{\"@id\":\"https:\\\/\\\/www.italiafideiussioni.it\\\/fr\\\/#website\"},\"primaryImageOfPage\":{\"@id\":\"https:\\\/\\\/www.italiafideiussioni.it\\\/fr\\\/caution-dassurance-pour-marches-publics\\\/poliassurance-decennale-posterieure-et-assurance-c-a-r-pour-les-marches-publics\\\/#primaryimage\"},\"image\":{\"@id\":\"https:\\\/\\\/www.italiafideiussioni.it\\\/fr\\\/caution-dassurance-pour-marches-publics\\\/poliassurance-decennale-posterieure-et-assurance-c-a-r-pour-les-marches-publics\\\/#primaryimage\"},\"thumbnailUrl\":\"https:\\\/\\\/www.italiafideiussioni.it\\\/wp-content\\\/uploads\\\/2018\\\/12\\\/polizza-appalti.jpeg\",\"datePublished\":\"2018-11-05T12:08:30+00:00\",\"dateModified\":\"2024-11-06T08:38:28+00:00\",\"description\":\"Pour prot\u00e9ger les entreprises de construction avant le d\u00e9but des travaux, nous d\u00e9livrons rapidement l'assurance C.A.R. ou l'assurance d\u00e9cennale post\u00e9rieure pour les march\u00e9s publics ou priv\u00e9s - R\u00e9ponse en 2 heures.\",\"breadcrumb\":{\"@id\":\"https:\\\/\\\/www.italiafideiussioni.it\\\/fr\\\/caution-dassurance-pour-marches-publics\\\/poliassurance-decennale-posterieure-et-assurance-c-a-r-pour-les-marches-publics\\\/#breadcrumb\"},\"inLanguage\":\"fr-FR\",\"potentialAction\":[{\"@type\":\"ReadAction\",\"target\":[\"https:\\\/\\\/www.italiafideiussioni.it\\\/fr\\\/caution-dassurance-pour-marches-publics\\\/poliassurance-decennale-posterieure-et-assurance-c-a-r-pour-les-marches-publics\\\/\"]}]},{\"@type\":\"ImageObject\",\"inLanguage\":\"fr-FR\",\"@id\":\"https:\\\/\\\/www.italiafideiussioni.it\\\/fr\\\/caution-dassurance-pour-marches-publics\\\/poliassurance-decennale-posterieure-et-assurance-c-a-r-pour-les-marches-publics\\\/#primaryimage\",\"url\":\"https:\\\/\\\/www.italiafideiussioni.it\\\/wp-content\\\/uploads\\\/2018\\\/12\\\/polizza-appalti.jpeg\",\"contentUrl\":\"https:\\\/\\\/www.italiafideiussioni.it\\\/wp-content\\\/uploads\\\/2018\\\/12\\\/polizza-appalti.jpeg\",\"width\":1000,\"height\":667},{\"@type\":\"BreadcrumbList\",\"@id\":\"https:\\\/\\\/www.italiafideiussioni.it\\\/fr\\\/caution-dassurance-pour-marches-publics\\\/poliassurance-decennale-posterieure-et-assurance-c-a-r-pour-les-marches-publics\\\/#breadcrumb\",\"itemListElement\":[{\"@type\":\"ListItem\",\"position\":1,\"name\":\"Home\",\"item\":\"https:\\\/\\\/www.italiafideiussioni.it\\\/fr\\\/page-daccueil-2013\\\/\"},{\"@type\":\"ListItem\",\"position\":2,\"name\":\"Caution d&#8217;assurance pour March\u00e9s Publics\",\"item\":\"https:\\\/\\\/www.italiafideiussioni.it\\\/fr\\\/caution-dassurance-pour-marches-publics\\\/\"},{\"@type\":\"ListItem\",\"position\":3,\"name\":\"PoliAssurance D\u00e9cennale Post\u00e9rieure et Assurance C.A.R. pour les March\u00e9s Publics\"}]},{\"@type\":\"WebSite\",\"@id\":\"https:\\\/\\\/www.italiafideiussioni.it\\\/fr\\\/#website\",\"url\":\"https:\\\/\\\/www.italiafideiussioni.it\\\/fr\\\/\",\"name\":\"Italia Fideiussioni\",\"description\":\"\",\"publisher\":{\"@id\":\"https:\\\/\\\/www.italiafideiussioni.it\\\/fr\\\/#organization\"},\"potentialAction\":[{\"@type\":\"SearchAction\",\"target\":{\"@type\":\"EntryPoint\",\"urlTemplate\":\"https:\\\/\\\/www.italiafideiussioni.it\\\/fr\\\/?s={search_term_string}\"},\"query-input\":{\"@type\":\"PropertyValueSpecification\",\"valueRequired\":true,\"valueName\":\"search_term_string\"}}],\"inLanguage\":\"fr-FR\"},{\"@type\":\"Organization\",\"@id\":\"https:\\\/\\\/www.italiafideiussioni.it\\\/fr\\\/#organization\",\"name\":\"Fideiussioni s.r.l.\",\"url\":\"https:\\\/\\\/www.italiafideiussioni.it\\\/fr\\\/\",\"logo\":{\"@type\":\"ImageObject\",\"inLanguage\":\"fr-FR\",\"@id\":\"https:\\\/\\\/www.italiafideiussioni.it\\\/fr\\\/#\\\/schema\\\/logo\\\/image\\\/\",\"url\":\"https:\\\/\\\/www.italiafideiussioni.it\\\/wp-content\\\/uploads\\\/2018\\\/10\\\/italiafideiussioni-logo-white.png\",\"contentUrl\":\"https:\\\/\\\/www.italiafideiussioni.it\\\/wp-content\\\/uploads\\\/2018\\\/10\\\/italiafideiussioni-logo-white.png\",\"width\":516,\"height\":97,\"caption\":\"Fideiussioni s.r.l.\"},\"image\":{\"@id\":\"https:\\\/\\\/www.italiafideiussioni.it\\\/fr\\\/#\\\/schema\\\/logo\\\/image\\\/\"},\"sameAs\":[\"https:\\\/\\\/www.facebook.com\\\/italiafideiussioni\\\/\",\"https:\\\/\\\/x.com\\\/itafideiussioni\",\"https:\\\/\\\/www.linkedin.com\\\/company\\\/italiafideiussioni-srl\\\/about\\\/\",\"https:\\\/\\\/www.youtube.com\\\/channel\\\/UC-OhbmM_pkAEKLqJ6nQbpjw\"]}]}<\/script>\n<!-- \/ Yoast SEO plugin. -->","yoast_head_json":{"title":"Assurance C.A.R. pour March\u00e9s Publics ou Priv\u00e9s | Italia Fideiussioni","description":"Pour prot\u00e9ger les entreprises de construction avant le d\u00e9but des travaux, nous d\u00e9livrons rapidement l'assurance C.A.R. ou l'assurance d\u00e9cennale post\u00e9rieure pour les march\u00e9s publics ou priv\u00e9s - R\u00e9ponse en 2 heures.","robots":{"index":"index","follow":"follow","max-snippet":"max-snippet:-1","max-image-preview":"max-image-preview:large","max-video-preview":"max-video-preview:-1"},"canonical":"https:\/\/www.italiafideiussioni.it\/fr\/caution-dassurance-pour-marches-publics\/poliassurance-decennale-posterieure-et-assurance-c-a-r-pour-les-marches-publics\/","og_locale":"fr_FR","og_type":"article","og_title":"Assurance C.A.R. pour March\u00e9s Publics ou Priv\u00e9s | Italia Fideiussioni","og_description":"Pour prot\u00e9ger les entreprises de construction avant le d\u00e9but des travaux, nous d\u00e9livrons rapidement l'assurance C.A.R. ou l'assurance d\u00e9cennale post\u00e9rieure pour les march\u00e9s publics ou priv\u00e9s - R\u00e9ponse en 2 heures.","og_url":"https:\/\/www.italiafideiussioni.it\/fr\/caution-dassurance-pour-marches-publics\/poliassurance-decennale-posterieure-et-assurance-c-a-r-pour-les-marches-publics\/","og_site_name":"Italia Fideiussioni","article_publisher":"https:\/\/www.facebook.com\/italiafideiussioni\/","article_modified_time":"2024-11-06T08:38:28+00:00","og_image":[{"width":1000,"height":667,"url":"https:\/\/www.italiafideiussioni.it\/wp-content\/uploads\/2018\/12\/polizza-appalti.jpeg","type":"image\/jpeg"}],"twitter_card":"summary_large_image","twitter_site":"@itafideiussioni","twitter_misc":{"Dur\u00e9e de lecture estim\u00e9e":"3 minutes"},"schema":{"@context":"https:\/\/schema.org","@graph":[{"@type":"WebPage","@id":"https:\/\/www.italiafideiussioni.it\/fr\/caution-dassurance-pour-marches-publics\/poliassurance-decennale-posterieure-et-assurance-c-a-r-pour-les-marches-publics\/","url":"https:\/\/www.italiafideiussioni.it\/fr\/caution-dassurance-pour-marches-publics\/poliassurance-decennale-posterieure-et-assurance-c-a-r-pour-les-marches-publics\/","name":"Assurance C.A.R. pour March\u00e9s Publics ou Priv\u00e9s | Italia Fideiussioni","isPartOf":{"@id":"https:\/\/www.italiafideiussioni.it\/fr\/#website"},"primaryImageOfPage":{"@id":"https:\/\/www.italiafideiussioni.it\/fr\/caution-dassurance-pour-marches-publics\/poliassurance-decennale-posterieure-et-assurance-c-a-r-pour-les-marches-publics\/#primaryimage"},"image":{"@id":"https:\/\/www.italiafideiussioni.it\/fr\/caution-dassurance-pour-marches-publics\/poliassurance-decennale-posterieure-et-assurance-c-a-r-pour-les-marches-publics\/#primaryimage"},"thumbnailUrl":"https:\/\/www.italiafideiussioni.it\/wp-content\/uploads\/2018\/12\/polizza-appalti.jpeg","datePublished":"2018-11-05T12:08:30+00:00","dateModified":"2024-11-06T08:38:28+00:00","description":"Pour prot\u00e9ger les entreprises de construction avant le d\u00e9but des travaux, nous d\u00e9livrons rapidement l'assurance C.A.R. ou l'assurance d\u00e9cennale post\u00e9rieure pour les march\u00e9s publics ou priv\u00e9s - R\u00e9ponse en 2 heures.","breadcrumb":{"@id":"https:\/\/www.italiafideiussioni.it\/fr\/caution-dassurance-pour-marches-publics\/poliassurance-decennale-posterieure-et-assurance-c-a-r-pour-les-marches-publics\/#breadcrumb"},"inLanguage":"fr-FR","potentialAction":[{"@type":"ReadAction","target":["https:\/\/www.italiafideiussioni.it\/fr\/caution-dassurance-pour-marches-publics\/poliassurance-decennale-posterieure-et-assurance-c-a-r-pour-les-marches-publics\/"]}]},{"@type":"ImageObject","inLanguage":"fr-FR","@id":"https:\/\/www.italiafideiussioni.it\/fr\/caution-dassurance-pour-marches-publics\/poliassurance-decennale-posterieure-et-assurance-c-a-r-pour-les-marches-publics\/#primaryimage","url":"https:\/\/www.italiafideiussioni.it\/wp-content\/uploads\/2018\/12\/polizza-appalti.jpeg","contentUrl":"https:\/\/www.italiafideiussioni.it\/wp-content\/uploads\/2018\/12\/polizza-appalti.jpeg","width":1000,"height":667},{"@type":"BreadcrumbList","@id":"https:\/\/www.italiafideiussioni.it\/fr\/caution-dassurance-pour-marches-publics\/poliassurance-decennale-posterieure-et-assurance-c-a-r-pour-les-marches-publics\/#breadcrumb","itemListElement":[{"@type":"ListItem","position":1,"name":"Home","item":"https:\/\/www.italiafideiussioni.it\/fr\/page-daccueil-2013\/"},{"@type":"ListItem","position":2,"name":"Caution d&#8217;assurance pour March\u00e9s Publics","item":"https:\/\/www.italiafideiussioni.it\/fr\/caution-dassurance-pour-marches-publics\/"},{"@type":"ListItem","position":3,"name":"PoliAssurance D\u00e9cennale Post\u00e9rieure et Assurance C.A.R. pour les March\u00e9s Publics"}]},{"@type":"WebSite","@id":"https:\/\/www.italiafideiussioni.it\/fr\/#website","url":"https:\/\/www.italiafideiussioni.it\/fr\/","name":"Italia Fideiussioni","description":"","publisher":{"@id":"https:\/\/www.italiafideiussioni.it\/fr\/#organization"},"potentialAction":[{"@type":"SearchAction","target":{"@type":"EntryPoint","urlTemplate":"https:\/\/www.italiafideiussioni.it\/fr\/?s={search_term_string}"},"query-input":{"@type":"PropertyValueSpecification","valueRequired":true,"valueName":"search_term_string"}}],"inLanguage":"fr-FR"},{"@type":"Organization","@id":"https:\/\/www.italiafideiussioni.it\/fr\/#organization","name":"Fideiussioni s.r.l.","url":"https:\/\/www.italiafideiussioni.it\/fr\/","logo":{"@type":"ImageObject","inLanguage":"fr-FR","@id":"https:\/\/www.italiafideiussioni.it\/fr\/#\/schema\/logo\/image\/","url":"https:\/\/www.italiafideiussioni.it\/wp-content\/uploads\/2018\/10\/italiafideiussioni-logo-white.png","contentUrl":"https:\/\/www.italiafideiussioni.it\/wp-content\/uploads\/2018\/10\/italiafideiussioni-logo-white.png","width":516,"height":97,"caption":"Fideiussioni s.r.l."},"image":{"@id":"https:\/\/www.italiafideiussioni.it\/fr\/#\/schema\/logo\/image\/"},"sameAs":["https:\/\/www.facebook.com\/italiafideiussioni\/","https:\/\/x.com\/itafideiussioni","https:\/\/www.linkedin.com\/company\/italiafideiussioni-srl\/about\/","https:\/\/www.youtube.com\/channel\/UC-OhbmM_pkAEKLqJ6nQbpjw"]}]}},"_links":{"self":[{"href":"https:\/\/www.italiafideiussioni.it\/fr\/wp-json\/wp\/v2\/pages\/8756","targetHints":{"allow":["GET"]}}],"collection":[{"href":"https:\/\/www.italiafideiussioni.it\/fr\/wp-json\/wp\/v2\/pages"}],"about":[{"href":"https:\/\/www.italiafideiussioni.it\/fr\/wp-json\/wp\/v2\/types\/page"}],"author":[{"embeddable":true,"href":"https:\/\/www.italiafideiussioni.it\/fr\/wp-json\/wp\/v2\/users\/5"}],"replies":[{"embeddable":true,"href":"https:\/\/www.italiafideiussioni.it\/fr\/wp-json\/wp\/v2\/comments?post=8756"}],"version-history":[{"count":1,"href":"https:\/\/www.italiafideiussioni.it\/fr\/wp-json\/wp\/v2\/pages\/8756\/revisions"}],"predecessor-version":[{"id":8759,"href":"https:\/\/www.italiafideiussioni.it\/fr\/wp-json\/wp\/v2\/pages\/8756\/revisions\/8759"}],"up":[{"embeddable":true,"href":"https:\/\/www.italiafideiussioni.it\/fr\/wp-json\/wp\/v2\/pages\/8060"}],"wp:featuredmedia":[{"embeddable":true,"href":"https:\/\/www.italiafideiussioni.it\/fr\/wp-json\/wp\/v2\/media\/8757"}],"wp:attachment":[{"href":"https:\/\/www.italiafideiussioni.it\/fr\/wp-json\/wp\/v2\/media?parent=8756"}],"curies":[{"name":"wp","href":"https:\/\/api.w.org\/{rel}","templated":true}]}}