{"id":8324,"date":"2018-10-10T09:43:26","date_gmt":"2018-10-10T09:43:26","guid":{"rendered":"https:\/\/www.italiafideiussioni.it\/cautionnements-pour-entreprises-et-professionnels\/agences-et-professionnels\/caution-pour-louverture-dune-agence-de-voyage\/"},"modified":"2024-11-07T08:05:20","modified_gmt":"2024-11-07T08:05:20","slug":"caution-pour-louverture-dune-agence-de-voyage","status":"publish","type":"page","link":"https:\/\/www.italiafideiussioni.it\/fr\/cautionnements-pour-entreprises-et-professionnels\/agences-et-professionnels\/caution-pour-louverture-dune-agence-de-voyage\/","title":{"rendered":"Caution pour l&rsquo;ouverture d&rsquo;une agence de voyage"},"content":{"rendered":"<p>Outes les entreprises souhaitant exercer une activit\u00e9 d&rsquo;agence de voyage et de tourisme doivent fournir une caution, \u00e9mise par une compagnie d&rsquo;assurance habilit\u00e9e \u00e0 d\u00e9livrer des garanties en Italie, afin d&rsquo;obtenir l&rsquo;autorisation n\u00e9cessaire.<\/p>\n<p>Le b\u00e9n\u00e9ficiaire de la caution est la Province, et la dur\u00e9e doit correspondre \u00e0 la p\u00e9riode pendant laquelle l&rsquo;entreprise exerce cette activit\u00e9. Par cons\u00e9quent, dans le cas d&rsquo;une caution assurantielle, celle-ci doit \u00eatre renouvel\u00e9e chaque ann\u00e9e.<\/p>\n<p>La caution est requise pour garantir d&rsquo;\u00e9ventuels dommages caus\u00e9s pendant l&rsquo;exercice de l&rsquo;activit\u00e9. De plus, avec l&rsquo;entr\u00e9e en vigueur de la nouvelle r\u00e9glementation relative \u00e0 la protection des consommateurs, la garantie sert \u00e9galement en cas d&rsquo;insolvabilit\u00e9 ou de faillite de l&rsquo;agence.<\/p>\n<p>La caution est d\u00e9livr\u00e9e en environ 72 heures et nous appliquons les meilleurs prix du march\u00e9.<\/p>\n","protected":false},"excerpt":{"rendered":"<p>Outes les entreprises souhaitant exercer une activit\u00e9 d&rsquo;agence de voyage et de tourisme doivent fournir une caution, \u00e9mise par une compagnie d&rsquo;assurance habilit\u00e9e \u00e0 d\u00e9livrer des garanties en Italie, afin d&rsquo;obtenir l&rsquo;autorisation n\u00e9cessaire. Le b\u00e9n\u00e9ficiaire de la caution est la Province, et la dur\u00e9e doit correspondre \u00e0 la p\u00e9riode pendant laquelle l&rsquo;entreprise exerce cette activit\u00e9. [&hellip;]<\/p>\n","protected":false},"author":2,"featured_media":8325,"parent":8144,"menu_order":1,"comment_status":"closed","ping_status":"closed","template":"","meta":{"_acf_changed":false,"_yoast_wpseo_focuskw":"","_yoast_wpseo_title":"Caution pour l'ouverture d'une agence de voyage | Italia Fideiussioni","_yoast_wpseo_metadesc":"Pour l'ouverture d'une agence de voyage, nous fournissons la caution n\u00e9cessaire rapidement et avec un devis en 2 heures. Nous op\u00e9rons sur tout le territoire national.","_yoast_wpseo_meta-robots-noindex":"","_yoast_wpseo_meta-robots-nofollow":"","_yoast_wpseo_canonical":"","_yoast_wpseo_opengraph-title":"","_yoast_wpseo_opengraph-description":"","_yoast_wpseo_opengraph-image":"","_yoast_wpseo_opengraph-image-id":"","_yoast_wpseo_twitter-title":"","_yoast_wpseo_twitter-description":"","_yoast_wpseo_twitter-image":"","footnotes":""},"class_list":["post-8324","page","type-page","status-publish","has-post-thumbnail","hentry"],"acf":{"blocco_testimonianze":"2","blocco_iniziale":"","macroarea_servizi":"","blocco_euro_titolo":"","blocco_euro_testo":"","immagini_aggiuntive":false,"blocco_info_titolo":"","blocco_info_testo":""},"yoast_head":"<!-- This site is optimized with the Yoast SEO plugin v27.5 - https:\/\/yoast.com\/product\/yoast-seo-wordpress\/ -->\n<title>Caution pour l&#039;ouverture d&#039;une agence de voyage | Italia Fideiussioni<\/title>\n<meta name=\"description\" content=\"Pour l&#039;ouverture d&#039;une agence de voyage, nous fournissons la caution n\u00e9cessaire rapidement et avec un devis en 2 heures. Nous op\u00e9rons sur tout le territoire national.\" \/>\n<meta name=\"robots\" content=\"index, follow, max-snippet:-1, max-image-preview:large, max-video-preview:-1\" \/>\n<link rel=\"canonical\" href=\"https:\/\/www.italiafideiussioni.it\/fr\/cautionnements-pour-entreprises-et-professionnels\/agences-et-professionnels\/caution-pour-louverture-dune-agence-de-voyage\/\" \/>\n<meta property=\"og:locale\" content=\"fr_FR\" \/>\n<meta property=\"og:type\" content=\"article\" \/>\n<meta property=\"og:title\" content=\"Caution pour l&#039;ouverture d&#039;une agence de voyage | Italia Fideiussioni\" \/>\n<meta property=\"og:description\" content=\"Pour l&#039;ouverture d&#039;une agence de voyage, nous fournissons la caution n\u00e9cessaire rapidement et avec un devis en 2 heures. Nous op\u00e9rons sur tout le territoire national.\" \/>\n<meta property=\"og:url\" content=\"https:\/\/www.italiafideiussioni.it\/fr\/cautionnements-pour-entreprises-et-professionnels\/agences-et-professionnels\/caution-pour-louverture-dune-agence-de-voyage\/\" \/>\n<meta property=\"og:site_name\" content=\"Italia Fideiussioni\" \/>\n<meta property=\"article:publisher\" content=\"https:\/\/www.facebook.com\/italiafideiussioni\/\" \/>\n<meta property=\"article:modified_time\" content=\"2024-11-07T08:05:20+00:00\" \/>\n<meta property=\"og:image\" content=\"https:\/\/www.italiafideiussioni.it\/wp-content\/uploads\/2018\/11\/old-1130731_1920-e1550487110694.jpg\" \/>\n\t<meta property=\"og:image:width\" content=\"1905\" \/>\n\t<meta property=\"og:image:height\" content=\"1209\" \/>\n\t<meta property=\"og:image:type\" content=\"image\/jpeg\" \/>\n<meta name=\"twitter:card\" content=\"summary_large_image\" \/>\n<meta name=\"twitter:site\" content=\"@itafideiussioni\" \/>\n<meta name=\"twitter:label1\" content=\"Dur\u00e9e de lecture estim\u00e9e\" \/>\n\t<meta name=\"twitter:data1\" content=\"1 minute\" \/>\n<script type=\"application\/ld+json\" class=\"yoast-schema-graph\">{\"@context\":\"https:\\\/\\\/schema.org\",\"@graph\":[{\"@type\":\"WebPage\",\"@id\":\"https:\\\/\\\/www.italiafideiussioni.it\\\/fr\\\/cautionnements-pour-entreprises-et-professionnels\\\/agences-et-professionnels\\\/caution-pour-louverture-dune-agence-de-voyage\\\/\",\"url\":\"https:\\\/\\\/www.italiafideiussioni.it\\\/fr\\\/cautionnements-pour-entreprises-et-professionnels\\\/agences-et-professionnels\\\/caution-pour-louverture-dune-agence-de-voyage\\\/\",\"name\":\"Caution pour l'ouverture d'une agence de voyage | Italia Fideiussioni\",\"isPartOf\":{\"@id\":\"https:\\\/\\\/www.italiafideiussioni.it\\\/fr\\\/#website\"},\"primaryImageOfPage\":{\"@id\":\"https:\\\/\\\/www.italiafideiussioni.it\\\/fr\\\/cautionnements-pour-entreprises-et-professionnels\\\/agences-et-professionnels\\\/caution-pour-louverture-dune-agence-de-voyage\\\/#primaryimage\"},\"image\":{\"@id\":\"https:\\\/\\\/www.italiafideiussioni.it\\\/fr\\\/cautionnements-pour-entreprises-et-professionnels\\\/agences-et-professionnels\\\/caution-pour-louverture-dune-agence-de-voyage\\\/#primaryimage\"},\"thumbnailUrl\":\"https:\\\/\\\/www.italiafideiussioni.it\\\/wp-content\\\/uploads\\\/2018\\\/11\\\/old-1130731_1920-e1550487110694.jpg\",\"datePublished\":\"2018-10-10T09:43:26+00:00\",\"dateModified\":\"2024-11-07T08:05:20+00:00\",\"description\":\"Pour l'ouverture d'une agence de voyage, nous fournissons la caution n\u00e9cessaire rapidement et avec un devis en 2 heures. Nous op\u00e9rons sur tout le territoire national.\",\"breadcrumb\":{\"@id\":\"https:\\\/\\\/www.italiafideiussioni.it\\\/fr\\\/cautionnements-pour-entreprises-et-professionnels\\\/agences-et-professionnels\\\/caution-pour-louverture-dune-agence-de-voyage\\\/#breadcrumb\"},\"inLanguage\":\"fr-FR\",\"potentialAction\":[{\"@type\":\"ReadAction\",\"target\":[\"https:\\\/\\\/www.italiafideiussioni.it\\\/fr\\\/cautionnements-pour-entreprises-et-professionnels\\\/agences-et-professionnels\\\/caution-pour-louverture-dune-agence-de-voyage\\\/\"]}]},{\"@type\":\"ImageObject\",\"inLanguage\":\"fr-FR\",\"@id\":\"https:\\\/\\\/www.italiafideiussioni.it\\\/fr\\\/cautionnements-pour-entreprises-et-professionnels\\\/agences-et-professionnels\\\/caution-pour-louverture-dune-agence-de-voyage\\\/#primaryimage\",\"url\":\"https:\\\/\\\/www.italiafideiussioni.it\\\/wp-content\\\/uploads\\\/2018\\\/11\\\/old-1130731_1920-e1550487110694.jpg\",\"contentUrl\":\"https:\\\/\\\/www.italiafideiussioni.it\\\/wp-content\\\/uploads\\\/2018\\\/11\\\/old-1130731_1920-e1550487110694.jpg\",\"width\":1905,\"height\":1209},{\"@type\":\"BreadcrumbList\",\"@id\":\"https:\\\/\\\/www.italiafideiussioni.it\\\/fr\\\/cautionnements-pour-entreprises-et-professionnels\\\/agences-et-professionnels\\\/caution-pour-louverture-dune-agence-de-voyage\\\/#breadcrumb\",\"itemListElement\":[{\"@type\":\"ListItem\",\"position\":1,\"name\":\"Home\",\"item\":\"https:\\\/\\\/www.italiafideiussioni.it\\\/fr\\\/page-daccueil-2013\\\/\"},{\"@type\":\"ListItem\",\"position\":2,\"name\":\"Nos Cautions Bancaires pour Entreprises et Professionnels\",\"item\":\"https:\\\/\\\/www.italiafideiussioni.it\\\/fr\\\/cautionnements-pour-entreprises-et-professionnels\\\/\"},{\"@type\":\"ListItem\",\"position\":3,\"name\":\"Agences et Professionnels\",\"item\":\"https:\\\/\\\/www.italiafideiussioni.it\\\/fr\\\/cautionnements-pour-entreprises-et-professionnels\\\/agences-et-professionnels\\\/\"},{\"@type\":\"ListItem\",\"position\":4,\"name\":\"Caution pour l&#8217;ouverture d&#8217;une agence de voyage\"}]},{\"@type\":\"WebSite\",\"@id\":\"https:\\\/\\\/www.italiafideiussioni.it\\\/fr\\\/#website\",\"url\":\"https:\\\/\\\/www.italiafideiussioni.it\\\/fr\\\/\",\"name\":\"Italia Fideiussioni\",\"description\":\"\",\"publisher\":{\"@id\":\"https:\\\/\\\/www.italiafideiussioni.it\\\/fr\\\/#organization\"},\"potentialAction\":[{\"@type\":\"SearchAction\",\"target\":{\"@type\":\"EntryPoint\",\"urlTemplate\":\"https:\\\/\\\/www.italiafideiussioni.it\\\/fr\\\/?s={search_term_string}\"},\"query-input\":{\"@type\":\"PropertyValueSpecification\",\"valueRequired\":true,\"valueName\":\"search_term_string\"}}],\"inLanguage\":\"fr-FR\"},{\"@type\":\"Organization\",\"@id\":\"https:\\\/\\\/www.italiafideiussioni.it\\\/fr\\\/#organization\",\"name\":\"Fideiussioni s.r.l.\",\"url\":\"https:\\\/\\\/www.italiafideiussioni.it\\\/fr\\\/\",\"logo\":{\"@type\":\"ImageObject\",\"inLanguage\":\"fr-FR\",\"@id\":\"https:\\\/\\\/www.italiafideiussioni.it\\\/fr\\\/#\\\/schema\\\/logo\\\/image\\\/\",\"url\":\"https:\\\/\\\/www.italiafideiussioni.it\\\/wp-content\\\/uploads\\\/2018\\\/10\\\/italiafideiussioni-logo-white.png\",\"contentUrl\":\"https:\\\/\\\/www.italiafideiussioni.it\\\/wp-content\\\/uploads\\\/2018\\\/10\\\/italiafideiussioni-logo-white.png\",\"width\":516,\"height\":97,\"caption\":\"Fideiussioni s.r.l.\"},\"image\":{\"@id\":\"https:\\\/\\\/www.italiafideiussioni.it\\\/fr\\\/#\\\/schema\\\/logo\\\/image\\\/\"},\"sameAs\":[\"https:\\\/\\\/www.facebook.com\\\/italiafideiussioni\\\/\",\"https:\\\/\\\/x.com\\\/itafideiussioni\",\"https:\\\/\\\/www.linkedin.com\\\/company\\\/italiafideiussioni-srl\\\/about\\\/\",\"https:\\\/\\\/www.youtube.com\\\/channel\\\/UC-OhbmM_pkAEKLqJ6nQbpjw\"]}]}<\/script>\n<!-- \/ Yoast SEO plugin. -->","yoast_head_json":{"title":"Caution pour l'ouverture d'une agence de voyage | Italia Fideiussioni","description":"Pour l'ouverture d'une agence de voyage, nous fournissons la caution n\u00e9cessaire rapidement et avec un devis en 2 heures. Nous op\u00e9rons sur tout le territoire national.","robots":{"index":"index","follow":"follow","max-snippet":"max-snippet:-1","max-image-preview":"max-image-preview:large","max-video-preview":"max-video-preview:-1"},"canonical":"https:\/\/www.italiafideiussioni.it\/fr\/cautionnements-pour-entreprises-et-professionnels\/agences-et-professionnels\/caution-pour-louverture-dune-agence-de-voyage\/","og_locale":"fr_FR","og_type":"article","og_title":"Caution pour l'ouverture d'une agence de voyage | Italia Fideiussioni","og_description":"Pour l'ouverture d'une agence de voyage, nous fournissons la caution n\u00e9cessaire rapidement et avec un devis en 2 heures. Nous op\u00e9rons sur tout le territoire national.","og_url":"https:\/\/www.italiafideiussioni.it\/fr\/cautionnements-pour-entreprises-et-professionnels\/agences-et-professionnels\/caution-pour-louverture-dune-agence-de-voyage\/","og_site_name":"Italia Fideiussioni","article_publisher":"https:\/\/www.facebook.com\/italiafideiussioni\/","article_modified_time":"2024-11-07T08:05:20+00:00","og_image":[{"width":1905,"height":1209,"url":"https:\/\/www.italiafideiussioni.it\/wp-content\/uploads\/2018\/11\/old-1130731_1920-e1550487110694.jpg","type":"image\/jpeg"}],"twitter_card":"summary_large_image","twitter_site":"@itafideiussioni","twitter_misc":{"Dur\u00e9e de lecture estim\u00e9e":"1 minute"},"schema":{"@context":"https:\/\/schema.org","@graph":[{"@type":"WebPage","@id":"https:\/\/www.italiafideiussioni.it\/fr\/cautionnements-pour-entreprises-et-professionnels\/agences-et-professionnels\/caution-pour-louverture-dune-agence-de-voyage\/","url":"https:\/\/www.italiafideiussioni.it\/fr\/cautionnements-pour-entreprises-et-professionnels\/agences-et-professionnels\/caution-pour-louverture-dune-agence-de-voyage\/","name":"Caution pour l'ouverture d'une agence de voyage | Italia Fideiussioni","isPartOf":{"@id":"https:\/\/www.italiafideiussioni.it\/fr\/#website"},"primaryImageOfPage":{"@id":"https:\/\/www.italiafideiussioni.it\/fr\/cautionnements-pour-entreprises-et-professionnels\/agences-et-professionnels\/caution-pour-louverture-dune-agence-de-voyage\/#primaryimage"},"image":{"@id":"https:\/\/www.italiafideiussioni.it\/fr\/cautionnements-pour-entreprises-et-professionnels\/agences-et-professionnels\/caution-pour-louverture-dune-agence-de-voyage\/#primaryimage"},"thumbnailUrl":"https:\/\/www.italiafideiussioni.it\/wp-content\/uploads\/2018\/11\/old-1130731_1920-e1550487110694.jpg","datePublished":"2018-10-10T09:43:26+00:00","dateModified":"2024-11-07T08:05:20+00:00","description":"Pour l'ouverture d'une agence de voyage, nous fournissons la caution n\u00e9cessaire rapidement et avec un devis en 2 heures. Nous op\u00e9rons sur tout le territoire national.","breadcrumb":{"@id":"https:\/\/www.italiafideiussioni.it\/fr\/cautionnements-pour-entreprises-et-professionnels\/agences-et-professionnels\/caution-pour-louverture-dune-agence-de-voyage\/#breadcrumb"},"inLanguage":"fr-FR","potentialAction":[{"@type":"ReadAction","target":["https:\/\/www.italiafideiussioni.it\/fr\/cautionnements-pour-entreprises-et-professionnels\/agences-et-professionnels\/caution-pour-louverture-dune-agence-de-voyage\/"]}]},{"@type":"ImageObject","inLanguage":"fr-FR","@id":"https:\/\/www.italiafideiussioni.it\/fr\/cautionnements-pour-entreprises-et-professionnels\/agences-et-professionnels\/caution-pour-louverture-dune-agence-de-voyage\/#primaryimage","url":"https:\/\/www.italiafideiussioni.it\/wp-content\/uploads\/2018\/11\/old-1130731_1920-e1550487110694.jpg","contentUrl":"https:\/\/www.italiafideiussioni.it\/wp-content\/uploads\/2018\/11\/old-1130731_1920-e1550487110694.jpg","width":1905,"height":1209},{"@type":"BreadcrumbList","@id":"https:\/\/www.italiafideiussioni.it\/fr\/cautionnements-pour-entreprises-et-professionnels\/agences-et-professionnels\/caution-pour-louverture-dune-agence-de-voyage\/#breadcrumb","itemListElement":[{"@type":"ListItem","position":1,"name":"Home","item":"https:\/\/www.italiafideiussioni.it\/fr\/page-daccueil-2013\/"},{"@type":"ListItem","position":2,"name":"Nos Cautions Bancaires pour Entreprises et Professionnels","item":"https:\/\/www.italiafideiussioni.it\/fr\/cautionnements-pour-entreprises-et-professionnels\/"},{"@type":"ListItem","position":3,"name":"Agences et Professionnels","item":"https:\/\/www.italiafideiussioni.it\/fr\/cautionnements-pour-entreprises-et-professionnels\/agences-et-professionnels\/"},{"@type":"ListItem","position":4,"name":"Caution pour l&#8217;ouverture d&#8217;une agence de voyage"}]},{"@type":"WebSite","@id":"https:\/\/www.italiafideiussioni.it\/fr\/#website","url":"https:\/\/www.italiafideiussioni.it\/fr\/","name":"Italia Fideiussioni","description":"","publisher":{"@id":"https:\/\/www.italiafideiussioni.it\/fr\/#organization"},"potentialAction":[{"@type":"SearchAction","target":{"@type":"EntryPoint","urlTemplate":"https:\/\/www.italiafideiussioni.it\/fr\/?s={search_term_string}"},"query-input":{"@type":"PropertyValueSpecification","valueRequired":true,"valueName":"search_term_string"}}],"inLanguage":"fr-FR"},{"@type":"Organization","@id":"https:\/\/www.italiafideiussioni.it\/fr\/#organization","name":"Fideiussioni s.r.l.","url":"https:\/\/www.italiafideiussioni.it\/fr\/","logo":{"@type":"ImageObject","inLanguage":"fr-FR","@id":"https:\/\/www.italiafideiussioni.it\/fr\/#\/schema\/logo\/image\/","url":"https:\/\/www.italiafideiussioni.it\/wp-content\/uploads\/2018\/10\/italiafideiussioni-logo-white.png","contentUrl":"https:\/\/www.italiafideiussioni.it\/wp-content\/uploads\/2018\/10\/italiafideiussioni-logo-white.png","width":516,"height":97,"caption":"Fideiussioni s.r.l."},"image":{"@id":"https:\/\/www.italiafideiussioni.it\/fr\/#\/schema\/logo\/image\/"},"sameAs":["https:\/\/www.facebook.com\/italiafideiussioni\/","https:\/\/x.com\/itafideiussioni","https:\/\/www.linkedin.com\/company\/italiafideiussioni-srl\/about\/","https:\/\/www.youtube.com\/channel\/UC-OhbmM_pkAEKLqJ6nQbpjw"]}]}},"_links":{"self":[{"href":"https:\/\/www.italiafideiussioni.it\/fr\/wp-json\/wp\/v2\/pages\/8324","targetHints":{"allow":["GET"]}}],"collection":[{"href":"https:\/\/www.italiafideiussioni.it\/fr\/wp-json\/wp\/v2\/pages"}],"about":[{"href":"https:\/\/www.italiafideiussioni.it\/fr\/wp-json\/wp\/v2\/types\/page"}],"author":[{"embeddable":true,"href":"https:\/\/www.italiafideiussioni.it\/fr\/wp-json\/wp\/v2\/users\/2"}],"replies":[{"embeddable":true,"href":"https:\/\/www.italiafideiussioni.it\/fr\/wp-json\/wp\/v2\/comments?post=8324"}],"version-history":[{"count":1,"href":"https:\/\/www.italiafideiussioni.it\/fr\/wp-json\/wp\/v2\/pages\/8324\/revisions"}],"predecessor-version":[{"id":8784,"href":"https:\/\/www.italiafideiussioni.it\/fr\/wp-json\/wp\/v2\/pages\/8324\/revisions\/8784"}],"up":[{"embeddable":true,"href":"https:\/\/www.italiafideiussioni.it\/fr\/wp-json\/wp\/v2\/pages\/8144"}],"wp:featuredmedia":[{"embeddable":true,"href":"https:\/\/www.italiafideiussioni.it\/fr\/wp-json\/wp\/v2\/media\/8325"}],"wp:attachment":[{"href":"https:\/\/www.italiafideiussioni.it\/fr\/wp-json\/wp\/v2\/media?parent=8324"}],"curies":[{"name":"wp","href":"https:\/\/api.w.org\/{rel}","templated":true}]}}