{"id":8306,"date":"2022-12-03T12:53:25","date_gmt":"2022-12-03T12:53:25","guid":{"rendered":"https:\/\/www.italiafideiussioni.it\/cautionnements-pour-entreprises-et-professionnels\/agences-et-professionnels\/caution-assurance-echelonnement-de-la-dette-electricite-et-gaz\/"},"modified":"2024-11-07T08:05:57","modified_gmt":"2024-11-07T08:05:57","slug":"caution-assurance-echelonnement-de-la-dette-electricite-et-gaz","status":"publish","type":"page","link":"https:\/\/www.italiafideiussioni.it\/fr\/cautionnements-pour-entreprises-et-professionnels\/agences-et-professionnels\/caution-assurance-echelonnement-de-la-dette-electricite-et-gaz\/","title":{"rendered":"Caution Assurance \u00e9chelonnement de la dette \u00c9lectricit\u00e9 et Gaz"},"content":{"rendered":"\n<p>Calculatrice avec une loupe dessus pour comptabiliser toutes les d\u00e9penses des factures.<\/p>\n\n\n\n<p>Le r\u00e9cent D\u00e9cret Aides Quater, publi\u00e9 au Journal Officiel le 18\/11\/2022, contient une mesure importante pour aider les entreprises face \u00e0 la flamb\u00e9e des factures d&rsquo;\u00e9nergie : l&rsquo;\u00e9chelonnement des factures \u00e9nerg\u00e9tiques.<\/p>\n\n\n\n<p>L&rsquo;augmentation excessive des co\u00fbts \u00e9nerg\u00e9tiques des derniers mois a en effet caus\u00e9 de graves probl\u00e8mes aux entreprises.<\/p>\n\n\n\n<p>Cependant, les fournisseurs d&rsquo;\u00e9nergie accordent un \u00e9chelonnement uniquement en \u00e9change d&rsquo;une garantie de caution. \u00c0 cet \u00e9gard, SACE s&rsquo;est organis\u00e9e avec une s\u00e9rie de produits pour fournir les garanties n\u00e9cessaires aux entreprises pour \u00e9chelonner leurs dettes \u00e9nerg\u00e9tiques. SACE assure \u00e9galement les compagnies d&rsquo;assurances italiennes qui souhaitent proposer ces cautions \u00e0 leurs clients.<\/p>\n\n\n\n<p>SACE \u00e9met ses propres garanties en faveur des compagnies d&rsquo;assurances italiennes, rendant ainsi disponible la d\u00e9livrance de cautions assurantielles en faveur des entreprises \u00e0 forte consommation d&rsquo;\u00e9nergie, facilitant l&rsquo;\u00e9chelonnement des factures.<\/p>\n\n\n\n<p>La garantie SACE est explicite, inconditionnelle, irr\u00e9vocable, et s&rsquo;\u00e9tend au remboursement du capital et des int\u00e9r\u00eats, d\u00e9duction faite des commissions per\u00e7ues pour les m\u00eames garanties.<\/p>\n\n\n\n<p><strong>Qui peut adh\u00e9rer ?<\/strong><br>Le produit est destin\u00e9 \u00e0 tous les titulaires de num\u00e9ro de TVA.<\/p>\n\n\n\n<p><strong>Quelles sont les conditions pour pouvoir demander la Caution Assurance ?<\/strong><br>Les conditions sont les suivantes :<\/p>\n\n\n\n<ul class=\"wp-block-list\">\n<li>L\u2019\u00e9chelonnement accord\u00e9 pour le paiement des factures ne doit pas exc\u00e9der 24 mois.<\/li>\n\n\n\n<li>Le produit est destin\u00e9 \u00e0 toutes les entreprises dont le chiffre d&rsquo;affaires ne d\u00e9passe pas 50 millions d&rsquo;euros.<\/li>\n<\/ul>\n\n\n\n<p><strong>Comment faire pour envoyer une demande ?<\/strong><br>Avec nous, c&rsquo;est simple, il suffit d&rsquo;envoyer un email \u00e0 : <a>info@italiafideiussioni.it<\/a> et nous vous fournirons toutes les informations n\u00e9cessaires.<\/p>\n\n\n\n<p><strong>Quels documents sont n\u00e9cessaires pour constituer le dossier ?<\/strong><br>Pour les soci\u00e9t\u00e9s :<\/p>\n\n\n\n<ul class=\"wp-block-list\">\n<li>Extrait de registre de commerce mis \u00e0 jour datant de moins de 3 mois<\/li>\n\n\n\n<li>Bilans officiels pour l&rsquo;ann\u00e9e 2021, avec tous les annexes, et situation \u00e9conomique et patrimoniale 2022, mise \u00e0 jour \u00e0 une date r\u00e9cente<\/li>\n\n\n\n<li>Pi\u00e8ce d&rsquo;identit\u00e9 et num\u00e9ro fiscal du repr\u00e9sentant l\u00e9gal<\/li>\n\n\n\n<li>Pi\u00e8ces d&rsquo;identit\u00e9, num\u00e9ro fiscal et d\u00e9claration de revenus des associ\u00e9s co-oblig\u00e9s<\/li>\n\n\n\n<li>Accord d&rsquo;\u00e9chelonnement de paiement avec le fournisseur d&rsquo;\u00e9nergie et copie des factures<\/li>\n<\/ul>\n\n\n\n<p>Pour les entreprises individuelles ou soci\u00e9t\u00e9s de personnes :<\/p>\n\n\n\n<ul class=\"wp-block-list\">\n<li>Extrait de registre de commerce mis \u00e0 jour datant de moins de 3 mois<\/li>\n\n\n\n<li>Pi\u00e8ce d&rsquo;identit\u00e9, num\u00e9ro fiscal et d\u00e9claration de revenus du repr\u00e9sentant l\u00e9gal et des associ\u00e9s<\/li>\n\n\n\n<li>Derni\u00e8re d\u00e9claration de revenus<\/li>\n\n\n\n<li>Accord d&rsquo;\u00e9chelonnement de paiement avec le fournisseur d&rsquo;\u00e9nergie et copie des factures<\/li>\n<\/ul>\n\n\n\n<p>Pour les professionnels :<\/p>\n\n\n\n<ul class=\"wp-block-list\">\n<li>Pi\u00e8ce d&rsquo;identit\u00e9, num\u00e9ro fiscal et d\u00e9claration de revenus du repr\u00e9sentant l\u00e9gal et des associ\u00e9s<\/li>\n\n\n\n<li>Derni\u00e8re d\u00e9claration de revenus<\/li>\n\n\n\n<li>Accord d&rsquo;\u00e9chelonnement de paiement avec le fournisseur d&rsquo;\u00e9nergie et copie des factures<\/li>\n<\/ul>\n\n\n\n<p><strong>Combien de temps faut-il pour avoir le r\u00e9sultat de la demande ?<\/strong><br>Il suffit de 2 jours \u00e0 partir de la r\u00e9ception des documents demand\u00e9s.<\/p>\n\n\n\n<p><strong>Pourquoi devriez-vous vous adresser \u00e0 Italiafideiussioni ? Quelle exp\u00e9rience avons-nous dans le secteur ?<\/strong><\/p>\n\n\n\n<p>Le moyen le plus simple de le savoir est de lire ce que disent nos clients :<\/p>\n\n\n\n<p>Lisez ici ce que pensent nos clients, nous avons de nombreuses critiques positives.<\/p>\n","protected":false},"excerpt":{"rendered":"<p>Calculatrice avec une loupe dessus pour comptabiliser toutes les d\u00e9penses des factures. Le r\u00e9cent D\u00e9cret Aides Quater, publi\u00e9 au Journal Officiel le 18\/11\/2022, contient une mesure importante pour aider les entreprises face \u00e0 la flamb\u00e9e des factures d&rsquo;\u00e9nergie : l&rsquo;\u00e9chelonnement des factures \u00e9nerg\u00e9tiques. L&rsquo;augmentation excessive des co\u00fbts \u00e9nerg\u00e9tiques des derniers mois a en effet caus\u00e9 [&hellip;]<\/p>\n","protected":false},"author":3,"featured_media":8307,"parent":8144,"menu_order":0,"comment_status":"closed","ping_status":"closed","template":"","meta":{"_acf_changed":false,"_yoast_wpseo_focuskw":"","_yoast_wpseo_title":"Caution assurance : \u00e9chelonnez vos dettes de fourniture d'\u00e9lectricit\u00e9 et de gaz","_yoast_wpseo_metadesc":"Caution assurance pour \u00e9chelonner les dettes de fourniture d'\u00e9lectricit\u00e9 et de gaz, r\u00e9serv\u00e9e aux professionnels titulaires d'un num\u00e9ro de TVA. D\u00e9couvrez comment l'obtenir.","_yoast_wpseo_meta-robots-noindex":"","_yoast_wpseo_meta-robots-nofollow":"","_yoast_wpseo_canonical":"","_yoast_wpseo_opengraph-title":"","_yoast_wpseo_opengraph-description":"","_yoast_wpseo_opengraph-image":"","_yoast_wpseo_opengraph-image-id":"","_yoast_wpseo_twitter-title":"","_yoast_wpseo_twitter-description":"","_yoast_wpseo_twitter-image":"","footnotes":""},"class_list":["post-8306","page","type-page","status-publish","has-post-thumbnail","hentry"],"acf":{"blocco_info_testo":"","blocco_info_titolo":"","blocco_iniziale":"<div class=\"flex-1 overflow-hidden\">\n<div class=\"h-full\">\n<div class=\"react-scroll-to-bottom--css-jblrv-79elbk h-full\">\n<div class=\"react-scroll-to-bottom--css-jblrv-1n7m0yu\">\n<div class=\"flex flex-col text-sm md:pb-9\">\n<article class=\"w-full text-token-text-primary focus-visible:outline-2 focus-visible:outline-offset-[-4px]\" dir=\"auto\" data-testid=\"conversation-turn-7\" data-scroll-anchor=\"true\">\n<div class=\"text-base py-[18px] m-auto\">\n<div class=\"relative flex flex-col\">\n<div class=\"-mb-2 snap-x snap-mandatory overflow-x-auto px-3 pb-4 md:px-5 lg:px-10\">\n<div class=\"min-w-fit\">\n<div class=\"mx-auto flex max-w-6xl items-start gap-4 sm:gap-6\">\n<div class=\"relative flex w-full min-w-[min(450px,80vw)] snap-center flex-col gap-1 truncate rounded-2xl border border-token-main-surface-tertiary bg-white p-5 text-left dark:bg-gray-700\">\n<div class=\"flex max-w-full flex-col\">\n<div class=\"min-h-[20px] text-message flex w-full flex-col items-end gap-2 break-words [.text-message+&amp;]:mt-5 overflow-x-auto whitespace-normal\" dir=\"auto\" data-message-author-role=\"assistant\" data-message-id=\"f66beaea-8a3e-4f16-8d2a-e287ce1bb9a0\">\n<div class=\"flex w-full flex-col gap-1 empty:hidden first:pt-[3px]\">\n<div class=\"markdown prose w-full break-words dark:prose-invert light\">\n<p>Une compagnie de premier plan au niveau national, gr\u00e2ce \u00e9galement \u00e0 la r\u00e9assurance avec SACE, propose une garantie de caution pour l&rsquo;\u00e9chelonnement des dettes de fourniture d&rsquo;\u00e9lectricit\u00e9 et de gaz.<\/p>\n<\/div>\n<\/div>\n<\/div>\n<\/div>\n<\/div>\n<\/div>\n<\/div>\n<\/div>\n<\/div>\n<\/div>\n<\/article>\n<\/div>\n<\/div>\n<\/div>\n<\/div>\n<\/div>\n<div class=\"md:pt-0 dark:border-white\/20 md:border-transparent md:dark:border-transparent w-full\">\n<div class=\"\">\n<div class=\"text-base px-3 md:px-4 m-auto w-full md:px-5 lg:px-1 xl:px-5\">\n<div class=\"mx-auto flex flex-1 gap-4 text-base md:gap-5 lg:gap-6 md:max-w-3xl lg:max-w-[40rem] xl:max-w-[48rem]\">\n<form class=\"w-full\" aria-haspopup=\"dialog\" aria-expanded=\"false\" aria-controls=\"radix-:r5:\" data-state=\"closed\">\n<div class=\"relative flex h-full max-w-full flex-1 flex-col\">\n<div class=\"group relative flex w-full items-center\">\n<div class=\"flex w-full flex-col gap-1.5 rounded-[26px] p-1.5 transition-colors bg-[#f4f4f4] dark:bg-token-main-surface-secondary\">\n<div class=\"flex items-end gap-1.5 md:gap-2\">\n<div class=\"flex min-w-0 flex-1 flex-col\"><\/div>\n<\/div>\n<\/div>\n<\/div>\n<\/div>\n<\/form>\n<\/div>\n<\/div>\n<\/div>\n<\/div>\n","blocco_testimonianze":"2","macroarea_servizi":"","blocco_euro_titolo":"","blocco_euro_testo":"","immagini_aggiuntive":false},"yoast_head":"<!-- This site is optimized with the Yoast SEO plugin v27.3 - https:\/\/yoast.com\/product\/yoast-seo-wordpress\/ -->\n<title>Caution assurance : \u00e9chelonnez vos dettes de fourniture d&#039;\u00e9lectricit\u00e9 et de gaz<\/title>\n<meta name=\"description\" content=\"Caution assurance pour \u00e9chelonner les dettes de fourniture d&#039;\u00e9lectricit\u00e9 et de gaz, r\u00e9serv\u00e9e aux professionnels titulaires d&#039;un num\u00e9ro de TVA. D\u00e9couvrez comment l&#039;obtenir.\" \/>\n<meta name=\"robots\" content=\"index, follow, max-snippet:-1, max-image-preview:large, max-video-preview:-1\" \/>\n<link rel=\"canonical\" href=\"https:\/\/www.italiafideiussioni.it\/fr\/cautionnements-pour-entreprises-et-professionnels\/agences-et-professionnels\/caution-assurance-echelonnement-de-la-dette-electricite-et-gaz\/\" \/>\n<meta property=\"og:locale\" content=\"fr_FR\" \/>\n<meta property=\"og:type\" content=\"article\" \/>\n<meta property=\"og:title\" content=\"Caution assurance : \u00e9chelonnez vos dettes de fourniture d&#039;\u00e9lectricit\u00e9 et de gaz\" \/>\n<meta property=\"og:description\" content=\"Caution assurance pour \u00e9chelonner les dettes de fourniture d&#039;\u00e9lectricit\u00e9 et de gaz, r\u00e9serv\u00e9e aux professionnels titulaires d&#039;un num\u00e9ro de TVA. D\u00e9couvrez comment l&#039;obtenir.\" \/>\n<meta property=\"og:url\" content=\"https:\/\/www.italiafideiussioni.it\/fr\/cautionnements-pour-entreprises-et-professionnels\/agences-et-professionnels\/caution-assurance-echelonnement-de-la-dette-electricite-et-gaz\/\" \/>\n<meta property=\"og:site_name\" content=\"Italia Fideiussioni\" \/>\n<meta property=\"article:publisher\" content=\"https:\/\/www.facebook.com\/italiafideiussioni\/\" \/>\n<meta property=\"article:modified_time\" content=\"2024-11-07T08:05:57+00:00\" \/>\n<meta property=\"og:image\" content=\"https:\/\/www.italiafideiussioni.it\/wp-content\/uploads\/2022\/11\/fideiussione-rateizzazione-bollette-p-iva.jpg\" \/>\n\t<meta property=\"og:image:width\" content=\"630\" \/>\n\t<meta property=\"og:image:height\" content=\"420\" \/>\n\t<meta property=\"og:image:type\" content=\"image\/jpeg\" \/>\n<meta name=\"twitter:card\" content=\"summary_large_image\" \/>\n<meta name=\"twitter:site\" content=\"@itafideiussioni\" \/>\n<meta name=\"twitter:label1\" content=\"Dur\u00e9e de lecture estim\u00e9e\" \/>\n\t<meta name=\"twitter:data1\" content=\"3 minutes\" \/>\n<script type=\"application\/ld+json\" class=\"yoast-schema-graph\">{\"@context\":\"https:\\\/\\\/schema.org\",\"@graph\":[{\"@type\":\"WebPage\",\"@id\":\"https:\\\/\\\/www.italiafideiussioni.it\\\/fr\\\/cautionnements-pour-entreprises-et-professionnels\\\/agences-et-professionnels\\\/caution-assurance-echelonnement-de-la-dette-electricite-et-gaz\\\/\",\"url\":\"https:\\\/\\\/www.italiafideiussioni.it\\\/fr\\\/cautionnements-pour-entreprises-et-professionnels\\\/agences-et-professionnels\\\/caution-assurance-echelonnement-de-la-dette-electricite-et-gaz\\\/\",\"name\":\"Caution assurance : \u00e9chelonnez vos dettes de fourniture d'\u00e9lectricit\u00e9 et de gaz\",\"isPartOf\":{\"@id\":\"https:\\\/\\\/www.italiafideiussioni.it\\\/fr\\\/#website\"},\"primaryImageOfPage\":{\"@id\":\"https:\\\/\\\/www.italiafideiussioni.it\\\/fr\\\/cautionnements-pour-entreprises-et-professionnels\\\/agences-et-professionnels\\\/caution-assurance-echelonnement-de-la-dette-electricite-et-gaz\\\/#primaryimage\"},\"image\":{\"@id\":\"https:\\\/\\\/www.italiafideiussioni.it\\\/fr\\\/cautionnements-pour-entreprises-et-professionnels\\\/agences-et-professionnels\\\/caution-assurance-echelonnement-de-la-dette-electricite-et-gaz\\\/#primaryimage\"},\"thumbnailUrl\":\"https:\\\/\\\/www.italiafideiussioni.it\\\/wp-content\\\/uploads\\\/2022\\\/11\\\/fideiussione-rateizzazione-bollette-p-iva.jpg\",\"datePublished\":\"2022-12-03T12:53:25+00:00\",\"dateModified\":\"2024-11-07T08:05:57+00:00\",\"description\":\"Caution assurance pour \u00e9chelonner les dettes de fourniture d'\u00e9lectricit\u00e9 et de gaz, r\u00e9serv\u00e9e aux professionnels titulaires d'un num\u00e9ro de TVA. D\u00e9couvrez comment l'obtenir.\",\"breadcrumb\":{\"@id\":\"https:\\\/\\\/www.italiafideiussioni.it\\\/fr\\\/cautionnements-pour-entreprises-et-professionnels\\\/agences-et-professionnels\\\/caution-assurance-echelonnement-de-la-dette-electricite-et-gaz\\\/#breadcrumb\"},\"inLanguage\":\"fr-FR\",\"potentialAction\":[{\"@type\":\"ReadAction\",\"target\":[\"https:\\\/\\\/www.italiafideiussioni.it\\\/fr\\\/cautionnements-pour-entreprises-et-professionnels\\\/agences-et-professionnels\\\/caution-assurance-echelonnement-de-la-dette-electricite-et-gaz\\\/\"]}]},{\"@type\":\"ImageObject\",\"inLanguage\":\"fr-FR\",\"@id\":\"https:\\\/\\\/www.italiafideiussioni.it\\\/fr\\\/cautionnements-pour-entreprises-et-professionnels\\\/agences-et-professionnels\\\/caution-assurance-echelonnement-de-la-dette-electricite-et-gaz\\\/#primaryimage\",\"url\":\"https:\\\/\\\/www.italiafideiussioni.it\\\/wp-content\\\/uploads\\\/2022\\\/11\\\/fideiussione-rateizzazione-bollette-p-iva.jpg\",\"contentUrl\":\"https:\\\/\\\/www.italiafideiussioni.it\\\/wp-content\\\/uploads\\\/2022\\\/11\\\/fideiussione-rateizzazione-bollette-p-iva.jpg\",\"width\":630,\"height\":420},{\"@type\":\"BreadcrumbList\",\"@id\":\"https:\\\/\\\/www.italiafideiussioni.it\\\/fr\\\/cautionnements-pour-entreprises-et-professionnels\\\/agences-et-professionnels\\\/caution-assurance-echelonnement-de-la-dette-electricite-et-gaz\\\/#breadcrumb\",\"itemListElement\":[{\"@type\":\"ListItem\",\"position\":1,\"name\":\"Home\",\"item\":\"https:\\\/\\\/www.italiafideiussioni.it\\\/fr\\\/page-daccueil-2013\\\/\"},{\"@type\":\"ListItem\",\"position\":2,\"name\":\"Nos Cautions Bancaires pour Entreprises et Professionnels\",\"item\":\"https:\\\/\\\/www.italiafideiussioni.it\\\/fr\\\/cautionnements-pour-entreprises-et-professionnels\\\/\"},{\"@type\":\"ListItem\",\"position\":3,\"name\":\"Agences et Professionnels\",\"item\":\"https:\\\/\\\/www.italiafideiussioni.it\\\/fr\\\/cautionnements-pour-entreprises-et-professionnels\\\/agences-et-professionnels\\\/\"},{\"@type\":\"ListItem\",\"position\":4,\"name\":\"Caution Assurance \u00e9chelonnement de la dette \u00c9lectricit\u00e9 et Gaz\"}]},{\"@type\":\"WebSite\",\"@id\":\"https:\\\/\\\/www.italiafideiussioni.it\\\/fr\\\/#website\",\"url\":\"https:\\\/\\\/www.italiafideiussioni.it\\\/fr\\\/\",\"name\":\"Italia Fideiussioni\",\"description\":\"\",\"publisher\":{\"@id\":\"https:\\\/\\\/www.italiafideiussioni.it\\\/fr\\\/#organization\"},\"potentialAction\":[{\"@type\":\"SearchAction\",\"target\":{\"@type\":\"EntryPoint\",\"urlTemplate\":\"https:\\\/\\\/www.italiafideiussioni.it\\\/fr\\\/?s={search_term_string}\"},\"query-input\":{\"@type\":\"PropertyValueSpecification\",\"valueRequired\":true,\"valueName\":\"search_term_string\"}}],\"inLanguage\":\"fr-FR\"},{\"@type\":\"Organization\",\"@id\":\"https:\\\/\\\/www.italiafideiussioni.it\\\/fr\\\/#organization\",\"name\":\"Fideiussioni s.r.l.\",\"url\":\"https:\\\/\\\/www.italiafideiussioni.it\\\/fr\\\/\",\"logo\":{\"@type\":\"ImageObject\",\"inLanguage\":\"fr-FR\",\"@id\":\"https:\\\/\\\/www.italiafideiussioni.it\\\/fr\\\/#\\\/schema\\\/logo\\\/image\\\/\",\"url\":\"https:\\\/\\\/www.italiafideiussioni.it\\\/wp-content\\\/uploads\\\/2018\\\/10\\\/italiafideiussioni-logo-white.png\",\"contentUrl\":\"https:\\\/\\\/www.italiafideiussioni.it\\\/wp-content\\\/uploads\\\/2018\\\/10\\\/italiafideiussioni-logo-white.png\",\"width\":516,\"height\":97,\"caption\":\"Fideiussioni s.r.l.\"},\"image\":{\"@id\":\"https:\\\/\\\/www.italiafideiussioni.it\\\/fr\\\/#\\\/schema\\\/logo\\\/image\\\/\"},\"sameAs\":[\"https:\\\/\\\/www.facebook.com\\\/italiafideiussioni\\\/\",\"https:\\\/\\\/x.com\\\/itafideiussioni\",\"https:\\\/\\\/www.linkedin.com\\\/company\\\/italiafideiussioni-srl\\\/about\\\/\",\"https:\\\/\\\/www.youtube.com\\\/channel\\\/UC-OhbmM_pkAEKLqJ6nQbpjw\"]}]}<\/script>\n<!-- \/ Yoast SEO plugin. -->","yoast_head_json":{"title":"Caution assurance : \u00e9chelonnez vos dettes de fourniture d'\u00e9lectricit\u00e9 et de gaz","description":"Caution assurance pour \u00e9chelonner les dettes de fourniture d'\u00e9lectricit\u00e9 et de gaz, r\u00e9serv\u00e9e aux professionnels titulaires d'un num\u00e9ro de TVA. D\u00e9couvrez comment l'obtenir.","robots":{"index":"index","follow":"follow","max-snippet":"max-snippet:-1","max-image-preview":"max-image-preview:large","max-video-preview":"max-video-preview:-1"},"canonical":"https:\/\/www.italiafideiussioni.it\/fr\/cautionnements-pour-entreprises-et-professionnels\/agences-et-professionnels\/caution-assurance-echelonnement-de-la-dette-electricite-et-gaz\/","og_locale":"fr_FR","og_type":"article","og_title":"Caution assurance : \u00e9chelonnez vos dettes de fourniture d'\u00e9lectricit\u00e9 et de gaz","og_description":"Caution assurance pour \u00e9chelonner les dettes de fourniture d'\u00e9lectricit\u00e9 et de gaz, r\u00e9serv\u00e9e aux professionnels titulaires d'un num\u00e9ro de TVA. D\u00e9couvrez comment l'obtenir.","og_url":"https:\/\/www.italiafideiussioni.it\/fr\/cautionnements-pour-entreprises-et-professionnels\/agences-et-professionnels\/caution-assurance-echelonnement-de-la-dette-electricite-et-gaz\/","og_site_name":"Italia Fideiussioni","article_publisher":"https:\/\/www.facebook.com\/italiafideiussioni\/","article_modified_time":"2024-11-07T08:05:57+00:00","og_image":[{"width":630,"height":420,"url":"https:\/\/www.italiafideiussioni.it\/wp-content\/uploads\/2022\/11\/fideiussione-rateizzazione-bollette-p-iva.jpg","type":"image\/jpeg"}],"twitter_card":"summary_large_image","twitter_site":"@itafideiussioni","twitter_misc":{"Dur\u00e9e de lecture estim\u00e9e":"3 minutes"},"schema":{"@context":"https:\/\/schema.org","@graph":[{"@type":"WebPage","@id":"https:\/\/www.italiafideiussioni.it\/fr\/cautionnements-pour-entreprises-et-professionnels\/agences-et-professionnels\/caution-assurance-echelonnement-de-la-dette-electricite-et-gaz\/","url":"https:\/\/www.italiafideiussioni.it\/fr\/cautionnements-pour-entreprises-et-professionnels\/agences-et-professionnels\/caution-assurance-echelonnement-de-la-dette-electricite-et-gaz\/","name":"Caution assurance : \u00e9chelonnez vos dettes de fourniture d'\u00e9lectricit\u00e9 et de gaz","isPartOf":{"@id":"https:\/\/www.italiafideiussioni.it\/fr\/#website"},"primaryImageOfPage":{"@id":"https:\/\/www.italiafideiussioni.it\/fr\/cautionnements-pour-entreprises-et-professionnels\/agences-et-professionnels\/caution-assurance-echelonnement-de-la-dette-electricite-et-gaz\/#primaryimage"},"image":{"@id":"https:\/\/www.italiafideiussioni.it\/fr\/cautionnements-pour-entreprises-et-professionnels\/agences-et-professionnels\/caution-assurance-echelonnement-de-la-dette-electricite-et-gaz\/#primaryimage"},"thumbnailUrl":"https:\/\/www.italiafideiussioni.it\/wp-content\/uploads\/2022\/11\/fideiussione-rateizzazione-bollette-p-iva.jpg","datePublished":"2022-12-03T12:53:25+00:00","dateModified":"2024-11-07T08:05:57+00:00","description":"Caution assurance pour \u00e9chelonner les dettes de fourniture d'\u00e9lectricit\u00e9 et de gaz, r\u00e9serv\u00e9e aux professionnels titulaires d'un num\u00e9ro de TVA. D\u00e9couvrez comment l'obtenir.","breadcrumb":{"@id":"https:\/\/www.italiafideiussioni.it\/fr\/cautionnements-pour-entreprises-et-professionnels\/agences-et-professionnels\/caution-assurance-echelonnement-de-la-dette-electricite-et-gaz\/#breadcrumb"},"inLanguage":"fr-FR","potentialAction":[{"@type":"ReadAction","target":["https:\/\/www.italiafideiussioni.it\/fr\/cautionnements-pour-entreprises-et-professionnels\/agences-et-professionnels\/caution-assurance-echelonnement-de-la-dette-electricite-et-gaz\/"]}]},{"@type":"ImageObject","inLanguage":"fr-FR","@id":"https:\/\/www.italiafideiussioni.it\/fr\/cautionnements-pour-entreprises-et-professionnels\/agences-et-professionnels\/caution-assurance-echelonnement-de-la-dette-electricite-et-gaz\/#primaryimage","url":"https:\/\/www.italiafideiussioni.it\/wp-content\/uploads\/2022\/11\/fideiussione-rateizzazione-bollette-p-iva.jpg","contentUrl":"https:\/\/www.italiafideiussioni.it\/wp-content\/uploads\/2022\/11\/fideiussione-rateizzazione-bollette-p-iva.jpg","width":630,"height":420},{"@type":"BreadcrumbList","@id":"https:\/\/www.italiafideiussioni.it\/fr\/cautionnements-pour-entreprises-et-professionnels\/agences-et-professionnels\/caution-assurance-echelonnement-de-la-dette-electricite-et-gaz\/#breadcrumb","itemListElement":[{"@type":"ListItem","position":1,"name":"Home","item":"https:\/\/www.italiafideiussioni.it\/fr\/page-daccueil-2013\/"},{"@type":"ListItem","position":2,"name":"Nos Cautions Bancaires pour Entreprises et Professionnels","item":"https:\/\/www.italiafideiussioni.it\/fr\/cautionnements-pour-entreprises-et-professionnels\/"},{"@type":"ListItem","position":3,"name":"Agences et Professionnels","item":"https:\/\/www.italiafideiussioni.it\/fr\/cautionnements-pour-entreprises-et-professionnels\/agences-et-professionnels\/"},{"@type":"ListItem","position":4,"name":"Caution Assurance \u00e9chelonnement de la dette \u00c9lectricit\u00e9 et Gaz"}]},{"@type":"WebSite","@id":"https:\/\/www.italiafideiussioni.it\/fr\/#website","url":"https:\/\/www.italiafideiussioni.it\/fr\/","name":"Italia Fideiussioni","description":"","publisher":{"@id":"https:\/\/www.italiafideiussioni.it\/fr\/#organization"},"potentialAction":[{"@type":"SearchAction","target":{"@type":"EntryPoint","urlTemplate":"https:\/\/www.italiafideiussioni.it\/fr\/?s={search_term_string}"},"query-input":{"@type":"PropertyValueSpecification","valueRequired":true,"valueName":"search_term_string"}}],"inLanguage":"fr-FR"},{"@type":"Organization","@id":"https:\/\/www.italiafideiussioni.it\/fr\/#organization","name":"Fideiussioni s.r.l.","url":"https:\/\/www.italiafideiussioni.it\/fr\/","logo":{"@type":"ImageObject","inLanguage":"fr-FR","@id":"https:\/\/www.italiafideiussioni.it\/fr\/#\/schema\/logo\/image\/","url":"https:\/\/www.italiafideiussioni.it\/wp-content\/uploads\/2018\/10\/italiafideiussioni-logo-white.png","contentUrl":"https:\/\/www.italiafideiussioni.it\/wp-content\/uploads\/2018\/10\/italiafideiussioni-logo-white.png","width":516,"height":97,"caption":"Fideiussioni s.r.l."},"image":{"@id":"https:\/\/www.italiafideiussioni.it\/fr\/#\/schema\/logo\/image\/"},"sameAs":["https:\/\/www.facebook.com\/italiafideiussioni\/","https:\/\/x.com\/itafideiussioni","https:\/\/www.linkedin.com\/company\/italiafideiussioni-srl\/about\/","https:\/\/www.youtube.com\/channel\/UC-OhbmM_pkAEKLqJ6nQbpjw"]}]}},"_links":{"self":[{"href":"https:\/\/www.italiafideiussioni.it\/fr\/wp-json\/wp\/v2\/pages\/8306","targetHints":{"allow":["GET"]}}],"collection":[{"href":"https:\/\/www.italiafideiussioni.it\/fr\/wp-json\/wp\/v2\/pages"}],"about":[{"href":"https:\/\/www.italiafideiussioni.it\/fr\/wp-json\/wp\/v2\/types\/page"}],"author":[{"embeddable":true,"href":"https:\/\/www.italiafideiussioni.it\/fr\/wp-json\/wp\/v2\/users\/3"}],"replies":[{"embeddable":true,"href":"https:\/\/www.italiafideiussioni.it\/fr\/wp-json\/wp\/v2\/comments?post=8306"}],"version-history":[{"count":3,"href":"https:\/\/www.italiafideiussioni.it\/fr\/wp-json\/wp\/v2\/pages\/8306\/revisions"}],"predecessor-version":[{"id":8785,"href":"https:\/\/www.italiafideiussioni.it\/fr\/wp-json\/wp\/v2\/pages\/8306\/revisions\/8785"}],"up":[{"embeddable":true,"href":"https:\/\/www.italiafideiussioni.it\/fr\/wp-json\/wp\/v2\/pages\/8144"}],"wp:featuredmedia":[{"embeddable":true,"href":"https:\/\/www.italiafideiussioni.it\/fr\/wp-json\/wp\/v2\/media\/8307"}],"wp:attachment":[{"href":"https:\/\/www.italiafideiussioni.it\/fr\/wp-json\/wp\/v2\/media?parent=8306"}],"curies":[{"name":"wp","href":"https:\/\/api.w.org\/{rel}","templated":true}]}}