{"id":8198,"date":"2022-05-09T08:12:28","date_gmt":"2022-05-09T08:12:28","guid":{"rendered":"https:\/\/www.italiafideiussioni.it\/caution-dassurance-pour-marches-publics\/lettera-di-referenze-bancarie-per-albo-soa\/"},"modified":"2024-11-08T08:48:21","modified_gmt":"2024-11-08T08:48:21","slug":"lettera-di-referenze-bancarie-per-albo-soa","status":"publish","type":"page","link":"https:\/\/www.italiafideiussioni.it\/fr\/caution-dassurance-pour-marches-publics\/lettera-di-referenze-bancarie-per-albo-soa\/","title":{"rendered":"Lettre de R\u00e9f\u00e9rences Bancaires pour l&rsquo;Albo SOA"},"content":{"rendered":"<h4>Comment obtenir une lettre de r\u00e9f\u00e9rences bancaires pour l&rsquo;Albo SOA ?<\/h4>\n<p><strong>Qu&rsquo;est-ce qu&rsquo;une R\u00e9f\u00e9rence Bancaire pour l&rsquo;Albo SOA ?<\/strong><\/p>\n<p>Comme pr\u00e9vu par le DPR 207\/2010, art. 79, alin\u00e9a 2 lettre A, la r\u00e9f\u00e9rence bancaire est un crit\u00e8re indispensable pour obtenir le Certificat SOA, \u00e9galement appel\u00e9 : crit\u00e8re d&rsquo;ordre sp\u00e9cial n\u00e9cessaire \u00e0 la qualification.<\/p>\n<p><strong>En combien de temps les R\u00e9f\u00e9rences Bancaires sont-elles d\u00e9livr\u00e9es ?<\/strong><\/p>\n<p>La lettre de R\u00e9f\u00e9rences Bancaires est d\u00e9livr\u00e9e en un minimum de 48 heures \u00e0 partir du moment o\u00f9 nous recevons tous les documents n\u00e9cessaires pour l&rsquo;\u00e9valuation et l&rsquo;approbation.<\/p>\n<p><strong>Comment les R\u00e9f\u00e9rences Bancaires me sont-elles remises ?<\/strong><\/p>\n<p>La lettre de R\u00e9f\u00e9rences Bancaires est d\u00e9livr\u00e9e avec une signature num\u00e9rique certifi\u00e9e, par e-mail, et contient toutes les informations sur la soci\u00e9t\u00e9 qui demande la r\u00e9f\u00e9rence bancaire.<\/p>\n<h3>Pourquoi les R\u00e9f\u00e9rences Bancaires sont-elles importantes pour la SOA ?<\/h3>\n<p>La SOA est un certificat sp\u00e9cial dont les entreprises de construction ont besoin pour prouver qu&rsquo;elles sont suffisamment grandes et fiables pour construire des \u00e9coles, des routes ou des h\u00f4pitaux. C&rsquo;est comme un super dipl\u00f4me qui dit : \u00ab Cette entreprise est vraiment comp\u00e9tente et s\u00fbre pour construire de grandes choses ! \u00bb<\/p>\n<p>Pour obtenir ce certificat, les entreprises doivent d\u00e9montrer non seulement qu&rsquo;elles savent bien construire, mais aussi qu&rsquo;elles ont suffisamment de ressources financi\u00e8res pour g\u00e9rer de grands projets sans probl\u00e8mes. C&rsquo;est l\u00e0 que les r\u00e9f\u00e9rences bancaires deviennent importantes. Si la banque atteste que l&rsquo;entreprise est solide et g\u00e8re bien ses finances, il est plus facile d&rsquo;obtenir la SOA.<\/p>\n<h3>Et pour les march\u00e9s priv\u00e9s ?<\/h3>\n<p>M\u00eame lorsque les entreprises souhaitent travailler avec d&rsquo;autres entreprises priv\u00e9es (et non avec l&rsquo;\u00c9tat), avoir de bonnes r\u00e9f\u00e9rences bancaires est tr\u00e8s utile. Si une autre entreprise souhaite construire, par exemple, un nouveau centre commercial, elle choisira de travailler avec une soci\u00e9t\u00e9 de construction qui a prouv\u00e9 qu&rsquo;elle est fiable et financi\u00e8rement solide. Les r\u00e9f\u00e9rences bancaires aident \u00e0 d\u00e9montrer cela.<\/p>\n<p>Les r\u00e9f\u00e9rences bancaires sont comme un vote de confiance que les banques accordent aux entreprises, indiquant \u00e0 tous qu&rsquo;elles peuvent leur faire confiance pour de grands projets. Cela aide les entreprises \u00e0 obtenir des contrats importants, tant avec le gouvernement qu&rsquo;avec d&rsquo;autres grands clients priv\u00e9s.<\/p>\n<h3>Pr\u00eat \u00e0 faire le grand saut dans le monde des march\u00e9s publics et priv\u00e9s ?<\/h3>\n<p>Ne laissez pas au hasard votre capacit\u00e9 \u00e0 obtenir des contrats importants. Faites-nous confiance pour vos r\u00e9f\u00e9rences bancaires et assurez-vous l&rsquo;acc\u00e8s aux opportunit\u00e9s que vous m\u00e9ritez.<\/p>\n<p>Avec notre exp\u00e9rience et notre d\u00e9vouement, nous vous offrons des solutions de caution personnalis\u00e9es, id\u00e9ales pour les besoins de votre entreprise sur les march\u00e9s nationaux et internationaux. Notre r\u00e9putation parle d&rsquo;elle-m\u00eame : qualit\u00e9, efficacit\u00e9 et un service fiable qui a d\u00e9j\u00e0 convaincu des centaines d&rsquo;entreprises de nous choisir comme partenaire de confiance.<\/p>\n<p>N&rsquo;attendez plus ! Contactez-nous imm\u00e9diatement sur WhatsApp au +39 339 71.50.157. Nous r\u00e9pondons en moins de 5 minutes pendant les heures de bureau et vous guiderons \u00e0 chaque \u00e9tape du processus.<\/p>\n<p>Avec nous, la tranquillit\u00e9 est garantie. Nous sommes l\u00e0 pour vous accompagner dans toutes vos exigences de caution.<\/p>\n<h3>Combien co\u00fbte la lettre de R\u00e9f\u00e9rences Bancaires ?<\/h3>\n<p>Le co\u00fbt est de 250,00 euros la premi\u00e8re fois. Ensuite, \u00e9tant d\u00e9j\u00e0 client, le co\u00fbt est de 100,00 euros.<\/p>\n<p>Le co\u00fbt comprend :<\/p>\n<ul>\n<li>La d\u00e9livrance de la lettre de R\u00e9f\u00e9rences Bancaires Attestation SOA sous 48\/72 heures apr\u00e8s r\u00e9ception de tous les documents n\u00e9cessaires pour l&rsquo;\u00e9valuation et le paiement.<\/li>\n<li>L&rsquo;envoi de la lettre de R\u00e9f\u00e9rences Bancaires Attestation SOA par e-mail avec notre signature num\u00e9rique innovante.<\/li>\n<li>L&rsquo;\u00e9valuation et l&rsquo;approbation bancaires pour la d\u00e9livrance du cr\u00e9dit en vue de l&rsquo;\u00e9mission de la lettre.<\/li>\n<li>Le conseil pour la r\u00e9daction de la lettre de R\u00e9f\u00e9rences Bancaires Attestation SOA.<\/li>\n<\/ul>\n<p>Appelez-nous pour toute question \u00e0 ce sujet.<\/p>\n<h3>Informations utiles<\/h3>\n<h4>AUTRE TYPE DE LETTRE DE R\u00c9F\u00c9RENCES BANCAIRES :<\/h4>\n<ul>\n<li>LETTRE DE R\u00c9F\u00c9RENCES BANCAIRES POUR MARCH\u00c9S PUBLICS<\/li>\n<\/ul>\n<h3>POURQUOI DEVRIEZ-VOUS FAIRE APPEL \u00c0 NOTRE SOCI\u00c9T\u00c9 ?<\/h3>\n<p>Voici 4 bonnes raisons :<\/p>\n<ul>\n<li><strong>RAPIDIT\u00c9<\/strong><br \/>\nNous sommes capables de d\u00e9livrer la Lettre de R\u00e9f\u00e9rences Bancaires pour l&rsquo;Attestation SOA en 48 heures apr\u00e8s r\u00e9ception de tous les documents n\u00e9cessaires. (Nous rappelons que la lettre est soumise \u00e0 l&rsquo;\u00e9valuation et \u00e0 l&rsquo;approbation de l&rsquo;Institut de Cr\u00e9dit)<\/li>\n<li><strong>ASSISTANCE ET CONSEIL<\/strong><br \/>\nNous disposons d&rsquo;un syst\u00e8me de conseil en ligne, par t\u00e9l\u00e9phone, via WhatsApp et par e-mail, qui assiste le client sans limites de temps, m\u00eame apr\u00e8s l&rsquo;achat.<\/li>\n<li><strong>CONFIDENTIALIT\u00c9 ET RESPECT DE LA VIE PRIV\u00c9E<\/strong><br \/>\nNous sommes habitu\u00e9s \u00e0 \u00eatre sollicit\u00e9s par de nombreux appels et messages publicitaires non d\u00e9sir\u00e9s. Notre soci\u00e9t\u00e9 croit fermement \u00e0 l&rsquo;utilisation consciente et confidentielle des donn\u00e9es qu&rsquo;elle re\u00e7oit, uniquement \u00e0 des fins strictement li\u00e9es \u00e0 la demande de caution. Nous croyons que cela fait la diff\u00e9rence. Avec nous, vos donn\u00e9es personnelles sont en s\u00e9curit\u00e9 gr\u00e2ce \u00e0 nos syst\u00e8mes informatiques prot\u00e9g\u00e9s.<\/li>\n<li><strong>PROFESSIONNALISME<\/strong><br \/>\nNotre professionnalisme est d\u00e9montr\u00e9 par nos r\u00e9sultats, et nous vous invitons \u00e0 lire les exp\u00e9riences de nos clients \u00e0 travers les avis laiss\u00e9s sur Google. Nous sommes fiables, comp\u00e9tents, flexibles, coh\u00e9rents et cr\u00e9dibles dans notre m\u00e9tier.<\/li>\n<\/ul>\n<h3><\/h3>\n","protected":false},"excerpt":{"rendered":"<p>Comment obtenir une lettre de r\u00e9f\u00e9rences bancaires pour l&rsquo;Albo SOA ? Qu&rsquo;est-ce qu&rsquo;une R\u00e9f\u00e9rence Bancaire pour l&rsquo;Albo SOA ? Comme pr\u00e9vu par le DPR 207\/2010, art. 79, alin\u00e9a 2 lettre A, la r\u00e9f\u00e9rence bancaire est un crit\u00e8re indispensable pour obtenir le Certificat SOA, \u00e9galement appel\u00e9 : crit\u00e8re d&rsquo;ordre sp\u00e9cial n\u00e9cessaire \u00e0 la qualification. En combien [&hellip;]<\/p>\n","protected":false},"author":3,"featured_media":8199,"parent":8060,"menu_order":7,"comment_status":"closed","ping_status":"closed","template":"","meta":{"_acf_changed":false,"_yoast_wpseo_focuskw":"","_yoast_wpseo_title":"Vous cherchez une r\u00e9f\u00e9rence bancaire pour l'Albo SOA ?","_yoast_wpseo_metadesc":"Notre soci\u00e9t\u00e9 s'occupe de fournir des R\u00e9f\u00e9rences Bancaires pour l'inscription ou le renouvellement \u00e0 l'Albo SOA, sous 48 heures apr\u00e8s r\u00e9ception de tous les documents.","_yoast_wpseo_meta-robots-noindex":"","_yoast_wpseo_meta-robots-nofollow":"","_yoast_wpseo_canonical":"","_yoast_wpseo_opengraph-title":"","_yoast_wpseo_opengraph-description":"","_yoast_wpseo_opengraph-image":"","_yoast_wpseo_opengraph-image-id":"","_yoast_wpseo_twitter-title":"","_yoast_wpseo_twitter-description":"","_yoast_wpseo_twitter-image":"","footnotes":""},"class_list":["post-8198","page","type-page","status-publish","has-post-thumbnail","hentry"],"acf":{"blocco_euro_testo":"","blocco_euro_titolo":"","blocco_info_testo":"","blocco_info_titolo":"","blocco_iniziale":"<p><strong>Vous cherchez une r\u00e9f\u00e9rence bancaire pour l&rsquo;Albo SOA ?<\/strong><\/p>\n<p><strong>Votre banque ne vous r\u00e9pond pas ?<\/strong><\/p>\n<p><strong>Vous avez besoin en urgence d&rsquo;une lettre de R\u00e9f\u00e9rences Bancaires ?<\/strong><\/p>\n<p><strong>Notre soci\u00e9t\u00e9 s&rsquo;occupe de fournir des R\u00e9f\u00e9rences Bancaires pour l&rsquo;inscription ou le renouvellement \u00e0 l&rsquo;Albo SOA.<\/strong><\/p>\n","macroarea_servizi":"attestazione","immagini_aggiuntive":false,"blocco_testimonianze":"2"},"yoast_head":"<!-- This site is optimized with the Yoast SEO plugin v27.4 - https:\/\/yoast.com\/product\/yoast-seo-wordpress\/ -->\n<title>Vous cherchez une r\u00e9f\u00e9rence bancaire pour l&#039;Albo SOA ?<\/title>\n<meta name=\"description\" content=\"Notre soci\u00e9t\u00e9 s&#039;occupe de fournir des R\u00e9f\u00e9rences Bancaires pour l&#039;inscription ou le renouvellement \u00e0 l&#039;Albo SOA, sous 48 heures apr\u00e8s r\u00e9ception de tous les documents.\" \/>\n<meta name=\"robots\" content=\"index, follow, max-snippet:-1, max-image-preview:large, max-video-preview:-1\" \/>\n<link rel=\"canonical\" href=\"https:\/\/www.italiafideiussioni.it\/fr\/caution-dassurance-pour-marches-publics\/lettera-di-referenze-bancarie-per-albo-soa\/\" \/>\n<meta property=\"og:locale\" content=\"fr_FR\" \/>\n<meta property=\"og:type\" content=\"article\" \/>\n<meta property=\"og:title\" content=\"Vous cherchez une r\u00e9f\u00e9rence bancaire pour l&#039;Albo SOA ?\" \/>\n<meta property=\"og:description\" content=\"Notre soci\u00e9t\u00e9 s&#039;occupe de fournir des R\u00e9f\u00e9rences Bancaires pour l&#039;inscription ou le renouvellement \u00e0 l&#039;Albo SOA, sous 48 heures apr\u00e8s r\u00e9ception de tous les documents.\" \/>\n<meta property=\"og:url\" content=\"https:\/\/www.italiafideiussioni.it\/fr\/caution-dassurance-pour-marches-publics\/lettera-di-referenze-bancarie-per-albo-soa\/\" \/>\n<meta property=\"og:site_name\" content=\"Italia Fideiussioni\" \/>\n<meta property=\"article:publisher\" content=\"https:\/\/www.facebook.com\/italiafideiussioni\/\" \/>\n<meta property=\"article:modified_time\" content=\"2024-11-08T08:48:21+00:00\" \/>\n<meta property=\"og:image\" content=\"https:\/\/www.italiafideiussioni.it\/wp-content\/uploads\/2022\/05\/lettera-referenze-bancarie-albo-soa.jpg\" \/>\n\t<meta property=\"og:image:width\" content=\"1000\" \/>\n\t<meta property=\"og:image:height\" content=\"667\" \/>\n\t<meta property=\"og:image:type\" content=\"image\/jpeg\" \/>\n<meta name=\"twitter:card\" content=\"summary_large_image\" \/>\n<meta name=\"twitter:site\" content=\"@itafideiussioni\" \/>\n<meta name=\"twitter:label1\" content=\"Dur\u00e9e de lecture estim\u00e9e\" \/>\n\t<meta name=\"twitter:data1\" content=\"5 minutes\" \/>\n<script type=\"application\/ld+json\" class=\"yoast-schema-graph\">{\"@context\":\"https:\\\/\\\/schema.org\",\"@graph\":[{\"@type\":\"WebPage\",\"@id\":\"https:\\\/\\\/www.italiafideiussioni.it\\\/fr\\\/caution-dassurance-pour-marches-publics\\\/lettera-di-referenze-bancarie-per-albo-soa\\\/\",\"url\":\"https:\\\/\\\/www.italiafideiussioni.it\\\/fr\\\/caution-dassurance-pour-marches-publics\\\/lettera-di-referenze-bancarie-per-albo-soa\\\/\",\"name\":\"Vous cherchez une r\u00e9f\u00e9rence bancaire pour l'Albo SOA ?\",\"isPartOf\":{\"@id\":\"https:\\\/\\\/www.italiafideiussioni.it\\\/fr\\\/#website\"},\"primaryImageOfPage\":{\"@id\":\"https:\\\/\\\/www.italiafideiussioni.it\\\/fr\\\/caution-dassurance-pour-marches-publics\\\/lettera-di-referenze-bancarie-per-albo-soa\\\/#primaryimage\"},\"image\":{\"@id\":\"https:\\\/\\\/www.italiafideiussioni.it\\\/fr\\\/caution-dassurance-pour-marches-publics\\\/lettera-di-referenze-bancarie-per-albo-soa\\\/#primaryimage\"},\"thumbnailUrl\":\"https:\\\/\\\/www.italiafideiussioni.it\\\/wp-content\\\/uploads\\\/2022\\\/05\\\/lettera-referenze-bancarie-albo-soa.jpg\",\"datePublished\":\"2022-05-09T08:12:28+00:00\",\"dateModified\":\"2024-11-08T08:48:21+00:00\",\"description\":\"Notre soci\u00e9t\u00e9 s'occupe de fournir des R\u00e9f\u00e9rences Bancaires pour l'inscription ou le renouvellement \u00e0 l'Albo SOA, sous 48 heures apr\u00e8s r\u00e9ception de tous les documents.\",\"breadcrumb\":{\"@id\":\"https:\\\/\\\/www.italiafideiussioni.it\\\/fr\\\/caution-dassurance-pour-marches-publics\\\/lettera-di-referenze-bancarie-per-albo-soa\\\/#breadcrumb\"},\"inLanguage\":\"fr-FR\",\"potentialAction\":[{\"@type\":\"ReadAction\",\"target\":[\"https:\\\/\\\/www.italiafideiussioni.it\\\/fr\\\/caution-dassurance-pour-marches-publics\\\/lettera-di-referenze-bancarie-per-albo-soa\\\/\"]}]},{\"@type\":\"ImageObject\",\"inLanguage\":\"fr-FR\",\"@id\":\"https:\\\/\\\/www.italiafideiussioni.it\\\/fr\\\/caution-dassurance-pour-marches-publics\\\/lettera-di-referenze-bancarie-per-albo-soa\\\/#primaryimage\",\"url\":\"https:\\\/\\\/www.italiafideiussioni.it\\\/wp-content\\\/uploads\\\/2022\\\/05\\\/lettera-referenze-bancarie-albo-soa.jpg\",\"contentUrl\":\"https:\\\/\\\/www.italiafideiussioni.it\\\/wp-content\\\/uploads\\\/2022\\\/05\\\/lettera-referenze-bancarie-albo-soa.jpg\",\"width\":1000,\"height\":667},{\"@type\":\"BreadcrumbList\",\"@id\":\"https:\\\/\\\/www.italiafideiussioni.it\\\/fr\\\/caution-dassurance-pour-marches-publics\\\/lettera-di-referenze-bancarie-per-albo-soa\\\/#breadcrumb\",\"itemListElement\":[{\"@type\":\"ListItem\",\"position\":1,\"name\":\"Home\",\"item\":\"https:\\\/\\\/www.italiafideiussioni.it\\\/fr\\\/page-daccueil-2013\\\/\"},{\"@type\":\"ListItem\",\"position\":2,\"name\":\"Caution d&#8217;assurance pour March\u00e9s Publics\",\"item\":\"https:\\\/\\\/www.italiafideiussioni.it\\\/fr\\\/caution-dassurance-pour-marches-publics\\\/\"},{\"@type\":\"ListItem\",\"position\":3,\"name\":\"Lettre de R\u00e9f\u00e9rences Bancaires pour l&#8217;Albo SOA\"}]},{\"@type\":\"WebSite\",\"@id\":\"https:\\\/\\\/www.italiafideiussioni.it\\\/fr\\\/#website\",\"url\":\"https:\\\/\\\/www.italiafideiussioni.it\\\/fr\\\/\",\"name\":\"Italia Fideiussioni\",\"description\":\"\",\"publisher\":{\"@id\":\"https:\\\/\\\/www.italiafideiussioni.it\\\/fr\\\/#organization\"},\"potentialAction\":[{\"@type\":\"SearchAction\",\"target\":{\"@type\":\"EntryPoint\",\"urlTemplate\":\"https:\\\/\\\/www.italiafideiussioni.it\\\/fr\\\/?s={search_term_string}\"},\"query-input\":{\"@type\":\"PropertyValueSpecification\",\"valueRequired\":true,\"valueName\":\"search_term_string\"}}],\"inLanguage\":\"fr-FR\"},{\"@type\":\"Organization\",\"@id\":\"https:\\\/\\\/www.italiafideiussioni.it\\\/fr\\\/#organization\",\"name\":\"Fideiussioni s.r.l.\",\"url\":\"https:\\\/\\\/www.italiafideiussioni.it\\\/fr\\\/\",\"logo\":{\"@type\":\"ImageObject\",\"inLanguage\":\"fr-FR\",\"@id\":\"https:\\\/\\\/www.italiafideiussioni.it\\\/fr\\\/#\\\/schema\\\/logo\\\/image\\\/\",\"url\":\"https:\\\/\\\/www.italiafideiussioni.it\\\/wp-content\\\/uploads\\\/2018\\\/10\\\/italiafideiussioni-logo-white.png\",\"contentUrl\":\"https:\\\/\\\/www.italiafideiussioni.it\\\/wp-content\\\/uploads\\\/2018\\\/10\\\/italiafideiussioni-logo-white.png\",\"width\":516,\"height\":97,\"caption\":\"Fideiussioni s.r.l.\"},\"image\":{\"@id\":\"https:\\\/\\\/www.italiafideiussioni.it\\\/fr\\\/#\\\/schema\\\/logo\\\/image\\\/\"},\"sameAs\":[\"https:\\\/\\\/www.facebook.com\\\/italiafideiussioni\\\/\",\"https:\\\/\\\/x.com\\\/itafideiussioni\",\"https:\\\/\\\/www.linkedin.com\\\/company\\\/italiafideiussioni-srl\\\/about\\\/\",\"https:\\\/\\\/www.youtube.com\\\/channel\\\/UC-OhbmM_pkAEKLqJ6nQbpjw\"]}]}<\/script>\n<!-- \/ Yoast SEO plugin. -->","yoast_head_json":{"title":"Vous cherchez une r\u00e9f\u00e9rence bancaire pour l'Albo SOA ?","description":"Notre soci\u00e9t\u00e9 s'occupe de fournir des R\u00e9f\u00e9rences Bancaires pour l'inscription ou le renouvellement \u00e0 l'Albo SOA, sous 48 heures apr\u00e8s r\u00e9ception de tous les documents.","robots":{"index":"index","follow":"follow","max-snippet":"max-snippet:-1","max-image-preview":"max-image-preview:large","max-video-preview":"max-video-preview:-1"},"canonical":"https:\/\/www.italiafideiussioni.it\/fr\/caution-dassurance-pour-marches-publics\/lettera-di-referenze-bancarie-per-albo-soa\/","og_locale":"fr_FR","og_type":"article","og_title":"Vous cherchez une r\u00e9f\u00e9rence bancaire pour l'Albo SOA ?","og_description":"Notre soci\u00e9t\u00e9 s'occupe de fournir des R\u00e9f\u00e9rences Bancaires pour l'inscription ou le renouvellement \u00e0 l'Albo SOA, sous 48 heures apr\u00e8s r\u00e9ception de tous les documents.","og_url":"https:\/\/www.italiafideiussioni.it\/fr\/caution-dassurance-pour-marches-publics\/lettera-di-referenze-bancarie-per-albo-soa\/","og_site_name":"Italia Fideiussioni","article_publisher":"https:\/\/www.facebook.com\/italiafideiussioni\/","article_modified_time":"2024-11-08T08:48:21+00:00","og_image":[{"width":1000,"height":667,"url":"https:\/\/www.italiafideiussioni.it\/wp-content\/uploads\/2022\/05\/lettera-referenze-bancarie-albo-soa.jpg","type":"image\/jpeg"}],"twitter_card":"summary_large_image","twitter_site":"@itafideiussioni","twitter_misc":{"Dur\u00e9e de lecture estim\u00e9e":"5 minutes"},"schema":{"@context":"https:\/\/schema.org","@graph":[{"@type":"WebPage","@id":"https:\/\/www.italiafideiussioni.it\/fr\/caution-dassurance-pour-marches-publics\/lettera-di-referenze-bancarie-per-albo-soa\/","url":"https:\/\/www.italiafideiussioni.it\/fr\/caution-dassurance-pour-marches-publics\/lettera-di-referenze-bancarie-per-albo-soa\/","name":"Vous cherchez une r\u00e9f\u00e9rence bancaire pour l'Albo SOA ?","isPartOf":{"@id":"https:\/\/www.italiafideiussioni.it\/fr\/#website"},"primaryImageOfPage":{"@id":"https:\/\/www.italiafideiussioni.it\/fr\/caution-dassurance-pour-marches-publics\/lettera-di-referenze-bancarie-per-albo-soa\/#primaryimage"},"image":{"@id":"https:\/\/www.italiafideiussioni.it\/fr\/caution-dassurance-pour-marches-publics\/lettera-di-referenze-bancarie-per-albo-soa\/#primaryimage"},"thumbnailUrl":"https:\/\/www.italiafideiussioni.it\/wp-content\/uploads\/2022\/05\/lettera-referenze-bancarie-albo-soa.jpg","datePublished":"2022-05-09T08:12:28+00:00","dateModified":"2024-11-08T08:48:21+00:00","description":"Notre soci\u00e9t\u00e9 s'occupe de fournir des R\u00e9f\u00e9rences Bancaires pour l'inscription ou le renouvellement \u00e0 l'Albo SOA, sous 48 heures apr\u00e8s r\u00e9ception de tous les documents.","breadcrumb":{"@id":"https:\/\/www.italiafideiussioni.it\/fr\/caution-dassurance-pour-marches-publics\/lettera-di-referenze-bancarie-per-albo-soa\/#breadcrumb"},"inLanguage":"fr-FR","potentialAction":[{"@type":"ReadAction","target":["https:\/\/www.italiafideiussioni.it\/fr\/caution-dassurance-pour-marches-publics\/lettera-di-referenze-bancarie-per-albo-soa\/"]}]},{"@type":"ImageObject","inLanguage":"fr-FR","@id":"https:\/\/www.italiafideiussioni.it\/fr\/caution-dassurance-pour-marches-publics\/lettera-di-referenze-bancarie-per-albo-soa\/#primaryimage","url":"https:\/\/www.italiafideiussioni.it\/wp-content\/uploads\/2022\/05\/lettera-referenze-bancarie-albo-soa.jpg","contentUrl":"https:\/\/www.italiafideiussioni.it\/wp-content\/uploads\/2022\/05\/lettera-referenze-bancarie-albo-soa.jpg","width":1000,"height":667},{"@type":"BreadcrumbList","@id":"https:\/\/www.italiafideiussioni.it\/fr\/caution-dassurance-pour-marches-publics\/lettera-di-referenze-bancarie-per-albo-soa\/#breadcrumb","itemListElement":[{"@type":"ListItem","position":1,"name":"Home","item":"https:\/\/www.italiafideiussioni.it\/fr\/page-daccueil-2013\/"},{"@type":"ListItem","position":2,"name":"Caution d&#8217;assurance pour March\u00e9s Publics","item":"https:\/\/www.italiafideiussioni.it\/fr\/caution-dassurance-pour-marches-publics\/"},{"@type":"ListItem","position":3,"name":"Lettre de R\u00e9f\u00e9rences Bancaires pour l&#8217;Albo SOA"}]},{"@type":"WebSite","@id":"https:\/\/www.italiafideiussioni.it\/fr\/#website","url":"https:\/\/www.italiafideiussioni.it\/fr\/","name":"Italia Fideiussioni","description":"","publisher":{"@id":"https:\/\/www.italiafideiussioni.it\/fr\/#organization"},"potentialAction":[{"@type":"SearchAction","target":{"@type":"EntryPoint","urlTemplate":"https:\/\/www.italiafideiussioni.it\/fr\/?s={search_term_string}"},"query-input":{"@type":"PropertyValueSpecification","valueRequired":true,"valueName":"search_term_string"}}],"inLanguage":"fr-FR"},{"@type":"Organization","@id":"https:\/\/www.italiafideiussioni.it\/fr\/#organization","name":"Fideiussioni s.r.l.","url":"https:\/\/www.italiafideiussioni.it\/fr\/","logo":{"@type":"ImageObject","inLanguage":"fr-FR","@id":"https:\/\/www.italiafideiussioni.it\/fr\/#\/schema\/logo\/image\/","url":"https:\/\/www.italiafideiussioni.it\/wp-content\/uploads\/2018\/10\/italiafideiussioni-logo-white.png","contentUrl":"https:\/\/www.italiafideiussioni.it\/wp-content\/uploads\/2018\/10\/italiafideiussioni-logo-white.png","width":516,"height":97,"caption":"Fideiussioni s.r.l."},"image":{"@id":"https:\/\/www.italiafideiussioni.it\/fr\/#\/schema\/logo\/image\/"},"sameAs":["https:\/\/www.facebook.com\/italiafideiussioni\/","https:\/\/x.com\/itafideiussioni","https:\/\/www.linkedin.com\/company\/italiafideiussioni-srl\/about\/","https:\/\/www.youtube.com\/channel\/UC-OhbmM_pkAEKLqJ6nQbpjw"]}]}},"_links":{"self":[{"href":"https:\/\/www.italiafideiussioni.it\/fr\/wp-json\/wp\/v2\/pages\/8198","targetHints":{"allow":["GET"]}}],"collection":[{"href":"https:\/\/www.italiafideiussioni.it\/fr\/wp-json\/wp\/v2\/pages"}],"about":[{"href":"https:\/\/www.italiafideiussioni.it\/fr\/wp-json\/wp\/v2\/types\/page"}],"author":[{"embeddable":true,"href":"https:\/\/www.italiafideiussioni.it\/fr\/wp-json\/wp\/v2\/users\/3"}],"replies":[{"embeddable":true,"href":"https:\/\/www.italiafideiussioni.it\/fr\/wp-json\/wp\/v2\/comments?post=8198"}],"version-history":[{"count":8,"href":"https:\/\/www.italiafideiussioni.it\/fr\/wp-json\/wp\/v2\/pages\/8198\/revisions"}],"predecessor-version":[{"id":8887,"href":"https:\/\/www.italiafideiussioni.it\/fr\/wp-json\/wp\/v2\/pages\/8198\/revisions\/8887"}],"up":[{"embeddable":true,"href":"https:\/\/www.italiafideiussioni.it\/fr\/wp-json\/wp\/v2\/pages\/8060"}],"wp:featuredmedia":[{"embeddable":true,"href":"https:\/\/www.italiafideiussioni.it\/fr\/wp-json\/wp\/v2\/media\/8199"}],"wp:attachment":[{"href":"https:\/\/www.italiafideiussioni.it\/fr\/wp-json\/wp\/v2\/media?parent=8198"}],"curies":[{"name":"wp","href":"https:\/\/api.w.org\/{rel}","templated":true}]}}