{"id":8190,"date":"2018-10-10T09:33:53","date_gmt":"2018-10-10T09:33:53","guid":{"rendered":"https:\/\/www.italiafideiussioni.it\/caution-dassurance-pour-marches-publics\/caution-pour-levee-des-retenues-de-garantie\/"},"modified":"2024-11-19T08:59:32","modified_gmt":"2024-11-19T08:59:32","slug":"caution-pour-levee-des-retenues-de-garantie","status":"publish","type":"page","link":"https:\/\/www.italiafideiussioni.it\/fr\/caution-dassurance-pour-marches-publics\/caution-pour-levee-des-retenues-de-garantie\/","title":{"rendered":"Caution pour Lev\u00e9e des Retenues de Garantie"},"content":{"rendered":"\n<p>l s&rsquo;agit d&rsquo;une caution n\u00e9cessaire pour les entreprises qui ont remport\u00e9 un march\u00e9, qu&rsquo;il soit public ou priv\u00e9.<br>L&rsquo;entit\u00e9 adjudicatrice applique des retenues sur les paiements accord\u00e9s, en fonction de l&rsquo;\u00e9tat d&rsquo;avancement des travaux (S.A.L.), \u00e0 titre de garantie suppl\u00e9mentaire des obligations de l&rsquo;entreprise adjudicataire, qui ne sont lev\u00e9es qu&rsquo;apr\u00e8s l&rsquo;approbation de la r\u00e9ception.<br><\/p>\n\n\n\n<p>Cette caution permet \u00e0 l&rsquo;entreprise adjudicataire de remplacer les retenues accumul\u00e9es par une police de cautionnement, de mani\u00e8re \u00e0 obtenir le paiement de ces montants en cours de travaux.<br>Cette caution est \u00e9mise par une compagnie d&rsquo;assurance italienne autoris\u00e9e par l&rsquo;IVASS (Institut pour la surveillance des assurances) pour la branche des cautions : lien IVASS. <a href=\"https:\/\/servizi.ivass.it\/Albi\/defaultImprese.jsp?view=albi&amp;viewSet=imprese\">https:\/\/servizi.ivass.it\/Albi\/defaultImprese.jsp?view=albi&amp;viewSet=imprese<\/a><\/p>\n\n\n<div class=\"gb-container gb-container-90d606ba\">\n<style>.wp-block-kadence-advancedheading.kt-adv-heading8123_04e115-e8, .wp-block-kadence-advancedheading.kt-adv-heading8123_04e115-e8[data-kb-block=\"kb-adv-heading8123_04e115-e8\"]{text-align:center;font-size:20px;font-style:normal;}.wp-block-kadence-advancedheading.kt-adv-heading8123_04e115-e8 mark.kt-highlight, .wp-block-kadence-advancedheading.kt-adv-heading8123_04e115-e8[data-kb-block=\"kb-adv-heading8123_04e115-e8\"] mark.kt-highlight{font-style:normal;color:#f76a0c;-webkit-box-decoration-break:clone;box-decoration-break:clone;padding-top:0px;padding-right:0px;padding-bottom:0px;padding-left:0px;}.wp-block-kadence-advancedheading.kt-adv-heading8123_04e115-e8 img.kb-inline-image, .wp-block-kadence-advancedheading.kt-adv-heading8123_04e115-e8[data-kb-block=\"kb-adv-heading8123_04e115-e8\"] img.kb-inline-image{width:150px;vertical-align:baseline;}<\/style>\n<p class=\"kt-adv-heading8123_04e115-e8 wp-block-kadence-advancedheading\" data-kb-block=\"kb-adv-heading8123_04e115-e8\">Contactez-nous directement en ligne <strong>pour recevoir une r\u00e9ponse en temps r\u00e9el<\/strong> pour les cautions pour entreprises, ou appelez l&rsquo;une de nos agences les plus proches :<\/p>\n\n\n<style>.wp-block-kadence-advancedheading.kt-adv-heading8123_67c878-e0, .wp-block-kadence-advancedheading.kt-adv-heading8123_67c878-e0[data-kb-block=\"kb-adv-heading8123_67c878-e0\"]{text-align:center;font-size:20px;font-style:normal;}.wp-block-kadence-advancedheading.kt-adv-heading8123_67c878-e0[data-kb-block=\"kb-adv-heading8123_67c878-e0\"]{display:flex;gap:0.25em;justify-content:center;align-items:center;}.wp-block-kadence-advancedheading.kt-adv-heading8123_67c878-e0[data-kb-block=\"kb-adv-heading8123_67c878-e0\"] .kb-adv-heading-icon svg{width:1em;height:1em;}.wp-block-kadence-advancedheading.kt-adv-heading8123_67c878-e0 mark.kt-highlight, .wp-block-kadence-advancedheading.kt-adv-heading8123_67c878-e0[data-kb-block=\"kb-adv-heading8123_67c878-e0\"] mark.kt-highlight{font-style:normal;color:#f76a0c;-webkit-box-decoration-break:clone;box-decoration-break:clone;padding-top:0px;padding-right:0px;padding-bottom:0px;padding-left:0px;}.wp-block-kadence-advancedheading.kt-adv-heading8123_67c878-e0 img.kb-inline-image, .wp-block-kadence-advancedheading.kt-adv-heading8123_67c878-e0[data-kb-block=\"kb-adv-heading8123_67c878-e0\"] img.kb-inline-image{width:150px;vertical-align:baseline;}<\/style><p class=\"kt-adv-heading8123_67c878-e0 wp-block-kadence-advancedheading kt-adv-heading-has-icon\" data-kb-block=\"kb-adv-heading8123_67c878-e0\"><span class=\"kb-svg-icon-wrap kb-adv-heading-icon kb-svg-icon-fe_phone kb-adv-heading-icon-side-left\"><svg viewBox=\"0 0 24 24\"  fill=\"none\" stroke=\"currentColor\" stroke-width=\"2\" stroke-linecap=\"round\" stroke-linejoin=\"round\" xmlns=\"http:\/\/www.w3.org\/2000\/svg\"  aria-hidden=\"true\"><path d=\"M22 16.92v3a2 2 0 0 1-2.18 2 19.79 19.79 0 0 1-8.63-3.07 19.5 19.5 0 0 1-6-6 19.79 19.79 0 0 1-3.07-8.67A2 2 0 0 1 4.11 2h3a2 2 0 0 1 2 1.72 12.84 12.84 0 0 0 .7 2.81 2 2 0 0 1-.45 2.11L8.09 9.91a16 16 0 0 0 6 6l1.27-1.27a2 2 0 0 1 2.11-.45 12.84 12.84 0 0 0 2.81.7A2 2 0 0 1 22 16.92z\"\/><\/svg><\/span><span class=\"kb-adv-text-inner\">Tel. <a href=\"tel:+390554932199\">+39 055 49.32.199<\/a> \u2013 Tel. <a href=\"tel:+390266712417\">+39 02 667.124.17<\/a><\/span><\/p>\n\n<style>.wp-block-kadence-advancedheading.kt-adv-heading8123_fb872c-48, .wp-block-kadence-advancedheading.kt-adv-heading8123_fb872c-48[data-kb-block=\"kb-adv-heading8123_fb872c-48\"]{text-align:center;font-size:20px;font-style:normal;}.wp-block-kadence-advancedheading.kt-adv-heading8123_fb872c-48[data-kb-block=\"kb-adv-heading8123_fb872c-48\"]{display:flex;gap:0.25em;justify-content:center;align-items:center;}.wp-block-kadence-advancedheading.kt-adv-heading8123_fb872c-48[data-kb-block=\"kb-adv-heading8123_fb872c-48\"] .kb-adv-heading-icon svg{width:1em;height:1em;}.wp-block-kadence-advancedheading.kt-adv-heading8123_fb872c-48 mark.kt-highlight, .wp-block-kadence-advancedheading.kt-adv-heading8123_fb872c-48[data-kb-block=\"kb-adv-heading8123_fb872c-48\"] mark.kt-highlight{font-style:normal;color:#f76a0c;-webkit-box-decoration-break:clone;box-decoration-break:clone;padding-top:0px;padding-right:0px;padding-bottom:0px;padding-left:0px;}.wp-block-kadence-advancedheading.kt-adv-heading8123_fb872c-48 img.kb-inline-image, .wp-block-kadence-advancedheading.kt-adv-heading8123_fb872c-48[data-kb-block=\"kb-adv-heading8123_fb872c-48\"] img.kb-inline-image{width:150px;vertical-align:baseline;}<\/style><p class=\"kt-adv-heading8123_fb872c-48 wp-block-kadence-advancedheading kt-adv-heading-has-icon\" data-kb-block=\"kb-adv-heading8123_fb872c-48\"><span class=\"kb-svg-icon-wrap kb-adv-heading-icon kb-svg-icon-fe_mail kb-adv-heading-icon-side-left\"><svg viewBox=\"0 0 24 24\"  fill=\"none\" stroke=\"currentColor\" stroke-width=\"2\" stroke-linecap=\"round\" stroke-linejoin=\"round\" xmlns=\"http:\/\/www.w3.org\/2000\/svg\"  aria-hidden=\"true\"><path d=\"M4 4h16c1.1 0 2 .9 2 2v12c0 1.1-.9 2-2 2H4c-1.1 0-2-.9-2-2V6c0-1.1.9-2 2-2z\"\/><polyline points=\"22,6 12,13 2,6\"\/><\/svg><\/span><span class=\"kb-adv-text-inner\">Email : <a>info@italiafideiussioni.it<\/a><\/span><\/p>\n\n<style>.wp-block-kadence-advancedheading.kt-adv-heading8123_a15819-22, .wp-block-kadence-advancedheading.kt-adv-heading8123_a15819-22[data-kb-block=\"kb-adv-heading8123_a15819-22\"]{text-align:center;font-size:20px;font-style:normal;}.wp-block-kadence-advancedheading.kt-adv-heading8123_a15819-22[data-kb-block=\"kb-adv-heading8123_a15819-22\"]{display:flex;gap:0.25em;justify-content:center;align-items:center;}.wp-block-kadence-advancedheading.kt-adv-heading8123_a15819-22[data-kb-block=\"kb-adv-heading8123_a15819-22\"] .kb-adv-heading-icon svg{width:1em;height:1em;}.wp-block-kadence-advancedheading.kt-adv-heading8123_a15819-22[data-kb-block=\"kb-adv-heading8123_a15819-22\"] .kb-adv-heading-icon{color:#00d084;}.wp-block-kadence-advancedheading.kt-adv-heading8123_a15819-22 mark.kt-highlight, .wp-block-kadence-advancedheading.kt-adv-heading8123_a15819-22[data-kb-block=\"kb-adv-heading8123_a15819-22\"] mark.kt-highlight{font-style:normal;color:#f76a0c;-webkit-box-decoration-break:clone;box-decoration-break:clone;padding-top:0px;padding-right:0px;padding-bottom:0px;padding-left:0px;}.wp-block-kadence-advancedheading.kt-adv-heading8123_a15819-22 img.kb-inline-image, .wp-block-kadence-advancedheading.kt-adv-heading8123_a15819-22[data-kb-block=\"kb-adv-heading8123_a15819-22\"] img.kb-inline-image{width:150px;vertical-align:baseline;}<\/style><p class=\"kt-adv-heading8123_a15819-22 wp-block-kadence-advancedheading kt-adv-heading-has-icon\" data-kb-block=\"kb-adv-heading8123_a15819-22\"><span class=\"kb-svg-icon-wrap kb-adv-heading-icon kb-svg-icon-fa_whatsapp kb-adv-heading-icon-side-left\"><svg viewBox=\"0 0 448 512\"  fill=\"currentColor\" xmlns=\"http:\/\/www.w3.org\/2000\/svg\"  aria-hidden=\"true\"><path d=\"M380.9 97.1C339 55.1 283.2 32 223.9 32c-122.4 0-222 99.6-222 222 0 39.1 10.2 77.3 29.6 111L0 480l117.7-30.9c32.4 17.7 68.9 27 106.1 27h.1c122.3 0 224.1-99.6 224.1-222 0-59.3-25.2-115-67.1-157zm-157 341.6c-33.2 0-65.7-8.9-94-25.7l-6.7-4-69.8 18.3L72 359.2l-4.4-7c-18.5-29.4-28.2-63.3-28.2-98.2 0-101.7 82.8-184.5 184.6-184.5 49.3 0 95.6 19.2 130.4 54.1 34.8 34.9 56.2 81.2 56.1 130.5 0 101.8-84.9 184.6-186.6 184.6zm101.2-138.2c-5.5-2.8-32.8-16.2-37.9-18-5.1-1.9-8.8-2.8-12.5 2.8-3.7 5.6-14.3 18-17.6 21.8-3.2 3.7-6.5 4.2-12 1.4-32.6-16.3-54-29.1-75.5-66-5.7-9.8 5.7-9.1 16.3-30.3 1.8-3.7.9-6.9-.5-9.7-1.4-2.8-12.5-30.1-17.1-41.2-4.5-10.8-9.1-9.3-12.5-9.5-3.2-.2-6.9-.2-10.6-.2-3.7 0-9.7 1.4-14.8 6.9-5.1 5.6-19.4 19-19.4 46.3 0 27.3 19.9 53.7 22.6 57.4 2.8 3.7 39.1 59.7 94.8 83.8 35.2 15.2 49 16.5 66.6 13.9 10.7-1.6 32.8-13.4 37.4-26.4 4.6-13 4.6-24.1 3.2-26.4-1.3-2.5-5-3.9-10.5-6.6z\"\/><\/svg><\/span><span class=\"kb-adv-text-inner\"><a href=\"https:\/\/wa.me\/+393397150157\">WhatsApp : +39 339.71.50.157. <\/a><\/span><\/p>\n\n<style>.wp-block-kadence-advancedheading.kt-adv-heading8123_29da39-98, .wp-block-kadence-advancedheading.kt-adv-heading8123_29da39-98[data-kb-block=\"kb-adv-heading8123_29da39-98\"]{text-align:center;font-size:20px;font-style:normal;}.wp-block-kadence-advancedheading.kt-adv-heading8123_29da39-98 mark.kt-highlight, .wp-block-kadence-advancedheading.kt-adv-heading8123_29da39-98[data-kb-block=\"kb-adv-heading8123_29da39-98\"] mark.kt-highlight{font-style:normal;color:#f76a0c;-webkit-box-decoration-break:clone;box-decoration-break:clone;padding-top:0px;padding-right:0px;padding-bottom:0px;padding-left:0px;}.wp-block-kadence-advancedheading.kt-adv-heading8123_29da39-98 img.kb-inline-image, .wp-block-kadence-advancedheading.kt-adv-heading8123_29da39-98[data-kb-block=\"kb-adv-heading8123_29da39-98\"] img.kb-inline-image{width:150px;vertical-align:baseline;}<\/style>\n<p class=\"kt-adv-heading8123_29da39-98 wp-block-kadence-advancedheading\" data-kb-block=\"kb-adv-heading8123_29da39-98\"><strong>Envoyez un message et nous vous r\u00e9pondrons<\/strong> pendant les heures de bureau, <strong>sous 5 minutes.<\/strong><\/p>\n\n<\/div>\n\n\n<p>&nbsp;<\/p>\n","protected":false},"excerpt":{"rendered":"<p>l s&rsquo;agit d&rsquo;une caution n\u00e9cessaire pour les entreprises qui ont remport\u00e9 un march\u00e9, qu&rsquo;il soit public ou priv\u00e9.L&rsquo;entit\u00e9 adjudicatrice applique des retenues sur les paiements accord\u00e9s, en fonction de l&rsquo;\u00e9tat d&rsquo;avancement des travaux (S.A.L.), \u00e0 titre de garantie suppl\u00e9mentaire des obligations de l&rsquo;entreprise adjudicataire, qui ne sont lev\u00e9es qu&rsquo;apr\u00e8s l&rsquo;approbation de la r\u00e9ception. Cette caution [&hellip;]<\/p>\n","protected":false},"author":2,"featured_media":8191,"parent":8060,"menu_order":5,"comment_status":"closed","ping_status":"closed","template":"","meta":{"_acf_changed":false,"_yoast_wpseo_focuskw":"","_yoast_wpseo_title":"Caution pour Lev\u00e9e des Retenues de Garantie | Italia Fideiussioni","_yoast_wpseo_metadesc":"Pour les gagnants de march\u00e9s publics ou priv\u00e9s, nous offrons des cautions pour la lev\u00e9e des retenues de garantie - Devis en 2 heures.","_yoast_wpseo_meta-robots-noindex":"","_yoast_wpseo_meta-robots-nofollow":"","_yoast_wpseo_canonical":"","_yoast_wpseo_opengraph-title":"","_yoast_wpseo_opengraph-description":"","_yoast_wpseo_opengraph-image":"","_yoast_wpseo_opengraph-image-id":"","_yoast_wpseo_twitter-title":"","_yoast_wpseo_twitter-description":"","_yoast_wpseo_twitter-image":"","footnotes":""},"class_list":["post-8190","page","type-page","status-publish","has-post-thumbnail","hentry"],"acf":{"macroarea_servizi":"appalti","blocco_iniziale":"","blocco_euro_titolo":"","blocco_euro_testo":"","immagini_aggiuntive":false,"blocco_info_titolo":"","blocco_info_testo":"","blocco_testimonianze":"1"},"yoast_head":"<!-- This site is optimized with the Yoast SEO plugin v27.4 - https:\/\/yoast.com\/product\/yoast-seo-wordpress\/ -->\n<title>Caution pour Lev\u00e9e des Retenues de Garantie | Italia Fideiussioni<\/title>\n<meta name=\"description\" content=\"Pour les gagnants de march\u00e9s publics ou priv\u00e9s, nous offrons des cautions pour la lev\u00e9e des retenues de garantie - Devis en 2 heures.\" \/>\n<meta name=\"robots\" content=\"index, follow, max-snippet:-1, max-image-preview:large, max-video-preview:-1\" \/>\n<link rel=\"canonical\" href=\"https:\/\/www.italiafideiussioni.it\/fr\/caution-dassurance-pour-marches-publics\/caution-pour-levee-des-retenues-de-garantie\/\" \/>\n<meta property=\"og:locale\" content=\"fr_FR\" \/>\n<meta property=\"og:type\" content=\"article\" \/>\n<meta property=\"og:title\" content=\"Caution pour Lev\u00e9e des Retenues de Garantie | Italia Fideiussioni\" \/>\n<meta property=\"og:description\" content=\"Pour les gagnants de march\u00e9s publics ou priv\u00e9s, nous offrons des cautions pour la lev\u00e9e des retenues de garantie - Devis en 2 heures.\" \/>\n<meta property=\"og:url\" content=\"https:\/\/www.italiafideiussioni.it\/fr\/caution-dassurance-pour-marches-publics\/caution-pour-levee-des-retenues-de-garantie\/\" \/>\n<meta property=\"og:site_name\" content=\"Italia Fideiussioni\" \/>\n<meta property=\"article:publisher\" content=\"https:\/\/www.facebook.com\/italiafideiussioni\/\" \/>\n<meta property=\"article:modified_time\" content=\"2024-11-19T08:59:32+00:00\" \/>\n<meta property=\"og:image\" content=\"https:\/\/www.italiafideiussioni.it\/wp-content\/uploads\/2019\/02\/fideiussioni-appalti-lavori.jpg\" \/>\n\t<meta property=\"og:image:width\" content=\"1000\" \/>\n\t<meta property=\"og:image:height\" content=\"667\" \/>\n\t<meta property=\"og:image:type\" content=\"image\/jpeg\" \/>\n<meta name=\"twitter:card\" content=\"summary_large_image\" \/>\n<meta name=\"twitter:site\" content=\"@itafideiussioni\" \/>\n<meta name=\"twitter:label1\" content=\"Dur\u00e9e de lecture estim\u00e9e\" \/>\n\t<meta name=\"twitter:data1\" content=\"2 minutes\" \/>\n<script type=\"application\/ld+json\" class=\"yoast-schema-graph\">{\"@context\":\"https:\\\/\\\/schema.org\",\"@graph\":[{\"@type\":\"WebPage\",\"@id\":\"https:\\\/\\\/www.italiafideiussioni.it\\\/fr\\\/caution-dassurance-pour-marches-publics\\\/caution-pour-levee-des-retenues-de-garantie\\\/\",\"url\":\"https:\\\/\\\/www.italiafideiussioni.it\\\/fr\\\/caution-dassurance-pour-marches-publics\\\/caution-pour-levee-des-retenues-de-garantie\\\/\",\"name\":\"Caution pour Lev\u00e9e des Retenues de Garantie | Italia Fideiussioni\",\"isPartOf\":{\"@id\":\"https:\\\/\\\/www.italiafideiussioni.it\\\/fr\\\/#website\"},\"primaryImageOfPage\":{\"@id\":\"https:\\\/\\\/www.italiafideiussioni.it\\\/fr\\\/caution-dassurance-pour-marches-publics\\\/caution-pour-levee-des-retenues-de-garantie\\\/#primaryimage\"},\"image\":{\"@id\":\"https:\\\/\\\/www.italiafideiussioni.it\\\/fr\\\/caution-dassurance-pour-marches-publics\\\/caution-pour-levee-des-retenues-de-garantie\\\/#primaryimage\"},\"thumbnailUrl\":\"https:\\\/\\\/www.italiafideiussioni.it\\\/wp-content\\\/uploads\\\/2019\\\/02\\\/fideiussioni-appalti-lavori.jpg\",\"datePublished\":\"2018-10-10T09:33:53+00:00\",\"dateModified\":\"2024-11-19T08:59:32+00:00\",\"description\":\"Pour les gagnants de march\u00e9s publics ou priv\u00e9s, nous offrons des cautions pour la lev\u00e9e des retenues de garantie - Devis en 2 heures.\",\"breadcrumb\":{\"@id\":\"https:\\\/\\\/www.italiafideiussioni.it\\\/fr\\\/caution-dassurance-pour-marches-publics\\\/caution-pour-levee-des-retenues-de-garantie\\\/#breadcrumb\"},\"inLanguage\":\"fr-FR\",\"potentialAction\":[{\"@type\":\"ReadAction\",\"target\":[\"https:\\\/\\\/www.italiafideiussioni.it\\\/fr\\\/caution-dassurance-pour-marches-publics\\\/caution-pour-levee-des-retenues-de-garantie\\\/\"]}]},{\"@type\":\"ImageObject\",\"inLanguage\":\"fr-FR\",\"@id\":\"https:\\\/\\\/www.italiafideiussioni.it\\\/fr\\\/caution-dassurance-pour-marches-publics\\\/caution-pour-levee-des-retenues-de-garantie\\\/#primaryimage\",\"url\":\"https:\\\/\\\/www.italiafideiussioni.it\\\/wp-content\\\/uploads\\\/2019\\\/02\\\/fideiussioni-appalti-lavori.jpg\",\"contentUrl\":\"https:\\\/\\\/www.italiafideiussioni.it\\\/wp-content\\\/uploads\\\/2019\\\/02\\\/fideiussioni-appalti-lavori.jpg\",\"width\":1000,\"height\":667,\"caption\":\"engineering project in progress. construction concept\"},{\"@type\":\"BreadcrumbList\",\"@id\":\"https:\\\/\\\/www.italiafideiussioni.it\\\/fr\\\/caution-dassurance-pour-marches-publics\\\/caution-pour-levee-des-retenues-de-garantie\\\/#breadcrumb\",\"itemListElement\":[{\"@type\":\"ListItem\",\"position\":1,\"name\":\"Home\",\"item\":\"https:\\\/\\\/www.italiafideiussioni.it\\\/fr\\\/page-daccueil-2013\\\/\"},{\"@type\":\"ListItem\",\"position\":2,\"name\":\"Caution d&#8217;assurance pour March\u00e9s Publics\",\"item\":\"https:\\\/\\\/www.italiafideiussioni.it\\\/fr\\\/caution-dassurance-pour-marches-publics\\\/\"},{\"@type\":\"ListItem\",\"position\":3,\"name\":\"Caution pour Lev\u00e9e des Retenues de Garantie\"}]},{\"@type\":\"WebSite\",\"@id\":\"https:\\\/\\\/www.italiafideiussioni.it\\\/fr\\\/#website\",\"url\":\"https:\\\/\\\/www.italiafideiussioni.it\\\/fr\\\/\",\"name\":\"Italia Fideiussioni\",\"description\":\"\",\"publisher\":{\"@id\":\"https:\\\/\\\/www.italiafideiussioni.it\\\/fr\\\/#organization\"},\"potentialAction\":[{\"@type\":\"SearchAction\",\"target\":{\"@type\":\"EntryPoint\",\"urlTemplate\":\"https:\\\/\\\/www.italiafideiussioni.it\\\/fr\\\/?s={search_term_string}\"},\"query-input\":{\"@type\":\"PropertyValueSpecification\",\"valueRequired\":true,\"valueName\":\"search_term_string\"}}],\"inLanguage\":\"fr-FR\"},{\"@type\":\"Organization\",\"@id\":\"https:\\\/\\\/www.italiafideiussioni.it\\\/fr\\\/#organization\",\"name\":\"Fideiussioni s.r.l.\",\"url\":\"https:\\\/\\\/www.italiafideiussioni.it\\\/fr\\\/\",\"logo\":{\"@type\":\"ImageObject\",\"inLanguage\":\"fr-FR\",\"@id\":\"https:\\\/\\\/www.italiafideiussioni.it\\\/fr\\\/#\\\/schema\\\/logo\\\/image\\\/\",\"url\":\"https:\\\/\\\/www.italiafideiussioni.it\\\/wp-content\\\/uploads\\\/2018\\\/10\\\/italiafideiussioni-logo-white.png\",\"contentUrl\":\"https:\\\/\\\/www.italiafideiussioni.it\\\/wp-content\\\/uploads\\\/2018\\\/10\\\/italiafideiussioni-logo-white.png\",\"width\":516,\"height\":97,\"caption\":\"Fideiussioni s.r.l.\"},\"image\":{\"@id\":\"https:\\\/\\\/www.italiafideiussioni.it\\\/fr\\\/#\\\/schema\\\/logo\\\/image\\\/\"},\"sameAs\":[\"https:\\\/\\\/www.facebook.com\\\/italiafideiussioni\\\/\",\"https:\\\/\\\/x.com\\\/itafideiussioni\",\"https:\\\/\\\/www.linkedin.com\\\/company\\\/italiafideiussioni-srl\\\/about\\\/\",\"https:\\\/\\\/www.youtube.com\\\/channel\\\/UC-OhbmM_pkAEKLqJ6nQbpjw\"]}]}<\/script>\n<!-- \/ Yoast SEO plugin. -->","yoast_head_json":{"title":"Caution pour Lev\u00e9e des Retenues de Garantie | Italia Fideiussioni","description":"Pour les gagnants de march\u00e9s publics ou priv\u00e9s, nous offrons des cautions pour la lev\u00e9e des retenues de garantie - Devis en 2 heures.","robots":{"index":"index","follow":"follow","max-snippet":"max-snippet:-1","max-image-preview":"max-image-preview:large","max-video-preview":"max-video-preview:-1"},"canonical":"https:\/\/www.italiafideiussioni.it\/fr\/caution-dassurance-pour-marches-publics\/caution-pour-levee-des-retenues-de-garantie\/","og_locale":"fr_FR","og_type":"article","og_title":"Caution pour Lev\u00e9e des Retenues de Garantie | Italia Fideiussioni","og_description":"Pour les gagnants de march\u00e9s publics ou priv\u00e9s, nous offrons des cautions pour la lev\u00e9e des retenues de garantie - Devis en 2 heures.","og_url":"https:\/\/www.italiafideiussioni.it\/fr\/caution-dassurance-pour-marches-publics\/caution-pour-levee-des-retenues-de-garantie\/","og_site_name":"Italia Fideiussioni","article_publisher":"https:\/\/www.facebook.com\/italiafideiussioni\/","article_modified_time":"2024-11-19T08:59:32+00:00","og_image":[{"width":1000,"height":667,"url":"https:\/\/www.italiafideiussioni.it\/wp-content\/uploads\/2019\/02\/fideiussioni-appalti-lavori.jpg","type":"image\/jpeg"}],"twitter_card":"summary_large_image","twitter_site":"@itafideiussioni","twitter_misc":{"Dur\u00e9e de lecture estim\u00e9e":"2 minutes"},"schema":{"@context":"https:\/\/schema.org","@graph":[{"@type":"WebPage","@id":"https:\/\/www.italiafideiussioni.it\/fr\/caution-dassurance-pour-marches-publics\/caution-pour-levee-des-retenues-de-garantie\/","url":"https:\/\/www.italiafideiussioni.it\/fr\/caution-dassurance-pour-marches-publics\/caution-pour-levee-des-retenues-de-garantie\/","name":"Caution pour Lev\u00e9e des Retenues de Garantie | Italia Fideiussioni","isPartOf":{"@id":"https:\/\/www.italiafideiussioni.it\/fr\/#website"},"primaryImageOfPage":{"@id":"https:\/\/www.italiafideiussioni.it\/fr\/caution-dassurance-pour-marches-publics\/caution-pour-levee-des-retenues-de-garantie\/#primaryimage"},"image":{"@id":"https:\/\/www.italiafideiussioni.it\/fr\/caution-dassurance-pour-marches-publics\/caution-pour-levee-des-retenues-de-garantie\/#primaryimage"},"thumbnailUrl":"https:\/\/www.italiafideiussioni.it\/wp-content\/uploads\/2019\/02\/fideiussioni-appalti-lavori.jpg","datePublished":"2018-10-10T09:33:53+00:00","dateModified":"2024-11-19T08:59:32+00:00","description":"Pour les gagnants de march\u00e9s publics ou priv\u00e9s, nous offrons des cautions pour la lev\u00e9e des retenues de garantie - Devis en 2 heures.","breadcrumb":{"@id":"https:\/\/www.italiafideiussioni.it\/fr\/caution-dassurance-pour-marches-publics\/caution-pour-levee-des-retenues-de-garantie\/#breadcrumb"},"inLanguage":"fr-FR","potentialAction":[{"@type":"ReadAction","target":["https:\/\/www.italiafideiussioni.it\/fr\/caution-dassurance-pour-marches-publics\/caution-pour-levee-des-retenues-de-garantie\/"]}]},{"@type":"ImageObject","inLanguage":"fr-FR","@id":"https:\/\/www.italiafideiussioni.it\/fr\/caution-dassurance-pour-marches-publics\/caution-pour-levee-des-retenues-de-garantie\/#primaryimage","url":"https:\/\/www.italiafideiussioni.it\/wp-content\/uploads\/2019\/02\/fideiussioni-appalti-lavori.jpg","contentUrl":"https:\/\/www.italiafideiussioni.it\/wp-content\/uploads\/2019\/02\/fideiussioni-appalti-lavori.jpg","width":1000,"height":667,"caption":"engineering project in progress. construction concept"},{"@type":"BreadcrumbList","@id":"https:\/\/www.italiafideiussioni.it\/fr\/caution-dassurance-pour-marches-publics\/caution-pour-levee-des-retenues-de-garantie\/#breadcrumb","itemListElement":[{"@type":"ListItem","position":1,"name":"Home","item":"https:\/\/www.italiafideiussioni.it\/fr\/page-daccueil-2013\/"},{"@type":"ListItem","position":2,"name":"Caution d&#8217;assurance pour March\u00e9s Publics","item":"https:\/\/www.italiafideiussioni.it\/fr\/caution-dassurance-pour-marches-publics\/"},{"@type":"ListItem","position":3,"name":"Caution pour Lev\u00e9e des Retenues de Garantie"}]},{"@type":"WebSite","@id":"https:\/\/www.italiafideiussioni.it\/fr\/#website","url":"https:\/\/www.italiafideiussioni.it\/fr\/","name":"Italia Fideiussioni","description":"","publisher":{"@id":"https:\/\/www.italiafideiussioni.it\/fr\/#organization"},"potentialAction":[{"@type":"SearchAction","target":{"@type":"EntryPoint","urlTemplate":"https:\/\/www.italiafideiussioni.it\/fr\/?s={search_term_string}"},"query-input":{"@type":"PropertyValueSpecification","valueRequired":true,"valueName":"search_term_string"}}],"inLanguage":"fr-FR"},{"@type":"Organization","@id":"https:\/\/www.italiafideiussioni.it\/fr\/#organization","name":"Fideiussioni s.r.l.","url":"https:\/\/www.italiafideiussioni.it\/fr\/","logo":{"@type":"ImageObject","inLanguage":"fr-FR","@id":"https:\/\/www.italiafideiussioni.it\/fr\/#\/schema\/logo\/image\/","url":"https:\/\/www.italiafideiussioni.it\/wp-content\/uploads\/2018\/10\/italiafideiussioni-logo-white.png","contentUrl":"https:\/\/www.italiafideiussioni.it\/wp-content\/uploads\/2018\/10\/italiafideiussioni-logo-white.png","width":516,"height":97,"caption":"Fideiussioni s.r.l."},"image":{"@id":"https:\/\/www.italiafideiussioni.it\/fr\/#\/schema\/logo\/image\/"},"sameAs":["https:\/\/www.facebook.com\/italiafideiussioni\/","https:\/\/x.com\/itafideiussioni","https:\/\/www.linkedin.com\/company\/italiafideiussioni-srl\/about\/","https:\/\/www.youtube.com\/channel\/UC-OhbmM_pkAEKLqJ6nQbpjw"]}]}},"_links":{"self":[{"href":"https:\/\/www.italiafideiussioni.it\/fr\/wp-json\/wp\/v2\/pages\/8190","targetHints":{"allow":["GET"]}}],"collection":[{"href":"https:\/\/www.italiafideiussioni.it\/fr\/wp-json\/wp\/v2\/pages"}],"about":[{"href":"https:\/\/www.italiafideiussioni.it\/fr\/wp-json\/wp\/v2\/types\/page"}],"author":[{"embeddable":true,"href":"https:\/\/www.italiafideiussioni.it\/fr\/wp-json\/wp\/v2\/users\/2"}],"replies":[{"embeddable":true,"href":"https:\/\/www.italiafideiussioni.it\/fr\/wp-json\/wp\/v2\/comments?post=8190"}],"version-history":[{"count":6,"href":"https:\/\/www.italiafideiussioni.it\/fr\/wp-json\/wp\/v2\/pages\/8190\/revisions"}],"predecessor-version":[{"id":8930,"href":"https:\/\/www.italiafideiussioni.it\/fr\/wp-json\/wp\/v2\/pages\/8190\/revisions\/8930"}],"up":[{"embeddable":true,"href":"https:\/\/www.italiafideiussioni.it\/fr\/wp-json\/wp\/v2\/pages\/8060"}],"wp:featuredmedia":[{"embeddable":true,"href":"https:\/\/www.italiafideiussioni.it\/fr\/wp-json\/wp\/v2\/media\/8191"}],"wp:attachment":[{"href":"https:\/\/www.italiafideiussioni.it\/fr\/wp-json\/wp\/v2\/media?parent=8190"}],"curies":[{"name":"wp","href":"https:\/\/api.w.org\/{rel}","templated":true}]}}