{"id":8182,"date":"2018-12-11T18:58:47","date_gmt":"2018-12-11T18:58:47","guid":{"rendered":"https:\/\/www.italiafideiussioni.it\/caution-dassurance-pour-marches-publics\/caution-pour-marches-complexes-trenitalia-anas-et-enel\/"},"modified":"2024-11-19T08:58:38","modified_gmt":"2024-11-19T08:58:38","slug":"caution-pour-marches-complexes-trenitalia-anas-et-enel","status":"publish","type":"page","link":"https:\/\/www.italiafideiussioni.it\/fr\/caution-dassurance-pour-marches-publics\/caution-pour-marches-complexes-trenitalia-anas-et-enel\/","title":{"rendered":"Caution pour march\u00e9s complexes: Trenitalia, Anas et Enel"},"content":{"rendered":"<style>.wp-block-kadence-advancedheading.kt-adv-heading8182_8cd395-34, .wp-block-kadence-advancedheading.kt-adv-heading8182_8cd395-34[data-kb-block=\"kb-adv-heading8182_8cd395-34\"]{font-style:normal;}.wp-block-kadence-advancedheading.kt-adv-heading8182_8cd395-34 mark.kt-highlight, .wp-block-kadence-advancedheading.kt-adv-heading8182_8cd395-34[data-kb-block=\"kb-adv-heading8182_8cd395-34\"] mark.kt-highlight{font-style:normal;color:#f76a0c;-webkit-box-decoration-break:clone;box-decoration-break:clone;padding-top:0px;padding-right:0px;padding-bottom:0px;padding-left:0px;}.wp-block-kadence-advancedheading.kt-adv-heading8182_8cd395-34 img.kb-inline-image, .wp-block-kadence-advancedheading.kt-adv-heading8182_8cd395-34[data-kb-block=\"kb-adv-heading8182_8cd395-34\"] img.kb-inline-image{width:150px;vertical-align:baseline;}<\/style>\r\n<h2 class=\"kt-adv-heading8182_8cd395-34 wp-block-kadence-advancedheading\" data-kb-block=\"kb-adv-heading8182_8cd395-34\">Polices provisoires et d\u00e9finitives complexes<\/h2>\r\n\r\n\r\n\r\n<p>Gr\u00e2ce \u00e0 notre exp\u00e9rience, <strong>n<b>ous<\/b><\/strong><b> avons \u00e9tabli des relations de collaboration avec les principales compagnies d&rsquo;assurance italiennes et nous fournissons des cautions provisoires et d\u00e9finitives pour tous les besoins, m\u00eame les plus complexes:<\/b> pour les appels d&rsquo;offres de <strong>Trenitalia, RFI, ITALFER, CONSIP<\/strong>, <strong>ANAS, ENEL<\/strong>, pour les appels d&rsquo;offres dans les pays de l&rsquo;<strong>Union Europ\u00e9enne<\/strong>, pour les <strong>financements de projets<\/strong> et le <strong>GSE<\/strong>, et pour \u00eatre plus pr\u00e9cis, nous trouvons la solution pour toutes les entit\u00e9s adjudicatrices qui exigent un texte constituant un <strong>Contrat Autonome de Garantie<\/strong>.<\/p>\r\n\r\n\r\n\r\n<p>Les cautions pour appels d&rsquo;offres que nous fournissons sont rapides, \u00e9mises avec une signature num\u00e9rique, et l&rsquo;entreprise peut les \u00e9mettre directement depuis son bureau via notre programme.<\/p>\r\n\r\n\r\n\r\n<p>Avec nous, vous pouvez :<\/p>\r\n\r\n\r\n\r\n<ul class=\"wp-block-list\">\r\n<li>Imprimer directement les contrats dans votre bureau, depuis votre ordinateur, via notre programme.<\/li>\r\n\r\n\r\n\r\n<li>\u00catre s\u00fbr de payer le prix le plus bas du march\u00e9.<\/li>\r\n\r\n\r\n\r\n<li>Gagner beaucoup de temps.<\/li>\r\n<\/ul>\r\n\r\n\r\n","protected":false},"excerpt":{"rendered":"<p>Polices provisoires et d\u00e9finitives complexes Gr\u00e2ce \u00e0 notre exp\u00e9rience, nous avons \u00e9tabli des relations de collaboration avec les principales compagnies d&rsquo;assurance italiennes et nous fournissons des cautions provisoires et d\u00e9finitives pour tous les besoins, m\u00eame les plus complexes: pour les appels d&rsquo;offres de Trenitalia, RFI, ITALFER, CONSIP, ANAS, ENEL, pour les appels d&rsquo;offres dans les [&hellip;]<\/p>\n","protected":false},"author":2,"featured_media":8183,"parent":8060,"menu_order":3,"comment_status":"closed","ping_status":"closed","template":"","meta":{"_acf_changed":false,"_yoast_wpseo_focuskw":"","_yoast_wpseo_title":"Caution pour march\u00e9s complexes | Trenitalia, Enel | Italia Fideiussioni","_yoast_wpseo_metadesc":"Nous fournissons des cautions provisoires et d\u00e9finitives pour des march\u00e9s complexes tels que les appels d'offres de Trenitalia, Enel, ANAS, RFI, ITALFER - Nous vous r\u00e9pondons en 2 heures.","_yoast_wpseo_meta-robots-noindex":"","_yoast_wpseo_meta-robots-nofollow":"","_yoast_wpseo_canonical":"","_yoast_wpseo_opengraph-title":"","_yoast_wpseo_opengraph-description":"","_yoast_wpseo_opengraph-image":"","_yoast_wpseo_opengraph-image-id":"","_yoast_wpseo_twitter-title":"","_yoast_wpseo_twitter-description":"","_yoast_wpseo_twitter-image":"","footnotes":""},"class_list":["post-8182","page","type-page","status-publish","has-post-thumbnail","hentry"],"acf":{"macroarea_servizi":"appalti","blocco_iniziale":"","blocco_euro_titolo":"","blocco_euro_testo":"","immagini_aggiuntive":false,"blocco_info_titolo":"","blocco_info_testo":"","blocco_testimonianze":"1"},"yoast_head":"<!-- This site is optimized with the Yoast SEO plugin v27.5 - https:\/\/yoast.com\/product\/yoast-seo-wordpress\/ -->\n<title>Caution pour march\u00e9s complexes | Trenitalia, Enel | Italia Fideiussioni<\/title>\n<meta name=\"description\" content=\"Nous fournissons des cautions provisoires et d\u00e9finitives pour des march\u00e9s complexes tels que les appels d&#039;offres de Trenitalia, Enel, ANAS, RFI, ITALFER - Nous vous r\u00e9pondons en 2 heures.\" \/>\n<meta name=\"robots\" content=\"index, follow, max-snippet:-1, max-image-preview:large, max-video-preview:-1\" \/>\n<link rel=\"canonical\" href=\"https:\/\/www.italiafideiussioni.it\/fr\/caution-dassurance-pour-marches-publics\/caution-pour-marches-complexes-trenitalia-anas-et-enel\/\" \/>\n<meta property=\"og:locale\" content=\"fr_FR\" \/>\n<meta property=\"og:type\" content=\"article\" \/>\n<meta property=\"og:title\" content=\"Caution pour march\u00e9s complexes | Trenitalia, Enel | Italia Fideiussioni\" \/>\n<meta property=\"og:description\" content=\"Nous fournissons des cautions provisoires et d\u00e9finitives pour des march\u00e9s complexes tels que les appels d&#039;offres de Trenitalia, Enel, ANAS, RFI, ITALFER - Nous vous r\u00e9pondons en 2 heures.\" \/>\n<meta property=\"og:url\" content=\"https:\/\/www.italiafideiussioni.it\/fr\/caution-dassurance-pour-marches-publics\/caution-pour-marches-complexes-trenitalia-anas-et-enel\/\" \/>\n<meta property=\"og:site_name\" content=\"Italia Fideiussioni\" \/>\n<meta property=\"article:publisher\" content=\"https:\/\/www.facebook.com\/italiafideiussioni\/\" \/>\n<meta property=\"article:modified_time\" content=\"2024-11-19T08:58:38+00:00\" \/>\n<meta property=\"og:image\" content=\"https:\/\/www.italiafideiussioni.it\/wp-content\/uploads\/2018\/12\/appalti-complessi-e1550486567808.png\" \/>\n\t<meta property=\"og:image:width\" content=\"385\" \/>\n\t<meta property=\"og:image:height\" content=\"261\" \/>\n\t<meta property=\"og:image:type\" content=\"image\/png\" \/>\n<meta name=\"twitter:card\" content=\"summary_large_image\" \/>\n<meta name=\"twitter:site\" content=\"@itafideiussioni\" \/>\n<meta name=\"twitter:label1\" content=\"Dur\u00e9e de lecture estim\u00e9e\" \/>\n\t<meta name=\"twitter:data1\" content=\"2 minutes\" \/>\n<script type=\"application\/ld+json\" class=\"yoast-schema-graph\">{\"@context\":\"https:\\\/\\\/schema.org\",\"@graph\":[{\"@type\":\"WebPage\",\"@id\":\"https:\\\/\\\/www.italiafideiussioni.it\\\/fr\\\/caution-dassurance-pour-marches-publics\\\/caution-pour-marches-complexes-trenitalia-anas-et-enel\\\/\",\"url\":\"https:\\\/\\\/www.italiafideiussioni.it\\\/fr\\\/caution-dassurance-pour-marches-publics\\\/caution-pour-marches-complexes-trenitalia-anas-et-enel\\\/\",\"name\":\"Caution pour march\u00e9s complexes | Trenitalia, Enel | Italia Fideiussioni\",\"isPartOf\":{\"@id\":\"https:\\\/\\\/www.italiafideiussioni.it\\\/fr\\\/#website\"},\"primaryImageOfPage\":{\"@id\":\"https:\\\/\\\/www.italiafideiussioni.it\\\/fr\\\/caution-dassurance-pour-marches-publics\\\/caution-pour-marches-complexes-trenitalia-anas-et-enel\\\/#primaryimage\"},\"image\":{\"@id\":\"https:\\\/\\\/www.italiafideiussioni.it\\\/fr\\\/caution-dassurance-pour-marches-publics\\\/caution-pour-marches-complexes-trenitalia-anas-et-enel\\\/#primaryimage\"},\"thumbnailUrl\":\"https:\\\/\\\/www.italiafideiussioni.it\\\/wp-content\\\/uploads\\\/2018\\\/12\\\/appalti-complessi-e1550486567808.png\",\"datePublished\":\"2018-12-11T18:58:47+00:00\",\"dateModified\":\"2024-11-19T08:58:38+00:00\",\"description\":\"Nous fournissons des cautions provisoires et d\u00e9finitives pour des march\u00e9s complexes tels que les appels d'offres de Trenitalia, Enel, ANAS, RFI, ITALFER - Nous vous r\u00e9pondons en 2 heures.\",\"breadcrumb\":{\"@id\":\"https:\\\/\\\/www.italiafideiussioni.it\\\/fr\\\/caution-dassurance-pour-marches-publics\\\/caution-pour-marches-complexes-trenitalia-anas-et-enel\\\/#breadcrumb\"},\"inLanguage\":\"fr-FR\",\"potentialAction\":[{\"@type\":\"ReadAction\",\"target\":[\"https:\\\/\\\/www.italiafideiussioni.it\\\/fr\\\/caution-dassurance-pour-marches-publics\\\/caution-pour-marches-complexes-trenitalia-anas-et-enel\\\/\"]}]},{\"@type\":\"ImageObject\",\"inLanguage\":\"fr-FR\",\"@id\":\"https:\\\/\\\/www.italiafideiussioni.it\\\/fr\\\/caution-dassurance-pour-marches-publics\\\/caution-pour-marches-complexes-trenitalia-anas-et-enel\\\/#primaryimage\",\"url\":\"https:\\\/\\\/www.italiafideiussioni.it\\\/wp-content\\\/uploads\\\/2018\\\/12\\\/appalti-complessi-e1550486567808.png\",\"contentUrl\":\"https:\\\/\\\/www.italiafideiussioni.it\\\/wp-content\\\/uploads\\\/2018\\\/12\\\/appalti-complessi-e1550486567808.png\",\"width\":385,\"height\":261},{\"@type\":\"BreadcrumbList\",\"@id\":\"https:\\\/\\\/www.italiafideiussioni.it\\\/fr\\\/caution-dassurance-pour-marches-publics\\\/caution-pour-marches-complexes-trenitalia-anas-et-enel\\\/#breadcrumb\",\"itemListElement\":[{\"@type\":\"ListItem\",\"position\":1,\"name\":\"Home\",\"item\":\"https:\\\/\\\/www.italiafideiussioni.it\\\/fr\\\/page-daccueil-2013\\\/\"},{\"@type\":\"ListItem\",\"position\":2,\"name\":\"Caution d&#8217;assurance pour March\u00e9s Publics\",\"item\":\"https:\\\/\\\/www.italiafideiussioni.it\\\/fr\\\/caution-dassurance-pour-marches-publics\\\/\"},{\"@type\":\"ListItem\",\"position\":3,\"name\":\"Caution pour march\u00e9s complexes: Trenitalia, Anas et Enel\"}]},{\"@type\":\"WebSite\",\"@id\":\"https:\\\/\\\/www.italiafideiussioni.it\\\/fr\\\/#website\",\"url\":\"https:\\\/\\\/www.italiafideiussioni.it\\\/fr\\\/\",\"name\":\"Italia Fideiussioni\",\"description\":\"\",\"publisher\":{\"@id\":\"https:\\\/\\\/www.italiafideiussioni.it\\\/fr\\\/#organization\"},\"potentialAction\":[{\"@type\":\"SearchAction\",\"target\":{\"@type\":\"EntryPoint\",\"urlTemplate\":\"https:\\\/\\\/www.italiafideiussioni.it\\\/fr\\\/?s={search_term_string}\"},\"query-input\":{\"@type\":\"PropertyValueSpecification\",\"valueRequired\":true,\"valueName\":\"search_term_string\"}}],\"inLanguage\":\"fr-FR\"},{\"@type\":\"Organization\",\"@id\":\"https:\\\/\\\/www.italiafideiussioni.it\\\/fr\\\/#organization\",\"name\":\"Fideiussioni s.r.l.\",\"url\":\"https:\\\/\\\/www.italiafideiussioni.it\\\/fr\\\/\",\"logo\":{\"@type\":\"ImageObject\",\"inLanguage\":\"fr-FR\",\"@id\":\"https:\\\/\\\/www.italiafideiussioni.it\\\/fr\\\/#\\\/schema\\\/logo\\\/image\\\/\",\"url\":\"https:\\\/\\\/www.italiafideiussioni.it\\\/wp-content\\\/uploads\\\/2018\\\/10\\\/italiafideiussioni-logo-white.png\",\"contentUrl\":\"https:\\\/\\\/www.italiafideiussioni.it\\\/wp-content\\\/uploads\\\/2018\\\/10\\\/italiafideiussioni-logo-white.png\",\"width\":516,\"height\":97,\"caption\":\"Fideiussioni s.r.l.\"},\"image\":{\"@id\":\"https:\\\/\\\/www.italiafideiussioni.it\\\/fr\\\/#\\\/schema\\\/logo\\\/image\\\/\"},\"sameAs\":[\"https:\\\/\\\/www.facebook.com\\\/italiafideiussioni\\\/\",\"https:\\\/\\\/x.com\\\/itafideiussioni\",\"https:\\\/\\\/www.linkedin.com\\\/company\\\/italiafideiussioni-srl\\\/about\\\/\",\"https:\\\/\\\/www.youtube.com\\\/channel\\\/UC-OhbmM_pkAEKLqJ6nQbpjw\"]}]}<\/script>\n<!-- \/ Yoast SEO plugin. -->","yoast_head_json":{"title":"Caution pour march\u00e9s complexes | Trenitalia, Enel | Italia Fideiussioni","description":"Nous fournissons des cautions provisoires et d\u00e9finitives pour des march\u00e9s complexes tels que les appels d'offres de Trenitalia, Enel, ANAS, RFI, ITALFER - Nous vous r\u00e9pondons en 2 heures.","robots":{"index":"index","follow":"follow","max-snippet":"max-snippet:-1","max-image-preview":"max-image-preview:large","max-video-preview":"max-video-preview:-1"},"canonical":"https:\/\/www.italiafideiussioni.it\/fr\/caution-dassurance-pour-marches-publics\/caution-pour-marches-complexes-trenitalia-anas-et-enel\/","og_locale":"fr_FR","og_type":"article","og_title":"Caution pour march\u00e9s complexes | Trenitalia, Enel | Italia Fideiussioni","og_description":"Nous fournissons des cautions provisoires et d\u00e9finitives pour des march\u00e9s complexes tels que les appels d'offres de Trenitalia, Enel, ANAS, RFI, ITALFER - Nous vous r\u00e9pondons en 2 heures.","og_url":"https:\/\/www.italiafideiussioni.it\/fr\/caution-dassurance-pour-marches-publics\/caution-pour-marches-complexes-trenitalia-anas-et-enel\/","og_site_name":"Italia Fideiussioni","article_publisher":"https:\/\/www.facebook.com\/italiafideiussioni\/","article_modified_time":"2024-11-19T08:58:38+00:00","og_image":[{"width":385,"height":261,"url":"https:\/\/www.italiafideiussioni.it\/wp-content\/uploads\/2018\/12\/appalti-complessi-e1550486567808.png","type":"image\/png"}],"twitter_card":"summary_large_image","twitter_site":"@itafideiussioni","twitter_misc":{"Dur\u00e9e de lecture estim\u00e9e":"2 minutes"},"schema":{"@context":"https:\/\/schema.org","@graph":[{"@type":"WebPage","@id":"https:\/\/www.italiafideiussioni.it\/fr\/caution-dassurance-pour-marches-publics\/caution-pour-marches-complexes-trenitalia-anas-et-enel\/","url":"https:\/\/www.italiafideiussioni.it\/fr\/caution-dassurance-pour-marches-publics\/caution-pour-marches-complexes-trenitalia-anas-et-enel\/","name":"Caution pour march\u00e9s complexes | Trenitalia, Enel | Italia Fideiussioni","isPartOf":{"@id":"https:\/\/www.italiafideiussioni.it\/fr\/#website"},"primaryImageOfPage":{"@id":"https:\/\/www.italiafideiussioni.it\/fr\/caution-dassurance-pour-marches-publics\/caution-pour-marches-complexes-trenitalia-anas-et-enel\/#primaryimage"},"image":{"@id":"https:\/\/www.italiafideiussioni.it\/fr\/caution-dassurance-pour-marches-publics\/caution-pour-marches-complexes-trenitalia-anas-et-enel\/#primaryimage"},"thumbnailUrl":"https:\/\/www.italiafideiussioni.it\/wp-content\/uploads\/2018\/12\/appalti-complessi-e1550486567808.png","datePublished":"2018-12-11T18:58:47+00:00","dateModified":"2024-11-19T08:58:38+00:00","description":"Nous fournissons des cautions provisoires et d\u00e9finitives pour des march\u00e9s complexes tels que les appels d'offres de Trenitalia, Enel, ANAS, RFI, ITALFER - Nous vous r\u00e9pondons en 2 heures.","breadcrumb":{"@id":"https:\/\/www.italiafideiussioni.it\/fr\/caution-dassurance-pour-marches-publics\/caution-pour-marches-complexes-trenitalia-anas-et-enel\/#breadcrumb"},"inLanguage":"fr-FR","potentialAction":[{"@type":"ReadAction","target":["https:\/\/www.italiafideiussioni.it\/fr\/caution-dassurance-pour-marches-publics\/caution-pour-marches-complexes-trenitalia-anas-et-enel\/"]}]},{"@type":"ImageObject","inLanguage":"fr-FR","@id":"https:\/\/www.italiafideiussioni.it\/fr\/caution-dassurance-pour-marches-publics\/caution-pour-marches-complexes-trenitalia-anas-et-enel\/#primaryimage","url":"https:\/\/www.italiafideiussioni.it\/wp-content\/uploads\/2018\/12\/appalti-complessi-e1550486567808.png","contentUrl":"https:\/\/www.italiafideiussioni.it\/wp-content\/uploads\/2018\/12\/appalti-complessi-e1550486567808.png","width":385,"height":261},{"@type":"BreadcrumbList","@id":"https:\/\/www.italiafideiussioni.it\/fr\/caution-dassurance-pour-marches-publics\/caution-pour-marches-complexes-trenitalia-anas-et-enel\/#breadcrumb","itemListElement":[{"@type":"ListItem","position":1,"name":"Home","item":"https:\/\/www.italiafideiussioni.it\/fr\/page-daccueil-2013\/"},{"@type":"ListItem","position":2,"name":"Caution d&#8217;assurance pour March\u00e9s Publics","item":"https:\/\/www.italiafideiussioni.it\/fr\/caution-dassurance-pour-marches-publics\/"},{"@type":"ListItem","position":3,"name":"Caution pour march\u00e9s complexes: Trenitalia, Anas et Enel"}]},{"@type":"WebSite","@id":"https:\/\/www.italiafideiussioni.it\/fr\/#website","url":"https:\/\/www.italiafideiussioni.it\/fr\/","name":"Italia Fideiussioni","description":"","publisher":{"@id":"https:\/\/www.italiafideiussioni.it\/fr\/#organization"},"potentialAction":[{"@type":"SearchAction","target":{"@type":"EntryPoint","urlTemplate":"https:\/\/www.italiafideiussioni.it\/fr\/?s={search_term_string}"},"query-input":{"@type":"PropertyValueSpecification","valueRequired":true,"valueName":"search_term_string"}}],"inLanguage":"fr-FR"},{"@type":"Organization","@id":"https:\/\/www.italiafideiussioni.it\/fr\/#organization","name":"Fideiussioni s.r.l.","url":"https:\/\/www.italiafideiussioni.it\/fr\/","logo":{"@type":"ImageObject","inLanguage":"fr-FR","@id":"https:\/\/www.italiafideiussioni.it\/fr\/#\/schema\/logo\/image\/","url":"https:\/\/www.italiafideiussioni.it\/wp-content\/uploads\/2018\/10\/italiafideiussioni-logo-white.png","contentUrl":"https:\/\/www.italiafideiussioni.it\/wp-content\/uploads\/2018\/10\/italiafideiussioni-logo-white.png","width":516,"height":97,"caption":"Fideiussioni s.r.l."},"image":{"@id":"https:\/\/www.italiafideiussioni.it\/fr\/#\/schema\/logo\/image\/"},"sameAs":["https:\/\/www.facebook.com\/italiafideiussioni\/","https:\/\/x.com\/itafideiussioni","https:\/\/www.linkedin.com\/company\/italiafideiussioni-srl\/about\/","https:\/\/www.youtube.com\/channel\/UC-OhbmM_pkAEKLqJ6nQbpjw"]}]}},"_links":{"self":[{"href":"https:\/\/www.italiafideiussioni.it\/fr\/wp-json\/wp\/v2\/pages\/8182","targetHints":{"allow":["GET"]}}],"collection":[{"href":"https:\/\/www.italiafideiussioni.it\/fr\/wp-json\/wp\/v2\/pages"}],"about":[{"href":"https:\/\/www.italiafideiussioni.it\/fr\/wp-json\/wp\/v2\/types\/page"}],"author":[{"embeddable":true,"href":"https:\/\/www.italiafideiussioni.it\/fr\/wp-json\/wp\/v2\/users\/2"}],"replies":[{"embeddable":true,"href":"https:\/\/www.italiafideiussioni.it\/fr\/wp-json\/wp\/v2\/comments?post=8182"}],"version-history":[{"count":10,"href":"https:\/\/www.italiafideiussioni.it\/fr\/wp-json\/wp\/v2\/pages\/8182\/revisions"}],"predecessor-version":[{"id":8929,"href":"https:\/\/www.italiafideiussioni.it\/fr\/wp-json\/wp\/v2\/pages\/8182\/revisions\/8929"}],"up":[{"embeddable":true,"href":"https:\/\/www.italiafideiussioni.it\/fr\/wp-json\/wp\/v2\/pages\/8060"}],"wp:featuredmedia":[{"embeddable":true,"href":"https:\/\/www.italiafideiussioni.it\/fr\/wp-json\/wp\/v2\/media\/8183"}],"wp:attachment":[{"href":"https:\/\/www.italiafideiussioni.it\/fr\/wp-json\/wp\/v2\/media?parent=8182"}],"curies":[{"name":"wp","href":"https:\/\/api.w.org\/{rel}","templated":true}]}}