{"id":8143,"date":"2018-11-05T11:19:05","date_gmt":"2018-11-05T11:19:05","guid":{"rendered":"https:\/\/www.italiafideiussioni.it\/cautionnements-pour-entreprises-et-professionnels\/garanties-pour-subventions-publiques\/"},"modified":"2018-11-05T11:19:05","modified_gmt":"2018-11-05T11:19:05","slug":"garanties-pour-subventions-publiques","status":"publish","type":"page","link":"https:\/\/www.italiafideiussioni.it\/fr\/cautionnements-pour-entreprises-et-professionnels\/garanties-pour-subventions-publiques\/","title":{"rendered":"Garanties pour subventions publiques"},"content":{"rendered":"<p>Les subventions publiques accord\u00e9es chaque ann\u00e9e en Italie sont tr\u00e8s nombreuses. Les b\u00e9n\u00e9ficiaires de ces subventions peuvent \u00eatre des personnes physiques, des \u00e9tudiants, des artisans, des personnes morales ou des organismes publics.<br \/>Pour garantir les avances vers\u00e9es ou la conformit\u00e9 du projet, les concessionnaires qui octroient la subvention exigent une garantie pour assurer le respect de toutes les obligations pr\u00e9vues dans le D\u00e9cret de concession du financement.<br \/>Nous nous engageons \u00e0 fournir la meilleure solution possible au meilleur prix du march\u00e9, en collaboration avec des compagnies d&rsquo;assurances ayant une pr\u00e9sence stable en Italie et autoris\u00e9es par l&rsquo;IVASS \u00e0 d\u00e9livrer des cautions au titre de la branche 15.  <\/p>\n","protected":false},"excerpt":{"rendered":"<p>Les subventions publiques accord\u00e9es chaque ann\u00e9e en Italie sont tr\u00e8s nombreuses. Les b\u00e9n\u00e9ficiaires de ces subventions peuvent \u00eatre des personnes physiques, des \u00e9tudiants, des artisans, des personnes morales ou des organismes publics.Pour garantir les avances vers\u00e9es ou la conformit\u00e9 du projet, les concessionnaires qui octroient la subvention exigent une garantie pour assurer le respect de [&hellip;]<\/p>\n","protected":false},"author":5,"featured_media":8062,"parent":8056,"menu_order":3,"comment_status":"closed","ping_status":"closed","template":"templates-custom\/tpl-pagina-servizi-sub.php","meta":{"_acf_changed":false,"_yoast_wpseo_focuskw":"","_yoast_wpseo_title":"Garanties pour subventions publiques | Italia Fideiussioni","_yoast_wpseo_metadesc":"Depuis plus de 30 ans, nous d\u00e9livrons des garanties aux entreprises int\u00e9ress\u00e9es par l'activation de subventions publiques \u00e0 fonds perdu - Nous vous r\u00e9pondons sous 2 heures.","_yoast_wpseo_meta-robots-noindex":"","_yoast_wpseo_meta-robots-nofollow":"","_yoast_wpseo_canonical":"","_yoast_wpseo_opengraph-title":"","_yoast_wpseo_opengraph-description":"","_yoast_wpseo_opengraph-image":"","_yoast_wpseo_opengraph-image-id":"","_yoast_wpseo_twitter-title":"","_yoast_wpseo_twitter-description":"","_yoast_wpseo_twitter-image":"","footnotes":""},"class_list":["post-8143","page","type-page","status-publish","has-post-thumbnail","hentry"],"acf":{"macroarea_servizi":"Entreprises"},"yoast_head":"<!-- This site is optimized with the Yoast SEO plugin v27.4 - https:\/\/yoast.com\/product\/yoast-seo-wordpress\/ -->\n<title>Garanties pour subventions publiques | Italia Fideiussioni<\/title>\n<meta name=\"description\" content=\"Depuis plus de 30 ans, nous d\u00e9livrons des garanties aux entreprises int\u00e9ress\u00e9es par l&#039;activation de subventions publiques \u00e0 fonds perdu - Nous vous r\u00e9pondons sous 2 heures.\" \/>\n<meta name=\"robots\" content=\"index, follow, max-snippet:-1, max-image-preview:large, max-video-preview:-1\" \/>\n<link rel=\"canonical\" href=\"https:\/\/www.italiafideiussioni.it\/fr\/cautionnements-pour-entreprises-et-professionnels\/garanties-pour-subventions-publiques\/\" \/>\n<meta property=\"og:locale\" content=\"fr_FR\" \/>\n<meta property=\"og:type\" content=\"article\" \/>\n<meta property=\"og:title\" content=\"Garanties pour subventions publiques | Italia Fideiussioni\" \/>\n<meta property=\"og:description\" content=\"Depuis plus de 30 ans, nous d\u00e9livrons des garanties aux entreprises int\u00e9ress\u00e9es par l&#039;activation de subventions publiques \u00e0 fonds perdu - Nous vous r\u00e9pondons sous 2 heures.\" \/>\n<meta property=\"og:url\" content=\"https:\/\/www.italiafideiussioni.it\/fr\/cautionnements-pour-entreprises-et-professionnels\/garanties-pour-subventions-publiques\/\" \/>\n<meta property=\"og:site_name\" content=\"Italia Fideiussioni\" \/>\n<meta property=\"article:publisher\" content=\"https:\/\/www.facebook.com\/italiafideiussioni\/\" \/>\n<meta property=\"og:image\" content=\"https:\/\/www.italiafideiussioni.it\/wp-content\/uploads\/2018\/11\/bandi-pubblici.jpeg\" \/>\n\t<meta property=\"og:image:width\" content=\"1000\" \/>\n\t<meta property=\"og:image:height\" content=\"667\" \/>\n\t<meta property=\"og:image:type\" content=\"image\/jpeg\" \/>\n<meta name=\"twitter:card\" content=\"summary_large_image\" \/>\n<meta name=\"twitter:site\" content=\"@itafideiussioni\" \/>\n<meta name=\"twitter:label1\" content=\"Dur\u00e9e de lecture estim\u00e9e\" \/>\n\t<meta name=\"twitter:data1\" content=\"1 minute\" \/>\n<script type=\"application\/ld+json\" class=\"yoast-schema-graph\">{\"@context\":\"https:\\\/\\\/schema.org\",\"@graph\":[{\"@type\":\"WebPage\",\"@id\":\"https:\\\/\\\/www.italiafideiussioni.it\\\/fr\\\/cautionnements-pour-entreprises-et-professionnels\\\/garanties-pour-subventions-publiques\\\/\",\"url\":\"https:\\\/\\\/www.italiafideiussioni.it\\\/fr\\\/cautionnements-pour-entreprises-et-professionnels\\\/garanties-pour-subventions-publiques\\\/\",\"name\":\"Garanties pour subventions publiques | Italia Fideiussioni\",\"isPartOf\":{\"@id\":\"https:\\\/\\\/www.italiafideiussioni.it\\\/fr\\\/#website\"},\"primaryImageOfPage\":{\"@id\":\"https:\\\/\\\/www.italiafideiussioni.it\\\/fr\\\/cautionnements-pour-entreprises-et-professionnels\\\/garanties-pour-subventions-publiques\\\/#primaryimage\"},\"image\":{\"@id\":\"https:\\\/\\\/www.italiafideiussioni.it\\\/fr\\\/cautionnements-pour-entreprises-et-professionnels\\\/garanties-pour-subventions-publiques\\\/#primaryimage\"},\"thumbnailUrl\":\"https:\\\/\\\/www.italiafideiussioni.it\\\/wp-content\\\/uploads\\\/2018\\\/11\\\/bandi-pubblici.jpeg\",\"datePublished\":\"2018-11-05T11:19:05+00:00\",\"description\":\"Depuis plus de 30 ans, nous d\u00e9livrons des garanties aux entreprises int\u00e9ress\u00e9es par l'activation de subventions publiques \u00e0 fonds perdu - Nous vous r\u00e9pondons sous 2 heures.\",\"breadcrumb\":{\"@id\":\"https:\\\/\\\/www.italiafideiussioni.it\\\/fr\\\/cautionnements-pour-entreprises-et-professionnels\\\/garanties-pour-subventions-publiques\\\/#breadcrumb\"},\"inLanguage\":\"fr-FR\",\"potentialAction\":[{\"@type\":\"ReadAction\",\"target\":[\"https:\\\/\\\/www.italiafideiussioni.it\\\/fr\\\/cautionnements-pour-entreprises-et-professionnels\\\/garanties-pour-subventions-publiques\\\/\"]}]},{\"@type\":\"ImageObject\",\"inLanguage\":\"fr-FR\",\"@id\":\"https:\\\/\\\/www.italiafideiussioni.it\\\/fr\\\/cautionnements-pour-entreprises-et-professionnels\\\/garanties-pour-subventions-publiques\\\/#primaryimage\",\"url\":\"https:\\\/\\\/www.italiafideiussioni.it\\\/wp-content\\\/uploads\\\/2018\\\/11\\\/bandi-pubblici.jpeg\",\"contentUrl\":\"https:\\\/\\\/www.italiafideiussioni.it\\\/wp-content\\\/uploads\\\/2018\\\/11\\\/bandi-pubblici.jpeg\",\"width\":1000,\"height\":667,\"caption\":\"strada sopraelevata\"},{\"@type\":\"BreadcrumbList\",\"@id\":\"https:\\\/\\\/www.italiafideiussioni.it\\\/fr\\\/cautionnements-pour-entreprises-et-professionnels\\\/garanties-pour-subventions-publiques\\\/#breadcrumb\",\"itemListElement\":[{\"@type\":\"ListItem\",\"position\":1,\"name\":\"Home\",\"item\":\"https:\\\/\\\/www.italiafideiussioni.it\\\/fr\\\/page-daccueil-2013\\\/\"},{\"@type\":\"ListItem\",\"position\":2,\"name\":\"Nos Cautions Bancaires pour Entreprises et Professionnels\",\"item\":\"https:\\\/\\\/www.italiafideiussioni.it\\\/fr\\\/cautionnements-pour-entreprises-et-professionnels\\\/\"},{\"@type\":\"ListItem\",\"position\":3,\"name\":\"Garanties pour subventions publiques\"}]},{\"@type\":\"WebSite\",\"@id\":\"https:\\\/\\\/www.italiafideiussioni.it\\\/fr\\\/#website\",\"url\":\"https:\\\/\\\/www.italiafideiussioni.it\\\/fr\\\/\",\"name\":\"Italia Fideiussioni\",\"description\":\"\",\"publisher\":{\"@id\":\"https:\\\/\\\/www.italiafideiussioni.it\\\/fr\\\/#organization\"},\"potentialAction\":[{\"@type\":\"SearchAction\",\"target\":{\"@type\":\"EntryPoint\",\"urlTemplate\":\"https:\\\/\\\/www.italiafideiussioni.it\\\/fr\\\/?s={search_term_string}\"},\"query-input\":{\"@type\":\"PropertyValueSpecification\",\"valueRequired\":true,\"valueName\":\"search_term_string\"}}],\"inLanguage\":\"fr-FR\"},{\"@type\":\"Organization\",\"@id\":\"https:\\\/\\\/www.italiafideiussioni.it\\\/fr\\\/#organization\",\"name\":\"Fideiussioni s.r.l.\",\"url\":\"https:\\\/\\\/www.italiafideiussioni.it\\\/fr\\\/\",\"logo\":{\"@type\":\"ImageObject\",\"inLanguage\":\"fr-FR\",\"@id\":\"https:\\\/\\\/www.italiafideiussioni.it\\\/fr\\\/#\\\/schema\\\/logo\\\/image\\\/\",\"url\":\"https:\\\/\\\/www.italiafideiussioni.it\\\/wp-content\\\/uploads\\\/2018\\\/10\\\/italiafideiussioni-logo-white.png\",\"contentUrl\":\"https:\\\/\\\/www.italiafideiussioni.it\\\/wp-content\\\/uploads\\\/2018\\\/10\\\/italiafideiussioni-logo-white.png\",\"width\":516,\"height\":97,\"caption\":\"Fideiussioni s.r.l.\"},\"image\":{\"@id\":\"https:\\\/\\\/www.italiafideiussioni.it\\\/fr\\\/#\\\/schema\\\/logo\\\/image\\\/\"},\"sameAs\":[\"https:\\\/\\\/www.facebook.com\\\/italiafideiussioni\\\/\",\"https:\\\/\\\/x.com\\\/itafideiussioni\",\"https:\\\/\\\/www.linkedin.com\\\/company\\\/italiafideiussioni-srl\\\/about\\\/\",\"https:\\\/\\\/www.youtube.com\\\/channel\\\/UC-OhbmM_pkAEKLqJ6nQbpjw\"]}]}<\/script>\n<!-- \/ Yoast SEO plugin. -->","yoast_head_json":{"title":"Garanties pour subventions publiques | Italia Fideiussioni","description":"Depuis plus de 30 ans, nous d\u00e9livrons des garanties aux entreprises int\u00e9ress\u00e9es par l'activation de subventions publiques \u00e0 fonds perdu - Nous vous r\u00e9pondons sous 2 heures.","robots":{"index":"index","follow":"follow","max-snippet":"max-snippet:-1","max-image-preview":"max-image-preview:large","max-video-preview":"max-video-preview:-1"},"canonical":"https:\/\/www.italiafideiussioni.it\/fr\/cautionnements-pour-entreprises-et-professionnels\/garanties-pour-subventions-publiques\/","og_locale":"fr_FR","og_type":"article","og_title":"Garanties pour subventions publiques | Italia Fideiussioni","og_description":"Depuis plus de 30 ans, nous d\u00e9livrons des garanties aux entreprises int\u00e9ress\u00e9es par l'activation de subventions publiques \u00e0 fonds perdu - Nous vous r\u00e9pondons sous 2 heures.","og_url":"https:\/\/www.italiafideiussioni.it\/fr\/cautionnements-pour-entreprises-et-professionnels\/garanties-pour-subventions-publiques\/","og_site_name":"Italia Fideiussioni","article_publisher":"https:\/\/www.facebook.com\/italiafideiussioni\/","og_image":[{"width":1000,"height":667,"url":"https:\/\/www.italiafideiussioni.it\/wp-content\/uploads\/2018\/11\/bandi-pubblici.jpeg","type":"image\/jpeg"}],"twitter_card":"summary_large_image","twitter_site":"@itafideiussioni","twitter_misc":{"Dur\u00e9e de lecture estim\u00e9e":"1 minute"},"schema":{"@context":"https:\/\/schema.org","@graph":[{"@type":"WebPage","@id":"https:\/\/www.italiafideiussioni.it\/fr\/cautionnements-pour-entreprises-et-professionnels\/garanties-pour-subventions-publiques\/","url":"https:\/\/www.italiafideiussioni.it\/fr\/cautionnements-pour-entreprises-et-professionnels\/garanties-pour-subventions-publiques\/","name":"Garanties pour subventions publiques | Italia Fideiussioni","isPartOf":{"@id":"https:\/\/www.italiafideiussioni.it\/fr\/#website"},"primaryImageOfPage":{"@id":"https:\/\/www.italiafideiussioni.it\/fr\/cautionnements-pour-entreprises-et-professionnels\/garanties-pour-subventions-publiques\/#primaryimage"},"image":{"@id":"https:\/\/www.italiafideiussioni.it\/fr\/cautionnements-pour-entreprises-et-professionnels\/garanties-pour-subventions-publiques\/#primaryimage"},"thumbnailUrl":"https:\/\/www.italiafideiussioni.it\/wp-content\/uploads\/2018\/11\/bandi-pubblici.jpeg","datePublished":"2018-11-05T11:19:05+00:00","description":"Depuis plus de 30 ans, nous d\u00e9livrons des garanties aux entreprises int\u00e9ress\u00e9es par l'activation de subventions publiques \u00e0 fonds perdu - Nous vous r\u00e9pondons sous 2 heures.","breadcrumb":{"@id":"https:\/\/www.italiafideiussioni.it\/fr\/cautionnements-pour-entreprises-et-professionnels\/garanties-pour-subventions-publiques\/#breadcrumb"},"inLanguage":"fr-FR","potentialAction":[{"@type":"ReadAction","target":["https:\/\/www.italiafideiussioni.it\/fr\/cautionnements-pour-entreprises-et-professionnels\/garanties-pour-subventions-publiques\/"]}]},{"@type":"ImageObject","inLanguage":"fr-FR","@id":"https:\/\/www.italiafideiussioni.it\/fr\/cautionnements-pour-entreprises-et-professionnels\/garanties-pour-subventions-publiques\/#primaryimage","url":"https:\/\/www.italiafideiussioni.it\/wp-content\/uploads\/2018\/11\/bandi-pubblici.jpeg","contentUrl":"https:\/\/www.italiafideiussioni.it\/wp-content\/uploads\/2018\/11\/bandi-pubblici.jpeg","width":1000,"height":667,"caption":"strada sopraelevata"},{"@type":"BreadcrumbList","@id":"https:\/\/www.italiafideiussioni.it\/fr\/cautionnements-pour-entreprises-et-professionnels\/garanties-pour-subventions-publiques\/#breadcrumb","itemListElement":[{"@type":"ListItem","position":1,"name":"Home","item":"https:\/\/www.italiafideiussioni.it\/fr\/page-daccueil-2013\/"},{"@type":"ListItem","position":2,"name":"Nos Cautions Bancaires pour Entreprises et Professionnels","item":"https:\/\/www.italiafideiussioni.it\/fr\/cautionnements-pour-entreprises-et-professionnels\/"},{"@type":"ListItem","position":3,"name":"Garanties pour subventions publiques"}]},{"@type":"WebSite","@id":"https:\/\/www.italiafideiussioni.it\/fr\/#website","url":"https:\/\/www.italiafideiussioni.it\/fr\/","name":"Italia Fideiussioni","description":"","publisher":{"@id":"https:\/\/www.italiafideiussioni.it\/fr\/#organization"},"potentialAction":[{"@type":"SearchAction","target":{"@type":"EntryPoint","urlTemplate":"https:\/\/www.italiafideiussioni.it\/fr\/?s={search_term_string}"},"query-input":{"@type":"PropertyValueSpecification","valueRequired":true,"valueName":"search_term_string"}}],"inLanguage":"fr-FR"},{"@type":"Organization","@id":"https:\/\/www.italiafideiussioni.it\/fr\/#organization","name":"Fideiussioni s.r.l.","url":"https:\/\/www.italiafideiussioni.it\/fr\/","logo":{"@type":"ImageObject","inLanguage":"fr-FR","@id":"https:\/\/www.italiafideiussioni.it\/fr\/#\/schema\/logo\/image\/","url":"https:\/\/www.italiafideiussioni.it\/wp-content\/uploads\/2018\/10\/italiafideiussioni-logo-white.png","contentUrl":"https:\/\/www.italiafideiussioni.it\/wp-content\/uploads\/2018\/10\/italiafideiussioni-logo-white.png","width":516,"height":97,"caption":"Fideiussioni s.r.l."},"image":{"@id":"https:\/\/www.italiafideiussioni.it\/fr\/#\/schema\/logo\/image\/"},"sameAs":["https:\/\/www.facebook.com\/italiafideiussioni\/","https:\/\/x.com\/itafideiussioni","https:\/\/www.linkedin.com\/company\/italiafideiussioni-srl\/about\/","https:\/\/www.youtube.com\/channel\/UC-OhbmM_pkAEKLqJ6nQbpjw"]}]}},"_links":{"self":[{"href":"https:\/\/www.italiafideiussioni.it\/fr\/wp-json\/wp\/v2\/pages\/8143","targetHints":{"allow":["GET"]}}],"collection":[{"href":"https:\/\/www.italiafideiussioni.it\/fr\/wp-json\/wp\/v2\/pages"}],"about":[{"href":"https:\/\/www.italiafideiussioni.it\/fr\/wp-json\/wp\/v2\/types\/page"}],"author":[{"embeddable":true,"href":"https:\/\/www.italiafideiussioni.it\/fr\/wp-json\/wp\/v2\/users\/5"}],"replies":[{"embeddable":true,"href":"https:\/\/www.italiafideiussioni.it\/fr\/wp-json\/wp\/v2\/comments?post=8143"}],"version-history":[{"count":0,"href":"https:\/\/www.italiafideiussioni.it\/fr\/wp-json\/wp\/v2\/pages\/8143\/revisions"}],"up":[{"embeddable":true,"href":"https:\/\/www.italiafideiussioni.it\/fr\/wp-json\/wp\/v2\/pages\/8056"}],"wp:featuredmedia":[{"embeddable":true,"href":"https:\/\/www.italiafideiussioni.it\/fr\/wp-json\/wp\/v2\/media\/8062"}],"wp:attachment":[{"href":"https:\/\/www.italiafideiussioni.it\/fr\/wp-json\/wp\/v2\/media?parent=8143"}],"curies":[{"name":"wp","href":"https:\/\/api.w.org\/{rel}","templated":true}]}}