{"id":8107,"date":"2018-10-10T09:32:46","date_gmt":"2018-10-10T09:32:46","guid":{"rendered":"https:\/\/www.italiafideiussioni.it\/garantie-pour-subventions-publiques-a-fonds-perdu-garantie-agea\/"},"modified":"2024-08-28T13:42:03","modified_gmt":"2024-08-28T13:42:03","slug":"garantie-pour-subventions-publiques-a-fonds-perdu-garantie-agea","status":"publish","type":"page","link":"https:\/\/www.italiafideiussioni.it\/fr\/cautionnements-pour-entreprises-et-professionnels\/garanties-pour-subventions-publiques\/garantie-pour-subventions-publiques-a-fonds-perdu-garantie-agea\/","title":{"rendered":"Garantie pour Subventions Publiques \u00e0 Fonds Perdu &#8211; Garantie AGEA"},"content":{"rendered":"<p>Avez-vous d\u00e9cid\u00e9 de d\u00e9marrer une activit\u00e9 entrepreneuriale mais vous n&rsquo;avez pas les fonds n\u00e9cessaires pour couvrir toutes les d\u00e9penses ?<\/p>\n<p>Avez-vous remport\u00e9 un appel d&rsquo;offres AGEA ? Poss\u00e9dez-vous une entreprise vitivinicole et avez-vous remport\u00e9 un appel d&rsquo;offres AGEA OCM ?<\/p>\n<p>Avez-vous besoin d&rsquo;une solution rapide pour obtenir la liquidit\u00e9 n\u00e9cessaire sans avoir \u00e0 rembourser l&rsquo;argent ?<\/p>\n<h2><strong>Les financements \u00e0 fonds perdu<\/strong><\/h2>\n<p>Les financements \u00e0 fonds perdu sont des sommes d&rsquo;argent accord\u00e9es, en g\u00e9n\u00e9ral, par des entit\u00e9s publiques, qu&rsquo;elles soient r\u00e9gionales, nationales ou europ\u00e9ennes. Ils aident au d\u00e9veloppement de nouvelles entreprises ou \u00e0 la survie d&rsquo;activit\u00e9s d\u00e9j\u00e0 \u00e9tablies qui peuvent, d&rsquo;une mani\u00e8re ou d&rsquo;une autre, cr\u00e9er de la valeur pour leur secteur.<\/p>\n<p>Comme leur nom l&rsquo;indique, les financements \u00e0 fonds perdu ne doivent pas \u00eatre (n\u00e9cessairement) rembours\u00e9s et ne comportent aucun type d&rsquo;int\u00e9r\u00eat.<\/p>\n<h2><strong>Avez-vous besoin d&rsquo;une Garantie AGEA ?<\/strong><\/h2>\n<p>Nous fournissons la Garantie Assurantielle en ligne aux entreprises sur tout le territoire national, y compris les \u00eeles. Contactez-nous directement en ligne pour recevoir une r\u00e9ponse en temps r\u00e9el, ou appelez l&rsquo;une de nos agences les plus proches :<br \/>\nT\u00e9l. : <a href=\"tel:+39055285313\">+39 055 49.32.199<\/a> \u2013 T\u00e9l. : <a href=\"tel:+390266712417\">+39 02 667.124.17<\/a><br \/>\nEmail : <a href=\"mailto:info@italiafideiussioni.it\">info@italiafideiussioni.it<\/a><br \/>\nVous pouvez \u00e9galement nous contacter via <strong><a href=\"https:\/\/wa.me\/+393397150157\" target=\"_blank\" rel=\"noreferrer noopener\">WhatsApp: \u00a0+39 339 71.50.157<\/a><\/strong><\/p>\n<p>Les avis positifs de nos clients sont la preuve tangible de notre excellence.<br \/>\n<strong>Cliquez ici pour voir ce que nos clients disent de nous.<\/strong><\/p>\n<p>Les subventions \u00e0 fonds perdu sont accord\u00e9es \u00e0 l&rsquo;entrepreneur en r\u00e9ponse \u00e0 une demande et servent \u00e0 couvrir les co\u00fbts de d\u00e9marrage ou de consolidation d&rsquo;une entreprise. Par exemple, pour permettre l&rsquo;achat de machines, la formation du personnel, la location des locaux, le raccordement \u00e0 l&rsquo;\u00e9lectricit\u00e9.<\/p>\n<p>Les cat\u00e9gories qui peuvent acc\u00e9der \u00e0 ces fonds plus facilement sont g\u00e9n\u00e9ralement les jeunes de 18 \u00e0 35 ans et les ch\u00f4meurs. Les femmes sont \u00e9galement favoris\u00e9es pour encourager l&rsquo;entrepreneuriat f\u00e9minin. Pour obtenir le financement, la demande doit \u00eatre accompagn\u00e9e d&rsquo;un business plan de l&rsquo;entreprise.<\/p>\n<p>Le projet de l&rsquo;activit\u00e9 constitu\u00e9e ou en cours de cr\u00e9ation sera examin\u00e9 par la commission d&rsquo;\u00e9valuation, charg\u00e9e de v\u00e9rifier si tous les param\u00e8tres sont respect\u00e9s et si l&rsquo;activit\u00e9 \u00e0 cr\u00e9er repr\u00e9sente v\u00e9ritablement une valeur ajout\u00e9e pour le territoire.<\/p>\n<p>La couverture financi\u00e8re de ce type de financement ne peut cependant pas couvrir la totalit\u00e9 du projet \u00e9tabli par l&rsquo;entrepreneur, mais seulement une partie. Le pourcentage varie en fonction de l&rsquo;entit\u00e9 \u00e9mettrice et des lois en vigueur, et la dur\u00e9e va g\u00e9n\u00e9ralement de 12 \u00e0 36 mois.<\/p>\n<p>L&rsquo;entreprise qui obtient une subvention publique doit pr\u00e9senter une garantie \u00e0 l&rsquo;entit\u00e9 \u00e9mettrice pour obtenir une avance, afin de garantir le remboursement au cas o\u00f9 elle ne m\u00e8nerait pas \u00e0 bien le projet pour lequel les fonds ont \u00e9t\u00e9 allou\u00e9s.<\/p>\n<h2><strong>Les garanties pour financements \u00e0 fonds perdu<\/strong><\/h2>\n<p>Il est temps de comprendre comment mieux prot\u00e9ger votre entreprise. Les entreprises demandeuses peuvent obtenir une avance sur la premi\u00e8re tranche obtenue en pr\u00e9sentant une Garantie Assurantielle qui garantit la r\u00e9alisation des travaux pour lesquels le financement a \u00e9t\u00e9 approuv\u00e9. L&rsquo;entit\u00e9 \u00e9mettrice est ainsi prot\u00e9g\u00e9e contre une \u00e9ventuelle d\u00e9faillance de l&rsquo;entreprise, ce qui permet \u00e0 l&rsquo;entit\u00e9 de choisir votre projet avec plus de s\u00e9r\u00e9nit\u00e9. Mais combien de parties sont impliqu\u00e9es dans cette formule de garantie ? La garantie assurantielle implique la participation de trois parties :<\/p>\n<ul>\n<li>La soci\u00e9t\u00e9 qui a demand\u00e9 la subvention et souhaite en b\u00e9n\u00e9ficier.<\/li>\n<li>Le b\u00e9n\u00e9ficiaire, c&rsquo;est-\u00e0-dire l&rsquo;entit\u00e9 \u00e9tatique ou r\u00e9gionale qui accorde la subvention.<\/li>\n<li>Un garant, c&rsquo;est-\u00e0-dire la soci\u00e9t\u00e9 autoris\u00e9e par la loi \u00e0 \u00e9mettre le contrat de garantie.<\/li>\n<\/ul>\n<h2><strong>Vous souhaitez acc\u00e9der \u00e0 la subvention \u00e0 fonds perdu AGEA OCM pour le secteur viticole ?<\/strong><\/h2>\n<p>La solution est \u00e0 port\u00e9e de main avec notre garantie assurantielle sp\u00e9cialis\u00e9e. Ne perdez pas de temps et contactez-nous maintenant : la Garantie AGEA n\u00e9cessaire \u00e0 votre r\u00e9ussite vous attend, avec des d\u00e9lais d&rsquo;\u00e9mission rapides pour ne manquer aucune opportunit\u00e9. Pour une r\u00e9ponse imm\u00e9diate, envoyez-nous un message sur WhatsApp au +39 339 71.50.157 : nous vous garantissons un retour sous 5 minutes pendant les heures de bureau. Si vous pr\u00e9f\u00e9rez, nous sommes \u00e9galement disponibles avec un service d&rsquo;assistance t\u00e9l\u00e9phonique personnalis\u00e9 au num\u00e9ro +39 02 667.124.17, ou par email \u00e0 <a rel=\"noopener\">info@italiafideiussioni.it<\/a>. Faites le premier pas vers votre subvention AGEA OCM avec Italia Fideiussioni : votre confiance, notre priorit\u00e9.<\/p>\n<p>Les avis positifs de nos clients sont la preuve tangible de notre excellence.<br \/>\n<strong>Cliquez ici pour voir ce que nos clients disent de nous.<\/strong><\/p>\n<p><strong>Les entit\u00e9s qui accordent des subventions publiques \u00e0 fonds perdu dans le seul secteur de l&rsquo;agriculture sont nombreuses :<\/strong><\/p>\n<ul>\n<li>L&rsquo;AGEA (Agence pour les \u00c9rogations en Agriculture)<\/li>\n<li>FEADER (Fonds Europ\u00e9en Agricole pour le D\u00e9veloppement Rural)<\/li>\n<li>FEAGA (Fonds Europ\u00e9en Agricole de Garantie)<\/li>\n<li>ARTEA pour la R\u00e9gion Toscane ;<\/li>\n<li>AGREA pour la R\u00e9gion \u00c9milie-Romagne ;<\/li>\n<li>AVEPA pour la R\u00e9gion V\u00e9n\u00e9tie ;<\/li>\n<li>ARCEA pour la R\u00e9gion Calabre ;<\/li>\n<li>ARPEA pour la R\u00e9gion Pi\u00e9mont ;<\/li>\n<li>SAISA &#8211; Agence des Douanes &#8211; pour les restitutions \u00e0 l&rsquo;exportation ;<\/li>\n<li>L&rsquo;Ente National Risi pour le riz ;<\/li>\n<li>R\u00e9gion Lombardie Agriculture pour la R\u00e9gion Lombardie ;<\/li>\n<li>Province autonome de Bolzano &#8211; Haut-Adige ;<\/li>\n<li>APPAG Trente ;<\/li>\n<li>AGEA pour toutes les R\u00e9gions qui n&rsquo;ont pas constitu\u00e9 leur propre Organisme Payeur et pour toutes les autres fonctions non attribu\u00e9es aux autres Organismes Payeurs.<\/li>\n<\/ul>\n<h2><strong>Les domaines pr\u00e9vus pour les financements \u00e0 fonds perdu AGEA ?<\/strong><\/h2>\n<p>Les subventions sont nombreuses, pour plusieurs milliards d&rsquo;euros et sont accord\u00e9es chaque ann\u00e9e \u00e0 des milliers d&rsquo;entreprises. Il existe des subventions POR : Programme Op\u00e9rationnel R\u00e9gional, pour financer des programmes d&rsquo;investissement li\u00e9s au lancement de nouvelles activit\u00e9s productives, pour renforcer la recherche ou pour contribuer \u00e0 la mise en \u0153uvre de cours de formation et de requalification. Il y a les Subventions FEDER : Fonds Europ\u00e9ens de D\u00e9veloppement R\u00e9gional. Les Subventions MIUR : sont les fonds d\u00e9di\u00e9s au Minist\u00e8re de l&rsquo;\u00c9ducation, de l&rsquo;Universit\u00e9 et de la Recherche.<\/p>\n","protected":false},"excerpt":{"rendered":"<p>L&rsquo;outil essentiel pour acc\u00e9der aux fonds allou\u00e9s par les entit\u00e9s publiques.<\/p>\n","protected":false},"author":2,"featured_media":8110,"parent":8143,"menu_order":0,"comment_status":"closed","ping_status":"closed","template":"","meta":{"_acf_changed":false,"_yoast_wpseo_focuskw":"","_yoast_wpseo_title":"Garantie AGEA : subventions publiques \u00e0 fonds perdu","_yoast_wpseo_metadesc":"Garantie AGEA, nous proposons aux entreprises des garanties pour tout type de subvention publique \u00e0 fonds perdu. Devis en 2h.","_yoast_wpseo_meta-robots-noindex":"","_yoast_wpseo_meta-robots-nofollow":"","_yoast_wpseo_canonical":"","_yoast_wpseo_opengraph-title":"","_yoast_wpseo_opengraph-description":"","_yoast_wpseo_opengraph-image":"","_yoast_wpseo_opengraph-image-id":"","_yoast_wpseo_twitter-title":"","_yoast_wpseo_twitter-description":"","_yoast_wpseo_twitter-image":"","footnotes":""},"class_list":["post-8107","page","type-page","status-publish","has-post-thumbnail","hentry"],"acf":{"blocco_testimonianze":"2","blocco_iniziale":"","macroarea_servizi":"","blocco_euro_titolo":"","blocco_euro_testo":"","immagini_aggiuntive":false,"blocco_info_titolo":"","blocco_info_testo":""},"yoast_head":"<!-- This site is optimized with the Yoast SEO plugin v27.5 - https:\/\/yoast.com\/product\/yoast-seo-wordpress\/ -->\n<title>Garantie AGEA : subventions publiques \u00e0 fonds perdu<\/title>\n<meta name=\"description\" content=\"Garantie AGEA, nous proposons aux entreprises des garanties pour tout type de subvention publique \u00e0 fonds perdu. Devis en 2h.\" \/>\n<meta name=\"robots\" content=\"index, follow, max-snippet:-1, max-image-preview:large, max-video-preview:-1\" \/>\n<link rel=\"canonical\" href=\"https:\/\/www.italiafideiussioni.it\/fr\/cautionnements-pour-entreprises-et-professionnels\/garanties-pour-subventions-publiques\/garantie-pour-subventions-publiques-a-fonds-perdu-garantie-agea\/\" \/>\n<meta property=\"og:locale\" content=\"fr_FR\" \/>\n<meta property=\"og:type\" content=\"article\" \/>\n<meta property=\"og:title\" content=\"Garantie AGEA : subventions publiques \u00e0 fonds perdu\" \/>\n<meta property=\"og:description\" content=\"Garantie AGEA, nous proposons aux entreprises des garanties pour tout type de subvention publique \u00e0 fonds perdu. Devis en 2h.\" \/>\n<meta property=\"og:url\" content=\"https:\/\/www.italiafideiussioni.it\/fr\/cautionnements-pour-entreprises-et-professionnels\/garanties-pour-subventions-publiques\/garantie-pour-subventions-publiques-a-fonds-perdu-garantie-agea\/\" \/>\n<meta property=\"og:site_name\" content=\"Italia Fideiussioni\" \/>\n<meta property=\"article:publisher\" content=\"https:\/\/www.facebook.com\/italiafideiussioni\/\" \/>\n<meta property=\"article:modified_time\" content=\"2024-08-28T13:42:03+00:00\" \/>\n<meta property=\"og:image\" content=\"https:\/\/www.italiafideiussioni.it\/wp-content\/uploads\/2023\/02\/fideiussioni-contributi-fondo-perduto.jpg\" \/>\n\t<meta property=\"og:image:width\" content=\"800\" \/>\n\t<meta property=\"og:image:height\" content=\"692\" \/>\n\t<meta property=\"og:image:type\" content=\"image\/jpeg\" \/>\n<meta name=\"twitter:card\" content=\"summary_large_image\" \/>\n<meta name=\"twitter:site\" content=\"@itafideiussioni\" \/>\n<meta name=\"twitter:label1\" content=\"Dur\u00e9e de lecture estim\u00e9e\" \/>\n\t<meta name=\"twitter:data1\" content=\"6 minutes\" \/>\n<script type=\"application\/ld+json\" class=\"yoast-schema-graph\">{\"@context\":\"https:\\\/\\\/schema.org\",\"@graph\":[{\"@type\":\"WebPage\",\"@id\":\"https:\\\/\\\/www.italiafideiussioni.it\\\/fr\\\/cautionnements-pour-entreprises-et-professionnels\\\/garanties-pour-subventions-publiques\\\/garantie-pour-subventions-publiques-a-fonds-perdu-garantie-agea\\\/\",\"url\":\"https:\\\/\\\/www.italiafideiussioni.it\\\/fr\\\/cautionnements-pour-entreprises-et-professionnels\\\/garanties-pour-subventions-publiques\\\/garantie-pour-subventions-publiques-a-fonds-perdu-garantie-agea\\\/\",\"name\":\"Garantie AGEA : subventions publiques \u00e0 fonds perdu\",\"isPartOf\":{\"@id\":\"https:\\\/\\\/www.italiafideiussioni.it\\\/fr\\\/#website\"},\"primaryImageOfPage\":{\"@id\":\"https:\\\/\\\/www.italiafideiussioni.it\\\/fr\\\/cautionnements-pour-entreprises-et-professionnels\\\/garanties-pour-subventions-publiques\\\/garantie-pour-subventions-publiques-a-fonds-perdu-garantie-agea\\\/#primaryimage\"},\"image\":{\"@id\":\"https:\\\/\\\/www.italiafideiussioni.it\\\/fr\\\/cautionnements-pour-entreprises-et-professionnels\\\/garanties-pour-subventions-publiques\\\/garantie-pour-subventions-publiques-a-fonds-perdu-garantie-agea\\\/#primaryimage\"},\"thumbnailUrl\":\"https:\\\/\\\/www.italiafideiussioni.it\\\/wp-content\\\/uploads\\\/2023\\\/02\\\/fideiussioni-contributi-fondo-perduto.jpg\",\"datePublished\":\"2018-10-10T09:32:46+00:00\",\"dateModified\":\"2024-08-28T13:42:03+00:00\",\"description\":\"Garantie AGEA, nous proposons aux entreprises des garanties pour tout type de subvention publique \u00e0 fonds perdu. Devis en 2h.\",\"breadcrumb\":{\"@id\":\"https:\\\/\\\/www.italiafideiussioni.it\\\/fr\\\/cautionnements-pour-entreprises-et-professionnels\\\/garanties-pour-subventions-publiques\\\/garantie-pour-subventions-publiques-a-fonds-perdu-garantie-agea\\\/#breadcrumb\"},\"inLanguage\":\"fr-FR\",\"potentialAction\":[{\"@type\":\"ReadAction\",\"target\":[\"https:\\\/\\\/www.italiafideiussioni.it\\\/fr\\\/cautionnements-pour-entreprises-et-professionnels\\\/garanties-pour-subventions-publiques\\\/garantie-pour-subventions-publiques-a-fonds-perdu-garantie-agea\\\/\"]}]},{\"@type\":\"ImageObject\",\"inLanguage\":\"fr-FR\",\"@id\":\"https:\\\/\\\/www.italiafideiussioni.it\\\/fr\\\/cautionnements-pour-entreprises-et-professionnels\\\/garanties-pour-subventions-publiques\\\/garantie-pour-subventions-publiques-a-fonds-perdu-garantie-agea\\\/#primaryimage\",\"url\":\"https:\\\/\\\/www.italiafideiussioni.it\\\/wp-content\\\/uploads\\\/2023\\\/02\\\/fideiussioni-contributi-fondo-perduto.jpg\",\"contentUrl\":\"https:\\\/\\\/www.italiafideiussioni.it\\\/wp-content\\\/uploads\\\/2023\\\/02\\\/fideiussioni-contributi-fondo-perduto.jpg\",\"width\":800,\"height\":692,\"caption\":\"mani sorreggono una piantina\"},{\"@type\":\"BreadcrumbList\",\"@id\":\"https:\\\/\\\/www.italiafideiussioni.it\\\/fr\\\/cautionnements-pour-entreprises-et-professionnels\\\/garanties-pour-subventions-publiques\\\/garantie-pour-subventions-publiques-a-fonds-perdu-garantie-agea\\\/#breadcrumb\",\"itemListElement\":[{\"@type\":\"ListItem\",\"position\":1,\"name\":\"Home\",\"item\":\"https:\\\/\\\/www.italiafideiussioni.it\\\/fr\\\/page-daccueil-2013\\\/\"},{\"@type\":\"ListItem\",\"position\":2,\"name\":\"Nos Cautions Bancaires pour Entreprises et Professionnels\",\"item\":\"https:\\\/\\\/www.italiafideiussioni.it\\\/fr\\\/cautionnements-pour-entreprises-et-professionnels\\\/\"},{\"@type\":\"ListItem\",\"position\":3,\"name\":\"Garanties pour subventions publiques\",\"item\":\"https:\\\/\\\/www.italiafideiussioni.it\\\/fr\\\/cautionnements-pour-entreprises-et-professionnels\\\/garanties-pour-subventions-publiques\\\/\"},{\"@type\":\"ListItem\",\"position\":4,\"name\":\"Garantie pour Subventions Publiques \u00e0 Fonds Perdu &#8211; Garantie AGEA\"}]},{\"@type\":\"WebSite\",\"@id\":\"https:\\\/\\\/www.italiafideiussioni.it\\\/fr\\\/#website\",\"url\":\"https:\\\/\\\/www.italiafideiussioni.it\\\/fr\\\/\",\"name\":\"Italia Fideiussioni\",\"description\":\"\",\"publisher\":{\"@id\":\"https:\\\/\\\/www.italiafideiussioni.it\\\/fr\\\/#organization\"},\"potentialAction\":[{\"@type\":\"SearchAction\",\"target\":{\"@type\":\"EntryPoint\",\"urlTemplate\":\"https:\\\/\\\/www.italiafideiussioni.it\\\/fr\\\/?s={search_term_string}\"},\"query-input\":{\"@type\":\"PropertyValueSpecification\",\"valueRequired\":true,\"valueName\":\"search_term_string\"}}],\"inLanguage\":\"fr-FR\"},{\"@type\":\"Organization\",\"@id\":\"https:\\\/\\\/www.italiafideiussioni.it\\\/fr\\\/#organization\",\"name\":\"Fideiussioni s.r.l.\",\"url\":\"https:\\\/\\\/www.italiafideiussioni.it\\\/fr\\\/\",\"logo\":{\"@type\":\"ImageObject\",\"inLanguage\":\"fr-FR\",\"@id\":\"https:\\\/\\\/www.italiafideiussioni.it\\\/fr\\\/#\\\/schema\\\/logo\\\/image\\\/\",\"url\":\"https:\\\/\\\/www.italiafideiussioni.it\\\/wp-content\\\/uploads\\\/2018\\\/10\\\/italiafideiussioni-logo-white.png\",\"contentUrl\":\"https:\\\/\\\/www.italiafideiussioni.it\\\/wp-content\\\/uploads\\\/2018\\\/10\\\/italiafideiussioni-logo-white.png\",\"width\":516,\"height\":97,\"caption\":\"Fideiussioni s.r.l.\"},\"image\":{\"@id\":\"https:\\\/\\\/www.italiafideiussioni.it\\\/fr\\\/#\\\/schema\\\/logo\\\/image\\\/\"},\"sameAs\":[\"https:\\\/\\\/www.facebook.com\\\/italiafideiussioni\\\/\",\"https:\\\/\\\/x.com\\\/itafideiussioni\",\"https:\\\/\\\/www.linkedin.com\\\/company\\\/italiafideiussioni-srl\\\/about\\\/\",\"https:\\\/\\\/www.youtube.com\\\/channel\\\/UC-OhbmM_pkAEKLqJ6nQbpjw\"]}]}<\/script>\n<!-- \/ Yoast SEO plugin. -->","yoast_head_json":{"title":"Garantie AGEA : subventions publiques \u00e0 fonds perdu","description":"Garantie AGEA, nous proposons aux entreprises des garanties pour tout type de subvention publique \u00e0 fonds perdu. Devis en 2h.","robots":{"index":"index","follow":"follow","max-snippet":"max-snippet:-1","max-image-preview":"max-image-preview:large","max-video-preview":"max-video-preview:-1"},"canonical":"https:\/\/www.italiafideiussioni.it\/fr\/cautionnements-pour-entreprises-et-professionnels\/garanties-pour-subventions-publiques\/garantie-pour-subventions-publiques-a-fonds-perdu-garantie-agea\/","og_locale":"fr_FR","og_type":"article","og_title":"Garantie AGEA : subventions publiques \u00e0 fonds perdu","og_description":"Garantie AGEA, nous proposons aux entreprises des garanties pour tout type de subvention publique \u00e0 fonds perdu. Devis en 2h.","og_url":"https:\/\/www.italiafideiussioni.it\/fr\/cautionnements-pour-entreprises-et-professionnels\/garanties-pour-subventions-publiques\/garantie-pour-subventions-publiques-a-fonds-perdu-garantie-agea\/","og_site_name":"Italia Fideiussioni","article_publisher":"https:\/\/www.facebook.com\/italiafideiussioni\/","article_modified_time":"2024-08-28T13:42:03+00:00","og_image":[{"width":800,"height":692,"url":"https:\/\/www.italiafideiussioni.it\/wp-content\/uploads\/2023\/02\/fideiussioni-contributi-fondo-perduto.jpg","type":"image\/jpeg"}],"twitter_card":"summary_large_image","twitter_site":"@itafideiussioni","twitter_misc":{"Dur\u00e9e de lecture estim\u00e9e":"6 minutes"},"schema":{"@context":"https:\/\/schema.org","@graph":[{"@type":"WebPage","@id":"https:\/\/www.italiafideiussioni.it\/fr\/cautionnements-pour-entreprises-et-professionnels\/garanties-pour-subventions-publiques\/garantie-pour-subventions-publiques-a-fonds-perdu-garantie-agea\/","url":"https:\/\/www.italiafideiussioni.it\/fr\/cautionnements-pour-entreprises-et-professionnels\/garanties-pour-subventions-publiques\/garantie-pour-subventions-publiques-a-fonds-perdu-garantie-agea\/","name":"Garantie AGEA : subventions publiques \u00e0 fonds perdu","isPartOf":{"@id":"https:\/\/www.italiafideiussioni.it\/fr\/#website"},"primaryImageOfPage":{"@id":"https:\/\/www.italiafideiussioni.it\/fr\/cautionnements-pour-entreprises-et-professionnels\/garanties-pour-subventions-publiques\/garantie-pour-subventions-publiques-a-fonds-perdu-garantie-agea\/#primaryimage"},"image":{"@id":"https:\/\/www.italiafideiussioni.it\/fr\/cautionnements-pour-entreprises-et-professionnels\/garanties-pour-subventions-publiques\/garantie-pour-subventions-publiques-a-fonds-perdu-garantie-agea\/#primaryimage"},"thumbnailUrl":"https:\/\/www.italiafideiussioni.it\/wp-content\/uploads\/2023\/02\/fideiussioni-contributi-fondo-perduto.jpg","datePublished":"2018-10-10T09:32:46+00:00","dateModified":"2024-08-28T13:42:03+00:00","description":"Garantie AGEA, nous proposons aux entreprises des garanties pour tout type de subvention publique \u00e0 fonds perdu. Devis en 2h.","breadcrumb":{"@id":"https:\/\/www.italiafideiussioni.it\/fr\/cautionnements-pour-entreprises-et-professionnels\/garanties-pour-subventions-publiques\/garantie-pour-subventions-publiques-a-fonds-perdu-garantie-agea\/#breadcrumb"},"inLanguage":"fr-FR","potentialAction":[{"@type":"ReadAction","target":["https:\/\/www.italiafideiussioni.it\/fr\/cautionnements-pour-entreprises-et-professionnels\/garanties-pour-subventions-publiques\/garantie-pour-subventions-publiques-a-fonds-perdu-garantie-agea\/"]}]},{"@type":"ImageObject","inLanguage":"fr-FR","@id":"https:\/\/www.italiafideiussioni.it\/fr\/cautionnements-pour-entreprises-et-professionnels\/garanties-pour-subventions-publiques\/garantie-pour-subventions-publiques-a-fonds-perdu-garantie-agea\/#primaryimage","url":"https:\/\/www.italiafideiussioni.it\/wp-content\/uploads\/2023\/02\/fideiussioni-contributi-fondo-perduto.jpg","contentUrl":"https:\/\/www.italiafideiussioni.it\/wp-content\/uploads\/2023\/02\/fideiussioni-contributi-fondo-perduto.jpg","width":800,"height":692,"caption":"mani sorreggono una piantina"},{"@type":"BreadcrumbList","@id":"https:\/\/www.italiafideiussioni.it\/fr\/cautionnements-pour-entreprises-et-professionnels\/garanties-pour-subventions-publiques\/garantie-pour-subventions-publiques-a-fonds-perdu-garantie-agea\/#breadcrumb","itemListElement":[{"@type":"ListItem","position":1,"name":"Home","item":"https:\/\/www.italiafideiussioni.it\/fr\/page-daccueil-2013\/"},{"@type":"ListItem","position":2,"name":"Nos Cautions Bancaires pour Entreprises et Professionnels","item":"https:\/\/www.italiafideiussioni.it\/fr\/cautionnements-pour-entreprises-et-professionnels\/"},{"@type":"ListItem","position":3,"name":"Garanties pour subventions publiques","item":"https:\/\/www.italiafideiussioni.it\/fr\/cautionnements-pour-entreprises-et-professionnels\/garanties-pour-subventions-publiques\/"},{"@type":"ListItem","position":4,"name":"Garantie pour Subventions Publiques \u00e0 Fonds Perdu &#8211; Garantie AGEA"}]},{"@type":"WebSite","@id":"https:\/\/www.italiafideiussioni.it\/fr\/#website","url":"https:\/\/www.italiafideiussioni.it\/fr\/","name":"Italia Fideiussioni","description":"","publisher":{"@id":"https:\/\/www.italiafideiussioni.it\/fr\/#organization"},"potentialAction":[{"@type":"SearchAction","target":{"@type":"EntryPoint","urlTemplate":"https:\/\/www.italiafideiussioni.it\/fr\/?s={search_term_string}"},"query-input":{"@type":"PropertyValueSpecification","valueRequired":true,"valueName":"search_term_string"}}],"inLanguage":"fr-FR"},{"@type":"Organization","@id":"https:\/\/www.italiafideiussioni.it\/fr\/#organization","name":"Fideiussioni s.r.l.","url":"https:\/\/www.italiafideiussioni.it\/fr\/","logo":{"@type":"ImageObject","inLanguage":"fr-FR","@id":"https:\/\/www.italiafideiussioni.it\/fr\/#\/schema\/logo\/image\/","url":"https:\/\/www.italiafideiussioni.it\/wp-content\/uploads\/2018\/10\/italiafideiussioni-logo-white.png","contentUrl":"https:\/\/www.italiafideiussioni.it\/wp-content\/uploads\/2018\/10\/italiafideiussioni-logo-white.png","width":516,"height":97,"caption":"Fideiussioni s.r.l."},"image":{"@id":"https:\/\/www.italiafideiussioni.it\/fr\/#\/schema\/logo\/image\/"},"sameAs":["https:\/\/www.facebook.com\/italiafideiussioni\/","https:\/\/x.com\/itafideiussioni","https:\/\/www.linkedin.com\/company\/italiafideiussioni-srl\/about\/","https:\/\/www.youtube.com\/channel\/UC-OhbmM_pkAEKLqJ6nQbpjw"]}]}},"_links":{"self":[{"href":"https:\/\/www.italiafideiussioni.it\/fr\/wp-json\/wp\/v2\/pages\/8107","targetHints":{"allow":["GET"]}}],"collection":[{"href":"https:\/\/www.italiafideiussioni.it\/fr\/wp-json\/wp\/v2\/pages"}],"about":[{"href":"https:\/\/www.italiafideiussioni.it\/fr\/wp-json\/wp\/v2\/types\/page"}],"author":[{"embeddable":true,"href":"https:\/\/www.italiafideiussioni.it\/fr\/wp-json\/wp\/v2\/users\/2"}],"replies":[{"embeddable":true,"href":"https:\/\/www.italiafideiussioni.it\/fr\/wp-json\/wp\/v2\/comments?post=8107"}],"version-history":[{"count":2,"href":"https:\/\/www.italiafideiussioni.it\/fr\/wp-json\/wp\/v2\/pages\/8107\/revisions"}],"predecessor-version":[{"id":8112,"href":"https:\/\/www.italiafideiussioni.it\/fr\/wp-json\/wp\/v2\/pages\/8107\/revisions\/8112"}],"up":[{"embeddable":true,"href":"https:\/\/www.italiafideiussioni.it\/fr\/wp-json\/wp\/v2\/pages\/8143"}],"wp:featuredmedia":[{"embeddable":true,"href":"https:\/\/www.italiafideiussioni.it\/fr\/wp-json\/wp\/v2\/media\/8110"}],"wp:attachment":[{"href":"https:\/\/www.italiafideiussioni.it\/fr\/wp-json\/wp\/v2\/media?parent=8107"}],"curies":[{"name":"wp","href":"https:\/\/api.w.org\/{rel}","templated":true}]}}