{"id":8103,"date":"2018-11-05T12:12:17","date_gmt":"2018-11-05T12:12:17","guid":{"rendered":"https:\/\/www.italiafideiussioni.it\/assurance-tous-risques-chantier-c-a-r-et-decennale-posterieure\/"},"modified":"2024-08-28T13:39:03","modified_gmt":"2024-08-28T13:39:03","slug":"assurance-tous-risques-chantier-c-a-r-et-decennale-posterieure","status":"publish","type":"page","link":"https:\/\/www.italiafideiussioni.it\/fr\/cautionnements-pour-entreprises-et-professionnels\/construction-et-immobilier\/assurance-tous-risques-chantier-c-a-r-et-decennale-posterieure\/","title":{"rendered":"Assurance Tous Risques Chantier (C.A.R.) et D\u00e9cennale post\u00e9rieure"},"content":{"rendered":"<p><strong>Assurance C.A.R. Chantier, D\u00e9cennale Post\u00e9rieure et Assurance E.A.R.<\/strong><\/p>\n<p>Votre entreprise op\u00e8re-t-elle dans le secteur de la construction priv\u00e9e et publique ?<\/p>\n<p>\u00cates-vous un constructeur et participez-vous \u00e0 des appels d&rsquo;offres publics et priv\u00e9s ?<\/p>\n<p>Vous avez certainement besoin d&rsquo;une assurance C.A.R., d&rsquo;une assurance E.A.R. et d&rsquo;une assurance D\u00e9cennale Post\u00e9rieure.<\/p>\n<p>Savez-vous ce que c&rsquo;est ?<\/p>\n<p>Ces assurances sont \u00e9mises conform\u00e9ment \u00e0 la Loi 210\/2004 et au D\u00e9cret L\u00e9gislatif 122\/2005.<\/p>\n<p>Notre soci\u00e9t\u00e9 est sp\u00e9cialis\u00e9e dans la d\u00e9livrance de ce type d&rsquo;assurance.<\/p>\n<p>&nbsp;<\/p>\n<p>Vous pouvez \u00e9galement nous \u00e9crire via <a href=\"https:\/\/wa.me\/+393397150157\">WhatsApp : +39 339.71.50.157<\/a>. Envoyez un message, nous vous r\u00e9pondrons pendant les heures de bureau, dans les 5 minutes. Contactez-nous directement en ligne pour recevoir une r\u00e9ponse imm\u00e9diate ou appelez l&rsquo;une de nos agences les plus proches.<br \/>\nT\u00e9l. : <a href=\"tel:+39055285313\">+39 055 28.53.13<\/a> \u2013 T\u00e9l. :<a href=\"tel:+390266712417\"> +39 02 667.124.17<\/a><br \/>\nEmail : info@italiafideiussioni.it<\/p>\n<hr \/>\n<p>&nbsp;<\/p>\n<p><strong>L&rsquo;assurance C.A.R. Chantier<\/strong>, qui signifie <em>Contractors All Risks<\/em>, et l&rsquo;assurance E.A.R., <em>Erection All Risks<\/em>, couvrent les dommages mat\u00e9riels caus\u00e9s par tous les risques et impr\u00e9vus li\u00e9s \u00e0 la construction d&rsquo;ouvrages civils et doivent \u00eatre souscrites avant le d\u00e9but des travaux de chantier.<\/p>\n<h3>Assurance C.A.R. Chantier<\/h3>\n<p>Cette assurance garantit l&rsquo;entrepreneur ou le ma\u00eetre d&rsquo;ouvrage pour la construction, par exemple, d&rsquo;une \u0153uvre d&rsquo;ing\u00e9nierie civile. En d&rsquo;autres termes, elle prot\u00e8ge les entreprises de construction contre les \u00e9v\u00e9nements atmosph\u00e9riques et naturels, les troubles sociopolitiques, les incendies, les vols ainsi que les accidents de chantier, les erreurs de calcul et de conception.<\/p>\n<p>Elle couvre \u00e9galement les dommages caus\u00e9s \u00e0 des tiers pendant l&rsquo;ex\u00e9cution des travaux. Elle s&rsquo;applique aux ouvrages d&rsquo;ing\u00e9nierie civile tels que les tunnels, les b\u00e2timents civils, les \u00e9coles, les h\u00f4pitaux, les ponts, les viaducs. Dans les march\u00e9s publics, elle est obligatoirement demand\u00e9e \u00e0 l&rsquo;entreprise adjudicataire pour r\u00e9pondre aux exigences de l&rsquo;article 30, paragraphe 3, de la Loi 109\/94 et ses modifications.<\/p>\n<p>Dans les march\u00e9s priv\u00e9s, l&rsquo;assurance C.A.R. gagne en popularit\u00e9. De plus en plus d&rsquo;entrepreneurs ou de ma\u00eetres d&rsquo;ouvrage utilisent cette assurance dans les contrats entre particuliers. Elle est consid\u00e9r\u00e9e comme une couverture d&rsquo;assurance essentielle pour toutes les entreprises qui souhaitent prot\u00e9ger leurs int\u00e9r\u00eats contre les nombreux risques pouvant survenir sur un chantier de construction.<\/p>\n<p>&nbsp;<\/p>\n<hr \/>\n<p>&nbsp;<\/p>\n<h2><a href=\"https:\/\/www.italiafideiussioni.it\/testimonianze\/\"><img decoding=\"async\" class=\"aligncenter wp-image-2692\" src=\"https:\/\/www.italiafideiussioni.it\/wp-content\/uploads\/2022\/01\/google-300x233.jpg\" alt=\"\" width=\"247\" height=\"192\" srcset=\"https:\/\/www.italiafideiussioni.it\/wp-content\/uploads\/2022\/01\/google-300x233.jpg 300w, https:\/\/www.italiafideiussioni.it\/wp-content\/uploads\/2022\/01\/google-768x597.jpg 768w, https:\/\/www.italiafideiussioni.it\/wp-content\/uploads\/2022\/01\/google-150x117.jpg 150w, https:\/\/www.italiafideiussioni.it\/wp-content\/uploads\/2022\/01\/google.jpg 900w\" sizes=\"(max-width: 247px) 100vw, 247px\" \/><\/a><\/h2>\n<h3>Assurance E.A.R.<\/h3>\n<p>Cette assurance couvre tous les risques pouvant survenir lors de l&rsquo;installation d&rsquo;un \u00e9quipement ou d&rsquo;une machine industrielle. L&rsquo;assurance E.A.R. garantit \u00e0 l&rsquo;assur\u00e9 le remboursement des co\u00fbts de r\u00e9paration ou de remplacement des biens endommag\u00e9s pendant l&rsquo;installation, et, point important, elle le prot\u00e8ge contre d&rsquo;\u00e9ventuelles responsabilit\u00e9s civiles en cas de dommages caus\u00e9s \u00e0 des tiers lors des travaux d&rsquo;installation.<\/p>\n<p>Les installations pouvant \u00eatre assur\u00e9es sont nombreuses, voici quelques exemples : installations sid\u00e9rurgiques, chimiques, pharmaceutiques, machines motrices, installations \u00e9lectriques, centrales \u00e9lectriques, ol\u00e9oducs, gazoducs.<\/p>\n<h3>Assurance D\u00e9cennale Post\u00e9rieure<\/h3>\n<p>En parall\u00e8le des assurances C.A.R. et E.A.R., nous d\u00e9livrons l&rsquo;assurance d\u00e9cennale post\u00e9rieure indemnitaire, avec effet \u00e0 partir de la date d&rsquo;ach\u00e8vement des travaux. L&rsquo;assurance n&rsquo;est pas pay\u00e9e en totalit\u00e9, mais seulement un acompte, g\u00e9n\u00e9ralement \u00e9gal \u00e0 20 % de la prime, et le solde est vers\u00e9 \u00e0 l&rsquo;ach\u00e8vement des travaux.<\/p>\n<p>Le taux appliqu\u00e9 varie en fonction de la solidit\u00e9 \u00e9conomique, financi\u00e8re et patrimoniale du demandeur, et est calcul\u00e9 sur le montant garanti. Le taux est calcul\u00e9 sur la valeur de construction de l&rsquo;ouvrage, hors valeur du terrain et charges.<\/p>\n<p>Ces assurances ne peuvent \u00eatre \u00e9mises que par des compagnies d&rsquo;assurances autoris\u00e9es \u00e0 exercer sur le territoire italien.<\/p>\n<p>&nbsp;<\/p>\n<p>Vous pouvez \u00e9galement nous \u00e9crire via <a href=\"https:\/\/wa.me\/+393397150157\">WhatsApp : +39 339.71.50.157<\/a>. Envoyez un message, nous vous r\u00e9pondrons pendant les heures de bureau, dans les 5 minutes. Contactez-nous directement en ligne pour recevoir une r\u00e9ponse imm\u00e9diate ou appelez l&rsquo;une de nos agences les plus proches.<br \/>\nT\u00e9l. : <a href=\"tel:+39055285313\">+39 055 28.53.13<\/a> \u2013 T\u00e9l. :<a href=\"tel:+390266712417\"> +39 02 667.124.17<\/a><br \/>\nEmail : info@italiafideiussioni.it<\/p>\n","protected":false},"excerpt":{"rendered":"<p>Assurances obligatoires selon le nouveau Code des March\u00e9s Publics. Elles garantissent l&rsquo;entreprise et vos associ\u00e9s contre d&rsquo;\u00e9ventuelles indemnisations.<\/p>\n","protected":false},"author":5,"featured_media":8104,"parent":8141,"menu_order":3,"comment_status":"closed","ping_status":"closed","template":"","meta":{"_acf_changed":false,"_yoast_wpseo_focuskw":"","_yoast_wpseo_title":"Assurance d\u00e9cennale post\u00e9rieure | Loi 210\/2004 | Italia Fideiussioni","_yoast_wpseo_metadesc":"Pour les constructeurs, nous d\u00e9livrons rapidement des assurances Tous Risques Chantier (C.A.R.) et des assurances d\u00e9cennales post\u00e9rieures obligatoires conform\u00e9ment \u00e0 la loi 210 de 2004 - Faites confiance \u00e0 nos plus de 30 ans d'exp\u00e9rience.","_yoast_wpseo_meta-robots-noindex":"","_yoast_wpseo_meta-robots-nofollow":"","_yoast_wpseo_canonical":"","_yoast_wpseo_opengraph-title":"","_yoast_wpseo_opengraph-description":"","_yoast_wpseo_opengraph-image":"","_yoast_wpseo_opengraph-image-id":"","_yoast_wpseo_twitter-title":"","_yoast_wpseo_twitter-description":"","_yoast_wpseo_twitter-image":"","footnotes":""},"class_list":["post-8103","page","type-page","status-publish","has-post-thumbnail","hentry"],"acf":{"blocco_iniziale":"","macroarea_servizi":"","blocco_euro_titolo":"","blocco_euro_testo":"","immagini_aggiuntive":false,"blocco_info_titolo":"","blocco_info_testo":"","blocco_testimonianze":"2"},"yoast_head":"<!-- This site is optimized with the Yoast SEO plugin v27.5 - https:\/\/yoast.com\/product\/yoast-seo-wordpress\/ -->\n<title>Assurance d\u00e9cennale post\u00e9rieure | Loi 210\/2004 | Italia Fideiussioni<\/title>\n<meta name=\"description\" content=\"Pour les constructeurs, nous d\u00e9livrons rapidement des assurances Tous Risques Chantier (C.A.R.) et des assurances d\u00e9cennales post\u00e9rieures obligatoires conform\u00e9ment \u00e0 la loi 210 de 2004 - Faites confiance \u00e0 nos plus de 30 ans d&#039;exp\u00e9rience.\" \/>\n<meta name=\"robots\" content=\"index, follow, max-snippet:-1, max-image-preview:large, max-video-preview:-1\" \/>\n<link rel=\"canonical\" href=\"https:\/\/www.italiafideiussioni.it\/fr\/cautionnements-pour-entreprises-et-professionnels\/construction-et-immobilier\/assurance-tous-risques-chantier-c-a-r-et-decennale-posterieure\/\" \/>\n<meta property=\"og:locale\" content=\"fr_FR\" \/>\n<meta property=\"og:type\" content=\"article\" \/>\n<meta property=\"og:title\" content=\"Assurance d\u00e9cennale post\u00e9rieure | Loi 210\/2004 | Italia Fideiussioni\" \/>\n<meta property=\"og:description\" content=\"Pour les constructeurs, nous d\u00e9livrons rapidement des assurances Tous Risques Chantier (C.A.R.) et des assurances d\u00e9cennales post\u00e9rieures obligatoires conform\u00e9ment \u00e0 la loi 210 de 2004 - Faites confiance \u00e0 nos plus de 30 ans d&#039;exp\u00e9rience.\" \/>\n<meta property=\"og:url\" content=\"https:\/\/www.italiafideiussioni.it\/fr\/cautionnements-pour-entreprises-et-professionnels\/construction-et-immobilier\/assurance-tous-risques-chantier-c-a-r-et-decennale-posterieure\/\" \/>\n<meta property=\"og:site_name\" content=\"Italia Fideiussioni\" \/>\n<meta property=\"article:publisher\" content=\"https:\/\/www.facebook.com\/italiafideiussioni\/\" \/>\n<meta property=\"article:modified_time\" content=\"2024-08-28T13:39:03+00:00\" \/>\n<meta property=\"og:image\" content=\"https:\/\/www.italiafideiussioni.it\/wp-content\/uploads\/2023\/02\/polizza-car-postuma.jpg\" \/>\n\t<meta property=\"og:image:width\" content=\"1500\" \/>\n\t<meta property=\"og:image:height\" content=\"534\" \/>\n\t<meta property=\"og:image:type\" content=\"image\/jpeg\" \/>\n<meta name=\"twitter:card\" content=\"summary_large_image\" \/>\n<meta name=\"twitter:site\" content=\"@itafideiussioni\" \/>\n<meta name=\"twitter:label1\" content=\"Dur\u00e9e de lecture estim\u00e9e\" \/>\n\t<meta name=\"twitter:data1\" content=\"4 minutes\" \/>\n<script type=\"application\/ld+json\" class=\"yoast-schema-graph\">{\"@context\":\"https:\\\/\\\/schema.org\",\"@graph\":[{\"@type\":\"WebPage\",\"@id\":\"https:\\\/\\\/www.italiafideiussioni.it\\\/fr\\\/cautionnements-pour-entreprises-et-professionnels\\\/construction-et-immobilier\\\/assurance-tous-risques-chantier-c-a-r-et-decennale-posterieure\\\/\",\"url\":\"https:\\\/\\\/www.italiafideiussioni.it\\\/fr\\\/cautionnements-pour-entreprises-et-professionnels\\\/construction-et-immobilier\\\/assurance-tous-risques-chantier-c-a-r-et-decennale-posterieure\\\/\",\"name\":\"Assurance d\u00e9cennale post\u00e9rieure | Loi 210\\\/2004 | Italia Fideiussioni\",\"isPartOf\":{\"@id\":\"https:\\\/\\\/www.italiafideiussioni.it\\\/fr\\\/#website\"},\"primaryImageOfPage\":{\"@id\":\"https:\\\/\\\/www.italiafideiussioni.it\\\/fr\\\/cautionnements-pour-entreprises-et-professionnels\\\/construction-et-immobilier\\\/assurance-tous-risques-chantier-c-a-r-et-decennale-posterieure\\\/#primaryimage\"},\"image\":{\"@id\":\"https:\\\/\\\/www.italiafideiussioni.it\\\/fr\\\/cautionnements-pour-entreprises-et-professionnels\\\/construction-et-immobilier\\\/assurance-tous-risques-chantier-c-a-r-et-decennale-posterieure\\\/#primaryimage\"},\"thumbnailUrl\":\"https:\\\/\\\/www.italiafideiussioni.it\\\/wp-content\\\/uploads\\\/2023\\\/02\\\/polizza-car-postuma.jpg\",\"datePublished\":\"2018-11-05T12:12:17+00:00\",\"dateModified\":\"2024-08-28T13:39:03+00:00\",\"description\":\"Pour les constructeurs, nous d\u00e9livrons rapidement des assurances Tous Risques Chantier (C.A.R.) et des assurances d\u00e9cennales post\u00e9rieures obligatoires conform\u00e9ment \u00e0 la loi 210 de 2004 - Faites confiance \u00e0 nos plus de 30 ans d'exp\u00e9rience.\",\"breadcrumb\":{\"@id\":\"https:\\\/\\\/www.italiafideiussioni.it\\\/fr\\\/cautionnements-pour-entreprises-et-professionnels\\\/construction-et-immobilier\\\/assurance-tous-risques-chantier-c-a-r-et-decennale-posterieure\\\/#breadcrumb\"},\"inLanguage\":\"fr-FR\",\"potentialAction\":[{\"@type\":\"ReadAction\",\"target\":[\"https:\\\/\\\/www.italiafideiussioni.it\\\/fr\\\/cautionnements-pour-entreprises-et-professionnels\\\/construction-et-immobilier\\\/assurance-tous-risques-chantier-c-a-r-et-decennale-posterieure\\\/\"]}]},{\"@type\":\"ImageObject\",\"inLanguage\":\"fr-FR\",\"@id\":\"https:\\\/\\\/www.italiafideiussioni.it\\\/fr\\\/cautionnements-pour-entreprises-et-professionnels\\\/construction-et-immobilier\\\/assurance-tous-risques-chantier-c-a-r-et-decennale-posterieure\\\/#primaryimage\",\"url\":\"https:\\\/\\\/www.italiafideiussioni.it\\\/wp-content\\\/uploads\\\/2023\\\/02\\\/polizza-car-postuma.jpg\",\"contentUrl\":\"https:\\\/\\\/www.italiafideiussioni.it\\\/wp-content\\\/uploads\\\/2023\\\/02\\\/polizza-car-postuma.jpg\",\"width\":1500,\"height\":534,\"caption\":\"lavoratore stringe la mano dopo aver fatto una fideiussione\"},{\"@type\":\"BreadcrumbList\",\"@id\":\"https:\\\/\\\/www.italiafideiussioni.it\\\/fr\\\/cautionnements-pour-entreprises-et-professionnels\\\/construction-et-immobilier\\\/assurance-tous-risques-chantier-c-a-r-et-decennale-posterieure\\\/#breadcrumb\",\"itemListElement\":[{\"@type\":\"ListItem\",\"position\":1,\"name\":\"Home\",\"item\":\"https:\\\/\\\/www.italiafideiussioni.it\\\/fr\\\/page-daccueil-2013\\\/\"},{\"@type\":\"ListItem\",\"position\":2,\"name\":\"Nos Cautions Bancaires pour Entreprises et Professionnels\",\"item\":\"https:\\\/\\\/www.italiafideiussioni.it\\\/fr\\\/cautionnements-pour-entreprises-et-professionnels\\\/\"},{\"@type\":\"ListItem\",\"position\":3,\"name\":\"Construction et Immobilier\",\"item\":\"https:\\\/\\\/www.italiafideiussioni.it\\\/fr\\\/cautionnements-pour-entreprises-et-professionnels\\\/construction-et-immobilier\\\/\"},{\"@type\":\"ListItem\",\"position\":4,\"name\":\"Assurance Tous Risques Chantier (C.A.R.) et D\u00e9cennale post\u00e9rieure\"}]},{\"@type\":\"WebSite\",\"@id\":\"https:\\\/\\\/www.italiafideiussioni.it\\\/fr\\\/#website\",\"url\":\"https:\\\/\\\/www.italiafideiussioni.it\\\/fr\\\/\",\"name\":\"Italia Fideiussioni\",\"description\":\"\",\"publisher\":{\"@id\":\"https:\\\/\\\/www.italiafideiussioni.it\\\/fr\\\/#organization\"},\"potentialAction\":[{\"@type\":\"SearchAction\",\"target\":{\"@type\":\"EntryPoint\",\"urlTemplate\":\"https:\\\/\\\/www.italiafideiussioni.it\\\/fr\\\/?s={search_term_string}\"},\"query-input\":{\"@type\":\"PropertyValueSpecification\",\"valueRequired\":true,\"valueName\":\"search_term_string\"}}],\"inLanguage\":\"fr-FR\"},{\"@type\":\"Organization\",\"@id\":\"https:\\\/\\\/www.italiafideiussioni.it\\\/fr\\\/#organization\",\"name\":\"Fideiussioni s.r.l.\",\"url\":\"https:\\\/\\\/www.italiafideiussioni.it\\\/fr\\\/\",\"logo\":{\"@type\":\"ImageObject\",\"inLanguage\":\"fr-FR\",\"@id\":\"https:\\\/\\\/www.italiafideiussioni.it\\\/fr\\\/#\\\/schema\\\/logo\\\/image\\\/\",\"url\":\"https:\\\/\\\/www.italiafideiussioni.it\\\/wp-content\\\/uploads\\\/2018\\\/10\\\/italiafideiussioni-logo-white.png\",\"contentUrl\":\"https:\\\/\\\/www.italiafideiussioni.it\\\/wp-content\\\/uploads\\\/2018\\\/10\\\/italiafideiussioni-logo-white.png\",\"width\":516,\"height\":97,\"caption\":\"Fideiussioni s.r.l.\"},\"image\":{\"@id\":\"https:\\\/\\\/www.italiafideiussioni.it\\\/fr\\\/#\\\/schema\\\/logo\\\/image\\\/\"},\"sameAs\":[\"https:\\\/\\\/www.facebook.com\\\/italiafideiussioni\\\/\",\"https:\\\/\\\/x.com\\\/itafideiussioni\",\"https:\\\/\\\/www.linkedin.com\\\/company\\\/italiafideiussioni-srl\\\/about\\\/\",\"https:\\\/\\\/www.youtube.com\\\/channel\\\/UC-OhbmM_pkAEKLqJ6nQbpjw\"]}]}<\/script>\n<!-- \/ Yoast SEO plugin. -->","yoast_head_json":{"title":"Assurance d\u00e9cennale post\u00e9rieure | Loi 210\/2004 | Italia Fideiussioni","description":"Pour les constructeurs, nous d\u00e9livrons rapidement des assurances Tous Risques Chantier (C.A.R.) et des assurances d\u00e9cennales post\u00e9rieures obligatoires conform\u00e9ment \u00e0 la loi 210 de 2004 - Faites confiance \u00e0 nos plus de 30 ans d'exp\u00e9rience.","robots":{"index":"index","follow":"follow","max-snippet":"max-snippet:-1","max-image-preview":"max-image-preview:large","max-video-preview":"max-video-preview:-1"},"canonical":"https:\/\/www.italiafideiussioni.it\/fr\/cautionnements-pour-entreprises-et-professionnels\/construction-et-immobilier\/assurance-tous-risques-chantier-c-a-r-et-decennale-posterieure\/","og_locale":"fr_FR","og_type":"article","og_title":"Assurance d\u00e9cennale post\u00e9rieure | Loi 210\/2004 | Italia Fideiussioni","og_description":"Pour les constructeurs, nous d\u00e9livrons rapidement des assurances Tous Risques Chantier (C.A.R.) et des assurances d\u00e9cennales post\u00e9rieures obligatoires conform\u00e9ment \u00e0 la loi 210 de 2004 - Faites confiance \u00e0 nos plus de 30 ans d'exp\u00e9rience.","og_url":"https:\/\/www.italiafideiussioni.it\/fr\/cautionnements-pour-entreprises-et-professionnels\/construction-et-immobilier\/assurance-tous-risques-chantier-c-a-r-et-decennale-posterieure\/","og_site_name":"Italia Fideiussioni","article_publisher":"https:\/\/www.facebook.com\/italiafideiussioni\/","article_modified_time":"2024-08-28T13:39:03+00:00","og_image":[{"width":1500,"height":534,"url":"https:\/\/www.italiafideiussioni.it\/wp-content\/uploads\/2023\/02\/polizza-car-postuma.jpg","type":"image\/jpeg"}],"twitter_card":"summary_large_image","twitter_site":"@itafideiussioni","twitter_misc":{"Dur\u00e9e de lecture estim\u00e9e":"4 minutes"},"schema":{"@context":"https:\/\/schema.org","@graph":[{"@type":"WebPage","@id":"https:\/\/www.italiafideiussioni.it\/fr\/cautionnements-pour-entreprises-et-professionnels\/construction-et-immobilier\/assurance-tous-risques-chantier-c-a-r-et-decennale-posterieure\/","url":"https:\/\/www.italiafideiussioni.it\/fr\/cautionnements-pour-entreprises-et-professionnels\/construction-et-immobilier\/assurance-tous-risques-chantier-c-a-r-et-decennale-posterieure\/","name":"Assurance d\u00e9cennale post\u00e9rieure | Loi 210\/2004 | Italia Fideiussioni","isPartOf":{"@id":"https:\/\/www.italiafideiussioni.it\/fr\/#website"},"primaryImageOfPage":{"@id":"https:\/\/www.italiafideiussioni.it\/fr\/cautionnements-pour-entreprises-et-professionnels\/construction-et-immobilier\/assurance-tous-risques-chantier-c-a-r-et-decennale-posterieure\/#primaryimage"},"image":{"@id":"https:\/\/www.italiafideiussioni.it\/fr\/cautionnements-pour-entreprises-et-professionnels\/construction-et-immobilier\/assurance-tous-risques-chantier-c-a-r-et-decennale-posterieure\/#primaryimage"},"thumbnailUrl":"https:\/\/www.italiafideiussioni.it\/wp-content\/uploads\/2023\/02\/polizza-car-postuma.jpg","datePublished":"2018-11-05T12:12:17+00:00","dateModified":"2024-08-28T13:39:03+00:00","description":"Pour les constructeurs, nous d\u00e9livrons rapidement des assurances Tous Risques Chantier (C.A.R.) et des assurances d\u00e9cennales post\u00e9rieures obligatoires conform\u00e9ment \u00e0 la loi 210 de 2004 - Faites confiance \u00e0 nos plus de 30 ans d'exp\u00e9rience.","breadcrumb":{"@id":"https:\/\/www.italiafideiussioni.it\/fr\/cautionnements-pour-entreprises-et-professionnels\/construction-et-immobilier\/assurance-tous-risques-chantier-c-a-r-et-decennale-posterieure\/#breadcrumb"},"inLanguage":"fr-FR","potentialAction":[{"@type":"ReadAction","target":["https:\/\/www.italiafideiussioni.it\/fr\/cautionnements-pour-entreprises-et-professionnels\/construction-et-immobilier\/assurance-tous-risques-chantier-c-a-r-et-decennale-posterieure\/"]}]},{"@type":"ImageObject","inLanguage":"fr-FR","@id":"https:\/\/www.italiafideiussioni.it\/fr\/cautionnements-pour-entreprises-et-professionnels\/construction-et-immobilier\/assurance-tous-risques-chantier-c-a-r-et-decennale-posterieure\/#primaryimage","url":"https:\/\/www.italiafideiussioni.it\/wp-content\/uploads\/2023\/02\/polizza-car-postuma.jpg","contentUrl":"https:\/\/www.italiafideiussioni.it\/wp-content\/uploads\/2023\/02\/polizza-car-postuma.jpg","width":1500,"height":534,"caption":"lavoratore stringe la mano dopo aver fatto una fideiussione"},{"@type":"BreadcrumbList","@id":"https:\/\/www.italiafideiussioni.it\/fr\/cautionnements-pour-entreprises-et-professionnels\/construction-et-immobilier\/assurance-tous-risques-chantier-c-a-r-et-decennale-posterieure\/#breadcrumb","itemListElement":[{"@type":"ListItem","position":1,"name":"Home","item":"https:\/\/www.italiafideiussioni.it\/fr\/page-daccueil-2013\/"},{"@type":"ListItem","position":2,"name":"Nos Cautions Bancaires pour Entreprises et Professionnels","item":"https:\/\/www.italiafideiussioni.it\/fr\/cautionnements-pour-entreprises-et-professionnels\/"},{"@type":"ListItem","position":3,"name":"Construction et Immobilier","item":"https:\/\/www.italiafideiussioni.it\/fr\/cautionnements-pour-entreprises-et-professionnels\/construction-et-immobilier\/"},{"@type":"ListItem","position":4,"name":"Assurance Tous Risques Chantier (C.A.R.) et D\u00e9cennale post\u00e9rieure"}]},{"@type":"WebSite","@id":"https:\/\/www.italiafideiussioni.it\/fr\/#website","url":"https:\/\/www.italiafideiussioni.it\/fr\/","name":"Italia Fideiussioni","description":"","publisher":{"@id":"https:\/\/www.italiafideiussioni.it\/fr\/#organization"},"potentialAction":[{"@type":"SearchAction","target":{"@type":"EntryPoint","urlTemplate":"https:\/\/www.italiafideiussioni.it\/fr\/?s={search_term_string}"},"query-input":{"@type":"PropertyValueSpecification","valueRequired":true,"valueName":"search_term_string"}}],"inLanguage":"fr-FR"},{"@type":"Organization","@id":"https:\/\/www.italiafideiussioni.it\/fr\/#organization","name":"Fideiussioni s.r.l.","url":"https:\/\/www.italiafideiussioni.it\/fr\/","logo":{"@type":"ImageObject","inLanguage":"fr-FR","@id":"https:\/\/www.italiafideiussioni.it\/fr\/#\/schema\/logo\/image\/","url":"https:\/\/www.italiafideiussioni.it\/wp-content\/uploads\/2018\/10\/italiafideiussioni-logo-white.png","contentUrl":"https:\/\/www.italiafideiussioni.it\/wp-content\/uploads\/2018\/10\/italiafideiussioni-logo-white.png","width":516,"height":97,"caption":"Fideiussioni s.r.l."},"image":{"@id":"https:\/\/www.italiafideiussioni.it\/fr\/#\/schema\/logo\/image\/"},"sameAs":["https:\/\/www.facebook.com\/italiafideiussioni\/","https:\/\/x.com\/itafideiussioni","https:\/\/www.linkedin.com\/company\/italiafideiussioni-srl\/about\/","https:\/\/www.youtube.com\/channel\/UC-OhbmM_pkAEKLqJ6nQbpjw"]}]}},"_links":{"self":[{"href":"https:\/\/www.italiafideiussioni.it\/fr\/wp-json\/wp\/v2\/pages\/8103","targetHints":{"allow":["GET"]}}],"collection":[{"href":"https:\/\/www.italiafideiussioni.it\/fr\/wp-json\/wp\/v2\/pages"}],"about":[{"href":"https:\/\/www.italiafideiussioni.it\/fr\/wp-json\/wp\/v2\/types\/page"}],"author":[{"embeddable":true,"href":"https:\/\/www.italiafideiussioni.it\/fr\/wp-json\/wp\/v2\/users\/5"}],"replies":[{"embeddable":true,"href":"https:\/\/www.italiafideiussioni.it\/fr\/wp-json\/wp\/v2\/comments?post=8103"}],"version-history":[{"count":3,"href":"https:\/\/www.italiafideiussioni.it\/fr\/wp-json\/wp\/v2\/pages\/8103\/revisions"}],"predecessor-version":[{"id":8135,"href":"https:\/\/www.italiafideiussioni.it\/fr\/wp-json\/wp\/v2\/pages\/8103\/revisions\/8135"}],"up":[{"embeddable":true,"href":"https:\/\/www.italiafideiussioni.it\/fr\/wp-json\/wp\/v2\/pages\/8141"}],"wp:featuredmedia":[{"embeddable":true,"href":"https:\/\/www.italiafideiussioni.it\/fr\/wp-json\/wp\/v2\/media\/8104"}],"wp:attachment":[{"href":"https:\/\/www.italiafideiussioni.it\/fr\/wp-json\/wp\/v2\/media?parent=8103"}],"curies":[{"name":"wp","href":"https:\/\/api.w.org\/{rel}","templated":true}]}}