{"id":8084,"date":"2018-10-10T09:11:31","date_gmt":"2018-10-10T09:11:31","guid":{"rendered":"https:\/\/www.italiafideiussioni.it\/fideiussione-bancaria-e-polizze-per-stranieri\/"},"modified":"2025-02-10T08:27:24","modified_gmt":"2025-02-10T08:27:24","slug":"caution-bancaire-polices-pour-etrangers","status":"publish","type":"page","link":"https:\/\/www.italiafideiussioni.it\/fr\/caution-bancaire-polices-pour-etrangers\/","title":{"rendered":"Caution Bancaire et polices pour \u00c9trangers"},"content":{"rendered":"\n<p>Vous recherchez une Garantie Bancaire pour un visa touristique en Italie pour un \u00e9tranger qui doit entrer en Italie ?<br>Vous avez besoin d&rsquo;un visa pour l&rsquo;Italie pour un ami \u00e9tranger ?<br>Votre banque demande un d\u00e9p\u00f4t de garantie ? <\/p>\n\n\n\n<p>Avec nous, vous n&rsquo;avez pas besoin de faire de d\u00e9p\u00f4t ni d&rsquo;ouvrir un compte bancaire.<\/p>\n\n\n\n<p>Nous avons une solution rapide et efficace pour les visas touristiques pour l&rsquo;Italie !<\/p>\n\n\n\n<p>Avec nous, vous n&rsquo;avez pas besoin d&rsquo;ouvrir un compte bancaire ni de d\u00e9poser de l&rsquo;argent en garantie !<\/p>\n\n\n\n<p>Si vous \u00eates press\u00e9, nous vous d\u00e9livrons une Garantie Bancaire pour un visa touristique en Italie sans d\u00e9p\u00f4t de garantie et dans des d\u00e9lais rapides !!!<\/p>\n\n\n\n<p><strong>Nous proposons \u00e9galement l&rsquo;Assurance Sant\u00e9 obligatoire pour obtenir le visa Schengen, que nous pouvons vous fournir en 2 heures si c&rsquo;est vraiment urgent !!<\/strong><\/p>\n\n\n\n<p>\u00c9crivez-nous d\u00e8s maintenant via <a href=\"https:\/\/wa.me\/+393397150157\"><strong>WhatsApp : +39 339.71.50.157<\/strong><\/a>. Envoyez un message, nous vous aidons gratuitement \u00e0 remplir la Lettre d&rsquo;Invitation et <strong>nous r\u00e9pondons <\/strong>pendant les heures de bureau, <strong>dans les 5 minutes<\/strong>.<\/p>\n\n\n<style>.wp-block-kadence-advancedheading.kt-adv-heading8084_f880aa-53, .wp-block-kadence-advancedheading.kt-adv-heading8084_f880aa-53[data-kb-block=\"kb-adv-heading8084_f880aa-53\"]{text-align:center;font-size:var(--global-kb-font-size-md, 1.25rem);font-style:normal;}.wp-block-kadence-advancedheading.kt-adv-heading8084_f880aa-53 mark.kt-highlight, .wp-block-kadence-advancedheading.kt-adv-heading8084_f880aa-53[data-kb-block=\"kb-adv-heading8084_f880aa-53\"] mark.kt-highlight{font-style:normal;color:#f76a0c;-webkit-box-decoration-break:clone;box-decoration-break:clone;padding-top:0px;padding-right:0px;padding-bottom:0px;padding-left:0px;}.wp-block-kadence-advancedheading.kt-adv-heading8084_f880aa-53 img.kb-inline-image, .wp-block-kadence-advancedheading.kt-adv-heading8084_f880aa-53[data-kb-block=\"kb-adv-heading8084_f880aa-53\"] img.kb-inline-image{width:150px;vertical-align:baseline;}<\/style>\n<p class=\"kt-adv-heading8084_f880aa-53 wp-block-kadence-advancedheading\" data-kb-block=\"kb-adv-heading8084_f880aa-53\">Sur cette page, vous trouverez toutes les solutions de Garanties Bancaires et d&rsquo;assurances pour les \u00e9trangers :<\/p>\n","protected":false},"excerpt":{"rendered":"<p>Garanties et assurance sant\u00e9 pour \u00e9trangers, pour visa touristique, d&rsquo;\u00e9tudes et de travail<\/p>\n","protected":false},"author":2,"featured_media":8086,"parent":0,"menu_order":3,"comment_status":"closed","ping_status":"closed","template":"templates-custom\/tpl-pagina-servizi-sub.php","meta":{"_acf_changed":false,"_yoast_wpseo_focuskw":"","_yoast_wpseo_title":"Caution Bancaire et polices pour \u00c9trangers en 24h | Italia Fideiussioni","_yoast_wpseo_metadesc":"En 24h, garanties pour \u00e9trangers non communautaires pour raisons d'\u00e9tudes, de travail, d'hospitalisation, de tourisme ou pour des activit\u00e9s sportives - Devis en 2h","_yoast_wpseo_meta-robots-noindex":"","_yoast_wpseo_meta-robots-nofollow":"","_yoast_wpseo_canonical":"","_yoast_wpseo_opengraph-title":"","_yoast_wpseo_opengraph-description":"","_yoast_wpseo_opengraph-image":"","_yoast_wpseo_opengraph-image-id":"","_yoast_wpseo_twitter-title":"","_yoast_wpseo_twitter-description":"","_yoast_wpseo_twitter-image":"","footnotes":""},"class_list":["post-8084","page","type-page","status-publish","has-post-thumbnail","hentry"],"acf":{"blocco_iniziale":"<div class=\"container_iframe\" style=\"margin-bottom: 30px;\"><div class=\"epyt-video-wrapper\"><iframe  id=\"_ytid_93163\"  width=\"480\" height=\"270\"  data-origwidth=\"480\" data-origheight=\"270\"  data-relstop=\"1\" src=\"https:\/\/www.youtube.com\/embed\/hSiawNLNXdo?enablejsapi=1&autoplay=0&cc_load_policy=0&cc_lang_pref=&iv_load_policy=3&loop=0&rel=0&fs=1&playsinline=0&autohide=2&theme=dark&color=red&controls=1&disablekb=0&\" class=\"__youtube_prefs__  no-lazyload\" title=\"YouTube player\"  allow=\"fullscreen; accelerometer; autoplay; clipboard-write; encrypted-media; gyroscope; picture-in-picture; web-share\" referrerpolicy=\"strict-origin-when-cross-origin\" allowfullscreen data-no-lazy=\"1\" data-skipgform_ajax_framebjll=\"\"><\/iframe><\/div><\/div>\n<div>\n<p><strong>Note importante<\/strong> : Nous n&rsquo;offrons ni ne vendons de visas, de conseils juridiques, ni de services de demande et de prise de rendez-vous pour obtenir un visa pour l&rsquo;Italie, par cons\u00e9quent, nous ne r\u00e9pondons pas \u00e0 ce type de demandes. Veuillez contacter l&rsquo;Ambassade italienne ou le consulat italien de votre pays de r\u00e9sidence pour obtenir des r\u00e9ponses pr\u00e9cises \u00e0 vos questions concernant la d\u00e9livrance du visa Schengen. Notre site et notre soci\u00e9t\u00e9 ne sont pas affili\u00e9s \u00e0 l&rsquo;Union europ\u00e9enne, au Conseil de l&rsquo;UE ou \u00e0 tout autre organisme gouvernemental. Nous avons fait tout notre possible pour garantir que le contenu de notre site soit correct.<\/p>\n<p>Cependant, nous ne garantissons ni l&rsquo;exhaustivit\u00e9 ni l&rsquo;exactitude des informations, et nous ne sommes pas responsables des \u00e9ventuelles erreurs, omissions ou inexactitudes. Tout ou partie du contenu est uniquement \u00e0 des fins d&rsquo;information et n&rsquo;a aucune valeur juridiquement contraignante.<\/p>\n<h3><b>Contactez-nous<\/b><\/h3>\n<p>Dans le cas o\u00f9 vous trouveriez des informations inexactes sur notre site Web, nous vous invitons \u00e0 nous \u00e9crire par e-mail \u00e0 <a href=\"mailto:info@italiafideiussioni.it\">info@italiafideiussioni.it <\/a>afin de ne pas induire en erreur les parties int\u00e9ress\u00e9es sur les informations que nous fournissons.<\/p>\n<\/div>\n","macroarea_servizi":"stranieri"},"yoast_head":"<!-- This site is optimized with the Yoast SEO plugin v27.3 - https:\/\/yoast.com\/product\/yoast-seo-wordpress\/ -->\n<title>Caution Bancaire et polices pour \u00c9trangers en 24h | Italia Fideiussioni<\/title>\n<meta name=\"description\" content=\"En 24h, garanties pour \u00e9trangers non communautaires pour raisons d&#039;\u00e9tudes, de travail, d&#039;hospitalisation, de tourisme ou pour des activit\u00e9s sportives - Devis en 2h\" \/>\n<meta name=\"robots\" content=\"index, follow, max-snippet:-1, max-image-preview:large, max-video-preview:-1\" \/>\n<link rel=\"canonical\" href=\"https:\/\/www.italiafideiussioni.it\/fr\/caution-bancaire-polices-pour-etrangers\/\" \/>\n<meta property=\"og:locale\" content=\"fr_FR\" \/>\n<meta property=\"og:type\" content=\"article\" \/>\n<meta property=\"og:title\" content=\"Caution Bancaire et polices pour \u00c9trangers en 24h | Italia Fideiussioni\" \/>\n<meta property=\"og:description\" content=\"En 24h, garanties pour \u00e9trangers non communautaires pour raisons d&#039;\u00e9tudes, de travail, d&#039;hospitalisation, de tourisme ou pour des activit\u00e9s sportives - Devis en 2h\" \/>\n<meta property=\"og:url\" content=\"https:\/\/www.italiafideiussioni.it\/fr\/caution-bancaire-polices-pour-etrangers\/\" \/>\n<meta property=\"og:site_name\" content=\"Italia Fideiussioni\" \/>\n<meta property=\"article:publisher\" content=\"https:\/\/www.facebook.com\/italiafideiussioni\/\" \/>\n<meta property=\"article:modified_time\" content=\"2025-02-10T08:27:24+00:00\" \/>\n<meta property=\"og:image\" content=\"https:\/\/www.italiafideiussioni.it\/wp-content\/uploads\/2023\/02\/fideiussioni-e-polizze-per-stranieri.jpg\" \/>\n\t<meta property=\"og:image:width\" content=\"800\" \/>\n\t<meta property=\"og:image:height\" content=\"692\" \/>\n\t<meta property=\"og:image:type\" content=\"image\/jpeg\" \/>\n<meta name=\"twitter:card\" content=\"summary_large_image\" \/>\n<meta name=\"twitter:site\" content=\"@itafideiussioni\" \/>\n<meta name=\"twitter:label1\" content=\"Dur\u00e9e de lecture estim\u00e9e\" \/>\n\t<meta name=\"twitter:data1\" content=\"3 minutes\" \/>\n<script type=\"application\/ld+json\" class=\"yoast-schema-graph\">{\"@context\":\"https:\\\/\\\/schema.org\",\"@graph\":[{\"@type\":\"WebPage\",\"@id\":\"https:\\\/\\\/www.italiafideiussioni.it\\\/fr\\\/caution-bancaire-polices-pour-etrangers\\\/\",\"url\":\"https:\\\/\\\/www.italiafideiussioni.it\\\/fr\\\/caution-bancaire-polices-pour-etrangers\\\/\",\"name\":\"Caution Bancaire et polices pour \u00c9trangers en 24h | Italia Fideiussioni\",\"isPartOf\":{\"@id\":\"https:\\\/\\\/www.italiafideiussioni.it\\\/fr\\\/#website\"},\"primaryImageOfPage\":{\"@id\":\"https:\\\/\\\/www.italiafideiussioni.it\\\/fr\\\/caution-bancaire-polices-pour-etrangers\\\/#primaryimage\"},\"image\":{\"@id\":\"https:\\\/\\\/www.italiafideiussioni.it\\\/fr\\\/caution-bancaire-polices-pour-etrangers\\\/#primaryimage\"},\"thumbnailUrl\":\"https:\\\/\\\/www.italiafideiussioni.it\\\/wp-content\\\/uploads\\\/2023\\\/02\\\/fideiussioni-e-polizze-per-stranieri.jpg\",\"datePublished\":\"2018-10-10T09:11:31+00:00\",\"dateModified\":\"2025-02-10T08:27:24+00:00\",\"description\":\"En 24h, garanties pour \u00e9trangers non communautaires pour raisons d'\u00e9tudes, de travail, d'hospitalisation, de tourisme ou pour des activit\u00e9s sportives - Devis en 2h\",\"breadcrumb\":{\"@id\":\"https:\\\/\\\/www.italiafideiussioni.it\\\/fr\\\/caution-bancaire-polices-pour-etrangers\\\/#breadcrumb\"},\"inLanguage\":\"fr-FR\",\"potentialAction\":[{\"@type\":\"ReadAction\",\"target\":[\"https:\\\/\\\/www.italiafideiussioni.it\\\/fr\\\/caution-bancaire-polices-pour-etrangers\\\/\"]}]},{\"@type\":\"ImageObject\",\"inLanguage\":\"fr-FR\",\"@id\":\"https:\\\/\\\/www.italiafideiussioni.it\\\/fr\\\/caution-bancaire-polices-pour-etrangers\\\/#primaryimage\",\"url\":\"https:\\\/\\\/www.italiafideiussioni.it\\\/wp-content\\\/uploads\\\/2023\\\/02\\\/fideiussioni-e-polizze-per-stranieri.jpg\",\"contentUrl\":\"https:\\\/\\\/www.italiafideiussioni.it\\\/wp-content\\\/uploads\\\/2023\\\/02\\\/fideiussioni-e-polizze-per-stranieri.jpg\",\"width\":800,\"height\":692},{\"@type\":\"BreadcrumbList\",\"@id\":\"https:\\\/\\\/www.italiafideiussioni.it\\\/fr\\\/caution-bancaire-polices-pour-etrangers\\\/#breadcrumb\",\"itemListElement\":[{\"@type\":\"ListItem\",\"position\":1,\"name\":\"Home\",\"item\":\"https:\\\/\\\/www.italiafideiussioni.it\\\/fr\\\/page-daccueil-2013\\\/\"},{\"@type\":\"ListItem\",\"position\":2,\"name\":\"Caution Bancaire et polices pour \u00c9trangers\"}]},{\"@type\":\"WebSite\",\"@id\":\"https:\\\/\\\/www.italiafideiussioni.it\\\/fr\\\/#website\",\"url\":\"https:\\\/\\\/www.italiafideiussioni.it\\\/fr\\\/\",\"name\":\"Italia Fideiussioni\",\"description\":\"\",\"publisher\":{\"@id\":\"https:\\\/\\\/www.italiafideiussioni.it\\\/fr\\\/#organization\"},\"potentialAction\":[{\"@type\":\"SearchAction\",\"target\":{\"@type\":\"EntryPoint\",\"urlTemplate\":\"https:\\\/\\\/www.italiafideiussioni.it\\\/fr\\\/?s={search_term_string}\"},\"query-input\":{\"@type\":\"PropertyValueSpecification\",\"valueRequired\":true,\"valueName\":\"search_term_string\"}}],\"inLanguage\":\"fr-FR\"},{\"@type\":\"Organization\",\"@id\":\"https:\\\/\\\/www.italiafideiussioni.it\\\/fr\\\/#organization\",\"name\":\"Fideiussioni s.r.l.\",\"url\":\"https:\\\/\\\/www.italiafideiussioni.it\\\/fr\\\/\",\"logo\":{\"@type\":\"ImageObject\",\"inLanguage\":\"fr-FR\",\"@id\":\"https:\\\/\\\/www.italiafideiussioni.it\\\/fr\\\/#\\\/schema\\\/logo\\\/image\\\/\",\"url\":\"https:\\\/\\\/www.italiafideiussioni.it\\\/wp-content\\\/uploads\\\/2018\\\/10\\\/italiafideiussioni-logo-white.png\",\"contentUrl\":\"https:\\\/\\\/www.italiafideiussioni.it\\\/wp-content\\\/uploads\\\/2018\\\/10\\\/italiafideiussioni-logo-white.png\",\"width\":516,\"height\":97,\"caption\":\"Fideiussioni s.r.l.\"},\"image\":{\"@id\":\"https:\\\/\\\/www.italiafideiussioni.it\\\/fr\\\/#\\\/schema\\\/logo\\\/image\\\/\"},\"sameAs\":[\"https:\\\/\\\/www.facebook.com\\\/italiafideiussioni\\\/\",\"https:\\\/\\\/x.com\\\/itafideiussioni\",\"https:\\\/\\\/www.linkedin.com\\\/company\\\/italiafideiussioni-srl\\\/about\\\/\",\"https:\\\/\\\/www.youtube.com\\\/channel\\\/UC-OhbmM_pkAEKLqJ6nQbpjw\"]}]}<\/script>\n<!-- \/ Yoast SEO plugin. -->","yoast_head_json":{"title":"Caution Bancaire et polices pour \u00c9trangers en 24h | Italia Fideiussioni","description":"En 24h, garanties pour \u00e9trangers non communautaires pour raisons d'\u00e9tudes, de travail, d'hospitalisation, de tourisme ou pour des activit\u00e9s sportives - Devis en 2h","robots":{"index":"index","follow":"follow","max-snippet":"max-snippet:-1","max-image-preview":"max-image-preview:large","max-video-preview":"max-video-preview:-1"},"canonical":"https:\/\/www.italiafideiussioni.it\/fr\/caution-bancaire-polices-pour-etrangers\/","og_locale":"fr_FR","og_type":"article","og_title":"Caution Bancaire et polices pour \u00c9trangers en 24h | Italia Fideiussioni","og_description":"En 24h, garanties pour \u00e9trangers non communautaires pour raisons d'\u00e9tudes, de travail, d'hospitalisation, de tourisme ou pour des activit\u00e9s sportives - Devis en 2h","og_url":"https:\/\/www.italiafideiussioni.it\/fr\/caution-bancaire-polices-pour-etrangers\/","og_site_name":"Italia Fideiussioni","article_publisher":"https:\/\/www.facebook.com\/italiafideiussioni\/","article_modified_time":"2025-02-10T08:27:24+00:00","og_image":[{"width":800,"height":692,"url":"https:\/\/www.italiafideiussioni.it\/wp-content\/uploads\/2023\/02\/fideiussioni-e-polizze-per-stranieri.jpg","type":"image\/jpeg"}],"twitter_card":"summary_large_image","twitter_site":"@itafideiussioni","twitter_misc":{"Dur\u00e9e de lecture estim\u00e9e":"3 minutes"},"schema":{"@context":"https:\/\/schema.org","@graph":[{"@type":"WebPage","@id":"https:\/\/www.italiafideiussioni.it\/fr\/caution-bancaire-polices-pour-etrangers\/","url":"https:\/\/www.italiafideiussioni.it\/fr\/caution-bancaire-polices-pour-etrangers\/","name":"Caution Bancaire et polices pour \u00c9trangers en 24h | Italia Fideiussioni","isPartOf":{"@id":"https:\/\/www.italiafideiussioni.it\/fr\/#website"},"primaryImageOfPage":{"@id":"https:\/\/www.italiafideiussioni.it\/fr\/caution-bancaire-polices-pour-etrangers\/#primaryimage"},"image":{"@id":"https:\/\/www.italiafideiussioni.it\/fr\/caution-bancaire-polices-pour-etrangers\/#primaryimage"},"thumbnailUrl":"https:\/\/www.italiafideiussioni.it\/wp-content\/uploads\/2023\/02\/fideiussioni-e-polizze-per-stranieri.jpg","datePublished":"2018-10-10T09:11:31+00:00","dateModified":"2025-02-10T08:27:24+00:00","description":"En 24h, garanties pour \u00e9trangers non communautaires pour raisons d'\u00e9tudes, de travail, d'hospitalisation, de tourisme ou pour des activit\u00e9s sportives - Devis en 2h","breadcrumb":{"@id":"https:\/\/www.italiafideiussioni.it\/fr\/caution-bancaire-polices-pour-etrangers\/#breadcrumb"},"inLanguage":"fr-FR","potentialAction":[{"@type":"ReadAction","target":["https:\/\/www.italiafideiussioni.it\/fr\/caution-bancaire-polices-pour-etrangers\/"]}]},{"@type":"ImageObject","inLanguage":"fr-FR","@id":"https:\/\/www.italiafideiussioni.it\/fr\/caution-bancaire-polices-pour-etrangers\/#primaryimage","url":"https:\/\/www.italiafideiussioni.it\/wp-content\/uploads\/2023\/02\/fideiussioni-e-polizze-per-stranieri.jpg","contentUrl":"https:\/\/www.italiafideiussioni.it\/wp-content\/uploads\/2023\/02\/fideiussioni-e-polizze-per-stranieri.jpg","width":800,"height":692},{"@type":"BreadcrumbList","@id":"https:\/\/www.italiafideiussioni.it\/fr\/caution-bancaire-polices-pour-etrangers\/#breadcrumb","itemListElement":[{"@type":"ListItem","position":1,"name":"Home","item":"https:\/\/www.italiafideiussioni.it\/fr\/page-daccueil-2013\/"},{"@type":"ListItem","position":2,"name":"Caution Bancaire et polices pour \u00c9trangers"}]},{"@type":"WebSite","@id":"https:\/\/www.italiafideiussioni.it\/fr\/#website","url":"https:\/\/www.italiafideiussioni.it\/fr\/","name":"Italia Fideiussioni","description":"","publisher":{"@id":"https:\/\/www.italiafideiussioni.it\/fr\/#organization"},"potentialAction":[{"@type":"SearchAction","target":{"@type":"EntryPoint","urlTemplate":"https:\/\/www.italiafideiussioni.it\/fr\/?s={search_term_string}"},"query-input":{"@type":"PropertyValueSpecification","valueRequired":true,"valueName":"search_term_string"}}],"inLanguage":"fr-FR"},{"@type":"Organization","@id":"https:\/\/www.italiafideiussioni.it\/fr\/#organization","name":"Fideiussioni s.r.l.","url":"https:\/\/www.italiafideiussioni.it\/fr\/","logo":{"@type":"ImageObject","inLanguage":"fr-FR","@id":"https:\/\/www.italiafideiussioni.it\/fr\/#\/schema\/logo\/image\/","url":"https:\/\/www.italiafideiussioni.it\/wp-content\/uploads\/2018\/10\/italiafideiussioni-logo-white.png","contentUrl":"https:\/\/www.italiafideiussioni.it\/wp-content\/uploads\/2018\/10\/italiafideiussioni-logo-white.png","width":516,"height":97,"caption":"Fideiussioni s.r.l."},"image":{"@id":"https:\/\/www.italiafideiussioni.it\/fr\/#\/schema\/logo\/image\/"},"sameAs":["https:\/\/www.facebook.com\/italiafideiussioni\/","https:\/\/x.com\/itafideiussioni","https:\/\/www.linkedin.com\/company\/italiafideiussioni-srl\/about\/","https:\/\/www.youtube.com\/channel\/UC-OhbmM_pkAEKLqJ6nQbpjw"]}]}},"_links":{"self":[{"href":"https:\/\/www.italiafideiussioni.it\/fr\/wp-json\/wp\/v2\/pages\/8084","targetHints":{"allow":["GET"]}}],"collection":[{"href":"https:\/\/www.italiafideiussioni.it\/fr\/wp-json\/wp\/v2\/pages"}],"about":[{"href":"https:\/\/www.italiafideiussioni.it\/fr\/wp-json\/wp\/v2\/types\/page"}],"author":[{"embeddable":true,"href":"https:\/\/www.italiafideiussioni.it\/fr\/wp-json\/wp\/v2\/users\/2"}],"replies":[{"embeddable":true,"href":"https:\/\/www.italiafideiussioni.it\/fr\/wp-json\/wp\/v2\/comments?post=8084"}],"version-history":[{"count":2,"href":"https:\/\/www.italiafideiussioni.it\/fr\/wp-json\/wp\/v2\/pages\/8084\/revisions"}],"predecessor-version":[{"id":8136,"href":"https:\/\/www.italiafideiussioni.it\/fr\/wp-json\/wp\/v2\/pages\/8084\/revisions\/8136"}],"wp:featuredmedia":[{"embeddable":true,"href":"https:\/\/www.italiafideiussioni.it\/fr\/wp-json\/wp\/v2\/media\/8086"}],"wp:attachment":[{"href":"https:\/\/www.italiafideiussioni.it\/fr\/wp-json\/wp\/v2\/media?parent=8084"}],"curies":[{"name":"wp","href":"https:\/\/api.w.org\/{rel}","templated":true}]}}