{"id":8076,"date":"2018-10-10T09:11:02","date_gmt":"2018-10-10T09:11:02","guid":{"rendered":"https:\/\/www.italiafideiussioni.it\/certificat-de-capacite-financiere\/"},"modified":"2024-08-28T12:53:05","modified_gmt":"2024-08-28T12:53:05","slug":"certificat-de-capacite-financiere","status":"publish","type":"page","link":"https:\/\/www.italiafideiussioni.it\/fr\/certificat-de-capacite-financiere\/","title":{"rendered":"Certificat de Capacit\u00e9 Financi\u00e8re"},"content":{"rendered":"\n<p>Avez-vous besoin de l&rsquo;attestation de capacit\u00e9 financi\u00e8re pour l&rsquo;inscription au Registre National des Transporteurs Routiers ?<br>Recherchez-vous l&rsquo;attestation de capacit\u00e9 financi\u00e8re pour des garages et des centres de r\u00e9vision de v\u00e9hicules \u00e0 moteur ?<br>Souhaitez-vous ouvrir une agence de d\u00e9marches automobiles ?<br>L&rsquo;attestation de capacit\u00e9 financi\u00e8re est une certification qui garantit que les personnes exer\u00e7ant l&rsquo;activit\u00e9 choisie disposent des moyens financiers n\u00e9cessaires pour g\u00e9rer s\u00e9rieusement l&rsquo;activit\u00e9. Nous la d\u00e9livrons principalement sous forme de caution pour cr\u00e9anciers tiers, r\u00e9pondant ainsi \u00e0 vos besoins. Voici les types de capacit\u00e9 financi\u00e8re dont nous nous occupons :<\/p>\n","protected":false},"excerpt":{"rendered":"<p>Attestations de capacit\u00e9 financi\u00e8re pour Transporteurs Routiers et Centres de R\u00e9vision Automobile <\/p>\n","protected":false},"author":2,"featured_media":8078,"parent":0,"menu_order":2,"comment_status":"closed","ping_status":"closed","template":"templates-custom\/tpl-pagina-servizi-sub.php","meta":{"_acf_changed":false,"_yoast_wpseo_focuskw":"","_yoast_wpseo_title":"Certificat de Capacit\u00e9 Financi\u00e8re | Italia Fideiussioni","_yoast_wpseo_metadesc":"Attestations de capacit\u00e9 financi\u00e8re pour d\u00e9marrer une activit\u00e9 de transport routier, d'auto-\u00e9cole, d'agence de d\u00e9marches automobiles, de centres de r\u00e9vision ou pour des appels d'offres","_yoast_wpseo_meta-robots-noindex":"","_yoast_wpseo_meta-robots-nofollow":"","_yoast_wpseo_canonical":"","_yoast_wpseo_opengraph-title":"","_yoast_wpseo_opengraph-description":"","_yoast_wpseo_opengraph-image":"","_yoast_wpseo_opengraph-image-id":"","_yoast_wpseo_twitter-title":"","_yoast_wpseo_twitter-description":"","_yoast_wpseo_twitter-image":"","footnotes":""},"class_list":["post-8076","page","type-page","status-publish","has-post-thumbnail","hentry"],"acf":{"blocco_iniziale":"<div class=\"container_iframe\" style=\"margin-bottom: 30px;\"><div class=\"epyt-video-wrapper\"><iframe  id=\"_ytid_44064\"  width=\"480\" height=\"270\"  data-origwidth=\"480\" data-origheight=\"270\"  data-relstop=\"1\" src=\"https:\/\/www.youtube.com\/embed\/1OVVZautKXM?enablejsapi=1&autoplay=0&cc_load_policy=0&cc_lang_pref=&iv_load_policy=3&loop=0&rel=0&fs=1&playsinline=0&autohide=2&theme=dark&color=red&controls=1&disablekb=0&\" class=\"__youtube_prefs__  no-lazyload\" title=\"YouTube player\"  allow=\"fullscreen; accelerometer; autoplay; clipboard-write; encrypted-media; gyroscope; picture-in-picture; web-share\" referrerpolicy=\"strict-origin-when-cross-origin\" allowfullscreen data-no-lazy=\"1\" data-skipgform_ajax_framebjll=\"\"><\/iframe><\/div><\/div>\n<p><!-- wp:paragraph --><\/p>\n<p>Avez-vous essay\u00e9 de vous adresser \u00e0 votre banque ou \u00e0 votre assureur, mais sans succ\u00e8s ?<\/p>\n<p><!-- \/wp:paragraph --> <!-- wp:paragraph --><\/p>\n<p>\u00cates-vous chauffeur et devez-vous vous inscrire au R.E.N. ? (Registre \u00c9lectronique National) ?<\/p>\n<p><!-- \/wp:paragraph --> <!-- wp:paragraph --><\/p>\n<p>Sur cette page, nous avons ce qu&rsquo;il vous faut. Appelez-nous d\u00e8s maintenant et nous r\u00e9pondrons \u00e0 vos questions.<\/p>\n<p><!-- \/wp:paragraph --> <!-- wp:paragraph --><\/p>\n<p>L&rsquo;attestation de capacit\u00e9 financi\u00e8re est un document indispensable qui sert \u00e0 attester de la capacit\u00e9 \u00e0 faire face \u00e0 d&rsquo;\u00e9ventuelles obligations financi\u00e8res d\u00e9coulant de l&rsquo;exercice de l&rsquo;activit\u00e9.<\/p>\n<p><!-- \/wp:paragraph --> <!-- wp:paragraph --><\/p>\n<p>C&rsquo;est un document obligatoire. Une capacit\u00e9 financi\u00e8re ad\u00e9quate, stipule la r\u00e9glementation, doit \u00eatre respect\u00e9e dans chaque secteur d&rsquo;activit\u00e9 pour garantir des param\u00e8tres financiers, patrimoniaux et \u00e9conomiques minimaux, assurant ainsi un certain s\u00e9rieux et une stabilit\u00e9 pour l&rsquo;utilisateur final, tout en permettant une s\u00e9lection des op\u00e9rateurs \u00e9conomiques pr\u00e9sents sur le march\u00e9.<!-- \/wp:paragraph --><\/p>\n","macroarea_servizi":"attestazione"},"yoast_head":"<!-- This site is optimized with the Yoast SEO plugin v27.4 - https:\/\/yoast.com\/product\/yoast-seo-wordpress\/ -->\n<title>Certificat de Capacit\u00e9 Financi\u00e8re | Italia Fideiussioni<\/title>\n<meta name=\"description\" content=\"Attestations de capacit\u00e9 financi\u00e8re pour d\u00e9marrer une activit\u00e9 de transport routier, d&#039;auto-\u00e9cole, d&#039;agence de d\u00e9marches automobiles, de centres de r\u00e9vision ou pour des appels d&#039;offres\" \/>\n<meta name=\"robots\" content=\"index, follow, max-snippet:-1, max-image-preview:large, max-video-preview:-1\" \/>\n<link rel=\"canonical\" href=\"https:\/\/www.italiafideiussioni.it\/fr\/certificat-de-capacite-financiere\/\" \/>\n<meta property=\"og:locale\" content=\"fr_FR\" \/>\n<meta property=\"og:type\" content=\"article\" \/>\n<meta property=\"og:title\" content=\"Certificat de Capacit\u00e9 Financi\u00e8re | Italia Fideiussioni\" \/>\n<meta property=\"og:description\" content=\"Attestations de capacit\u00e9 financi\u00e8re pour d\u00e9marrer une activit\u00e9 de transport routier, d&#039;auto-\u00e9cole, d&#039;agence de d\u00e9marches automobiles, de centres de r\u00e9vision ou pour des appels d&#039;offres\" \/>\n<meta property=\"og:url\" content=\"https:\/\/www.italiafideiussioni.it\/fr\/certificat-de-capacite-financiere\/\" \/>\n<meta property=\"og:site_name\" content=\"Italia Fideiussioni\" \/>\n<meta property=\"article:publisher\" content=\"https:\/\/www.facebook.com\/italiafideiussioni\/\" \/>\n<meta property=\"article:modified_time\" content=\"2024-08-28T12:53:05+00:00\" \/>\n<meta property=\"og:image\" content=\"https:\/\/www.italiafideiussioni.it\/wp-content\/uploads\/2023\/02\/attestazione-capacita-finanziaria.jpg\" \/>\n\t<meta property=\"og:image:width\" content=\"800\" \/>\n\t<meta property=\"og:image:height\" content=\"692\" \/>\n\t<meta property=\"og:image:type\" content=\"image\/jpeg\" \/>\n<meta name=\"twitter:card\" content=\"summary_large_image\" \/>\n<meta name=\"twitter:site\" content=\"@itafideiussioni\" \/>\n<meta name=\"twitter:label1\" content=\"Dur\u00e9e de lecture estim\u00e9e\" \/>\n\t<meta name=\"twitter:data1\" content=\"2 minutes\" \/>\n<script type=\"application\/ld+json\" class=\"yoast-schema-graph\">{\"@context\":\"https:\\\/\\\/schema.org\",\"@graph\":[{\"@type\":\"WebPage\",\"@id\":\"https:\\\/\\\/www.italiafideiussioni.it\\\/fr\\\/certificat-de-capacite-financiere\\\/\",\"url\":\"https:\\\/\\\/www.italiafideiussioni.it\\\/fr\\\/certificat-de-capacite-financiere\\\/\",\"name\":\"Certificat de Capacit\u00e9 Financi\u00e8re | Italia Fideiussioni\",\"isPartOf\":{\"@id\":\"https:\\\/\\\/www.italiafideiussioni.it\\\/fr\\\/#website\"},\"primaryImageOfPage\":{\"@id\":\"https:\\\/\\\/www.italiafideiussioni.it\\\/fr\\\/certificat-de-capacite-financiere\\\/#primaryimage\"},\"image\":{\"@id\":\"https:\\\/\\\/www.italiafideiussioni.it\\\/fr\\\/certificat-de-capacite-financiere\\\/#primaryimage\"},\"thumbnailUrl\":\"https:\\\/\\\/www.italiafideiussioni.it\\\/wp-content\\\/uploads\\\/2023\\\/02\\\/attestazione-capacita-finanziaria.jpg\",\"datePublished\":\"2018-10-10T09:11:02+00:00\",\"dateModified\":\"2024-08-28T12:53:05+00:00\",\"description\":\"Attestations de capacit\u00e9 financi\u00e8re pour d\u00e9marrer une activit\u00e9 de transport routier, d'auto-\u00e9cole, d'agence de d\u00e9marches automobiles, de centres de r\u00e9vision ou pour des appels d'offres\",\"breadcrumb\":{\"@id\":\"https:\\\/\\\/www.italiafideiussioni.it\\\/fr\\\/certificat-de-capacite-financiere\\\/#breadcrumb\"},\"inLanguage\":\"fr-FR\",\"potentialAction\":[{\"@type\":\"ReadAction\",\"target\":[\"https:\\\/\\\/www.italiafideiussioni.it\\\/fr\\\/certificat-de-capacite-financiere\\\/\"]}]},{\"@type\":\"ImageObject\",\"inLanguage\":\"fr-FR\",\"@id\":\"https:\\\/\\\/www.italiafideiussioni.it\\\/fr\\\/certificat-de-capacite-financiere\\\/#primaryimage\",\"url\":\"https:\\\/\\\/www.italiafideiussioni.it\\\/wp-content\\\/uploads\\\/2023\\\/02\\\/attestazione-capacita-finanziaria.jpg\",\"contentUrl\":\"https:\\\/\\\/www.italiafideiussioni.it\\\/wp-content\\\/uploads\\\/2023\\\/02\\\/attestazione-capacita-finanziaria.jpg\",\"width\":800,\"height\":692},{\"@type\":\"BreadcrumbList\",\"@id\":\"https:\\\/\\\/www.italiafideiussioni.it\\\/fr\\\/certificat-de-capacite-financiere\\\/#breadcrumb\",\"itemListElement\":[{\"@type\":\"ListItem\",\"position\":1,\"name\":\"Home\",\"item\":\"https:\\\/\\\/www.italiafideiussioni.it\\\/fr\\\/page-daccueil-2013\\\/\"},{\"@type\":\"ListItem\",\"position\":2,\"name\":\"Certificat de Capacit\u00e9 Financi\u00e8re\"}]},{\"@type\":\"WebSite\",\"@id\":\"https:\\\/\\\/www.italiafideiussioni.it\\\/fr\\\/#website\",\"url\":\"https:\\\/\\\/www.italiafideiussioni.it\\\/fr\\\/\",\"name\":\"Italia Fideiussioni\",\"description\":\"\",\"publisher\":{\"@id\":\"https:\\\/\\\/www.italiafideiussioni.it\\\/fr\\\/#organization\"},\"potentialAction\":[{\"@type\":\"SearchAction\",\"target\":{\"@type\":\"EntryPoint\",\"urlTemplate\":\"https:\\\/\\\/www.italiafideiussioni.it\\\/fr\\\/?s={search_term_string}\"},\"query-input\":{\"@type\":\"PropertyValueSpecification\",\"valueRequired\":true,\"valueName\":\"search_term_string\"}}],\"inLanguage\":\"fr-FR\"},{\"@type\":\"Organization\",\"@id\":\"https:\\\/\\\/www.italiafideiussioni.it\\\/fr\\\/#organization\",\"name\":\"Fideiussioni s.r.l.\",\"url\":\"https:\\\/\\\/www.italiafideiussioni.it\\\/fr\\\/\",\"logo\":{\"@type\":\"ImageObject\",\"inLanguage\":\"fr-FR\",\"@id\":\"https:\\\/\\\/www.italiafideiussioni.it\\\/fr\\\/#\\\/schema\\\/logo\\\/image\\\/\",\"url\":\"https:\\\/\\\/www.italiafideiussioni.it\\\/wp-content\\\/uploads\\\/2018\\\/10\\\/italiafideiussioni-logo-white.png\",\"contentUrl\":\"https:\\\/\\\/www.italiafideiussioni.it\\\/wp-content\\\/uploads\\\/2018\\\/10\\\/italiafideiussioni-logo-white.png\",\"width\":516,\"height\":97,\"caption\":\"Fideiussioni s.r.l.\"},\"image\":{\"@id\":\"https:\\\/\\\/www.italiafideiussioni.it\\\/fr\\\/#\\\/schema\\\/logo\\\/image\\\/\"},\"sameAs\":[\"https:\\\/\\\/www.facebook.com\\\/italiafideiussioni\\\/\",\"https:\\\/\\\/x.com\\\/itafideiussioni\",\"https:\\\/\\\/www.linkedin.com\\\/company\\\/italiafideiussioni-srl\\\/about\\\/\",\"https:\\\/\\\/www.youtube.com\\\/channel\\\/UC-OhbmM_pkAEKLqJ6nQbpjw\"]}]}<\/script>\n<!-- \/ Yoast SEO plugin. -->","yoast_head_json":{"title":"Certificat de Capacit\u00e9 Financi\u00e8re | Italia Fideiussioni","description":"Attestations de capacit\u00e9 financi\u00e8re pour d\u00e9marrer une activit\u00e9 de transport routier, d'auto-\u00e9cole, d'agence de d\u00e9marches automobiles, de centres de r\u00e9vision ou pour des appels d'offres","robots":{"index":"index","follow":"follow","max-snippet":"max-snippet:-1","max-image-preview":"max-image-preview:large","max-video-preview":"max-video-preview:-1"},"canonical":"https:\/\/www.italiafideiussioni.it\/fr\/certificat-de-capacite-financiere\/","og_locale":"fr_FR","og_type":"article","og_title":"Certificat de Capacit\u00e9 Financi\u00e8re | Italia Fideiussioni","og_description":"Attestations de capacit\u00e9 financi\u00e8re pour d\u00e9marrer une activit\u00e9 de transport routier, d'auto-\u00e9cole, d'agence de d\u00e9marches automobiles, de centres de r\u00e9vision ou pour des appels d'offres","og_url":"https:\/\/www.italiafideiussioni.it\/fr\/certificat-de-capacite-financiere\/","og_site_name":"Italia Fideiussioni","article_publisher":"https:\/\/www.facebook.com\/italiafideiussioni\/","article_modified_time":"2024-08-28T12:53:05+00:00","og_image":[{"width":800,"height":692,"url":"https:\/\/www.italiafideiussioni.it\/wp-content\/uploads\/2023\/02\/attestazione-capacita-finanziaria.jpg","type":"image\/jpeg"}],"twitter_card":"summary_large_image","twitter_site":"@itafideiussioni","twitter_misc":{"Dur\u00e9e de lecture estim\u00e9e":"2 minutes"},"schema":{"@context":"https:\/\/schema.org","@graph":[{"@type":"WebPage","@id":"https:\/\/www.italiafideiussioni.it\/fr\/certificat-de-capacite-financiere\/","url":"https:\/\/www.italiafideiussioni.it\/fr\/certificat-de-capacite-financiere\/","name":"Certificat de Capacit\u00e9 Financi\u00e8re | Italia Fideiussioni","isPartOf":{"@id":"https:\/\/www.italiafideiussioni.it\/fr\/#website"},"primaryImageOfPage":{"@id":"https:\/\/www.italiafideiussioni.it\/fr\/certificat-de-capacite-financiere\/#primaryimage"},"image":{"@id":"https:\/\/www.italiafideiussioni.it\/fr\/certificat-de-capacite-financiere\/#primaryimage"},"thumbnailUrl":"https:\/\/www.italiafideiussioni.it\/wp-content\/uploads\/2023\/02\/attestazione-capacita-finanziaria.jpg","datePublished":"2018-10-10T09:11:02+00:00","dateModified":"2024-08-28T12:53:05+00:00","description":"Attestations de capacit\u00e9 financi\u00e8re pour d\u00e9marrer une activit\u00e9 de transport routier, d'auto-\u00e9cole, d'agence de d\u00e9marches automobiles, de centres de r\u00e9vision ou pour des appels d'offres","breadcrumb":{"@id":"https:\/\/www.italiafideiussioni.it\/fr\/certificat-de-capacite-financiere\/#breadcrumb"},"inLanguage":"fr-FR","potentialAction":[{"@type":"ReadAction","target":["https:\/\/www.italiafideiussioni.it\/fr\/certificat-de-capacite-financiere\/"]}]},{"@type":"ImageObject","inLanguage":"fr-FR","@id":"https:\/\/www.italiafideiussioni.it\/fr\/certificat-de-capacite-financiere\/#primaryimage","url":"https:\/\/www.italiafideiussioni.it\/wp-content\/uploads\/2023\/02\/attestazione-capacita-finanziaria.jpg","contentUrl":"https:\/\/www.italiafideiussioni.it\/wp-content\/uploads\/2023\/02\/attestazione-capacita-finanziaria.jpg","width":800,"height":692},{"@type":"BreadcrumbList","@id":"https:\/\/www.italiafideiussioni.it\/fr\/certificat-de-capacite-financiere\/#breadcrumb","itemListElement":[{"@type":"ListItem","position":1,"name":"Home","item":"https:\/\/www.italiafideiussioni.it\/fr\/page-daccueil-2013\/"},{"@type":"ListItem","position":2,"name":"Certificat de Capacit\u00e9 Financi\u00e8re"}]},{"@type":"WebSite","@id":"https:\/\/www.italiafideiussioni.it\/fr\/#website","url":"https:\/\/www.italiafideiussioni.it\/fr\/","name":"Italia Fideiussioni","description":"","publisher":{"@id":"https:\/\/www.italiafideiussioni.it\/fr\/#organization"},"potentialAction":[{"@type":"SearchAction","target":{"@type":"EntryPoint","urlTemplate":"https:\/\/www.italiafideiussioni.it\/fr\/?s={search_term_string}"},"query-input":{"@type":"PropertyValueSpecification","valueRequired":true,"valueName":"search_term_string"}}],"inLanguage":"fr-FR"},{"@type":"Organization","@id":"https:\/\/www.italiafideiussioni.it\/fr\/#organization","name":"Fideiussioni s.r.l.","url":"https:\/\/www.italiafideiussioni.it\/fr\/","logo":{"@type":"ImageObject","inLanguage":"fr-FR","@id":"https:\/\/www.italiafideiussioni.it\/fr\/#\/schema\/logo\/image\/","url":"https:\/\/www.italiafideiussioni.it\/wp-content\/uploads\/2018\/10\/italiafideiussioni-logo-white.png","contentUrl":"https:\/\/www.italiafideiussioni.it\/wp-content\/uploads\/2018\/10\/italiafideiussioni-logo-white.png","width":516,"height":97,"caption":"Fideiussioni s.r.l."},"image":{"@id":"https:\/\/www.italiafideiussioni.it\/fr\/#\/schema\/logo\/image\/"},"sameAs":["https:\/\/www.facebook.com\/italiafideiussioni\/","https:\/\/x.com\/itafideiussioni","https:\/\/www.linkedin.com\/company\/italiafideiussioni-srl\/about\/","https:\/\/www.youtube.com\/channel\/UC-OhbmM_pkAEKLqJ6nQbpjw"]}]}},"_links":{"self":[{"href":"https:\/\/www.italiafideiussioni.it\/fr\/wp-json\/wp\/v2\/pages\/8076","targetHints":{"allow":["GET"]}}],"collection":[{"href":"https:\/\/www.italiafideiussioni.it\/fr\/wp-json\/wp\/v2\/pages"}],"about":[{"href":"https:\/\/www.italiafideiussioni.it\/fr\/wp-json\/wp\/v2\/types\/page"}],"author":[{"embeddable":true,"href":"https:\/\/www.italiafideiussioni.it\/fr\/wp-json\/wp\/v2\/users\/2"}],"replies":[{"embeddable":true,"href":"https:\/\/www.italiafideiussioni.it\/fr\/wp-json\/wp\/v2\/comments?post=8076"}],"version-history":[{"count":4,"href":"https:\/\/www.italiafideiussioni.it\/fr\/wp-json\/wp\/v2\/pages\/8076\/revisions"}],"predecessor-version":[{"id":8133,"href":"https:\/\/www.italiafideiussioni.it\/fr\/wp-json\/wp\/v2\/pages\/8076\/revisions\/8133"}],"wp:featuredmedia":[{"embeddable":true,"href":"https:\/\/www.italiafideiussioni.it\/fr\/wp-json\/wp\/v2\/media\/8078"}],"wp:attachment":[{"href":"https:\/\/www.italiafideiussioni.it\/fr\/wp-json\/wp\/v2\/media?parent=8076"}],"curies":[{"name":"wp","href":"https:\/\/api.w.org\/{rel}","templated":true}]}}