{"id":8060,"date":"2018-10-10T09:13:12","date_gmt":"2018-10-10T09:13:12","guid":{"rendered":"https:\/\/www.italiafideiussioni.it\/caution-dassurance-pour-marches-publics\/"},"modified":"2024-08-28T14:22:57","modified_gmt":"2024-08-28T14:22:57","slug":"caution-dassurance-pour-marches-publics","status":"publish","type":"page","link":"https:\/\/www.italiafideiussioni.it\/fr\/caution-dassurance-pour-marches-publics\/","title":{"rendered":"Caution d&rsquo;assurance pour March\u00e9s Publics"},"content":{"rendered":"\n<p>Notre soci\u00e9t\u00e9 se charge de vous fournir le cautionnement assurance pour tout type de march\u00e9 public : caution provisoire, cautionnement d\u00e9finitif, cautionnement assurance en ligne pour avance sur march\u00e9s publics, pour les entreprises italiennes, que ce soit en Italie ou en Europe.<\/p>\n\n\n\n<p>Nous proposons la police C.A.R. pour les march\u00e9s publics \u00ab\u00a0TOUS RISQUES\u00a0\u00bb et la police D\u00e9cennale Posthume en temps r\u00e9el, tout en ligne, avec signature num\u00e9rique certifi\u00e9e.<\/p>\n\n\n\n<p>Cependant, certains march\u00e9s publics sont complexes : appels d&rsquo;offres Trenitalia, CONSIP, RFI, Grandi Stazioni, Anas, Enel, ainsi que le cautionnement assurance en ligne pour le financement de projets. Vous cherchez un cautionnement pour l&rsquo;une de ces entit\u00e9s adjudicatrices ?<\/p>\n\n\n\n<p>Nous avons la solution que vous cherchez. Depuis plusieurs ann\u00e9es, nous fournissons rapidement la caution provisoire, puis le cautionnement d\u00e9finitif pour les march\u00e9s de TRENITALIA.<\/p>\n\n\n\n<p>Lisez ici ce que pensent nos clients de nos services. Nous avons de nombreuses critiques positives.<\/p>\n\n\n\n<p>Nous offrons un mode op\u00e9rationnel innovant de cautionnements assurances en ligne, qui permet \u00e0 l&rsquo;entreprise d&rsquo;imprimer la police provisoire directement dans ses bureaux avec signature num\u00e9rique.<\/p>\n\n\n\n<p>Notre cautionnement assurance en ligne pour les march\u00e9s publics est facile, simple et rapide. Nous qualifions l&rsquo;entreprise qui doit participer \u00e0 un march\u00e9 public en <strong>moins de 24 heures.<\/strong><\/p>\n\n\n\n<p>Nous op\u00e9rons en ligne, en temps r\u00e9el, sur tout le territoire italien, y compris les \u00eeles. Pour toute question ou doute, n&rsquo;h\u00e9sitez pas \u00e0 nous appeler. Vous pouvez \u00e9galement nous \u00e9crire pour obtenir une r\u00e9ponse imm\u00e9diate.<\/p>\n\n\n\n<p><strong>Contactez-nous via <a href=\"https:\/\/wa.me\/+393397150157\">WhatsApp : +39 339 715 01 57<\/a><\/strong><\/p>\n\n\n\n<p>Nous vous r\u00e9servons une attention t\u00e9l\u00e9phonique d\u00e9di\u00e9e. Appelez-nous au : <a href=\"tel:+390266712417\">+39 02 667.124.17<\/a> ou envoyez un e-mail \u00e0 : <a>info@italiafideiussioni.it<\/a><\/p>\n\n\n\n<p>Nous vous offrons :<\/p>\n\n\n\n<ol class=\"wp-block-list\">\n<li>Assistance et aide en temps r\u00e9el gr\u00e2ce \u00e0 nos professionnels.<\/li>\n\n\n\n<li>R\u00e9ponses \u00e0 toutes vos questions et \u00e0 vos doutes.<\/li>\n\n\n\n<li>Conseils pour le meilleur cautionnement adapt\u00e9 \u00e0 vos besoins pour les march\u00e9s publics.<\/li>\n<\/ol>\n\n\n\n<p>Toute personne participant \u00e0 un appel d&rsquo;offres pour un march\u00e9 public doit pr\u00e9senter une garantie caution appel\u00e9e caution provisoire ou garantie provisoire, g\u00e9n\u00e9ralement \u00e9gale \u00e0 2% du montant de l&rsquo;appel d&rsquo;offres.<\/p>\n\n\n\n<p>Une fois l&rsquo;appel d&rsquo;offres remport\u00e9, il doit pr\u00e9senter \u00e0 l&rsquo;entit\u00e9 adjudicatrice une seconde garantie, sous forme de caution ou de cautionnement, appel\u00e9e : Cautionnement D\u00e9finitif, d&rsquo;un montant \u00e9gal \u00e0 10% du contrat de march\u00e9.<\/p>\n\n\n\n<p>Enfin, le soumissionnaire retenu doit \u00e9galement fournir \u00e0 l&rsquo;entit\u00e9 adjudicatrice une garantie pour l&rsquo;avance contractuelle, chaque fois qu&rsquo;une avance sur les travaux du march\u00e9 est demand\u00e9e. Cette garantie est appel\u00e9e : Cautionnement pour Avance.<\/p>\n\n\n\n<p>Voici les types de garanties que nous offrons pour les march\u00e9s publics :<\/p>\n","protected":false},"excerpt":{"rendered":"<p>Provisoires et d\u00e9finitives pour Trenitalia, Consip, et tous les autres types, rapides et \u00e9conomiques.<\/p>\n","protected":false},"author":2,"featured_media":8067,"parent":0,"menu_order":1,"comment_status":"closed","ping_status":"closed","template":"templates-custom\/tpl-pagina-servizi-sub.php","meta":{"_acf_changed":false,"_yoast_wpseo_focuskw":"","_yoast_wpseo_title":"Caution d'assurance pour March\u00e9s Publics | Italia Fideiussioni","_yoast_wpseo_metadesc":"Nous offrons des garanties pour participer \u00e0 des appels d'offres ou des march\u00e9s publics, qu'elles soient provisoires ou d\u00e9finitives - Faites confiance \u00e0 plus de 30 ans d'exp\u00e9rience dans le secteur.","_yoast_wpseo_meta-robots-noindex":"","_yoast_wpseo_meta-robots-nofollow":"","_yoast_wpseo_canonical":"","_yoast_wpseo_opengraph-title":"","_yoast_wpseo_opengraph-description":"","_yoast_wpseo_opengraph-image":"","_yoast_wpseo_opengraph-image-id":"","_yoast_wpseo_twitter-title":"","_yoast_wpseo_twitter-description":"","_yoast_wpseo_twitter-image":"","footnotes":""},"class_list":["post-8060","page","type-page","status-publish","has-post-thumbnail","hentry"],"acf":{"blocco_iniziale":"<div class=\"container_iframe\" style=\"margin-bottom: 30px;\"><div class=\"epyt-video-wrapper\"><iframe  id=\"_ytid_85671\"  width=\"480\" height=\"270\"  data-origwidth=\"480\" data-origheight=\"270\"  data-relstop=\"1\" src=\"https:\/\/www.youtube.com\/embed\/Xdo0s8stim0?enablejsapi=1&autoplay=0&cc_load_policy=0&cc_lang_pref=&iv_load_policy=3&loop=0&rel=0&fs=1&playsinline=0&autohide=2&theme=dark&color=red&controls=1&disablekb=0&\" class=\"__youtube_prefs__  no-lazyload\" title=\"YouTube player\"  allow=\"fullscreen; accelerometer; autoplay; clipboard-write; encrypted-media; gyroscope; picture-in-picture; web-share\" referrerpolicy=\"strict-origin-when-cross-origin\" allowfullscreen data-no-lazy=\"1\" data-skipgform_ajax_framebjll=\"\"><\/iframe><\/div><\/div>\n","macroarea_servizi":"appalti"},"yoast_head":"<!-- This site is optimized with the Yoast SEO plugin v27.4 - https:\/\/yoast.com\/product\/yoast-seo-wordpress\/ -->\n<title>Caution d&#039;assurance pour March\u00e9s Publics | Italia Fideiussioni<\/title>\n<meta name=\"description\" content=\"Nous offrons des garanties pour participer \u00e0 des appels d&#039;offres ou des march\u00e9s publics, qu&#039;elles soient provisoires ou d\u00e9finitives - Faites confiance \u00e0 plus de 30 ans d&#039;exp\u00e9rience dans le secteur.\" \/>\n<meta name=\"robots\" content=\"index, follow, max-snippet:-1, max-image-preview:large, max-video-preview:-1\" \/>\n<link rel=\"canonical\" href=\"https:\/\/www.italiafideiussioni.it\/fr\/caution-dassurance-pour-marches-publics\/\" \/>\n<meta property=\"og:locale\" content=\"fr_FR\" \/>\n<meta property=\"og:type\" content=\"article\" \/>\n<meta property=\"og:title\" content=\"Caution d&#039;assurance pour March\u00e9s Publics | Italia Fideiussioni\" \/>\n<meta property=\"og:description\" content=\"Nous offrons des garanties pour participer \u00e0 des appels d&#039;offres ou des march\u00e9s publics, qu&#039;elles soient provisoires ou d\u00e9finitives - Faites confiance \u00e0 plus de 30 ans d&#039;exp\u00e9rience dans le secteur.\" \/>\n<meta property=\"og:url\" content=\"https:\/\/www.italiafideiussioni.it\/fr\/caution-dassurance-pour-marches-publics\/\" \/>\n<meta property=\"og:site_name\" content=\"Italia Fideiussioni\" \/>\n<meta property=\"article:publisher\" content=\"https:\/\/www.facebook.com\/italiafideiussioni\/\" \/>\n<meta property=\"article:modified_time\" content=\"2024-08-28T14:22:57+00:00\" \/>\n<meta property=\"og:image\" content=\"https:\/\/www.italiafideiussioni.it\/wp-content\/uploads\/2023\/02\/polizze-appalti-pubblici-e-privati.jpg\" \/>\n\t<meta property=\"og:image:width\" content=\"800\" \/>\n\t<meta property=\"og:image:height\" content=\"692\" \/>\n\t<meta property=\"og:image:type\" content=\"image\/jpeg\" \/>\n<meta name=\"twitter:card\" content=\"summary_large_image\" \/>\n<meta name=\"twitter:site\" content=\"@itafideiussioni\" \/>\n<meta name=\"twitter:label1\" content=\"Dur\u00e9e de lecture estim\u00e9e\" \/>\n\t<meta name=\"twitter:data1\" content=\"3 minutes\" \/>\n<script type=\"application\/ld+json\" class=\"yoast-schema-graph\">{\"@context\":\"https:\\\/\\\/schema.org\",\"@graph\":[{\"@type\":\"WebPage\",\"@id\":\"https:\\\/\\\/www.italiafideiussioni.it\\\/fr\\\/caution-dassurance-pour-marches-publics\\\/\",\"url\":\"https:\\\/\\\/www.italiafideiussioni.it\\\/fr\\\/caution-dassurance-pour-marches-publics\\\/\",\"name\":\"Caution d'assurance pour March\u00e9s Publics | Italia Fideiussioni\",\"isPartOf\":{\"@id\":\"https:\\\/\\\/www.italiafideiussioni.it\\\/fr\\\/#website\"},\"primaryImageOfPage\":{\"@id\":\"https:\\\/\\\/www.italiafideiussioni.it\\\/fr\\\/caution-dassurance-pour-marches-publics\\\/#primaryimage\"},\"image\":{\"@id\":\"https:\\\/\\\/www.italiafideiussioni.it\\\/fr\\\/caution-dassurance-pour-marches-publics\\\/#primaryimage\"},\"thumbnailUrl\":\"https:\\\/\\\/www.italiafideiussioni.it\\\/wp-content\\\/uploads\\\/2023\\\/02\\\/polizze-appalti-pubblici-e-privati.jpg\",\"datePublished\":\"2018-10-10T09:13:12+00:00\",\"dateModified\":\"2024-08-28T14:22:57+00:00\",\"description\":\"Nous offrons des garanties pour participer \u00e0 des appels d'offres ou des march\u00e9s publics, qu'elles soient provisoires ou d\u00e9finitives - Faites confiance \u00e0 plus de 30 ans d'exp\u00e9rience dans le secteur.\",\"breadcrumb\":{\"@id\":\"https:\\\/\\\/www.italiafideiussioni.it\\\/fr\\\/caution-dassurance-pour-marches-publics\\\/#breadcrumb\"},\"inLanguage\":\"fr-FR\",\"potentialAction\":[{\"@type\":\"ReadAction\",\"target\":[\"https:\\\/\\\/www.italiafideiussioni.it\\\/fr\\\/caution-dassurance-pour-marches-publics\\\/\"]}]},{\"@type\":\"ImageObject\",\"inLanguage\":\"fr-FR\",\"@id\":\"https:\\\/\\\/www.italiafideiussioni.it\\\/fr\\\/caution-dassurance-pour-marches-publics\\\/#primaryimage\",\"url\":\"https:\\\/\\\/www.italiafideiussioni.it\\\/wp-content\\\/uploads\\\/2023\\\/02\\\/polizze-appalti-pubblici-e-privati.jpg\",\"contentUrl\":\"https:\\\/\\\/www.italiafideiussioni.it\\\/wp-content\\\/uploads\\\/2023\\\/02\\\/polizze-appalti-pubblici-e-privati.jpg\",\"width\":800,\"height\":692,\"caption\":\"strada vista dall'alto\"},{\"@type\":\"BreadcrumbList\",\"@id\":\"https:\\\/\\\/www.italiafideiussioni.it\\\/fr\\\/caution-dassurance-pour-marches-publics\\\/#breadcrumb\",\"itemListElement\":[{\"@type\":\"ListItem\",\"position\":1,\"name\":\"Home\",\"item\":\"https:\\\/\\\/www.italiafideiussioni.it\\\/fr\\\/page-daccueil-2013\\\/\"},{\"@type\":\"ListItem\",\"position\":2,\"name\":\"Caution d&#8217;assurance pour March\u00e9s Publics\"}]},{\"@type\":\"WebSite\",\"@id\":\"https:\\\/\\\/www.italiafideiussioni.it\\\/fr\\\/#website\",\"url\":\"https:\\\/\\\/www.italiafideiussioni.it\\\/fr\\\/\",\"name\":\"Italia Fideiussioni\",\"description\":\"\",\"publisher\":{\"@id\":\"https:\\\/\\\/www.italiafideiussioni.it\\\/fr\\\/#organization\"},\"potentialAction\":[{\"@type\":\"SearchAction\",\"target\":{\"@type\":\"EntryPoint\",\"urlTemplate\":\"https:\\\/\\\/www.italiafideiussioni.it\\\/fr\\\/?s={search_term_string}\"},\"query-input\":{\"@type\":\"PropertyValueSpecification\",\"valueRequired\":true,\"valueName\":\"search_term_string\"}}],\"inLanguage\":\"fr-FR\"},{\"@type\":\"Organization\",\"@id\":\"https:\\\/\\\/www.italiafideiussioni.it\\\/fr\\\/#organization\",\"name\":\"Fideiussioni s.r.l.\",\"url\":\"https:\\\/\\\/www.italiafideiussioni.it\\\/fr\\\/\",\"logo\":{\"@type\":\"ImageObject\",\"inLanguage\":\"fr-FR\",\"@id\":\"https:\\\/\\\/www.italiafideiussioni.it\\\/fr\\\/#\\\/schema\\\/logo\\\/image\\\/\",\"url\":\"https:\\\/\\\/www.italiafideiussioni.it\\\/wp-content\\\/uploads\\\/2018\\\/10\\\/italiafideiussioni-logo-white.png\",\"contentUrl\":\"https:\\\/\\\/www.italiafideiussioni.it\\\/wp-content\\\/uploads\\\/2018\\\/10\\\/italiafideiussioni-logo-white.png\",\"width\":516,\"height\":97,\"caption\":\"Fideiussioni s.r.l.\"},\"image\":{\"@id\":\"https:\\\/\\\/www.italiafideiussioni.it\\\/fr\\\/#\\\/schema\\\/logo\\\/image\\\/\"},\"sameAs\":[\"https:\\\/\\\/www.facebook.com\\\/italiafideiussioni\\\/\",\"https:\\\/\\\/x.com\\\/itafideiussioni\",\"https:\\\/\\\/www.linkedin.com\\\/company\\\/italiafideiussioni-srl\\\/about\\\/\",\"https:\\\/\\\/www.youtube.com\\\/channel\\\/UC-OhbmM_pkAEKLqJ6nQbpjw\"]}]}<\/script>\n<!-- \/ Yoast SEO plugin. -->","yoast_head_json":{"title":"Caution d'assurance pour March\u00e9s Publics | Italia Fideiussioni","description":"Nous offrons des garanties pour participer \u00e0 des appels d'offres ou des march\u00e9s publics, qu'elles soient provisoires ou d\u00e9finitives - Faites confiance \u00e0 plus de 30 ans d'exp\u00e9rience dans le secteur.","robots":{"index":"index","follow":"follow","max-snippet":"max-snippet:-1","max-image-preview":"max-image-preview:large","max-video-preview":"max-video-preview:-1"},"canonical":"https:\/\/www.italiafideiussioni.it\/fr\/caution-dassurance-pour-marches-publics\/","og_locale":"fr_FR","og_type":"article","og_title":"Caution d'assurance pour March\u00e9s Publics | Italia Fideiussioni","og_description":"Nous offrons des garanties pour participer \u00e0 des appels d'offres ou des march\u00e9s publics, qu'elles soient provisoires ou d\u00e9finitives - Faites confiance \u00e0 plus de 30 ans d'exp\u00e9rience dans le secteur.","og_url":"https:\/\/www.italiafideiussioni.it\/fr\/caution-dassurance-pour-marches-publics\/","og_site_name":"Italia Fideiussioni","article_publisher":"https:\/\/www.facebook.com\/italiafideiussioni\/","article_modified_time":"2024-08-28T14:22:57+00:00","og_image":[{"width":800,"height":692,"url":"https:\/\/www.italiafideiussioni.it\/wp-content\/uploads\/2023\/02\/polizze-appalti-pubblici-e-privati.jpg","type":"image\/jpeg"}],"twitter_card":"summary_large_image","twitter_site":"@itafideiussioni","twitter_misc":{"Dur\u00e9e de lecture estim\u00e9e":"3 minutes"},"schema":{"@context":"https:\/\/schema.org","@graph":[{"@type":"WebPage","@id":"https:\/\/www.italiafideiussioni.it\/fr\/caution-dassurance-pour-marches-publics\/","url":"https:\/\/www.italiafideiussioni.it\/fr\/caution-dassurance-pour-marches-publics\/","name":"Caution d'assurance pour March\u00e9s Publics | Italia Fideiussioni","isPartOf":{"@id":"https:\/\/www.italiafideiussioni.it\/fr\/#website"},"primaryImageOfPage":{"@id":"https:\/\/www.italiafideiussioni.it\/fr\/caution-dassurance-pour-marches-publics\/#primaryimage"},"image":{"@id":"https:\/\/www.italiafideiussioni.it\/fr\/caution-dassurance-pour-marches-publics\/#primaryimage"},"thumbnailUrl":"https:\/\/www.italiafideiussioni.it\/wp-content\/uploads\/2023\/02\/polizze-appalti-pubblici-e-privati.jpg","datePublished":"2018-10-10T09:13:12+00:00","dateModified":"2024-08-28T14:22:57+00:00","description":"Nous offrons des garanties pour participer \u00e0 des appels d'offres ou des march\u00e9s publics, qu'elles soient provisoires ou d\u00e9finitives - Faites confiance \u00e0 plus de 30 ans d'exp\u00e9rience dans le secteur.","breadcrumb":{"@id":"https:\/\/www.italiafideiussioni.it\/fr\/caution-dassurance-pour-marches-publics\/#breadcrumb"},"inLanguage":"fr-FR","potentialAction":[{"@type":"ReadAction","target":["https:\/\/www.italiafideiussioni.it\/fr\/caution-dassurance-pour-marches-publics\/"]}]},{"@type":"ImageObject","inLanguage":"fr-FR","@id":"https:\/\/www.italiafideiussioni.it\/fr\/caution-dassurance-pour-marches-publics\/#primaryimage","url":"https:\/\/www.italiafideiussioni.it\/wp-content\/uploads\/2023\/02\/polizze-appalti-pubblici-e-privati.jpg","contentUrl":"https:\/\/www.italiafideiussioni.it\/wp-content\/uploads\/2023\/02\/polizze-appalti-pubblici-e-privati.jpg","width":800,"height":692,"caption":"strada vista dall'alto"},{"@type":"BreadcrumbList","@id":"https:\/\/www.italiafideiussioni.it\/fr\/caution-dassurance-pour-marches-publics\/#breadcrumb","itemListElement":[{"@type":"ListItem","position":1,"name":"Home","item":"https:\/\/www.italiafideiussioni.it\/fr\/page-daccueil-2013\/"},{"@type":"ListItem","position":2,"name":"Caution d&#8217;assurance pour March\u00e9s Publics"}]},{"@type":"WebSite","@id":"https:\/\/www.italiafideiussioni.it\/fr\/#website","url":"https:\/\/www.italiafideiussioni.it\/fr\/","name":"Italia Fideiussioni","description":"","publisher":{"@id":"https:\/\/www.italiafideiussioni.it\/fr\/#organization"},"potentialAction":[{"@type":"SearchAction","target":{"@type":"EntryPoint","urlTemplate":"https:\/\/www.italiafideiussioni.it\/fr\/?s={search_term_string}"},"query-input":{"@type":"PropertyValueSpecification","valueRequired":true,"valueName":"search_term_string"}}],"inLanguage":"fr-FR"},{"@type":"Organization","@id":"https:\/\/www.italiafideiussioni.it\/fr\/#organization","name":"Fideiussioni s.r.l.","url":"https:\/\/www.italiafideiussioni.it\/fr\/","logo":{"@type":"ImageObject","inLanguage":"fr-FR","@id":"https:\/\/www.italiafideiussioni.it\/fr\/#\/schema\/logo\/image\/","url":"https:\/\/www.italiafideiussioni.it\/wp-content\/uploads\/2018\/10\/italiafideiussioni-logo-white.png","contentUrl":"https:\/\/www.italiafideiussioni.it\/wp-content\/uploads\/2018\/10\/italiafideiussioni-logo-white.png","width":516,"height":97,"caption":"Fideiussioni s.r.l."},"image":{"@id":"https:\/\/www.italiafideiussioni.it\/fr\/#\/schema\/logo\/image\/"},"sameAs":["https:\/\/www.facebook.com\/italiafideiussioni\/","https:\/\/x.com\/itafideiussioni","https:\/\/www.linkedin.com\/company\/italiafideiussioni-srl\/about\/","https:\/\/www.youtube.com\/channel\/UC-OhbmM_pkAEKLqJ6nQbpjw"]}]}},"_links":{"self":[{"href":"https:\/\/www.italiafideiussioni.it\/fr\/wp-json\/wp\/v2\/pages\/8060","targetHints":{"allow":["GET"]}}],"collection":[{"href":"https:\/\/www.italiafideiussioni.it\/fr\/wp-json\/wp\/v2\/pages"}],"about":[{"href":"https:\/\/www.italiafideiussioni.it\/fr\/wp-json\/wp\/v2\/types\/page"}],"author":[{"embeddable":true,"href":"https:\/\/www.italiafideiussioni.it\/fr\/wp-json\/wp\/v2\/users\/2"}],"replies":[{"embeddable":true,"href":"https:\/\/www.italiafideiussioni.it\/fr\/wp-json\/wp\/v2\/comments?post=8060"}],"version-history":[{"count":3,"href":"https:\/\/www.italiafideiussioni.it\/fr\/wp-json\/wp\/v2\/pages\/8060\/revisions"}],"predecessor-version":[{"id":8147,"href":"https:\/\/www.italiafideiussioni.it\/fr\/wp-json\/wp\/v2\/pages\/8060\/revisions\/8147"}],"wp:featuredmedia":[{"embeddable":true,"href":"https:\/\/www.italiafideiussioni.it\/fr\/wp-json\/wp\/v2\/media\/8067"}],"wp:attachment":[{"href":"https:\/\/www.italiafideiussioni.it\/fr\/wp-json\/wp\/v2\/media?parent=8060"}],"curies":[{"name":"wp","href":"https:\/\/api.w.org\/{rel}","templated":true}]}}