{"id":8056,"date":"2018-10-10T09:10:11","date_gmt":"2018-10-10T09:10:11","guid":{"rendered":"https:\/\/www.italiafideiussioni.it\/cautionnements-pour-entreprises-et-professionnels\/"},"modified":"2024-11-11T11:15:35","modified_gmt":"2024-11-11T11:15:35","slug":"cautionnements-pour-entreprises-et-professionnels","status":"publish","type":"page","link":"https:\/\/www.italiafideiussioni.it\/fr\/cautionnements-pour-entreprises-et-professionnels\/","title":{"rendered":"Nos Cautions Bancaires pour Entreprises et Professionnels"},"content":{"rendered":"\n<p><strong>Votre tranquillit\u00e9 est notre priorit\u00e9.<\/strong><\/p>\n\n\n\n<p><span style=\"font-weight: 400;\">La caution d&rsquo;assurance est n\u00e9cessaire pour de nombreuses entreprises op\u00e9rant sur le march\u00e9 commercial. Cet outil est utilis\u00e9 pour fournir des garanties ou des couvertures financi\u00e8res afin d&rsquo;assurer l&rsquo;ex\u00e9cution d&rsquo;un contrat. <\/span><\/p>\n\n\n\n<p><span style=\"font-weight: 400;\">Nous nous occupons de trouver les meilleures solutions de cautionnement et de garantie pour toutes les entreprises qui doivent pr\u00e9senter une garantie pour leur activit\u00e9 professionnelle.<\/span><\/p>\n\n\n\n<p><span style=\"font-weight: 400;\">Nous sommes un soutien pr\u00e9cieux pour les entreprises qui doivent s&rsquo;inscrire au<\/span><b>Registre des Gestionnaires Environnementaux<\/b><span style=\"font-weight: 400;\">, pour les <\/span><b>Cautionnements Transfrontaliers des d\u00e9chets,<\/b><span style=\"font-weight: 400;\"> pour les entreprises qui ont re\u00e7u une <\/span><b>Subvention Publique \u00e0 Fond Perdu, Agea, Anpal <\/b><span style=\"font-weight: 400;\">et similaires et qui ont besoin d&rsquo;une avance, pour les soci\u00e9t\u00e9s de <\/span><b>surveillance et d&rsquo;investigation.<\/b><span style=\"font-weight: 400;\"> De plus, nous soutenons les constructeurs immobiliers pour fournir les cautionnements sur les acomptes vers\u00e9s au constructeur conform\u00e9ment \u00e0 la Loi 210\/2004, D\u00e9cret l\u00e9gislatif N. 122\/2005, pour la police CAR et Postume selon la r\u00e9glementation r\u00e9cente et ses mises \u00e0 jour.<\/span><\/p>\n\n\n\n<p><span style=\"font-weight: 400;\">Notre \u00e9quipe d&rsquo;experts poss\u00e8de une exp\u00e9rience approfondie dans le secteur des <\/span><b>Cautionnements et Garanties <\/b><span style=\"font-weight: 400;\">et travaille incessamment pour trouver les solutions de cautionnement les plus adapt\u00e9es aux besoins des entreprises qui nous font confiance. <\/span><strong><span style=\"font-weight: 400;\">Nous op\u00e9rons dans toute l&rsquo;Italie, <\/span>y compris les \u00eeles.<\/strong><br><br>Nous offrons un service client de la plus haute qualit\u00e9 et nous nous engageons toujours \u00e0 fournir des r\u00e9ponses rapides et pr\u00e9cises \u00e0 nos clients.<br><br>Si vous avez besoin d&rsquo;assistance ou d&rsquo;informations sur les services que nous offrons, n&rsquo;h\u00e9sitez pas \u00e0 nous contacter.<br><br><strong>\u00c9crivez-nous via <\/strong><a href=\"https:\/\/wa.me\/+393397150157\"><strong>WhatsApp : +39 339 71.50.157<\/strong>,<\/a> envoyez un message, nous vous r\u00e9pondrons pendant les heures de bureau, <strong>dans les 5 minutes.<\/strong><br><br>Nous sommes une entreprise fiable et exp\u00e9riment\u00e9e qui fournit des solutions de caution personnalis\u00e9es pour les besoins des entreprises op\u00e9rant sur les march\u00e9s nationaux et internationaux. Nous sommes fiers d&rsquo;avoir construit une r\u00e9putation fond\u00e9e sur la qualit\u00e9 et l&rsquo;efficacit\u00e9 de nos services, offrant \u00e0 nos clients la tranquillit\u00e9 d&rsquo;esprit de pouvoir compter sur nous pour chaque besoin de caution.<\/p>\n\n\n\n<p>&nbsp;<\/p>\n","protected":false},"excerpt":{"rendered":"<p>Reperiamo le Fideiussioni necessarie per l&rsquo;attivit\u00e0 lavorativa di numerose tipologie di aziende<\/p>\n","protected":false},"author":2,"featured_media":8057,"parent":0,"menu_order":1,"comment_status":"closed","ping_status":"closed","template":"templates-custom\/tpl-pagina-servizi-top.php","meta":{"_acf_changed":false,"_yoast_wpseo_focuskw":"","_yoast_wpseo_title":"Cautionnements pour Entreprises et Professionnels | Italia Fideiussioni","_yoast_wpseo_metadesc":"Nous offrons des garanties pour les appels d'offres, pour les gestionnaires environnementaux, pour les professionnels, pour le secteur de la construction et pour les subventions publiques","_yoast_wpseo_meta-robots-noindex":"","_yoast_wpseo_meta-robots-nofollow":"","_yoast_wpseo_canonical":"","_yoast_wpseo_opengraph-title":"","_yoast_wpseo_opengraph-description":"","_yoast_wpseo_opengraph-image":"","_yoast_wpseo_opengraph-image-id":"","_yoast_wpseo_twitter-title":"","_yoast_wpseo_twitter-description":"","_yoast_wpseo_twitter-image":"","footnotes":""},"class_list":["post-8056","page","type-page","status-publish","has-post-thumbnail","hentry"],"acf":{"macroarea_servizi":"","blocco_iniziale":""},"yoast_head":"<!-- This site is optimized with the Yoast SEO plugin v27.4 - https:\/\/yoast.com\/product\/yoast-seo-wordpress\/ -->\n<title>Cautionnements pour Entreprises et Professionnels | Italia Fideiussioni<\/title>\n<meta name=\"description\" content=\"Nous offrons des garanties pour les appels d&#039;offres, pour les gestionnaires environnementaux, pour les professionnels, pour le secteur de la construction et pour les subventions publiques\" \/>\n<meta name=\"robots\" content=\"index, follow, max-snippet:-1, max-image-preview:large, max-video-preview:-1\" \/>\n<link rel=\"canonical\" href=\"https:\/\/www.italiafideiussioni.it\/fr\/cautionnements-pour-entreprises-et-professionnels\/\" \/>\n<meta property=\"og:locale\" content=\"fr_FR\" \/>\n<meta property=\"og:type\" content=\"article\" \/>\n<meta property=\"og:title\" content=\"Cautionnements pour Entreprises et Professionnels | Italia Fideiussioni\" \/>\n<meta property=\"og:description\" content=\"Nous offrons des garanties pour les appels d&#039;offres, pour les gestionnaires environnementaux, pour les professionnels, pour le secteur de la construction et pour les subventions publiques\" \/>\n<meta property=\"og:url\" content=\"https:\/\/www.italiafideiussioni.it\/fr\/cautionnements-pour-entreprises-et-professionnels\/\" \/>\n<meta property=\"og:site_name\" content=\"Italia Fideiussioni\" \/>\n<meta property=\"article:publisher\" content=\"https:\/\/www.facebook.com\/italiafideiussioni\/\" \/>\n<meta property=\"article:modified_time\" content=\"2024-11-11T11:15:35+00:00\" \/>\n<meta property=\"og:image\" content=\"https:\/\/www.italiafideiussioni.it\/wp-content\/uploads\/2018\/10\/fideiussioni-per-imprese-professionisti.png\" \/>\n\t<meta property=\"og:image:width\" content=\"490\" \/>\n\t<meta property=\"og:image:height\" content=\"424\" \/>\n\t<meta property=\"og:image:type\" content=\"image\/png\" \/>\n<meta name=\"twitter:card\" content=\"summary_large_image\" \/>\n<meta name=\"twitter:site\" content=\"@itafideiussioni\" \/>\n<meta name=\"twitter:label1\" content=\"Dur\u00e9e de lecture estim\u00e9e\" \/>\n\t<meta name=\"twitter:data1\" content=\"2 minutes\" \/>\n<script type=\"application\/ld+json\" class=\"yoast-schema-graph\">{\"@context\":\"https:\\\/\\\/schema.org\",\"@graph\":[{\"@type\":\"WebPage\",\"@id\":\"https:\\\/\\\/www.italiafideiussioni.it\\\/fr\\\/cautionnements-pour-entreprises-et-professionnels\\\/\",\"url\":\"https:\\\/\\\/www.italiafideiussioni.it\\\/fr\\\/cautionnements-pour-entreprises-et-professionnels\\\/\",\"name\":\"Cautionnements pour Entreprises et Professionnels | Italia Fideiussioni\",\"isPartOf\":{\"@id\":\"https:\\\/\\\/www.italiafideiussioni.it\\\/fr\\\/#website\"},\"primaryImageOfPage\":{\"@id\":\"https:\\\/\\\/www.italiafideiussioni.it\\\/fr\\\/cautionnements-pour-entreprises-et-professionnels\\\/#primaryimage\"},\"image\":{\"@id\":\"https:\\\/\\\/www.italiafideiussioni.it\\\/fr\\\/cautionnements-pour-entreprises-et-professionnels\\\/#primaryimage\"},\"thumbnailUrl\":\"https:\\\/\\\/www.italiafideiussioni.it\\\/wp-content\\\/uploads\\\/2018\\\/10\\\/fideiussioni-per-imprese-professionisti.png\",\"datePublished\":\"2018-10-10T09:10:11+00:00\",\"dateModified\":\"2024-11-11T11:15:35+00:00\",\"description\":\"Nous offrons des garanties pour les appels d'offres, pour les gestionnaires environnementaux, pour les professionnels, pour le secteur de la construction et pour les subventions publiques\",\"breadcrumb\":{\"@id\":\"https:\\\/\\\/www.italiafideiussioni.it\\\/fr\\\/cautionnements-pour-entreprises-et-professionnels\\\/#breadcrumb\"},\"inLanguage\":\"fr-FR\",\"potentialAction\":[{\"@type\":\"ReadAction\",\"target\":[\"https:\\\/\\\/www.italiafideiussioni.it\\\/fr\\\/cautionnements-pour-entreprises-et-professionnels\\\/\"]}]},{\"@type\":\"ImageObject\",\"inLanguage\":\"fr-FR\",\"@id\":\"https:\\\/\\\/www.italiafideiussioni.it\\\/fr\\\/cautionnements-pour-entreprises-et-professionnels\\\/#primaryimage\",\"url\":\"https:\\\/\\\/www.italiafideiussioni.it\\\/wp-content\\\/uploads\\\/2018\\\/10\\\/fideiussioni-per-imprese-professionisti.png\",\"contentUrl\":\"https:\\\/\\\/www.italiafideiussioni.it\\\/wp-content\\\/uploads\\\/2018\\\/10\\\/fideiussioni-per-imprese-professionisti.png\",\"width\":490,\"height\":424},{\"@type\":\"BreadcrumbList\",\"@id\":\"https:\\\/\\\/www.italiafideiussioni.it\\\/fr\\\/cautionnements-pour-entreprises-et-professionnels\\\/#breadcrumb\",\"itemListElement\":[{\"@type\":\"ListItem\",\"position\":1,\"name\":\"Home\",\"item\":\"https:\\\/\\\/www.italiafideiussioni.it\\\/fr\\\/page-daccueil-2013\\\/\"},{\"@type\":\"ListItem\",\"position\":2,\"name\":\"Nos Cautions Bancaires pour Entreprises et Professionnels\"}]},{\"@type\":\"WebSite\",\"@id\":\"https:\\\/\\\/www.italiafideiussioni.it\\\/fr\\\/#website\",\"url\":\"https:\\\/\\\/www.italiafideiussioni.it\\\/fr\\\/\",\"name\":\"Italia Fideiussioni\",\"description\":\"\",\"publisher\":{\"@id\":\"https:\\\/\\\/www.italiafideiussioni.it\\\/fr\\\/#organization\"},\"potentialAction\":[{\"@type\":\"SearchAction\",\"target\":{\"@type\":\"EntryPoint\",\"urlTemplate\":\"https:\\\/\\\/www.italiafideiussioni.it\\\/fr\\\/?s={search_term_string}\"},\"query-input\":{\"@type\":\"PropertyValueSpecification\",\"valueRequired\":true,\"valueName\":\"search_term_string\"}}],\"inLanguage\":\"fr-FR\"},{\"@type\":\"Organization\",\"@id\":\"https:\\\/\\\/www.italiafideiussioni.it\\\/fr\\\/#organization\",\"name\":\"Fideiussioni s.r.l.\",\"url\":\"https:\\\/\\\/www.italiafideiussioni.it\\\/fr\\\/\",\"logo\":{\"@type\":\"ImageObject\",\"inLanguage\":\"fr-FR\",\"@id\":\"https:\\\/\\\/www.italiafideiussioni.it\\\/fr\\\/#\\\/schema\\\/logo\\\/image\\\/\",\"url\":\"https:\\\/\\\/www.italiafideiussioni.it\\\/wp-content\\\/uploads\\\/2018\\\/10\\\/italiafideiussioni-logo-white.png\",\"contentUrl\":\"https:\\\/\\\/www.italiafideiussioni.it\\\/wp-content\\\/uploads\\\/2018\\\/10\\\/italiafideiussioni-logo-white.png\",\"width\":516,\"height\":97,\"caption\":\"Fideiussioni s.r.l.\"},\"image\":{\"@id\":\"https:\\\/\\\/www.italiafideiussioni.it\\\/fr\\\/#\\\/schema\\\/logo\\\/image\\\/\"},\"sameAs\":[\"https:\\\/\\\/www.facebook.com\\\/italiafideiussioni\\\/\",\"https:\\\/\\\/x.com\\\/itafideiussioni\",\"https:\\\/\\\/www.linkedin.com\\\/company\\\/italiafideiussioni-srl\\\/about\\\/\",\"https:\\\/\\\/www.youtube.com\\\/channel\\\/UC-OhbmM_pkAEKLqJ6nQbpjw\"]}]}<\/script>\n<!-- \/ Yoast SEO plugin. -->","yoast_head_json":{"title":"Cautionnements pour Entreprises et Professionnels | Italia Fideiussioni","description":"Nous offrons des garanties pour les appels d'offres, pour les gestionnaires environnementaux, pour les professionnels, pour le secteur de la construction et pour les subventions publiques","robots":{"index":"index","follow":"follow","max-snippet":"max-snippet:-1","max-image-preview":"max-image-preview:large","max-video-preview":"max-video-preview:-1"},"canonical":"https:\/\/www.italiafideiussioni.it\/fr\/cautionnements-pour-entreprises-et-professionnels\/","og_locale":"fr_FR","og_type":"article","og_title":"Cautionnements pour Entreprises et Professionnels | Italia Fideiussioni","og_description":"Nous offrons des garanties pour les appels d'offres, pour les gestionnaires environnementaux, pour les professionnels, pour le secteur de la construction et pour les subventions publiques","og_url":"https:\/\/www.italiafideiussioni.it\/fr\/cautionnements-pour-entreprises-et-professionnels\/","og_site_name":"Italia Fideiussioni","article_publisher":"https:\/\/www.facebook.com\/italiafideiussioni\/","article_modified_time":"2024-11-11T11:15:35+00:00","og_image":[{"width":490,"height":424,"url":"https:\/\/www.italiafideiussioni.it\/wp-content\/uploads\/2018\/10\/fideiussioni-per-imprese-professionisti.png","type":"image\/png"}],"twitter_card":"summary_large_image","twitter_site":"@itafideiussioni","twitter_misc":{"Dur\u00e9e de lecture estim\u00e9e":"2 minutes"},"schema":{"@context":"https:\/\/schema.org","@graph":[{"@type":"WebPage","@id":"https:\/\/www.italiafideiussioni.it\/fr\/cautionnements-pour-entreprises-et-professionnels\/","url":"https:\/\/www.italiafideiussioni.it\/fr\/cautionnements-pour-entreprises-et-professionnels\/","name":"Cautionnements pour Entreprises et Professionnels | Italia Fideiussioni","isPartOf":{"@id":"https:\/\/www.italiafideiussioni.it\/fr\/#website"},"primaryImageOfPage":{"@id":"https:\/\/www.italiafideiussioni.it\/fr\/cautionnements-pour-entreprises-et-professionnels\/#primaryimage"},"image":{"@id":"https:\/\/www.italiafideiussioni.it\/fr\/cautionnements-pour-entreprises-et-professionnels\/#primaryimage"},"thumbnailUrl":"https:\/\/www.italiafideiussioni.it\/wp-content\/uploads\/2018\/10\/fideiussioni-per-imprese-professionisti.png","datePublished":"2018-10-10T09:10:11+00:00","dateModified":"2024-11-11T11:15:35+00:00","description":"Nous offrons des garanties pour les appels d'offres, pour les gestionnaires environnementaux, pour les professionnels, pour le secteur de la construction et pour les subventions publiques","breadcrumb":{"@id":"https:\/\/www.italiafideiussioni.it\/fr\/cautionnements-pour-entreprises-et-professionnels\/#breadcrumb"},"inLanguage":"fr-FR","potentialAction":[{"@type":"ReadAction","target":["https:\/\/www.italiafideiussioni.it\/fr\/cautionnements-pour-entreprises-et-professionnels\/"]}]},{"@type":"ImageObject","inLanguage":"fr-FR","@id":"https:\/\/www.italiafideiussioni.it\/fr\/cautionnements-pour-entreprises-et-professionnels\/#primaryimage","url":"https:\/\/www.italiafideiussioni.it\/wp-content\/uploads\/2018\/10\/fideiussioni-per-imprese-professionisti.png","contentUrl":"https:\/\/www.italiafideiussioni.it\/wp-content\/uploads\/2018\/10\/fideiussioni-per-imprese-professionisti.png","width":490,"height":424},{"@type":"BreadcrumbList","@id":"https:\/\/www.italiafideiussioni.it\/fr\/cautionnements-pour-entreprises-et-professionnels\/#breadcrumb","itemListElement":[{"@type":"ListItem","position":1,"name":"Home","item":"https:\/\/www.italiafideiussioni.it\/fr\/page-daccueil-2013\/"},{"@type":"ListItem","position":2,"name":"Nos Cautions Bancaires pour Entreprises et Professionnels"}]},{"@type":"WebSite","@id":"https:\/\/www.italiafideiussioni.it\/fr\/#website","url":"https:\/\/www.italiafideiussioni.it\/fr\/","name":"Italia Fideiussioni","description":"","publisher":{"@id":"https:\/\/www.italiafideiussioni.it\/fr\/#organization"},"potentialAction":[{"@type":"SearchAction","target":{"@type":"EntryPoint","urlTemplate":"https:\/\/www.italiafideiussioni.it\/fr\/?s={search_term_string}"},"query-input":{"@type":"PropertyValueSpecification","valueRequired":true,"valueName":"search_term_string"}}],"inLanguage":"fr-FR"},{"@type":"Organization","@id":"https:\/\/www.italiafideiussioni.it\/fr\/#organization","name":"Fideiussioni s.r.l.","url":"https:\/\/www.italiafideiussioni.it\/fr\/","logo":{"@type":"ImageObject","inLanguage":"fr-FR","@id":"https:\/\/www.italiafideiussioni.it\/fr\/#\/schema\/logo\/image\/","url":"https:\/\/www.italiafideiussioni.it\/wp-content\/uploads\/2018\/10\/italiafideiussioni-logo-white.png","contentUrl":"https:\/\/www.italiafideiussioni.it\/wp-content\/uploads\/2018\/10\/italiafideiussioni-logo-white.png","width":516,"height":97,"caption":"Fideiussioni s.r.l."},"image":{"@id":"https:\/\/www.italiafideiussioni.it\/fr\/#\/schema\/logo\/image\/"},"sameAs":["https:\/\/www.facebook.com\/italiafideiussioni\/","https:\/\/x.com\/itafideiussioni","https:\/\/www.linkedin.com\/company\/italiafideiussioni-srl\/about\/","https:\/\/www.youtube.com\/channel\/UC-OhbmM_pkAEKLqJ6nQbpjw"]}]}},"_links":{"self":[{"href":"https:\/\/www.italiafideiussioni.it\/fr\/wp-json\/wp\/v2\/pages\/8056","targetHints":{"allow":["GET"]}}],"collection":[{"href":"https:\/\/www.italiafideiussioni.it\/fr\/wp-json\/wp\/v2\/pages"}],"about":[{"href":"https:\/\/www.italiafideiussioni.it\/fr\/wp-json\/wp\/v2\/types\/page"}],"author":[{"embeddable":true,"href":"https:\/\/www.italiafideiussioni.it\/fr\/wp-json\/wp\/v2\/users\/2"}],"replies":[{"embeddable":true,"href":"https:\/\/www.italiafideiussioni.it\/fr\/wp-json\/wp\/v2\/comments?post=8056"}],"version-history":[{"count":2,"href":"https:\/\/www.italiafideiussioni.it\/fr\/wp-json\/wp\/v2\/pages\/8056\/revisions"}],"predecessor-version":[{"id":8902,"href":"https:\/\/www.italiafideiussioni.it\/fr\/wp-json\/wp\/v2\/pages\/8056\/revisions\/8902"}],"wp:featuredmedia":[{"embeddable":true,"href":"https:\/\/www.italiafideiussioni.it\/fr\/wp-json\/wp\/v2\/media\/8057"}],"wp:attachment":[{"href":"https:\/\/www.italiafideiussioni.it\/fr\/wp-json\/wp\/v2\/media?parent=8056"}],"curies":[{"name":"wp","href":"https:\/\/api.w.org\/{rel}","templated":true}]}}