{"id":8052,"date":"2018-10-10T13:32:37","date_gmt":"2018-10-10T13:32:37","guid":{"rendered":"https:\/\/www.italiafideiussioni.it\/contactez-nous\/"},"modified":"2018-10-10T13:32:37","modified_gmt":"2018-10-10T13:32:37","slug":"contactez-nous","status":"publish","type":"page","link":"https:\/\/www.italiafideiussioni.it\/fr\/contactez-nous\/","title":{"rendered":"Contactez-nous"},"content":{"rendered":"<p>Notre soci\u00e9t\u00e9 est compos\u00e9e de professionnels qui op\u00e8rent depuis plus de 30 ans dans le secteur assurantiel et financier. <\/p>\n<h3><strong><i>Votre assurance vous dit qu&rsquo;elle ne peut pas vous d\u00e9livrer la caution dont vous avez besoin?<\/i><\/strong><\/h3>\n<h3><strong><i>Votre banque apr\u00e8s deux mois vous dit qu&rsquo;elle n&rsquo;a toujours pas de r\u00e9ponse?<\/i><\/strong><\/h3>\n<p> Nous trouvons la solution dont vous avez besoin rapidement et aux meilleurs prix du march\u00e9. Nous confrontons chaque jour de nombreuses demandes de cautionnements que le march\u00e9 assurantiel traditionnel ne traite pas facilement. Provisoires et d\u00e9finitives pour : <strong>Trenitalia<\/strong>, <strong>Consip<\/strong>, RFI, ENEL, ANAS, GRANDES STATIONS et de nombreuses autres stations d&rsquo;attribution. Nos consultants sont \u00e0 votre disposition pour vous pr\u00e9senter nos produits, vous aider \u00e0 faire un choix \u00e9clair\u00e9 ou pour toute autre question sur le sujet.    <\/p>\n<h3><strong>Profitez de notre consultation gratuite<\/strong> pour clarifier tous vos doutes sur les cautionnements d&rsquo;assurance.<\/h3>\n<h3>Contactez-nous directement en ligne pour <strong>recevoir une r\u00e9ponse imm\u00e9diate<\/strong>, ou <a href=\"https:\/\/www.italiafideiussioni.it\/sedi\/\">appelez l&rsquo;une de nos agences les plus proches<\/a>.<\/h3>\n<h3><strong>Tel. +39 055 28.53.13 &#8211; Tel. +39 02 667.124.17<\/strong><\/h3>\n<h3><strong>Email : <a>info@italiafideiussioni.it<\/a><\/strong><\/h3>\n<h3>Vous pouvez nous contacter imm\u00e9diatement via :<\/h3>\n<h3> <a style=\"color: #25d366;\" href=\"https:\/\/wa.me\/+393397150157\"> <strong><i class=\"fab fa-whatsapp\"><\/i> WhatsApp +39 339.71.50.157<\/strong><\/a> Envoyez un message, nous vous r\u00e9pondrons pendant les heures de bureau, <strong>dans les 5 minutes<\/strong>.<\/h3>\n<h3><\/h3>\n","protected":false},"excerpt":{"rendered":"<p>Notre soci\u00e9t\u00e9 est compos\u00e9e de professionnels qui op\u00e8rent depuis plus de 30 ans dans le secteur assurantiel et financier. Votre assurance vous dit qu&rsquo;elle ne peut pas vous d\u00e9livrer la caution dont vous avez besoin? Votre banque apr\u00e8s deux mois vous dit qu&rsquo;elle n&rsquo;a toujours pas de r\u00e9ponse? Nous trouvons la solution dont vous avez [&hellip;]<\/p>\n","protected":false},"author":2,"featured_media":8054,"parent":0,"menu_order":0,"comment_status":"closed","ping_status":"closed","template":"templates-default\/tpl-contacts.php","meta":{"_acf_changed":false,"_yoast_wpseo_focuskw":"","_yoast_wpseo_title":"Horaires d'ouverture et t\u00e9l\u00e9phone, email | Italia Fideiussioni","_yoast_wpseo_metadesc":"Vous pouvez nous contacter par t\u00e9l\u00e9phone, email, WhatsApp ou prendre rendez-vous dans l'une de nos agences \u00e0 Florence, Rome, Turin, Sanremo, Milan, Santo Stefano.","_yoast_wpseo_meta-robots-noindex":"","_yoast_wpseo_meta-robots-nofollow":"","_yoast_wpseo_canonical":"","_yoast_wpseo_opengraph-title":"","_yoast_wpseo_opengraph-description":"","_yoast_wpseo_opengraph-image":"","_yoast_wpseo_opengraph-image-id":"","_yoast_wpseo_twitter-title":"","_yoast_wpseo_twitter-description":"","_yoast_wpseo_twitter-image":"","footnotes":""},"class_list":["post-8052","page","type-page","status-publish","has-post-thumbnail","hentry"],"acf":{"macroarea_servizi":false,"blocco_iniziale":""},"yoast_head":"<!-- This site is optimized with the Yoast SEO plugin v27.3 - https:\/\/yoast.com\/product\/yoast-seo-wordpress\/ -->\n<title>Horaires d&#039;ouverture et t\u00e9l\u00e9phone, email | Italia Fideiussioni<\/title>\n<meta name=\"description\" content=\"Vous pouvez nous contacter par t\u00e9l\u00e9phone, email, WhatsApp ou prendre rendez-vous dans l&#039;une de nos agences \u00e0 Florence, Rome, Turin, Sanremo, Milan, Santo Stefano.\" \/>\n<meta name=\"robots\" content=\"index, follow, max-snippet:-1, max-image-preview:large, max-video-preview:-1\" \/>\n<link rel=\"canonical\" href=\"https:\/\/www.italiafideiussioni.it\/fr\/contactez-nous\/\" \/>\n<meta property=\"og:locale\" content=\"fr_FR\" \/>\n<meta property=\"og:type\" content=\"article\" \/>\n<meta property=\"og:title\" content=\"Horaires d&#039;ouverture et t\u00e9l\u00e9phone, email | Italia Fideiussioni\" \/>\n<meta property=\"og:description\" content=\"Vous pouvez nous contacter par t\u00e9l\u00e9phone, email, WhatsApp ou prendre rendez-vous dans l&#039;une de nos agences \u00e0 Florence, Rome, Turin, Sanremo, Milan, Santo Stefano.\" \/>\n<meta property=\"og:url\" content=\"https:\/\/www.italiafideiussioni.it\/fr\/contactez-nous\/\" \/>\n<meta property=\"og:site_name\" content=\"Italia Fideiussioni\" \/>\n<meta property=\"article:publisher\" content=\"https:\/\/www.facebook.com\/italiafideiussioni\/\" \/>\n<meta property=\"og:image\" content=\"https:\/\/www.italiafideiussioni.it\/wp-content\/uploads\/2018\/11\/italia-fideiussioni-istituzionale-2-e1541366226400.jpg\" \/>\n\t<meta property=\"og:image:width\" content=\"922\" \/>\n\t<meta property=\"og:image:height\" content=\"423\" \/>\n\t<meta property=\"og:image:type\" content=\"image\/jpeg\" \/>\n<meta name=\"twitter:card\" content=\"summary_large_image\" \/>\n<meta name=\"twitter:site\" content=\"@itafideiussioni\" \/>\n<meta name=\"twitter:label1\" content=\"Dur\u00e9e de lecture estim\u00e9e\" \/>\n\t<meta name=\"twitter:data1\" content=\"1 minute\" \/>\n<script type=\"application\/ld+json\" class=\"yoast-schema-graph\">{\"@context\":\"https:\\\/\\\/schema.org\",\"@graph\":[{\"@type\":\"WebPage\",\"@id\":\"https:\\\/\\\/www.italiafideiussioni.it\\\/fr\\\/contactez-nous\\\/\",\"url\":\"https:\\\/\\\/www.italiafideiussioni.it\\\/fr\\\/contactez-nous\\\/\",\"name\":\"Horaires d'ouverture et t\u00e9l\u00e9phone, email | Italia Fideiussioni\",\"isPartOf\":{\"@id\":\"https:\\\/\\\/www.italiafideiussioni.it\\\/fr\\\/#website\"},\"primaryImageOfPage\":{\"@id\":\"https:\\\/\\\/www.italiafideiussioni.it\\\/fr\\\/contactez-nous\\\/#primaryimage\"},\"image\":{\"@id\":\"https:\\\/\\\/www.italiafideiussioni.it\\\/fr\\\/contactez-nous\\\/#primaryimage\"},\"thumbnailUrl\":\"https:\\\/\\\/www.italiafideiussioni.it\\\/wp-content\\\/uploads\\\/2018\\\/11\\\/italia-fideiussioni-istituzionale-2-e1541366226400.jpg\",\"datePublished\":\"2018-10-10T13:32:37+00:00\",\"description\":\"Vous pouvez nous contacter par t\u00e9l\u00e9phone, email, WhatsApp ou prendre rendez-vous dans l'une de nos agences \u00e0 Florence, Rome, Turin, Sanremo, Milan, Santo Stefano.\",\"breadcrumb\":{\"@id\":\"https:\\\/\\\/www.italiafideiussioni.it\\\/fr\\\/contactez-nous\\\/#breadcrumb\"},\"inLanguage\":\"fr-FR\",\"potentialAction\":[{\"@type\":\"ReadAction\",\"target\":[\"https:\\\/\\\/www.italiafideiussioni.it\\\/fr\\\/contactez-nous\\\/\"]}]},{\"@type\":\"ImageObject\",\"inLanguage\":\"fr-FR\",\"@id\":\"https:\\\/\\\/www.italiafideiussioni.it\\\/fr\\\/contactez-nous\\\/#primaryimage\",\"url\":\"https:\\\/\\\/www.italiafideiussioni.it\\\/wp-content\\\/uploads\\\/2018\\\/11\\\/italia-fideiussioni-istituzionale-2-e1541366226400.jpg\",\"contentUrl\":\"https:\\\/\\\/www.italiafideiussioni.it\\\/wp-content\\\/uploads\\\/2018\\\/11\\\/italia-fideiussioni-istituzionale-2-e1541366226400.jpg\",\"width\":922,\"height\":423},{\"@type\":\"BreadcrumbList\",\"@id\":\"https:\\\/\\\/www.italiafideiussioni.it\\\/fr\\\/contactez-nous\\\/#breadcrumb\",\"itemListElement\":[{\"@type\":\"ListItem\",\"position\":1,\"name\":\"Home\",\"item\":\"https:\\\/\\\/www.italiafideiussioni.it\\\/fr\\\/page-daccueil-2013\\\/\"},{\"@type\":\"ListItem\",\"position\":2,\"name\":\"Contactez-nous\"}]},{\"@type\":\"WebSite\",\"@id\":\"https:\\\/\\\/www.italiafideiussioni.it\\\/fr\\\/#website\",\"url\":\"https:\\\/\\\/www.italiafideiussioni.it\\\/fr\\\/\",\"name\":\"Italia Fideiussioni\",\"description\":\"\",\"publisher\":{\"@id\":\"https:\\\/\\\/www.italiafideiussioni.it\\\/fr\\\/#organization\"},\"potentialAction\":[{\"@type\":\"SearchAction\",\"target\":{\"@type\":\"EntryPoint\",\"urlTemplate\":\"https:\\\/\\\/www.italiafideiussioni.it\\\/fr\\\/?s={search_term_string}\"},\"query-input\":{\"@type\":\"PropertyValueSpecification\",\"valueRequired\":true,\"valueName\":\"search_term_string\"}}],\"inLanguage\":\"fr-FR\"},{\"@type\":\"Organization\",\"@id\":\"https:\\\/\\\/www.italiafideiussioni.it\\\/fr\\\/#organization\",\"name\":\"Fideiussioni s.r.l.\",\"url\":\"https:\\\/\\\/www.italiafideiussioni.it\\\/fr\\\/\",\"logo\":{\"@type\":\"ImageObject\",\"inLanguage\":\"fr-FR\",\"@id\":\"https:\\\/\\\/www.italiafideiussioni.it\\\/fr\\\/#\\\/schema\\\/logo\\\/image\\\/\",\"url\":\"https:\\\/\\\/www.italiafideiussioni.it\\\/wp-content\\\/uploads\\\/2018\\\/10\\\/italiafideiussioni-logo-white.png\",\"contentUrl\":\"https:\\\/\\\/www.italiafideiussioni.it\\\/wp-content\\\/uploads\\\/2018\\\/10\\\/italiafideiussioni-logo-white.png\",\"width\":516,\"height\":97,\"caption\":\"Fideiussioni s.r.l.\"},\"image\":{\"@id\":\"https:\\\/\\\/www.italiafideiussioni.it\\\/fr\\\/#\\\/schema\\\/logo\\\/image\\\/\"},\"sameAs\":[\"https:\\\/\\\/www.facebook.com\\\/italiafideiussioni\\\/\",\"https:\\\/\\\/x.com\\\/itafideiussioni\",\"https:\\\/\\\/www.linkedin.com\\\/company\\\/italiafideiussioni-srl\\\/about\\\/\",\"https:\\\/\\\/www.youtube.com\\\/channel\\\/UC-OhbmM_pkAEKLqJ6nQbpjw\"]}]}<\/script>\n<!-- \/ Yoast SEO plugin. -->","yoast_head_json":{"title":"Horaires d'ouverture et t\u00e9l\u00e9phone, email | Italia Fideiussioni","description":"Vous pouvez nous contacter par t\u00e9l\u00e9phone, email, WhatsApp ou prendre rendez-vous dans l'une de nos agences \u00e0 Florence, Rome, Turin, Sanremo, Milan, Santo Stefano.","robots":{"index":"index","follow":"follow","max-snippet":"max-snippet:-1","max-image-preview":"max-image-preview:large","max-video-preview":"max-video-preview:-1"},"canonical":"https:\/\/www.italiafideiussioni.it\/fr\/contactez-nous\/","og_locale":"fr_FR","og_type":"article","og_title":"Horaires d'ouverture et t\u00e9l\u00e9phone, email | Italia Fideiussioni","og_description":"Vous pouvez nous contacter par t\u00e9l\u00e9phone, email, WhatsApp ou prendre rendez-vous dans l'une de nos agences \u00e0 Florence, Rome, Turin, Sanremo, Milan, Santo Stefano.","og_url":"https:\/\/www.italiafideiussioni.it\/fr\/contactez-nous\/","og_site_name":"Italia Fideiussioni","article_publisher":"https:\/\/www.facebook.com\/italiafideiussioni\/","og_image":[{"width":922,"height":423,"url":"https:\/\/www.italiafideiussioni.it\/wp-content\/uploads\/2018\/11\/italia-fideiussioni-istituzionale-2-e1541366226400.jpg","type":"image\/jpeg"}],"twitter_card":"summary_large_image","twitter_site":"@itafideiussioni","twitter_misc":{"Dur\u00e9e de lecture estim\u00e9e":"1 minute"},"schema":{"@context":"https:\/\/schema.org","@graph":[{"@type":"WebPage","@id":"https:\/\/www.italiafideiussioni.it\/fr\/contactez-nous\/","url":"https:\/\/www.italiafideiussioni.it\/fr\/contactez-nous\/","name":"Horaires d'ouverture et t\u00e9l\u00e9phone, email | Italia Fideiussioni","isPartOf":{"@id":"https:\/\/www.italiafideiussioni.it\/fr\/#website"},"primaryImageOfPage":{"@id":"https:\/\/www.italiafideiussioni.it\/fr\/contactez-nous\/#primaryimage"},"image":{"@id":"https:\/\/www.italiafideiussioni.it\/fr\/contactez-nous\/#primaryimage"},"thumbnailUrl":"https:\/\/www.italiafideiussioni.it\/wp-content\/uploads\/2018\/11\/italia-fideiussioni-istituzionale-2-e1541366226400.jpg","datePublished":"2018-10-10T13:32:37+00:00","description":"Vous pouvez nous contacter par t\u00e9l\u00e9phone, email, WhatsApp ou prendre rendez-vous dans l'une de nos agences \u00e0 Florence, Rome, Turin, Sanremo, Milan, Santo Stefano.","breadcrumb":{"@id":"https:\/\/www.italiafideiussioni.it\/fr\/contactez-nous\/#breadcrumb"},"inLanguage":"fr-FR","potentialAction":[{"@type":"ReadAction","target":["https:\/\/www.italiafideiussioni.it\/fr\/contactez-nous\/"]}]},{"@type":"ImageObject","inLanguage":"fr-FR","@id":"https:\/\/www.italiafideiussioni.it\/fr\/contactez-nous\/#primaryimage","url":"https:\/\/www.italiafideiussioni.it\/wp-content\/uploads\/2018\/11\/italia-fideiussioni-istituzionale-2-e1541366226400.jpg","contentUrl":"https:\/\/www.italiafideiussioni.it\/wp-content\/uploads\/2018\/11\/italia-fideiussioni-istituzionale-2-e1541366226400.jpg","width":922,"height":423},{"@type":"BreadcrumbList","@id":"https:\/\/www.italiafideiussioni.it\/fr\/contactez-nous\/#breadcrumb","itemListElement":[{"@type":"ListItem","position":1,"name":"Home","item":"https:\/\/www.italiafideiussioni.it\/fr\/page-daccueil-2013\/"},{"@type":"ListItem","position":2,"name":"Contactez-nous"}]},{"@type":"WebSite","@id":"https:\/\/www.italiafideiussioni.it\/fr\/#website","url":"https:\/\/www.italiafideiussioni.it\/fr\/","name":"Italia Fideiussioni","description":"","publisher":{"@id":"https:\/\/www.italiafideiussioni.it\/fr\/#organization"},"potentialAction":[{"@type":"SearchAction","target":{"@type":"EntryPoint","urlTemplate":"https:\/\/www.italiafideiussioni.it\/fr\/?s={search_term_string}"},"query-input":{"@type":"PropertyValueSpecification","valueRequired":true,"valueName":"search_term_string"}}],"inLanguage":"fr-FR"},{"@type":"Organization","@id":"https:\/\/www.italiafideiussioni.it\/fr\/#organization","name":"Fideiussioni s.r.l.","url":"https:\/\/www.italiafideiussioni.it\/fr\/","logo":{"@type":"ImageObject","inLanguage":"fr-FR","@id":"https:\/\/www.italiafideiussioni.it\/fr\/#\/schema\/logo\/image\/","url":"https:\/\/www.italiafideiussioni.it\/wp-content\/uploads\/2018\/10\/italiafideiussioni-logo-white.png","contentUrl":"https:\/\/www.italiafideiussioni.it\/wp-content\/uploads\/2018\/10\/italiafideiussioni-logo-white.png","width":516,"height":97,"caption":"Fideiussioni s.r.l."},"image":{"@id":"https:\/\/www.italiafideiussioni.it\/fr\/#\/schema\/logo\/image\/"},"sameAs":["https:\/\/www.facebook.com\/italiafideiussioni\/","https:\/\/x.com\/itafideiussioni","https:\/\/www.linkedin.com\/company\/italiafideiussioni-srl\/about\/","https:\/\/www.youtube.com\/channel\/UC-OhbmM_pkAEKLqJ6nQbpjw"]}]}},"_links":{"self":[{"href":"https:\/\/www.italiafideiussioni.it\/fr\/wp-json\/wp\/v2\/pages\/8052","targetHints":{"allow":["GET"]}}],"collection":[{"href":"https:\/\/www.italiafideiussioni.it\/fr\/wp-json\/wp\/v2\/pages"}],"about":[{"href":"https:\/\/www.italiafideiussioni.it\/fr\/wp-json\/wp\/v2\/types\/page"}],"author":[{"embeddable":true,"href":"https:\/\/www.italiafideiussioni.it\/fr\/wp-json\/wp\/v2\/users\/2"}],"replies":[{"embeddable":true,"href":"https:\/\/www.italiafideiussioni.it\/fr\/wp-json\/wp\/v2\/comments?post=8052"}],"version-history":[{"count":0,"href":"https:\/\/www.italiafideiussioni.it\/fr\/wp-json\/wp\/v2\/pages\/8052\/revisions"}],"wp:featuredmedia":[{"embeddable":true,"href":"https:\/\/www.italiafideiussioni.it\/fr\/wp-json\/wp\/v2\/media\/8054"}],"wp:attachment":[{"href":"https:\/\/www.italiafideiussioni.it\/fr\/wp-json\/wp\/v2\/media?parent=8052"}],"curies":[{"name":"wp","href":"https:\/\/api.w.org\/{rel}","templated":true}]}}