{"id":7768,"date":"2023-02-10T15:21:00","date_gmt":"2023-02-10T15:21:00","guid":{"rendered":"https:\/\/www.italiafideiussioni.it\/page-daccueil-2013\/"},"modified":"2024-08-26T13:41:37","modified_gmt":"2024-08-26T13:41:37","slug":"page-daccueil-2013","status":"publish","type":"page","link":"https:\/\/www.italiafideiussioni.it\/fr\/","title":{"rendered":"Page d&rsquo;accueil 2013"},"content":{"rendered":"<h3><strong>Bienvenue sur ItaliaFideiussioni.it, le site sp\u00e9cialis\u00e9 dans les services de garanties fiduciaires pour particuliers, entreprises et professionnels. <\/strong><\/h3>\n<p><strong>Passion et d\u00e9vouement alli\u00e9s \u00e0 Clart\u00e9 et Confiance.<\/strong><\/p>\n<p><span style=\"font-weight: 400;\">La Garantie Assurantielle<\/span> <b> est un outil indispensable <\/b> <span style=\"font-weight: 400;\">pour de nombreuses entreprises qui doivent garantir le respect des obligations financi\u00e8res, comme la <a href=\"https:\/\/www.italiafideiussioni.it\/fideiussioni-appalti-pubblici\/fideiussioni-definitive-gare-dappalto\/\">participation \u00e0 des appels d&rsquo;offres complexes<\/a>,<\/span> <b>Trenitalia, Consip, Grandi Stazioni<\/b> <span style=\"font-weight: 400;\"> ou similaires. <\/span><\/p>\n<p><span style=\"font-weight: 400;\">Cet outil permet aux entreprises <\/span> <b>d&rsquo;obtenir la garantie n\u00e9cessaire<\/b> <span style=\"font-weight: 400;\"> sans avoir \u00e0 demander une caution bancaire, souvent associ\u00e9e \u00e0 des d\u00e9lais plus longs, des co\u00fbts plus \u00e9lev\u00e9s et des exigences plus strictes. <\/span><\/p>\n<p>&nbsp;<\/p>\n<p><b>Vous avez \u00e9puis\u00e9 les lignes de cr\u00e9dit de votre compagnie d&rsquo;assurance habituelle ?<\/b><\/p>\n<p><b>Vous avez besoin de garanties pour Trenitalia et votre banque est trop stricte ?<\/b><\/p>\n<p><span style=\"font-weight: 400;\">Nous avons l&rsquo;alternative assurantielle avec des d\u00e9lais d&rsquo;\u00e9mission beaucoup plus rapides et plus simples.<\/span><\/p>\n<p><span style=\"font-weight: 400;\">Nous offrons des services de garantie sur les <a href=\"https:\/\/www.italiafideiussioni.it\/fideiussioni-appalti-pubblici\/fideiussioni-definitive-gare-dappalto\/\">appels d&rsquo;offres, concessions et sous-traitances<\/a>, con\u00e7us pour satisfaire aux exigences des administrations publiques et garantir la participation des entreprises \u00e0 tout type d&rsquo;appel d&rsquo;offres.<\/span><\/p>\n<p><span style=\"font-weight: 400;\">Nous sommes leaders dans le secteur <\/span> <a href=\"https:\/\/www.italiafideiussioni.it\/fideiussioni-per-stranieri\/\"><b>des Garanties Bancaires pour les visas touristiques<\/b><\/a> p<span style=\"font-weight: 400;\">our inviter un \u00e9tranger non communautaire en Italie. <\/span><\/p>\n<p><span style=\"font-weight: 400;\">Nous sommes en mesure de fournir rapidement tout type de <\/span> <a href=\"https:\/\/www.italiafideiussioni.it\/attestazione-di-capacita-finanziaria\/\"><b>Certificat de Capacit\u00e9 Financi\u00e8re, pour les transporteurs,<\/b> l<span style=\"font-weight: 400;\">es d\u00e9marches automobiles et les centres de r\u00e9vision automobile.<\/span><\/a><\/p>\n<p><span style=\"font-weight: 400;\">Mais ce n&rsquo;est pas tout : sur <strong>ItaliaFideiussioni.it<\/strong>, vous trouverez \u00e9galement une \u00e9quipe de consultants hautement sp\u00e9cialis\u00e9s dans le domaine des Cautions et Garanties, pr\u00eats \u00e0 vous offrir l&rsquo;<strong>assistance personnalis\u00e9e<\/strong> maximale pour identifier la solution la plus adapt\u00e9e \u00e0 vos besoins.<\/span><\/p>\n<p><span style=\"font-weight: 400;\">Notre site propose une section d\u00e9di\u00e9e aux<\/span> <a href=\"https:\/\/www.italiafideiussioni.it\/novita-e-approfondimenti\/\"><b>actualit\u00e9s du secteur<\/b><\/a>, <span style=\"font-weight: 400;\">mises \u00e0 jour quotidiennement pour vous tenir<\/span> <b>inform\u00e9 des derni\u00e8res nouveaut\u00e9s<\/b> <span style=\"font-weight: 400;\">dans le domaine des cautions et des opportunit\u00e9s que le monde des garanties fiduciaires peut offrir aux entreprises.<\/span><\/p>\n<p><span style=\"font-weight: 400;\">Nous sommes convaincus que notre exp\u00e9rience et notre professionnalisme<\/span> <b>peuvent faire la diff\u00e9rence<\/b> <span style=\"font-weight: 400;\">dans le choix d&rsquo;une garantie fiduciaire pour votre entreprise. <\/span> <\/p>\n<p><span style=\"font-weight: 400;\">Contactez-nous d\u00e8s aujourd&rsquo;hui pour plus d&rsquo;informations sur nos services ou pour demander une consultation personnalis\u00e9e gratuite. Nous serons ravis de vous aider \u00e0 garantir la s\u00e9curit\u00e9 financi\u00e8re de votre activit\u00e9 professionnelle.<\/span><\/p>\n<p><a href=\"https:\/\/www.italiafideiussioni.it\/testimonianze\/\"><strong>Vous voulez savoir comment nous travaillons et ce qui nous distingue des autres ? Lisez les avis que nous recevons chaque jour et vous verrez comment notre passion et notre d\u00e9vouement se refl\u00e8tent dans les r\u00e9sultats que nous obtenons pour nos clients.<\/strong><\/a><\/p>\n<p>&nbsp;<\/p>\n<p><b>Ne perdez plus de temps avec les banques et les assurances traditionnelles.<\/b><span style=\"font-weight: 400;\"> <\/span><\/p>\n<p><span style=\"font-weight: 400;\">Contactez-nous via <\/span><b>WhatsApp al +39 339.71.50.157<\/b><span style=\"font-weight: 400;\"> et vous recevrez une r\u00e9ponse pendant les heures de bureau, sous 5 minutes. <\/span> <\/p>\n<p><span style=\"font-weight: 400;\">Vous pouvez \u00e9galement nous contacter directement en ligne pour une r\u00e9ponse imm\u00e9diate ou appeler l&rsquo;un de nos bureaux les plus proches aux num\u00e9ros :<\/span><strong>+39 055 28.53.13 e +39 02 667.124.17<\/strong><\/p>\n","protected":false},"excerpt":{"rendered":"<p>Bienvenue sur ItaliaFideiussioni.it, le site sp\u00e9cialis\u00e9 dans les services de garanties fiduciaires pour particuliers, entreprises et professionnels. Passion et d\u00e9vouement alli\u00e9s \u00e0 Clart\u00e9 et Confiance. La Garantie Assurantielle est un outil indispensable pour de nombreuses entreprises qui doivent garantir le respect des obligations financi\u00e8res, comme la participation \u00e0 des appels d&rsquo;offres complexes, Trenitalia, Consip, Grandi [&hellip;]<\/p>\n","protected":false},"author":2,"featured_media":0,"parent":0,"menu_order":0,"comment_status":"closed","ping_status":"closed","template":"templates-custom\/tpl-front-page_update.php","meta":{"_acf_changed":false,"_yoast_wpseo_focuskw":"","_yoast_wpseo_title":"Cautions et Garanties Assurantielles en 24 heures | Italia Fideiussioni","_yoast_wpseo_metadesc":"Service rapide pour obtenir des cautions et garanties assurantielles. Pour particuliers et entreprises. Devis sous 2 heures sans engagement. Visitez notre site et contactez-nous.","_yoast_wpseo_meta-robots-noindex":"","_yoast_wpseo_meta-robots-nofollow":"","_yoast_wpseo_canonical":"","_yoast_wpseo_opengraph-title":"","_yoast_wpseo_opengraph-description":"","_yoast_wpseo_opengraph-image":"","_yoast_wpseo_opengraph-image-id":"","_yoast_wpseo_twitter-title":"","_yoast_wpseo_twitter-description":"","_yoast_wpseo_twitter-image":"","footnotes":""},"class_list":["post-7768","page","type-page","status-publish","hentry"],"acf":{"blocco_testimonianze":"1","immagine_recensioni":"https:\/\/www.italiafideiussioni.it\/wp-content\/uploads\/2023\/02\/recensioni.jpg","testo_recensioni":"<p>Lisez les <strong>t\u00e9moignages v\u00e9rifi\u00e9s<\/strong> de nos clients pour savoir comment nous travaillons.<\/p>\n","titolo_recensioni":"Vos histoires, notre meilleure pr\u00e9sentation."},"yoast_head":"<!-- This site is optimized with the Yoast SEO plugin v27.3 - https:\/\/yoast.com\/product\/yoast-seo-wordpress\/ -->\n<title>Cautions et Garanties Assurantielles en 24 heures | Italia Fideiussioni<\/title>\n<meta name=\"description\" content=\"Service rapide pour obtenir des cautions et garanties assurantielles. Pour particuliers et entreprises. Devis sous 2 heures sans engagement. Visitez notre site et contactez-nous.\" \/>\n<meta name=\"robots\" content=\"index, follow, max-snippet:-1, max-image-preview:large, max-video-preview:-1\" \/>\n<link rel=\"canonical\" href=\"https:\/\/www.italiafideiussioni.it\/fr\/\" \/>\n<meta property=\"og:locale\" content=\"fr_FR\" \/>\n<meta property=\"og:type\" content=\"article\" \/>\n<meta property=\"og:title\" content=\"Cautions et Garanties Assurantielles en 24 heures | Italia Fideiussioni\" \/>\n<meta property=\"og:description\" content=\"Service rapide pour obtenir des cautions et garanties assurantielles. Pour particuliers et entreprises. Devis sous 2 heures sans engagement. Visitez notre site et contactez-nous.\" \/>\n<meta property=\"og:url\" content=\"https:\/\/www.italiafideiussioni.it\/fr\/\" \/>\n<meta property=\"og:site_name\" content=\"Italia Fideiussioni\" \/>\n<meta property=\"article:publisher\" content=\"https:\/\/www.facebook.com\/italiafideiussioni\/\" \/>\n<meta property=\"article:modified_time\" content=\"2024-08-26T13:41:37+00:00\" \/>\n<meta name=\"twitter:card\" content=\"summary_large_image\" \/>\n<meta name=\"twitter:site\" content=\"@itafideiussioni\" \/>\n<meta name=\"twitter:label1\" content=\"Dur\u00e9e de lecture estim\u00e9e\" \/>\n\t<meta name=\"twitter:data1\" content=\"2 minutes\" \/>\n<script type=\"application\/ld+json\" class=\"yoast-schema-graph\">{\"@context\":\"https:\\\/\\\/schema.org\",\"@graph\":[{\"@type\":\"WebPage\",\"@id\":\"https:\\\/\\\/www.italiafideiussioni.it\\\/fr\\\/\",\"url\":\"https:\\\/\\\/www.italiafideiussioni.it\\\/fr\\\/\",\"name\":\"Cautions et Garanties Assurantielles en 24 heures | Italia Fideiussioni\",\"isPartOf\":{\"@id\":\"https:\\\/\\\/www.italiafideiussioni.it\\\/fr\\\/#website\"},\"datePublished\":\"2023-02-10T15:21:00+00:00\",\"dateModified\":\"2024-08-26T13:41:37+00:00\",\"description\":\"Service rapide pour obtenir des cautions et garanties assurantielles. Pour particuliers et entreprises. Devis sous 2 heures sans engagement. Visitez notre site et contactez-nous.\",\"breadcrumb\":{\"@id\":\"https:\\\/\\\/www.italiafideiussioni.it\\\/fr\\\/#breadcrumb\"},\"inLanguage\":\"fr-FR\",\"potentialAction\":[{\"@type\":\"ReadAction\",\"target\":[\"https:\\\/\\\/www.italiafideiussioni.it\\\/fr\\\/\"]}]},{\"@type\":\"BreadcrumbList\",\"@id\":\"https:\\\/\\\/www.italiafideiussioni.it\\\/fr\\\/#breadcrumb\",\"itemListElement\":[{\"@type\":\"ListItem\",\"position\":1,\"name\":\"Home\",\"item\":\"https:\\\/\\\/www.italiafideiussioni.it\\\/fr\\\/page-daccueil-2013\\\/\"},{\"@type\":\"ListItem\",\"position\":2,\"name\":\"Page d&rsquo;accueil 2013\"}]},{\"@type\":\"WebSite\",\"@id\":\"https:\\\/\\\/www.italiafideiussioni.it\\\/fr\\\/#website\",\"url\":\"https:\\\/\\\/www.italiafideiussioni.it\\\/fr\\\/\",\"name\":\"Italia Fideiussioni\",\"description\":\"\",\"publisher\":{\"@id\":\"https:\\\/\\\/www.italiafideiussioni.it\\\/fr\\\/#organization\"},\"potentialAction\":[{\"@type\":\"SearchAction\",\"target\":{\"@type\":\"EntryPoint\",\"urlTemplate\":\"https:\\\/\\\/www.italiafideiussioni.it\\\/fr\\\/?s={search_term_string}\"},\"query-input\":{\"@type\":\"PropertyValueSpecification\",\"valueRequired\":true,\"valueName\":\"search_term_string\"}}],\"inLanguage\":\"fr-FR\"},{\"@type\":\"Organization\",\"@id\":\"https:\\\/\\\/www.italiafideiussioni.it\\\/fr\\\/#organization\",\"name\":\"Fideiussioni s.r.l.\",\"url\":\"https:\\\/\\\/www.italiafideiussioni.it\\\/fr\\\/\",\"logo\":{\"@type\":\"ImageObject\",\"inLanguage\":\"fr-FR\",\"@id\":\"https:\\\/\\\/www.italiafideiussioni.it\\\/fr\\\/#\\\/schema\\\/logo\\\/image\\\/\",\"url\":\"https:\\\/\\\/www.italiafideiussioni.it\\\/wp-content\\\/uploads\\\/2018\\\/10\\\/italiafideiussioni-logo-white.png\",\"contentUrl\":\"https:\\\/\\\/www.italiafideiussioni.it\\\/wp-content\\\/uploads\\\/2018\\\/10\\\/italiafideiussioni-logo-white.png\",\"width\":516,\"height\":97,\"caption\":\"Fideiussioni s.r.l.\"},\"image\":{\"@id\":\"https:\\\/\\\/www.italiafideiussioni.it\\\/fr\\\/#\\\/schema\\\/logo\\\/image\\\/\"},\"sameAs\":[\"https:\\\/\\\/www.facebook.com\\\/italiafideiussioni\\\/\",\"https:\\\/\\\/x.com\\\/itafideiussioni\",\"https:\\\/\\\/www.linkedin.com\\\/company\\\/italiafideiussioni-srl\\\/about\\\/\",\"https:\\\/\\\/www.youtube.com\\\/channel\\\/UC-OhbmM_pkAEKLqJ6nQbpjw\"]}]}<\/script>\n<!-- \/ Yoast SEO plugin. -->","yoast_head_json":{"title":"Cautions et Garanties Assurantielles en 24 heures | Italia Fideiussioni","description":"Service rapide pour obtenir des cautions et garanties assurantielles. Pour particuliers et entreprises. Devis sous 2 heures sans engagement. Visitez notre site et contactez-nous.","robots":{"index":"index","follow":"follow","max-snippet":"max-snippet:-1","max-image-preview":"max-image-preview:large","max-video-preview":"max-video-preview:-1"},"canonical":"https:\/\/www.italiafideiussioni.it\/fr\/","og_locale":"fr_FR","og_type":"article","og_title":"Cautions et Garanties Assurantielles en 24 heures | Italia Fideiussioni","og_description":"Service rapide pour obtenir des cautions et garanties assurantielles. Pour particuliers et entreprises. Devis sous 2 heures sans engagement. Visitez notre site et contactez-nous.","og_url":"https:\/\/www.italiafideiussioni.it\/fr\/","og_site_name":"Italia Fideiussioni","article_publisher":"https:\/\/www.facebook.com\/italiafideiussioni\/","article_modified_time":"2024-08-26T13:41:37+00:00","twitter_card":"summary_large_image","twitter_site":"@itafideiussioni","twitter_misc":{"Dur\u00e9e de lecture estim\u00e9e":"2 minutes"},"schema":{"@context":"https:\/\/schema.org","@graph":[{"@type":"WebPage","@id":"https:\/\/www.italiafideiussioni.it\/fr\/","url":"https:\/\/www.italiafideiussioni.it\/fr\/","name":"Cautions et Garanties Assurantielles en 24 heures | Italia Fideiussioni","isPartOf":{"@id":"https:\/\/www.italiafideiussioni.it\/fr\/#website"},"datePublished":"2023-02-10T15:21:00+00:00","dateModified":"2024-08-26T13:41:37+00:00","description":"Service rapide pour obtenir des cautions et garanties assurantielles. Pour particuliers et entreprises. Devis sous 2 heures sans engagement. Visitez notre site et contactez-nous.","breadcrumb":{"@id":"https:\/\/www.italiafideiussioni.it\/fr\/#breadcrumb"},"inLanguage":"fr-FR","potentialAction":[{"@type":"ReadAction","target":["https:\/\/www.italiafideiussioni.it\/fr\/"]}]},{"@type":"BreadcrumbList","@id":"https:\/\/www.italiafideiussioni.it\/fr\/#breadcrumb","itemListElement":[{"@type":"ListItem","position":1,"name":"Home","item":"https:\/\/www.italiafideiussioni.it\/fr\/page-daccueil-2013\/"},{"@type":"ListItem","position":2,"name":"Page d&rsquo;accueil 2013"}]},{"@type":"WebSite","@id":"https:\/\/www.italiafideiussioni.it\/fr\/#website","url":"https:\/\/www.italiafideiussioni.it\/fr\/","name":"Italia Fideiussioni","description":"","publisher":{"@id":"https:\/\/www.italiafideiussioni.it\/fr\/#organization"},"potentialAction":[{"@type":"SearchAction","target":{"@type":"EntryPoint","urlTemplate":"https:\/\/www.italiafideiussioni.it\/fr\/?s={search_term_string}"},"query-input":{"@type":"PropertyValueSpecification","valueRequired":true,"valueName":"search_term_string"}}],"inLanguage":"fr-FR"},{"@type":"Organization","@id":"https:\/\/www.italiafideiussioni.it\/fr\/#organization","name":"Fideiussioni s.r.l.","url":"https:\/\/www.italiafideiussioni.it\/fr\/","logo":{"@type":"ImageObject","inLanguage":"fr-FR","@id":"https:\/\/www.italiafideiussioni.it\/fr\/#\/schema\/logo\/image\/","url":"https:\/\/www.italiafideiussioni.it\/wp-content\/uploads\/2018\/10\/italiafideiussioni-logo-white.png","contentUrl":"https:\/\/www.italiafideiussioni.it\/wp-content\/uploads\/2018\/10\/italiafideiussioni-logo-white.png","width":516,"height":97,"caption":"Fideiussioni s.r.l."},"image":{"@id":"https:\/\/www.italiafideiussioni.it\/fr\/#\/schema\/logo\/image\/"},"sameAs":["https:\/\/www.facebook.com\/italiafideiussioni\/","https:\/\/x.com\/itafideiussioni","https:\/\/www.linkedin.com\/company\/italiafideiussioni-srl\/about\/","https:\/\/www.youtube.com\/channel\/UC-OhbmM_pkAEKLqJ6nQbpjw"]}]}},"_links":{"self":[{"href":"https:\/\/www.italiafideiussioni.it\/fr\/wp-json\/wp\/v2\/pages\/7768","targetHints":{"allow":["GET"]}}],"collection":[{"href":"https:\/\/www.italiafideiussioni.it\/fr\/wp-json\/wp\/v2\/pages"}],"about":[{"href":"https:\/\/www.italiafideiussioni.it\/fr\/wp-json\/wp\/v2\/types\/page"}],"author":[{"embeddable":true,"href":"https:\/\/www.italiafideiussioni.it\/fr\/wp-json\/wp\/v2\/users\/2"}],"replies":[{"embeddable":true,"href":"https:\/\/www.italiafideiussioni.it\/fr\/wp-json\/wp\/v2\/comments?post=7768"}],"version-history":[{"count":1,"href":"https:\/\/www.italiafideiussioni.it\/fr\/wp-json\/wp\/v2\/pages\/7768\/revisions"}],"predecessor-version":[{"id":7770,"href":"https:\/\/www.italiafideiussioni.it\/fr\/wp-json\/wp\/v2\/pages\/7768\/revisions\/7770"}],"wp:attachment":[{"href":"https:\/\/www.italiafideiussioni.it\/fr\/wp-json\/wp\/v2\/media?parent=7768"}],"curies":[{"name":"wp","href":"https:\/\/api.w.org\/{rel}","templated":true}]}}