{"id":2460,"date":"2021-07-02T10:18:47","date_gmt":"2021-07-02T10:18:47","guid":{"rendered":"https:\/\/www.italiafideiussioni.it\/?page_id=2460"},"modified":"2024-10-30T10:36:41","modified_gmt":"2024-10-30T10:36:41","slug":"garantie-bancaire-pour-visa-touristique","status":"publish","type":"page","link":"https:\/\/www.italiafideiussioni.it\/fr\/caution-bancaire-polices-pour-etrangers\/garantie-bancaire-pour-visa-touristique\/","title":{"rendered":"Garantie bancaire pour visa touristique"},"content":{"rendered":"<p>Vous cherchez une caution pour obtenir un visa touristique?<br \/>\nAvez-vous essay\u00e9 de demander \u00e0 votre banque mais est-ce vraiment difficile de l&rsquo;obtenir?<\/p>\n<p>Nous avons affaire \u00e0 ce type de Garantie bancaire depuis de nombreuses ann\u00e9es sur tout le territoire italien demander la caution est tr\u00e8s simple, quelques documents suffisent et vous n&rsquo;avez \u00e0 payer aucune somme d&rsquo;argent en garantie\u00a0documents n\u00e9cessaires:<\/p>\n<ul>\n<li>Pi\u00e8ce d&rsquo;identit\u00e9 et attestation unique de la personne invitant l&rsquo;\u00e9tranger;<\/li>\n<li>Vous avez besoin d&rsquo;une copie du passeport de la personne qui doit entrer en Italie.<\/li>\n<\/ul>\n<p>La garantie bancaire est \u00e9mis pour une dur\u00e9e de quatre-vingt-dix jours mais a une dur\u00e9e de cent quatre-vingts jours.<\/p>\n<h2>Quel montant est garanti dans cette Garantie bancaire?<\/h2>\n<p>Nous garantissons le montant maximum fix\u00e9 par le minist\u00e8re pour trois mille neuf cent cinq euros.<br \/>\nNous avons un syst\u00e8me de signature num\u00e9rique tr\u00e8s moderne qui nous permet d&rsquo;envoyer la garantie bancaire en temps r\u00e9el par e-mail.<\/p>\n<p>Contactez-nous, vous pouvez appeler imm\u00e9diatement au num\u00e9ro : <strong>055285313<\/strong>\u00a0ou \u00e9crivez un e-mail \u00e0 <strong>info@italiafideiussioni.it<\/strong>\u00a0ou vous pouvez contacter l&rsquo;un de nos consultants via <img decoding=\"async\" class=\"alignnone wp-image-1056\" src=\"https:\/\/www.italiafideiussioni.it\/wp-content\/uploads\/2015\/04\/WhatsApp_Logo_6.png\" alt=\"\" width=\"33\" height=\"32\" \/>\u00a0\u00a0<strong>WhatsApp<\/strong>\u00a0au<strong> \u00a0+39 339 71.50.157\u00a0<\/strong>pour toutes questions appelez nous.<\/p>\n<h3 style=\"text-align: center;\">Regardez notre vid\u00e9o<\/h3>\n<p><iframe title=\"YouTube video player\" src=\"https:\/\/www.youtube.com\/embed\/Cf7ZmuGPpo8\" width=\"560\" height=\"315\" frameborder=\"0\" allowfullscreen=\"allowfullscreen\"><\/iframe><\/p>\n","protected":false},"excerpt":{"rendered":"<p>Vous cherchez une caution pour obtenir un visa touristique? Avez-vous essay\u00e9 de demander \u00e0 votre banque mais est-ce vraiment difficile de l&rsquo;obtenir? Nous avons affaire \u00e0 ce type de Garantie bancaire depuis de nombreuses ann\u00e9es sur tout le territoire italien demander la caution est tr\u00e8s simple, quelques documents suffisent et vous n&rsquo;avez \u00e0 payer aucune [&hellip;]<\/p>\n","protected":false},"author":3,"featured_media":2462,"parent":8084,"menu_order":3,"comment_status":"closed","ping_status":"closed","template":"","meta":{"_acf_changed":false,"_yoast_wpseo_focuskw":"","_yoast_wpseo_title":"Garantie Bancaire pour Visa Touristique en Italie","_yoast_wpseo_metadesc":"Obtenez une garantie bancaire pour le visa touristique en Italie et remplissez les conditions d'entr\u00e9e. Italia Fideiussioni propose des solutions rapides et fiables pour assurer votre s\u00e9jour.","_yoast_wpseo_meta-robots-noindex":"","_yoast_wpseo_meta-robots-nofollow":"","_yoast_wpseo_canonical":"","_yoast_wpseo_opengraph-title":"","_yoast_wpseo_opengraph-description":"","_yoast_wpseo_opengraph-image":"","_yoast_wpseo_opengraph-image-id":"","_yoast_wpseo_twitter-title":"","_yoast_wpseo_twitter-description":"","_yoast_wpseo_twitter-image":"","footnotes":""},"class_list":["post-2460","page","type-page","status-publish","has-post-thumbnail","hentry"],"acf":{"blocco_iniziale":"","macroarea_servizi":"stranieri","blocco_testimonianze":"2","blocco_euro_titolo":"Combien \u00e7a co\u00fbte?","blocco_euro_testo":"<p><strong>La garantie bancaire pour un visa touristique en Italie<\/strong>, valable pour un s\u00e9jour de 90 jours mais avec une dur\u00e9e de 6 mois, <strong>co\u00fbte 135 \u20ac.<\/strong><\/p>\n<p>Si le visa est n\u00e9cessaire pour plusieurs personnes ou pour une p\u00e9riode tr\u00e8s courte et que vous avez des besoins sp\u00e9cifiques, <strong>contactez-nous imm\u00e9diatement pour recevoir votre devis gratuit en quelques minutes.<\/strong><\/p>\n<p>Si vous avez \u00e9galement besoin d&rsquo;une <strong>assurance sant\u00e9 pour le visa touristique Italie pour un citoyen \u00e9tranger<\/strong>, nous proposons une solution \u00e9conomique :<\/p>\n<p>Pour 90 jours : au co\u00fbt de 120,00 \u20ac<\/p>\n<p><strong>OFFRE \u00c9CONOMIE<\/strong> : La <strong>garantie bancaire et l&rsquo;assurance sant\u00e9<\/strong> pour le visa touristique <strong>ensemble<\/strong> pour une p\u00e9riode de<strong> 90 jours<\/strong> co\u00fbte au total<strong> 245,00 \u20ac<\/strong><\/p>\n","immagini_aggiuntive":false,"blocco_info_titolo":"","blocco_info_testo":""},"yoast_head":"<!-- This site is optimized with the Yoast SEO plugin v27.4 - https:\/\/yoast.com\/product\/yoast-seo-wordpress\/ -->\n<title>Garantie Bancaire pour Visa Touristique en Italie<\/title>\n<meta name=\"description\" content=\"Obtenez une garantie bancaire pour le visa touristique en Italie et remplissez les conditions d&#039;entr\u00e9e. Italia Fideiussioni propose des solutions rapides et fiables pour assurer votre s\u00e9jour.\" \/>\n<meta name=\"robots\" content=\"index, follow, max-snippet:-1, max-image-preview:large, max-video-preview:-1\" \/>\n<link rel=\"canonical\" href=\"https:\/\/www.italiafideiussioni.it\/fr\/caution-bancaire-polices-pour-etrangers\/garantie-bancaire-pour-visa-touristique\/\" \/>\n<meta property=\"og:locale\" content=\"fr_FR\" \/>\n<meta property=\"og:type\" content=\"article\" \/>\n<meta property=\"og:title\" content=\"Garantie Bancaire pour Visa Touristique en Italie\" \/>\n<meta property=\"og:description\" content=\"Obtenez une garantie bancaire pour le visa touristique en Italie et remplissez les conditions d&#039;entr\u00e9e. Italia Fideiussioni propose des solutions rapides et fiables pour assurer votre s\u00e9jour.\" \/>\n<meta property=\"og:url\" content=\"https:\/\/www.italiafideiussioni.it\/fr\/caution-bancaire-polices-pour-etrangers\/garantie-bancaire-pour-visa-touristique\/\" \/>\n<meta property=\"og:site_name\" content=\"Italia Fideiussioni\" \/>\n<meta property=\"article:publisher\" content=\"https:\/\/www.facebook.com\/italiafideiussioni\/\" \/>\n<meta property=\"article:modified_time\" content=\"2024-10-30T10:36:41+00:00\" \/>\n<meta property=\"og:image\" content=\"https:\/\/www.italiafideiussioni.it\/wp-content\/uploads\/2021\/07\/fideiussioni-visto-francese.jpg\" \/>\n\t<meta property=\"og:image:width\" content=\"1000\" \/>\n\t<meta property=\"og:image:height\" content=\"667\" \/>\n\t<meta property=\"og:image:type\" content=\"image\/jpeg\" \/>\n<meta name=\"twitter:card\" content=\"summary_large_image\" \/>\n<meta name=\"twitter:site\" content=\"@itafideiussioni\" \/>\n<meta name=\"twitter:label1\" content=\"Dur\u00e9e de lecture estim\u00e9e\" \/>\n\t<meta name=\"twitter:data1\" content=\"2 minutes\" \/>\n<script type=\"application\/ld+json\" class=\"yoast-schema-graph\">{\"@context\":\"https:\\\/\\\/schema.org\",\"@graph\":[{\"@type\":\"WebPage\",\"@id\":\"https:\\\/\\\/www.italiafideiussioni.it\\\/fr\\\/caution-bancaire-polices-pour-etrangers\\\/garantie-bancaire-pour-visa-touristique\\\/\",\"url\":\"https:\\\/\\\/www.italiafideiussioni.it\\\/fr\\\/caution-bancaire-polices-pour-etrangers\\\/garantie-bancaire-pour-visa-touristique\\\/\",\"name\":\"Garantie Bancaire pour Visa Touristique en Italie\",\"isPartOf\":{\"@id\":\"https:\\\/\\\/www.italiafideiussioni.it\\\/fr\\\/#website\"},\"primaryImageOfPage\":{\"@id\":\"https:\\\/\\\/www.italiafideiussioni.it\\\/fr\\\/caution-bancaire-polices-pour-etrangers\\\/garantie-bancaire-pour-visa-touristique\\\/#primaryimage\"},\"image\":{\"@id\":\"https:\\\/\\\/www.italiafideiussioni.it\\\/fr\\\/caution-bancaire-polices-pour-etrangers\\\/garantie-bancaire-pour-visa-touristique\\\/#primaryimage\"},\"thumbnailUrl\":\"https:\\\/\\\/www.italiafideiussioni.it\\\/wp-content\\\/uploads\\\/2021\\\/07\\\/fideiussioni-visto-francese.jpg\",\"datePublished\":\"2021-07-02T10:18:47+00:00\",\"dateModified\":\"2024-10-30T10:36:41+00:00\",\"description\":\"Obtenez une garantie bancaire pour le visa touristique en Italie et remplissez les conditions d'entr\u00e9e. Italia Fideiussioni propose des solutions rapides et fiables pour assurer votre s\u00e9jour.\",\"breadcrumb\":{\"@id\":\"https:\\\/\\\/www.italiafideiussioni.it\\\/fr\\\/caution-bancaire-polices-pour-etrangers\\\/garantie-bancaire-pour-visa-touristique\\\/#breadcrumb\"},\"inLanguage\":\"fr-FR\",\"potentialAction\":[{\"@type\":\"ReadAction\",\"target\":[\"https:\\\/\\\/www.italiafideiussioni.it\\\/fr\\\/caution-bancaire-polices-pour-etrangers\\\/garantie-bancaire-pour-visa-touristique\\\/\"]}]},{\"@type\":\"ImageObject\",\"inLanguage\":\"fr-FR\",\"@id\":\"https:\\\/\\\/www.italiafideiussioni.it\\\/fr\\\/caution-bancaire-polices-pour-etrangers\\\/garantie-bancaire-pour-visa-touristique\\\/#primaryimage\",\"url\":\"https:\\\/\\\/www.italiafideiussioni.it\\\/wp-content\\\/uploads\\\/2021\\\/07\\\/fideiussioni-visto-francese.jpg\",\"contentUrl\":\"https:\\\/\\\/www.italiafideiussioni.it\\\/wp-content\\\/uploads\\\/2021\\\/07\\\/fideiussioni-visto-francese.jpg\",\"width\":1000,\"height\":667,\"caption\":\"visto turistico francese\"},{\"@type\":\"BreadcrumbList\",\"@id\":\"https:\\\/\\\/www.italiafideiussioni.it\\\/fr\\\/caution-bancaire-polices-pour-etrangers\\\/garantie-bancaire-pour-visa-touristique\\\/#breadcrumb\",\"itemListElement\":[{\"@type\":\"ListItem\",\"position\":1,\"name\":\"Home\",\"item\":\"https:\\\/\\\/www.italiafideiussioni.it\\\/fr\\\/page-daccueil-2013\\\/\"},{\"@type\":\"ListItem\",\"position\":2,\"name\":\"Caution Bancaire et polices pour \u00c9trangers\",\"item\":\"https:\\\/\\\/www.italiafideiussioni.it\\\/fr\\\/caution-bancaire-polices-pour-etrangers\\\/\"},{\"@type\":\"ListItem\",\"position\":3,\"name\":\"Garantie bancaire pour visa touristique\"}]},{\"@type\":\"WebSite\",\"@id\":\"https:\\\/\\\/www.italiafideiussioni.it\\\/fr\\\/#website\",\"url\":\"https:\\\/\\\/www.italiafideiussioni.it\\\/fr\\\/\",\"name\":\"Italia Fideiussioni\",\"description\":\"\",\"publisher\":{\"@id\":\"https:\\\/\\\/www.italiafideiussioni.it\\\/fr\\\/#organization\"},\"potentialAction\":[{\"@type\":\"SearchAction\",\"target\":{\"@type\":\"EntryPoint\",\"urlTemplate\":\"https:\\\/\\\/www.italiafideiussioni.it\\\/fr\\\/?s={search_term_string}\"},\"query-input\":{\"@type\":\"PropertyValueSpecification\",\"valueRequired\":true,\"valueName\":\"search_term_string\"}}],\"inLanguage\":\"fr-FR\"},{\"@type\":\"Organization\",\"@id\":\"https:\\\/\\\/www.italiafideiussioni.it\\\/fr\\\/#organization\",\"name\":\"Fideiussioni s.r.l.\",\"url\":\"https:\\\/\\\/www.italiafideiussioni.it\\\/fr\\\/\",\"logo\":{\"@type\":\"ImageObject\",\"inLanguage\":\"fr-FR\",\"@id\":\"https:\\\/\\\/www.italiafideiussioni.it\\\/fr\\\/#\\\/schema\\\/logo\\\/image\\\/\",\"url\":\"https:\\\/\\\/www.italiafideiussioni.it\\\/wp-content\\\/uploads\\\/2018\\\/10\\\/italiafideiussioni-logo-white.png\",\"contentUrl\":\"https:\\\/\\\/www.italiafideiussioni.it\\\/wp-content\\\/uploads\\\/2018\\\/10\\\/italiafideiussioni-logo-white.png\",\"width\":516,\"height\":97,\"caption\":\"Fideiussioni s.r.l.\"},\"image\":{\"@id\":\"https:\\\/\\\/www.italiafideiussioni.it\\\/fr\\\/#\\\/schema\\\/logo\\\/image\\\/\"},\"sameAs\":[\"https:\\\/\\\/www.facebook.com\\\/italiafideiussioni\\\/\",\"https:\\\/\\\/x.com\\\/itafideiussioni\",\"https:\\\/\\\/www.linkedin.com\\\/company\\\/italiafideiussioni-srl\\\/about\\\/\",\"https:\\\/\\\/www.youtube.com\\\/channel\\\/UC-OhbmM_pkAEKLqJ6nQbpjw\"]}]}<\/script>\n<!-- \/ Yoast SEO plugin. -->","yoast_head_json":{"title":"Garantie Bancaire pour Visa Touristique en Italie","description":"Obtenez une garantie bancaire pour le visa touristique en Italie et remplissez les conditions d'entr\u00e9e. Italia Fideiussioni propose des solutions rapides et fiables pour assurer votre s\u00e9jour.","robots":{"index":"index","follow":"follow","max-snippet":"max-snippet:-1","max-image-preview":"max-image-preview:large","max-video-preview":"max-video-preview:-1"},"canonical":"https:\/\/www.italiafideiussioni.it\/fr\/caution-bancaire-polices-pour-etrangers\/garantie-bancaire-pour-visa-touristique\/","og_locale":"fr_FR","og_type":"article","og_title":"Garantie Bancaire pour Visa Touristique en Italie","og_description":"Obtenez une garantie bancaire pour le visa touristique en Italie et remplissez les conditions d'entr\u00e9e. Italia Fideiussioni propose des solutions rapides et fiables pour assurer votre s\u00e9jour.","og_url":"https:\/\/www.italiafideiussioni.it\/fr\/caution-bancaire-polices-pour-etrangers\/garantie-bancaire-pour-visa-touristique\/","og_site_name":"Italia Fideiussioni","article_publisher":"https:\/\/www.facebook.com\/italiafideiussioni\/","article_modified_time":"2024-10-30T10:36:41+00:00","og_image":[{"width":1000,"height":667,"url":"https:\/\/www.italiafideiussioni.it\/wp-content\/uploads\/2021\/07\/fideiussioni-visto-francese.jpg","type":"image\/jpeg"}],"twitter_card":"summary_large_image","twitter_site":"@itafideiussioni","twitter_misc":{"Dur\u00e9e de lecture estim\u00e9e":"2 minutes"},"schema":{"@context":"https:\/\/schema.org","@graph":[{"@type":"WebPage","@id":"https:\/\/www.italiafideiussioni.it\/fr\/caution-bancaire-polices-pour-etrangers\/garantie-bancaire-pour-visa-touristique\/","url":"https:\/\/www.italiafideiussioni.it\/fr\/caution-bancaire-polices-pour-etrangers\/garantie-bancaire-pour-visa-touristique\/","name":"Garantie Bancaire pour Visa Touristique en Italie","isPartOf":{"@id":"https:\/\/www.italiafideiussioni.it\/fr\/#website"},"primaryImageOfPage":{"@id":"https:\/\/www.italiafideiussioni.it\/fr\/caution-bancaire-polices-pour-etrangers\/garantie-bancaire-pour-visa-touristique\/#primaryimage"},"image":{"@id":"https:\/\/www.italiafideiussioni.it\/fr\/caution-bancaire-polices-pour-etrangers\/garantie-bancaire-pour-visa-touristique\/#primaryimage"},"thumbnailUrl":"https:\/\/www.italiafideiussioni.it\/wp-content\/uploads\/2021\/07\/fideiussioni-visto-francese.jpg","datePublished":"2021-07-02T10:18:47+00:00","dateModified":"2024-10-30T10:36:41+00:00","description":"Obtenez une garantie bancaire pour le visa touristique en Italie et remplissez les conditions d'entr\u00e9e. Italia Fideiussioni propose des solutions rapides et fiables pour assurer votre s\u00e9jour.","breadcrumb":{"@id":"https:\/\/www.italiafideiussioni.it\/fr\/caution-bancaire-polices-pour-etrangers\/garantie-bancaire-pour-visa-touristique\/#breadcrumb"},"inLanguage":"fr-FR","potentialAction":[{"@type":"ReadAction","target":["https:\/\/www.italiafideiussioni.it\/fr\/caution-bancaire-polices-pour-etrangers\/garantie-bancaire-pour-visa-touristique\/"]}]},{"@type":"ImageObject","inLanguage":"fr-FR","@id":"https:\/\/www.italiafideiussioni.it\/fr\/caution-bancaire-polices-pour-etrangers\/garantie-bancaire-pour-visa-touristique\/#primaryimage","url":"https:\/\/www.italiafideiussioni.it\/wp-content\/uploads\/2021\/07\/fideiussioni-visto-francese.jpg","contentUrl":"https:\/\/www.italiafideiussioni.it\/wp-content\/uploads\/2021\/07\/fideiussioni-visto-francese.jpg","width":1000,"height":667,"caption":"visto turistico francese"},{"@type":"BreadcrumbList","@id":"https:\/\/www.italiafideiussioni.it\/fr\/caution-bancaire-polices-pour-etrangers\/garantie-bancaire-pour-visa-touristique\/#breadcrumb","itemListElement":[{"@type":"ListItem","position":1,"name":"Home","item":"https:\/\/www.italiafideiussioni.it\/fr\/page-daccueil-2013\/"},{"@type":"ListItem","position":2,"name":"Caution Bancaire et polices pour \u00c9trangers","item":"https:\/\/www.italiafideiussioni.it\/fr\/caution-bancaire-polices-pour-etrangers\/"},{"@type":"ListItem","position":3,"name":"Garantie bancaire pour visa touristique"}]},{"@type":"WebSite","@id":"https:\/\/www.italiafideiussioni.it\/fr\/#website","url":"https:\/\/www.italiafideiussioni.it\/fr\/","name":"Italia Fideiussioni","description":"","publisher":{"@id":"https:\/\/www.italiafideiussioni.it\/fr\/#organization"},"potentialAction":[{"@type":"SearchAction","target":{"@type":"EntryPoint","urlTemplate":"https:\/\/www.italiafideiussioni.it\/fr\/?s={search_term_string}"},"query-input":{"@type":"PropertyValueSpecification","valueRequired":true,"valueName":"search_term_string"}}],"inLanguage":"fr-FR"},{"@type":"Organization","@id":"https:\/\/www.italiafideiussioni.it\/fr\/#organization","name":"Fideiussioni s.r.l.","url":"https:\/\/www.italiafideiussioni.it\/fr\/","logo":{"@type":"ImageObject","inLanguage":"fr-FR","@id":"https:\/\/www.italiafideiussioni.it\/fr\/#\/schema\/logo\/image\/","url":"https:\/\/www.italiafideiussioni.it\/wp-content\/uploads\/2018\/10\/italiafideiussioni-logo-white.png","contentUrl":"https:\/\/www.italiafideiussioni.it\/wp-content\/uploads\/2018\/10\/italiafideiussioni-logo-white.png","width":516,"height":97,"caption":"Fideiussioni s.r.l."},"image":{"@id":"https:\/\/www.italiafideiussioni.it\/fr\/#\/schema\/logo\/image\/"},"sameAs":["https:\/\/www.facebook.com\/italiafideiussioni\/","https:\/\/x.com\/itafideiussioni","https:\/\/www.linkedin.com\/company\/italiafideiussioni-srl\/about\/","https:\/\/www.youtube.com\/channel\/UC-OhbmM_pkAEKLqJ6nQbpjw"]}]}},"_links":{"self":[{"href":"https:\/\/www.italiafideiussioni.it\/fr\/wp-json\/wp\/v2\/pages\/2460","targetHints":{"allow":["GET"]}}],"collection":[{"href":"https:\/\/www.italiafideiussioni.it\/fr\/wp-json\/wp\/v2\/pages"}],"about":[{"href":"https:\/\/www.italiafideiussioni.it\/fr\/wp-json\/wp\/v2\/types\/page"}],"author":[{"embeddable":true,"href":"https:\/\/www.italiafideiussioni.it\/fr\/wp-json\/wp\/v2\/users\/3"}],"replies":[{"embeddable":true,"href":"https:\/\/www.italiafideiussioni.it\/fr\/wp-json\/wp\/v2\/comments?post=2460"}],"version-history":[{"count":7,"href":"https:\/\/www.italiafideiussioni.it\/fr\/wp-json\/wp\/v2\/pages\/2460\/revisions"}],"predecessor-version":[{"id":8575,"href":"https:\/\/www.italiafideiussioni.it\/fr\/wp-json\/wp\/v2\/pages\/2460\/revisions\/8575"}],"up":[{"embeddable":true,"href":"https:\/\/www.italiafideiussioni.it\/fr\/wp-json\/wp\/v2\/pages\/8084"}],"wp:featuredmedia":[{"embeddable":true,"href":"https:\/\/www.italiafideiussioni.it\/fr\/wp-json\/wp\/v2\/media\/2462"}],"wp:attachment":[{"href":"https:\/\/www.italiafideiussioni.it\/fr\/wp-json\/wp\/v2\/media?parent=2460"}],"curies":[{"name":"wp","href":"https:\/\/api.w.org\/{rel}","templated":true}]}}