{"id":9426,"date":"2018-10-10T09:11:31","date_gmt":"2018-10-10T09:11:31","guid":{"rendered":"https:\/\/www.italiafideiussioni.it\/fianza-bancaria-y-polizas-para-extranjeros\/"},"modified":"2025-02-10T08:34:36","modified_gmt":"2025-02-10T08:34:36","slug":"fianza-bancaria-y-polizas-para-extranjeros","status":"publish","type":"page","link":"https:\/\/www.italiafideiussioni.it\/es\/fianza-bancaria-y-polizas-para-extranjeros\/","title":{"rendered":"Fianza Bancaria y P\u00f3lizas para Extranjeros"},"content":{"rendered":"<h2>\u00bfEst\u00e1s buscando la <a href=\"https:\/\/www.italiafideiussioni.it\/es\/fianza-bancaria-y-polizas-para-extranjeros\/fianza-bancaria-visa-turistica-2024\/\">Fianza Bancaria para el visado tur\u00edstico<\/a> a Italia para un extranjero que necesita entrar en Italia?<\/h2>\n<h2>\u00bfNecesitas el visado para Italia para un amigo extranjero?<\/h2>\n<p>\u00bfTu banco te exige un dep\u00f3sito en garant\u00eda? Con nosotros, <strong>NO necesitas hacer ning\u00fan dep\u00f3sito ni abrir una cuenta bancaria.<\/strong><\/p>\n<p><strong>\u00a1Tenemos una soluci\u00f3n r\u00e1pida y eficaz para los visados tur\u00edsticos a Italia!<\/strong><\/p>\n<p>\u00a1Con nosotros NO necesitas abrir una cuenta bancaria ni depositar dinero como garant\u00eda! Si tienes urgencia, te proporcionamos la <strong>Fianza Bancaria para visa tur\u00edstica a Italia<\/strong> sin necesidad de depositar dinero como garant\u00eda y en tiempos r\u00e1pidos.<\/p>\n<p>\u00a1Tambi\u00e9n tenemos el <strong>Seguro M\u00e9dico de Viaje obligatorio<\/strong> para obtener la visa Schengen, que, si es realmente urgente, entregamos en solo 2 horas!<\/p>\n<p><strong>Escr\u00edbenos ahora por WhatsApp<\/strong>: +39 339.71.50.157. Env\u00edanos un mensaje, te ayudamos gratuitamente a completar la <strong>Carta de Invitaci\u00f3n<\/strong> y respondemos dentro del horario de oficina, en un m\u00e1ximo de 5 minutos.<\/p>\n<p>En esta p\u00e1gina encontrar\u00e1s todas las soluciones de <strong>Fianzas Bancarias<\/strong> y p\u00f3lizas para extranjeros:<\/p>\n","protected":false},"excerpt":{"rendered":"<p>Fianzas y p\u00f3liza sanitaria para extranjeros, para visa tur\u00edstica, de estudio y de trabajo.<\/p>\n","protected":false},"author":2,"featured_media":9428,"parent":0,"menu_order":3,"comment_status":"closed","ping_status":"closed","template":"templates-custom\/tpl-pagina-servizi-sub.php","meta":{"_acf_changed":false,"_yoast_wpseo_focuskw":"","_yoast_wpseo_title":"Fianzas para extranjeros en 24h | Italia Fideiussioni","_yoast_wpseo_metadesc":"En 24h fianzas para extranjeros no comunitarios por motivos de estudio, trabajo, hospitalizaci\u00f3n, turismo o actividades deportivas - Presupuesto en 2h.","_yoast_wpseo_meta-robots-noindex":"","_yoast_wpseo_meta-robots-nofollow":"","_yoast_wpseo_canonical":"","_yoast_wpseo_opengraph-title":"","_yoast_wpseo_opengraph-description":"","_yoast_wpseo_opengraph-image":"","_yoast_wpseo_opengraph-image-id":"","_yoast_wpseo_twitter-title":"","_yoast_wpseo_twitter-description":"","_yoast_wpseo_twitter-image":"","footnotes":""},"class_list":["post-9426","page","type-page","status-publish","has-post-thumbnail","hentry"],"acf":{"blocco_iniziale":"<div class=\"container_iframe\" style=\"margin-bottom: 30px;\"><div class=\"epyt-video-wrapper\"><iframe  id=\"_ytid_43596\"  width=\"480\" height=\"270\"  data-origwidth=\"480\" data-origheight=\"270\"  data-relstop=\"1\" src=\"https:\/\/www.youtube.com\/embed\/hSiawNLNXdo?enablejsapi=1&autoplay=0&cc_load_policy=0&cc_lang_pref=&iv_load_policy=3&loop=0&rel=0&fs=1&playsinline=0&autohide=2&theme=dark&color=red&controls=1&disablekb=0&\" class=\"__youtube_prefs__  no-lazyload\" title=\"YouTube player\"  allow=\"fullscreen; accelerometer; autoplay; clipboard-write; encrypted-media; gyroscope; picture-in-picture; web-share\" referrerpolicy=\"strict-origin-when-cross-origin\" allowfullscreen data-no-lazy=\"1\" data-skipgform_ajax_framebjll=\"\"><\/iframe><\/div><\/div>\n<div>\n<p><strong>Nota importante:<\/strong><br \/>\nNo ofrecemos ni vendemos visas, asesoramiento legal ni servicios para la solicitud o programaci\u00f3n de citas para obtener la visa para Italia, por lo que no respondemos a este tipo de solicitudes.<\/p>\n<p><span style=\"font-weight: 400;\">Por favor, p\u00f3ngase en contacto con la Embajada Italiana o el Consulado Italiano en su pa\u00eds de residencia para obtener respuestas precisas sobre la emisi\u00f3n del visado Schengen.<\/span><\/p>\n<p><span style=\"font-weight: 400;\">Nuestro sitio y nuestra empresa<\/span><span style=\"font-weight: 400;\"> no est\u00e1n afiliados a la Uni\u00f3n Europea, el Consejo de la UE ni a ninguna otra agencia gubernamental.<\/span><\/p>\n<p><span style=\"font-weight: 400;\">Hemos hecho todos los esfuerzos razonables para garantizar que los contenidos de nuestro sitio web sean correctos. <\/span><\/p>\n<p><span style=\"font-weight: 400;\">Sin embargo, no garantizamos la integridad ni la exactitud de la informaci\u00f3n y no nos hacemos responsables de posibles errores, omisiones o inexactitudes. Parte o la totalidad del contenido es \u00fanicamente de car\u00e1cter informativo y no tiene en ning\u00fan caso valor vinculante legalmente. <\/span><\/p>\n<h3><b>Cont\u00e1ctanos<\/b><\/h3>\n<p>En caso de que encuentres informaci\u00f3n inexacta en nuestro sitio web, te invitamos a escribirnos por correo electr\u00f3nico a <a href=\"mailto:info@italiafideiussioni.it\">info@italiafideiussioni.it <\/a>con el fin de no inducir a error a las partes interesadas sobre la informaci\u00f3n que proporcionamos.<\/p>\n<\/div>\n","macroarea_servizi":""},"yoast_head":"<!-- This site is optimized with the Yoast SEO plugin v27.5 - https:\/\/yoast.com\/product\/yoast-seo-wordpress\/ -->\n<title>Fianzas para extranjeros en 24h | Italia Fideiussioni<\/title>\n<meta name=\"description\" content=\"En 24h fianzas para extranjeros no comunitarios por motivos de estudio, trabajo, hospitalizaci\u00f3n, turismo o actividades deportivas - Presupuesto en 2h.\" \/>\n<meta name=\"robots\" content=\"index, follow, max-snippet:-1, max-image-preview:large, max-video-preview:-1\" \/>\n<link rel=\"canonical\" href=\"https:\/\/www.italiafideiussioni.it\/es\/fianza-bancaria-y-polizas-para-extranjeros\/\" \/>\n<meta property=\"og:locale\" content=\"es_ES\" \/>\n<meta property=\"og:type\" content=\"article\" \/>\n<meta property=\"og:title\" content=\"Fianzas para extranjeros en 24h | Italia Fideiussioni\" \/>\n<meta property=\"og:description\" content=\"En 24h fianzas para extranjeros no comunitarios por motivos de estudio, trabajo, hospitalizaci\u00f3n, turismo o actividades deportivas - Presupuesto en 2h.\" \/>\n<meta property=\"og:url\" content=\"https:\/\/www.italiafideiussioni.it\/es\/fianza-bancaria-y-polizas-para-extranjeros\/\" \/>\n<meta property=\"og:site_name\" content=\"Italia Fideiussioni\" \/>\n<meta property=\"article:publisher\" content=\"https:\/\/www.facebook.com\/italiafideiussioni\/\" \/>\n<meta property=\"article:modified_time\" content=\"2025-02-10T08:34:36+00:00\" \/>\n<meta property=\"og:image\" content=\"https:\/\/www.italiafideiussioni.it\/wp-content\/uploads\/2023\/02\/fideiussioni-e-polizze-per-stranieri.jpg\" \/>\n\t<meta property=\"og:image:width\" content=\"800\" \/>\n\t<meta property=\"og:image:height\" content=\"692\" \/>\n\t<meta property=\"og:image:type\" content=\"image\/jpeg\" \/>\n<meta name=\"twitter:card\" content=\"summary_large_image\" \/>\n<meta name=\"twitter:site\" content=\"@itafideiussioni\" \/>\n<meta name=\"twitter:label1\" content=\"Tiempo de lectura\" \/>\n\t<meta name=\"twitter:data1\" content=\"3 minutos\" \/>\n<script type=\"application\/ld+json\" class=\"yoast-schema-graph\">{\"@context\":\"https:\\\/\\\/schema.org\",\"@graph\":[{\"@type\":\"WebPage\",\"@id\":\"https:\\\/\\\/www.italiafideiussioni.it\\\/es\\\/fianza-bancaria-y-polizas-para-extranjeros\\\/\",\"url\":\"https:\\\/\\\/www.italiafideiussioni.it\\\/es\\\/fianza-bancaria-y-polizas-para-extranjeros\\\/\",\"name\":\"Fianzas para extranjeros en 24h | Italia Fideiussioni\",\"isPartOf\":{\"@id\":\"https:\\\/\\\/www.italiafideiussioni.it\\\/es\\\/#website\"},\"primaryImageOfPage\":{\"@id\":\"https:\\\/\\\/www.italiafideiussioni.it\\\/es\\\/fianza-bancaria-y-polizas-para-extranjeros\\\/#primaryimage\"},\"image\":{\"@id\":\"https:\\\/\\\/www.italiafideiussioni.it\\\/es\\\/fianza-bancaria-y-polizas-para-extranjeros\\\/#primaryimage\"},\"thumbnailUrl\":\"https:\\\/\\\/www.italiafideiussioni.it\\\/wp-content\\\/uploads\\\/2023\\\/02\\\/fideiussioni-e-polizze-per-stranieri.jpg\",\"datePublished\":\"2018-10-10T09:11:31+00:00\",\"dateModified\":\"2025-02-10T08:34:36+00:00\",\"description\":\"En 24h fianzas para extranjeros no comunitarios por motivos de estudio, trabajo, hospitalizaci\u00f3n, turismo o actividades deportivas - Presupuesto en 2h.\",\"breadcrumb\":{\"@id\":\"https:\\\/\\\/www.italiafideiussioni.it\\\/es\\\/fianza-bancaria-y-polizas-para-extranjeros\\\/#breadcrumb\"},\"inLanguage\":\"es\",\"potentialAction\":[{\"@type\":\"ReadAction\",\"target\":[\"https:\\\/\\\/www.italiafideiussioni.it\\\/es\\\/fianza-bancaria-y-polizas-para-extranjeros\\\/\"]}]},{\"@type\":\"ImageObject\",\"inLanguage\":\"es\",\"@id\":\"https:\\\/\\\/www.italiafideiussioni.it\\\/es\\\/fianza-bancaria-y-polizas-para-extranjeros\\\/#primaryimage\",\"url\":\"https:\\\/\\\/www.italiafideiussioni.it\\\/wp-content\\\/uploads\\\/2023\\\/02\\\/fideiussioni-e-polizze-per-stranieri.jpg\",\"contentUrl\":\"https:\\\/\\\/www.italiafideiussioni.it\\\/wp-content\\\/uploads\\\/2023\\\/02\\\/fideiussioni-e-polizze-per-stranieri.jpg\",\"width\":800,\"height\":692},{\"@type\":\"BreadcrumbList\",\"@id\":\"https:\\\/\\\/www.italiafideiussioni.it\\\/es\\\/fianza-bancaria-y-polizas-para-extranjeros\\\/#breadcrumb\",\"itemListElement\":[{\"@type\":\"ListItem\",\"position\":1,\"name\":\"Home\",\"item\":\"https:\\\/\\\/www.italiafideiussioni.it\\\/es\\\/home-page-2013\\\/\"},{\"@type\":\"ListItem\",\"position\":2,\"name\":\"Fianza Bancaria y P\u00f3lizas para Extranjeros\"}]},{\"@type\":\"WebSite\",\"@id\":\"https:\\\/\\\/www.italiafideiussioni.it\\\/es\\\/#website\",\"url\":\"https:\\\/\\\/www.italiafideiussioni.it\\\/es\\\/\",\"name\":\"Italia Fideiussioni\",\"description\":\"\",\"publisher\":{\"@id\":\"https:\\\/\\\/www.italiafideiussioni.it\\\/es\\\/#organization\"},\"potentialAction\":[{\"@type\":\"SearchAction\",\"target\":{\"@type\":\"EntryPoint\",\"urlTemplate\":\"https:\\\/\\\/www.italiafideiussioni.it\\\/es\\\/?s={search_term_string}\"},\"query-input\":{\"@type\":\"PropertyValueSpecification\",\"valueRequired\":true,\"valueName\":\"search_term_string\"}}],\"inLanguage\":\"es\"},{\"@type\":\"Organization\",\"@id\":\"https:\\\/\\\/www.italiafideiussioni.it\\\/es\\\/#organization\",\"name\":\"Fideiussioni s.r.l.\",\"url\":\"https:\\\/\\\/www.italiafideiussioni.it\\\/es\\\/\",\"logo\":{\"@type\":\"ImageObject\",\"inLanguage\":\"es\",\"@id\":\"https:\\\/\\\/www.italiafideiussioni.it\\\/es\\\/#\\\/schema\\\/logo\\\/image\\\/\",\"url\":\"https:\\\/\\\/www.italiafideiussioni.it\\\/wp-content\\\/uploads\\\/2018\\\/10\\\/italiafideiussioni-logo-white.png\",\"contentUrl\":\"https:\\\/\\\/www.italiafideiussioni.it\\\/wp-content\\\/uploads\\\/2018\\\/10\\\/italiafideiussioni-logo-white.png\",\"width\":516,\"height\":97,\"caption\":\"Fideiussioni s.r.l.\"},\"image\":{\"@id\":\"https:\\\/\\\/www.italiafideiussioni.it\\\/es\\\/#\\\/schema\\\/logo\\\/image\\\/\"},\"sameAs\":[\"https:\\\/\\\/www.facebook.com\\\/italiafideiussioni\\\/\",\"https:\\\/\\\/x.com\\\/itafideiussioni\",\"https:\\\/\\\/www.linkedin.com\\\/company\\\/italiafideiussioni-srl\\\/about\\\/\",\"https:\\\/\\\/www.youtube.com\\\/channel\\\/UC-OhbmM_pkAEKLqJ6nQbpjw\"]}]}<\/script>\n<!-- \/ Yoast SEO plugin. -->","yoast_head_json":{"title":"Fianzas para extranjeros en 24h | Italia Fideiussioni","description":"En 24h fianzas para extranjeros no comunitarios por motivos de estudio, trabajo, hospitalizaci\u00f3n, turismo o actividades deportivas - Presupuesto en 2h.","robots":{"index":"index","follow":"follow","max-snippet":"max-snippet:-1","max-image-preview":"max-image-preview:large","max-video-preview":"max-video-preview:-1"},"canonical":"https:\/\/www.italiafideiussioni.it\/es\/fianza-bancaria-y-polizas-para-extranjeros\/","og_locale":"es_ES","og_type":"article","og_title":"Fianzas para extranjeros en 24h | Italia Fideiussioni","og_description":"En 24h fianzas para extranjeros no comunitarios por motivos de estudio, trabajo, hospitalizaci\u00f3n, turismo o actividades deportivas - Presupuesto en 2h.","og_url":"https:\/\/www.italiafideiussioni.it\/es\/fianza-bancaria-y-polizas-para-extranjeros\/","og_site_name":"Italia Fideiussioni","article_publisher":"https:\/\/www.facebook.com\/italiafideiussioni\/","article_modified_time":"2025-02-10T08:34:36+00:00","og_image":[{"width":800,"height":692,"url":"https:\/\/www.italiafideiussioni.it\/wp-content\/uploads\/2023\/02\/fideiussioni-e-polizze-per-stranieri.jpg","type":"image\/jpeg"}],"twitter_card":"summary_large_image","twitter_site":"@itafideiussioni","twitter_misc":{"Tiempo de lectura":"3 minutos"},"schema":{"@context":"https:\/\/schema.org","@graph":[{"@type":"WebPage","@id":"https:\/\/www.italiafideiussioni.it\/es\/fianza-bancaria-y-polizas-para-extranjeros\/","url":"https:\/\/www.italiafideiussioni.it\/es\/fianza-bancaria-y-polizas-para-extranjeros\/","name":"Fianzas para extranjeros en 24h | Italia Fideiussioni","isPartOf":{"@id":"https:\/\/www.italiafideiussioni.it\/es\/#website"},"primaryImageOfPage":{"@id":"https:\/\/www.italiafideiussioni.it\/es\/fianza-bancaria-y-polizas-para-extranjeros\/#primaryimage"},"image":{"@id":"https:\/\/www.italiafideiussioni.it\/es\/fianza-bancaria-y-polizas-para-extranjeros\/#primaryimage"},"thumbnailUrl":"https:\/\/www.italiafideiussioni.it\/wp-content\/uploads\/2023\/02\/fideiussioni-e-polizze-per-stranieri.jpg","datePublished":"2018-10-10T09:11:31+00:00","dateModified":"2025-02-10T08:34:36+00:00","description":"En 24h fianzas para extranjeros no comunitarios por motivos de estudio, trabajo, hospitalizaci\u00f3n, turismo o actividades deportivas - Presupuesto en 2h.","breadcrumb":{"@id":"https:\/\/www.italiafideiussioni.it\/es\/fianza-bancaria-y-polizas-para-extranjeros\/#breadcrumb"},"inLanguage":"es","potentialAction":[{"@type":"ReadAction","target":["https:\/\/www.italiafideiussioni.it\/es\/fianza-bancaria-y-polizas-para-extranjeros\/"]}]},{"@type":"ImageObject","inLanguage":"es","@id":"https:\/\/www.italiafideiussioni.it\/es\/fianza-bancaria-y-polizas-para-extranjeros\/#primaryimage","url":"https:\/\/www.italiafideiussioni.it\/wp-content\/uploads\/2023\/02\/fideiussioni-e-polizze-per-stranieri.jpg","contentUrl":"https:\/\/www.italiafideiussioni.it\/wp-content\/uploads\/2023\/02\/fideiussioni-e-polizze-per-stranieri.jpg","width":800,"height":692},{"@type":"BreadcrumbList","@id":"https:\/\/www.italiafideiussioni.it\/es\/fianza-bancaria-y-polizas-para-extranjeros\/#breadcrumb","itemListElement":[{"@type":"ListItem","position":1,"name":"Home","item":"https:\/\/www.italiafideiussioni.it\/es\/home-page-2013\/"},{"@type":"ListItem","position":2,"name":"Fianza Bancaria y P\u00f3lizas para Extranjeros"}]},{"@type":"WebSite","@id":"https:\/\/www.italiafideiussioni.it\/es\/#website","url":"https:\/\/www.italiafideiussioni.it\/es\/","name":"Italia Fideiussioni","description":"","publisher":{"@id":"https:\/\/www.italiafideiussioni.it\/es\/#organization"},"potentialAction":[{"@type":"SearchAction","target":{"@type":"EntryPoint","urlTemplate":"https:\/\/www.italiafideiussioni.it\/es\/?s={search_term_string}"},"query-input":{"@type":"PropertyValueSpecification","valueRequired":true,"valueName":"search_term_string"}}],"inLanguage":"es"},{"@type":"Organization","@id":"https:\/\/www.italiafideiussioni.it\/es\/#organization","name":"Fideiussioni s.r.l.","url":"https:\/\/www.italiafideiussioni.it\/es\/","logo":{"@type":"ImageObject","inLanguage":"es","@id":"https:\/\/www.italiafideiussioni.it\/es\/#\/schema\/logo\/image\/","url":"https:\/\/www.italiafideiussioni.it\/wp-content\/uploads\/2018\/10\/italiafideiussioni-logo-white.png","contentUrl":"https:\/\/www.italiafideiussioni.it\/wp-content\/uploads\/2018\/10\/italiafideiussioni-logo-white.png","width":516,"height":97,"caption":"Fideiussioni s.r.l."},"image":{"@id":"https:\/\/www.italiafideiussioni.it\/es\/#\/schema\/logo\/image\/"},"sameAs":["https:\/\/www.facebook.com\/italiafideiussioni\/","https:\/\/x.com\/itafideiussioni","https:\/\/www.linkedin.com\/company\/italiafideiussioni-srl\/about\/","https:\/\/www.youtube.com\/channel\/UC-OhbmM_pkAEKLqJ6nQbpjw"]}]}},"_links":{"self":[{"href":"https:\/\/www.italiafideiussioni.it\/es\/wp-json\/wp\/v2\/pages\/9426","targetHints":{"allow":["GET"]}}],"collection":[{"href":"https:\/\/www.italiafideiussioni.it\/es\/wp-json\/wp\/v2\/pages"}],"about":[{"href":"https:\/\/www.italiafideiussioni.it\/es\/wp-json\/wp\/v2\/types\/page"}],"author":[{"embeddable":true,"href":"https:\/\/www.italiafideiussioni.it\/es\/wp-json\/wp\/v2\/users\/2"}],"replies":[{"embeddable":true,"href":"https:\/\/www.italiafideiussioni.it\/es\/wp-json\/wp\/v2\/comments?post=9426"}],"version-history":[{"count":3,"href":"https:\/\/www.italiafideiussioni.it\/es\/wp-json\/wp\/v2\/pages\/9426\/revisions"}],"predecessor-version":[{"id":9705,"href":"https:\/\/www.italiafideiussioni.it\/es\/wp-json\/wp\/v2\/pages\/9426\/revisions\/9705"}],"wp:featuredmedia":[{"embeddable":true,"href":"https:\/\/www.italiafideiussioni.it\/es\/wp-json\/wp\/v2\/media\/9428"}],"wp:attachment":[{"href":"https:\/\/www.italiafideiussioni.it\/es\/wp-json\/wp\/v2\/media?parent=9426"}],"curies":[{"name":"wp","href":"https:\/\/api.w.org\/{rel}","templated":true}]}}