{"id":9412,"date":"2022-06-21T08:26:16","date_gmt":"2022-06-21T08:26:16","guid":{"rendered":"https:\/\/www.italiafideiussioni.it\/cuales-son-los-documentos-necesarios-para-solicitar-el-visado-turistico\/"},"modified":"2025-11-10T11:58:13","modified_gmt":"2025-11-10T11:58:13","slug":"cuales-son-los-documentos-necesarios-para-solicitar-el-visado-turistico","status":"publish","type":"page","link":"https:\/\/www.italiafideiussioni.it\/es\/cuales-son-los-documentos-necesarios-para-solicitar-el-visado-turistico\/","title":{"rendered":"\u00bfCu\u00e1les son los documentos necesarios para solicitar el Visado Tur\u00edstico?"},"content":{"rendered":"<p>Aqu\u00ed tienes la lista completa de los documentos necesarios para obtener el visado tur\u00edstico.<br \/>\nEs fundamental presentar toda la documentaci\u00f3n que acredite tu identidad y la de la persona que ha emitido la carta de invitaci\u00f3n. Adem\u00e1s, debes cumplir con los requisitos de viaje, alojamiento, sustento y otros documentos. A continuaci\u00f3n, se detalla la lista punto por punto.<br \/>\nEn t\u00e9rminos generales, se necesitan los siguientes documentos:<\/p>\n<ol>\n<li>Carta de invitaci\u00f3n o declaraci\u00f3n de alojamiento: Es un documento donde la persona residente en Italia declara que alojar\u00e1 al solicitante en su domicilio. Tambi\u00e9n se conoce como <strong>Carta de invitaci\u00f3n para extranjeros para solicitud de visado tur\u00edstico o Declaraci\u00f3n de garant\u00eda y\/o alojamiento (PROOF OF SPONSORSHIP AND\/OR PRIVATE ACCOMMODATION).<\/strong> Puedes encontrar el formulario en este enlace: Carta de invitaci\u00f3n.<\/li>\n<li><a href=\"https:\/\/www.italiafideiussioni.it\/es\/fianza-bancaria-y-polizas-para-extranjeros\/poliza-seguro-medico-visa-turistica\/\" target=\"_blank\" rel=\"noopener\"><strong>P\u00f3liza de seguro m\u00e9dico de viaje Visa Schengen Travel Insurance<\/strong>: <\/a>Este documento garantiza la cobertura de gastos m\u00e9dicos por un importe asegurado de 30.000,00 \u20ac, para cualquier problema de salud que pueda surgir durante la estancia en Italia.<\/li>\n<li><strong>Fotograf\u00eda reciente en formato carnet.<\/strong><\/li>\n<li><strong>Documento de viaje:<\/strong> Pasaporte v\u00e1lido cuya fecha de vencimiento sea al menos tres meses posterior a la del visado solicitado.<\/li>\n<li><strong>T\u00edtulo de viaje de ida y vuelta (o reserva)<\/strong>: Tambi\u00e9n puede ser una demostraci\u00f3n de la disponibilidad de medios de transporte personales.<\/li>\n<li><strong>Prueba de medios econ\u00f3micos de sustento:<\/strong> Seg\u00fan lo estipulado en la Directiva del Ministerio del Interior del 1.3.2000. Estos medios pueden demostrarse mediante una <a href=\"https:\/\/www.italiafideiussioni.it\/es\/fianza-bancaria-y-polizas-para-extranjeros\/fianza-bancaria-visa-turistica-2024\/\" target=\"_blank\" rel=\"noopener\">Fideiussione Bancaria<\/a> (fianza bancaria) que garantice el sustento econ\u00f3mico durante la estancia en Italia, con un importe m\u00e1ximo de 3.905 \u20ac (90 d\u00edas).<\/li>\n<li><strong>Documentaci\u00f3n justificativa de la condici\u00f3n socio-profesional:<\/strong> Se refiere a la situaci\u00f3n del ciudadano extranjero que desea viajar a Italia.<\/li>\n<li><strong>Disponibilidad de alojamiento<\/strong>: Puede ser una reserva de hotel, una declaraci\u00f3n de hospitalidad por parte del anfitri\u00f3n o una declaraci\u00f3n del anfitri\u00f3n asumiendo los gastos de alojamiento.<\/li>\n<\/ol>\n<p>Es importante tener en cuenta que cada Embajada italiana puede solicitar documentos adicionales. <a href=\"https:\/\/www.esteri.it\/it\/ministero\/struttura\/laretediplomatica\/\" target=\"_blank\" rel=\"noopener\">En este enlace del Ministerio de Relaciones Exteriores puedes encontrar las direcciones y n\u00fameros de tel\u00e9fono de todas las sedes diplom\u00e1ticas italianas en el mundo.<\/a><\/p>\n<p>&nbsp;<\/p>\n<p style=\"text-align: right;\"><a href=\"https:\/\/www.italiafideiussioni.it\/fideiussioni-per-stranieri\/faq-visto-turistico-per-stranieri\/\"><em>Vuelve a las F.A.Q.<\/em><\/a><\/p>\n","protected":false},"excerpt":{"rendered":"<p>Aqu\u00ed tienes la lista completa de los documentos necesarios para obtener el visado tur\u00edstico. Es fundamental presentar toda la documentaci\u00f3n que acredite tu identidad y la de la persona que ha emitido la carta de invitaci\u00f3n. Adem\u00e1s, debes cumplir con los requisitos de viaje, alojamiento, sustento y otros documentos. A continuaci\u00f3n, se detalla la lista [&hellip;]<\/p>\n","protected":false},"author":3,"featured_media":9413,"parent":0,"menu_order":0,"comment_status":"closed","ping_status":"closed","template":"","meta":{"_acf_changed":false,"_yoast_wpseo_focuskw":"","_yoast_wpseo_title":"Visado tur\u00edstico: lista de todos los documentos necesarios","_yoast_wpseo_metadesc":"En este art\u00edculo encontrar\u00e1s la lista completa de todos los documentos necesarios para solicitar el visado tur\u00edstico.","_yoast_wpseo_meta-robots-noindex":"","_yoast_wpseo_meta-robots-nofollow":"","_yoast_wpseo_canonical":"","_yoast_wpseo_opengraph-title":"","_yoast_wpseo_opengraph-description":"","_yoast_wpseo_opengraph-image":"","_yoast_wpseo_opengraph-image-id":"","_yoast_wpseo_twitter-title":"","_yoast_wpseo_twitter-description":"","_yoast_wpseo_twitter-image":"","footnotes":""},"class_list":["post-9412","page","type-page","status-publish","has-post-thumbnail","hentry"],"acf":{"blocco_testimonianze":"2","blocco_iniziale":"","titolo_form":"","macroarea_servizi":"","blocco_euro_titolo":"","blocco_euro_testo":"","immagini_aggiuntive":false,"blocco_info_titolo":"","blocco_info_testo":""},"yoast_head":"<!-- This site is optimized with the Yoast SEO plugin v27.4 - https:\/\/yoast.com\/product\/yoast-seo-wordpress\/ -->\n<title>Visado tur\u00edstico: lista de todos los documentos necesarios<\/title>\n<meta name=\"description\" content=\"En este art\u00edculo encontrar\u00e1s la lista completa de todos los documentos necesarios para solicitar el visado tur\u00edstico.\" \/>\n<meta name=\"robots\" content=\"index, follow, max-snippet:-1, max-image-preview:large, max-video-preview:-1\" \/>\n<link rel=\"canonical\" href=\"https:\/\/www.italiafideiussioni.it\/es\/cuales-son-los-documentos-necesarios-para-solicitar-el-visado-turistico\/\" \/>\n<meta property=\"og:locale\" content=\"es_ES\" \/>\n<meta property=\"og:type\" content=\"article\" \/>\n<meta property=\"og:title\" content=\"Visado tur\u00edstico: lista de todos los documentos necesarios\" \/>\n<meta property=\"og:description\" content=\"En este art\u00edculo encontrar\u00e1s la lista completa de todos los documentos necesarios para solicitar el visado tur\u00edstico.\" \/>\n<meta property=\"og:url\" content=\"https:\/\/www.italiafideiussioni.it\/es\/cuales-son-los-documentos-necesarios-para-solicitar-el-visado-turistico\/\" \/>\n<meta property=\"og:site_name\" content=\"Italia Fideiussioni\" \/>\n<meta property=\"article:publisher\" content=\"https:\/\/www.facebook.com\/italiafideiussioni\/\" \/>\n<meta property=\"article:modified_time\" content=\"2025-11-10T11:58:13+00:00\" \/>\n<meta property=\"og:image\" content=\"https:\/\/www.italiafideiussioni.it\/wp-content\/uploads\/2022\/06\/documenti-necessari.jpg\" \/>\n\t<meta property=\"og:image:width\" content=\"630\" \/>\n\t<meta property=\"og:image:height\" content=\"420\" \/>\n\t<meta property=\"og:image:type\" content=\"image\/jpeg\" \/>\n<meta name=\"twitter:card\" content=\"summary_large_image\" \/>\n<meta name=\"twitter:site\" content=\"@itafideiussioni\" \/>\n<meta name=\"twitter:label1\" content=\"Tiempo de lectura\" \/>\n\t<meta name=\"twitter:data1\" content=\"3 minutos\" \/>\n<script type=\"application\/ld+json\" class=\"yoast-schema-graph\">{\"@context\":\"https:\\\/\\\/schema.org\",\"@graph\":[{\"@type\":\"WebPage\",\"@id\":\"https:\\\/\\\/www.italiafideiussioni.it\\\/es\\\/cuales-son-los-documentos-necesarios-para-solicitar-el-visado-turistico\\\/\",\"url\":\"https:\\\/\\\/www.italiafideiussioni.it\\\/es\\\/cuales-son-los-documentos-necesarios-para-solicitar-el-visado-turistico\\\/\",\"name\":\"Visado tur\u00edstico: lista de todos los documentos necesarios\",\"isPartOf\":{\"@id\":\"https:\\\/\\\/www.italiafideiussioni.it\\\/es\\\/#website\"},\"primaryImageOfPage\":{\"@id\":\"https:\\\/\\\/www.italiafideiussioni.it\\\/es\\\/cuales-son-los-documentos-necesarios-para-solicitar-el-visado-turistico\\\/#primaryimage\"},\"image\":{\"@id\":\"https:\\\/\\\/www.italiafideiussioni.it\\\/es\\\/cuales-son-los-documentos-necesarios-para-solicitar-el-visado-turistico\\\/#primaryimage\"},\"thumbnailUrl\":\"https:\\\/\\\/www.italiafideiussioni.it\\\/wp-content\\\/uploads\\\/2022\\\/06\\\/documenti-necessari.jpg\",\"datePublished\":\"2022-06-21T08:26:16+00:00\",\"dateModified\":\"2025-11-10T11:58:13+00:00\",\"description\":\"En este art\u00edculo encontrar\u00e1s la lista completa de todos los documentos necesarios para solicitar el visado tur\u00edstico.\",\"breadcrumb\":{\"@id\":\"https:\\\/\\\/www.italiafideiussioni.it\\\/es\\\/cuales-son-los-documentos-necesarios-para-solicitar-el-visado-turistico\\\/#breadcrumb\"},\"inLanguage\":\"es\",\"potentialAction\":[{\"@type\":\"ReadAction\",\"target\":[\"https:\\\/\\\/www.italiafideiussioni.it\\\/es\\\/cuales-son-los-documentos-necesarios-para-solicitar-el-visado-turistico\\\/\"]}]},{\"@type\":\"ImageObject\",\"inLanguage\":\"es\",\"@id\":\"https:\\\/\\\/www.italiafideiussioni.it\\\/es\\\/cuales-son-los-documentos-necesarios-para-solicitar-el-visado-turistico\\\/#primaryimage\",\"url\":\"https:\\\/\\\/www.italiafideiussioni.it\\\/wp-content\\\/uploads\\\/2022\\\/06\\\/documenti-necessari.jpg\",\"contentUrl\":\"https:\\\/\\\/www.italiafideiussioni.it\\\/wp-content\\\/uploads\\\/2022\\\/06\\\/documenti-necessari.jpg\",\"width\":630,\"height\":420},{\"@type\":\"BreadcrumbList\",\"@id\":\"https:\\\/\\\/www.italiafideiussioni.it\\\/es\\\/cuales-son-los-documentos-necesarios-para-solicitar-el-visado-turistico\\\/#breadcrumb\",\"itemListElement\":[{\"@type\":\"ListItem\",\"position\":1,\"name\":\"Home\",\"item\":\"https:\\\/\\\/www.italiafideiussioni.it\\\/es\\\/home-page-2013\\\/\"},{\"@type\":\"ListItem\",\"position\":2,\"name\":\"\u00bfCu\u00e1les son los documentos necesarios para solicitar el Visado Tur\u00edstico?\"}]},{\"@type\":\"WebSite\",\"@id\":\"https:\\\/\\\/www.italiafideiussioni.it\\\/es\\\/#website\",\"url\":\"https:\\\/\\\/www.italiafideiussioni.it\\\/es\\\/\",\"name\":\"Italia Fideiussioni\",\"description\":\"\",\"publisher\":{\"@id\":\"https:\\\/\\\/www.italiafideiussioni.it\\\/es\\\/#organization\"},\"potentialAction\":[{\"@type\":\"SearchAction\",\"target\":{\"@type\":\"EntryPoint\",\"urlTemplate\":\"https:\\\/\\\/www.italiafideiussioni.it\\\/es\\\/?s={search_term_string}\"},\"query-input\":{\"@type\":\"PropertyValueSpecification\",\"valueRequired\":true,\"valueName\":\"search_term_string\"}}],\"inLanguage\":\"es\"},{\"@type\":\"Organization\",\"@id\":\"https:\\\/\\\/www.italiafideiussioni.it\\\/es\\\/#organization\",\"name\":\"Fideiussioni s.r.l.\",\"url\":\"https:\\\/\\\/www.italiafideiussioni.it\\\/es\\\/\",\"logo\":{\"@type\":\"ImageObject\",\"inLanguage\":\"es\",\"@id\":\"https:\\\/\\\/www.italiafideiussioni.it\\\/es\\\/#\\\/schema\\\/logo\\\/image\\\/\",\"url\":\"https:\\\/\\\/www.italiafideiussioni.it\\\/wp-content\\\/uploads\\\/2018\\\/10\\\/italiafideiussioni-logo-white.png\",\"contentUrl\":\"https:\\\/\\\/www.italiafideiussioni.it\\\/wp-content\\\/uploads\\\/2018\\\/10\\\/italiafideiussioni-logo-white.png\",\"width\":516,\"height\":97,\"caption\":\"Fideiussioni s.r.l.\"},\"image\":{\"@id\":\"https:\\\/\\\/www.italiafideiussioni.it\\\/es\\\/#\\\/schema\\\/logo\\\/image\\\/\"},\"sameAs\":[\"https:\\\/\\\/www.facebook.com\\\/italiafideiussioni\\\/\",\"https:\\\/\\\/x.com\\\/itafideiussioni\",\"https:\\\/\\\/www.linkedin.com\\\/company\\\/italiafideiussioni-srl\\\/about\\\/\",\"https:\\\/\\\/www.youtube.com\\\/channel\\\/UC-OhbmM_pkAEKLqJ6nQbpjw\"]}]}<\/script>\n<!-- \/ Yoast SEO plugin. -->","yoast_head_json":{"title":"Visado tur\u00edstico: lista de todos los documentos necesarios","description":"En este art\u00edculo encontrar\u00e1s la lista completa de todos los documentos necesarios para solicitar el visado tur\u00edstico.","robots":{"index":"index","follow":"follow","max-snippet":"max-snippet:-1","max-image-preview":"max-image-preview:large","max-video-preview":"max-video-preview:-1"},"canonical":"https:\/\/www.italiafideiussioni.it\/es\/cuales-son-los-documentos-necesarios-para-solicitar-el-visado-turistico\/","og_locale":"es_ES","og_type":"article","og_title":"Visado tur\u00edstico: lista de todos los documentos necesarios","og_description":"En este art\u00edculo encontrar\u00e1s la lista completa de todos los documentos necesarios para solicitar el visado tur\u00edstico.","og_url":"https:\/\/www.italiafideiussioni.it\/es\/cuales-son-los-documentos-necesarios-para-solicitar-el-visado-turistico\/","og_site_name":"Italia Fideiussioni","article_publisher":"https:\/\/www.facebook.com\/italiafideiussioni\/","article_modified_time":"2025-11-10T11:58:13+00:00","og_image":[{"width":630,"height":420,"url":"https:\/\/www.italiafideiussioni.it\/wp-content\/uploads\/2022\/06\/documenti-necessari.jpg","type":"image\/jpeg"}],"twitter_card":"summary_large_image","twitter_site":"@itafideiussioni","twitter_misc":{"Tiempo de lectura":"3 minutos"},"schema":{"@context":"https:\/\/schema.org","@graph":[{"@type":"WebPage","@id":"https:\/\/www.italiafideiussioni.it\/es\/cuales-son-los-documentos-necesarios-para-solicitar-el-visado-turistico\/","url":"https:\/\/www.italiafideiussioni.it\/es\/cuales-son-los-documentos-necesarios-para-solicitar-el-visado-turistico\/","name":"Visado tur\u00edstico: lista de todos los documentos necesarios","isPartOf":{"@id":"https:\/\/www.italiafideiussioni.it\/es\/#website"},"primaryImageOfPage":{"@id":"https:\/\/www.italiafideiussioni.it\/es\/cuales-son-los-documentos-necesarios-para-solicitar-el-visado-turistico\/#primaryimage"},"image":{"@id":"https:\/\/www.italiafideiussioni.it\/es\/cuales-son-los-documentos-necesarios-para-solicitar-el-visado-turistico\/#primaryimage"},"thumbnailUrl":"https:\/\/www.italiafideiussioni.it\/wp-content\/uploads\/2022\/06\/documenti-necessari.jpg","datePublished":"2022-06-21T08:26:16+00:00","dateModified":"2025-11-10T11:58:13+00:00","description":"En este art\u00edculo encontrar\u00e1s la lista completa de todos los documentos necesarios para solicitar el visado tur\u00edstico.","breadcrumb":{"@id":"https:\/\/www.italiafideiussioni.it\/es\/cuales-son-los-documentos-necesarios-para-solicitar-el-visado-turistico\/#breadcrumb"},"inLanguage":"es","potentialAction":[{"@type":"ReadAction","target":["https:\/\/www.italiafideiussioni.it\/es\/cuales-son-los-documentos-necesarios-para-solicitar-el-visado-turistico\/"]}]},{"@type":"ImageObject","inLanguage":"es","@id":"https:\/\/www.italiafideiussioni.it\/es\/cuales-son-los-documentos-necesarios-para-solicitar-el-visado-turistico\/#primaryimage","url":"https:\/\/www.italiafideiussioni.it\/wp-content\/uploads\/2022\/06\/documenti-necessari.jpg","contentUrl":"https:\/\/www.italiafideiussioni.it\/wp-content\/uploads\/2022\/06\/documenti-necessari.jpg","width":630,"height":420},{"@type":"BreadcrumbList","@id":"https:\/\/www.italiafideiussioni.it\/es\/cuales-son-los-documentos-necesarios-para-solicitar-el-visado-turistico\/#breadcrumb","itemListElement":[{"@type":"ListItem","position":1,"name":"Home","item":"https:\/\/www.italiafideiussioni.it\/es\/home-page-2013\/"},{"@type":"ListItem","position":2,"name":"\u00bfCu\u00e1les son los documentos necesarios para solicitar el Visado Tur\u00edstico?"}]},{"@type":"WebSite","@id":"https:\/\/www.italiafideiussioni.it\/es\/#website","url":"https:\/\/www.italiafideiussioni.it\/es\/","name":"Italia Fideiussioni","description":"","publisher":{"@id":"https:\/\/www.italiafideiussioni.it\/es\/#organization"},"potentialAction":[{"@type":"SearchAction","target":{"@type":"EntryPoint","urlTemplate":"https:\/\/www.italiafideiussioni.it\/es\/?s={search_term_string}"},"query-input":{"@type":"PropertyValueSpecification","valueRequired":true,"valueName":"search_term_string"}}],"inLanguage":"es"},{"@type":"Organization","@id":"https:\/\/www.italiafideiussioni.it\/es\/#organization","name":"Fideiussioni s.r.l.","url":"https:\/\/www.italiafideiussioni.it\/es\/","logo":{"@type":"ImageObject","inLanguage":"es","@id":"https:\/\/www.italiafideiussioni.it\/es\/#\/schema\/logo\/image\/","url":"https:\/\/www.italiafideiussioni.it\/wp-content\/uploads\/2018\/10\/italiafideiussioni-logo-white.png","contentUrl":"https:\/\/www.italiafideiussioni.it\/wp-content\/uploads\/2018\/10\/italiafideiussioni-logo-white.png","width":516,"height":97,"caption":"Fideiussioni s.r.l."},"image":{"@id":"https:\/\/www.italiafideiussioni.it\/es\/#\/schema\/logo\/image\/"},"sameAs":["https:\/\/www.facebook.com\/italiafideiussioni\/","https:\/\/x.com\/itafideiussioni","https:\/\/www.linkedin.com\/company\/italiafideiussioni-srl\/about\/","https:\/\/www.youtube.com\/channel\/UC-OhbmM_pkAEKLqJ6nQbpjw"]}]}},"_links":{"self":[{"href":"https:\/\/www.italiafideiussioni.it\/es\/wp-json\/wp\/v2\/pages\/9412","targetHints":{"allow":["GET"]}}],"collection":[{"href":"https:\/\/www.italiafideiussioni.it\/es\/wp-json\/wp\/v2\/pages"}],"about":[{"href":"https:\/\/www.italiafideiussioni.it\/es\/wp-json\/wp\/v2\/types\/page"}],"author":[{"embeddable":true,"href":"https:\/\/www.italiafideiussioni.it\/es\/wp-json\/wp\/v2\/users\/3"}],"replies":[{"embeddable":true,"href":"https:\/\/www.italiafideiussioni.it\/es\/wp-json\/wp\/v2\/comments?post=9412"}],"version-history":[{"count":2,"href":"https:\/\/www.italiafideiussioni.it\/es\/wp-json\/wp\/v2\/pages\/9412\/revisions"}],"predecessor-version":[{"id":12015,"href":"https:\/\/www.italiafideiussioni.it\/es\/wp-json\/wp\/v2\/pages\/9412\/revisions\/12015"}],"wp:featuredmedia":[{"embeddable":true,"href":"https:\/\/www.italiafideiussioni.it\/es\/wp-json\/wp\/v2\/media\/9413"}],"wp:attachment":[{"href":"https:\/\/www.italiafideiussioni.it\/es\/wp-json\/wp\/v2\/media?parent=9412"}],"curies":[{"name":"wp","href":"https:\/\/api.w.org\/{rel}","templated":true}]}}