{"id":9406,"date":"2022-06-21T08:45:11","date_gmt":"2022-06-21T08:45:11","guid":{"rendered":"https:\/\/www.italiafideiussioni.it\/cuales-son-los-ciudadanos-exentos-de-la-obligacion-de-visado-para-entrar-en-italia\/"},"modified":"2025-11-10T13:08:26","modified_gmt":"2025-11-10T13:08:26","slug":"cuales-son-los-ciudadanos-exentos-de-la-obligacion-de-visado-para-entrar-en-italia","status":"publish","type":"page","link":"https:\/\/www.italiafideiussioni.it\/es\/cuales-son-los-ciudadanos-exentos-de-la-obligacion-de-visado-para-entrar-en-italia\/","title":{"rendered":"\u00bfCu\u00e1les son los ciudadanos exentos de la obligaci\u00f3n de visado para entrar en Italia?"},"content":{"rendered":"<p><span style=\"font-weight: 400;\">Los ciudadanos de algunos pa\u00edses est\u00e1n <strong>exentos de la obligaci\u00f3n de visado<\/strong>. Esta exenci\u00f3n solo es v\u00e1lida para visados de entrada para estancias de una <strong>duraci\u00f3n m\u00e1xima de 90 d\u00edas.<\/strong> <\/span><\/p>\n<p><span style=\"font-weight: 400;\">Inoltre, la motivazione per la richiesta di visto deve essere una tra le seguenti:<\/span><\/p>\n<ul>\n<li><span style=\"font-weight: 400;\">turismo;<\/span><\/li>\n<li><span style=\"font-weight: 400;\"> misi\u00f3n;<\/span><\/li>\n<li><span style=\"font-weight: 400;\">negocios;<br \/>\n<\/span><\/li>\n<li><span style=\"font-weight: 400;\">invitaci\u00f3n;<br \/>\n<\/span><\/li>\n<li><span style=\"font-weight: 400;\">motivos religiosos;<br \/>\n<\/span><\/li>\n<li><span style=\"font-weight: 400;\">tr\u00e1nsito;<\/span><\/li>\n<li><span style=\"font-weight: 400;\">transporte;<br \/>\n<\/span><\/li>\n<li><span style=\"font-weight: 400;\">competici\u00f3n deportiva;<\/span><\/li>\n<li><span style=\"font-weight: 400;\"> estudios.<\/span><\/li>\n<\/ul>\n<p>A continuaci\u00f3n, la <strong>lista completa<\/strong> de pa\u00edses cuyos ciudadanos est\u00e1n <strong>exentos<\/strong> de la obligaci\u00f3n de visado:<\/p>\n<p><span style=\"font-weight: 400;\">Albania, Andorra, Antigua y Barbuda, Argentina, Australia, Bahamas, Barbados, Bosnia y Herzegovina, Brasil, Brun\u00e9i, Canad\u00e1, Chile, Colombia, Corea del Sur, Costa Rica, Dominica, El Salvador, Emiratos \u00c1rabes Unidos, Georgia, Jap\u00f3n, Granada, Guatemala, Honduras, RAE de Hong Kong, Islas Salom\u00f3n, Israel, Kiribati, Malasia, RAE de Macao, Macedonia del Norte, Islas Marshall, Mauricio, M\u00e9xico, Micronesia, Moldavia, M\u00f3naco, Montenegro, Nauru, Nicaragua, Nueva Zelanda, Palau, Panam\u00e1, Paraguay, Per\u00fa, Saint Christopher (Saint Kitts) y Nevis, Reino Unido, Samoa, Santa Luc\u00eda, Serbia, Seychelles, Singapur, Estados Unidos, San Vicente y las Granadinas, Taiw\u00e1n, Timor Oriental, Tonga, Trinidad y Tobago, Tuvalu, Ucrania, Uruguay, Vanuatu, Venezuela.<\/span><\/p>\n<h3><strong>Nota importante:<\/strong><\/h3>\n<p><span style=\"font-weight: 400;\">En el caso de <strong>Taiw\u00e1n<\/strong>, la <strong>exenci\u00f3n<\/strong> de la obligaci\u00f3n de visado <strong>se aplica exclusivamente a los titulares de pasaportes que incluyan el n\u00famero de tarjeta de identidad.<\/strong><\/span><\/p>\n<p><span style=\"font-weight: 400;\">Para los ciudadanos de <strong>Albania, Bosnia y Herzegovina, Macedonia del Norte, Moldavia, Montenegro, Serbia y Ucrania, la exenci\u00f3n<\/strong> de visado <strong>se aplica \u00fanicamente a los titulares de pasaportes biom\u00e9tricos.<\/strong><\/span><\/p>\n<p><span style=\"font-weight: 400;\">Los <strong>ciudadanos serbios con pasaportes<\/strong> emitidos por la Direcci\u00f3n de Coordinaci\u00f3n Serbia (en serbio: Koordinaciona uprava) <strong>est\u00e1n excluidos del beneficio de la exenci\u00f3n de visado<\/strong>.<\/span><\/p>\n<p><span style=\"font-weight: 400;\">Los ciudadanos de <strong>San Marino y la Ciudad del Vaticano<\/strong> est\u00e1n exentos de la <strong>obligaci\u00f3n de visado en cualquier caso.<\/strong><br \/>\n<\/span><\/p>\n<p><span style=\"font-weight: 400;\">Para los ciudadanos del <strong>Reino Unido<\/strong>, la <strong>exenci\u00f3n de visado para estancias de una duraci\u00f3n m\u00e1xima de 90 d\u00edas tambi\u00e9n se aplica en caso de actividades laborales remuneradas.<\/strong><br \/>\n<\/span><\/p>\n<h3><em><b>Advertencia:<\/b><\/em><\/h3>\n<p><span style=\"font-weight: 400;\"><strong>El hecho de no necesitar visado de entrada en Italia no garantiza autom\u00e1ticamente la entrada al ciudadano extranjero<\/strong>, ya que las autoridades fronterizas pueden denegarla si el viajero no dispone de medios de subsistencia adecuados o no puede proporcionar informaci\u00f3n clara sobre el prop\u00f3sito y las condiciones de su estancia en Italia, o por razones de seguridad y orden p\u00fablico.<\/span><\/p>\n<p>Muchos de estos pa\u00edses, cuyos ciudadanos pueden entrar en Italia por un <strong>per\u00edodo de hasta 90 d\u00edas sin visado<\/strong>, est\u00e1n <strong>obligados a demostrar que cuentan con los recursos financieros<\/strong> necesarios para garantizar su sustento durante toda su estancia en Italia, en cumplimiento de la normativa de la Directiva del Ministerio del Interior del 1 de marzo de 2000: Directiva sobre medios de subsistencia para extranjeros que ingresan en territorio italiano.<\/p>\n<p>&nbsp;<\/p>\n<p style=\"text-align: right;\"><a href=\"https:\/\/www.italiafideiussioni.it\/fideiussioni-per-stranieri\/faq-visto-turistico-per-stranieri\/\"><em>Vuelve a las F.A.Q.<\/em><\/a><\/p>\n","protected":false},"excerpt":{"rendered":"<p>Los ciudadanos de algunos pa\u00edses est\u00e1n exentos de la obligaci\u00f3n de visado. Esta exenci\u00f3n solo es v\u00e1lida para visados de entrada para estancias de una duraci\u00f3n m\u00e1xima de 90 d\u00edas. Inoltre, la motivazione per la richiesta di visto deve essere una tra le seguenti: turismo; misi\u00f3n; negocios; invitaci\u00f3n; motivos religiosos; tr\u00e1nsito; transporte; competici\u00f3n deportiva; estudios. [&hellip;]<\/p>\n","protected":false},"author":3,"featured_media":9407,"parent":0,"menu_order":0,"comment_status":"closed","ping_status":"closed","template":"","meta":{"_acf_changed":false,"_yoast_wpseo_focuskw":"","_yoast_wpseo_title":"Obligaci\u00f3n de visado: aqu\u00ed tienes la lista completa de todos los pa\u00edses exentos","_yoast_wpseo_metadesc":"Descubre cu\u00e1les son los pa\u00edses cuyos ciudadanos est\u00e1n exentos de la obligaci\u00f3n de visado. Atenci\u00f3n, existen excepciones.","_yoast_wpseo_meta-robots-noindex":"2","_yoast_wpseo_meta-robots-nofollow":"","_yoast_wpseo_canonical":"","_yoast_wpseo_opengraph-title":"","_yoast_wpseo_opengraph-description":"","_yoast_wpseo_opengraph-image":"","_yoast_wpseo_opengraph-image-id":"","_yoast_wpseo_twitter-title":"","_yoast_wpseo_twitter-description":"","_yoast_wpseo_twitter-image":"","footnotes":""},"class_list":["post-9406","page","type-page","status-publish","has-post-thumbnail","hentry"],"acf":{"blocco_testimonianze":"2","blocco_iniziale":"","titolo_form":"","macroarea_servizi":"","blocco_euro_titolo":"","blocco_euro_testo":"","immagini_aggiuntive":false,"blocco_info_titolo":"","blocco_info_testo":""},"yoast_head":"<!-- This site is optimized with the Yoast SEO plugin v27.5 - https:\/\/yoast.com\/product\/yoast-seo-wordpress\/ -->\n<title>Obligaci\u00f3n de visado: aqu\u00ed tienes la lista completa de todos los pa\u00edses exentos<\/title>\n<meta name=\"description\" content=\"Descubre cu\u00e1les son los pa\u00edses cuyos ciudadanos est\u00e1n exentos de la obligaci\u00f3n de visado. Atenci\u00f3n, existen excepciones.\" \/>\n<meta name=\"robots\" content=\"index, follow, max-snippet:-1, max-image-preview:large, max-video-preview:-1\" \/>\n<link rel=\"canonical\" href=\"https:\/\/www.italiafideiussioni.it\/es\/cuales-son-los-ciudadanos-exentos-de-la-obligacion-de-visado-para-entrar-en-italia\/\" \/>\n<meta property=\"og:locale\" content=\"es_ES\" \/>\n<meta property=\"og:type\" content=\"article\" \/>\n<meta property=\"og:title\" content=\"Obligaci\u00f3n de visado: aqu\u00ed tienes la lista completa de todos los pa\u00edses exentos\" \/>\n<meta property=\"og:description\" content=\"Descubre cu\u00e1les son los pa\u00edses cuyos ciudadanos est\u00e1n exentos de la obligaci\u00f3n de visado. Atenci\u00f3n, existen excepciones.\" \/>\n<meta property=\"og:url\" content=\"https:\/\/www.italiafideiussioni.it\/es\/cuales-son-los-ciudadanos-exentos-de-la-obligacion-de-visado-para-entrar-en-italia\/\" \/>\n<meta property=\"og:site_name\" content=\"Italia Fideiussioni\" \/>\n<meta property=\"article:publisher\" content=\"https:\/\/www.facebook.com\/italiafideiussioni\/\" \/>\n<meta property=\"article:modified_time\" content=\"2025-11-10T13:08:26+00:00\" \/>\n<meta property=\"og:image\" content=\"https:\/\/www.italiafideiussioni.it\/wp-content\/uploads\/2022\/06\/elenco-paesi-esenti-visto.jpg\" \/>\n\t<meta property=\"og:image:width\" content=\"630\" \/>\n\t<meta property=\"og:image:height\" content=\"420\" \/>\n\t<meta property=\"og:image:type\" content=\"image\/jpeg\" \/>\n<meta name=\"twitter:card\" content=\"summary_large_image\" \/>\n<meta name=\"twitter:site\" content=\"@itafideiussioni\" \/>\n<meta name=\"twitter:label1\" content=\"Tiempo de lectura\" \/>\n\t<meta name=\"twitter:data1\" content=\"3 minutos\" \/>\n<script type=\"application\/ld+json\" class=\"yoast-schema-graph\">{\"@context\":\"https:\\\/\\\/schema.org\",\"@graph\":[{\"@type\":\"WebPage\",\"@id\":\"https:\\\/\\\/www.italiafideiussioni.it\\\/es\\\/cuales-son-los-ciudadanos-exentos-de-la-obligacion-de-visado-para-entrar-en-italia\\\/\",\"url\":\"https:\\\/\\\/www.italiafideiussioni.it\\\/es\\\/cuales-son-los-ciudadanos-exentos-de-la-obligacion-de-visado-para-entrar-en-italia\\\/\",\"name\":\"Obligaci\u00f3n de visado: aqu\u00ed tienes la lista completa de todos los pa\u00edses exentos\",\"isPartOf\":{\"@id\":\"https:\\\/\\\/www.italiafideiussioni.it\\\/es\\\/#website\"},\"primaryImageOfPage\":{\"@id\":\"https:\\\/\\\/www.italiafideiussioni.it\\\/es\\\/cuales-son-los-ciudadanos-exentos-de-la-obligacion-de-visado-para-entrar-en-italia\\\/#primaryimage\"},\"image\":{\"@id\":\"https:\\\/\\\/www.italiafideiussioni.it\\\/es\\\/cuales-son-los-ciudadanos-exentos-de-la-obligacion-de-visado-para-entrar-en-italia\\\/#primaryimage\"},\"thumbnailUrl\":\"https:\\\/\\\/www.italiafideiussioni.it\\\/wp-content\\\/uploads\\\/2022\\\/06\\\/elenco-paesi-esenti-visto.jpg\",\"datePublished\":\"2022-06-21T08:45:11+00:00\",\"dateModified\":\"2025-11-10T13:08:26+00:00\",\"description\":\"Descubre cu\u00e1les son los pa\u00edses cuyos ciudadanos est\u00e1n exentos de la obligaci\u00f3n de visado. Atenci\u00f3n, existen excepciones.\",\"breadcrumb\":{\"@id\":\"https:\\\/\\\/www.italiafideiussioni.it\\\/es\\\/cuales-son-los-ciudadanos-exentos-de-la-obligacion-de-visado-para-entrar-en-italia\\\/#breadcrumb\"},\"inLanguage\":\"es\",\"potentialAction\":[{\"@type\":\"ReadAction\",\"target\":[\"https:\\\/\\\/www.italiafideiussioni.it\\\/es\\\/cuales-son-los-ciudadanos-exentos-de-la-obligacion-de-visado-para-entrar-en-italia\\\/\"]}]},{\"@type\":\"ImageObject\",\"inLanguage\":\"es\",\"@id\":\"https:\\\/\\\/www.italiafideiussioni.it\\\/es\\\/cuales-son-los-ciudadanos-exentos-de-la-obligacion-de-visado-para-entrar-en-italia\\\/#primaryimage\",\"url\":\"https:\\\/\\\/www.italiafideiussioni.it\\\/wp-content\\\/uploads\\\/2022\\\/06\\\/elenco-paesi-esenti-visto.jpg\",\"contentUrl\":\"https:\\\/\\\/www.italiafideiussioni.it\\\/wp-content\\\/uploads\\\/2022\\\/06\\\/elenco-paesi-esenti-visto.jpg\",\"width\":630,\"height\":420},{\"@type\":\"BreadcrumbList\",\"@id\":\"https:\\\/\\\/www.italiafideiussioni.it\\\/es\\\/cuales-son-los-ciudadanos-exentos-de-la-obligacion-de-visado-para-entrar-en-italia\\\/#breadcrumb\",\"itemListElement\":[{\"@type\":\"ListItem\",\"position\":1,\"name\":\"Home\",\"item\":\"https:\\\/\\\/www.italiafideiussioni.it\\\/es\\\/home-page-2013\\\/\"},{\"@type\":\"ListItem\",\"position\":2,\"name\":\"\u00bfCu\u00e1les son los ciudadanos exentos de la obligaci\u00f3n de visado para entrar en Italia?\"}]},{\"@type\":\"WebSite\",\"@id\":\"https:\\\/\\\/www.italiafideiussioni.it\\\/es\\\/#website\",\"url\":\"https:\\\/\\\/www.italiafideiussioni.it\\\/es\\\/\",\"name\":\"Italia Fideiussioni\",\"description\":\"\",\"publisher\":{\"@id\":\"https:\\\/\\\/www.italiafideiussioni.it\\\/es\\\/#organization\"},\"potentialAction\":[{\"@type\":\"SearchAction\",\"target\":{\"@type\":\"EntryPoint\",\"urlTemplate\":\"https:\\\/\\\/www.italiafideiussioni.it\\\/es\\\/?s={search_term_string}\"},\"query-input\":{\"@type\":\"PropertyValueSpecification\",\"valueRequired\":true,\"valueName\":\"search_term_string\"}}],\"inLanguage\":\"es\"},{\"@type\":\"Organization\",\"@id\":\"https:\\\/\\\/www.italiafideiussioni.it\\\/es\\\/#organization\",\"name\":\"Fideiussioni s.r.l.\",\"url\":\"https:\\\/\\\/www.italiafideiussioni.it\\\/es\\\/\",\"logo\":{\"@type\":\"ImageObject\",\"inLanguage\":\"es\",\"@id\":\"https:\\\/\\\/www.italiafideiussioni.it\\\/es\\\/#\\\/schema\\\/logo\\\/image\\\/\",\"url\":\"https:\\\/\\\/www.italiafideiussioni.it\\\/wp-content\\\/uploads\\\/2018\\\/10\\\/italiafideiussioni-logo-white.png\",\"contentUrl\":\"https:\\\/\\\/www.italiafideiussioni.it\\\/wp-content\\\/uploads\\\/2018\\\/10\\\/italiafideiussioni-logo-white.png\",\"width\":516,\"height\":97,\"caption\":\"Fideiussioni s.r.l.\"},\"image\":{\"@id\":\"https:\\\/\\\/www.italiafideiussioni.it\\\/es\\\/#\\\/schema\\\/logo\\\/image\\\/\"},\"sameAs\":[\"https:\\\/\\\/www.facebook.com\\\/italiafideiussioni\\\/\",\"https:\\\/\\\/x.com\\\/itafideiussioni\",\"https:\\\/\\\/www.linkedin.com\\\/company\\\/italiafideiussioni-srl\\\/about\\\/\",\"https:\\\/\\\/www.youtube.com\\\/channel\\\/UC-OhbmM_pkAEKLqJ6nQbpjw\"]}]}<\/script>\n<!-- \/ Yoast SEO plugin. -->","yoast_head_json":{"title":"Obligaci\u00f3n de visado: aqu\u00ed tienes la lista completa de todos los pa\u00edses exentos","description":"Descubre cu\u00e1les son los pa\u00edses cuyos ciudadanos est\u00e1n exentos de la obligaci\u00f3n de visado. Atenci\u00f3n, existen excepciones.","robots":{"index":"index","follow":"follow","max-snippet":"max-snippet:-1","max-image-preview":"max-image-preview:large","max-video-preview":"max-video-preview:-1"},"canonical":"https:\/\/www.italiafideiussioni.it\/es\/cuales-son-los-ciudadanos-exentos-de-la-obligacion-de-visado-para-entrar-en-italia\/","og_locale":"es_ES","og_type":"article","og_title":"Obligaci\u00f3n de visado: aqu\u00ed tienes la lista completa de todos los pa\u00edses exentos","og_description":"Descubre cu\u00e1les son los pa\u00edses cuyos ciudadanos est\u00e1n exentos de la obligaci\u00f3n de visado. Atenci\u00f3n, existen excepciones.","og_url":"https:\/\/www.italiafideiussioni.it\/es\/cuales-son-los-ciudadanos-exentos-de-la-obligacion-de-visado-para-entrar-en-italia\/","og_site_name":"Italia Fideiussioni","article_publisher":"https:\/\/www.facebook.com\/italiafideiussioni\/","article_modified_time":"2025-11-10T13:08:26+00:00","og_image":[{"width":630,"height":420,"url":"https:\/\/www.italiafideiussioni.it\/wp-content\/uploads\/2022\/06\/elenco-paesi-esenti-visto.jpg","type":"image\/jpeg"}],"twitter_card":"summary_large_image","twitter_site":"@itafideiussioni","twitter_misc":{"Tiempo de lectura":"3 minutos"},"schema":{"@context":"https:\/\/schema.org","@graph":[{"@type":"WebPage","@id":"https:\/\/www.italiafideiussioni.it\/es\/cuales-son-los-ciudadanos-exentos-de-la-obligacion-de-visado-para-entrar-en-italia\/","url":"https:\/\/www.italiafideiussioni.it\/es\/cuales-son-los-ciudadanos-exentos-de-la-obligacion-de-visado-para-entrar-en-italia\/","name":"Obligaci\u00f3n de visado: aqu\u00ed tienes la lista completa de todos los pa\u00edses exentos","isPartOf":{"@id":"https:\/\/www.italiafideiussioni.it\/es\/#website"},"primaryImageOfPage":{"@id":"https:\/\/www.italiafideiussioni.it\/es\/cuales-son-los-ciudadanos-exentos-de-la-obligacion-de-visado-para-entrar-en-italia\/#primaryimage"},"image":{"@id":"https:\/\/www.italiafideiussioni.it\/es\/cuales-son-los-ciudadanos-exentos-de-la-obligacion-de-visado-para-entrar-en-italia\/#primaryimage"},"thumbnailUrl":"https:\/\/www.italiafideiussioni.it\/wp-content\/uploads\/2022\/06\/elenco-paesi-esenti-visto.jpg","datePublished":"2022-06-21T08:45:11+00:00","dateModified":"2025-11-10T13:08:26+00:00","description":"Descubre cu\u00e1les son los pa\u00edses cuyos ciudadanos est\u00e1n exentos de la obligaci\u00f3n de visado. Atenci\u00f3n, existen excepciones.","breadcrumb":{"@id":"https:\/\/www.italiafideiussioni.it\/es\/cuales-son-los-ciudadanos-exentos-de-la-obligacion-de-visado-para-entrar-en-italia\/#breadcrumb"},"inLanguage":"es","potentialAction":[{"@type":"ReadAction","target":["https:\/\/www.italiafideiussioni.it\/es\/cuales-son-los-ciudadanos-exentos-de-la-obligacion-de-visado-para-entrar-en-italia\/"]}]},{"@type":"ImageObject","inLanguage":"es","@id":"https:\/\/www.italiafideiussioni.it\/es\/cuales-son-los-ciudadanos-exentos-de-la-obligacion-de-visado-para-entrar-en-italia\/#primaryimage","url":"https:\/\/www.italiafideiussioni.it\/wp-content\/uploads\/2022\/06\/elenco-paesi-esenti-visto.jpg","contentUrl":"https:\/\/www.italiafideiussioni.it\/wp-content\/uploads\/2022\/06\/elenco-paesi-esenti-visto.jpg","width":630,"height":420},{"@type":"BreadcrumbList","@id":"https:\/\/www.italiafideiussioni.it\/es\/cuales-son-los-ciudadanos-exentos-de-la-obligacion-de-visado-para-entrar-en-italia\/#breadcrumb","itemListElement":[{"@type":"ListItem","position":1,"name":"Home","item":"https:\/\/www.italiafideiussioni.it\/es\/home-page-2013\/"},{"@type":"ListItem","position":2,"name":"\u00bfCu\u00e1les son los ciudadanos exentos de la obligaci\u00f3n de visado para entrar en Italia?"}]},{"@type":"WebSite","@id":"https:\/\/www.italiafideiussioni.it\/es\/#website","url":"https:\/\/www.italiafideiussioni.it\/es\/","name":"Italia Fideiussioni","description":"","publisher":{"@id":"https:\/\/www.italiafideiussioni.it\/es\/#organization"},"potentialAction":[{"@type":"SearchAction","target":{"@type":"EntryPoint","urlTemplate":"https:\/\/www.italiafideiussioni.it\/es\/?s={search_term_string}"},"query-input":{"@type":"PropertyValueSpecification","valueRequired":true,"valueName":"search_term_string"}}],"inLanguage":"es"},{"@type":"Organization","@id":"https:\/\/www.italiafideiussioni.it\/es\/#organization","name":"Fideiussioni s.r.l.","url":"https:\/\/www.italiafideiussioni.it\/es\/","logo":{"@type":"ImageObject","inLanguage":"es","@id":"https:\/\/www.italiafideiussioni.it\/es\/#\/schema\/logo\/image\/","url":"https:\/\/www.italiafideiussioni.it\/wp-content\/uploads\/2018\/10\/italiafideiussioni-logo-white.png","contentUrl":"https:\/\/www.italiafideiussioni.it\/wp-content\/uploads\/2018\/10\/italiafideiussioni-logo-white.png","width":516,"height":97,"caption":"Fideiussioni s.r.l."},"image":{"@id":"https:\/\/www.italiafideiussioni.it\/es\/#\/schema\/logo\/image\/"},"sameAs":["https:\/\/www.facebook.com\/italiafideiussioni\/","https:\/\/x.com\/itafideiussioni","https:\/\/www.linkedin.com\/company\/italiafideiussioni-srl\/about\/","https:\/\/www.youtube.com\/channel\/UC-OhbmM_pkAEKLqJ6nQbpjw"]}]}},"_links":{"self":[{"href":"https:\/\/www.italiafideiussioni.it\/es\/wp-json\/wp\/v2\/pages\/9406","targetHints":{"allow":["GET"]}}],"collection":[{"href":"https:\/\/www.italiafideiussioni.it\/es\/wp-json\/wp\/v2\/pages"}],"about":[{"href":"https:\/\/www.italiafideiussioni.it\/es\/wp-json\/wp\/v2\/types\/page"}],"author":[{"embeddable":true,"href":"https:\/\/www.italiafideiussioni.it\/es\/wp-json\/wp\/v2\/users\/3"}],"replies":[{"embeddable":true,"href":"https:\/\/www.italiafideiussioni.it\/es\/wp-json\/wp\/v2\/comments?post=9406"}],"version-history":[{"count":1,"href":"https:\/\/www.italiafideiussioni.it\/es\/wp-json\/wp\/v2\/pages\/9406\/revisions"}],"predecessor-version":[{"id":12084,"href":"https:\/\/www.italiafideiussioni.it\/es\/wp-json\/wp\/v2\/pages\/9406\/revisions\/12084"}],"wp:featuredmedia":[{"embeddable":true,"href":"https:\/\/www.italiafideiussioni.it\/es\/wp-json\/wp\/v2\/media\/9407"}],"wp:attachment":[{"href":"https:\/\/www.italiafideiussioni.it\/es\/wp-json\/wp\/v2\/media?parent=9406"}],"curies":[{"name":"wp","href":"https:\/\/api.w.org\/{rel}","templated":true}]}}