{"id":9386,"date":"2018-10-10T13:32:37","date_gmt":"2018-10-10T13:32:37","guid":{"rendered":"https:\/\/www.italiafideiussioni.it\/contactanos\/"},"modified":"2018-10-10T13:32:37","modified_gmt":"2018-10-10T13:32:37","slug":"contactanos","status":"publish","type":"page","link":"https:\/\/www.italiafideiussioni.it\/es\/contactanos\/","title":{"rendered":"Cont\u00e1ctanos"},"content":{"rendered":"<p>Nuestra empresa est\u00e1 formada por profesionales con m\u00e1s de 30 a\u00f1os de experiencia en el sector asegurador y financiero.<\/p>\n<h3><strong><i>\u00bfTu aseguradora te dice que no puede emitir la fideiussione que necesitas?<\/i><\/strong><\/h3>\n<h3><strong><i>\u00bfTu banco, despu\u00e9s de dos meses, a\u00fan no te ha dado una respuesta?<\/i><\/strong><\/h3>\n<p>Nosotros encontramos la soluci\u00f3n que necesitas de manera r\u00e1pida y a los mejores precios del mercado. Todos los d\u00edas gestionamos numerosas solicitudes de fideiussioni que el mercado asegurador tradicional no maneja con facilidad. Ofrecemos fideiussioni provisionales y definitivas para: <strong>Trenitalia<\/strong>, <strong>Consip<\/strong>, RFI, ENEL, ANAS, GRANDI STAZIONI y muchas otras entidades licitadoras. Nuestros asesores est\u00e1n a tu disposici\u00f3n para presentarte nuestros productos, ayudarte a tomar una decisi\u00f3n informada o responder cualquier pregunta que tengas sobre el tema.<\/p>\n<h3><strong>Aprovecha nuestra asesor\u00eda gratuita<\/strong> para resolver todas tus dudas sobre las fideiussioni aseguradoras.<br \/><\/h3>\n<h3>Cont\u00e1ctanos directamente en l\u00ednea para <strong>recibir una respuesta inmediata<\/strong>, o l<a href=\"https:\/\/www.italiafideiussioni.it\/sedi\/\">lama a una de nuestras oficinas m\u00e1s cercanas.<\/a><\/h3>\n<h3><strong>Tel. +39 055 28.53.13 &#8211; Tel. +39 02 667.124.17<\/strong><\/h3>\n<h3><strong>Email : <a>info@italiafideiussioni.it<\/a><\/strong><\/h3>\n<h3>Tambi\u00e9n puedes contactarnos por:<\/h3>\n<h3> <a style=\"color: #25d366;\" href=\"https:\/\/wa.me\/+393397150157\"> <strong><i class=\"fab fa-whatsapp\"><\/i> WhatsApp +39 339.71.50.157<\/strong><\/a> Env\u00eda un mensaje y responderemos en horario laboral, <strong>dentro de 5 minutos.<\/strong><\/h3>\n<h3><\/h3>\n","protected":false},"excerpt":{"rendered":"<p>Nuestra empresa est\u00e1 formada por profesionales con m\u00e1s de 30 a\u00f1os de experiencia en el sector asegurador y financiero. \u00bfTu aseguradora te dice que no puede emitir la fideiussione que necesitas? \u00bfTu banco, despu\u00e9s de dos meses, a\u00fan no te ha dado una respuesta? Nosotros encontramos la soluci\u00f3n que necesitas de manera r\u00e1pida y a [&hellip;]<\/p>\n","protected":false},"author":2,"featured_media":9388,"parent":0,"menu_order":0,"comment_status":"closed","ping_status":"closed","template":"templates-default\/tpl-contacts.php","meta":{"_acf_changed":false,"_yoast_wpseo_focuskw":"","_yoast_wpseo_title":"Horarios de apertura y tel\u00e9fono, correo electr\u00f3nico | Italia Fideiussioni","_yoast_wpseo_metadesc":"Puedes contactarnos por tel\u00e9fono, correo electr\u00f3nico, WhatsApp o concertar una cita en una de nuestras oficinas en Florencia, Roma, Tur\u00edn, San Remo, Mil\u00e1n, Santo Stefano.","_yoast_wpseo_meta-robots-noindex":"","_yoast_wpseo_meta-robots-nofollow":"","_yoast_wpseo_canonical":"","_yoast_wpseo_opengraph-title":"","_yoast_wpseo_opengraph-description":"","_yoast_wpseo_opengraph-image":"","_yoast_wpseo_opengraph-image-id":"","_yoast_wpseo_twitter-title":"","_yoast_wpseo_twitter-description":"","_yoast_wpseo_twitter-image":"","footnotes":""},"class_list":["post-9386","page","type-page","status-publish","has-post-thumbnail","hentry"],"acf":{"macroarea_servizi":false,"blocco_iniziale":""},"yoast_head":"<!-- This site is optimized with the Yoast SEO plugin v27.5 - https:\/\/yoast.com\/product\/yoast-seo-wordpress\/ -->\n<title>Horarios de apertura y tel\u00e9fono, correo electr\u00f3nico | Italia Fideiussioni<\/title>\n<meta name=\"description\" content=\"Puedes contactarnos por tel\u00e9fono, correo electr\u00f3nico, WhatsApp o concertar una cita en una de nuestras oficinas en Florencia, Roma, Tur\u00edn, San Remo, Mil\u00e1n, Santo Stefano.\" \/>\n<meta name=\"robots\" content=\"index, follow, max-snippet:-1, max-image-preview:large, max-video-preview:-1\" \/>\n<link rel=\"canonical\" href=\"https:\/\/www.italiafideiussioni.it\/es\/contactanos\/\" \/>\n<meta property=\"og:locale\" content=\"es_ES\" \/>\n<meta property=\"og:type\" content=\"article\" \/>\n<meta property=\"og:title\" content=\"Horarios de apertura y tel\u00e9fono, correo electr\u00f3nico | Italia Fideiussioni\" \/>\n<meta property=\"og:description\" content=\"Puedes contactarnos por tel\u00e9fono, correo electr\u00f3nico, WhatsApp o concertar una cita en una de nuestras oficinas en Florencia, Roma, Tur\u00edn, San Remo, Mil\u00e1n, Santo Stefano.\" \/>\n<meta property=\"og:url\" content=\"https:\/\/www.italiafideiussioni.it\/es\/contactanos\/\" \/>\n<meta property=\"og:site_name\" content=\"Italia Fideiussioni\" \/>\n<meta property=\"article:publisher\" content=\"https:\/\/www.facebook.com\/italiafideiussioni\/\" \/>\n<meta property=\"og:image\" content=\"https:\/\/www.italiafideiussioni.it\/wp-content\/uploads\/2018\/11\/italia-fideiussioni-istituzionale-2-e1541366226400.jpg\" \/>\n\t<meta property=\"og:image:width\" content=\"922\" \/>\n\t<meta property=\"og:image:height\" content=\"423\" \/>\n\t<meta property=\"og:image:type\" content=\"image\/jpeg\" \/>\n<meta name=\"twitter:card\" content=\"summary_large_image\" \/>\n<meta name=\"twitter:site\" content=\"@itafideiussioni\" \/>\n<meta name=\"twitter:label1\" content=\"Tiempo de lectura\" \/>\n\t<meta name=\"twitter:data1\" content=\"1 minuto\" \/>\n<script type=\"application\/ld+json\" class=\"yoast-schema-graph\">{\"@context\":\"https:\\\/\\\/schema.org\",\"@graph\":[{\"@type\":\"WebPage\",\"@id\":\"https:\\\/\\\/www.italiafideiussioni.it\\\/es\\\/contactanos\\\/\",\"url\":\"https:\\\/\\\/www.italiafideiussioni.it\\\/es\\\/contactanos\\\/\",\"name\":\"Horarios de apertura y tel\u00e9fono, correo electr\u00f3nico | Italia Fideiussioni\",\"isPartOf\":{\"@id\":\"https:\\\/\\\/www.italiafideiussioni.it\\\/es\\\/#website\"},\"primaryImageOfPage\":{\"@id\":\"https:\\\/\\\/www.italiafideiussioni.it\\\/es\\\/contactanos\\\/#primaryimage\"},\"image\":{\"@id\":\"https:\\\/\\\/www.italiafideiussioni.it\\\/es\\\/contactanos\\\/#primaryimage\"},\"thumbnailUrl\":\"https:\\\/\\\/www.italiafideiussioni.it\\\/wp-content\\\/uploads\\\/2018\\\/11\\\/italia-fideiussioni-istituzionale-2-e1541366226400.jpg\",\"datePublished\":\"2018-10-10T13:32:37+00:00\",\"description\":\"Puedes contactarnos por tel\u00e9fono, correo electr\u00f3nico, WhatsApp o concertar una cita en una de nuestras oficinas en Florencia, Roma, Tur\u00edn, San Remo, Mil\u00e1n, Santo Stefano.\",\"breadcrumb\":{\"@id\":\"https:\\\/\\\/www.italiafideiussioni.it\\\/es\\\/contactanos\\\/#breadcrumb\"},\"inLanguage\":\"es\",\"potentialAction\":[{\"@type\":\"ReadAction\",\"target\":[\"https:\\\/\\\/www.italiafideiussioni.it\\\/es\\\/contactanos\\\/\"]}]},{\"@type\":\"ImageObject\",\"inLanguage\":\"es\",\"@id\":\"https:\\\/\\\/www.italiafideiussioni.it\\\/es\\\/contactanos\\\/#primaryimage\",\"url\":\"https:\\\/\\\/www.italiafideiussioni.it\\\/wp-content\\\/uploads\\\/2018\\\/11\\\/italia-fideiussioni-istituzionale-2-e1541366226400.jpg\",\"contentUrl\":\"https:\\\/\\\/www.italiafideiussioni.it\\\/wp-content\\\/uploads\\\/2018\\\/11\\\/italia-fideiussioni-istituzionale-2-e1541366226400.jpg\",\"width\":922,\"height\":423},{\"@type\":\"BreadcrumbList\",\"@id\":\"https:\\\/\\\/www.italiafideiussioni.it\\\/es\\\/contactanos\\\/#breadcrumb\",\"itemListElement\":[{\"@type\":\"ListItem\",\"position\":1,\"name\":\"Home\",\"item\":\"https:\\\/\\\/www.italiafideiussioni.it\\\/es\\\/home-page-2013\\\/\"},{\"@type\":\"ListItem\",\"position\":2,\"name\":\"Cont\u00e1ctanos\"}]},{\"@type\":\"WebSite\",\"@id\":\"https:\\\/\\\/www.italiafideiussioni.it\\\/es\\\/#website\",\"url\":\"https:\\\/\\\/www.italiafideiussioni.it\\\/es\\\/\",\"name\":\"Italia Fideiussioni\",\"description\":\"\",\"publisher\":{\"@id\":\"https:\\\/\\\/www.italiafideiussioni.it\\\/es\\\/#organization\"},\"potentialAction\":[{\"@type\":\"SearchAction\",\"target\":{\"@type\":\"EntryPoint\",\"urlTemplate\":\"https:\\\/\\\/www.italiafideiussioni.it\\\/es\\\/?s={search_term_string}\"},\"query-input\":{\"@type\":\"PropertyValueSpecification\",\"valueRequired\":true,\"valueName\":\"search_term_string\"}}],\"inLanguage\":\"es\"},{\"@type\":\"Organization\",\"@id\":\"https:\\\/\\\/www.italiafideiussioni.it\\\/es\\\/#organization\",\"name\":\"Fideiussioni s.r.l.\",\"url\":\"https:\\\/\\\/www.italiafideiussioni.it\\\/es\\\/\",\"logo\":{\"@type\":\"ImageObject\",\"inLanguage\":\"es\",\"@id\":\"https:\\\/\\\/www.italiafideiussioni.it\\\/es\\\/#\\\/schema\\\/logo\\\/image\\\/\",\"url\":\"https:\\\/\\\/www.italiafideiussioni.it\\\/wp-content\\\/uploads\\\/2018\\\/10\\\/italiafideiussioni-logo-white.png\",\"contentUrl\":\"https:\\\/\\\/www.italiafideiussioni.it\\\/wp-content\\\/uploads\\\/2018\\\/10\\\/italiafideiussioni-logo-white.png\",\"width\":516,\"height\":97,\"caption\":\"Fideiussioni s.r.l.\"},\"image\":{\"@id\":\"https:\\\/\\\/www.italiafideiussioni.it\\\/es\\\/#\\\/schema\\\/logo\\\/image\\\/\"},\"sameAs\":[\"https:\\\/\\\/www.facebook.com\\\/italiafideiussioni\\\/\",\"https:\\\/\\\/x.com\\\/itafideiussioni\",\"https:\\\/\\\/www.linkedin.com\\\/company\\\/italiafideiussioni-srl\\\/about\\\/\",\"https:\\\/\\\/www.youtube.com\\\/channel\\\/UC-OhbmM_pkAEKLqJ6nQbpjw\"]}]}<\/script>\n<!-- \/ Yoast SEO plugin. -->","yoast_head_json":{"title":"Horarios de apertura y tel\u00e9fono, correo electr\u00f3nico | Italia Fideiussioni","description":"Puedes contactarnos por tel\u00e9fono, correo electr\u00f3nico, WhatsApp o concertar una cita en una de nuestras oficinas en Florencia, Roma, Tur\u00edn, San Remo, Mil\u00e1n, Santo Stefano.","robots":{"index":"index","follow":"follow","max-snippet":"max-snippet:-1","max-image-preview":"max-image-preview:large","max-video-preview":"max-video-preview:-1"},"canonical":"https:\/\/www.italiafideiussioni.it\/es\/contactanos\/","og_locale":"es_ES","og_type":"article","og_title":"Horarios de apertura y tel\u00e9fono, correo electr\u00f3nico | Italia Fideiussioni","og_description":"Puedes contactarnos por tel\u00e9fono, correo electr\u00f3nico, WhatsApp o concertar una cita en una de nuestras oficinas en Florencia, Roma, Tur\u00edn, San Remo, Mil\u00e1n, Santo Stefano.","og_url":"https:\/\/www.italiafideiussioni.it\/es\/contactanos\/","og_site_name":"Italia Fideiussioni","article_publisher":"https:\/\/www.facebook.com\/italiafideiussioni\/","og_image":[{"width":922,"height":423,"url":"https:\/\/www.italiafideiussioni.it\/wp-content\/uploads\/2018\/11\/italia-fideiussioni-istituzionale-2-e1541366226400.jpg","type":"image\/jpeg"}],"twitter_card":"summary_large_image","twitter_site":"@itafideiussioni","twitter_misc":{"Tiempo de lectura":"1 minuto"},"schema":{"@context":"https:\/\/schema.org","@graph":[{"@type":"WebPage","@id":"https:\/\/www.italiafideiussioni.it\/es\/contactanos\/","url":"https:\/\/www.italiafideiussioni.it\/es\/contactanos\/","name":"Horarios de apertura y tel\u00e9fono, correo electr\u00f3nico | Italia Fideiussioni","isPartOf":{"@id":"https:\/\/www.italiafideiussioni.it\/es\/#website"},"primaryImageOfPage":{"@id":"https:\/\/www.italiafideiussioni.it\/es\/contactanos\/#primaryimage"},"image":{"@id":"https:\/\/www.italiafideiussioni.it\/es\/contactanos\/#primaryimage"},"thumbnailUrl":"https:\/\/www.italiafideiussioni.it\/wp-content\/uploads\/2018\/11\/italia-fideiussioni-istituzionale-2-e1541366226400.jpg","datePublished":"2018-10-10T13:32:37+00:00","description":"Puedes contactarnos por tel\u00e9fono, correo electr\u00f3nico, WhatsApp o concertar una cita en una de nuestras oficinas en Florencia, Roma, Tur\u00edn, San Remo, Mil\u00e1n, Santo Stefano.","breadcrumb":{"@id":"https:\/\/www.italiafideiussioni.it\/es\/contactanos\/#breadcrumb"},"inLanguage":"es","potentialAction":[{"@type":"ReadAction","target":["https:\/\/www.italiafideiussioni.it\/es\/contactanos\/"]}]},{"@type":"ImageObject","inLanguage":"es","@id":"https:\/\/www.italiafideiussioni.it\/es\/contactanos\/#primaryimage","url":"https:\/\/www.italiafideiussioni.it\/wp-content\/uploads\/2018\/11\/italia-fideiussioni-istituzionale-2-e1541366226400.jpg","contentUrl":"https:\/\/www.italiafideiussioni.it\/wp-content\/uploads\/2018\/11\/italia-fideiussioni-istituzionale-2-e1541366226400.jpg","width":922,"height":423},{"@type":"BreadcrumbList","@id":"https:\/\/www.italiafideiussioni.it\/es\/contactanos\/#breadcrumb","itemListElement":[{"@type":"ListItem","position":1,"name":"Home","item":"https:\/\/www.italiafideiussioni.it\/es\/home-page-2013\/"},{"@type":"ListItem","position":2,"name":"Cont\u00e1ctanos"}]},{"@type":"WebSite","@id":"https:\/\/www.italiafideiussioni.it\/es\/#website","url":"https:\/\/www.italiafideiussioni.it\/es\/","name":"Italia Fideiussioni","description":"","publisher":{"@id":"https:\/\/www.italiafideiussioni.it\/es\/#organization"},"potentialAction":[{"@type":"SearchAction","target":{"@type":"EntryPoint","urlTemplate":"https:\/\/www.italiafideiussioni.it\/es\/?s={search_term_string}"},"query-input":{"@type":"PropertyValueSpecification","valueRequired":true,"valueName":"search_term_string"}}],"inLanguage":"es"},{"@type":"Organization","@id":"https:\/\/www.italiafideiussioni.it\/es\/#organization","name":"Fideiussioni s.r.l.","url":"https:\/\/www.italiafideiussioni.it\/es\/","logo":{"@type":"ImageObject","inLanguage":"es","@id":"https:\/\/www.italiafideiussioni.it\/es\/#\/schema\/logo\/image\/","url":"https:\/\/www.italiafideiussioni.it\/wp-content\/uploads\/2018\/10\/italiafideiussioni-logo-white.png","contentUrl":"https:\/\/www.italiafideiussioni.it\/wp-content\/uploads\/2018\/10\/italiafideiussioni-logo-white.png","width":516,"height":97,"caption":"Fideiussioni s.r.l."},"image":{"@id":"https:\/\/www.italiafideiussioni.it\/es\/#\/schema\/logo\/image\/"},"sameAs":["https:\/\/www.facebook.com\/italiafideiussioni\/","https:\/\/x.com\/itafideiussioni","https:\/\/www.linkedin.com\/company\/italiafideiussioni-srl\/about\/","https:\/\/www.youtube.com\/channel\/UC-OhbmM_pkAEKLqJ6nQbpjw"]}]}},"_links":{"self":[{"href":"https:\/\/www.italiafideiussioni.it\/es\/wp-json\/wp\/v2\/pages\/9386","targetHints":{"allow":["GET"]}}],"collection":[{"href":"https:\/\/www.italiafideiussioni.it\/es\/wp-json\/wp\/v2\/pages"}],"about":[{"href":"https:\/\/www.italiafideiussioni.it\/es\/wp-json\/wp\/v2\/types\/page"}],"author":[{"embeddable":true,"href":"https:\/\/www.italiafideiussioni.it\/es\/wp-json\/wp\/v2\/users\/2"}],"replies":[{"embeddable":true,"href":"https:\/\/www.italiafideiussioni.it\/es\/wp-json\/wp\/v2\/comments?post=9386"}],"version-history":[{"count":0,"href":"https:\/\/www.italiafideiussioni.it\/es\/wp-json\/wp\/v2\/pages\/9386\/revisions"}],"wp:featuredmedia":[{"embeddable":true,"href":"https:\/\/www.italiafideiussioni.it\/es\/wp-json\/wp\/v2\/media\/9388"}],"wp:attachment":[{"href":"https:\/\/www.italiafideiussioni.it\/es\/wp-json\/wp\/v2\/media?parent=9386"}],"curies":[{"name":"wp","href":"https:\/\/api.w.org\/{rel}","templated":true}]}}