{"id":9383,"date":"2021-04-19T13:36:55","date_gmt":"2021-04-19T13:36:55","guid":{"rendered":"https:\/\/www.italiafideiussioni.it\/italia-fideiussioni\/"},"modified":"2026-01-26T08:30:27","modified_gmt":"2026-01-26T08:30:27","slug":"italia-fideiussioni","status":"publish","type":"page","link":"https:\/\/www.italiafideiussioni.it\/es\/italia-fideiussioni\/","title":{"rendered":"Qui\u00e9nes somos"},"content":{"rendered":"<div class=\"wp-block-image\">\n<figure class=\"aligncenter\"><img decoding=\"async\" width=\"1024\" height=\"254\" src=\"https:\/\/www.italiafideiussioni.it\/wp-content\/uploads\/2018\/11\/italia-fideiussioni-chi-siamo-1024x254.jpg\" alt=\"\" class=\"wp-image-1153\" srcset=\"https:\/\/www.italiafideiussioni.it\/wp-content\/uploads\/2018\/11\/italia-fideiussioni-chi-siamo-1024x254.jpg 1024w, https:\/\/www.italiafideiussioni.it\/wp-content\/uploads\/2018\/11\/italia-fideiussioni-chi-siamo-300x74.jpg 300w, https:\/\/www.italiafideiussioni.it\/wp-content\/uploads\/2018\/11\/italia-fideiussioni-chi-siamo-768x191.jpg 768w, https:\/\/www.italiafideiussioni.it\/wp-content\/uploads\/2018\/11\/italia-fideiussioni-chi-siamo-150x37.jpg 150w, https:\/\/www.italiafideiussioni.it\/wp-content\/uploads\/2018\/11\/italia-fideiussioni-chi-siamo.jpg 1293w\" sizes=\"(max-width: 1024px) 100vw, 1024px\" \/><\/figure>\n<\/div>\n\n\n<p>Somos una agencia de seguros altamente especializada en el sector de fideiussiones y garant\u00edas. Nuestra misi\u00f3n es encontrar la soluci\u00f3n que est\u00e1s buscando. Nuestra empresa est\u00e1 formada por profesionales del sector asegurador y financiero con m\u00e1s de 30 a\u00f1os de experiencia espec\u00edfica en fideiussiones y garant\u00edas. Nos destacamos por nuestra flexibilidad, escuchando las necesidades de los clientes y encontrando las soluciones m\u00e1s adecuadas para cada solicitud. Nuestra eficiencia y experiencia en este campo nos permiten resolver el 97% de las solicitudes que recibimos en un a\u00f1o.<\/p>\n\n\n\n<p>Nuestra misi\u00f3n es proporcionar soluciones efectivas a las dificultades que las empresas enfrentan al buscar fideiussiones. Con nosotros, el cliente solo paga si logramos emitir la fideiussione requerida. No hay costos iniciales ni pagos por solicitudes fallidas.<\/p>\n\n\n\n<p><strong>Transparencia y seguimiento<\/strong><br>Informamos sistem\u00e1ticamente al cliente sobre las aseguradoras con las que se est\u00e1 gestionando su solicitud y el estado de avance de la misma. Nuestra fiabilidad ha sido respaldada por miles de clientes que contin\u00faan utilizando nuestros servicios a\u00f1o tras a\u00f1o. En nuestra p\u00e1gina principal, al final, compartimos las experiencias de nuestros clientes a trav\u00e9s de las rese\u00f1as que dejan en Google.<\/p>\n\n\n\n<p>Al elegirnos, el cliente tiene la seguridad de recibir toda la asesor\u00eda, asistencia y soporte necesario, incluso despu\u00e9s de que se le haya proporcionado la fideiussione requerida.<\/p>\n\n\n\n<p>Cont\u00e1ctanos directamente en l\u00ednea para obtener una respuesta inmediata, o llama a una de nuestras oficinas m\u00e1s cercanas:<br><strong>Tel.: +39 055 28.53.13<\/strong><br><strong>Correo electr\u00f3nico:<\/strong> <strong><a>info@italiafideiussioni.it<\/a><\/strong><\/p>\n\n\n\n<p>Tambi\u00e9n puedes escribirnos por WhatsApp al: <strong>+39 339 71.50.157<\/strong><br>Env\u00eda un mensaje y responderemos en horario laboral dentro de los pr\u00f3ximos 5 minutos.<\/p>\n\n\n\n<p><strong>Datos de nuestra empresa<\/strong><br><strong>Fideiussioni Assicurative S.r.l.s. Socio \u00danico<\/strong><br><strong>Sede Legal:<\/strong><br>Via Alberto Tallone 84, 00123 ROMA<\/p>\n\n\n\n<p><strong>Sede Operativa:<\/strong><br>Via Pier Capponi 87, 50132 FIRENZE<br><strong>P.IVA:<\/strong> 15444291007<br><strong>N\u00famero REA:<\/strong> RM \u2013 1590905<br><strong>Correo electr\u00f3nico:<\/strong> <strong><a>info@italiafideiussioni.it<\/a><\/strong><br><strong>PEC:<\/strong> <a>fideiussioniassicurative@pec.it<\/a><br><strong>Registro IVASS Secci\u00f3n A:<\/strong> A000646940<\/p>\n\n\n\n<p><strong>Responsable de la actividad IVASS:<\/strong><br>Augusto Battisti<br>Autorizaci\u00f3n IVASS: IVASS RUI Secci\u00f3n A: A000119133<br>Inscrito desde el 04.05.2007<br>Somos intermediarios sujetos al control de IVASS.<\/p>\n\n\n\n<p class=\"gb-headline gb-headline-e5339421 gb-headline-text\"><strong>Reclamaciones y \u00c1rbitro de Seguros<\/strong><\/p>\n\n\n\n<p>De conformidad con la normativa vigente y con los Provvedimenti IVASS n.\u00ba 160\/2025 y n.\u00ba 163\/2025, es posible recurrir al \u00c1rbitro de Seguros para la resoluci\u00f3n de controversias en materia aseguradora.<br>El \u00c1rbitro de Seguros es un sistema de resoluci\u00f3n alternativa de controversias (ADR), instituido en el seno de IVASS, que permite a los clientes obtener una decisi\u00f3n imparcial e independiente sin recurrir a la Autoridad Judicial.<\/p>\n\n\n\n<p>El recurso al \u00c1rbitro es gratuito o de bajo coste, sencillo y totalmente gestionable en l\u00ednea.<\/p>\n\n\n\n<p>Para m\u00e1s informaci\u00f3n, puede consultarse el Provvedimento IVASS n.\u00ba 163\/2025: <a href=\"https:\/\/www.ivass.it\/normativa\/nazionale\/secondaria-ivass\/normativi-provv\/2025\/provv-163\/index.html\" target=\"_blank\" rel=\"noreferrer noopener\">enlace oficial<\/a>.<\/p>\n\n\n\n<p class=\"gb-headline gb-headline-6b656762 gb-headline-text\"><strong>Cu\u00e1ndo es posible recurrir al \u00c1rbitro de Seguros<\/strong><\/p>\n\n\n\n<p>El cliente puede presentar una reclamaci\u00f3n ante el \u00c1rbitro de Seguros cuando:<\/p>\n\n\n\n<ul class=\"wp-block-list\">\n<li>ya haya presentado una reclamaci\u00f3n escrita a AMI Assistance;<\/li>\n\n\n\n<li>no haya recibido respuesta en un plazo de 45 d\u00edas;<\/li>\n\n\n\n<li>considere que la respuesta recibida no es satisfactoria.<\/li>\n<\/ul>\n\n\n\n<p>La reclamaci\u00f3n debe referirse a controversias relativas a:<\/p>\n\n\n\n<ul class=\"wp-block-list\">\n<li>contratos de seguro;<\/li>\n\n\n\n<li>prestaciones, liquidaciones o denegaciones de indemnizaci\u00f3n;<\/li>\n\n\n\n<li>comportamientos de la empresa aseguradora o de los intermediarios de seguros.<\/li>\n<\/ul>\n\n\n\n<p class=\"gb-headline gb-headline-d13c7db5 gb-headline-text\"><strong>C\u00f3mo presentar una reclamaci\u00f3n a Fideiussioni Assicurative Srls<\/strong><\/p>\n\n\n\n<p>Antes de recurrir al \u00c1rbitro de Seguros, el cliente debe enviar una reclamaci\u00f3n a Fideiussioni Assicurative Srls a trav\u00e9s de:<\/p>\n\n\n\n<p>El tomador del seguro, el asegurado o cualquier persona con derecho puede presentar una reclamaci\u00f3n por escrito al Agente, mediante entrega en mano, correo postal o medios electr\u00f3nicos, a la siguiente direcci\u00f3n:<\/p>\n\n\n\n<p>Fideiussioni Assicurative Srls<br>Via Pier Capponi 87, 50132 Florencia \u2013 Italia<br>PEC: <a>fideiussioniassicurative@pec.it<\/a><\/p>\n\n\n\n<p class=\"gb-headline gb-headline-f31b12e3 gb-headline-text\"><strong>C\u00f3mo activar el \u00c1rbitro de Seguros<\/strong><\/p>\n\n\n\n<p>Si la reclamaci\u00f3n no ha tenido un resultado satisfactorio, el cliente puede presentar el recurso al \u00c1rbitro de Seguros directamente en l\u00ednea, a trav\u00e9s del portal oficial de IVASS dedicado al \u00c1rbitro de Seguros:<br><a href=\"http:\/\/www.arbitroassicurativo.org\" target=\"_blank\" rel=\"noreferrer noopener\">www.arbitroassicurativo.org<\/a><\/p>\n\n\n\n<p>Adjuntando:<\/p>\n\n\n\n<ul class=\"wp-block-list\">\n<li>copia de la reclamaci\u00f3n enviada a la empresa;<\/li>\n\n\n\n<li>eventual respuesta recibida;<\/li>\n\n\n\n<li>documentaci\u00f3n de respaldo de la solicitud.<\/li>\n<\/ul>\n\n\n\n<p>Los procedimientos operativos, los plazos y las competencias del \u00c1rbitro est\u00e1n regulados por la normativa IVASS vigente.<\/p>\n\n\n\n<hr class=\"wp-block-separator has-alpha-channel-opacity\"\/>\n\n\n\n<h3 class=\"gb-headline gb-headline-0f873edc gb-headline-text\">\u00bfPor qu\u00e9 elegir una p\u00f3liza de seguro de garant\u00eda de cumplimiento que incluya cobertura de seguro?<\/h3>\n\n\n\n<p>Porque es el m\u00e9todo m\u00e1s sencillo y r\u00e1pido. Comparemos:<\/p>\n\n\n\n<figure class=\"wp-block-embed is-type-video is-provider-youtube wp-block-embed-youtube wp-embed-aspect-16-9 wp-has-aspect-ratio\"><div class=\"wp-block-embed__wrapper\">\n<div class=\"epyt-video-wrapper\"><iframe  id=\"_ytid_72110\"  width=\"480\" height=\"270\"  data-origwidth=\"480\" data-origheight=\"270\"  data-relstop=\"1\" src=\"https:\/\/www.youtube.com\/embed\/eWk1QJctJkI?enablejsapi=1&#038;autoplay=0&#038;cc_load_policy=0&#038;cc_lang_pref=&#038;iv_load_policy=3&#038;loop=0&#038;rel=0&#038;fs=1&#038;playsinline=0&#038;autohide=2&#038;theme=dark&#038;color=red&#038;controls=1&#038;disablekb=0&#038;\" class=\"__youtube_prefs__  epyt-is-override  no-lazyload\" title=\"YouTube player\"  allow=\"fullscreen; accelerometer; autoplay; clipboard-write; encrypted-media; gyroscope; picture-in-picture; web-share\" referrerpolicy=\"strict-origin-when-cross-origin\" allowfullscreen data-no-lazy=\"1\" data-skipgform_ajax_framebjll=\"\"><\/iframe><\/div>\n<\/div><\/figure>\n\n\n\n<p>Si no est\u00e1s satisfecho con la respuesta o no recibes una respuesta dentro de los 45 d\u00edas posteriores a la recepci\u00f3n de la reclamaci\u00f3n, puedes dirigirte a <strong>IVASS \u2013 Servicio de Supervisi\u00f3n de Intermediarios \u2013 Via del Quirinale 21- 00187- Roma<\/strong>, adjuntando la documentaci\u00f3n relacionada con la reclamaci\u00f3n tratada por el intermediario.<\/p>\n\n\n\n<p><strong>Colaboraci\u00f3n con Broker Subito Srls<\/strong><br>Fideiussioni Assicurative Srls trabaja en sinergia con <strong>Broker Subito Srls<\/strong>, una empresa especializada en corretaje de seguros. Esta colaboraci\u00f3n nos permite ofrecer una amplia gama de productos aseguradores y fideiussorios, garantizando soluciones personalizadas y completas para particulares y empresas.<\/p>\n\n\n\n<p><strong>Datos de Broker Subito Srls:<\/strong><br><strong>Autorizaci\u00f3n IVASS:<\/strong><br>Registro IVASS Secci\u00f3n B: B000674688 del 22.01.2021<br><strong>Responsable:<\/strong> Francesco Carovani<br>Inscrito en la Secci\u00f3n B del RUI al N.\u00ba B000131685 desde el 09.01.2007<\/p>\n\n\n\n<p><strong>Sede Legal y Operativa:<\/strong><br>Via Pier Capponi 87, 50132 FIRENZE<br><strong>Correo electr\u00f3nico:<\/strong> <strong>PEC:<\/strong> <a>brokersubito@pec.it<\/a><br><strong>P.IVA y C\u00f3digo Fiscal:<\/strong> 07054810481<br><strong>Registro de Empresas:<\/strong> FI \u2013 676376<br><strong>Tel\u00e9fono:<\/strong> <strong>+39 055 49.32.199<\/strong><\/p>\n\n\n\n<p><strong>Reclamaciones<\/strong><br>El contratante asegurado o cualquier interesado puede presentar una reclamaci\u00f3n por escrito al broker en:<br><strong>Broker Subito Srls<\/strong><br>Via Pier Capponi 87, 50132 FIRENZE<br><strong>PEC:<\/strong> <a>brokersubito@pec.it<\/a><\/p>\n\n\n\n<p>Si no est\u00e1s satisfecho con la respuesta, puedes dirigirte a <strong>IVASS \u2013 Servicio de Supervisi\u00f3n de Intermediarios \u2013 Via del Quirinale 21- 00187- Roma<\/strong>, adjuntando la documentaci\u00f3n correspondiente.<\/p>\n\n\n\n<p><strong>Cont\u00e1ctanos<\/strong><br>Si encuentras informaci\u00f3n inexacta en nuestro sitio web, por favor escr\u00edbenos a <strong><a>info@italiafideiussioni.it<\/a><\/strong> para evitar confusiones.<\/p>\n","protected":false},"excerpt":{"rendered":"<p>Somos una agencia de seguros altamente especializada en el sector de fideiussiones y garant\u00edas. Nuestra misi\u00f3n es encontrar la soluci\u00f3n que est\u00e1s buscando. Nuestra empresa est\u00e1 formada por profesionales del sector asegurador y financiero con m\u00e1s de 30 a\u00f1os de experiencia espec\u00edfica en fideiussiones y garant\u00edas. Nos destacamos por nuestra flexibilidad, escuchando las necesidades de [&hellip;]<\/p>\n","protected":false},"author":2,"featured_media":0,"parent":0,"menu_order":0,"comment_status":"closed","ping_status":"closed","template":"templates-custom\/tpl-pagina-istituzionale.php","meta":{"_acf_changed":false,"_yoast_wpseo_focuskw":"","_yoast_wpseo_title":"Aseguradores profesionales con m\u00e1s de 30 a\u00f1os de experiencia | Italia Fideiussioni","_yoast_wpseo_metadesc":"Somos un grupo de aseguradores profesionales con m\u00e1s de 30 a\u00f1os de experiencia en el sector. Cada a\u00f1o logramos resolver el 97% de las solicitudes que recibimos.","_yoast_wpseo_meta-robots-noindex":"","_yoast_wpseo_meta-robots-nofollow":"","_yoast_wpseo_canonical":"","_yoast_wpseo_opengraph-title":"","_yoast_wpseo_opengraph-description":"","_yoast_wpseo_opengraph-image":"","_yoast_wpseo_opengraph-image-id":"","_yoast_wpseo_twitter-title":"","_yoast_wpseo_twitter-description":"","_yoast_wpseo_twitter-image":"","footnotes":""},"class_list":["post-9383","page","type-page","status-publish","hentry"],"acf":{"macroarea_servizi":"","blocco_iniziale":""},"yoast_head":"<!-- This site is optimized with the Yoast SEO plugin v27.5 - https:\/\/yoast.com\/product\/yoast-seo-wordpress\/ -->\n<title>Aseguradores profesionales con m\u00e1s de 30 a\u00f1os de experiencia | Italia Fideiussioni<\/title>\n<meta name=\"description\" content=\"Somos un grupo de aseguradores profesionales con m\u00e1s de 30 a\u00f1os de experiencia en el sector. Cada a\u00f1o logramos resolver el 97% de las solicitudes que recibimos.\" \/>\n<meta name=\"robots\" content=\"index, follow, max-snippet:-1, max-image-preview:large, max-video-preview:-1\" \/>\n<link rel=\"canonical\" href=\"https:\/\/www.italiafideiussioni.it\/es\/italia-fideiussioni\/\" \/>\n<meta property=\"og:locale\" content=\"es_ES\" \/>\n<meta property=\"og:type\" content=\"article\" \/>\n<meta property=\"og:title\" content=\"Aseguradores profesionales con m\u00e1s de 30 a\u00f1os de experiencia | Italia Fideiussioni\" \/>\n<meta property=\"og:description\" content=\"Somos un grupo de aseguradores profesionales con m\u00e1s de 30 a\u00f1os de experiencia en el sector. Cada a\u00f1o logramos resolver el 97% de las solicitudes que recibimos.\" \/>\n<meta property=\"og:url\" content=\"https:\/\/www.italiafideiussioni.it\/es\/italia-fideiussioni\/\" \/>\n<meta property=\"og:site_name\" content=\"Italia Fideiussioni\" \/>\n<meta property=\"article:publisher\" content=\"https:\/\/www.facebook.com\/italiafideiussioni\/\" \/>\n<meta property=\"article:modified_time\" content=\"2026-01-26T08:30:27+00:00\" \/>\n<meta property=\"og:image\" content=\"https:\/\/www.italiafideiussioni.it\/wp-content\/uploads\/2018\/11\/italia-fideiussioni-chi-siamo.jpg\" \/>\n\t<meta property=\"og:image:width\" content=\"1293\" \/>\n\t<meta property=\"og:image:height\" content=\"321\" \/>\n\t<meta property=\"og:image:type\" content=\"image\/jpeg\" \/>\n<meta name=\"twitter:card\" content=\"summary_large_image\" \/>\n<meta name=\"twitter:site\" content=\"@itafideiussioni\" \/>\n<meta name=\"twitter:label1\" content=\"Tiempo de lectura\" \/>\n\t<meta name=\"twitter:data1\" content=\"5 minutos\" \/>\n<script type=\"application\/ld+json\" class=\"yoast-schema-graph\">{\"@context\":\"https:\\\/\\\/schema.org\",\"@graph\":[{\"@type\":\"WebPage\",\"@id\":\"https:\\\/\\\/www.italiafideiussioni.it\\\/es\\\/italia-fideiussioni\\\/\",\"url\":\"https:\\\/\\\/www.italiafideiussioni.it\\\/es\\\/italia-fideiussioni\\\/\",\"name\":\"Aseguradores profesionales con m\u00e1s de 30 a\u00f1os de experiencia | Italia Fideiussioni\",\"isPartOf\":{\"@id\":\"https:\\\/\\\/www.italiafideiussioni.it\\\/es\\\/#website\"},\"primaryImageOfPage\":{\"@id\":\"https:\\\/\\\/www.italiafideiussioni.it\\\/es\\\/italia-fideiussioni\\\/#primaryimage\"},\"image\":{\"@id\":\"https:\\\/\\\/www.italiafideiussioni.it\\\/es\\\/italia-fideiussioni\\\/#primaryimage\"},\"thumbnailUrl\":\"https:\\\/\\\/www.italiafideiussioni.it\\\/wp-content\\\/uploads\\\/2018\\\/11\\\/italia-fideiussioni-chi-siamo-1024x254.jpg\",\"datePublished\":\"2021-04-19T13:36:55+00:00\",\"dateModified\":\"2026-01-26T08:30:27+00:00\",\"description\":\"Somos un grupo de aseguradores profesionales con m\u00e1s de 30 a\u00f1os de experiencia en el sector. Cada a\u00f1o logramos resolver el 97% de las solicitudes que recibimos.\",\"breadcrumb\":{\"@id\":\"https:\\\/\\\/www.italiafideiussioni.it\\\/es\\\/italia-fideiussioni\\\/#breadcrumb\"},\"inLanguage\":\"es\",\"potentialAction\":[{\"@type\":\"ReadAction\",\"target\":[\"https:\\\/\\\/www.italiafideiussioni.it\\\/es\\\/italia-fideiussioni\\\/\"]}]},{\"@type\":\"ImageObject\",\"inLanguage\":\"es\",\"@id\":\"https:\\\/\\\/www.italiafideiussioni.it\\\/es\\\/italia-fideiussioni\\\/#primaryimage\",\"url\":\"https:\\\/\\\/www.italiafideiussioni.it\\\/wp-content\\\/uploads\\\/2018\\\/11\\\/italia-fideiussioni-chi-siamo-1024x254.jpg\",\"contentUrl\":\"https:\\\/\\\/www.italiafideiussioni.it\\\/wp-content\\\/uploads\\\/2018\\\/11\\\/italia-fideiussioni-chi-siamo-1024x254.jpg\"},{\"@type\":\"BreadcrumbList\",\"@id\":\"https:\\\/\\\/www.italiafideiussioni.it\\\/es\\\/italia-fideiussioni\\\/#breadcrumb\",\"itemListElement\":[{\"@type\":\"ListItem\",\"position\":1,\"name\":\"Home\",\"item\":\"https:\\\/\\\/www.italiafideiussioni.it\\\/es\\\/home-page-2013\\\/\"},{\"@type\":\"ListItem\",\"position\":2,\"name\":\"Qui\u00e9nes somos\"}]},{\"@type\":\"WebSite\",\"@id\":\"https:\\\/\\\/www.italiafideiussioni.it\\\/es\\\/#website\",\"url\":\"https:\\\/\\\/www.italiafideiussioni.it\\\/es\\\/\",\"name\":\"Italia Fideiussioni\",\"description\":\"\",\"publisher\":{\"@id\":\"https:\\\/\\\/www.italiafideiussioni.it\\\/es\\\/#organization\"},\"potentialAction\":[{\"@type\":\"SearchAction\",\"target\":{\"@type\":\"EntryPoint\",\"urlTemplate\":\"https:\\\/\\\/www.italiafideiussioni.it\\\/es\\\/?s={search_term_string}\"},\"query-input\":{\"@type\":\"PropertyValueSpecification\",\"valueRequired\":true,\"valueName\":\"search_term_string\"}}],\"inLanguage\":\"es\"},{\"@type\":\"Organization\",\"@id\":\"https:\\\/\\\/www.italiafideiussioni.it\\\/es\\\/#organization\",\"name\":\"Fideiussioni s.r.l.\",\"url\":\"https:\\\/\\\/www.italiafideiussioni.it\\\/es\\\/\",\"logo\":{\"@type\":\"ImageObject\",\"inLanguage\":\"es\",\"@id\":\"https:\\\/\\\/www.italiafideiussioni.it\\\/es\\\/#\\\/schema\\\/logo\\\/image\\\/\",\"url\":\"https:\\\/\\\/www.italiafideiussioni.it\\\/wp-content\\\/uploads\\\/2018\\\/10\\\/italiafideiussioni-logo-white.png\",\"contentUrl\":\"https:\\\/\\\/www.italiafideiussioni.it\\\/wp-content\\\/uploads\\\/2018\\\/10\\\/italiafideiussioni-logo-white.png\",\"width\":516,\"height\":97,\"caption\":\"Fideiussioni s.r.l.\"},\"image\":{\"@id\":\"https:\\\/\\\/www.italiafideiussioni.it\\\/es\\\/#\\\/schema\\\/logo\\\/image\\\/\"},\"sameAs\":[\"https:\\\/\\\/www.facebook.com\\\/italiafideiussioni\\\/\",\"https:\\\/\\\/x.com\\\/itafideiussioni\",\"https:\\\/\\\/www.linkedin.com\\\/company\\\/italiafideiussioni-srl\\\/about\\\/\",\"https:\\\/\\\/www.youtube.com\\\/channel\\\/UC-OhbmM_pkAEKLqJ6nQbpjw\"]}]}<\/script>\n<!-- \/ Yoast SEO plugin. -->","yoast_head_json":{"title":"Aseguradores profesionales con m\u00e1s de 30 a\u00f1os de experiencia | Italia Fideiussioni","description":"Somos un grupo de aseguradores profesionales con m\u00e1s de 30 a\u00f1os de experiencia en el sector. Cada a\u00f1o logramos resolver el 97% de las solicitudes que recibimos.","robots":{"index":"index","follow":"follow","max-snippet":"max-snippet:-1","max-image-preview":"max-image-preview:large","max-video-preview":"max-video-preview:-1"},"canonical":"https:\/\/www.italiafideiussioni.it\/es\/italia-fideiussioni\/","og_locale":"es_ES","og_type":"article","og_title":"Aseguradores profesionales con m\u00e1s de 30 a\u00f1os de experiencia | Italia Fideiussioni","og_description":"Somos un grupo de aseguradores profesionales con m\u00e1s de 30 a\u00f1os de experiencia en el sector. Cada a\u00f1o logramos resolver el 97% de las solicitudes que recibimos.","og_url":"https:\/\/www.italiafideiussioni.it\/es\/italia-fideiussioni\/","og_site_name":"Italia Fideiussioni","article_publisher":"https:\/\/www.facebook.com\/italiafideiussioni\/","article_modified_time":"2026-01-26T08:30:27+00:00","og_image":[{"width":1293,"height":321,"url":"https:\/\/www.italiafideiussioni.it\/wp-content\/uploads\/2018\/11\/italia-fideiussioni-chi-siamo.jpg","type":"image\/jpeg"}],"twitter_card":"summary_large_image","twitter_site":"@itafideiussioni","twitter_misc":{"Tiempo de lectura":"5 minutos"},"schema":{"@context":"https:\/\/schema.org","@graph":[{"@type":"WebPage","@id":"https:\/\/www.italiafideiussioni.it\/es\/italia-fideiussioni\/","url":"https:\/\/www.italiafideiussioni.it\/es\/italia-fideiussioni\/","name":"Aseguradores profesionales con m\u00e1s de 30 a\u00f1os de experiencia | Italia Fideiussioni","isPartOf":{"@id":"https:\/\/www.italiafideiussioni.it\/es\/#website"},"primaryImageOfPage":{"@id":"https:\/\/www.italiafideiussioni.it\/es\/italia-fideiussioni\/#primaryimage"},"image":{"@id":"https:\/\/www.italiafideiussioni.it\/es\/italia-fideiussioni\/#primaryimage"},"thumbnailUrl":"https:\/\/www.italiafideiussioni.it\/wp-content\/uploads\/2018\/11\/italia-fideiussioni-chi-siamo-1024x254.jpg","datePublished":"2021-04-19T13:36:55+00:00","dateModified":"2026-01-26T08:30:27+00:00","description":"Somos un grupo de aseguradores profesionales con m\u00e1s de 30 a\u00f1os de experiencia en el sector. Cada a\u00f1o logramos resolver el 97% de las solicitudes que recibimos.","breadcrumb":{"@id":"https:\/\/www.italiafideiussioni.it\/es\/italia-fideiussioni\/#breadcrumb"},"inLanguage":"es","potentialAction":[{"@type":"ReadAction","target":["https:\/\/www.italiafideiussioni.it\/es\/italia-fideiussioni\/"]}]},{"@type":"ImageObject","inLanguage":"es","@id":"https:\/\/www.italiafideiussioni.it\/es\/italia-fideiussioni\/#primaryimage","url":"https:\/\/www.italiafideiussioni.it\/wp-content\/uploads\/2018\/11\/italia-fideiussioni-chi-siamo-1024x254.jpg","contentUrl":"https:\/\/www.italiafideiussioni.it\/wp-content\/uploads\/2018\/11\/italia-fideiussioni-chi-siamo-1024x254.jpg"},{"@type":"BreadcrumbList","@id":"https:\/\/www.italiafideiussioni.it\/es\/italia-fideiussioni\/#breadcrumb","itemListElement":[{"@type":"ListItem","position":1,"name":"Home","item":"https:\/\/www.italiafideiussioni.it\/es\/home-page-2013\/"},{"@type":"ListItem","position":2,"name":"Qui\u00e9nes somos"}]},{"@type":"WebSite","@id":"https:\/\/www.italiafideiussioni.it\/es\/#website","url":"https:\/\/www.italiafideiussioni.it\/es\/","name":"Italia Fideiussioni","description":"","publisher":{"@id":"https:\/\/www.italiafideiussioni.it\/es\/#organization"},"potentialAction":[{"@type":"SearchAction","target":{"@type":"EntryPoint","urlTemplate":"https:\/\/www.italiafideiussioni.it\/es\/?s={search_term_string}"},"query-input":{"@type":"PropertyValueSpecification","valueRequired":true,"valueName":"search_term_string"}}],"inLanguage":"es"},{"@type":"Organization","@id":"https:\/\/www.italiafideiussioni.it\/es\/#organization","name":"Fideiussioni s.r.l.","url":"https:\/\/www.italiafideiussioni.it\/es\/","logo":{"@type":"ImageObject","inLanguage":"es","@id":"https:\/\/www.italiafideiussioni.it\/es\/#\/schema\/logo\/image\/","url":"https:\/\/www.italiafideiussioni.it\/wp-content\/uploads\/2018\/10\/italiafideiussioni-logo-white.png","contentUrl":"https:\/\/www.italiafideiussioni.it\/wp-content\/uploads\/2018\/10\/italiafideiussioni-logo-white.png","width":516,"height":97,"caption":"Fideiussioni s.r.l."},"image":{"@id":"https:\/\/www.italiafideiussioni.it\/es\/#\/schema\/logo\/image\/"},"sameAs":["https:\/\/www.facebook.com\/italiafideiussioni\/","https:\/\/x.com\/itafideiussioni","https:\/\/www.linkedin.com\/company\/italiafideiussioni-srl\/about\/","https:\/\/www.youtube.com\/channel\/UC-OhbmM_pkAEKLqJ6nQbpjw"]}]}},"_links":{"self":[{"href":"https:\/\/www.italiafideiussioni.it\/es\/wp-json\/wp\/v2\/pages\/9383","targetHints":{"allow":["GET"]}}],"collection":[{"href":"https:\/\/www.italiafideiussioni.it\/es\/wp-json\/wp\/v2\/pages"}],"about":[{"href":"https:\/\/www.italiafideiussioni.it\/es\/wp-json\/wp\/v2\/types\/page"}],"author":[{"embeddable":true,"href":"https:\/\/www.italiafideiussioni.it\/es\/wp-json\/wp\/v2\/users\/2"}],"replies":[{"embeddable":true,"href":"https:\/\/www.italiafideiussioni.it\/es\/wp-json\/wp\/v2\/comments?post=9383"}],"version-history":[{"count":5,"href":"https:\/\/www.italiafideiussioni.it\/es\/wp-json\/wp\/v2\/pages\/9383\/revisions"}],"predecessor-version":[{"id":12498,"href":"https:\/\/www.italiafideiussioni.it\/es\/wp-json\/wp\/v2\/pages\/9383\/revisions\/12498"}],"wp:attachment":[{"href":"https:\/\/www.italiafideiussioni.it\/es\/wp-json\/wp\/v2\/media?parent=9383"}],"curies":[{"name":"wp","href":"https:\/\/api.w.org\/{rel}","templated":true}]}}