{"id":9366,"date":"2021-07-02T10:18:47","date_gmt":"2021-07-02T10:18:47","guid":{"rendered":"https:\/\/www.italiafideiussioni.it\/fideiussione-bancaria-per-visto-turistico-2024\/"},"modified":"2024-12-31T15:31:52","modified_gmt":"2024-12-31T15:31:52","slug":"fianza-bancaria-visa-turistica-2024","status":"publish","type":"page","link":"https:\/\/www.italiafideiussioni.it\/es\/fianza-bancaria-y-polizas-para-extranjeros\/fianza-bancaria-visa-turistica-2024\/","title":{"rendered":"Fianza Bancaria para visa tur\u00edstica 2024"},"content":{"rendered":"\n<p>\u00bfNecesitas urgentemente una fianza bancaria para un ciudadano extranjero que debe ingresar a Italia con una visa tur\u00edstica?<\/p>\n\n\n\n<p>\u00bfEst\u00e1s buscando la fianza bancaria para la visa tur\u00edstica en Italia?<br>\u00bfHas ido al banco pero es complicado obtenerla? \u00bfTe piden un dep\u00f3sito como garant\u00eda? Cont\u00e1ctanos de inmediato. Si tienes urgencia, te proporcionamos la fianza necesaria de manera r\u00e1pida, sin necesidad de dep\u00f3sito ni apertura de cuenta corriente.<\/p>\n\n\n<style>.wp-block-kadence-advancedheading.kt-adv-heading9366_d90163-ea, .wp-block-kadence-advancedheading.kt-adv-heading9366_d90163-ea[data-kb-block=\"kb-adv-heading9366_d90163-ea\"]{font-style:normal;}.wp-block-kadence-advancedheading.kt-adv-heading9366_d90163-ea mark.kt-highlight, .wp-block-kadence-advancedheading.kt-adv-heading9366_d90163-ea[data-kb-block=\"kb-adv-heading9366_d90163-ea\"] mark.kt-highlight{font-style:normal;color:#f76a0c;-webkit-box-decoration-break:clone;box-decoration-break:clone;padding-top:0px;padding-right:0px;padding-bottom:0px;padding-left:0px;}.wp-block-kadence-advancedheading.kt-adv-heading9366_d90163-ea img.kb-inline-image, .wp-block-kadence-advancedheading.kt-adv-heading9366_d90163-ea[data-kb-block=\"kb-adv-heading9366_d90163-ea\"] img.kb-inline-image{width:150px;vertical-align:baseline;}<\/style>\n<h2 class=\"kt-adv-heading9366_d90163-ea wp-block-kadence-advancedheading\" data-kb-block=\"kb-adv-heading9366_d90163-ea\"><strong>Fianza Bancaria para el ingreso a Italia de ciudadanos extranjeros no comunitarios 2024<\/strong><\/h2>\n\n\n\n<p>La Fianza Bancaria o Fianza Aseguradora es un documento indispensable para obtener la visa tur\u00edstica que permita el ingreso a Italia para ciudadanos fuera del \u00e1rea Schengen.<\/p>\n\n\n\n<p>La fianza garantiza que el ciudadano extranjero dispone de los medios econ\u00f3micos para mantenerse en Italia. En caso de que estos medios, proporcionados por el contratante residente en Italia, falten, el banco proporciona el dinero necesario dentro del l\u00edmite garantizado.<\/p>\n\n\n<style>.wp-block-kadence-advancedheading.kt-adv-heading9366_57fec8-47, .wp-block-kadence-advancedheading.kt-adv-heading9366_57fec8-47[data-kb-block=\"kb-adv-heading9366_57fec8-47\"]{font-size:25px;font-style:normal;}.wp-block-kadence-advancedheading.kt-adv-heading9366_57fec8-47 mark.kt-highlight, .wp-block-kadence-advancedheading.kt-adv-heading9366_57fec8-47[data-kb-block=\"kb-adv-heading9366_57fec8-47\"] mark.kt-highlight{font-style:normal;color:#f76a0c;-webkit-box-decoration-break:clone;box-decoration-break:clone;padding-top:0px;padding-right:0px;padding-bottom:0px;padding-left:0px;}.wp-block-kadence-advancedheading.kt-adv-heading9366_57fec8-47 img.kb-inline-image, .wp-block-kadence-advancedheading.kt-adv-heading9366_57fec8-47[data-kb-block=\"kb-adv-heading9366_57fec8-47\"] img.kb-inline-image{width:150px;vertical-align:baseline;}<\/style>\n<p class=\"kt-adv-heading9366_57fec8-47 wp-block-kadence-advancedheading\" data-kb-block=\"kb-adv-heading9366_57fec8-47\"><strong>\u00bfQu\u00e9 es la Fianza Bancaria para visa tur\u00edstica?<\/strong><\/p>\n\n\n\n<p>Es una garant\u00eda que se presenta en el consulado o embajada italiana del pa\u00eds de origen del solicitante en el momento de la solicitud de la visa tur\u00edstica. Tambi\u00e9n es \u00fatil para ciudadanos extranjeros que deseen visitar Italia por periodos cortos y no necesitan visa, pero carecen de recursos econ\u00f3micos para cubrir el viaje y la estancia.<\/p>\n\n\n\n<p>No se requieren dep\u00f3sitos bancarios ni sumas en garant\u00eda.<br>No hay costos ocultos, el precio est\u00e1 claramente publicado en nuestro sitio web.<\/p>\n\n\n\n<p><strong>Sujetos involucrados en la fianza para extranjeros:<\/strong><\/p>\n\n\n\n<ul class=\"wp-block-list\">\n<li><strong>Contratante:<\/strong> Ciudadano italiano o no comunitario con permiso de residencia en Italia que solicita la fianza bancaria en nombre del ciudadano extranjero a hospedar por un m\u00e1ximo de 90 d\u00edas.<\/li>\n\n\n\n<li><strong>Beneficiario:<\/strong> Ciudadano extranjero que requiere la visa para Italia y es el beneficiario de la fianza.<\/li>\n\n\n\n<li><strong>Garante:<\/strong> Banco o aseguradora que emite la garant\u00eda por el monto especificado en la fianza.<\/li>\n<\/ul>\n\n\n\n<p>A diferencia del banco, no bloqueamos dinero como garant\u00eda ni pedimos dep\u00f3sitos.<\/p>\n\n\n<style>.wp-block-kadence-advancedheading.kt-adv-heading9366_1961d0-8d, .wp-block-kadence-advancedheading.kt-adv-heading9366_1961d0-8d[data-kb-block=\"kb-adv-heading9366_1961d0-8d\"]{font-size:25px;font-style:normal;}.wp-block-kadence-advancedheading.kt-adv-heading9366_1961d0-8d mark.kt-highlight, .wp-block-kadence-advancedheading.kt-adv-heading9366_1961d0-8d[data-kb-block=\"kb-adv-heading9366_1961d0-8d\"] mark.kt-highlight{font-style:normal;color:#f76a0c;-webkit-box-decoration-break:clone;box-decoration-break:clone;padding-top:0px;padding-right:0px;padding-bottom:0px;padding-left:0px;}.wp-block-kadence-advancedheading.kt-adv-heading9366_1961d0-8d img.kb-inline-image, .wp-block-kadence-advancedheading.kt-adv-heading9366_1961d0-8d[data-kb-block=\"kb-adv-heading9366_1961d0-8d\"] img.kb-inline-image{width:150px;vertical-align:baseline;}<\/style>\n<p class=\"kt-adv-heading9366_1961d0-8d wp-block-kadence-advancedheading\" data-kb-block=\"kb-adv-heading9366_1961d0-8d\"><strong>Importe garantizado por la Fianza Bancaria<\/strong><\/p>\n\n\n\n<p>El importe garantizado es fijo: 3.905,00 \u20ac.<br>La duraci\u00f3n de la fianza es de 180 d\u00edas (6 meses).<\/p>\n\n\n\n<p><strong>Documentos necesarios para obtener la fianza bancaria para visa tur\u00edstica<\/strong><\/p>\n\n\n\n<ul class=\"wp-block-list\">\n<li>Copia del documento de identidad del anfitri\u00f3n (contratante). Si el anfitri\u00f3n es extranjero residente, adjuntar copia del permiso de residencia.<\/li>\n\n\n\n<li>Declaraci\u00f3n de ingresos firmada (proporcionamos el formato).<\/li>\n\n\n\n<li>Copia del pasaporte del ciudadano extranjero (beneficiario).<\/li>\n<\/ul>\n\n\n\n<p>Todos los documentos pueden enviarse por correo electr\u00f3nico.<\/p>\n\n\n\n<p><strong>Ventajas de nuestra Fianza Bancaria para visa tur\u00edstica en Italia:<\/strong><\/p>\n\n\n\n<ul class=\"wp-block-list\">\n<li><strong>Velocidad:<\/strong> Emitimos la fianza en 24 horas.<\/li>\n\n\n\n<li><strong>Sin dep\u00f3sito:<\/strong> No requerimos dep\u00f3sitos en garant\u00eda.<\/li>\n\n\n\n<li><strong>Flexibilidad:<\/strong> Validez de 6 meses, permitiendo cambios de fecha de entrada sin necesidad de modificar la garant\u00eda.<\/li>\n\n\n\n<li><strong>Asistencia gratuita:<\/strong> Te ayudamos a completar la solicitud de visa.<\/li>\n\n\n\n<li><strong>Todo online:<\/strong> Operamos en toda Italia, incluidas las islas.<\/li>\n<\/ul>\n\n\n\n<p><strong>Costos:<\/strong><br>La fianza bancaria para una visa de 90 d\u00edas cuesta 135 \u20ac.<br>Para combinaciones con seguro m\u00e9dico, ofrecemos paquetes econ\u00f3micos.<\/p>\n\n\n<div class=\"gb-container gb-container-715be5ab\">\n<style>.wp-block-kadence-advancedheading.kt-adv-heading9124_a0db97-6a, .wp-block-kadence-advancedheading.kt-adv-heading9124_a0db97-6a[data-kb-block=\"kb-adv-heading9124_a0db97-6a\"]{padding-top:var(--global-kb-spacing-sm, 1.5rem);padding-right:var(--global-kb-spacing-sm, 1.5rem);padding-left:var(--global-kb-spacing-sm, 1.5rem);text-align:center;font-style:normal;}.wp-block-kadence-advancedheading.kt-adv-heading9124_a0db97-6a mark.kt-highlight, .wp-block-kadence-advancedheading.kt-adv-heading9124_a0db97-6a[data-kb-block=\"kb-adv-heading9124_a0db97-6a\"] mark.kt-highlight{font-style:normal;color:#f76a0c;-webkit-box-decoration-break:clone;box-decoration-break:clone;padding-top:0px;padding-right:0px;padding-bottom:0px;padding-left:0px;}.wp-block-kadence-advancedheading.kt-adv-heading9124_a0db97-6a img.kb-inline-image, .wp-block-kadence-advancedheading.kt-adv-heading9124_a0db97-6a[data-kb-block=\"kb-adv-heading9124_a0db97-6a\"] img.kb-inline-image{width:150px;vertical-align:baseline;}<\/style>\n<h3 class=\"kt-adv-heading9124_a0db97-6a wp-block-kadence-advancedheading\" data-kb-block=\"kb-adv-heading9124_a0db97-6a\">Las <strong>opiniones positivas de nuestros clientes<\/strong> son la prueba tangible de nuestra excelencia. <strong>Haz clic aqu\u00ed<\/strong> para ver lo que dicen las personas que han vivido nuestra experiencia.<\/h3>\n\n\n\n<div id=\"brb_collection_3943\"><\/div><script type=\"text\/javascript\">!function(e){var c=document.createElement(\"script\");c.src=e,document.body.appendChild(c)}(\"https:\/\/www.italiafideiussioni.it\/wp-admin\/admin-ajax.php?action=brb_embed&brb_collection_id=3943&brb_callback=brb_\"+(new Date).getTime());<\/script>\n\n<\/div>\n\n<div class=\"gb-container gb-container-715be5ab\">\n<style>.wp-block-kadence-advancedheading.kt-adv-heading9124_a0db97-6a, .wp-block-kadence-advancedheading.kt-adv-heading9124_a0db97-6a[data-kb-block=\"kb-adv-heading9124_a0db97-6a\"]{padding-top:var(--global-kb-spacing-sm, 1.5rem);padding-right:var(--global-kb-spacing-sm, 1.5rem);padding-left:var(--global-kb-spacing-sm, 1.5rem);text-align:center;font-style:normal;}.wp-block-kadence-advancedheading.kt-adv-heading9124_a0db97-6a mark.kt-highlight, .wp-block-kadence-advancedheading.kt-adv-heading9124_a0db97-6a[data-kb-block=\"kb-adv-heading9124_a0db97-6a\"] mark.kt-highlight{font-style:normal;color:#f76a0c;-webkit-box-decoration-break:clone;box-decoration-break:clone;padding-top:0px;padding-right:0px;padding-bottom:0px;padding-left:0px;}.wp-block-kadence-advancedheading.kt-adv-heading9124_a0db97-6a img.kb-inline-image, .wp-block-kadence-advancedheading.kt-adv-heading9124_a0db97-6a[data-kb-block=\"kb-adv-heading9124_a0db97-6a\"] img.kb-inline-image{width:150px;vertical-align:baseline;}<\/style>\n<h3 class=\"kt-adv-heading9124_a0db97-6a wp-block-kadence-advancedheading\" data-kb-block=\"kb-adv-heading9124_a0db97-6a\">Las <strong>opiniones positivas de nuestros clientes<\/strong> son la prueba tangible de nuestra excelencia. <strong>Haz clic aqu\u00ed<\/strong> para ver lo que dicen las personas que han vivido nuestra experiencia.<\/h3>\n\n\n\n<div id=\"brb_collection_3943\"><\/div><script type=\"text\/javascript\">!function(e){var c=document.createElement(\"script\");c.src=e,document.body.appendChild(c)}(\"https:\/\/www.italiafideiussioni.it\/wp-admin\/admin-ajax.php?action=brb_embed&brb_collection_id=3943&brb_callback=brb_\"+(new Date).getTime());<\/script>\n\n<\/div>","protected":false},"excerpt":{"rendered":"<p>\u00bfNecesitas urgentemente una fianza bancaria para un ciudadano extranjero que debe ingresar a Italia con una visa tur\u00edstica? \u00bfEst\u00e1s buscando la fianza bancaria para la visa tur\u00edstica en Italia?\u00bfHas ido al banco pero es complicado obtenerla? \u00bfTe piden un dep\u00f3sito como garant\u00eda? Cont\u00e1ctanos de inmediato. Si tienes urgencia, te proporcionamos la fianza necesaria de manera [&hellip;]<\/p>\n","protected":false},"author":2,"featured_media":9367,"parent":9426,"menu_order":3,"comment_status":"closed","ping_status":"closed","template":"","meta":{"_acf_changed":false,"_yoast_wpseo_focuskw":"","_yoast_wpseo_title":"Fianzas para visa tur\u00edstica en 24h | Italia Fideiussioni","_yoast_wpseo_metadesc":"Obt\u00e9n r\u00e1pidamente una fianza para la visa tur\u00edstica de ciudadanos extranjeros no comunitarios con nosotros. Presupuesto en 2 horas, fianza en 24 horas.","_yoast_wpseo_meta-robots-noindex":"","_yoast_wpseo_meta-robots-nofollow":"","_yoast_wpseo_canonical":"","_yoast_wpseo_opengraph-title":"","_yoast_wpseo_opengraph-description":"","_yoast_wpseo_opengraph-image":"","_yoast_wpseo_opengraph-image-id":"","_yoast_wpseo_twitter-title":"","_yoast_wpseo_twitter-description":"","_yoast_wpseo_twitter-image":"","footnotes":""},"class_list":["post-9366","page","type-page","status-publish","has-post-thumbnail","hentry"],"acf":{"blocco_testimonianze":"2","blocco_euro_testo":"","blocco_euro_titolo":"","blocco_info_testo":"","blocco_info_titolo":"","blocco_iniziale":"<p>&nbsp;<\/p>\n<p><strong><a href=\"https:\/\/www.italiafideiussioni.it\/foreigners-tourist-visa\/\"><img decoding=\"async\" class=\"alignnone wp-image-2416\" src=\"https:\/\/www.italiafideiussioni.it\/wp-content\/uploads\/2021\/05\/ing.jpg\" alt=\"\" width=\"31\" height=\"18\" \/> Consulta la versi\u00f3n en ingl\u00e9s <\/a><\/strong><\/p>\n<p><strong><a href=\"https:\/\/www.italiafideiussioni.it\/fideiussioni-per-stranieri\/%E5%85%B3%E4%BA%8E%E6%97%85%E6%B8%B8%E7%AD%BE%E8%AF%81%E7%9A%84%E9%93%B6%E8%A1%8C%E4%BF%9D%E8%AF%81%E9%87%91%E5%92%8C%E9%9D%9E%E6%AC%A7%E7%9B%9F%E5%A4%96%E5%9B%BD%E5%85%AC%E6%B0%91%E5%85%A5%E5%A2%83\/\"><img decoding=\"async\" class=\"alignnone wp-image-2416\" src=\"https:\/\/www.italiafideiussioni.it\/wp-content\/uploads\/2021\/06\/cina.png\" alt=\"\" width=\"31\" height=\"18\" \/> Consulta la versi\u00f3n en chino <\/a><\/strong><\/p>\n<p><img decoding=\"async\" class=\"alignnone wp-image-2461\" src=\"https:\/\/www.italiafideiussioni.it\/wp-content\/uploads\/2021\/07\/francese.png\" alt=\"\" width=\"30\" height=\"18\" \/> <a href=\"\/fideiussioni-per-stranieri\/garantie-bancaire-pour-visa-touristique\/\" target=\"_blank\" rel=\"noopener\"><strong>Consulta la versi\u00f3n en franc\u00e9s<\/strong><\/a><\/p>\n<p><img decoding=\"async\" class=\"alignnone wp-image-2470\" src=\"https:\/\/www.italiafideiussioni.it\/wp-content\/uploads\/2021\/07\/arabo.png\" alt=\"\" width=\"30\" height=\"18\" \/>\u00a0<a href=\"https:\/\/www.italiafideiussioni.it\/fideiussioni-per-stranieri\/%d8%b6%d9%85%d8%a7%d9%86-%d8%a7%d9%84%d8%aa%d8%a3%d8%b4%d9%8a%d8%b1%d8%a9-%d8%a7%d9%84%d8%b3%d9%8a%d8%a7%d8%ad%d9%8a%d8%a9\/\" target=\"_blank\" rel=\"noopener\"><strong>Consulta la versi\u00f3n en \u00e1rabe<\/strong><\/a><\/p>\n","macroarea_servizi":"","immagini_aggiuntive":false},"yoast_head":"<!-- This site is optimized with the Yoast SEO plugin v27.5 - https:\/\/yoast.com\/product\/yoast-seo-wordpress\/ -->\n<title>Fianzas para visa tur\u00edstica en 24h | Italia Fideiussioni<\/title>\n<meta name=\"description\" content=\"Obt\u00e9n r\u00e1pidamente una fianza para la visa tur\u00edstica de ciudadanos extranjeros no comunitarios con nosotros. Presupuesto en 2 horas, fianza en 24 horas.\" \/>\n<meta name=\"robots\" content=\"index, follow, max-snippet:-1, max-image-preview:large, max-video-preview:-1\" \/>\n<link rel=\"canonical\" href=\"https:\/\/www.italiafideiussioni.it\/es\/fianza-bancaria-y-polizas-para-extranjeros\/fianza-bancaria-visa-turistica-2024\/\" \/>\n<meta property=\"og:locale\" content=\"es_ES\" \/>\n<meta property=\"og:type\" content=\"article\" \/>\n<meta property=\"og:title\" content=\"Fianzas para visa tur\u00edstica en 24h | Italia Fideiussioni\" \/>\n<meta property=\"og:description\" content=\"Obt\u00e9n r\u00e1pidamente una fianza para la visa tur\u00edstica de ciudadanos extranjeros no comunitarios con nosotros. Presupuesto en 2 horas, fianza en 24 horas.\" \/>\n<meta property=\"og:url\" content=\"https:\/\/www.italiafideiussioni.it\/es\/fianza-bancaria-y-polizas-para-extranjeros\/fianza-bancaria-visa-turistica-2024\/\" \/>\n<meta property=\"og:site_name\" content=\"Italia Fideiussioni\" \/>\n<meta property=\"article:publisher\" content=\"https:\/\/www.facebook.com\/italiafideiussioni\/\" \/>\n<meta property=\"article:modified_time\" content=\"2024-12-31T15:31:52+00:00\" \/>\n<meta property=\"og:image\" content=\"https:\/\/www.italiafideiussioni.it\/wp-content\/uploads\/2018\/11\/fideiussioni-stranieri.jpeg\" \/>\n\t<meta property=\"og:image:width\" content=\"1000\" \/>\n\t<meta property=\"og:image:height\" content=\"667\" \/>\n\t<meta property=\"og:image:type\" content=\"image\/jpeg\" \/>\n<meta name=\"twitter:card\" content=\"summary_large_image\" \/>\n<meta name=\"twitter:site\" content=\"@itafideiussioni\" \/>\n<meta name=\"twitter:label1\" content=\"Tiempo de lectura\" \/>\n\t<meta name=\"twitter:data1\" content=\"9 minutos\" \/>\n<script type=\"application\/ld+json\" class=\"yoast-schema-graph\">{\"@context\":\"https:\\\/\\\/schema.org\",\"@graph\":[{\"@type\":\"WebPage\",\"@id\":\"https:\\\/\\\/www.italiafideiussioni.it\\\/es\\\/fianza-bancaria-y-polizas-para-extranjeros\\\/fianza-bancaria-visa-turistica-2024\\\/\",\"url\":\"https:\\\/\\\/www.italiafideiussioni.it\\\/es\\\/fianza-bancaria-y-polizas-para-extranjeros\\\/fianza-bancaria-visa-turistica-2024\\\/\",\"name\":\"Fianzas para visa tur\u00edstica en 24h | Italia Fideiussioni\",\"isPartOf\":{\"@id\":\"https:\\\/\\\/www.italiafideiussioni.it\\\/es\\\/#website\"},\"primaryImageOfPage\":{\"@id\":\"https:\\\/\\\/www.italiafideiussioni.it\\\/es\\\/fianza-bancaria-y-polizas-para-extranjeros\\\/fianza-bancaria-visa-turistica-2024\\\/#primaryimage\"},\"image\":{\"@id\":\"https:\\\/\\\/www.italiafideiussioni.it\\\/es\\\/fianza-bancaria-y-polizas-para-extranjeros\\\/fianza-bancaria-visa-turistica-2024\\\/#primaryimage\"},\"thumbnailUrl\":\"https:\\\/\\\/www.italiafideiussioni.it\\\/wp-content\\\/uploads\\\/2018\\\/11\\\/fideiussioni-stranieri.jpeg\",\"datePublished\":\"2021-07-02T10:18:47+00:00\",\"dateModified\":\"2024-12-31T15:31:52+00:00\",\"description\":\"Obt\u00e9n r\u00e1pidamente una fianza para la visa tur\u00edstica de ciudadanos extranjeros no comunitarios con nosotros. Presupuesto en 2 horas, fianza en 24 horas.\",\"breadcrumb\":{\"@id\":\"https:\\\/\\\/www.italiafideiussioni.it\\\/es\\\/fianza-bancaria-y-polizas-para-extranjeros\\\/fianza-bancaria-visa-turistica-2024\\\/#breadcrumb\"},\"inLanguage\":\"es\",\"potentialAction\":[{\"@type\":\"ReadAction\",\"target\":[\"https:\\\/\\\/www.italiafideiussioni.it\\\/es\\\/fianza-bancaria-y-polizas-para-extranjeros\\\/fianza-bancaria-visa-turistica-2024\\\/\"]}]},{\"@type\":\"ImageObject\",\"inLanguage\":\"es\",\"@id\":\"https:\\\/\\\/www.italiafideiussioni.it\\\/es\\\/fianza-bancaria-y-polizas-para-extranjeros\\\/fianza-bancaria-visa-turistica-2024\\\/#primaryimage\",\"url\":\"https:\\\/\\\/www.italiafideiussioni.it\\\/wp-content\\\/uploads\\\/2018\\\/11\\\/fideiussioni-stranieri.jpeg\",\"contentUrl\":\"https:\\\/\\\/www.italiafideiussioni.it\\\/wp-content\\\/uploads\\\/2018\\\/11\\\/fideiussioni-stranieri.jpeg\",\"width\":1000,\"height\":667},{\"@type\":\"BreadcrumbList\",\"@id\":\"https:\\\/\\\/www.italiafideiussioni.it\\\/es\\\/fianza-bancaria-y-polizas-para-extranjeros\\\/fianza-bancaria-visa-turistica-2024\\\/#breadcrumb\",\"itemListElement\":[{\"@type\":\"ListItem\",\"position\":1,\"name\":\"Home\",\"item\":\"https:\\\/\\\/www.italiafideiussioni.it\\\/es\\\/home-page-2013\\\/\"},{\"@type\":\"ListItem\",\"position\":2,\"name\":\"Fianza Bancaria y P\u00f3lizas para Extranjeros\",\"item\":\"https:\\\/\\\/www.italiafideiussioni.it\\\/es\\\/fianza-bancaria-y-polizas-para-extranjeros\\\/\"},{\"@type\":\"ListItem\",\"position\":3,\"name\":\"Fianza Bancaria para visa tur\u00edstica 2024\"}]},{\"@type\":\"WebSite\",\"@id\":\"https:\\\/\\\/www.italiafideiussioni.it\\\/es\\\/#website\",\"url\":\"https:\\\/\\\/www.italiafideiussioni.it\\\/es\\\/\",\"name\":\"Italia Fideiussioni\",\"description\":\"\",\"publisher\":{\"@id\":\"https:\\\/\\\/www.italiafideiussioni.it\\\/es\\\/#organization\"},\"potentialAction\":[{\"@type\":\"SearchAction\",\"target\":{\"@type\":\"EntryPoint\",\"urlTemplate\":\"https:\\\/\\\/www.italiafideiussioni.it\\\/es\\\/?s={search_term_string}\"},\"query-input\":{\"@type\":\"PropertyValueSpecification\",\"valueRequired\":true,\"valueName\":\"search_term_string\"}}],\"inLanguage\":\"es\"},{\"@type\":\"Organization\",\"@id\":\"https:\\\/\\\/www.italiafideiussioni.it\\\/es\\\/#organization\",\"name\":\"Fideiussioni s.r.l.\",\"url\":\"https:\\\/\\\/www.italiafideiussioni.it\\\/es\\\/\",\"logo\":{\"@type\":\"ImageObject\",\"inLanguage\":\"es\",\"@id\":\"https:\\\/\\\/www.italiafideiussioni.it\\\/es\\\/#\\\/schema\\\/logo\\\/image\\\/\",\"url\":\"https:\\\/\\\/www.italiafideiussioni.it\\\/wp-content\\\/uploads\\\/2018\\\/10\\\/italiafideiussioni-logo-white.png\",\"contentUrl\":\"https:\\\/\\\/www.italiafideiussioni.it\\\/wp-content\\\/uploads\\\/2018\\\/10\\\/italiafideiussioni-logo-white.png\",\"width\":516,\"height\":97,\"caption\":\"Fideiussioni s.r.l.\"},\"image\":{\"@id\":\"https:\\\/\\\/www.italiafideiussioni.it\\\/es\\\/#\\\/schema\\\/logo\\\/image\\\/\"},\"sameAs\":[\"https:\\\/\\\/www.facebook.com\\\/italiafideiussioni\\\/\",\"https:\\\/\\\/x.com\\\/itafideiussioni\",\"https:\\\/\\\/www.linkedin.com\\\/company\\\/italiafideiussioni-srl\\\/about\\\/\",\"https:\\\/\\\/www.youtube.com\\\/channel\\\/UC-OhbmM_pkAEKLqJ6nQbpjw\"]}]}<\/script>\n<!-- \/ Yoast SEO plugin. -->","yoast_head_json":{"title":"Fianzas para visa tur\u00edstica en 24h | Italia Fideiussioni","description":"Obt\u00e9n r\u00e1pidamente una fianza para la visa tur\u00edstica de ciudadanos extranjeros no comunitarios con nosotros. Presupuesto en 2 horas, fianza en 24 horas.","robots":{"index":"index","follow":"follow","max-snippet":"max-snippet:-1","max-image-preview":"max-image-preview:large","max-video-preview":"max-video-preview:-1"},"canonical":"https:\/\/www.italiafideiussioni.it\/es\/fianza-bancaria-y-polizas-para-extranjeros\/fianza-bancaria-visa-turistica-2024\/","og_locale":"es_ES","og_type":"article","og_title":"Fianzas para visa tur\u00edstica en 24h | Italia Fideiussioni","og_description":"Obt\u00e9n r\u00e1pidamente una fianza para la visa tur\u00edstica de ciudadanos extranjeros no comunitarios con nosotros. Presupuesto en 2 horas, fianza en 24 horas.","og_url":"https:\/\/www.italiafideiussioni.it\/es\/fianza-bancaria-y-polizas-para-extranjeros\/fianza-bancaria-visa-turistica-2024\/","og_site_name":"Italia Fideiussioni","article_publisher":"https:\/\/www.facebook.com\/italiafideiussioni\/","article_modified_time":"2024-12-31T15:31:52+00:00","og_image":[{"width":1000,"height":667,"url":"https:\/\/www.italiafideiussioni.it\/wp-content\/uploads\/2018\/11\/fideiussioni-stranieri.jpeg","type":"image\/jpeg"}],"twitter_card":"summary_large_image","twitter_site":"@itafideiussioni","twitter_misc":{"Tiempo de lectura":"9 minutos"},"schema":{"@context":"https:\/\/schema.org","@graph":[{"@type":"WebPage","@id":"https:\/\/www.italiafideiussioni.it\/es\/fianza-bancaria-y-polizas-para-extranjeros\/fianza-bancaria-visa-turistica-2024\/","url":"https:\/\/www.italiafideiussioni.it\/es\/fianza-bancaria-y-polizas-para-extranjeros\/fianza-bancaria-visa-turistica-2024\/","name":"Fianzas para visa tur\u00edstica en 24h | Italia Fideiussioni","isPartOf":{"@id":"https:\/\/www.italiafideiussioni.it\/es\/#website"},"primaryImageOfPage":{"@id":"https:\/\/www.italiafideiussioni.it\/es\/fianza-bancaria-y-polizas-para-extranjeros\/fianza-bancaria-visa-turistica-2024\/#primaryimage"},"image":{"@id":"https:\/\/www.italiafideiussioni.it\/es\/fianza-bancaria-y-polizas-para-extranjeros\/fianza-bancaria-visa-turistica-2024\/#primaryimage"},"thumbnailUrl":"https:\/\/www.italiafideiussioni.it\/wp-content\/uploads\/2018\/11\/fideiussioni-stranieri.jpeg","datePublished":"2021-07-02T10:18:47+00:00","dateModified":"2024-12-31T15:31:52+00:00","description":"Obt\u00e9n r\u00e1pidamente una fianza para la visa tur\u00edstica de ciudadanos extranjeros no comunitarios con nosotros. Presupuesto en 2 horas, fianza en 24 horas.","breadcrumb":{"@id":"https:\/\/www.italiafideiussioni.it\/es\/fianza-bancaria-y-polizas-para-extranjeros\/fianza-bancaria-visa-turistica-2024\/#breadcrumb"},"inLanguage":"es","potentialAction":[{"@type":"ReadAction","target":["https:\/\/www.italiafideiussioni.it\/es\/fianza-bancaria-y-polizas-para-extranjeros\/fianza-bancaria-visa-turistica-2024\/"]}]},{"@type":"ImageObject","inLanguage":"es","@id":"https:\/\/www.italiafideiussioni.it\/es\/fianza-bancaria-y-polizas-para-extranjeros\/fianza-bancaria-visa-turistica-2024\/#primaryimage","url":"https:\/\/www.italiafideiussioni.it\/wp-content\/uploads\/2018\/11\/fideiussioni-stranieri.jpeg","contentUrl":"https:\/\/www.italiafideiussioni.it\/wp-content\/uploads\/2018\/11\/fideiussioni-stranieri.jpeg","width":1000,"height":667},{"@type":"BreadcrumbList","@id":"https:\/\/www.italiafideiussioni.it\/es\/fianza-bancaria-y-polizas-para-extranjeros\/fianza-bancaria-visa-turistica-2024\/#breadcrumb","itemListElement":[{"@type":"ListItem","position":1,"name":"Home","item":"https:\/\/www.italiafideiussioni.it\/es\/home-page-2013\/"},{"@type":"ListItem","position":2,"name":"Fianza Bancaria y P\u00f3lizas para Extranjeros","item":"https:\/\/www.italiafideiussioni.it\/es\/fianza-bancaria-y-polizas-para-extranjeros\/"},{"@type":"ListItem","position":3,"name":"Fianza Bancaria para visa tur\u00edstica 2024"}]},{"@type":"WebSite","@id":"https:\/\/www.italiafideiussioni.it\/es\/#website","url":"https:\/\/www.italiafideiussioni.it\/es\/","name":"Italia Fideiussioni","description":"","publisher":{"@id":"https:\/\/www.italiafideiussioni.it\/es\/#organization"},"potentialAction":[{"@type":"SearchAction","target":{"@type":"EntryPoint","urlTemplate":"https:\/\/www.italiafideiussioni.it\/es\/?s={search_term_string}"},"query-input":{"@type":"PropertyValueSpecification","valueRequired":true,"valueName":"search_term_string"}}],"inLanguage":"es"},{"@type":"Organization","@id":"https:\/\/www.italiafideiussioni.it\/es\/#organization","name":"Fideiussioni s.r.l.","url":"https:\/\/www.italiafideiussioni.it\/es\/","logo":{"@type":"ImageObject","inLanguage":"es","@id":"https:\/\/www.italiafideiussioni.it\/es\/#\/schema\/logo\/image\/","url":"https:\/\/www.italiafideiussioni.it\/wp-content\/uploads\/2018\/10\/italiafideiussioni-logo-white.png","contentUrl":"https:\/\/www.italiafideiussioni.it\/wp-content\/uploads\/2018\/10\/italiafideiussioni-logo-white.png","width":516,"height":97,"caption":"Fideiussioni s.r.l."},"image":{"@id":"https:\/\/www.italiafideiussioni.it\/es\/#\/schema\/logo\/image\/"},"sameAs":["https:\/\/www.facebook.com\/italiafideiussioni\/","https:\/\/x.com\/itafideiussioni","https:\/\/www.linkedin.com\/company\/italiafideiussioni-srl\/about\/","https:\/\/www.youtube.com\/channel\/UC-OhbmM_pkAEKLqJ6nQbpjw"]}]}},"_links":{"self":[{"href":"https:\/\/www.italiafideiussioni.it\/es\/wp-json\/wp\/v2\/pages\/9366","targetHints":{"allow":["GET"]}}],"collection":[{"href":"https:\/\/www.italiafideiussioni.it\/es\/wp-json\/wp\/v2\/pages"}],"about":[{"href":"https:\/\/www.italiafideiussioni.it\/es\/wp-json\/wp\/v2\/types\/page"}],"author":[{"embeddable":true,"href":"https:\/\/www.italiafideiussioni.it\/es\/wp-json\/wp\/v2\/users\/2"}],"replies":[{"embeddable":true,"href":"https:\/\/www.italiafideiussioni.it\/es\/wp-json\/wp\/v2\/comments?post=9366"}],"version-history":[{"count":3,"href":"https:\/\/www.italiafideiussioni.it\/es\/wp-json\/wp\/v2\/pages\/9366\/revisions"}],"predecessor-version":[{"id":9375,"href":"https:\/\/www.italiafideiussioni.it\/es\/wp-json\/wp\/v2\/pages\/9366\/revisions\/9375"}],"up":[{"embeddable":true,"href":"https:\/\/www.italiafideiussioni.it\/es\/wp-json\/wp\/v2\/pages\/9426"}],"wp:featuredmedia":[{"embeddable":true,"href":"https:\/\/www.italiafideiussioni.it\/es\/wp-json\/wp\/v2\/media\/9367"}],"wp:attachment":[{"href":"https:\/\/www.italiafideiussioni.it\/es\/wp-json\/wp\/v2\/media?parent=9366"}],"curies":[{"name":"wp","href":"https:\/\/api.w.org\/{rel}","templated":true}]}}