{"id":9327,"date":"2018-10-10T09:43:26","date_gmt":"2018-10-10T09:43:26","guid":{"rendered":"https:\/\/www.italiafideiussioni.it\/nuestras-fianzas-para-empresas-y-profesionales\/agencias-y-profesionales\/fianza-para-la-apertura-de-una-agencia-de-viajes\/"},"modified":"2018-10-10T09:43:26","modified_gmt":"2018-10-10T09:43:26","slug":"fianza-para-la-apertura-de-una-agencia-de-viajes","status":"publish","type":"page","link":"https:\/\/www.italiafideiussioni.it\/es\/nuestras-fianzas-para-empresas-y-profesionales\/agencias-y-profesionales\/fianza-para-la-apertura-de-una-agencia-de-viajes\/","title":{"rendered":"Fianza para la apertura de una agencia de viajes"},"content":{"rendered":"<p>Todas las empresas que deseen ejercer la actividad de agencia de viajes y turismo deben presentar una fianza emitida por una compa\u00f1\u00eda de seguros autorizada para emitir cauciones en Italia, con el fin de obtener la autorizaci\u00f3n necesaria.<\/p>\n<p>El beneficiario de la fianza es la Provincia, y la duraci\u00f3n de la misma debe corresponder al per\u00edodo durante el cual la empresa ejerce esta actividad. En el caso de la cauci\u00f3n aseguradora, esta debe renovarse cada a\u00f1o.<\/p>\n<p>La fianza se solicita para garantizar posibles da\u00f1os causados durante el ejercicio de la actividad. Adem\u00e1s, tras la entrada en vigor de la nueva normativa de protecci\u00f3n del consumidor, la garant\u00eda tambi\u00e9n cubre los casos de insolvencia o quiebra de la agencia.<\/p>\n<p>La fianza se emite en aproximadamente 72 horas y aplicamos los mejores precios del mercado.<\/p>\n","protected":false},"excerpt":{"rendered":"<p>Todas las empresas que deseen ejercer la actividad de agencia de viajes y turismo deben presentar una fianza emitida por una compa\u00f1\u00eda de seguros autorizada para emitir cauciones en Italia, con el fin de obtener la autorizaci\u00f3n necesaria. El beneficiario de la fianza es la Provincia, y la duraci\u00f3n de la misma debe corresponder al [&hellip;]<\/p>\n","protected":false},"author":2,"featured_media":9328,"parent":9142,"menu_order":1,"comment_status":"closed","ping_status":"closed","template":"","meta":{"_acf_changed":false,"_yoast_wpseo_focuskw":"","_yoast_wpseo_title":"Fianza para la apertura de agencia de viajes | Italia Fideiussioni","_yoast_wpseo_metadesc":"Para la apertura de una agencia de viajes, proporcionamos la fianza necesaria en poco tiempo y con un presupuesto en 2 horas. Operamos en todo el territorio nacional.","_yoast_wpseo_meta-robots-noindex":"","_yoast_wpseo_meta-robots-nofollow":"","_yoast_wpseo_canonical":"","_yoast_wpseo_opengraph-title":"","_yoast_wpseo_opengraph-description":"","_yoast_wpseo_opengraph-image":"","_yoast_wpseo_opengraph-image-id":"","_yoast_wpseo_twitter-title":"","_yoast_wpseo_twitter-description":"","_yoast_wpseo_twitter-image":"","footnotes":""},"class_list":["post-9327","page","type-page","status-publish","has-post-thumbnail","hentry"],"acf":{"blocco_testimonianze":"2"},"yoast_head":"<!-- This site is optimized with the Yoast SEO plugin v27.5 - https:\/\/yoast.com\/product\/yoast-seo-wordpress\/ -->\n<title>Fianza para la apertura de agencia de viajes | Italia Fideiussioni<\/title>\n<meta name=\"description\" content=\"Para la apertura de una agencia de viajes, proporcionamos la fianza necesaria en poco tiempo y con un presupuesto en 2 horas. Operamos en todo el territorio nacional.\" \/>\n<meta name=\"robots\" content=\"index, follow, max-snippet:-1, max-image-preview:large, max-video-preview:-1\" \/>\n<link rel=\"canonical\" href=\"https:\/\/www.italiafideiussioni.it\/es\/nuestras-fianzas-para-empresas-y-profesionales\/agencias-y-profesionales\/fianza-para-la-apertura-de-una-agencia-de-viajes\/\" \/>\n<meta property=\"og:locale\" content=\"es_ES\" \/>\n<meta property=\"og:type\" content=\"article\" \/>\n<meta property=\"og:title\" content=\"Fianza para la apertura de agencia de viajes | Italia Fideiussioni\" \/>\n<meta property=\"og:description\" content=\"Para la apertura de una agencia de viajes, proporcionamos la fianza necesaria en poco tiempo y con un presupuesto en 2 horas. Operamos en todo el territorio nacional.\" \/>\n<meta property=\"og:url\" content=\"https:\/\/www.italiafideiussioni.it\/es\/nuestras-fianzas-para-empresas-y-profesionales\/agencias-y-profesionales\/fianza-para-la-apertura-de-una-agencia-de-viajes\/\" \/>\n<meta property=\"og:site_name\" content=\"Italia Fideiussioni\" \/>\n<meta property=\"article:publisher\" content=\"https:\/\/www.facebook.com\/italiafideiussioni\/\" \/>\n<meta property=\"og:image\" content=\"https:\/\/www.italiafideiussioni.it\/wp-content\/uploads\/2018\/11\/old-1130731_1920-e1550487110694.jpg\" \/>\n\t<meta property=\"og:image:width\" content=\"1905\" \/>\n\t<meta property=\"og:image:height\" content=\"1209\" \/>\n\t<meta property=\"og:image:type\" content=\"image\/jpeg\" \/>\n<meta name=\"twitter:card\" content=\"summary_large_image\" \/>\n<meta name=\"twitter:site\" content=\"@itafideiussioni\" \/>\n<meta name=\"twitter:label1\" content=\"Tiempo de lectura\" \/>\n\t<meta name=\"twitter:data1\" content=\"1 minuto\" \/>\n<script type=\"application\/ld+json\" class=\"yoast-schema-graph\">{\"@context\":\"https:\\\/\\\/schema.org\",\"@graph\":[{\"@type\":\"WebPage\",\"@id\":\"https:\\\/\\\/www.italiafideiussioni.it\\\/es\\\/nuestras-fianzas-para-empresas-y-profesionales\\\/agencias-y-profesionales\\\/fianza-para-la-apertura-de-una-agencia-de-viajes\\\/\",\"url\":\"https:\\\/\\\/www.italiafideiussioni.it\\\/es\\\/nuestras-fianzas-para-empresas-y-profesionales\\\/agencias-y-profesionales\\\/fianza-para-la-apertura-de-una-agencia-de-viajes\\\/\",\"name\":\"Fianza para la apertura de agencia de viajes | Italia Fideiussioni\",\"isPartOf\":{\"@id\":\"https:\\\/\\\/www.italiafideiussioni.it\\\/es\\\/#website\"},\"primaryImageOfPage\":{\"@id\":\"https:\\\/\\\/www.italiafideiussioni.it\\\/es\\\/nuestras-fianzas-para-empresas-y-profesionales\\\/agencias-y-profesionales\\\/fianza-para-la-apertura-de-una-agencia-de-viajes\\\/#primaryimage\"},\"image\":{\"@id\":\"https:\\\/\\\/www.italiafideiussioni.it\\\/es\\\/nuestras-fianzas-para-empresas-y-profesionales\\\/agencias-y-profesionales\\\/fianza-para-la-apertura-de-una-agencia-de-viajes\\\/#primaryimage\"},\"thumbnailUrl\":\"https:\\\/\\\/www.italiafideiussioni.it\\\/wp-content\\\/uploads\\\/2018\\\/11\\\/old-1130731_1920-e1550487110694.jpg\",\"datePublished\":\"2018-10-10T09:43:26+00:00\",\"description\":\"Para la apertura de una agencia de viajes, proporcionamos la fianza necesaria en poco tiempo y con un presupuesto en 2 horas. Operamos en todo el territorio nacional.\",\"breadcrumb\":{\"@id\":\"https:\\\/\\\/www.italiafideiussioni.it\\\/es\\\/nuestras-fianzas-para-empresas-y-profesionales\\\/agencias-y-profesionales\\\/fianza-para-la-apertura-de-una-agencia-de-viajes\\\/#breadcrumb\"},\"inLanguage\":\"es\",\"potentialAction\":[{\"@type\":\"ReadAction\",\"target\":[\"https:\\\/\\\/www.italiafideiussioni.it\\\/es\\\/nuestras-fianzas-para-empresas-y-profesionales\\\/agencias-y-profesionales\\\/fianza-para-la-apertura-de-una-agencia-de-viajes\\\/\"]}]},{\"@type\":\"ImageObject\",\"inLanguage\":\"es\",\"@id\":\"https:\\\/\\\/www.italiafideiussioni.it\\\/es\\\/nuestras-fianzas-para-empresas-y-profesionales\\\/agencias-y-profesionales\\\/fianza-para-la-apertura-de-una-agencia-de-viajes\\\/#primaryimage\",\"url\":\"https:\\\/\\\/www.italiafideiussioni.it\\\/wp-content\\\/uploads\\\/2018\\\/11\\\/old-1130731_1920-e1550487110694.jpg\",\"contentUrl\":\"https:\\\/\\\/www.italiafideiussioni.it\\\/wp-content\\\/uploads\\\/2018\\\/11\\\/old-1130731_1920-e1550487110694.jpg\",\"width\":1905,\"height\":1209},{\"@type\":\"BreadcrumbList\",\"@id\":\"https:\\\/\\\/www.italiafideiussioni.it\\\/es\\\/nuestras-fianzas-para-empresas-y-profesionales\\\/agencias-y-profesionales\\\/fianza-para-la-apertura-de-una-agencia-de-viajes\\\/#breadcrumb\",\"itemListElement\":[{\"@type\":\"ListItem\",\"position\":1,\"name\":\"Home\",\"item\":\"https:\\\/\\\/www.italiafideiussioni.it\\\/es\\\/home-page-2013\\\/\"},{\"@type\":\"ListItem\",\"position\":2,\"name\":\"Nuestras Fianzas para Empresas y Profesionales\",\"item\":\"https:\\\/\\\/www.italiafideiussioni.it\\\/es\\\/nuestras-fianzas-para-empresas-y-profesionales\\\/\"},{\"@type\":\"ListItem\",\"position\":3,\"name\":\"Agencias y Profesionales\",\"item\":\"https:\\\/\\\/www.italiafideiussioni.it\\\/es\\\/nuestras-fianzas-para-empresas-y-profesionales\\\/agencias-y-profesionales\\\/\"},{\"@type\":\"ListItem\",\"position\":4,\"name\":\"Fianza para la apertura de una agencia de viajes\"}]},{\"@type\":\"WebSite\",\"@id\":\"https:\\\/\\\/www.italiafideiussioni.it\\\/es\\\/#website\",\"url\":\"https:\\\/\\\/www.italiafideiussioni.it\\\/es\\\/\",\"name\":\"Italia Fideiussioni\",\"description\":\"\",\"publisher\":{\"@id\":\"https:\\\/\\\/www.italiafideiussioni.it\\\/es\\\/#organization\"},\"potentialAction\":[{\"@type\":\"SearchAction\",\"target\":{\"@type\":\"EntryPoint\",\"urlTemplate\":\"https:\\\/\\\/www.italiafideiussioni.it\\\/es\\\/?s={search_term_string}\"},\"query-input\":{\"@type\":\"PropertyValueSpecification\",\"valueRequired\":true,\"valueName\":\"search_term_string\"}}],\"inLanguage\":\"es\"},{\"@type\":\"Organization\",\"@id\":\"https:\\\/\\\/www.italiafideiussioni.it\\\/es\\\/#organization\",\"name\":\"Fideiussioni s.r.l.\",\"url\":\"https:\\\/\\\/www.italiafideiussioni.it\\\/es\\\/\",\"logo\":{\"@type\":\"ImageObject\",\"inLanguage\":\"es\",\"@id\":\"https:\\\/\\\/www.italiafideiussioni.it\\\/es\\\/#\\\/schema\\\/logo\\\/image\\\/\",\"url\":\"https:\\\/\\\/www.italiafideiussioni.it\\\/wp-content\\\/uploads\\\/2018\\\/10\\\/italiafideiussioni-logo-white.png\",\"contentUrl\":\"https:\\\/\\\/www.italiafideiussioni.it\\\/wp-content\\\/uploads\\\/2018\\\/10\\\/italiafideiussioni-logo-white.png\",\"width\":516,\"height\":97,\"caption\":\"Fideiussioni s.r.l.\"},\"image\":{\"@id\":\"https:\\\/\\\/www.italiafideiussioni.it\\\/es\\\/#\\\/schema\\\/logo\\\/image\\\/\"},\"sameAs\":[\"https:\\\/\\\/www.facebook.com\\\/italiafideiussioni\\\/\",\"https:\\\/\\\/x.com\\\/itafideiussioni\",\"https:\\\/\\\/www.linkedin.com\\\/company\\\/italiafideiussioni-srl\\\/about\\\/\",\"https:\\\/\\\/www.youtube.com\\\/channel\\\/UC-OhbmM_pkAEKLqJ6nQbpjw\"]}]}<\/script>\n<!-- \/ Yoast SEO plugin. -->","yoast_head_json":{"title":"Fianza para la apertura de agencia de viajes | Italia Fideiussioni","description":"Para la apertura de una agencia de viajes, proporcionamos la fianza necesaria en poco tiempo y con un presupuesto en 2 horas. Operamos en todo el territorio nacional.","robots":{"index":"index","follow":"follow","max-snippet":"max-snippet:-1","max-image-preview":"max-image-preview:large","max-video-preview":"max-video-preview:-1"},"canonical":"https:\/\/www.italiafideiussioni.it\/es\/nuestras-fianzas-para-empresas-y-profesionales\/agencias-y-profesionales\/fianza-para-la-apertura-de-una-agencia-de-viajes\/","og_locale":"es_ES","og_type":"article","og_title":"Fianza para la apertura de agencia de viajes | Italia Fideiussioni","og_description":"Para la apertura de una agencia de viajes, proporcionamos la fianza necesaria en poco tiempo y con un presupuesto en 2 horas. Operamos en todo el territorio nacional.","og_url":"https:\/\/www.italiafideiussioni.it\/es\/nuestras-fianzas-para-empresas-y-profesionales\/agencias-y-profesionales\/fianza-para-la-apertura-de-una-agencia-de-viajes\/","og_site_name":"Italia Fideiussioni","article_publisher":"https:\/\/www.facebook.com\/italiafideiussioni\/","og_image":[{"width":1905,"height":1209,"url":"https:\/\/www.italiafideiussioni.it\/wp-content\/uploads\/2018\/11\/old-1130731_1920-e1550487110694.jpg","type":"image\/jpeg"}],"twitter_card":"summary_large_image","twitter_site":"@itafideiussioni","twitter_misc":{"Tiempo de lectura":"1 minuto"},"schema":{"@context":"https:\/\/schema.org","@graph":[{"@type":"WebPage","@id":"https:\/\/www.italiafideiussioni.it\/es\/nuestras-fianzas-para-empresas-y-profesionales\/agencias-y-profesionales\/fianza-para-la-apertura-de-una-agencia-de-viajes\/","url":"https:\/\/www.italiafideiussioni.it\/es\/nuestras-fianzas-para-empresas-y-profesionales\/agencias-y-profesionales\/fianza-para-la-apertura-de-una-agencia-de-viajes\/","name":"Fianza para la apertura de agencia de viajes | Italia Fideiussioni","isPartOf":{"@id":"https:\/\/www.italiafideiussioni.it\/es\/#website"},"primaryImageOfPage":{"@id":"https:\/\/www.italiafideiussioni.it\/es\/nuestras-fianzas-para-empresas-y-profesionales\/agencias-y-profesionales\/fianza-para-la-apertura-de-una-agencia-de-viajes\/#primaryimage"},"image":{"@id":"https:\/\/www.italiafideiussioni.it\/es\/nuestras-fianzas-para-empresas-y-profesionales\/agencias-y-profesionales\/fianza-para-la-apertura-de-una-agencia-de-viajes\/#primaryimage"},"thumbnailUrl":"https:\/\/www.italiafideiussioni.it\/wp-content\/uploads\/2018\/11\/old-1130731_1920-e1550487110694.jpg","datePublished":"2018-10-10T09:43:26+00:00","description":"Para la apertura de una agencia de viajes, proporcionamos la fianza necesaria en poco tiempo y con un presupuesto en 2 horas. Operamos en todo el territorio nacional.","breadcrumb":{"@id":"https:\/\/www.italiafideiussioni.it\/es\/nuestras-fianzas-para-empresas-y-profesionales\/agencias-y-profesionales\/fianza-para-la-apertura-de-una-agencia-de-viajes\/#breadcrumb"},"inLanguage":"es","potentialAction":[{"@type":"ReadAction","target":["https:\/\/www.italiafideiussioni.it\/es\/nuestras-fianzas-para-empresas-y-profesionales\/agencias-y-profesionales\/fianza-para-la-apertura-de-una-agencia-de-viajes\/"]}]},{"@type":"ImageObject","inLanguage":"es","@id":"https:\/\/www.italiafideiussioni.it\/es\/nuestras-fianzas-para-empresas-y-profesionales\/agencias-y-profesionales\/fianza-para-la-apertura-de-una-agencia-de-viajes\/#primaryimage","url":"https:\/\/www.italiafideiussioni.it\/wp-content\/uploads\/2018\/11\/old-1130731_1920-e1550487110694.jpg","contentUrl":"https:\/\/www.italiafideiussioni.it\/wp-content\/uploads\/2018\/11\/old-1130731_1920-e1550487110694.jpg","width":1905,"height":1209},{"@type":"BreadcrumbList","@id":"https:\/\/www.italiafideiussioni.it\/es\/nuestras-fianzas-para-empresas-y-profesionales\/agencias-y-profesionales\/fianza-para-la-apertura-de-una-agencia-de-viajes\/#breadcrumb","itemListElement":[{"@type":"ListItem","position":1,"name":"Home","item":"https:\/\/www.italiafideiussioni.it\/es\/home-page-2013\/"},{"@type":"ListItem","position":2,"name":"Nuestras Fianzas para Empresas y Profesionales","item":"https:\/\/www.italiafideiussioni.it\/es\/nuestras-fianzas-para-empresas-y-profesionales\/"},{"@type":"ListItem","position":3,"name":"Agencias y Profesionales","item":"https:\/\/www.italiafideiussioni.it\/es\/nuestras-fianzas-para-empresas-y-profesionales\/agencias-y-profesionales\/"},{"@type":"ListItem","position":4,"name":"Fianza para la apertura de una agencia de viajes"}]},{"@type":"WebSite","@id":"https:\/\/www.italiafideiussioni.it\/es\/#website","url":"https:\/\/www.italiafideiussioni.it\/es\/","name":"Italia Fideiussioni","description":"","publisher":{"@id":"https:\/\/www.italiafideiussioni.it\/es\/#organization"},"potentialAction":[{"@type":"SearchAction","target":{"@type":"EntryPoint","urlTemplate":"https:\/\/www.italiafideiussioni.it\/es\/?s={search_term_string}"},"query-input":{"@type":"PropertyValueSpecification","valueRequired":true,"valueName":"search_term_string"}}],"inLanguage":"es"},{"@type":"Organization","@id":"https:\/\/www.italiafideiussioni.it\/es\/#organization","name":"Fideiussioni s.r.l.","url":"https:\/\/www.italiafideiussioni.it\/es\/","logo":{"@type":"ImageObject","inLanguage":"es","@id":"https:\/\/www.italiafideiussioni.it\/es\/#\/schema\/logo\/image\/","url":"https:\/\/www.italiafideiussioni.it\/wp-content\/uploads\/2018\/10\/italiafideiussioni-logo-white.png","contentUrl":"https:\/\/www.italiafideiussioni.it\/wp-content\/uploads\/2018\/10\/italiafideiussioni-logo-white.png","width":516,"height":97,"caption":"Fideiussioni s.r.l."},"image":{"@id":"https:\/\/www.italiafideiussioni.it\/es\/#\/schema\/logo\/image\/"},"sameAs":["https:\/\/www.facebook.com\/italiafideiussioni\/","https:\/\/x.com\/itafideiussioni","https:\/\/www.linkedin.com\/company\/italiafideiussioni-srl\/about\/","https:\/\/www.youtube.com\/channel\/UC-OhbmM_pkAEKLqJ6nQbpjw"]}]}},"_links":{"self":[{"href":"https:\/\/www.italiafideiussioni.it\/es\/wp-json\/wp\/v2\/pages\/9327","targetHints":{"allow":["GET"]}}],"collection":[{"href":"https:\/\/www.italiafideiussioni.it\/es\/wp-json\/wp\/v2\/pages"}],"about":[{"href":"https:\/\/www.italiafideiussioni.it\/es\/wp-json\/wp\/v2\/types\/page"}],"author":[{"embeddable":true,"href":"https:\/\/www.italiafideiussioni.it\/es\/wp-json\/wp\/v2\/users\/2"}],"replies":[{"embeddable":true,"href":"https:\/\/www.italiafideiussioni.it\/es\/wp-json\/wp\/v2\/comments?post=9327"}],"version-history":[{"count":0,"href":"https:\/\/www.italiafideiussioni.it\/es\/wp-json\/wp\/v2\/pages\/9327\/revisions"}],"up":[{"embeddable":true,"href":"https:\/\/www.italiafideiussioni.it\/es\/wp-json\/wp\/v2\/pages\/9142"}],"wp:featuredmedia":[{"embeddable":true,"href":"https:\/\/www.italiafideiussioni.it\/es\/wp-json\/wp\/v2\/media\/9328"}],"wp:attachment":[{"href":"https:\/\/www.italiafideiussioni.it\/es\/wp-json\/wp\/v2\/media?parent=9327"}],"curies":[{"name":"wp","href":"https:\/\/api.w.org\/{rel}","templated":true}]}}