{"id":9319,"date":"2022-05-09T08:12:28","date_gmt":"2022-05-09T08:12:28","guid":{"rendered":"https:\/\/www.italiafideiussioni.it\/fianza-aseguradora-para-licitaciones-publicas\/come-ottenere-la-lettera-di-referenze-bancarie-per-albo-soa-e-appalti-pubblici\/"},"modified":"2025-01-03T09:13:00","modified_gmt":"2025-01-03T09:13:00","slug":"como-obtener-carta-referencia-bancaria-para-registro-soa-contratos-publicos","status":"publish","type":"page","link":"https:\/\/www.italiafideiussioni.it\/es\/fianza-aseguradora-para-licitaciones-publicas\/como-obtener-carta-referencia-bancaria-para-registro-soa-contratos-publicos\/","title":{"rendered":"C\u00f3mo Obtener la Carta de Referencia Bancaria para Registro SOA y Contratos P\u00fablicos"},"content":{"rendered":"<h3><strong>\u00bfQu\u00e9 es una Referencia Bancaria para el Registro SOA?<\/strong><\/h3>\n<p>Seg\u00fan el <strong>DPR 207\/2010, art. 79, p\u00e1rrafo 2, letra A<\/strong>, la referencia bancaria es un requisito indispensable para obtener el Certificado SOA, tambi\u00e9n conocido como <strong>requisito especial para la calificaci\u00f3n<\/strong>.<\/p>\n<div class=\"flex max-w-full flex-col flex-grow\">\n<div class=\"min-h-8 text-message flex w-full flex-col items-end gap-2 whitespace-normal break-words text-start [.text-message+&amp;]:mt-5\" dir=\"auto\" data-message-author-role=\"assistant\" data-message-id=\"2ea69b78-5f1f-4f55-96c3-909736be1be4\" data-message-model-slug=\"gpt-4o\">\n<div class=\"flex w-full flex-col gap-1 empty:hidden first:pt-[3px]\">\n<div class=\"markdown prose w-full break-words dark:prose-invert light\">\n<h3><strong>\u00bfEn cu\u00e1nto tiempo se emiten las Referencias Bancarias?<\/strong><\/h3>\n<p>La carta de Referencia Bancaria se emite en un <strong>m\u00ednimo de 48 horas<\/strong> desde que recibimos toda la documentaci\u00f3n necesaria para la evaluaci\u00f3n y aprobaci\u00f3n.<\/p>\n<h3><strong>\u00bfC\u00f3mo se entregan las Referencias Bancarias?<\/strong><\/h3>\n<p>La carta de Referencia Bancaria se entrega con <strong>firma digital certificada<\/strong> por correo electr\u00f3nico e incluye todos los datos de la empresa que solicita la referencia bancaria.<\/p>\n<h3><strong>\u00bfNecesitas la Referencia Bancaria?<\/strong><\/h3>\n<p>Cont\u00e1ctanos directamente en l\u00ednea para recibir una respuesta en tiempo real, o llama a una de nuestras sucursales m\u00e1s cercanas:<\/p>\n<p>Tel. +39 055 49.32.199 \u2013 Tel. +39 02 667.124.17<br \/>\nEscribe un correo a: <strong><a rel=\"noopener\">info@italiafideiussioni.it<\/a><\/strong><\/p>\n<p>Tambi\u00e9n puedes contactarnos v\u00eda <strong>WhatsApp<\/strong>: +39 366.209.70.30. Manda un mensaje y te responderemos durante el horario laboral en un m\u00e1ximo de 5 minutos.<\/p>\n<h3><strong>\u00bfPor qu\u00e9 son importantes las Referencias Bancarias para el Registro SOA?<\/strong><\/h3>\n<p>El <strong>SOA<\/strong> es un certificado especial que certifica que las empresas constructoras son lo suficientemente grandes y confiables para ejecutar proyectos como escuelas, carreteras u hospitales. Este certificado confirma no solo la habilidad de la empresa para construir, sino tambi\u00e9n su solvencia econ\u00f3mica para manejar grandes proyectos.<\/p>\n<p>Las referencias bancarias son cruciales porque demuestran que una empresa es s\u00f3lida y capaz de gestionar financieramente estos proyectos, facilitando la obtenci\u00f3n del SOA.<\/p>\n<h3><strong>\u00bfY en los contratos privados?<\/strong><\/h3>\n<p>Las referencias bancarias tambi\u00e9n son esenciales en el \u00e1mbito privado. Por ejemplo, si una empresa desea construir un centro comercial, buscar\u00e1 asociarse con una constructora que haya demostrado su fiabilidad econ\u00f3mica.<\/p>\n<h3><strong>\u00bfC\u00f3mo acelerar el proceso de emisi\u00f3n de la referencia bancaria?<\/strong><\/h3>\n<ol>\n<li><strong>Preparar toda la documentaci\u00f3n requerida<\/strong>:\n<ul>\n<li>Estados financieros de los \u00faltimos dos a\u00f1os.<\/li>\n<li>Declaraciones fiscales recientes.<\/li>\n<li>Certificado de registro actualizado.<\/li>\n<\/ul>\n<\/li>\n<li><strong>Contactar directamente al banco<\/strong>:\n<ul>\n<li>Usar canales r\u00e1pidos como correo electr\u00f3nico o tel\u00e9fono.<\/li>\n<\/ul>\n<\/li>\n<li><strong>Servicios especializados<\/strong>:\n<ul>\n<li>Considerar empresas que gestionen este proceso directamente con los bancos.<\/li>\n<\/ul>\n<\/li>\n<li><strong>Solicitar prioridad<\/strong>:\n<ul>\n<li>Indicar la urgencia al banco para un servicio prioritario.<\/li>\n<\/ul>\n<\/li>\n<li><strong>Uso de firma digital<\/strong>:\n<ul>\n<li>Solicitar la entrega de la referencia con firma digital certificada por correo electr\u00f3nico.<\/li>\n<\/ul>\n<\/li>\n<\/ol>\n<h3><strong>Criterios de evaluaci\u00f3n de las referencias bancarias<\/strong><\/h3>\n<p>Las referencias deben certificar:<\/p>\n<ul>\n<li><strong>Solvencia econ\u00f3mica-financiera<\/strong>.<\/li>\n<li><strong>Disponibilidad de l\u00edneas de cr\u00e9dito<\/strong>.<\/li>\n<li><strong>Puntualidad en los compromisos financieros<\/strong>.<\/li>\n<li><strong>Ausencia de situaciones cr\u00edticas o impagos<\/strong>.<\/li>\n<li><strong>Relaci\u00f3n estable con la instituci\u00f3n bancaria<\/strong>.<\/li>\n<\/ul>\n<h3><strong>Coste de la carta de Referencia Bancaria<\/strong><\/h3>\n<ul>\n<li><strong>Primer tr\u00e1mite<\/strong>: 250,00 euros.<\/li>\n<li><strong>Renovaci\u00f3n<\/strong>: 100,00 euros.<\/li>\n<\/ul>\n<h3><strong>\u00bfPor qu\u00e9 elegirnos?<\/strong><\/h3>\n<ol>\n<li><strong>Velocidad<\/strong>: Emisi\u00f3n en 48 horas.<\/li>\n<li><strong>Asistencia completa<\/strong>: Por tel\u00e9fono, correo, y WhatsApp.<\/li>\n<li><strong>Privacidad garantizada<\/strong>: Protecci\u00f3n de datos personales.<\/li>\n<li><strong>Profesionalidad comprobada<\/strong>: Opiniones positivas de cientos de clientes.<\/li>\n<\/ol>\n<\/div>\n<\/div>\n<\/div>\n<\/div>\n<div class=\"mb-2 flex gap-3 empty:hidden -ml-2\">\n<div class=\"items-center justify-start rounded-xl p-1 flex\">\n<div class=\"flex items-center\"><\/div>\n<\/div>\n<\/div>\n<h3><\/h3>\n","protected":false},"excerpt":{"rendered":"<p>\u00bfQu\u00e9 es una Referencia Bancaria para el Registro SOA? Seg\u00fan el DPR 207\/2010, art. 79, p\u00e1rrafo 2, letra A, la referencia bancaria es un requisito indispensable para obtener el Certificado SOA, tambi\u00e9n conocido como requisito especial para la calificaci\u00f3n. \u00bfEn cu\u00e1nto tiempo se emiten las Referencias Bancarias? La carta de Referencia Bancaria se emite en [&hellip;]<\/p>\n","protected":false},"author":3,"featured_media":9320,"parent":9054,"menu_order":7,"comment_status":"closed","ping_status":"closed","template":"","meta":{"_acf_changed":false,"_yoast_wpseo_focuskw":"","_yoast_wpseo_title":"\u00bfEst\u00e1s buscando una referencia bancaria para el Registro SOA?","_yoast_wpseo_metadesc":"Nuestra empresa se especializa en proporcionar referencias bancarias para la inscripci\u00f3n o renovaci\u00f3n en el Registro SOA. Entrega garantizada en 48 horas tras recibir toda la documentaci\u00f3n.","_yoast_wpseo_meta-robots-noindex":"","_yoast_wpseo_meta-robots-nofollow":"","_yoast_wpseo_canonical":"","_yoast_wpseo_opengraph-title":"","_yoast_wpseo_opengraph-description":"","_yoast_wpseo_opengraph-image":"","_yoast_wpseo_opengraph-image-id":"","_yoast_wpseo_twitter-title":"","_yoast_wpseo_twitter-description":"","_yoast_wpseo_twitter-image":"","footnotes":""},"class_list":["post-9319","page","type-page","status-publish","has-post-thumbnail","hentry"],"acf":{"blocco_euro_testo":"","blocco_euro_titolo":"","blocco_info_testo":"","blocco_info_titolo":"","blocco_iniziale":"<p><strong>\u00bfEst\u00e1s buscando una referencia bancaria para el Registro SOA?<\/strong><br \/>\n<strong>\u00bfTu banco no te responde?<\/strong><br \/>\n<strong>\u00bfNecesitas urgentemente la carta de Referencia Bancaria?<\/strong><\/p>\n<p><strong>Nuestra empresa se especializa en proporcionar Referencias Bancarias para el registro o renovaci\u00f3n del Registro SOA.<\/strong><\/p>\n<h3><\/h3>\n","macroarea_servizi":"","blocco_testimonianze":"2","immagini_aggiuntive":false},"yoast_head":"<!-- This site is optimized with the Yoast SEO plugin v27.5 - https:\/\/yoast.com\/product\/yoast-seo-wordpress\/ -->\n<title>\u00bfEst\u00e1s buscando una referencia bancaria para el Registro SOA?<\/title>\n<meta name=\"description\" content=\"Nuestra empresa se especializa en proporcionar referencias bancarias para la inscripci\u00f3n o renovaci\u00f3n en el Registro SOA. Entrega garantizada en 48 horas tras recibir toda la documentaci\u00f3n.\" \/>\n<meta name=\"robots\" content=\"index, follow, max-snippet:-1, max-image-preview:large, max-video-preview:-1\" \/>\n<link rel=\"canonical\" href=\"https:\/\/www.italiafideiussioni.it\/es\/fianza-aseguradora-para-licitaciones-publicas\/como-obtener-carta-referencia-bancaria-para-registro-soa-contratos-publicos\/\" \/>\n<meta property=\"og:locale\" content=\"es_ES\" \/>\n<meta property=\"og:type\" content=\"article\" \/>\n<meta property=\"og:title\" content=\"\u00bfEst\u00e1s buscando una referencia bancaria para el Registro SOA?\" \/>\n<meta property=\"og:description\" content=\"Nuestra empresa se especializa en proporcionar referencias bancarias para la inscripci\u00f3n o renovaci\u00f3n en el Registro SOA. Entrega garantizada en 48 horas tras recibir toda la documentaci\u00f3n.\" \/>\n<meta property=\"og:url\" content=\"https:\/\/www.italiafideiussioni.it\/es\/fianza-aseguradora-para-licitaciones-publicas\/como-obtener-carta-referencia-bancaria-para-registro-soa-contratos-publicos\/\" \/>\n<meta property=\"og:site_name\" content=\"Italia Fideiussioni\" \/>\n<meta property=\"article:publisher\" content=\"https:\/\/www.facebook.com\/italiafideiussioni\/\" \/>\n<meta property=\"article:modified_time\" content=\"2025-01-03T09:13:00+00:00\" \/>\n<meta property=\"og:image\" content=\"https:\/\/www.italiafideiussioni.it\/wp-content\/uploads\/2022\/05\/lettera-referenze-bancarie-albo-soa.jpg\" \/>\n\t<meta property=\"og:image:width\" content=\"1000\" \/>\n\t<meta property=\"og:image:height\" content=\"667\" \/>\n\t<meta property=\"og:image:type\" content=\"image\/jpeg\" \/>\n<meta name=\"twitter:card\" content=\"summary_large_image\" \/>\n<meta name=\"twitter:site\" content=\"@itafideiussioni\" \/>\n<meta name=\"twitter:label1\" content=\"Tiempo de lectura\" \/>\n\t<meta name=\"twitter:data1\" content=\"3 minutos\" \/>\n<script type=\"application\/ld+json\" class=\"yoast-schema-graph\">{\"@context\":\"https:\\\/\\\/schema.org\",\"@graph\":[{\"@type\":\"WebPage\",\"@id\":\"https:\\\/\\\/www.italiafideiussioni.it\\\/es\\\/fianza-aseguradora-para-licitaciones-publicas\\\/como-obtener-carta-referencia-bancaria-para-registro-soa-contratos-publicos\\\/\",\"url\":\"https:\\\/\\\/www.italiafideiussioni.it\\\/es\\\/fianza-aseguradora-para-licitaciones-publicas\\\/como-obtener-carta-referencia-bancaria-para-registro-soa-contratos-publicos\\\/\",\"name\":\"\u00bfEst\u00e1s buscando una referencia bancaria para el Registro SOA?\",\"isPartOf\":{\"@id\":\"https:\\\/\\\/www.italiafideiussioni.it\\\/es\\\/#website\"},\"primaryImageOfPage\":{\"@id\":\"https:\\\/\\\/www.italiafideiussioni.it\\\/es\\\/fianza-aseguradora-para-licitaciones-publicas\\\/como-obtener-carta-referencia-bancaria-para-registro-soa-contratos-publicos\\\/#primaryimage\"},\"image\":{\"@id\":\"https:\\\/\\\/www.italiafideiussioni.it\\\/es\\\/fianza-aseguradora-para-licitaciones-publicas\\\/como-obtener-carta-referencia-bancaria-para-registro-soa-contratos-publicos\\\/#primaryimage\"},\"thumbnailUrl\":\"https:\\\/\\\/www.italiafideiussioni.it\\\/wp-content\\\/uploads\\\/2022\\\/05\\\/lettera-referenze-bancarie-albo-soa.jpg\",\"datePublished\":\"2022-05-09T08:12:28+00:00\",\"dateModified\":\"2025-01-03T09:13:00+00:00\",\"description\":\"Nuestra empresa se especializa en proporcionar referencias bancarias para la inscripci\u00f3n o renovaci\u00f3n en el Registro SOA. Entrega garantizada en 48 horas tras recibir toda la documentaci\u00f3n.\",\"breadcrumb\":{\"@id\":\"https:\\\/\\\/www.italiafideiussioni.it\\\/es\\\/fianza-aseguradora-para-licitaciones-publicas\\\/como-obtener-carta-referencia-bancaria-para-registro-soa-contratos-publicos\\\/#breadcrumb\"},\"inLanguage\":\"es\",\"potentialAction\":[{\"@type\":\"ReadAction\",\"target\":[\"https:\\\/\\\/www.italiafideiussioni.it\\\/es\\\/fianza-aseguradora-para-licitaciones-publicas\\\/como-obtener-carta-referencia-bancaria-para-registro-soa-contratos-publicos\\\/\"]}]},{\"@type\":\"ImageObject\",\"inLanguage\":\"es\",\"@id\":\"https:\\\/\\\/www.italiafideiussioni.it\\\/es\\\/fianza-aseguradora-para-licitaciones-publicas\\\/como-obtener-carta-referencia-bancaria-para-registro-soa-contratos-publicos\\\/#primaryimage\",\"url\":\"https:\\\/\\\/www.italiafideiussioni.it\\\/wp-content\\\/uploads\\\/2022\\\/05\\\/lettera-referenze-bancarie-albo-soa.jpg\",\"contentUrl\":\"https:\\\/\\\/www.italiafideiussioni.it\\\/wp-content\\\/uploads\\\/2022\\\/05\\\/lettera-referenze-bancarie-albo-soa.jpg\",\"width\":1000,\"height\":667},{\"@type\":\"BreadcrumbList\",\"@id\":\"https:\\\/\\\/www.italiafideiussioni.it\\\/es\\\/fianza-aseguradora-para-licitaciones-publicas\\\/como-obtener-carta-referencia-bancaria-para-registro-soa-contratos-publicos\\\/#breadcrumb\",\"itemListElement\":[{\"@type\":\"ListItem\",\"position\":1,\"name\":\"Home\",\"item\":\"https:\\\/\\\/www.italiafideiussioni.it\\\/es\\\/home-page-2013\\\/\"},{\"@type\":\"ListItem\",\"position\":2,\"name\":\"Fianza aseguradora para licitaciones p\u00fablicas\",\"item\":\"https:\\\/\\\/www.italiafideiussioni.it\\\/es\\\/fianza-aseguradora-para-licitaciones-publicas\\\/\"},{\"@type\":\"ListItem\",\"position\":3,\"name\":\"C\u00f3mo Obtener la Carta de Referencia Bancaria para Registro SOA y Contratos P\u00fablicos\"}]},{\"@type\":\"WebSite\",\"@id\":\"https:\\\/\\\/www.italiafideiussioni.it\\\/es\\\/#website\",\"url\":\"https:\\\/\\\/www.italiafideiussioni.it\\\/es\\\/\",\"name\":\"Italia Fideiussioni\",\"description\":\"\",\"publisher\":{\"@id\":\"https:\\\/\\\/www.italiafideiussioni.it\\\/es\\\/#organization\"},\"potentialAction\":[{\"@type\":\"SearchAction\",\"target\":{\"@type\":\"EntryPoint\",\"urlTemplate\":\"https:\\\/\\\/www.italiafideiussioni.it\\\/es\\\/?s={search_term_string}\"},\"query-input\":{\"@type\":\"PropertyValueSpecification\",\"valueRequired\":true,\"valueName\":\"search_term_string\"}}],\"inLanguage\":\"es\"},{\"@type\":\"Organization\",\"@id\":\"https:\\\/\\\/www.italiafideiussioni.it\\\/es\\\/#organization\",\"name\":\"Fideiussioni s.r.l.\",\"url\":\"https:\\\/\\\/www.italiafideiussioni.it\\\/es\\\/\",\"logo\":{\"@type\":\"ImageObject\",\"inLanguage\":\"es\",\"@id\":\"https:\\\/\\\/www.italiafideiussioni.it\\\/es\\\/#\\\/schema\\\/logo\\\/image\\\/\",\"url\":\"https:\\\/\\\/www.italiafideiussioni.it\\\/wp-content\\\/uploads\\\/2018\\\/10\\\/italiafideiussioni-logo-white.png\",\"contentUrl\":\"https:\\\/\\\/www.italiafideiussioni.it\\\/wp-content\\\/uploads\\\/2018\\\/10\\\/italiafideiussioni-logo-white.png\",\"width\":516,\"height\":97,\"caption\":\"Fideiussioni s.r.l.\"},\"image\":{\"@id\":\"https:\\\/\\\/www.italiafideiussioni.it\\\/es\\\/#\\\/schema\\\/logo\\\/image\\\/\"},\"sameAs\":[\"https:\\\/\\\/www.facebook.com\\\/italiafideiussioni\\\/\",\"https:\\\/\\\/x.com\\\/itafideiussioni\",\"https:\\\/\\\/www.linkedin.com\\\/company\\\/italiafideiussioni-srl\\\/about\\\/\",\"https:\\\/\\\/www.youtube.com\\\/channel\\\/UC-OhbmM_pkAEKLqJ6nQbpjw\"]}]}<\/script>\n<!-- \/ Yoast SEO plugin. -->","yoast_head_json":{"title":"\u00bfEst\u00e1s buscando una referencia bancaria para el Registro SOA?","description":"Nuestra empresa se especializa en proporcionar referencias bancarias para la inscripci\u00f3n o renovaci\u00f3n en el Registro SOA. Entrega garantizada en 48 horas tras recibir toda la documentaci\u00f3n.","robots":{"index":"index","follow":"follow","max-snippet":"max-snippet:-1","max-image-preview":"max-image-preview:large","max-video-preview":"max-video-preview:-1"},"canonical":"https:\/\/www.italiafideiussioni.it\/es\/fianza-aseguradora-para-licitaciones-publicas\/como-obtener-carta-referencia-bancaria-para-registro-soa-contratos-publicos\/","og_locale":"es_ES","og_type":"article","og_title":"\u00bfEst\u00e1s buscando una referencia bancaria para el Registro SOA?","og_description":"Nuestra empresa se especializa en proporcionar referencias bancarias para la inscripci\u00f3n o renovaci\u00f3n en el Registro SOA. Entrega garantizada en 48 horas tras recibir toda la documentaci\u00f3n.","og_url":"https:\/\/www.italiafideiussioni.it\/es\/fianza-aseguradora-para-licitaciones-publicas\/como-obtener-carta-referencia-bancaria-para-registro-soa-contratos-publicos\/","og_site_name":"Italia Fideiussioni","article_publisher":"https:\/\/www.facebook.com\/italiafideiussioni\/","article_modified_time":"2025-01-03T09:13:00+00:00","og_image":[{"width":1000,"height":667,"url":"https:\/\/www.italiafideiussioni.it\/wp-content\/uploads\/2022\/05\/lettera-referenze-bancarie-albo-soa.jpg","type":"image\/jpeg"}],"twitter_card":"summary_large_image","twitter_site":"@itafideiussioni","twitter_misc":{"Tiempo de lectura":"3 minutos"},"schema":{"@context":"https:\/\/schema.org","@graph":[{"@type":"WebPage","@id":"https:\/\/www.italiafideiussioni.it\/es\/fianza-aseguradora-para-licitaciones-publicas\/como-obtener-carta-referencia-bancaria-para-registro-soa-contratos-publicos\/","url":"https:\/\/www.italiafideiussioni.it\/es\/fianza-aseguradora-para-licitaciones-publicas\/como-obtener-carta-referencia-bancaria-para-registro-soa-contratos-publicos\/","name":"\u00bfEst\u00e1s buscando una referencia bancaria para el Registro SOA?","isPartOf":{"@id":"https:\/\/www.italiafideiussioni.it\/es\/#website"},"primaryImageOfPage":{"@id":"https:\/\/www.italiafideiussioni.it\/es\/fianza-aseguradora-para-licitaciones-publicas\/como-obtener-carta-referencia-bancaria-para-registro-soa-contratos-publicos\/#primaryimage"},"image":{"@id":"https:\/\/www.italiafideiussioni.it\/es\/fianza-aseguradora-para-licitaciones-publicas\/como-obtener-carta-referencia-bancaria-para-registro-soa-contratos-publicos\/#primaryimage"},"thumbnailUrl":"https:\/\/www.italiafideiussioni.it\/wp-content\/uploads\/2022\/05\/lettera-referenze-bancarie-albo-soa.jpg","datePublished":"2022-05-09T08:12:28+00:00","dateModified":"2025-01-03T09:13:00+00:00","description":"Nuestra empresa se especializa en proporcionar referencias bancarias para la inscripci\u00f3n o renovaci\u00f3n en el Registro SOA. Entrega garantizada en 48 horas tras recibir toda la documentaci\u00f3n.","breadcrumb":{"@id":"https:\/\/www.italiafideiussioni.it\/es\/fianza-aseguradora-para-licitaciones-publicas\/como-obtener-carta-referencia-bancaria-para-registro-soa-contratos-publicos\/#breadcrumb"},"inLanguage":"es","potentialAction":[{"@type":"ReadAction","target":["https:\/\/www.italiafideiussioni.it\/es\/fianza-aseguradora-para-licitaciones-publicas\/como-obtener-carta-referencia-bancaria-para-registro-soa-contratos-publicos\/"]}]},{"@type":"ImageObject","inLanguage":"es","@id":"https:\/\/www.italiafideiussioni.it\/es\/fianza-aseguradora-para-licitaciones-publicas\/como-obtener-carta-referencia-bancaria-para-registro-soa-contratos-publicos\/#primaryimage","url":"https:\/\/www.italiafideiussioni.it\/wp-content\/uploads\/2022\/05\/lettera-referenze-bancarie-albo-soa.jpg","contentUrl":"https:\/\/www.italiafideiussioni.it\/wp-content\/uploads\/2022\/05\/lettera-referenze-bancarie-albo-soa.jpg","width":1000,"height":667},{"@type":"BreadcrumbList","@id":"https:\/\/www.italiafideiussioni.it\/es\/fianza-aseguradora-para-licitaciones-publicas\/como-obtener-carta-referencia-bancaria-para-registro-soa-contratos-publicos\/#breadcrumb","itemListElement":[{"@type":"ListItem","position":1,"name":"Home","item":"https:\/\/www.italiafideiussioni.it\/es\/home-page-2013\/"},{"@type":"ListItem","position":2,"name":"Fianza aseguradora para licitaciones p\u00fablicas","item":"https:\/\/www.italiafideiussioni.it\/es\/fianza-aseguradora-para-licitaciones-publicas\/"},{"@type":"ListItem","position":3,"name":"C\u00f3mo Obtener la Carta de Referencia Bancaria para Registro SOA y Contratos P\u00fablicos"}]},{"@type":"WebSite","@id":"https:\/\/www.italiafideiussioni.it\/es\/#website","url":"https:\/\/www.italiafideiussioni.it\/es\/","name":"Italia Fideiussioni","description":"","publisher":{"@id":"https:\/\/www.italiafideiussioni.it\/es\/#organization"},"potentialAction":[{"@type":"SearchAction","target":{"@type":"EntryPoint","urlTemplate":"https:\/\/www.italiafideiussioni.it\/es\/?s={search_term_string}"},"query-input":{"@type":"PropertyValueSpecification","valueRequired":true,"valueName":"search_term_string"}}],"inLanguage":"es"},{"@type":"Organization","@id":"https:\/\/www.italiafideiussioni.it\/es\/#organization","name":"Fideiussioni s.r.l.","url":"https:\/\/www.italiafideiussioni.it\/es\/","logo":{"@type":"ImageObject","inLanguage":"es","@id":"https:\/\/www.italiafideiussioni.it\/es\/#\/schema\/logo\/image\/","url":"https:\/\/www.italiafideiussioni.it\/wp-content\/uploads\/2018\/10\/italiafideiussioni-logo-white.png","contentUrl":"https:\/\/www.italiafideiussioni.it\/wp-content\/uploads\/2018\/10\/italiafideiussioni-logo-white.png","width":516,"height":97,"caption":"Fideiussioni s.r.l."},"image":{"@id":"https:\/\/www.italiafideiussioni.it\/es\/#\/schema\/logo\/image\/"},"sameAs":["https:\/\/www.facebook.com\/italiafideiussioni\/","https:\/\/x.com\/itafideiussioni","https:\/\/www.linkedin.com\/company\/italiafideiussioni-srl\/about\/","https:\/\/www.youtube.com\/channel\/UC-OhbmM_pkAEKLqJ6nQbpjw"]}]}},"_links":{"self":[{"href":"https:\/\/www.italiafideiussioni.it\/es\/wp-json\/wp\/v2\/pages\/9319","targetHints":{"allow":["GET"]}}],"collection":[{"href":"https:\/\/www.italiafideiussioni.it\/es\/wp-json\/wp\/v2\/pages"}],"about":[{"href":"https:\/\/www.italiafideiussioni.it\/es\/wp-json\/wp\/v2\/types\/page"}],"author":[{"embeddable":true,"href":"https:\/\/www.italiafideiussioni.it\/es\/wp-json\/wp\/v2\/users\/3"}],"replies":[{"embeddable":true,"href":"https:\/\/www.italiafideiussioni.it\/es\/wp-json\/wp\/v2\/comments?post=9319"}],"version-history":[{"count":2,"href":"https:\/\/www.italiafideiussioni.it\/es\/wp-json\/wp\/v2\/pages\/9319\/revisions"}],"predecessor-version":[{"id":9419,"href":"https:\/\/www.italiafideiussioni.it\/es\/wp-json\/wp\/v2\/pages\/9319\/revisions\/9419"}],"up":[{"embeddable":true,"href":"https:\/\/www.italiafideiussioni.it\/es\/wp-json\/wp\/v2\/pages\/9054"}],"wp:featuredmedia":[{"embeddable":true,"href":"https:\/\/www.italiafideiussioni.it\/es\/wp-json\/wp\/v2\/media\/9320"}],"wp:attachment":[{"href":"https:\/\/www.italiafideiussioni.it\/es\/wp-json\/wp\/v2\/media?parent=9319"}],"curies":[{"name":"wp","href":"https:\/\/api.w.org\/{rel}","templated":true}]}}