{"id":9316,"date":"2018-11-05T12:08:30","date_gmt":"2018-11-05T12:08:30","guid":{"rendered":"https:\/\/www.italiafideiussioni.it\/fianza-aseguradora-para-licitaciones-publicas\/poliza-decenal-postuma-y-poliza-c-a-r-contratos\/"},"modified":"2024-12-20T09:30:58","modified_gmt":"2024-12-20T09:30:58","slug":"poliza-decenal-postuma-y-poliza-c-a-r-contratos","status":"publish","type":"page","link":"https:\/\/www.italiafideiussioni.it\/es\/fianza-aseguradora-para-licitaciones-publicas\/poliza-decenal-postuma-y-poliza-c-a-r-contratos\/","title":{"rendered":"P\u00f3liza Decenal Postuma y p\u00f3liza C.A.R. Contratos"},"content":{"rendered":"<style>.wp-block-kadence-advancedheading.kt-adv-heading9316_ef8a0a-20, .wp-block-kadence-advancedheading.kt-adv-heading9316_ef8a0a-20[data-kb-block=\"kb-adv-heading9316_ef8a0a-20\"]{font-style:normal;}.wp-block-kadence-advancedheading.kt-adv-heading9316_ef8a0a-20 mark.kt-highlight, .wp-block-kadence-advancedheading.kt-adv-heading9316_ef8a0a-20[data-kb-block=\"kb-adv-heading9316_ef8a0a-20\"] mark.kt-highlight{font-style:normal;color:#f76a0c;-webkit-box-decoration-break:clone;box-decoration-break:clone;padding-top:0px;padding-right:0px;padding-bottom:0px;padding-left:0px;}.wp-block-kadence-advancedheading.kt-adv-heading9316_ef8a0a-20 img.kb-inline-image, .wp-block-kadence-advancedheading.kt-adv-heading9316_ef8a0a-20[data-kb-block=\"kb-adv-heading9316_ef8a0a-20\"] img.kb-inline-image{width:150px;vertical-align:baseline;}<\/style>\n<h2 class=\"kt-adv-heading9316_ef8a0a-20 wp-block-kadence-advancedheading\" data-kb-block=\"kb-adv-heading9316_ef8a0a-20\">\u00bfQu\u00e9 es la p\u00f3liza CAR? \u00bfY qu\u00e9 cubre la p\u00f3liza CAR?<\/h2>\n\n\n\n<p>La p\u00f3liza CAR, acr\u00f3nimo de Contractor&#8217;s All Risks, es una p\u00f3liza de seguro que garantiza a la empresa y a sus socios la indemnizaci\u00f3n por los da\u00f1os materiales y directos que pueda sufrir la obra, el edificio en construcci\u00f3n, los equipos y, gracias a la p\u00f3liza de responsabilidad civil frente a terceros, tambi\u00e9n por las lesiones o la muerte de las personas que trabajan all\u00ed o que puedan estar involucradas, hasta la finalizaci\u00f3n de los trabajos, cubriendo as\u00ed \u00abtodos los riesgos del constructor\u00bb. La p\u00f3liza CAR y la p\u00f3liza decenal postuma indemnizatoria son obligatorias. El nuevo C\u00f3digo de Contratos prev\u00e9 en el Art\u00edculo 103, p\u00e1rrafo 8, una p\u00f3liza de seguro decenal postuma que no debe ser inferior al 20% del valor de las obras realizadas: Art\u00edculo 103, Decreto Legislativo N. 50\/2016<\/p>\n\n\n\n<p>\u201c8. Para los trabajos cuyo importe supere el doble del umbral indicado en el art\u00edculo 35, el titular del contrato para la liquidaci\u00f3n de la cuota de saldo est\u00e1 obligado a contratar, a partir de la fecha de emisi\u00f3n del certificado de prueba provisional o del certificado de ejecuci\u00f3n conforme, o en cualquier caso, despu\u00e9s de doce meses desde la fecha de finalizaci\u00f3n de los trabajos que conste en el certificado correspondiente, una p\u00f3liza indemnizatoria decenal para cubrir los riesgos de ruina total o parcial de la obra, o los riesgos derivados de defectos graves de construcci\u00f3n. La p\u00f3liza debe prever el pago de la indemnizaci\u00f3n contractualmente debida a favor del comitente tan pronto como este lo solicite, incluso mientras est\u00e9 pendiente la verificaci\u00f3n de la responsabilidad y sin que se requieran consentimientos ni autorizaciones de ning\u00fan tipo. El l\u00edmite de indemnizaci\u00f3n de la p\u00f3liza decenal no debe ser inferior al 20% del valor de la obra realizada y no superior al 40%, respetando el principio de proporcionalidad en relaci\u00f3n con la naturaleza de la obra. El contratista tambi\u00e9n est\u00e1 obligado a contratar, para los trabajos mencionados en el presente p\u00e1rrafo, una p\u00f3liza de seguro de responsabilidad civil por da\u00f1os causados a terceros, con vigencia a partir de la fecha de emisi\u00f3n del certificado de prueba provisional o del certificado de ejecuci\u00f3n conforme y por una duraci\u00f3n de diez a\u00f1os, con una indemnizaci\u00f3n equivalente al 5% del valor de la obra realizada, con un m\u00ednimo de 500.000 euros y un m\u00e1ximo de 5.000.000 de euros.\u201d<\/p>\n\n\n<style>.wp-block-kadence-advancedheading.kt-adv-heading9316_9cdb0e-f7, .wp-block-kadence-advancedheading.kt-adv-heading9316_9cdb0e-f7[data-kb-block=\"kb-adv-heading9316_9cdb0e-f7\"]{font-style:normal;}.wp-block-kadence-advancedheading.kt-adv-heading9316_9cdb0e-f7 mark.kt-highlight, .wp-block-kadence-advancedheading.kt-adv-heading9316_9cdb0e-f7[data-kb-block=\"kb-adv-heading9316_9cdb0e-f7\"] mark.kt-highlight{font-style:normal;color:#f76a0c;-webkit-box-decoration-break:clone;box-decoration-break:clone;padding-top:0px;padding-right:0px;padding-bottom:0px;padding-left:0px;}.wp-block-kadence-advancedheading.kt-adv-heading9316_9cdb0e-f7 img.kb-inline-image, .wp-block-kadence-advancedheading.kt-adv-heading9316_9cdb0e-f7[data-kb-block=\"kb-adv-heading9316_9cdb0e-f7\"] img.kb-inline-image{width:150px;vertical-align:baseline;}<\/style>\n<h2 class=\"kt-adv-heading9316_9cdb0e-f7 wp-block-kadence-advancedheading\" data-kb-block=\"kb-adv-heading9316_9cdb0e-f7\">\u00bfCu\u00e1nto cuesta la P\u00f3liza Decenal Postuma?<\/h2>\n\n\n\n<p>El costo var\u00eda entre el 0,25% y el 0,40% del valor de los trabajos asegurados. Para obtener un presupuesto preciso, ll\u00e1manos. Somos r\u00e1pidos y puntuales.<\/p>\n\n\n<style>.wp-block-kadence-advancedheading.kt-adv-heading9316_679458-90, .wp-block-kadence-advancedheading.kt-adv-heading9316_679458-90[data-kb-block=\"kb-adv-heading9316_679458-90\"]{font-style:normal;}.wp-block-kadence-advancedheading.kt-adv-heading9316_679458-90 mark.kt-highlight, .wp-block-kadence-advancedheading.kt-adv-heading9316_679458-90[data-kb-block=\"kb-adv-heading9316_679458-90\"] mark.kt-highlight{font-style:normal;color:#f76a0c;-webkit-box-decoration-break:clone;box-decoration-break:clone;padding-top:0px;padding-right:0px;padding-bottom:0px;padding-left:0px;}.wp-block-kadence-advancedheading.kt-adv-heading9316_679458-90 img.kb-inline-image, .wp-block-kadence-advancedheading.kt-adv-heading9316_679458-90[data-kb-block=\"kb-adv-heading9316_679458-90\"] img.kb-inline-image{width:150px;vertical-align:baseline;}<\/style>\n<h2 class=\"kt-adv-heading9316_679458-90 wp-block-kadence-advancedheading\" data-kb-block=\"kb-adv-heading9316_679458-90\">\u00bfCu\u00e1nto cuesta la P\u00f3liza CAR de Obra o CAR Merloni?<\/h2>\n\n\n\n<p>El costo var\u00eda entre el 0,90% y el 1,5% del valor de los trabajos asegurados. Para obtener un presupuesto claro, ll\u00e1manos. Somos r\u00e1pidos y precisos.<\/p>\n\n\n\n<p>Podemos proporcionarte la P\u00f3liza Decenal Postuma indemnizatoria en muy poco tiempo, pero atenci\u00f3n: tambi\u00e9n podemos ofrecerte la p\u00f3liza postuma aunque ya hayas contratado la p\u00f3liza CAR con otra Compa\u00f1\u00eda de Seguros.<\/p>\n\n\n<div class=\"gb-container gb-container-715be5ab\">\n<style>.wp-block-kadence-advancedheading.kt-adv-heading9124_a0db97-6a, .wp-block-kadence-advancedheading.kt-adv-heading9124_a0db97-6a[data-kb-block=\"kb-adv-heading9124_a0db97-6a\"]{padding-top:var(--global-kb-spacing-sm, 1.5rem);padding-right:var(--global-kb-spacing-sm, 1.5rem);padding-left:var(--global-kb-spacing-sm, 1.5rem);text-align:center;font-style:normal;}.wp-block-kadence-advancedheading.kt-adv-heading9124_a0db97-6a mark.kt-highlight, .wp-block-kadence-advancedheading.kt-adv-heading9124_a0db97-6a[data-kb-block=\"kb-adv-heading9124_a0db97-6a\"] mark.kt-highlight{font-style:normal;color:#f76a0c;-webkit-box-decoration-break:clone;box-decoration-break:clone;padding-top:0px;padding-right:0px;padding-bottom:0px;padding-left:0px;}.wp-block-kadence-advancedheading.kt-adv-heading9124_a0db97-6a img.kb-inline-image, .wp-block-kadence-advancedheading.kt-adv-heading9124_a0db97-6a[data-kb-block=\"kb-adv-heading9124_a0db97-6a\"] img.kb-inline-image{width:150px;vertical-align:baseline;}<\/style>\n<h3 class=\"kt-adv-heading9124_a0db97-6a wp-block-kadence-advancedheading\" data-kb-block=\"kb-adv-heading9124_a0db97-6a\">Las <strong>opiniones positivas de nuestros clientes<\/strong> son la prueba tangible de nuestra excelencia. <strong>Haz clic aqu\u00ed<\/strong> para ver lo que dicen las personas que han vivido nuestra experiencia.<\/h3>\n\n\n\n<div id=\"brb_collection_3943\"><\/div><script type=\"text\/javascript\">!function(e){var c=document.createElement(\"script\");c.src=e,document.body.appendChild(c)}(\"https:\/\/www.italiafideiussioni.it\/wp-admin\/admin-ajax.php?action=brb_embed&brb_collection_id=3943&brb_callback=brb_\"+(new Date).getTime());<\/script>\n\n<\/div>\n\n<div class=\"gb-container gb-container-00885037\">\n<style>.wp-block-kadence-advancedheading.kt-adv-heading9124_faaad1-f4, .wp-block-kadence-advancedheading.kt-adv-heading9124_faaad1-f4[data-kb-block=\"kb-adv-heading9124_faaad1-f4\"]{padding-top:var(--global-kb-spacing-sm, 1.5rem);padding-right:var(--global-kb-spacing-sm, 1.5rem);padding-left:var(--global-kb-spacing-sm, 1.5rem);text-align:center;font-style:normal;}.wp-block-kadence-advancedheading.kt-adv-heading9124_faaad1-f4 mark.kt-highlight, .wp-block-kadence-advancedheading.kt-adv-heading9124_faaad1-f4[data-kb-block=\"kb-adv-heading9124_faaad1-f4\"] mark.kt-highlight{font-style:normal;color:#f76a0c;-webkit-box-decoration-break:clone;box-decoration-break:clone;padding-top:0px;padding-right:0px;padding-bottom:0px;padding-left:0px;}.wp-block-kadence-advancedheading.kt-adv-heading9124_faaad1-f4 img.kb-inline-image, .wp-block-kadence-advancedheading.kt-adv-heading9124_faaad1-f4[data-kb-block=\"kb-adv-heading9124_faaad1-f4\"] img.kb-inline-image{width:150px;vertical-align:baseline;}<\/style>\n<h3 class=\"kt-adv-heading9124_faaad1-f4 wp-block-kadence-advancedheading\" data-kb-block=\"kb-adv-heading9124_faaad1-f4\"><strong>Cont\u00e1ctanos directamente en l\u00ednea<\/strong> para recibir una respuesta inmediata, o llama a una de nuestras oficinas m\u00e1s cercanas:\u00a0<strong>Tel.\u00a0\u00a0 <a href=\"tel:+39055285313\">+39 055 28.53.13<\/a> \u00a0 \u2013 \u00a0Tel. \u00a0<a href=\"tel:+390266712417\">+39 02 667.124.17<\/a><\/strong> <br><strong>Email :\u00a0<a>info@italiafideiussioni.it<\/a><\/strong><\/h3>\n\n\n<style>.wp-block-kadence-advancedheading.kt-adv-heading9124_05457c-bf, .wp-block-kadence-advancedheading.kt-adv-heading9124_05457c-bf[data-kb-block=\"kb-adv-heading9124_05457c-bf\"]{padding-right:var(--global-kb-spacing-sm, 1.5rem);padding-left:var(--global-kb-spacing-sm, 1.5rem);text-align:center;font-style:normal;}.wp-block-kadence-advancedheading.kt-adv-heading9124_05457c-bf mark.kt-highlight, .wp-block-kadence-advancedheading.kt-adv-heading9124_05457c-bf[data-kb-block=\"kb-adv-heading9124_05457c-bf\"] mark.kt-highlight{font-style:normal;color:#f76a0c;-webkit-box-decoration-break:clone;box-decoration-break:clone;padding-top:0px;padding-right:0px;padding-bottom:0px;padding-left:0px;}.wp-block-kadence-advancedheading.kt-adv-heading9124_05457c-bf img.kb-inline-image, .wp-block-kadence-advancedheading.kt-adv-heading9124_05457c-bf[data-kb-block=\"kb-adv-heading9124_05457c-bf\"] img.kb-inline-image{width:150px;vertical-align:baseline;}<\/style>\n<h3 class=\"kt-adv-heading9124_05457c-bf wp-block-kadence-advancedheading\" data-kb-block=\"kb-adv-heading9124_05457c-bf\">Tambi\u00e9n puedes contactarnos a trav\u00e9s de\u00a0\u00a0<img decoding=\"async\" width=\"33\" height=\"32\" class=\"alignnone wp-image-1056\" src=\"https:\/\/www.italiafideiussioni.it\/wp-content\/uploads\/2015\/04\/WhatsApp_Logo_6.png\" alt=\"\">\u00a0\u00a0<strong><a href=\"https:\/\/wa.me\/+393397150157\" target=\"_blank\" rel=\"noreferrer noopener\">WhatsApp: \u00a0+39 339 71.50.157<\/a><\/strong>\u00a0 Env\u00edanos un mensaje y te responderemos en horario de oficina, dentro de 5 minutos.<\/h3>\n\n<\/div>","protected":false},"excerpt":{"rendered":"<p>\u00bfQu\u00e9 es la p\u00f3liza CAR? \u00bfY qu\u00e9 cubre la p\u00f3liza CAR? La p\u00f3liza CAR, acr\u00f3nimo de Contractor&#8217;s All Risks, es una p\u00f3liza de seguro que garantiza a la empresa y a sus socios la indemnizaci\u00f3n por los da\u00f1os materiales y directos que pueda sufrir la obra, el edificio en construcci\u00f3n, los equipos y, gracias a [&hellip;]<\/p>\n","protected":false},"author":5,"featured_media":9317,"parent":9054,"menu_order":6,"comment_status":"closed","ping_status":"closed","template":"","meta":{"_acf_changed":false,"_yoast_wpseo_focuskw":"","_yoast_wpseo_title":"P\u00f3liza CAR para contratos p\u00fablicos o privados | Italia Fideiussioni","_yoast_wpseo_metadesc":"Para proteger a las empresas de construcci\u00f3n antes del inicio de las obras, emitimos en poco tiempo la p\u00f3liza CAR o la p\u00f3liza decenal postuma para contratos p\u00fablicos o privados - Respuesta en 2 horas.","_yoast_wpseo_meta-robots-noindex":"","_yoast_wpseo_meta-robots-nofollow":"","_yoast_wpseo_canonical":"","_yoast_wpseo_opengraph-title":"","_yoast_wpseo_opengraph-description":"","_yoast_wpseo_opengraph-image":"","_yoast_wpseo_opengraph-image-id":"","_yoast_wpseo_twitter-title":"","_yoast_wpseo_twitter-description":"","_yoast_wpseo_twitter-image":"","footnotes":""},"class_list":["post-9316","page","type-page","status-publish","has-post-thumbnail","hentry"],"acf":{"blocco_testimonianze":"2","macroarea_servizi":"","blocco_iniziale":"","blocco_euro_titolo":"","blocco_euro_testo":"","immagini_aggiuntive":false,"blocco_info_titolo":"","blocco_info_testo":""},"yoast_head":"<!-- This site is optimized with the Yoast SEO plugin v27.5 - https:\/\/yoast.com\/product\/yoast-seo-wordpress\/ -->\n<title>P\u00f3liza CAR para contratos p\u00fablicos o privados | Italia Fideiussioni<\/title>\n<meta name=\"description\" content=\"Para proteger a las empresas de construcci\u00f3n antes del inicio de las obras, emitimos en poco tiempo la p\u00f3liza CAR o la p\u00f3liza decenal postuma para contratos p\u00fablicos o privados - Respuesta en 2 horas.\" \/>\n<meta name=\"robots\" content=\"index, follow, max-snippet:-1, max-image-preview:large, max-video-preview:-1\" \/>\n<link rel=\"canonical\" href=\"https:\/\/www.italiafideiussioni.it\/es\/fianza-aseguradora-para-licitaciones-publicas\/poliza-decenal-postuma-y-poliza-c-a-r-contratos\/\" \/>\n<meta property=\"og:locale\" content=\"es_ES\" \/>\n<meta property=\"og:type\" content=\"article\" \/>\n<meta property=\"og:title\" content=\"P\u00f3liza CAR para contratos p\u00fablicos o privados | Italia Fideiussioni\" \/>\n<meta property=\"og:description\" content=\"Para proteger a las empresas de construcci\u00f3n antes del inicio de las obras, emitimos en poco tiempo la p\u00f3liza CAR o la p\u00f3liza decenal postuma para contratos p\u00fablicos o privados - Respuesta en 2 horas.\" \/>\n<meta property=\"og:url\" content=\"https:\/\/www.italiafideiussioni.it\/es\/fianza-aseguradora-para-licitaciones-publicas\/poliza-decenal-postuma-y-poliza-c-a-r-contratos\/\" \/>\n<meta property=\"og:site_name\" content=\"Italia Fideiussioni\" \/>\n<meta property=\"article:publisher\" content=\"https:\/\/www.facebook.com\/italiafideiussioni\/\" \/>\n<meta property=\"article:modified_time\" content=\"2024-12-20T09:30:58+00:00\" \/>\n<meta property=\"og:image\" content=\"https:\/\/www.italiafideiussioni.it\/wp-content\/uploads\/2018\/12\/polizza-appalti.jpeg\" \/>\n\t<meta property=\"og:image:width\" content=\"1000\" \/>\n\t<meta property=\"og:image:height\" content=\"667\" \/>\n\t<meta property=\"og:image:type\" content=\"image\/jpeg\" \/>\n<meta name=\"twitter:card\" content=\"summary_large_image\" \/>\n<meta name=\"twitter:site\" content=\"@itafideiussioni\" \/>\n<meta name=\"twitter:label1\" content=\"Tiempo de lectura\" \/>\n\t<meta name=\"twitter:data1\" content=\"3 minutos\" \/>\n<script type=\"application\/ld+json\" class=\"yoast-schema-graph\">{\"@context\":\"https:\\\/\\\/schema.org\",\"@graph\":[{\"@type\":\"WebPage\",\"@id\":\"https:\\\/\\\/www.italiafideiussioni.it\\\/es\\\/fianza-aseguradora-para-licitaciones-publicas\\\/poliza-decenal-postuma-y-poliza-c-a-r-contratos\\\/\",\"url\":\"https:\\\/\\\/www.italiafideiussioni.it\\\/es\\\/fianza-aseguradora-para-licitaciones-publicas\\\/poliza-decenal-postuma-y-poliza-c-a-r-contratos\\\/\",\"name\":\"P\u00f3liza CAR para contratos p\u00fablicos o privados | Italia Fideiussioni\",\"isPartOf\":{\"@id\":\"https:\\\/\\\/www.italiafideiussioni.it\\\/es\\\/#website\"},\"primaryImageOfPage\":{\"@id\":\"https:\\\/\\\/www.italiafideiussioni.it\\\/es\\\/fianza-aseguradora-para-licitaciones-publicas\\\/poliza-decenal-postuma-y-poliza-c-a-r-contratos\\\/#primaryimage\"},\"image\":{\"@id\":\"https:\\\/\\\/www.italiafideiussioni.it\\\/es\\\/fianza-aseguradora-para-licitaciones-publicas\\\/poliza-decenal-postuma-y-poliza-c-a-r-contratos\\\/#primaryimage\"},\"thumbnailUrl\":\"https:\\\/\\\/www.italiafideiussioni.it\\\/wp-content\\\/uploads\\\/2018\\\/12\\\/polizza-appalti.jpeg\",\"datePublished\":\"2018-11-05T12:08:30+00:00\",\"dateModified\":\"2024-12-20T09:30:58+00:00\",\"description\":\"Para proteger a las empresas de construcci\u00f3n antes del inicio de las obras, emitimos en poco tiempo la p\u00f3liza CAR o la p\u00f3liza decenal postuma para contratos p\u00fablicos o privados - Respuesta en 2 horas.\",\"breadcrumb\":{\"@id\":\"https:\\\/\\\/www.italiafideiussioni.it\\\/es\\\/fianza-aseguradora-para-licitaciones-publicas\\\/poliza-decenal-postuma-y-poliza-c-a-r-contratos\\\/#breadcrumb\"},\"inLanguage\":\"es\",\"potentialAction\":[{\"@type\":\"ReadAction\",\"target\":[\"https:\\\/\\\/www.italiafideiussioni.it\\\/es\\\/fianza-aseguradora-para-licitaciones-publicas\\\/poliza-decenal-postuma-y-poliza-c-a-r-contratos\\\/\"]}]},{\"@type\":\"ImageObject\",\"inLanguage\":\"es\",\"@id\":\"https:\\\/\\\/www.italiafideiussioni.it\\\/es\\\/fianza-aseguradora-para-licitaciones-publicas\\\/poliza-decenal-postuma-y-poliza-c-a-r-contratos\\\/#primaryimage\",\"url\":\"https:\\\/\\\/www.italiafideiussioni.it\\\/wp-content\\\/uploads\\\/2018\\\/12\\\/polizza-appalti.jpeg\",\"contentUrl\":\"https:\\\/\\\/www.italiafideiussioni.it\\\/wp-content\\\/uploads\\\/2018\\\/12\\\/polizza-appalti.jpeg\",\"width\":1000,\"height\":667},{\"@type\":\"BreadcrumbList\",\"@id\":\"https:\\\/\\\/www.italiafideiussioni.it\\\/es\\\/fianza-aseguradora-para-licitaciones-publicas\\\/poliza-decenal-postuma-y-poliza-c-a-r-contratos\\\/#breadcrumb\",\"itemListElement\":[{\"@type\":\"ListItem\",\"position\":1,\"name\":\"Home\",\"item\":\"https:\\\/\\\/www.italiafideiussioni.it\\\/es\\\/home-page-2013\\\/\"},{\"@type\":\"ListItem\",\"position\":2,\"name\":\"Fianza aseguradora para licitaciones p\u00fablicas\",\"item\":\"https:\\\/\\\/www.italiafideiussioni.it\\\/es\\\/fianza-aseguradora-para-licitaciones-publicas\\\/\"},{\"@type\":\"ListItem\",\"position\":3,\"name\":\"P\u00f3liza Decenal Postuma y p\u00f3liza C.A.R. Contratos\"}]},{\"@type\":\"WebSite\",\"@id\":\"https:\\\/\\\/www.italiafideiussioni.it\\\/es\\\/#website\",\"url\":\"https:\\\/\\\/www.italiafideiussioni.it\\\/es\\\/\",\"name\":\"Italia Fideiussioni\",\"description\":\"\",\"publisher\":{\"@id\":\"https:\\\/\\\/www.italiafideiussioni.it\\\/es\\\/#organization\"},\"potentialAction\":[{\"@type\":\"SearchAction\",\"target\":{\"@type\":\"EntryPoint\",\"urlTemplate\":\"https:\\\/\\\/www.italiafideiussioni.it\\\/es\\\/?s={search_term_string}\"},\"query-input\":{\"@type\":\"PropertyValueSpecification\",\"valueRequired\":true,\"valueName\":\"search_term_string\"}}],\"inLanguage\":\"es\"},{\"@type\":\"Organization\",\"@id\":\"https:\\\/\\\/www.italiafideiussioni.it\\\/es\\\/#organization\",\"name\":\"Fideiussioni s.r.l.\",\"url\":\"https:\\\/\\\/www.italiafideiussioni.it\\\/es\\\/\",\"logo\":{\"@type\":\"ImageObject\",\"inLanguage\":\"es\",\"@id\":\"https:\\\/\\\/www.italiafideiussioni.it\\\/es\\\/#\\\/schema\\\/logo\\\/image\\\/\",\"url\":\"https:\\\/\\\/www.italiafideiussioni.it\\\/wp-content\\\/uploads\\\/2018\\\/10\\\/italiafideiussioni-logo-white.png\",\"contentUrl\":\"https:\\\/\\\/www.italiafideiussioni.it\\\/wp-content\\\/uploads\\\/2018\\\/10\\\/italiafideiussioni-logo-white.png\",\"width\":516,\"height\":97,\"caption\":\"Fideiussioni s.r.l.\"},\"image\":{\"@id\":\"https:\\\/\\\/www.italiafideiussioni.it\\\/es\\\/#\\\/schema\\\/logo\\\/image\\\/\"},\"sameAs\":[\"https:\\\/\\\/www.facebook.com\\\/italiafideiussioni\\\/\",\"https:\\\/\\\/x.com\\\/itafideiussioni\",\"https:\\\/\\\/www.linkedin.com\\\/company\\\/italiafideiussioni-srl\\\/about\\\/\",\"https:\\\/\\\/www.youtube.com\\\/channel\\\/UC-OhbmM_pkAEKLqJ6nQbpjw\"]}]}<\/script>\n<!-- \/ Yoast SEO plugin. -->","yoast_head_json":{"title":"P\u00f3liza CAR para contratos p\u00fablicos o privados | Italia Fideiussioni","description":"Para proteger a las empresas de construcci\u00f3n antes del inicio de las obras, emitimos en poco tiempo la p\u00f3liza CAR o la p\u00f3liza decenal postuma para contratos p\u00fablicos o privados - Respuesta en 2 horas.","robots":{"index":"index","follow":"follow","max-snippet":"max-snippet:-1","max-image-preview":"max-image-preview:large","max-video-preview":"max-video-preview:-1"},"canonical":"https:\/\/www.italiafideiussioni.it\/es\/fianza-aseguradora-para-licitaciones-publicas\/poliza-decenal-postuma-y-poliza-c-a-r-contratos\/","og_locale":"es_ES","og_type":"article","og_title":"P\u00f3liza CAR para contratos p\u00fablicos o privados | Italia Fideiussioni","og_description":"Para proteger a las empresas de construcci\u00f3n antes del inicio de las obras, emitimos en poco tiempo la p\u00f3liza CAR o la p\u00f3liza decenal postuma para contratos p\u00fablicos o privados - Respuesta en 2 horas.","og_url":"https:\/\/www.italiafideiussioni.it\/es\/fianza-aseguradora-para-licitaciones-publicas\/poliza-decenal-postuma-y-poliza-c-a-r-contratos\/","og_site_name":"Italia Fideiussioni","article_publisher":"https:\/\/www.facebook.com\/italiafideiussioni\/","article_modified_time":"2024-12-20T09:30:58+00:00","og_image":[{"width":1000,"height":667,"url":"https:\/\/www.italiafideiussioni.it\/wp-content\/uploads\/2018\/12\/polizza-appalti.jpeg","type":"image\/jpeg"}],"twitter_card":"summary_large_image","twitter_site":"@itafideiussioni","twitter_misc":{"Tiempo de lectura":"3 minutos"},"schema":{"@context":"https:\/\/schema.org","@graph":[{"@type":"WebPage","@id":"https:\/\/www.italiafideiussioni.it\/es\/fianza-aseguradora-para-licitaciones-publicas\/poliza-decenal-postuma-y-poliza-c-a-r-contratos\/","url":"https:\/\/www.italiafideiussioni.it\/es\/fianza-aseguradora-para-licitaciones-publicas\/poliza-decenal-postuma-y-poliza-c-a-r-contratos\/","name":"P\u00f3liza CAR para contratos p\u00fablicos o privados | Italia Fideiussioni","isPartOf":{"@id":"https:\/\/www.italiafideiussioni.it\/es\/#website"},"primaryImageOfPage":{"@id":"https:\/\/www.italiafideiussioni.it\/es\/fianza-aseguradora-para-licitaciones-publicas\/poliza-decenal-postuma-y-poliza-c-a-r-contratos\/#primaryimage"},"image":{"@id":"https:\/\/www.italiafideiussioni.it\/es\/fianza-aseguradora-para-licitaciones-publicas\/poliza-decenal-postuma-y-poliza-c-a-r-contratos\/#primaryimage"},"thumbnailUrl":"https:\/\/www.italiafideiussioni.it\/wp-content\/uploads\/2018\/12\/polizza-appalti.jpeg","datePublished":"2018-11-05T12:08:30+00:00","dateModified":"2024-12-20T09:30:58+00:00","description":"Para proteger a las empresas de construcci\u00f3n antes del inicio de las obras, emitimos en poco tiempo la p\u00f3liza CAR o la p\u00f3liza decenal postuma para contratos p\u00fablicos o privados - Respuesta en 2 horas.","breadcrumb":{"@id":"https:\/\/www.italiafideiussioni.it\/es\/fianza-aseguradora-para-licitaciones-publicas\/poliza-decenal-postuma-y-poliza-c-a-r-contratos\/#breadcrumb"},"inLanguage":"es","potentialAction":[{"@type":"ReadAction","target":["https:\/\/www.italiafideiussioni.it\/es\/fianza-aseguradora-para-licitaciones-publicas\/poliza-decenal-postuma-y-poliza-c-a-r-contratos\/"]}]},{"@type":"ImageObject","inLanguage":"es","@id":"https:\/\/www.italiafideiussioni.it\/es\/fianza-aseguradora-para-licitaciones-publicas\/poliza-decenal-postuma-y-poliza-c-a-r-contratos\/#primaryimage","url":"https:\/\/www.italiafideiussioni.it\/wp-content\/uploads\/2018\/12\/polizza-appalti.jpeg","contentUrl":"https:\/\/www.italiafideiussioni.it\/wp-content\/uploads\/2018\/12\/polizza-appalti.jpeg","width":1000,"height":667},{"@type":"BreadcrumbList","@id":"https:\/\/www.italiafideiussioni.it\/es\/fianza-aseguradora-para-licitaciones-publicas\/poliza-decenal-postuma-y-poliza-c-a-r-contratos\/#breadcrumb","itemListElement":[{"@type":"ListItem","position":1,"name":"Home","item":"https:\/\/www.italiafideiussioni.it\/es\/home-page-2013\/"},{"@type":"ListItem","position":2,"name":"Fianza aseguradora para licitaciones p\u00fablicas","item":"https:\/\/www.italiafideiussioni.it\/es\/fianza-aseguradora-para-licitaciones-publicas\/"},{"@type":"ListItem","position":3,"name":"P\u00f3liza Decenal Postuma y p\u00f3liza C.A.R. Contratos"}]},{"@type":"WebSite","@id":"https:\/\/www.italiafideiussioni.it\/es\/#website","url":"https:\/\/www.italiafideiussioni.it\/es\/","name":"Italia Fideiussioni","description":"","publisher":{"@id":"https:\/\/www.italiafideiussioni.it\/es\/#organization"},"potentialAction":[{"@type":"SearchAction","target":{"@type":"EntryPoint","urlTemplate":"https:\/\/www.italiafideiussioni.it\/es\/?s={search_term_string}"},"query-input":{"@type":"PropertyValueSpecification","valueRequired":true,"valueName":"search_term_string"}}],"inLanguage":"es"},{"@type":"Organization","@id":"https:\/\/www.italiafideiussioni.it\/es\/#organization","name":"Fideiussioni s.r.l.","url":"https:\/\/www.italiafideiussioni.it\/es\/","logo":{"@type":"ImageObject","inLanguage":"es","@id":"https:\/\/www.italiafideiussioni.it\/es\/#\/schema\/logo\/image\/","url":"https:\/\/www.italiafideiussioni.it\/wp-content\/uploads\/2018\/10\/italiafideiussioni-logo-white.png","contentUrl":"https:\/\/www.italiafideiussioni.it\/wp-content\/uploads\/2018\/10\/italiafideiussioni-logo-white.png","width":516,"height":97,"caption":"Fideiussioni s.r.l."},"image":{"@id":"https:\/\/www.italiafideiussioni.it\/es\/#\/schema\/logo\/image\/"},"sameAs":["https:\/\/www.facebook.com\/italiafideiussioni\/","https:\/\/x.com\/itafideiussioni","https:\/\/www.linkedin.com\/company\/italiafideiussioni-srl\/about\/","https:\/\/www.youtube.com\/channel\/UC-OhbmM_pkAEKLqJ6nQbpjw"]}]}},"_links":{"self":[{"href":"https:\/\/www.italiafideiussioni.it\/es\/wp-json\/wp\/v2\/pages\/9316","targetHints":{"allow":["GET"]}}],"collection":[{"href":"https:\/\/www.italiafideiussioni.it\/es\/wp-json\/wp\/v2\/pages"}],"about":[{"href":"https:\/\/www.italiafideiussioni.it\/es\/wp-json\/wp\/v2\/types\/page"}],"author":[{"embeddable":true,"href":"https:\/\/www.italiafideiussioni.it\/es\/wp-json\/wp\/v2\/users\/5"}],"replies":[{"embeddable":true,"href":"https:\/\/www.italiafideiussioni.it\/es\/wp-json\/wp\/v2\/comments?post=9316"}],"version-history":[{"count":1,"href":"https:\/\/www.italiafideiussioni.it\/es\/wp-json\/wp\/v2\/pages\/9316\/revisions"}],"predecessor-version":[{"id":9318,"href":"https:\/\/www.italiafideiussioni.it\/es\/wp-json\/wp\/v2\/pages\/9316\/revisions\/9318"}],"up":[{"embeddable":true,"href":"https:\/\/www.italiafideiussioni.it\/es\/wp-json\/wp\/v2\/pages\/9054"}],"wp:featuredmedia":[{"embeddable":true,"href":"https:\/\/www.italiafideiussioni.it\/es\/wp-json\/wp\/v2\/media\/9317"}],"wp:attachment":[{"href":"https:\/\/www.italiafideiussioni.it\/es\/wp-json\/wp\/v2\/media?parent=9316"}],"curies":[{"name":"wp","href":"https:\/\/api.w.org\/{rel}","templated":true}]}}