{"id":9306,"date":"2018-10-10T09:33:53","date_gmt":"2018-10-10T09:33:53","guid":{"rendered":"https:\/\/www.italiafideiussioni.it\/fianza-aseguradora-para-licitaciones-publicas\/fideiussione-per-svincolo-ritenute-di-garanzia\/"},"modified":"2025-01-07T07:50:14","modified_gmt":"2025-01-07T07:50:14","slug":"fianza-liberacion-retenciones-garantia","status":"publish","type":"page","link":"https:\/\/www.italiafideiussioni.it\/es\/fianza-aseguradora-para-licitaciones-publicas\/fianza-liberacion-retenciones-garantia\/","title":{"rendered":"Fianza para la liberaci\u00f3n de retenciones de garant\u00eda"},"content":{"rendered":"\n<p>Esta es una fianza indispensable para las empresas que han ganado una licitaci\u00f3n, ya sea p\u00fablica o privada.<\/p>\n\n\n\n<p>La entidad adjudicadora aplica retenciones a los pagos otorgados, con base en el estado de avance de los trabajos (S.A.L.), como garant\u00eda adicional de las obligaciones de la empresa contratista. Estas retenciones solo se liberan despu\u00e9s de la aprobaci\u00f3n del collaudo (inspecci\u00f3n final).<\/p>\n\n\n\n<p>Dicha fianza permite a la empresa contratista sustituir las retenciones acumuladas por una p\u00f3liza de fianza, lo que le permite recibir el pago de esas cantidades durante la ejecuci\u00f3n de la obra.<\/p>\n\n\n\n<p>Esta fianza es emitida por una compa\u00f1\u00eda de seguros italiana autorizada en el ramo de Cauciones por el IVASS (Instituto para la Supervisi\u00f3n de Seguros):<br><a href=\"https:\/\/servizi.ivass.it\/Albi\/defaultImprese.jsp?view=albi&amp;viewSet=imprese\">Acceder al registro de empresas autorizadas por IVASS<\/a><\/p>\n\n\n<div class=\"gb-container gb-container-00885037\">\n<style>.wp-block-kadence-advancedheading.kt-adv-heading9124_faaad1-f4, .wp-block-kadence-advancedheading.kt-adv-heading9124_faaad1-f4[data-kb-block=\"kb-adv-heading9124_faaad1-f4\"]{padding-top:var(--global-kb-spacing-sm, 1.5rem);padding-right:var(--global-kb-spacing-sm, 1.5rem);padding-left:var(--global-kb-spacing-sm, 1.5rem);text-align:center;font-style:normal;}.wp-block-kadence-advancedheading.kt-adv-heading9124_faaad1-f4 mark.kt-highlight, .wp-block-kadence-advancedheading.kt-adv-heading9124_faaad1-f4[data-kb-block=\"kb-adv-heading9124_faaad1-f4\"] mark.kt-highlight{font-style:normal;color:#f76a0c;-webkit-box-decoration-break:clone;box-decoration-break:clone;padding-top:0px;padding-right:0px;padding-bottom:0px;padding-left:0px;}.wp-block-kadence-advancedheading.kt-adv-heading9124_faaad1-f4 img.kb-inline-image, .wp-block-kadence-advancedheading.kt-adv-heading9124_faaad1-f4[data-kb-block=\"kb-adv-heading9124_faaad1-f4\"] img.kb-inline-image{width:150px;vertical-align:baseline;}<\/style>\n<h3 class=\"kt-adv-heading9124_faaad1-f4 wp-block-kadence-advancedheading\" data-kb-block=\"kb-adv-heading9124_faaad1-f4\"><strong>Cont\u00e1ctanos directamente en l\u00ednea<\/strong> para recibir una respuesta inmediata, o llama a una de nuestras oficinas m\u00e1s cercanas:\u00a0<strong>Tel.\u00a0\u00a0 <a href=\"tel:+39055285313\">+39 055 28.53.13<\/a> \u00a0 \u2013 \u00a0Tel. \u00a0<a href=\"tel:+390266712417\">+39 02 667.124.17<\/a><\/strong> <br><strong>Email :\u00a0<a>info@italiafideiussioni.it<\/a><\/strong><\/h3>\n\n\n<style>.wp-block-kadence-advancedheading.kt-adv-heading9124_05457c-bf, .wp-block-kadence-advancedheading.kt-adv-heading9124_05457c-bf[data-kb-block=\"kb-adv-heading9124_05457c-bf\"]{padding-right:var(--global-kb-spacing-sm, 1.5rem);padding-left:var(--global-kb-spacing-sm, 1.5rem);text-align:center;font-style:normal;}.wp-block-kadence-advancedheading.kt-adv-heading9124_05457c-bf mark.kt-highlight, .wp-block-kadence-advancedheading.kt-adv-heading9124_05457c-bf[data-kb-block=\"kb-adv-heading9124_05457c-bf\"] mark.kt-highlight{font-style:normal;color:#f76a0c;-webkit-box-decoration-break:clone;box-decoration-break:clone;padding-top:0px;padding-right:0px;padding-bottom:0px;padding-left:0px;}.wp-block-kadence-advancedheading.kt-adv-heading9124_05457c-bf img.kb-inline-image, .wp-block-kadence-advancedheading.kt-adv-heading9124_05457c-bf[data-kb-block=\"kb-adv-heading9124_05457c-bf\"] img.kb-inline-image{width:150px;vertical-align:baseline;}<\/style>\n<h3 class=\"kt-adv-heading9124_05457c-bf wp-block-kadence-advancedheading\" data-kb-block=\"kb-adv-heading9124_05457c-bf\">Tambi\u00e9n puedes contactarnos a trav\u00e9s de\u00a0\u00a0<img decoding=\"async\" width=\"33\" height=\"32\" class=\"alignnone wp-image-1056\" src=\"https:\/\/www.italiafideiussioni.it\/wp-content\/uploads\/2015\/04\/WhatsApp_Logo_6.png\" alt=\"\">\u00a0\u00a0<strong><a href=\"https:\/\/wa.me\/+393397150157\" target=\"_blank\" rel=\"noreferrer noopener\">WhatsApp: \u00a0+39 339 71.50.157<\/a><\/strong>\u00a0 Env\u00edanos un mensaje y te responderemos en horario de oficina, dentro de 5 minutos.<\/h3>\n\n<\/div>","protected":false},"excerpt":{"rendered":"<p>Esta es una fianza indispensable para las empresas que han ganado una licitaci\u00f3n, ya sea p\u00fablica o privada. La entidad adjudicadora aplica retenciones a los pagos otorgados, con base en el estado de avance de los trabajos (S.A.L.), como garant\u00eda adicional de las obligaciones de la empresa contratista. Estas retenciones solo se liberan despu\u00e9s de [&hellip;]<\/p>\n","protected":false},"author":2,"featured_media":9307,"parent":9054,"menu_order":5,"comment_status":"closed","ping_status":"closed","template":"","meta":{"_acf_changed":false,"_yoast_wpseo_focuskw":"","_yoast_wpseo_title":"Fianza para la liberaci\u00f3n de retenciones de garant\u00eda | Italia Fideiussioni","_yoast_wpseo_metadesc":"Para los ganadores de licitaciones p\u00fablicas o privadas, ofrecemos fianzas para la liberaci\u00f3n de las retenciones de garant\u00eda - Presupuesto en 2 horas","_yoast_wpseo_meta-robots-noindex":"","_yoast_wpseo_meta-robots-nofollow":"","_yoast_wpseo_canonical":"","_yoast_wpseo_opengraph-title":"","_yoast_wpseo_opengraph-description":"","_yoast_wpseo_opengraph-image":"","_yoast_wpseo_opengraph-image-id":"","_yoast_wpseo_twitter-title":"","_yoast_wpseo_twitter-description":"","_yoast_wpseo_twitter-image":"","footnotes":""},"class_list":["post-9306","page","type-page","status-publish","has-post-thumbnail","hentry"],"acf":{"blocco_testimonianze":"1","macroarea_servizi":"","blocco_iniziale":"","blocco_euro_titolo":"","blocco_euro_testo":"","immagini_aggiuntive":false,"blocco_info_titolo":"","blocco_info_testo":""},"yoast_head":"<!-- This site is optimized with the Yoast SEO plugin v27.5 - https:\/\/yoast.com\/product\/yoast-seo-wordpress\/ -->\n<title>Fianza para la liberaci\u00f3n de retenciones de garant\u00eda | Italia Fideiussioni<\/title>\n<meta name=\"description\" content=\"Para los ganadores de licitaciones p\u00fablicas o privadas, ofrecemos fianzas para la liberaci\u00f3n de las retenciones de garant\u00eda - Presupuesto en 2 horas\" \/>\n<meta name=\"robots\" content=\"index, follow, max-snippet:-1, max-image-preview:large, max-video-preview:-1\" \/>\n<link rel=\"canonical\" href=\"https:\/\/www.italiafideiussioni.it\/es\/fianza-aseguradora-para-licitaciones-publicas\/fianza-liberacion-retenciones-garantia\/\" \/>\n<meta property=\"og:locale\" content=\"es_ES\" \/>\n<meta property=\"og:type\" content=\"article\" \/>\n<meta property=\"og:title\" content=\"Fianza para la liberaci\u00f3n de retenciones de garant\u00eda | Italia Fideiussioni\" \/>\n<meta property=\"og:description\" content=\"Para los ganadores de licitaciones p\u00fablicas o privadas, ofrecemos fianzas para la liberaci\u00f3n de las retenciones de garant\u00eda - Presupuesto en 2 horas\" \/>\n<meta property=\"og:url\" content=\"https:\/\/www.italiafideiussioni.it\/es\/fianza-aseguradora-para-licitaciones-publicas\/fianza-liberacion-retenciones-garantia\/\" \/>\n<meta property=\"og:site_name\" content=\"Italia Fideiussioni\" \/>\n<meta property=\"article:publisher\" content=\"https:\/\/www.facebook.com\/italiafideiussioni\/\" \/>\n<meta property=\"article:modified_time\" content=\"2025-01-07T07:50:14+00:00\" \/>\n<meta property=\"og:image\" content=\"https:\/\/www.italiafideiussioni.it\/wp-content\/uploads\/2019\/02\/fideiussioni-appalti-lavori.jpg\" \/>\n\t<meta property=\"og:image:width\" content=\"1000\" \/>\n\t<meta property=\"og:image:height\" content=\"667\" \/>\n\t<meta property=\"og:image:type\" content=\"image\/jpeg\" \/>\n<meta name=\"twitter:card\" content=\"summary_large_image\" \/>\n<meta name=\"twitter:site\" content=\"@itafideiussioni\" \/>\n<meta name=\"twitter:label1\" content=\"Tiempo de lectura\" \/>\n\t<meta name=\"twitter:data1\" content=\"2 minutos\" \/>\n<script type=\"application\/ld+json\" class=\"yoast-schema-graph\">{\"@context\":\"https:\\\/\\\/schema.org\",\"@graph\":[{\"@type\":\"WebPage\",\"@id\":\"https:\\\/\\\/www.italiafideiussioni.it\\\/es\\\/fianza-aseguradora-para-licitaciones-publicas\\\/fianza-liberacion-retenciones-garantia\\\/\",\"url\":\"https:\\\/\\\/www.italiafideiussioni.it\\\/es\\\/fianza-aseguradora-para-licitaciones-publicas\\\/fianza-liberacion-retenciones-garantia\\\/\",\"name\":\"Fianza para la liberaci\u00f3n de retenciones de garant\u00eda | Italia Fideiussioni\",\"isPartOf\":{\"@id\":\"https:\\\/\\\/www.italiafideiussioni.it\\\/es\\\/#website\"},\"primaryImageOfPage\":{\"@id\":\"https:\\\/\\\/www.italiafideiussioni.it\\\/es\\\/fianza-aseguradora-para-licitaciones-publicas\\\/fianza-liberacion-retenciones-garantia\\\/#primaryimage\"},\"image\":{\"@id\":\"https:\\\/\\\/www.italiafideiussioni.it\\\/es\\\/fianza-aseguradora-para-licitaciones-publicas\\\/fianza-liberacion-retenciones-garantia\\\/#primaryimage\"},\"thumbnailUrl\":\"https:\\\/\\\/www.italiafideiussioni.it\\\/wp-content\\\/uploads\\\/2019\\\/02\\\/fideiussioni-appalti-lavori.jpg\",\"datePublished\":\"2018-10-10T09:33:53+00:00\",\"dateModified\":\"2025-01-07T07:50:14+00:00\",\"description\":\"Para los ganadores de licitaciones p\u00fablicas o privadas, ofrecemos fianzas para la liberaci\u00f3n de las retenciones de garant\u00eda - Presupuesto en 2 horas\",\"breadcrumb\":{\"@id\":\"https:\\\/\\\/www.italiafideiussioni.it\\\/es\\\/fianza-aseguradora-para-licitaciones-publicas\\\/fianza-liberacion-retenciones-garantia\\\/#breadcrumb\"},\"inLanguage\":\"es\",\"potentialAction\":[{\"@type\":\"ReadAction\",\"target\":[\"https:\\\/\\\/www.italiafideiussioni.it\\\/es\\\/fianza-aseguradora-para-licitaciones-publicas\\\/fianza-liberacion-retenciones-garantia\\\/\"]}]},{\"@type\":\"ImageObject\",\"inLanguage\":\"es\",\"@id\":\"https:\\\/\\\/www.italiafideiussioni.it\\\/es\\\/fianza-aseguradora-para-licitaciones-publicas\\\/fianza-liberacion-retenciones-garantia\\\/#primaryimage\",\"url\":\"https:\\\/\\\/www.italiafideiussioni.it\\\/wp-content\\\/uploads\\\/2019\\\/02\\\/fideiussioni-appalti-lavori.jpg\",\"contentUrl\":\"https:\\\/\\\/www.italiafideiussioni.it\\\/wp-content\\\/uploads\\\/2019\\\/02\\\/fideiussioni-appalti-lavori.jpg\",\"width\":1000,\"height\":667,\"caption\":\"engineering project in progress. construction concept\"},{\"@type\":\"BreadcrumbList\",\"@id\":\"https:\\\/\\\/www.italiafideiussioni.it\\\/es\\\/fianza-aseguradora-para-licitaciones-publicas\\\/fianza-liberacion-retenciones-garantia\\\/#breadcrumb\",\"itemListElement\":[{\"@type\":\"ListItem\",\"position\":1,\"name\":\"Home\",\"item\":\"https:\\\/\\\/www.italiafideiussioni.it\\\/es\\\/home-page-2013\\\/\"},{\"@type\":\"ListItem\",\"position\":2,\"name\":\"Fianza aseguradora para licitaciones p\u00fablicas\",\"item\":\"https:\\\/\\\/www.italiafideiussioni.it\\\/es\\\/fianza-aseguradora-para-licitaciones-publicas\\\/\"},{\"@type\":\"ListItem\",\"position\":3,\"name\":\"Fianza para la liberaci\u00f3n de retenciones de garant\u00eda\"}]},{\"@type\":\"WebSite\",\"@id\":\"https:\\\/\\\/www.italiafideiussioni.it\\\/es\\\/#website\",\"url\":\"https:\\\/\\\/www.italiafideiussioni.it\\\/es\\\/\",\"name\":\"Italia Fideiussioni\",\"description\":\"\",\"publisher\":{\"@id\":\"https:\\\/\\\/www.italiafideiussioni.it\\\/es\\\/#organization\"},\"potentialAction\":[{\"@type\":\"SearchAction\",\"target\":{\"@type\":\"EntryPoint\",\"urlTemplate\":\"https:\\\/\\\/www.italiafideiussioni.it\\\/es\\\/?s={search_term_string}\"},\"query-input\":{\"@type\":\"PropertyValueSpecification\",\"valueRequired\":true,\"valueName\":\"search_term_string\"}}],\"inLanguage\":\"es\"},{\"@type\":\"Organization\",\"@id\":\"https:\\\/\\\/www.italiafideiussioni.it\\\/es\\\/#organization\",\"name\":\"Fideiussioni s.r.l.\",\"url\":\"https:\\\/\\\/www.italiafideiussioni.it\\\/es\\\/\",\"logo\":{\"@type\":\"ImageObject\",\"inLanguage\":\"es\",\"@id\":\"https:\\\/\\\/www.italiafideiussioni.it\\\/es\\\/#\\\/schema\\\/logo\\\/image\\\/\",\"url\":\"https:\\\/\\\/www.italiafideiussioni.it\\\/wp-content\\\/uploads\\\/2018\\\/10\\\/italiafideiussioni-logo-white.png\",\"contentUrl\":\"https:\\\/\\\/www.italiafideiussioni.it\\\/wp-content\\\/uploads\\\/2018\\\/10\\\/italiafideiussioni-logo-white.png\",\"width\":516,\"height\":97,\"caption\":\"Fideiussioni s.r.l.\"},\"image\":{\"@id\":\"https:\\\/\\\/www.italiafideiussioni.it\\\/es\\\/#\\\/schema\\\/logo\\\/image\\\/\"},\"sameAs\":[\"https:\\\/\\\/www.facebook.com\\\/italiafideiussioni\\\/\",\"https:\\\/\\\/x.com\\\/itafideiussioni\",\"https:\\\/\\\/www.linkedin.com\\\/company\\\/italiafideiussioni-srl\\\/about\\\/\",\"https:\\\/\\\/www.youtube.com\\\/channel\\\/UC-OhbmM_pkAEKLqJ6nQbpjw\"]}]}<\/script>\n<!-- \/ Yoast SEO plugin. -->","yoast_head_json":{"title":"Fianza para la liberaci\u00f3n de retenciones de garant\u00eda | Italia Fideiussioni","description":"Para los ganadores de licitaciones p\u00fablicas o privadas, ofrecemos fianzas para la liberaci\u00f3n de las retenciones de garant\u00eda - Presupuesto en 2 horas","robots":{"index":"index","follow":"follow","max-snippet":"max-snippet:-1","max-image-preview":"max-image-preview:large","max-video-preview":"max-video-preview:-1"},"canonical":"https:\/\/www.italiafideiussioni.it\/es\/fianza-aseguradora-para-licitaciones-publicas\/fianza-liberacion-retenciones-garantia\/","og_locale":"es_ES","og_type":"article","og_title":"Fianza para la liberaci\u00f3n de retenciones de garant\u00eda | Italia Fideiussioni","og_description":"Para los ganadores de licitaciones p\u00fablicas o privadas, ofrecemos fianzas para la liberaci\u00f3n de las retenciones de garant\u00eda - Presupuesto en 2 horas","og_url":"https:\/\/www.italiafideiussioni.it\/es\/fianza-aseguradora-para-licitaciones-publicas\/fianza-liberacion-retenciones-garantia\/","og_site_name":"Italia Fideiussioni","article_publisher":"https:\/\/www.facebook.com\/italiafideiussioni\/","article_modified_time":"2025-01-07T07:50:14+00:00","og_image":[{"width":1000,"height":667,"url":"https:\/\/www.italiafideiussioni.it\/wp-content\/uploads\/2019\/02\/fideiussioni-appalti-lavori.jpg","type":"image\/jpeg"}],"twitter_card":"summary_large_image","twitter_site":"@itafideiussioni","twitter_misc":{"Tiempo de lectura":"2 minutos"},"schema":{"@context":"https:\/\/schema.org","@graph":[{"@type":"WebPage","@id":"https:\/\/www.italiafideiussioni.it\/es\/fianza-aseguradora-para-licitaciones-publicas\/fianza-liberacion-retenciones-garantia\/","url":"https:\/\/www.italiafideiussioni.it\/es\/fianza-aseguradora-para-licitaciones-publicas\/fianza-liberacion-retenciones-garantia\/","name":"Fianza para la liberaci\u00f3n de retenciones de garant\u00eda | Italia Fideiussioni","isPartOf":{"@id":"https:\/\/www.italiafideiussioni.it\/es\/#website"},"primaryImageOfPage":{"@id":"https:\/\/www.italiafideiussioni.it\/es\/fianza-aseguradora-para-licitaciones-publicas\/fianza-liberacion-retenciones-garantia\/#primaryimage"},"image":{"@id":"https:\/\/www.italiafideiussioni.it\/es\/fianza-aseguradora-para-licitaciones-publicas\/fianza-liberacion-retenciones-garantia\/#primaryimage"},"thumbnailUrl":"https:\/\/www.italiafideiussioni.it\/wp-content\/uploads\/2019\/02\/fideiussioni-appalti-lavori.jpg","datePublished":"2018-10-10T09:33:53+00:00","dateModified":"2025-01-07T07:50:14+00:00","description":"Para los ganadores de licitaciones p\u00fablicas o privadas, ofrecemos fianzas para la liberaci\u00f3n de las retenciones de garant\u00eda - Presupuesto en 2 horas","breadcrumb":{"@id":"https:\/\/www.italiafideiussioni.it\/es\/fianza-aseguradora-para-licitaciones-publicas\/fianza-liberacion-retenciones-garantia\/#breadcrumb"},"inLanguage":"es","potentialAction":[{"@type":"ReadAction","target":["https:\/\/www.italiafideiussioni.it\/es\/fianza-aseguradora-para-licitaciones-publicas\/fianza-liberacion-retenciones-garantia\/"]}]},{"@type":"ImageObject","inLanguage":"es","@id":"https:\/\/www.italiafideiussioni.it\/es\/fianza-aseguradora-para-licitaciones-publicas\/fianza-liberacion-retenciones-garantia\/#primaryimage","url":"https:\/\/www.italiafideiussioni.it\/wp-content\/uploads\/2019\/02\/fideiussioni-appalti-lavori.jpg","contentUrl":"https:\/\/www.italiafideiussioni.it\/wp-content\/uploads\/2019\/02\/fideiussioni-appalti-lavori.jpg","width":1000,"height":667,"caption":"engineering project in progress. construction concept"},{"@type":"BreadcrumbList","@id":"https:\/\/www.italiafideiussioni.it\/es\/fianza-aseguradora-para-licitaciones-publicas\/fianza-liberacion-retenciones-garantia\/#breadcrumb","itemListElement":[{"@type":"ListItem","position":1,"name":"Home","item":"https:\/\/www.italiafideiussioni.it\/es\/home-page-2013\/"},{"@type":"ListItem","position":2,"name":"Fianza aseguradora para licitaciones p\u00fablicas","item":"https:\/\/www.italiafideiussioni.it\/es\/fianza-aseguradora-para-licitaciones-publicas\/"},{"@type":"ListItem","position":3,"name":"Fianza para la liberaci\u00f3n de retenciones de garant\u00eda"}]},{"@type":"WebSite","@id":"https:\/\/www.italiafideiussioni.it\/es\/#website","url":"https:\/\/www.italiafideiussioni.it\/es\/","name":"Italia Fideiussioni","description":"","publisher":{"@id":"https:\/\/www.italiafideiussioni.it\/es\/#organization"},"potentialAction":[{"@type":"SearchAction","target":{"@type":"EntryPoint","urlTemplate":"https:\/\/www.italiafideiussioni.it\/es\/?s={search_term_string}"},"query-input":{"@type":"PropertyValueSpecification","valueRequired":true,"valueName":"search_term_string"}}],"inLanguage":"es"},{"@type":"Organization","@id":"https:\/\/www.italiafideiussioni.it\/es\/#organization","name":"Fideiussioni s.r.l.","url":"https:\/\/www.italiafideiussioni.it\/es\/","logo":{"@type":"ImageObject","inLanguage":"es","@id":"https:\/\/www.italiafideiussioni.it\/es\/#\/schema\/logo\/image\/","url":"https:\/\/www.italiafideiussioni.it\/wp-content\/uploads\/2018\/10\/italiafideiussioni-logo-white.png","contentUrl":"https:\/\/www.italiafideiussioni.it\/wp-content\/uploads\/2018\/10\/italiafideiussioni-logo-white.png","width":516,"height":97,"caption":"Fideiussioni s.r.l."},"image":{"@id":"https:\/\/www.italiafideiussioni.it\/es\/#\/schema\/logo\/image\/"},"sameAs":["https:\/\/www.facebook.com\/italiafideiussioni\/","https:\/\/x.com\/itafideiussioni","https:\/\/www.linkedin.com\/company\/italiafideiussioni-srl\/about\/","https:\/\/www.youtube.com\/channel\/UC-OhbmM_pkAEKLqJ6nQbpjw"]}]}},"_links":{"self":[{"href":"https:\/\/www.italiafideiussioni.it\/es\/wp-json\/wp\/v2\/pages\/9306","targetHints":{"allow":["GET"]}}],"collection":[{"href":"https:\/\/www.italiafideiussioni.it\/es\/wp-json\/wp\/v2\/pages"}],"about":[{"href":"https:\/\/www.italiafideiussioni.it\/es\/wp-json\/wp\/v2\/types\/page"}],"author":[{"embeddable":true,"href":"https:\/\/www.italiafideiussioni.it\/es\/wp-json\/wp\/v2\/users\/2"}],"replies":[{"embeddable":true,"href":"https:\/\/www.italiafideiussioni.it\/es\/wp-json\/wp\/v2\/comments?post=9306"}],"version-history":[{"count":2,"href":"https:\/\/www.italiafideiussioni.it\/es\/wp-json\/wp\/v2\/pages\/9306\/revisions"}],"predecessor-version":[{"id":9447,"href":"https:\/\/www.italiafideiussioni.it\/es\/wp-json\/wp\/v2\/pages\/9306\/revisions\/9447"}],"up":[{"embeddable":true,"href":"https:\/\/www.italiafideiussioni.it\/es\/wp-json\/wp\/v2\/pages\/9054"}],"wp:featuredmedia":[{"embeddable":true,"href":"https:\/\/www.italiafideiussioni.it\/es\/wp-json\/wp\/v2\/media\/9307"}],"wp:attachment":[{"href":"https:\/\/www.italiafideiussioni.it\/es\/wp-json\/wp\/v2\/media?parent=9306"}],"curies":[{"name":"wp","href":"https:\/\/api.w.org\/{rel}","templated":true}]}}