{"id":9276,"date":"2019-11-14T09:31:44","date_gmt":"2019-11-14T09:31:44","guid":{"rendered":"https:\/\/www.italiafideiussioni.it\/certificacion-de-capacidad-financiera\/polizza-rischio-ritiro-patente\/"},"modified":"2024-12-20T08:09:45","modified_gmt":"2024-12-20T08:09:45","slug":"polizza-rischio-ritiro-patente","status":"publish","type":"page","link":"https:\/\/www.italiafideiussioni.it\/es\/certificacion-de-capacidad-financiera\/polizza-rischio-ritiro-patente\/","title":{"rendered":"P\u00f3liza de Riesgo de Retiro de Licencia"},"content":{"rendered":"\n<p>Nueva p\u00f3liza que protege contra el riesgo de retiro de la licencia, la p\u00e9rdida total de puntos o la revisi\u00f3n de licencias y CQC.<\/p>\n\n\n\n<p><strong>Caracter\u00edsticas de la p\u00f3liza:<\/strong><\/p>\n\n\n\n<ul class=\"wp-block-list\">\n<li>La p\u00f3liza se emite a nombre de la empresa y cubre a todos sus conductores contratados, sin necesidad de indicar el nombre de cada conductor.<\/li>\n\n\n\n<li>El l\u00edmite de indemnizaci\u00f3n por retiro de licencia tiene un m\u00e1ximo agregado para la flota de 10.000,00 \u20ac, con una compensaci\u00f3n diaria de 55,00 \u20ac durante un m\u00e1ximo de 180 d\u00edas.<\/li>\n\n\n\n<li>Indemnizaci\u00f3n de 400,00 \u20ac para la recuperaci\u00f3n de puntos.<\/li>\n\n\n\n<li>Indemnizaci\u00f3n de 1.000,00 \u20ac por la revisi\u00f3n de licencias para la CQC (Certificaci\u00f3n de Cualificaci\u00f3n del Conductor) o por la p\u00e9rdida total de puntos.<\/li>\n\n\n\n<li>Cobertura de hasta 4.000,00 \u20ac para gastos legales relacionados con la p\u00e9rdida de puntos, el retiro de la licencia o la revisi\u00f3n de la misma. Este l\u00edmite se puede duplicar.<\/li>\n\n\n\n<li>Ofrecemos el servicio gratuito de monitoreo de puntos para todos los conductores de la empresa asegurada (servicio \u00fanico en Italia).<\/li>\n<\/ul>\n\n\n\n<p><strong>Normativa de referencia:<\/strong> \u201cExtracto del Art. 31 CCNL LOG\u00cdSTICA Y TRANSPORTE DE MERCANC\u00cdAS \u2013 Retiro de licencia \u2013 Tarjeta de conductor\u201d<\/p>\n\n\n\n<ul class=\"wp-block-list\">\n<li>El conductor al que la autoridad le retire la licencia de conducir por motivos que no impliquen el despido inmediato, tendr\u00e1 derecho a la conservaci\u00f3n de su puesto de trabajo durante un per\u00edodo de seis meses.<\/li>\n\n\n\n<li>En las empresas con hasta 6 empleados, el empleador deber\u00e1 asegurar al conductor contra el riesgo de retiro de la licencia por un m\u00e1ximo de seis meses, asumiendo el costo de la p\u00f3liza.<\/li>\n\n\n\n<li>En las empresas con m\u00e1s de 6 empleados, adem\u00e1s de la conservaci\u00f3n del puesto de trabajo, la empresa podr\u00e1 asignar al conductor a cualquier otro puesto de trabajo, pag\u00e1ndole el salario correspondiente al nivel del puesto asignado.<\/li>\n<\/ul>\n\n\n<div class=\"gb-container gb-container-00885037\">\n<style>.wp-block-kadence-advancedheading.kt-adv-heading9124_faaad1-f4, .wp-block-kadence-advancedheading.kt-adv-heading9124_faaad1-f4[data-kb-block=\"kb-adv-heading9124_faaad1-f4\"]{padding-top:var(--global-kb-spacing-sm, 1.5rem);padding-right:var(--global-kb-spacing-sm, 1.5rem);padding-left:var(--global-kb-spacing-sm, 1.5rem);text-align:center;font-style:normal;}.wp-block-kadence-advancedheading.kt-adv-heading9124_faaad1-f4 mark.kt-highlight, .wp-block-kadence-advancedheading.kt-adv-heading9124_faaad1-f4[data-kb-block=\"kb-adv-heading9124_faaad1-f4\"] mark.kt-highlight{font-style:normal;color:#f76a0c;-webkit-box-decoration-break:clone;box-decoration-break:clone;padding-top:0px;padding-right:0px;padding-bottom:0px;padding-left:0px;}.wp-block-kadence-advancedheading.kt-adv-heading9124_faaad1-f4 img.kb-inline-image, .wp-block-kadence-advancedheading.kt-adv-heading9124_faaad1-f4[data-kb-block=\"kb-adv-heading9124_faaad1-f4\"] img.kb-inline-image{width:150px;vertical-align:baseline;}<\/style>\n<h3 class=\"kt-adv-heading9124_faaad1-f4 wp-block-kadence-advancedheading\" data-kb-block=\"kb-adv-heading9124_faaad1-f4\"><strong>Cont\u00e1ctanos directamente en l\u00ednea<\/strong> para recibir una respuesta inmediata, o llama a una de nuestras oficinas m\u00e1s cercanas:\u00a0<strong>Tel.\u00a0\u00a0 <a href=\"tel:+39055285313\">+39 055 28.53.13<\/a> \u00a0 \u2013 \u00a0Tel. \u00a0<a href=\"tel:+390266712417\">+39 02 667.124.17<\/a><\/strong> <br><strong>Email :\u00a0<a>info@italiafideiussioni.it<\/a><\/strong><\/h3>\n\n\n<style>.wp-block-kadence-advancedheading.kt-adv-heading9124_05457c-bf, .wp-block-kadence-advancedheading.kt-adv-heading9124_05457c-bf[data-kb-block=\"kb-adv-heading9124_05457c-bf\"]{padding-right:var(--global-kb-spacing-sm, 1.5rem);padding-left:var(--global-kb-spacing-sm, 1.5rem);text-align:center;font-style:normal;}.wp-block-kadence-advancedheading.kt-adv-heading9124_05457c-bf mark.kt-highlight, .wp-block-kadence-advancedheading.kt-adv-heading9124_05457c-bf[data-kb-block=\"kb-adv-heading9124_05457c-bf\"] mark.kt-highlight{font-style:normal;color:#f76a0c;-webkit-box-decoration-break:clone;box-decoration-break:clone;padding-top:0px;padding-right:0px;padding-bottom:0px;padding-left:0px;}.wp-block-kadence-advancedheading.kt-adv-heading9124_05457c-bf img.kb-inline-image, .wp-block-kadence-advancedheading.kt-adv-heading9124_05457c-bf[data-kb-block=\"kb-adv-heading9124_05457c-bf\"] img.kb-inline-image{width:150px;vertical-align:baseline;}<\/style>\n<h3 class=\"kt-adv-heading9124_05457c-bf wp-block-kadence-advancedheading\" data-kb-block=\"kb-adv-heading9124_05457c-bf\">Tambi\u00e9n puedes contactarnos a trav\u00e9s de\u00a0\u00a0<img decoding=\"async\" width=\"33\" height=\"32\" class=\"alignnone wp-image-1056\" src=\"https:\/\/www.italiafideiussioni.it\/wp-content\/uploads\/2015\/04\/WhatsApp_Logo_6.png\" alt=\"\">\u00a0\u00a0<strong><a href=\"https:\/\/wa.me\/+393397150157\" target=\"_blank\" rel=\"noreferrer noopener\">WhatsApp: \u00a0+39 339 71.50.157<\/a><\/strong>\u00a0 Env\u00edanos un mensaje y te responderemos en horario de oficina, dentro de 5 minutos.<\/h3>\n\n<\/div>\n\n<div class=\"gb-container gb-container-715be5ab\">\n<style>.wp-block-kadence-advancedheading.kt-adv-heading9124_a0db97-6a, .wp-block-kadence-advancedheading.kt-adv-heading9124_a0db97-6a[data-kb-block=\"kb-adv-heading9124_a0db97-6a\"]{padding-top:var(--global-kb-spacing-sm, 1.5rem);padding-right:var(--global-kb-spacing-sm, 1.5rem);padding-left:var(--global-kb-spacing-sm, 1.5rem);text-align:center;font-style:normal;}.wp-block-kadence-advancedheading.kt-adv-heading9124_a0db97-6a mark.kt-highlight, .wp-block-kadence-advancedheading.kt-adv-heading9124_a0db97-6a[data-kb-block=\"kb-adv-heading9124_a0db97-6a\"] mark.kt-highlight{font-style:normal;color:#f76a0c;-webkit-box-decoration-break:clone;box-decoration-break:clone;padding-top:0px;padding-right:0px;padding-bottom:0px;padding-left:0px;}.wp-block-kadence-advancedheading.kt-adv-heading9124_a0db97-6a img.kb-inline-image, .wp-block-kadence-advancedheading.kt-adv-heading9124_a0db97-6a[data-kb-block=\"kb-adv-heading9124_a0db97-6a\"] img.kb-inline-image{width:150px;vertical-align:baseline;}<\/style>\n<h3 class=\"kt-adv-heading9124_a0db97-6a wp-block-kadence-advancedheading\" data-kb-block=\"kb-adv-heading9124_a0db97-6a\">Las <strong>opiniones positivas de nuestros clientes<\/strong> son la prueba tangible de nuestra excelencia. <strong>Haz clic aqu\u00ed<\/strong> para ver lo que dicen las personas que han vivido nuestra experiencia.<\/h3>\n\n\n\n<div id=\"brb_collection_3943\"><\/div><script type=\"text\/javascript\">!function(e){var c=document.createElement(\"script\");c.src=e,document.body.appendChild(c)}(\"https:\/\/www.italiafideiussioni.it\/wp-admin\/admin-ajax.php?action=brb_embed&brb_collection_id=3943&brb_callback=brb_\"+(new Date).getTime());<\/script>\n\n<\/div>\n\n<style>.wp-block-kadence-advancedheading.kt-adv-heading9276_3fbb6e-6d, .wp-block-kadence-advancedheading.kt-adv-heading9276_3fbb6e-6d[data-kb-block=\"kb-adv-heading9276_3fbb6e-6d\"]{font-size:23px;font-style:normal;}.wp-block-kadence-advancedheading.kt-adv-heading9276_3fbb6e-6d mark.kt-highlight, .wp-block-kadence-advancedheading.kt-adv-heading9276_3fbb6e-6d[data-kb-block=\"kb-adv-heading9276_3fbb6e-6d\"] mark.kt-highlight{font-style:normal;color:#f76a0c;-webkit-box-decoration-break:clone;box-decoration-break:clone;padding-top:0px;padding-right:0px;padding-bottom:0px;padding-left:0px;}.wp-block-kadence-advancedheading.kt-adv-heading9276_3fbb6e-6d img.kb-inline-image, .wp-block-kadence-advancedheading.kt-adv-heading9276_3fbb6e-6d[data-kb-block=\"kb-adv-heading9276_3fbb6e-6d\"] img.kb-inline-image{width:150px;vertical-align:baseline;}<\/style>\n<p class=\"kt-adv-heading9276_3fbb6e-6d wp-block-kadence-advancedheading\" data-kb-block=\"kb-adv-heading9276_3fbb6e-6d\"><strong>PREGUNTAS FRECUENTES (FAQ)<\/strong><\/p>\n\n\n\n<p><strong>\u00bfC\u00f3mo se entrega la p\u00f3liza?<\/strong><br>Gracias a nuestra firma digital, es posible recibir la p\u00f3liza por correo electr\u00f3nico certificado (PEC).<\/p>\n\n\n\n<p><strong>\u00bfC\u00f3mo se realiza el pago?<\/strong><br>El pago se puede realizar mediante transferencia bancaria o PayPal.<\/p>\n\n\n\n<p><strong>\u00bfEn cu\u00e1nto tiempo se entrega la p\u00f3liza?<\/strong><br>Una vez realizada la transferencia, la entrega se realiza en un plazo de 24 horas.<\/p>\n\n\n\n<p><strong>\u00bfC\u00f3mo puedo obtener la p\u00f3liza sin acudir a sus oficinas debido a la pandemia de Covid-19?<\/strong><br>La solicitud y emisi\u00f3n de la p\u00f3liza de riesgo de retiro de licencia se pueden gestionar a distancia, por correo electr\u00f3nico o por tel\u00e9fono. Todo se puede hacer en l\u00ednea de forma r\u00e1pida mediante nuestra firma digital.<\/p>\n\n\n\n<p><strong>Si me encuentro en una regi\u00f3n lejana de sus oficinas, \u00bfc\u00f3mo puedo obtener la p\u00f3liza?<\/strong><br>Es muy simple. Podemos operar por tel\u00e9fono o correo electr\u00f3nico. La p\u00f3liza de riesgo de retiro de licencia se puede obtener a distancia, en l\u00ednea y en tiempo real.<\/p>\n\n\n<style>.wp-block-kadence-advancedheading.kt-adv-heading9276_16a833-e7, .wp-block-kadence-advancedheading.kt-adv-heading9276_16a833-e7[data-kb-block=\"kb-adv-heading9276_16a833-e7\"]{font-size:23px;font-style:normal;}.wp-block-kadence-advancedheading.kt-adv-heading9276_16a833-e7 mark.kt-highlight, .wp-block-kadence-advancedheading.kt-adv-heading9276_16a833-e7[data-kb-block=\"kb-adv-heading9276_16a833-e7\"] mark.kt-highlight{font-style:normal;color:#f76a0c;-webkit-box-decoration-break:clone;box-decoration-break:clone;padding-top:0px;padding-right:0px;padding-bottom:0px;padding-left:0px;}.wp-block-kadence-advancedheading.kt-adv-heading9276_16a833-e7 img.kb-inline-image, .wp-block-kadence-advancedheading.kt-adv-heading9276_16a833-e7[data-kb-block=\"kb-adv-heading9276_16a833-e7\"] img.kb-inline-image{width:150px;vertical-align:baseline;}<\/style>\n<p class=\"kt-adv-heading9276_16a833-e7 wp-block-kadence-advancedheading\" data-kb-block=\"kb-adv-heading9276_16a833-e7\"><strong>ITALIA FIDEIUSSIONI<\/strong>: <strong>\u00bfPOR QU\u00c9 ELEGIRNOS?<\/strong><\/p>\n\n\n\n<p><strong>RAPIDEZ<\/strong><br>Estamos en condiciones de emitir la p\u00f3liza de seguro en tan solo 2 d\u00edas desde que recibimos todos los documentos necesarios.<\/p>\n\n\n\n<p><strong>ASISTENCIA Y CONSULTOR\u00cdA<\/strong><br>Contamos con un sistema de consultor\u00eda en l\u00ednea, asistencia telef\u00f3nica, soporte a trav\u00e9s de WhatsApp y correo electr\u00f3nico, que asiste al cliente sin plazos ni l\u00edmites, incluso despu\u00e9s de haber realizado la compra.<\/p>\n\n\n\n<p><strong>PRIVACIDAD Y RESPETO A LA CONFIDENCIALIDAD<\/strong><br>Nuestra empresa se compromete a utilizar los datos personales de forma consciente y reservada, limit\u00e1ndolos exclusivamente a la solicitud de la p\u00f3liza de riesgo de retiro de licencia.<\/p>\n\n\n\n<p>Con nosotros, tus datos personales est\u00e1n seguros, gracias a nuestros sistemas inform\u00e1ticos protegidos.<\/p>\n\n\n\n<p><strong>PROFESIONALIDAD<\/strong><br>Nuestra profesionalidad se manifiesta a trav\u00e9s de nuestros resultados. Te invitamos a leer las experiencias de nuestros clientes a trav\u00e9s de las rese\u00f1as publicadas en Google, donde demostramos ser fiables, competentes, flexibles, coherentes y cre\u00edbles en nuestro trabajo.<\/p>\n","protected":false},"excerpt":{"rendered":"<p>Nueva p\u00f3liza que protege contra el riesgo de retiro de la licencia, la p\u00e9rdida total de puntos o la revisi\u00f3n de licencias y CQC. Caracter\u00edsticas de la p\u00f3liza: Normativa de referencia: \u201cExtracto del Art. 31 CCNL LOG\u00cdSTICA Y TRANSPORTE DE MERCANC\u00cdAS \u2013 Retiro de licencia \u2013 Tarjeta de conductor\u201d PREGUNTAS FRECUENTES (FAQ) \u00bfC\u00f3mo se entrega [&hellip;]<\/p>\n","protected":false},"author":2,"featured_media":9278,"parent":9060,"menu_order":5,"comment_status":"closed","ping_status":"closed","template":"","meta":{"_acf_changed":false,"_yoast_wpseo_focuskw":"","_yoast_wpseo_title":"P\u00f3liza de Riesgo de Retiro de Licencia | Italia Fideiussioni","_yoast_wpseo_metadesc":"La p\u00f3liza de retiro de licencias e indemnizaci\u00f3n por recuperaci\u00f3n de puntos es una ventaja inmediata para cada empresa de transporte - Presupuesto en 2 horas","_yoast_wpseo_meta-robots-noindex":"","_yoast_wpseo_meta-robots-nofollow":"","_yoast_wpseo_canonical":"","_yoast_wpseo_opengraph-title":"","_yoast_wpseo_opengraph-description":"","_yoast_wpseo_opengraph-image":"","_yoast_wpseo_opengraph-image-id":"","_yoast_wpseo_twitter-title":"","_yoast_wpseo_twitter-description":"","_yoast_wpseo_twitter-image":"","footnotes":""},"class_list":["post-9276","page","type-page","status-publish","has-post-thumbnail","hentry"],"acf":{"blocco_testimonianze":"2","macroarea_servizi":"","blocco_iniziale":"","blocco_euro_titolo":"","blocco_euro_testo":"","immagini_aggiuntive":false,"blocco_info_titolo":"","blocco_info_testo":""},"yoast_head":"<!-- This site is optimized with the Yoast SEO plugin v27.3 - https:\/\/yoast.com\/product\/yoast-seo-wordpress\/ -->\n<title>P\u00f3liza de Riesgo de Retiro de Licencia | Italia Fideiussioni<\/title>\n<meta name=\"description\" content=\"La p\u00f3liza de retiro de licencias e indemnizaci\u00f3n por recuperaci\u00f3n de puntos es una ventaja inmediata para cada empresa de transporte - Presupuesto en 2 horas\" \/>\n<meta name=\"robots\" content=\"index, follow, max-snippet:-1, max-image-preview:large, max-video-preview:-1\" \/>\n<link rel=\"canonical\" href=\"https:\/\/www.italiafideiussioni.it\/es\/certificacion-de-capacidad-financiera\/polizza-rischio-ritiro-patente\/\" \/>\n<meta property=\"og:locale\" content=\"es_ES\" \/>\n<meta property=\"og:type\" content=\"article\" \/>\n<meta property=\"og:title\" content=\"P\u00f3liza de Riesgo de Retiro de Licencia | Italia Fideiussioni\" \/>\n<meta property=\"og:description\" content=\"La p\u00f3liza de retiro de licencias e indemnizaci\u00f3n por recuperaci\u00f3n de puntos es una ventaja inmediata para cada empresa de transporte - Presupuesto en 2 horas\" \/>\n<meta property=\"og:url\" content=\"https:\/\/www.italiafideiussioni.it\/es\/certificacion-de-capacidad-financiera\/polizza-rischio-ritiro-patente\/\" \/>\n<meta property=\"og:site_name\" content=\"Italia Fideiussioni\" \/>\n<meta property=\"article:publisher\" content=\"https:\/\/www.facebook.com\/italiafideiussioni\/\" \/>\n<meta property=\"article:modified_time\" content=\"2024-12-20T08:09:45+00:00\" \/>\n<meta property=\"og:image\" content=\"https:\/\/www.italiafideiussioni.it\/wp-content\/uploads\/2019\/11\/polizza-rischio-ritiro-patente-1.jpg\" \/>\n\t<meta property=\"og:image:width\" content=\"1000\" \/>\n\t<meta property=\"og:image:height\" content=\"667\" \/>\n\t<meta property=\"og:image:type\" content=\"image\/jpeg\" \/>\n<meta name=\"twitter:card\" content=\"summary_large_image\" \/>\n<meta name=\"twitter:site\" content=\"@itafideiussioni\" \/>\n<meta name=\"twitter:label1\" content=\"Tiempo de lectura\" \/>\n\t<meta name=\"twitter:data1\" content=\"5 minutos\" \/>\n<script type=\"application\/ld+json\" class=\"yoast-schema-graph\">{\"@context\":\"https:\\\/\\\/schema.org\",\"@graph\":[{\"@type\":\"WebPage\",\"@id\":\"https:\\\/\\\/www.italiafideiussioni.it\\\/es\\\/certificacion-de-capacidad-financiera\\\/polizza-rischio-ritiro-patente\\\/\",\"url\":\"https:\\\/\\\/www.italiafideiussioni.it\\\/es\\\/certificacion-de-capacidad-financiera\\\/polizza-rischio-ritiro-patente\\\/\",\"name\":\"P\u00f3liza de Riesgo de Retiro de Licencia | Italia Fideiussioni\",\"isPartOf\":{\"@id\":\"https:\\\/\\\/www.italiafideiussioni.it\\\/es\\\/#website\"},\"primaryImageOfPage\":{\"@id\":\"https:\\\/\\\/www.italiafideiussioni.it\\\/es\\\/certificacion-de-capacidad-financiera\\\/polizza-rischio-ritiro-patente\\\/#primaryimage\"},\"image\":{\"@id\":\"https:\\\/\\\/www.italiafideiussioni.it\\\/es\\\/certificacion-de-capacidad-financiera\\\/polizza-rischio-ritiro-patente\\\/#primaryimage\"},\"thumbnailUrl\":\"https:\\\/\\\/www.italiafideiussioni.it\\\/wp-content\\\/uploads\\\/2019\\\/11\\\/polizza-rischio-ritiro-patente-1.jpg\",\"datePublished\":\"2019-11-14T09:31:44+00:00\",\"dateModified\":\"2024-12-20T08:09:45+00:00\",\"description\":\"La p\u00f3liza de retiro de licencias e indemnizaci\u00f3n por recuperaci\u00f3n de puntos es una ventaja inmediata para cada empresa de transporte - Presupuesto en 2 horas\",\"breadcrumb\":{\"@id\":\"https:\\\/\\\/www.italiafideiussioni.it\\\/es\\\/certificacion-de-capacidad-financiera\\\/polizza-rischio-ritiro-patente\\\/#breadcrumb\"},\"inLanguage\":\"es\",\"potentialAction\":[{\"@type\":\"ReadAction\",\"target\":[\"https:\\\/\\\/www.italiafideiussioni.it\\\/es\\\/certificacion-de-capacidad-financiera\\\/polizza-rischio-ritiro-patente\\\/\"]}]},{\"@type\":\"ImageObject\",\"inLanguage\":\"es\",\"@id\":\"https:\\\/\\\/www.italiafideiussioni.it\\\/es\\\/certificacion-de-capacidad-financiera\\\/polizza-rischio-ritiro-patente\\\/#primaryimage\",\"url\":\"https:\\\/\\\/www.italiafideiussioni.it\\\/wp-content\\\/uploads\\\/2019\\\/11\\\/polizza-rischio-ritiro-patente-1.jpg\",\"contentUrl\":\"https:\\\/\\\/www.italiafideiussioni.it\\\/wp-content\\\/uploads\\\/2019\\\/11\\\/polizza-rischio-ritiro-patente-1.jpg\",\"width\":1000,\"height\":667},{\"@type\":\"BreadcrumbList\",\"@id\":\"https:\\\/\\\/www.italiafideiussioni.it\\\/es\\\/certificacion-de-capacidad-financiera\\\/polizza-rischio-ritiro-patente\\\/#breadcrumb\",\"itemListElement\":[{\"@type\":\"ListItem\",\"position\":1,\"name\":\"Home\",\"item\":\"https:\\\/\\\/www.italiafideiussioni.it\\\/es\\\/home-page-2013\\\/\"},{\"@type\":\"ListItem\",\"position\":2,\"name\":\"Certificaci\u00f3n de Capacidad Financiera\",\"item\":\"https:\\\/\\\/www.italiafideiussioni.it\\\/es\\\/certificacion-de-capacidad-financiera\\\/\"},{\"@type\":\"ListItem\",\"position\":3,\"name\":\"P\u00f3liza de Riesgo de Retiro de Licencia\"}]},{\"@type\":\"WebSite\",\"@id\":\"https:\\\/\\\/www.italiafideiussioni.it\\\/es\\\/#website\",\"url\":\"https:\\\/\\\/www.italiafideiussioni.it\\\/es\\\/\",\"name\":\"Italia Fideiussioni\",\"description\":\"\",\"publisher\":{\"@id\":\"https:\\\/\\\/www.italiafideiussioni.it\\\/es\\\/#organization\"},\"potentialAction\":[{\"@type\":\"SearchAction\",\"target\":{\"@type\":\"EntryPoint\",\"urlTemplate\":\"https:\\\/\\\/www.italiafideiussioni.it\\\/es\\\/?s={search_term_string}\"},\"query-input\":{\"@type\":\"PropertyValueSpecification\",\"valueRequired\":true,\"valueName\":\"search_term_string\"}}],\"inLanguage\":\"es\"},{\"@type\":\"Organization\",\"@id\":\"https:\\\/\\\/www.italiafideiussioni.it\\\/es\\\/#organization\",\"name\":\"Fideiussioni s.r.l.\",\"url\":\"https:\\\/\\\/www.italiafideiussioni.it\\\/es\\\/\",\"logo\":{\"@type\":\"ImageObject\",\"inLanguage\":\"es\",\"@id\":\"https:\\\/\\\/www.italiafideiussioni.it\\\/es\\\/#\\\/schema\\\/logo\\\/image\\\/\",\"url\":\"https:\\\/\\\/www.italiafideiussioni.it\\\/wp-content\\\/uploads\\\/2018\\\/10\\\/italiafideiussioni-logo-white.png\",\"contentUrl\":\"https:\\\/\\\/www.italiafideiussioni.it\\\/wp-content\\\/uploads\\\/2018\\\/10\\\/italiafideiussioni-logo-white.png\",\"width\":516,\"height\":97,\"caption\":\"Fideiussioni s.r.l.\"},\"image\":{\"@id\":\"https:\\\/\\\/www.italiafideiussioni.it\\\/es\\\/#\\\/schema\\\/logo\\\/image\\\/\"},\"sameAs\":[\"https:\\\/\\\/www.facebook.com\\\/italiafideiussioni\\\/\",\"https:\\\/\\\/x.com\\\/itafideiussioni\",\"https:\\\/\\\/www.linkedin.com\\\/company\\\/italiafideiussioni-srl\\\/about\\\/\",\"https:\\\/\\\/www.youtube.com\\\/channel\\\/UC-OhbmM_pkAEKLqJ6nQbpjw\"]}]}<\/script>\n<!-- \/ Yoast SEO plugin. -->","yoast_head_json":{"title":"P\u00f3liza de Riesgo de Retiro de Licencia | Italia Fideiussioni","description":"La p\u00f3liza de retiro de licencias e indemnizaci\u00f3n por recuperaci\u00f3n de puntos es una ventaja inmediata para cada empresa de transporte - Presupuesto en 2 horas","robots":{"index":"index","follow":"follow","max-snippet":"max-snippet:-1","max-image-preview":"max-image-preview:large","max-video-preview":"max-video-preview:-1"},"canonical":"https:\/\/www.italiafideiussioni.it\/es\/certificacion-de-capacidad-financiera\/polizza-rischio-ritiro-patente\/","og_locale":"es_ES","og_type":"article","og_title":"P\u00f3liza de Riesgo de Retiro de Licencia | Italia Fideiussioni","og_description":"La p\u00f3liza de retiro de licencias e indemnizaci\u00f3n por recuperaci\u00f3n de puntos es una ventaja inmediata para cada empresa de transporte - Presupuesto en 2 horas","og_url":"https:\/\/www.italiafideiussioni.it\/es\/certificacion-de-capacidad-financiera\/polizza-rischio-ritiro-patente\/","og_site_name":"Italia Fideiussioni","article_publisher":"https:\/\/www.facebook.com\/italiafideiussioni\/","article_modified_time":"2024-12-20T08:09:45+00:00","og_image":[{"width":1000,"height":667,"url":"https:\/\/www.italiafideiussioni.it\/wp-content\/uploads\/2019\/11\/polizza-rischio-ritiro-patente-1.jpg","type":"image\/jpeg"}],"twitter_card":"summary_large_image","twitter_site":"@itafideiussioni","twitter_misc":{"Tiempo de lectura":"5 minutos"},"schema":{"@context":"https:\/\/schema.org","@graph":[{"@type":"WebPage","@id":"https:\/\/www.italiafideiussioni.it\/es\/certificacion-de-capacidad-financiera\/polizza-rischio-ritiro-patente\/","url":"https:\/\/www.italiafideiussioni.it\/es\/certificacion-de-capacidad-financiera\/polizza-rischio-ritiro-patente\/","name":"P\u00f3liza de Riesgo de Retiro de Licencia | Italia Fideiussioni","isPartOf":{"@id":"https:\/\/www.italiafideiussioni.it\/es\/#website"},"primaryImageOfPage":{"@id":"https:\/\/www.italiafideiussioni.it\/es\/certificacion-de-capacidad-financiera\/polizza-rischio-ritiro-patente\/#primaryimage"},"image":{"@id":"https:\/\/www.italiafideiussioni.it\/es\/certificacion-de-capacidad-financiera\/polizza-rischio-ritiro-patente\/#primaryimage"},"thumbnailUrl":"https:\/\/www.italiafideiussioni.it\/wp-content\/uploads\/2019\/11\/polizza-rischio-ritiro-patente-1.jpg","datePublished":"2019-11-14T09:31:44+00:00","dateModified":"2024-12-20T08:09:45+00:00","description":"La p\u00f3liza de retiro de licencias e indemnizaci\u00f3n por recuperaci\u00f3n de puntos es una ventaja inmediata para cada empresa de transporte - Presupuesto en 2 horas","breadcrumb":{"@id":"https:\/\/www.italiafideiussioni.it\/es\/certificacion-de-capacidad-financiera\/polizza-rischio-ritiro-patente\/#breadcrumb"},"inLanguage":"es","potentialAction":[{"@type":"ReadAction","target":["https:\/\/www.italiafideiussioni.it\/es\/certificacion-de-capacidad-financiera\/polizza-rischio-ritiro-patente\/"]}]},{"@type":"ImageObject","inLanguage":"es","@id":"https:\/\/www.italiafideiussioni.it\/es\/certificacion-de-capacidad-financiera\/polizza-rischio-ritiro-patente\/#primaryimage","url":"https:\/\/www.italiafideiussioni.it\/wp-content\/uploads\/2019\/11\/polizza-rischio-ritiro-patente-1.jpg","contentUrl":"https:\/\/www.italiafideiussioni.it\/wp-content\/uploads\/2019\/11\/polizza-rischio-ritiro-patente-1.jpg","width":1000,"height":667},{"@type":"BreadcrumbList","@id":"https:\/\/www.italiafideiussioni.it\/es\/certificacion-de-capacidad-financiera\/polizza-rischio-ritiro-patente\/#breadcrumb","itemListElement":[{"@type":"ListItem","position":1,"name":"Home","item":"https:\/\/www.italiafideiussioni.it\/es\/home-page-2013\/"},{"@type":"ListItem","position":2,"name":"Certificaci\u00f3n de Capacidad Financiera","item":"https:\/\/www.italiafideiussioni.it\/es\/certificacion-de-capacidad-financiera\/"},{"@type":"ListItem","position":3,"name":"P\u00f3liza de Riesgo de Retiro de Licencia"}]},{"@type":"WebSite","@id":"https:\/\/www.italiafideiussioni.it\/es\/#website","url":"https:\/\/www.italiafideiussioni.it\/es\/","name":"Italia Fideiussioni","description":"","publisher":{"@id":"https:\/\/www.italiafideiussioni.it\/es\/#organization"},"potentialAction":[{"@type":"SearchAction","target":{"@type":"EntryPoint","urlTemplate":"https:\/\/www.italiafideiussioni.it\/es\/?s={search_term_string}"},"query-input":{"@type":"PropertyValueSpecification","valueRequired":true,"valueName":"search_term_string"}}],"inLanguage":"es"},{"@type":"Organization","@id":"https:\/\/www.italiafideiussioni.it\/es\/#organization","name":"Fideiussioni s.r.l.","url":"https:\/\/www.italiafideiussioni.it\/es\/","logo":{"@type":"ImageObject","inLanguage":"es","@id":"https:\/\/www.italiafideiussioni.it\/es\/#\/schema\/logo\/image\/","url":"https:\/\/www.italiafideiussioni.it\/wp-content\/uploads\/2018\/10\/italiafideiussioni-logo-white.png","contentUrl":"https:\/\/www.italiafideiussioni.it\/wp-content\/uploads\/2018\/10\/italiafideiussioni-logo-white.png","width":516,"height":97,"caption":"Fideiussioni s.r.l."},"image":{"@id":"https:\/\/www.italiafideiussioni.it\/es\/#\/schema\/logo\/image\/"},"sameAs":["https:\/\/www.facebook.com\/italiafideiussioni\/","https:\/\/x.com\/itafideiussioni","https:\/\/www.linkedin.com\/company\/italiafideiussioni-srl\/about\/","https:\/\/www.youtube.com\/channel\/UC-OhbmM_pkAEKLqJ6nQbpjw"]}]}},"_links":{"self":[{"href":"https:\/\/www.italiafideiussioni.it\/es\/wp-json\/wp\/v2\/pages\/9276","targetHints":{"allow":["GET"]}}],"collection":[{"href":"https:\/\/www.italiafideiussioni.it\/es\/wp-json\/wp\/v2\/pages"}],"about":[{"href":"https:\/\/www.italiafideiussioni.it\/es\/wp-json\/wp\/v2\/types\/page"}],"author":[{"embeddable":true,"href":"https:\/\/www.italiafideiussioni.it\/es\/wp-json\/wp\/v2\/users\/2"}],"replies":[{"embeddable":true,"href":"https:\/\/www.italiafideiussioni.it\/es\/wp-json\/wp\/v2\/comments?post=9276"}],"version-history":[{"count":1,"href":"https:\/\/www.italiafideiussioni.it\/es\/wp-json\/wp\/v2\/pages\/9276\/revisions"}],"predecessor-version":[{"id":9280,"href":"https:\/\/www.italiafideiussioni.it\/es\/wp-json\/wp\/v2\/pages\/9276\/revisions\/9280"}],"up":[{"embeddable":true,"href":"https:\/\/www.italiafideiussioni.it\/es\/wp-json\/wp\/v2\/pages\/9060"}],"wp:featuredmedia":[{"embeddable":true,"href":"https:\/\/www.italiafideiussioni.it\/es\/wp-json\/wp\/v2\/media\/9278"}],"wp:attachment":[{"href":"https:\/\/www.italiafideiussioni.it\/es\/wp-json\/wp\/v2\/media?parent=9276"}],"curies":[{"name":"wp","href":"https:\/\/api.w.org\/{rel}","templated":true}]}}