{"id":9155,"date":"2024-12-18T13:58:58","date_gmt":"2024-12-18T13:58:58","guid":{"rendered":"https:\/\/www.italiafideiussioni.it\/?page_id=9155"},"modified":"2024-12-31T11:29:20","modified_gmt":"2024-12-31T11:29:20","slug":"fianza-bancaria-polizas-extranjeros","status":"publish","type":"page","link":"https:\/\/www.italiafideiussioni.it\/es\/fianza-bancaria-polizas-extranjeros\/","title":{"rendered":"Fianza Bancaria y P\u00f3lizas para Extranjeros"},"content":{"rendered":"\n<p><strong>\u00bfTu banco te exige un dep\u00f3sito como garant\u00eda?<\/strong><br><strong>\u00a1Con nosotros NO necesitas hacer ning\u00fan dep\u00f3sito ni abrir una cuenta bancaria!<\/strong><\/p>\n\n\n\n<p><strong>\u00a1Tenemos una soluci\u00f3n r\u00e1pida y eficaz para los visados tur\u00edsticos de Italia!<\/strong><\/p>\n\n\n\n<p>Con nosotros, <strong>NO necesitas abrir una cuenta bancaria ni depositar dinero como garant\u00eda<\/strong>.<\/p>\n\n\n\n<p>Si tienes urgencia, te proporcionamos la <strong>Fianza Bancaria para el visado tur\u00edstico de Italia<\/strong> <strong>sin necesidad de depositar dinero como garant\u00eda y en tiempos r\u00e1pidos<\/strong>.<\/p>\n\n\n\n<p>Adem\u00e1s, contamos con la <strong>P\u00f3liza de Seguro M\u00e9dico obligatoria<\/strong> para obtener el visado Schengen, que, si es realmente urgente, <strong>la entregamos en 2 horas<\/strong>.<\/p>\n\n\n\n<p><strong>Nos ocupamos de:<\/strong><\/p>\n\n\n\n<ul class=\"wp-block-list\">\n<li><strong>Fianza Bancaria para Visado de Turismo para Extranjeros en Italia<\/strong><\/li>\n\n\n\n<li><strong>Fianza Bancaria para Visado de Estudio<\/strong><\/li>\n\n\n\n<li><strong>Fianza Bancaria para Reagrupaci\u00f3n Familiar<\/strong><\/li>\n\n\n\n<li><strong>Fianza Bancaria para Visado de Trabajo<\/strong><\/li>\n\n\n\n<li><strong>Fianza Bancaria para Visado por Tratamiento M\u00e9dico o por Motivos Religiosos<\/strong><\/li>\n\n\n\n<li><strong>P\u00f3liza de Seguro M\u00e9dico para Visado Tur\u00edstico para ciudadanos extranjeros en el Espacio Schengen<\/strong><\/li>\n<\/ul>\n\n\n<div class=\"gb-container gb-container-00885037\">\n<style>.wp-block-kadence-advancedheading.kt-adv-heading9124_faaad1-f4, .wp-block-kadence-advancedheading.kt-adv-heading9124_faaad1-f4[data-kb-block=\"kb-adv-heading9124_faaad1-f4\"]{padding-top:var(--global-kb-spacing-sm, 1.5rem);padding-right:var(--global-kb-spacing-sm, 1.5rem);padding-left:var(--global-kb-spacing-sm, 1.5rem);text-align:center;font-style:normal;}.wp-block-kadence-advancedheading.kt-adv-heading9124_faaad1-f4 mark.kt-highlight, .wp-block-kadence-advancedheading.kt-adv-heading9124_faaad1-f4[data-kb-block=\"kb-adv-heading9124_faaad1-f4\"] mark.kt-highlight{font-style:normal;color:#f76a0c;-webkit-box-decoration-break:clone;box-decoration-break:clone;padding-top:0px;padding-right:0px;padding-bottom:0px;padding-left:0px;}.wp-block-kadence-advancedheading.kt-adv-heading9124_faaad1-f4 img.kb-inline-image, .wp-block-kadence-advancedheading.kt-adv-heading9124_faaad1-f4[data-kb-block=\"kb-adv-heading9124_faaad1-f4\"] img.kb-inline-image{width:150px;vertical-align:baseline;}<\/style>\n<h3 class=\"kt-adv-heading9124_faaad1-f4 wp-block-kadence-advancedheading\" data-kb-block=\"kb-adv-heading9124_faaad1-f4\"><strong>Cont\u00e1ctanos directamente en l\u00ednea<\/strong> para recibir una respuesta inmediata, o llama a una de nuestras oficinas m\u00e1s cercanas:\u00a0<strong>Tel.\u00a0\u00a0 <a href=\"tel:+39055285313\">+39 055 28.53.13<\/a> \u00a0 \u2013 \u00a0Tel. \u00a0<a href=\"tel:+390266712417\">+39 02 667.124.17<\/a><\/strong> <br><strong>Email :\u00a0<a>info@italiafideiussioni.it<\/a><\/strong><\/h3>\n\n\n<style>.wp-block-kadence-advancedheading.kt-adv-heading9124_05457c-bf, .wp-block-kadence-advancedheading.kt-adv-heading9124_05457c-bf[data-kb-block=\"kb-adv-heading9124_05457c-bf\"]{padding-right:var(--global-kb-spacing-sm, 1.5rem);padding-left:var(--global-kb-spacing-sm, 1.5rem);text-align:center;font-style:normal;}.wp-block-kadence-advancedheading.kt-adv-heading9124_05457c-bf mark.kt-highlight, .wp-block-kadence-advancedheading.kt-adv-heading9124_05457c-bf[data-kb-block=\"kb-adv-heading9124_05457c-bf\"] mark.kt-highlight{font-style:normal;color:#f76a0c;-webkit-box-decoration-break:clone;box-decoration-break:clone;padding-top:0px;padding-right:0px;padding-bottom:0px;padding-left:0px;}.wp-block-kadence-advancedheading.kt-adv-heading9124_05457c-bf img.kb-inline-image, .wp-block-kadence-advancedheading.kt-adv-heading9124_05457c-bf[data-kb-block=\"kb-adv-heading9124_05457c-bf\"] img.kb-inline-image{width:150px;vertical-align:baseline;}<\/style>\n<h3 class=\"kt-adv-heading9124_05457c-bf wp-block-kadence-advancedheading\" data-kb-block=\"kb-adv-heading9124_05457c-bf\">Tambi\u00e9n puedes contactarnos a trav\u00e9s de\u00a0\u00a0<img decoding=\"async\" width=\"33\" height=\"32\" class=\"alignnone wp-image-1056\" src=\"https:\/\/www.italiafideiussioni.it\/wp-content\/uploads\/2015\/04\/WhatsApp_Logo_6.png\" alt=\"\">\u00a0\u00a0<strong><a href=\"https:\/\/wa.me\/+393397150157\" target=\"_blank\" rel=\"noreferrer noopener\">WhatsApp: \u00a0+39 339 71.50.157<\/a><\/strong>\u00a0 Env\u00edanos un mensaje y te responderemos en horario de oficina, dentro de 5 minutos.<\/h3>\n\n<\/div>\n\n\n<p>&nbsp;<\/p>\n\n\n\n<p>En esta p\u00e1gina encontrar\u00e1s <strong>todas las soluciones de Fianzas Bancarias y p\u00f3lizas para extranjeros<\/strong>.<\/p>\n","protected":false},"excerpt":{"rendered":"<p>Fideiussioni e polizza sanitaria per stranieri, per Visto turistico, di studio e di lavoro <\/p>\n","protected":false},"author":3,"featured_media":4337,"parent":0,"menu_order":3,"comment_status":"closed","ping_status":"closed","template":"templates-custom\/tpl-pagina-servizi-sub.php","meta":{"_acf_changed":false,"_yoast_wpseo_focuskw":"","_yoast_wpseo_title":"Fianza Bancaria y P\u00f3lizas para Extranjeros | Italia Fideiussioni","_yoast_wpseo_metadesc":"En 24 horas, fianzas para extranjeros extracomunitarios por motivos de estudio, trabajo, hospitalizaci\u00f3n, turismo o actividades deportivas - Presupuesto en 2 horas.","_yoast_wpseo_meta-robots-noindex":"","_yoast_wpseo_meta-robots-nofollow":"","_yoast_wpseo_canonical":"","_yoast_wpseo_opengraph-title":"","_yoast_wpseo_opengraph-description":"","_yoast_wpseo_opengraph-image":"","_yoast_wpseo_opengraph-image-id":"","_yoast_wpseo_twitter-title":"","_yoast_wpseo_twitter-description":"","_yoast_wpseo_twitter-image":"","footnotes":""},"class_list":["post-9155","page","type-page","status-publish","has-post-thumbnail","hentry"],"acf":{"macroarea_servizi":"stranieri","blocco_iniziale":"<div class=\"container_iframe\" style=\"margin-bottom: 30px;\"><div class=\"epyt-video-wrapper\"><iframe  id=\"_ytid_18867\"  width=\"480\" height=\"270\"  data-origwidth=\"480\" data-origheight=\"270\"  data-relstop=\"1\" src=\"https:\/\/www.youtube.com\/embed\/hSiawNLNXdo?enablejsapi=1&autoplay=0&cc_load_policy=0&cc_lang_pref=&iv_load_policy=3&loop=0&rel=0&fs=1&playsinline=0&autohide=2&theme=dark&color=red&controls=1&disablekb=0&\" class=\"__youtube_prefs__  no-lazyload\" title=\"YouTube player\"  allow=\"fullscreen; accelerometer; autoplay; clipboard-write; encrypted-media; gyroscope; picture-in-picture; web-share\" referrerpolicy=\"strict-origin-when-cross-origin\" allowfullscreen data-no-lazy=\"1\" data-skipgform_ajax_framebjll=\"\"><\/iframe><\/div><\/div>\n<div>\n<div class=\"flex-1 overflow-hidden @container\/thread\">\n<div class=\"h-full\">\n<div class=\"react-scroll-to-bottom--css-ayhjy-79elbk h-full\">\n<div class=\"react-scroll-to-bottom--css-ayhjy-1n7m0yu\">\n<div class=\"flex flex-col text-sm md:pb-9\">\n<article class=\"w-full scroll-mb-[var(--thread-trailing-height,150px)] text-token-text-primary focus-visible:outline-2 focus-visible:outline-offset-[-4px]\" dir=\"auto\" data-testid=\"conversation-turn-165\" data-scroll-anchor=\"true\">\n<div class=\"m-auto text-base py-[18px] px-3 md:px-4 w-full md:px-5 lg:px-4 xl:px-5\">\n<div class=\"mx-auto flex flex-1 gap-4 text-base md:gap-5 lg:gap-6 md:max-w-3xl lg:max-w-[40rem] xl:max-w-[48rem]\">\n<div class=\"group\/conversation-turn relative flex w-full min-w-0 flex-col agent-turn\">\n<div class=\"flex-col gap-1 md:gap-3\">\n<div class=\"flex max-w-full flex-col flex-grow\">\n<div class=\"min-h-8 text-message flex w-full flex-col items-end gap-2 whitespace-normal break-words text-start [.text-message+&amp;]:mt-5\" dir=\"auto\" data-message-author-role=\"assistant\" data-message-id=\"69bb1923-1cb4-462f-977d-b0af77b04bfe\" data-message-model-slug=\"gpt-4o\">\n<div class=\"flex w-full flex-col gap-1 empty:hidden first:pt-[3px]\">\n<div class=\"markdown prose w-full break-words dark:prose-invert light\">\n<p>Nota importante: no ofrecemos ni vendemos visados, asesoramiento legal o servicios de solicitud y citas para solicitar el visado para Italia, por lo que no respondemos a este tipo de solicitudes.<\/p>\n<p>Por favor, contacte con la Embajada italiana o el consulado italiano en su pa\u00eds de residencia para obtener respuestas precisas a sus preguntas sobre la emisi\u00f3n del visado Schengen.<\/p>\n<p>Nuestro sitio web y nuestra empresa no est\u00e1n afiliados a la Uni\u00f3n Europea, el Consejo de la UE ni a ninguna otra agencia gubernamental.<\/p>\n<p>Hemos realizado todos los esfuerzos razonables para garantizar que el contenido de nuestro sitio sea correcto.<\/p>\n<p>Sin embargo, no garantizamos la integridad ni la exactitud de la informaci\u00f3n y no somos responsables de posibles errores, omisiones o imprecisiones. Parte o todo el contenido es \u00fanicamente con fines informativos y no tiene car\u00e1cter legalmente vinculante.<\/p>\n<p><strong>Cont\u00e1ctanos<\/strong><\/p>\n<p>Si encuentra informaci\u00f3n incorrecta en nuestro sitio web, le invitamos a escribirnos a trav\u00e9s del correo electr\u00f3nico <strong><a rel=\"noopener\">info@italiafideiussioni.it<\/a><\/strong> con el fin de evitar malentendidos para las partes interesadas sobre la informaci\u00f3n que proporcionamos.<\/p>\n<\/div>\n<\/div>\n<\/div>\n<\/div>\n<div class=\"mb-2 flex gap-3 empty:hidden -ml-2\">\n<div class=\"items-center justify-start rounded-xl p-1 flex\">\n<div class=\"flex items-center\">\n<div class=\"flex\"><\/div>\n<\/div>\n<\/div>\n<\/div>\n<div class=\"pr-2 lg:pr-0\"><\/div>\n<div class=\"mt-3 w-full empty:hidden\">\n<div class=\"text-center\"><\/div>\n<\/div>\n<\/div>\n<div class=\"absolute\">\n<div class=\"flex items-center justify-center\"><\/div>\n<\/div>\n<\/div>\n<\/div>\n<\/div>\n<\/article>\n<\/div>\n<\/div>\n<\/div>\n<\/div>\n<\/div>\n<div class=\"md:pt-0 dark:border-white\/20 md:border-transparent md:dark:border-transparent w-full\">\n<div>\n<div class=\"m-auto text-base px-3 md:px-4 w-full md:px-5 lg:px-4 xl:px-5\">\n<div class=\"mx-auto flex flex-1 gap-4 text-base md:gap-5 lg:gap-6 md:max-w-3xl lg:max-w-[40rem] xl:max-w-[48rem]\">\n<div class=\"flex justify-center\"><\/div>\n<\/div>\n<\/div>\n<\/div>\n<\/div>\n<\/div>\n"},"yoast_head":"<!-- This site is optimized with the Yoast SEO plugin v27.5 - https:\/\/yoast.com\/product\/yoast-seo-wordpress\/ -->\n<title>Fianza Bancaria y P\u00f3lizas para Extranjeros | Italia Fideiussioni<\/title>\n<meta name=\"description\" content=\"En 24 horas, fianzas para extranjeros extracomunitarios por motivos de estudio, trabajo, hospitalizaci\u00f3n, turismo o actividades deportivas - Presupuesto en 2 horas.\" \/>\n<meta name=\"robots\" content=\"index, follow, max-snippet:-1, max-image-preview:large, max-video-preview:-1\" \/>\n<link rel=\"canonical\" href=\"https:\/\/www.italiafideiussioni.it\/es\/fianza-bancaria-polizas-extranjeros\/\" \/>\n<meta property=\"og:locale\" content=\"es_ES\" \/>\n<meta property=\"og:type\" content=\"article\" \/>\n<meta property=\"og:title\" content=\"Fianza Bancaria y P\u00f3lizas para Extranjeros | Italia Fideiussioni\" \/>\n<meta property=\"og:description\" content=\"En 24 horas, fianzas para extranjeros extracomunitarios por motivos de estudio, trabajo, hospitalizaci\u00f3n, turismo o actividades deportivas - Presupuesto en 2 horas.\" \/>\n<meta property=\"og:url\" content=\"https:\/\/www.italiafideiussioni.it\/es\/fianza-bancaria-polizas-extranjeros\/\" \/>\n<meta property=\"og:site_name\" content=\"Italia Fideiussioni\" \/>\n<meta property=\"article:publisher\" content=\"https:\/\/www.facebook.com\/italiafideiussioni\/\" \/>\n<meta property=\"article:modified_time\" content=\"2024-12-31T11:29:20+00:00\" \/>\n<meta property=\"og:image\" content=\"https:\/\/www.italiafideiussioni.it\/wp-content\/uploads\/2023\/02\/fideiussioni-e-polizze-per-stranieri.jpg\" \/>\n\t<meta property=\"og:image:width\" content=\"800\" \/>\n\t<meta property=\"og:image:height\" content=\"692\" \/>\n\t<meta property=\"og:image:type\" content=\"image\/jpeg\" \/>\n<meta name=\"twitter:card\" content=\"summary_large_image\" \/>\n<meta name=\"twitter:site\" content=\"@itafideiussioni\" \/>\n<meta name=\"twitter:label1\" content=\"Tiempo de lectura\" \/>\n\t<meta name=\"twitter:data1\" content=\"3 minutos\" \/>\n<script type=\"application\/ld+json\" class=\"yoast-schema-graph\">{\"@context\":\"https:\\\/\\\/schema.org\",\"@graph\":[{\"@type\":\"WebPage\",\"@id\":\"https:\\\/\\\/www.italiafideiussioni.it\\\/es\\\/fianza-bancaria-polizas-extranjeros\\\/\",\"url\":\"https:\\\/\\\/www.italiafideiussioni.it\\\/es\\\/fianza-bancaria-polizas-extranjeros\\\/\",\"name\":\"Fianza Bancaria y P\u00f3lizas para Extranjeros | Italia Fideiussioni\",\"isPartOf\":{\"@id\":\"https:\\\/\\\/www.italiafideiussioni.it\\\/es\\\/#website\"},\"primaryImageOfPage\":{\"@id\":\"https:\\\/\\\/www.italiafideiussioni.it\\\/es\\\/fianza-bancaria-polizas-extranjeros\\\/#primaryimage\"},\"image\":{\"@id\":\"https:\\\/\\\/www.italiafideiussioni.it\\\/es\\\/fianza-bancaria-polizas-extranjeros\\\/#primaryimage\"},\"thumbnailUrl\":\"https:\\\/\\\/www.italiafideiussioni.it\\\/wp-content\\\/uploads\\\/2023\\\/02\\\/fideiussioni-e-polizze-per-stranieri.jpg\",\"datePublished\":\"2024-12-18T13:58:58+00:00\",\"dateModified\":\"2024-12-31T11:29:20+00:00\",\"description\":\"En 24 horas, fianzas para extranjeros extracomunitarios por motivos de estudio, trabajo, hospitalizaci\u00f3n, turismo o actividades deportivas - Presupuesto en 2 horas.\",\"breadcrumb\":{\"@id\":\"https:\\\/\\\/www.italiafideiussioni.it\\\/es\\\/fianza-bancaria-polizas-extranjeros\\\/#breadcrumb\"},\"inLanguage\":\"es\",\"potentialAction\":[{\"@type\":\"ReadAction\",\"target\":[\"https:\\\/\\\/www.italiafideiussioni.it\\\/es\\\/fianza-bancaria-polizas-extranjeros\\\/\"]}]},{\"@type\":\"ImageObject\",\"inLanguage\":\"es\",\"@id\":\"https:\\\/\\\/www.italiafideiussioni.it\\\/es\\\/fianza-bancaria-polizas-extranjeros\\\/#primaryimage\",\"url\":\"https:\\\/\\\/www.italiafideiussioni.it\\\/wp-content\\\/uploads\\\/2023\\\/02\\\/fideiussioni-e-polizze-per-stranieri.jpg\",\"contentUrl\":\"https:\\\/\\\/www.italiafideiussioni.it\\\/wp-content\\\/uploads\\\/2023\\\/02\\\/fideiussioni-e-polizze-per-stranieri.jpg\",\"width\":800,\"height\":692,\"caption\":\"Fideiussioni e polizze per stranieri\"},{\"@type\":\"BreadcrumbList\",\"@id\":\"https:\\\/\\\/www.italiafideiussioni.it\\\/es\\\/fianza-bancaria-polizas-extranjeros\\\/#breadcrumb\",\"itemListElement\":[{\"@type\":\"ListItem\",\"position\":1,\"name\":\"Home\",\"item\":\"https:\\\/\\\/www.italiafideiussioni.it\\\/es\\\/home-page-2013\\\/\"},{\"@type\":\"ListItem\",\"position\":2,\"name\":\"Fianza Bancaria y P\u00f3lizas para Extranjeros\"}]},{\"@type\":\"WebSite\",\"@id\":\"https:\\\/\\\/www.italiafideiussioni.it\\\/es\\\/#website\",\"url\":\"https:\\\/\\\/www.italiafideiussioni.it\\\/es\\\/\",\"name\":\"Italia Fideiussioni\",\"description\":\"\",\"publisher\":{\"@id\":\"https:\\\/\\\/www.italiafideiussioni.it\\\/es\\\/#organization\"},\"potentialAction\":[{\"@type\":\"SearchAction\",\"target\":{\"@type\":\"EntryPoint\",\"urlTemplate\":\"https:\\\/\\\/www.italiafideiussioni.it\\\/es\\\/?s={search_term_string}\"},\"query-input\":{\"@type\":\"PropertyValueSpecification\",\"valueRequired\":true,\"valueName\":\"search_term_string\"}}],\"inLanguage\":\"es\"},{\"@type\":\"Organization\",\"@id\":\"https:\\\/\\\/www.italiafideiussioni.it\\\/es\\\/#organization\",\"name\":\"Fideiussioni s.r.l.\",\"url\":\"https:\\\/\\\/www.italiafideiussioni.it\\\/es\\\/\",\"logo\":{\"@type\":\"ImageObject\",\"inLanguage\":\"es\",\"@id\":\"https:\\\/\\\/www.italiafideiussioni.it\\\/es\\\/#\\\/schema\\\/logo\\\/image\\\/\",\"url\":\"https:\\\/\\\/www.italiafideiussioni.it\\\/wp-content\\\/uploads\\\/2018\\\/10\\\/italiafideiussioni-logo-white.png\",\"contentUrl\":\"https:\\\/\\\/www.italiafideiussioni.it\\\/wp-content\\\/uploads\\\/2018\\\/10\\\/italiafideiussioni-logo-white.png\",\"width\":516,\"height\":97,\"caption\":\"Fideiussioni s.r.l.\"},\"image\":{\"@id\":\"https:\\\/\\\/www.italiafideiussioni.it\\\/es\\\/#\\\/schema\\\/logo\\\/image\\\/\"},\"sameAs\":[\"https:\\\/\\\/www.facebook.com\\\/italiafideiussioni\\\/\",\"https:\\\/\\\/x.com\\\/itafideiussioni\",\"https:\\\/\\\/www.linkedin.com\\\/company\\\/italiafideiussioni-srl\\\/about\\\/\",\"https:\\\/\\\/www.youtube.com\\\/channel\\\/UC-OhbmM_pkAEKLqJ6nQbpjw\"]}]}<\/script>\n<!-- \/ Yoast SEO plugin. -->","yoast_head_json":{"title":"Fianza Bancaria y P\u00f3lizas para Extranjeros | Italia Fideiussioni","description":"En 24 horas, fianzas para extranjeros extracomunitarios por motivos de estudio, trabajo, hospitalizaci\u00f3n, turismo o actividades deportivas - Presupuesto en 2 horas.","robots":{"index":"index","follow":"follow","max-snippet":"max-snippet:-1","max-image-preview":"max-image-preview:large","max-video-preview":"max-video-preview:-1"},"canonical":"https:\/\/www.italiafideiussioni.it\/es\/fianza-bancaria-polizas-extranjeros\/","og_locale":"es_ES","og_type":"article","og_title":"Fianza Bancaria y P\u00f3lizas para Extranjeros | Italia Fideiussioni","og_description":"En 24 horas, fianzas para extranjeros extracomunitarios por motivos de estudio, trabajo, hospitalizaci\u00f3n, turismo o actividades deportivas - Presupuesto en 2 horas.","og_url":"https:\/\/www.italiafideiussioni.it\/es\/fianza-bancaria-polizas-extranjeros\/","og_site_name":"Italia Fideiussioni","article_publisher":"https:\/\/www.facebook.com\/italiafideiussioni\/","article_modified_time":"2024-12-31T11:29:20+00:00","og_image":[{"width":800,"height":692,"url":"https:\/\/www.italiafideiussioni.it\/wp-content\/uploads\/2023\/02\/fideiussioni-e-polizze-per-stranieri.jpg","type":"image\/jpeg"}],"twitter_card":"summary_large_image","twitter_site":"@itafideiussioni","twitter_misc":{"Tiempo de lectura":"3 minutos"},"schema":{"@context":"https:\/\/schema.org","@graph":[{"@type":"WebPage","@id":"https:\/\/www.italiafideiussioni.it\/es\/fianza-bancaria-polizas-extranjeros\/","url":"https:\/\/www.italiafideiussioni.it\/es\/fianza-bancaria-polizas-extranjeros\/","name":"Fianza Bancaria y P\u00f3lizas para Extranjeros | Italia Fideiussioni","isPartOf":{"@id":"https:\/\/www.italiafideiussioni.it\/es\/#website"},"primaryImageOfPage":{"@id":"https:\/\/www.italiafideiussioni.it\/es\/fianza-bancaria-polizas-extranjeros\/#primaryimage"},"image":{"@id":"https:\/\/www.italiafideiussioni.it\/es\/fianza-bancaria-polizas-extranjeros\/#primaryimage"},"thumbnailUrl":"https:\/\/www.italiafideiussioni.it\/wp-content\/uploads\/2023\/02\/fideiussioni-e-polizze-per-stranieri.jpg","datePublished":"2024-12-18T13:58:58+00:00","dateModified":"2024-12-31T11:29:20+00:00","description":"En 24 horas, fianzas para extranjeros extracomunitarios por motivos de estudio, trabajo, hospitalizaci\u00f3n, turismo o actividades deportivas - Presupuesto en 2 horas.","breadcrumb":{"@id":"https:\/\/www.italiafideiussioni.it\/es\/fianza-bancaria-polizas-extranjeros\/#breadcrumb"},"inLanguage":"es","potentialAction":[{"@type":"ReadAction","target":["https:\/\/www.italiafideiussioni.it\/es\/fianza-bancaria-polizas-extranjeros\/"]}]},{"@type":"ImageObject","inLanguage":"es","@id":"https:\/\/www.italiafideiussioni.it\/es\/fianza-bancaria-polizas-extranjeros\/#primaryimage","url":"https:\/\/www.italiafideiussioni.it\/wp-content\/uploads\/2023\/02\/fideiussioni-e-polizze-per-stranieri.jpg","contentUrl":"https:\/\/www.italiafideiussioni.it\/wp-content\/uploads\/2023\/02\/fideiussioni-e-polizze-per-stranieri.jpg","width":800,"height":692,"caption":"Fideiussioni e polizze per stranieri"},{"@type":"BreadcrumbList","@id":"https:\/\/www.italiafideiussioni.it\/es\/fianza-bancaria-polizas-extranjeros\/#breadcrumb","itemListElement":[{"@type":"ListItem","position":1,"name":"Home","item":"https:\/\/www.italiafideiussioni.it\/es\/home-page-2013\/"},{"@type":"ListItem","position":2,"name":"Fianza Bancaria y P\u00f3lizas para Extranjeros"}]},{"@type":"WebSite","@id":"https:\/\/www.italiafideiussioni.it\/es\/#website","url":"https:\/\/www.italiafideiussioni.it\/es\/","name":"Italia Fideiussioni","description":"","publisher":{"@id":"https:\/\/www.italiafideiussioni.it\/es\/#organization"},"potentialAction":[{"@type":"SearchAction","target":{"@type":"EntryPoint","urlTemplate":"https:\/\/www.italiafideiussioni.it\/es\/?s={search_term_string}"},"query-input":{"@type":"PropertyValueSpecification","valueRequired":true,"valueName":"search_term_string"}}],"inLanguage":"es"},{"@type":"Organization","@id":"https:\/\/www.italiafideiussioni.it\/es\/#organization","name":"Fideiussioni s.r.l.","url":"https:\/\/www.italiafideiussioni.it\/es\/","logo":{"@type":"ImageObject","inLanguage":"es","@id":"https:\/\/www.italiafideiussioni.it\/es\/#\/schema\/logo\/image\/","url":"https:\/\/www.italiafideiussioni.it\/wp-content\/uploads\/2018\/10\/italiafideiussioni-logo-white.png","contentUrl":"https:\/\/www.italiafideiussioni.it\/wp-content\/uploads\/2018\/10\/italiafideiussioni-logo-white.png","width":516,"height":97,"caption":"Fideiussioni s.r.l."},"image":{"@id":"https:\/\/www.italiafideiussioni.it\/es\/#\/schema\/logo\/image\/"},"sameAs":["https:\/\/www.facebook.com\/italiafideiussioni\/","https:\/\/x.com\/itafideiussioni","https:\/\/www.linkedin.com\/company\/italiafideiussioni-srl\/about\/","https:\/\/www.youtube.com\/channel\/UC-OhbmM_pkAEKLqJ6nQbpjw"]}]}},"_links":{"self":[{"href":"https:\/\/www.italiafideiussioni.it\/es\/wp-json\/wp\/v2\/pages\/9155","targetHints":{"allow":["GET"]}}],"collection":[{"href":"https:\/\/www.italiafideiussioni.it\/es\/wp-json\/wp\/v2\/pages"}],"about":[{"href":"https:\/\/www.italiafideiussioni.it\/es\/wp-json\/wp\/v2\/types\/page"}],"author":[{"embeddable":true,"href":"https:\/\/www.italiafideiussioni.it\/es\/wp-json\/wp\/v2\/users\/3"}],"replies":[{"embeddable":true,"href":"https:\/\/www.italiafideiussioni.it\/es\/wp-json\/wp\/v2\/comments?post=9155"}],"version-history":[{"count":3,"href":"https:\/\/www.italiafideiussioni.it\/es\/wp-json\/wp\/v2\/pages\/9155\/revisions"}],"predecessor-version":[{"id":9392,"href":"https:\/\/www.italiafideiussioni.it\/es\/wp-json\/wp\/v2\/pages\/9155\/revisions\/9392"}],"wp:featuredmedia":[{"embeddable":true,"href":"https:\/\/www.italiafideiussioni.it\/es\/wp-json\/wp\/v2\/media\/4337"}],"wp:attachment":[{"href":"https:\/\/www.italiafideiussioni.it\/es\/wp-json\/wp\/v2\/media?parent=9155"}],"curies":[{"name":"wp","href":"https:\/\/api.w.org\/{rel}","templated":true}]}}