{"id":9144,"date":"2018-10-10T09:12:53","date_gmt":"2018-10-10T09:12:53","guid":{"rendered":"https:\/\/www.italiafideiussioni.it\/nuestras-fianzas-para-empresas-y-profesionales\/construccion-e-inmobiliaria\/"},"modified":"2024-12-18T14:44:35","modified_gmt":"2024-12-18T14:44:35","slug":"construccion-e-inmobiliaria","status":"publish","type":"page","link":"https:\/\/www.italiafideiussioni.it\/es\/nuestras-fianzas-para-empresas-y-profesionales\/construccion-e-inmobiliaria\/","title":{"rendered":"Construcci\u00f3n e Inmobiliaria"},"content":{"rendered":"<p>Nuestra estructura est\u00e1 organizada para satisfacer todas las necesidades de cauciones y fianzas de las empresas de construcci\u00f3n y de todas aquellas empresas vinculadas al exigente sector inmobiliario.<\/p>\n<p>Ofrecemos soluciones eficaces para empresas constructoras, contratistas, cooperativas inmobiliarias, desde peque\u00f1as empresas de construcci\u00f3n hasta grandes empresas que operan en Europa y en el resto del mundo.<\/p>\n<p>Tambi\u00e9n resolvemos los problemas relacionados con la b\u00fasqueda de garant\u00edas para los anticipos entregados al constructor, en cumplimiento de la Ley 210\/2004.<\/p>\n","protected":false},"excerpt":{"rendered":"<p>Nuestra estructura est\u00e1 organizada para satisfacer todas las necesidades de cauciones y fianzas de las empresas de construcci\u00f3n y de todas aquellas empresas vinculadas al exigente sector inmobiliario. Ofrecemos soluciones eficaces para empresas constructoras, contratistas, cooperativas inmobiliarias, desde peque\u00f1as empresas de construcci\u00f3n hasta grandes empresas que operan en Europa y en el resto del mundo. [&hellip;]<\/p>\n","protected":false},"author":2,"featured_media":8612,"parent":8989,"menu_order":2,"comment_status":"closed","ping_status":"closed","template":"templates-custom\/tpl-pagina-servizi-sub.php","meta":{"_acf_changed":false,"_yoast_wpseo_focuskw":"","_yoast_wpseo_title":"Fianza para el sector de la construcci\u00f3n | Italia Fideiussioni","_yoast_wpseo_metadesc":"Italia Fideiussioni lleva m\u00e1s de 30 a\u00f1os emitiendo fianzas para el sector de la construcci\u00f3n, incluidas fianzas para permutas, cargas de urbanizaci\u00f3n, Ley 210 y concesiones p\u00fablicas.","_yoast_wpseo_meta-robots-noindex":"","_yoast_wpseo_meta-robots-nofollow":"","_yoast_wpseo_canonical":"","_yoast_wpseo_opengraph-title":"","_yoast_wpseo_opengraph-description":"","_yoast_wpseo_opengraph-image":"","_yoast_wpseo_opengraph-image-id":"","_yoast_wpseo_twitter-title":"","_yoast_wpseo_twitter-description":"","_yoast_wpseo_twitter-image":"","footnotes":""},"class_list":["post-9144","page","type-page","status-publish","has-post-thumbnail","hentry"],"acf":{"macroarea_servizi":"Empresas"},"yoast_head":"<!-- This site is optimized with the Yoast SEO plugin v27.5 - https:\/\/yoast.com\/product\/yoast-seo-wordpress\/ -->\n<title>Fianza para el sector de la construcci\u00f3n | Italia Fideiussioni<\/title>\n<meta name=\"description\" content=\"Italia Fideiussioni lleva m\u00e1s de 30 a\u00f1os emitiendo fianzas para el sector de la construcci\u00f3n, incluidas fianzas para permutas, cargas de urbanizaci\u00f3n, Ley 210 y concesiones p\u00fablicas.\" \/>\n<meta name=\"robots\" content=\"index, follow, max-snippet:-1, max-image-preview:large, max-video-preview:-1\" \/>\n<link rel=\"canonical\" href=\"https:\/\/www.italiafideiussioni.it\/es\/nuestras-fianzas-para-empresas-y-profesionales\/construccion-e-inmobiliaria\/\" \/>\n<meta property=\"og:locale\" content=\"es_ES\" \/>\n<meta property=\"og:type\" content=\"article\" \/>\n<meta property=\"og:title\" content=\"Fianza para el sector de la construcci\u00f3n | Italia Fideiussioni\" \/>\n<meta property=\"og:description\" content=\"Italia Fideiussioni lleva m\u00e1s de 30 a\u00f1os emitiendo fianzas para el sector de la construcci\u00f3n, incluidas fianzas para permutas, cargas de urbanizaci\u00f3n, Ley 210 y concesiones p\u00fablicas.\" \/>\n<meta property=\"og:url\" content=\"https:\/\/www.italiafideiussioni.it\/es\/nuestras-fianzas-para-empresas-y-profesionales\/construccion-e-inmobiliaria\/\" \/>\n<meta property=\"og:site_name\" content=\"Italia Fideiussioni\" \/>\n<meta property=\"article:publisher\" content=\"https:\/\/www.facebook.com\/italiafideiussioni\/\" \/>\n<meta property=\"article:modified_time\" content=\"2024-12-18T14:44:35+00:00\" \/>\n<meta property=\"og:image\" content=\"https:\/\/www.italiafideiussioni.it\/wp-content\/uploads\/2018\/10\/progessionisti-1024x683.jpeg\" \/>\n\t<meta property=\"og:image:width\" content=\"1024\" \/>\n\t<meta property=\"og:image:height\" content=\"683\" \/>\n\t<meta property=\"og:image:type\" content=\"image\/jpeg\" \/>\n<meta name=\"twitter:card\" content=\"summary_large_image\" \/>\n<meta name=\"twitter:site\" content=\"@itafideiussioni\" \/>\n<script type=\"application\/ld+json\" class=\"yoast-schema-graph\">{\"@context\":\"https:\\\/\\\/schema.org\",\"@graph\":[{\"@type\":\"WebPage\",\"@id\":\"https:\\\/\\\/www.italiafideiussioni.it\\\/es\\\/nuestras-fianzas-para-empresas-y-profesionales\\\/construccion-e-inmobiliaria\\\/\",\"url\":\"https:\\\/\\\/www.italiafideiussioni.it\\\/es\\\/nuestras-fianzas-para-empresas-y-profesionales\\\/construccion-e-inmobiliaria\\\/\",\"name\":\"Fianza para el sector de la construcci\u00f3n | Italia Fideiussioni\",\"isPartOf\":{\"@id\":\"https:\\\/\\\/www.italiafideiussioni.it\\\/es\\\/#website\"},\"primaryImageOfPage\":{\"@id\":\"https:\\\/\\\/www.italiafideiussioni.it\\\/es\\\/nuestras-fianzas-para-empresas-y-profesionales\\\/construccion-e-inmobiliaria\\\/#primaryimage\"},\"image\":{\"@id\":\"https:\\\/\\\/www.italiafideiussioni.it\\\/es\\\/nuestras-fianzas-para-empresas-y-profesionales\\\/construccion-e-inmobiliaria\\\/#primaryimage\"},\"thumbnailUrl\":\"https:\\\/\\\/www.italiafideiussioni.it\\\/wp-content\\\/uploads\\\/2018\\\/10\\\/progessionisti.jpeg\",\"datePublished\":\"2018-10-10T09:12:53+00:00\",\"dateModified\":\"2024-12-18T14:44:35+00:00\",\"description\":\"Italia Fideiussioni lleva m\u00e1s de 30 a\u00f1os emitiendo fianzas para el sector de la construcci\u00f3n, incluidas fianzas para permutas, cargas de urbanizaci\u00f3n, Ley 210 y concesiones p\u00fablicas.\",\"breadcrumb\":{\"@id\":\"https:\\\/\\\/www.italiafideiussioni.it\\\/es\\\/nuestras-fianzas-para-empresas-y-profesionales\\\/construccion-e-inmobiliaria\\\/#breadcrumb\"},\"inLanguage\":\"es\",\"potentialAction\":[{\"@type\":\"ReadAction\",\"target\":[\"https:\\\/\\\/www.italiafideiussioni.it\\\/es\\\/nuestras-fianzas-para-empresas-y-profesionales\\\/construccion-e-inmobiliaria\\\/\"]}]},{\"@type\":\"ImageObject\",\"inLanguage\":\"es\",\"@id\":\"https:\\\/\\\/www.italiafideiussioni.it\\\/es\\\/nuestras-fianzas-para-empresas-y-profesionales\\\/construccion-e-inmobiliaria\\\/#primaryimage\",\"url\":\"https:\\\/\\\/www.italiafideiussioni.it\\\/wp-content\\\/uploads\\\/2018\\\/10\\\/progessionisti.jpeg\",\"contentUrl\":\"https:\\\/\\\/www.italiafideiussioni.it\\\/wp-content\\\/uploads\\\/2018\\\/10\\\/progessionisti.jpeg\",\"width\":5000,\"height\":3333,\"caption\":\"professionisti al lavoro\"},{\"@type\":\"BreadcrumbList\",\"@id\":\"https:\\\/\\\/www.italiafideiussioni.it\\\/es\\\/nuestras-fianzas-para-empresas-y-profesionales\\\/construccion-e-inmobiliaria\\\/#breadcrumb\",\"itemListElement\":[{\"@type\":\"ListItem\",\"position\":1,\"name\":\"Home\",\"item\":\"https:\\\/\\\/www.italiafideiussioni.it\\\/es\\\/home-page-2013\\\/\"},{\"@type\":\"ListItem\",\"position\":2,\"name\":\"Nuestras Fianzas para Empresas y Profesionales\",\"item\":\"https:\\\/\\\/www.italiafideiussioni.it\\\/es\\\/nuestras-fianzas-para-empresas-y-profesionales\\\/\"},{\"@type\":\"ListItem\",\"position\":3,\"name\":\"Construcci\u00f3n e Inmobiliaria\"}]},{\"@type\":\"WebSite\",\"@id\":\"https:\\\/\\\/www.italiafideiussioni.it\\\/es\\\/#website\",\"url\":\"https:\\\/\\\/www.italiafideiussioni.it\\\/es\\\/\",\"name\":\"Italia Fideiussioni\",\"description\":\"\",\"publisher\":{\"@id\":\"https:\\\/\\\/www.italiafideiussioni.it\\\/es\\\/#organization\"},\"potentialAction\":[{\"@type\":\"SearchAction\",\"target\":{\"@type\":\"EntryPoint\",\"urlTemplate\":\"https:\\\/\\\/www.italiafideiussioni.it\\\/es\\\/?s={search_term_string}\"},\"query-input\":{\"@type\":\"PropertyValueSpecification\",\"valueRequired\":true,\"valueName\":\"search_term_string\"}}],\"inLanguage\":\"es\"},{\"@type\":\"Organization\",\"@id\":\"https:\\\/\\\/www.italiafideiussioni.it\\\/es\\\/#organization\",\"name\":\"Fideiussioni s.r.l.\",\"url\":\"https:\\\/\\\/www.italiafideiussioni.it\\\/es\\\/\",\"logo\":{\"@type\":\"ImageObject\",\"inLanguage\":\"es\",\"@id\":\"https:\\\/\\\/www.italiafideiussioni.it\\\/es\\\/#\\\/schema\\\/logo\\\/image\\\/\",\"url\":\"https:\\\/\\\/www.italiafideiussioni.it\\\/wp-content\\\/uploads\\\/2018\\\/10\\\/italiafideiussioni-logo-white.png\",\"contentUrl\":\"https:\\\/\\\/www.italiafideiussioni.it\\\/wp-content\\\/uploads\\\/2018\\\/10\\\/italiafideiussioni-logo-white.png\",\"width\":516,\"height\":97,\"caption\":\"Fideiussioni s.r.l.\"},\"image\":{\"@id\":\"https:\\\/\\\/www.italiafideiussioni.it\\\/es\\\/#\\\/schema\\\/logo\\\/image\\\/\"},\"sameAs\":[\"https:\\\/\\\/www.facebook.com\\\/italiafideiussioni\\\/\",\"https:\\\/\\\/x.com\\\/itafideiussioni\",\"https:\\\/\\\/www.linkedin.com\\\/company\\\/italiafideiussioni-srl\\\/about\\\/\",\"https:\\\/\\\/www.youtube.com\\\/channel\\\/UC-OhbmM_pkAEKLqJ6nQbpjw\"]}]}<\/script>\n<!-- \/ Yoast SEO plugin. -->","yoast_head_json":{"title":"Fianza para el sector de la construcci\u00f3n | Italia Fideiussioni","description":"Italia Fideiussioni lleva m\u00e1s de 30 a\u00f1os emitiendo fianzas para el sector de la construcci\u00f3n, incluidas fianzas para permutas, cargas de urbanizaci\u00f3n, Ley 210 y concesiones p\u00fablicas.","robots":{"index":"index","follow":"follow","max-snippet":"max-snippet:-1","max-image-preview":"max-image-preview:large","max-video-preview":"max-video-preview:-1"},"canonical":"https:\/\/www.italiafideiussioni.it\/es\/nuestras-fianzas-para-empresas-y-profesionales\/construccion-e-inmobiliaria\/","og_locale":"es_ES","og_type":"article","og_title":"Fianza para el sector de la construcci\u00f3n | Italia Fideiussioni","og_description":"Italia Fideiussioni lleva m\u00e1s de 30 a\u00f1os emitiendo fianzas para el sector de la construcci\u00f3n, incluidas fianzas para permutas, cargas de urbanizaci\u00f3n, Ley 210 y concesiones p\u00fablicas.","og_url":"https:\/\/www.italiafideiussioni.it\/es\/nuestras-fianzas-para-empresas-y-profesionales\/construccion-e-inmobiliaria\/","og_site_name":"Italia Fideiussioni","article_publisher":"https:\/\/www.facebook.com\/italiafideiussioni\/","article_modified_time":"2024-12-18T14:44:35+00:00","og_image":[{"width":1024,"height":683,"url":"https:\/\/www.italiafideiussioni.it\/wp-content\/uploads\/2018\/10\/progessionisti-1024x683.jpeg","type":"image\/jpeg"}],"twitter_card":"summary_large_image","twitter_site":"@itafideiussioni","schema":{"@context":"https:\/\/schema.org","@graph":[{"@type":"WebPage","@id":"https:\/\/www.italiafideiussioni.it\/es\/nuestras-fianzas-para-empresas-y-profesionales\/construccion-e-inmobiliaria\/","url":"https:\/\/www.italiafideiussioni.it\/es\/nuestras-fianzas-para-empresas-y-profesionales\/construccion-e-inmobiliaria\/","name":"Fianza para el sector de la construcci\u00f3n | Italia Fideiussioni","isPartOf":{"@id":"https:\/\/www.italiafideiussioni.it\/es\/#website"},"primaryImageOfPage":{"@id":"https:\/\/www.italiafideiussioni.it\/es\/nuestras-fianzas-para-empresas-y-profesionales\/construccion-e-inmobiliaria\/#primaryimage"},"image":{"@id":"https:\/\/www.italiafideiussioni.it\/es\/nuestras-fianzas-para-empresas-y-profesionales\/construccion-e-inmobiliaria\/#primaryimage"},"thumbnailUrl":"https:\/\/www.italiafideiussioni.it\/wp-content\/uploads\/2018\/10\/progessionisti.jpeg","datePublished":"2018-10-10T09:12:53+00:00","dateModified":"2024-12-18T14:44:35+00:00","description":"Italia Fideiussioni lleva m\u00e1s de 30 a\u00f1os emitiendo fianzas para el sector de la construcci\u00f3n, incluidas fianzas para permutas, cargas de urbanizaci\u00f3n, Ley 210 y concesiones p\u00fablicas.","breadcrumb":{"@id":"https:\/\/www.italiafideiussioni.it\/es\/nuestras-fianzas-para-empresas-y-profesionales\/construccion-e-inmobiliaria\/#breadcrumb"},"inLanguage":"es","potentialAction":[{"@type":"ReadAction","target":["https:\/\/www.italiafideiussioni.it\/es\/nuestras-fianzas-para-empresas-y-profesionales\/construccion-e-inmobiliaria\/"]}]},{"@type":"ImageObject","inLanguage":"es","@id":"https:\/\/www.italiafideiussioni.it\/es\/nuestras-fianzas-para-empresas-y-profesionales\/construccion-e-inmobiliaria\/#primaryimage","url":"https:\/\/www.italiafideiussioni.it\/wp-content\/uploads\/2018\/10\/progessionisti.jpeg","contentUrl":"https:\/\/www.italiafideiussioni.it\/wp-content\/uploads\/2018\/10\/progessionisti.jpeg","width":5000,"height":3333,"caption":"professionisti al lavoro"},{"@type":"BreadcrumbList","@id":"https:\/\/www.italiafideiussioni.it\/es\/nuestras-fianzas-para-empresas-y-profesionales\/construccion-e-inmobiliaria\/#breadcrumb","itemListElement":[{"@type":"ListItem","position":1,"name":"Home","item":"https:\/\/www.italiafideiussioni.it\/es\/home-page-2013\/"},{"@type":"ListItem","position":2,"name":"Nuestras Fianzas para Empresas y Profesionales","item":"https:\/\/www.italiafideiussioni.it\/es\/nuestras-fianzas-para-empresas-y-profesionales\/"},{"@type":"ListItem","position":3,"name":"Construcci\u00f3n e Inmobiliaria"}]},{"@type":"WebSite","@id":"https:\/\/www.italiafideiussioni.it\/es\/#website","url":"https:\/\/www.italiafideiussioni.it\/es\/","name":"Italia Fideiussioni","description":"","publisher":{"@id":"https:\/\/www.italiafideiussioni.it\/es\/#organization"},"potentialAction":[{"@type":"SearchAction","target":{"@type":"EntryPoint","urlTemplate":"https:\/\/www.italiafideiussioni.it\/es\/?s={search_term_string}"},"query-input":{"@type":"PropertyValueSpecification","valueRequired":true,"valueName":"search_term_string"}}],"inLanguage":"es"},{"@type":"Organization","@id":"https:\/\/www.italiafideiussioni.it\/es\/#organization","name":"Fideiussioni s.r.l.","url":"https:\/\/www.italiafideiussioni.it\/es\/","logo":{"@type":"ImageObject","inLanguage":"es","@id":"https:\/\/www.italiafideiussioni.it\/es\/#\/schema\/logo\/image\/","url":"https:\/\/www.italiafideiussioni.it\/wp-content\/uploads\/2018\/10\/italiafideiussioni-logo-white.png","contentUrl":"https:\/\/www.italiafideiussioni.it\/wp-content\/uploads\/2018\/10\/italiafideiussioni-logo-white.png","width":516,"height":97,"caption":"Fideiussioni s.r.l."},"image":{"@id":"https:\/\/www.italiafideiussioni.it\/es\/#\/schema\/logo\/image\/"},"sameAs":["https:\/\/www.facebook.com\/italiafideiussioni\/","https:\/\/x.com\/itafideiussioni","https:\/\/www.linkedin.com\/company\/italiafideiussioni-srl\/about\/","https:\/\/www.youtube.com\/channel\/UC-OhbmM_pkAEKLqJ6nQbpjw"]}]}},"_links":{"self":[{"href":"https:\/\/www.italiafideiussioni.it\/es\/wp-json\/wp\/v2\/pages\/9144","targetHints":{"allow":["GET"]}}],"collection":[{"href":"https:\/\/www.italiafideiussioni.it\/es\/wp-json\/wp\/v2\/pages"}],"about":[{"href":"https:\/\/www.italiafideiussioni.it\/es\/wp-json\/wp\/v2\/types\/page"}],"author":[{"embeddable":true,"href":"https:\/\/www.italiafideiussioni.it\/es\/wp-json\/wp\/v2\/users\/2"}],"replies":[{"embeddable":true,"href":"https:\/\/www.italiafideiussioni.it\/es\/wp-json\/wp\/v2\/comments?post=9144"}],"version-history":[{"count":1,"href":"https:\/\/www.italiafideiussioni.it\/es\/wp-json\/wp\/v2\/pages\/9144\/revisions"}],"predecessor-version":[{"id":9252,"href":"https:\/\/www.italiafideiussioni.it\/es\/wp-json\/wp\/v2\/pages\/9144\/revisions\/9252"}],"up":[{"embeddable":true,"href":"https:\/\/www.italiafideiussioni.it\/es\/wp-json\/wp\/v2\/pages\/8989"}],"wp:featuredmedia":[{"embeddable":true,"href":"https:\/\/www.italiafideiussioni.it\/es\/wp-json\/wp\/v2\/media\/8612"}],"wp:attachment":[{"href":"https:\/\/www.italiafideiussioni.it\/es\/wp-json\/wp\/v2\/media?parent=9144"}],"curies":[{"name":"wp","href":"https:\/\/api.w.org\/{rel}","templated":true}]}}