{"id":9143,"date":"2018-11-05T11:19:05","date_gmt":"2018-11-05T11:19:05","guid":{"rendered":"https:\/\/www.italiafideiussioni.it\/nuestras-fianzas-para-empresas-y-profesionales\/fianzas-para-contribuciones-publicas\/"},"modified":"2024-12-17T17:58:07","modified_gmt":"2024-12-17T17:58:07","slug":"fianzas-para-contribuciones-publicas","status":"publish","type":"page","link":"https:\/\/www.italiafideiussioni.it\/es\/nuestras-fianzas-para-empresas-y-profesionales\/fianzas-para-contribuciones-publicas\/","title":{"rendered":"Fianzas para contribuciones p\u00fablicas"},"content":{"rendered":"<p>Cada a\u00f1o, en Italia se otorgan numerosas contribuciones p\u00fablicas. Los beneficiarios de estas ayudas pueden ser personas f\u00edsicas, estudiantes, artesanos, personas jur\u00eddicas o entidades p\u00fablicas.<\/p>\n<p>Para garantizar los anticipos otorgados o la veracidad del proyecto, las entidades que conceden la contribuci\u00f3n exigen una fianza que asegure el cumplimiento puntual de todas las obligaciones previstas en el Decreto de concesi\u00f3n de la financiaci\u00f3n.<\/p>\n<p>Nos encargamos de ofrecer la mejor soluci\u00f3n posible al mejor precio del mercado, a trav\u00e9s de compa\u00f1\u00edas de seguros con sede estable en Italia y autorizadas por el IVASS para la emisi\u00f3n de fianzas Ramo 15 de cauciones.<\/p>\n","protected":false},"excerpt":{"rendered":"<p>Cada a\u00f1o, en Italia se otorgan numerosas contribuciones p\u00fablicas. Los beneficiarios de estas ayudas pueden ser personas f\u00edsicas, estudiantes, artesanos, personas jur\u00eddicas o entidades p\u00fablicas. Para garantizar los anticipos otorgados o la veracidad del proyecto, las entidades que conceden la contribuci\u00f3n exigen una fianza que asegure el cumplimiento puntual de todas las obligaciones previstas en [&hellip;]<\/p>\n","protected":false},"author":5,"featured_media":8613,"parent":8989,"menu_order":3,"comment_status":"closed","ping_status":"closed","template":"templates-custom\/tpl-pagina-servizi-sub.php","meta":{"_acf_changed":false,"_yoast_wpseo_focuskw":"","_yoast_wpseo_title":"Fianzas para contribuciones p\u00fablicas | Italia Fideiussioni","_yoast_wpseo_metadesc":"Desde hace m\u00e1s de 30 a\u00f1os, emitimos fianzas para empresas interesadas en activar contribuciones p\u00fablicas a fondo perdido. \u00a1Te respondemos en 2 horas!","_yoast_wpseo_meta-robots-noindex":"","_yoast_wpseo_meta-robots-nofollow":"","_yoast_wpseo_canonical":"","_yoast_wpseo_opengraph-title":"","_yoast_wpseo_opengraph-description":"","_yoast_wpseo_opengraph-image":"","_yoast_wpseo_opengraph-image-id":"","_yoast_wpseo_twitter-title":"","_yoast_wpseo_twitter-description":"","_yoast_wpseo_twitter-image":"","footnotes":""},"class_list":["post-9143","page","type-page","status-publish","has-post-thumbnail","hentry"],"acf":{"macroarea_servizi":"Empresas"},"yoast_head":"<!-- This site is optimized with the Yoast SEO plugin v27.5 - https:\/\/yoast.com\/product\/yoast-seo-wordpress\/ -->\n<title>Fianzas para contribuciones p\u00fablicas | Italia Fideiussioni<\/title>\n<meta name=\"description\" content=\"Desde hace m\u00e1s de 30 a\u00f1os, emitimos fianzas para empresas interesadas en activar contribuciones p\u00fablicas a fondo perdido. \u00a1Te respondemos en 2 horas!\" \/>\n<meta name=\"robots\" content=\"index, follow, max-snippet:-1, max-image-preview:large, max-video-preview:-1\" \/>\n<link rel=\"canonical\" href=\"https:\/\/www.italiafideiussioni.it\/es\/nuestras-fianzas-para-empresas-y-profesionales\/fianzas-para-contribuciones-publicas\/\" \/>\n<meta property=\"og:locale\" content=\"es_ES\" \/>\n<meta property=\"og:type\" content=\"article\" \/>\n<meta property=\"og:title\" content=\"Fianzas para contribuciones p\u00fablicas | Italia Fideiussioni\" \/>\n<meta property=\"og:description\" content=\"Desde hace m\u00e1s de 30 a\u00f1os, emitimos fianzas para empresas interesadas en activar contribuciones p\u00fablicas a fondo perdido. \u00a1Te respondemos en 2 horas!\" \/>\n<meta property=\"og:url\" content=\"https:\/\/www.italiafideiussioni.it\/es\/nuestras-fianzas-para-empresas-y-profesionales\/fianzas-para-contribuciones-publicas\/\" \/>\n<meta property=\"og:site_name\" content=\"Italia Fideiussioni\" \/>\n<meta property=\"article:publisher\" content=\"https:\/\/www.facebook.com\/italiafideiussioni\/\" \/>\n<meta property=\"article:modified_time\" content=\"2024-12-17T17:58:07+00:00\" \/>\n<meta property=\"og:image\" content=\"https:\/\/www.italiafideiussioni.it\/wp-content\/uploads\/2018\/11\/bandi-pubblici.jpeg\" \/>\n\t<meta property=\"og:image:width\" content=\"1000\" \/>\n\t<meta property=\"og:image:height\" content=\"667\" \/>\n\t<meta property=\"og:image:type\" content=\"image\/jpeg\" \/>\n<meta name=\"twitter:card\" content=\"summary_large_image\" \/>\n<meta name=\"twitter:site\" content=\"@itafideiussioni\" \/>\n<meta name=\"twitter:label1\" content=\"Tiempo de lectura\" \/>\n\t<meta name=\"twitter:data1\" content=\"1 minuto\" \/>\n<script type=\"application\/ld+json\" class=\"yoast-schema-graph\">{\"@context\":\"https:\\\/\\\/schema.org\",\"@graph\":[{\"@type\":\"WebPage\",\"@id\":\"https:\\\/\\\/www.italiafideiussioni.it\\\/es\\\/nuestras-fianzas-para-empresas-y-profesionales\\\/fianzas-para-contribuciones-publicas\\\/\",\"url\":\"https:\\\/\\\/www.italiafideiussioni.it\\\/es\\\/nuestras-fianzas-para-empresas-y-profesionales\\\/fianzas-para-contribuciones-publicas\\\/\",\"name\":\"Fianzas para contribuciones p\u00fablicas | Italia Fideiussioni\",\"isPartOf\":{\"@id\":\"https:\\\/\\\/www.italiafideiussioni.it\\\/es\\\/#website\"},\"primaryImageOfPage\":{\"@id\":\"https:\\\/\\\/www.italiafideiussioni.it\\\/es\\\/nuestras-fianzas-para-empresas-y-profesionales\\\/fianzas-para-contribuciones-publicas\\\/#primaryimage\"},\"image\":{\"@id\":\"https:\\\/\\\/www.italiafideiussioni.it\\\/es\\\/nuestras-fianzas-para-empresas-y-profesionales\\\/fianzas-para-contribuciones-publicas\\\/#primaryimage\"},\"thumbnailUrl\":\"https:\\\/\\\/www.italiafideiussioni.it\\\/wp-content\\\/uploads\\\/2018\\\/11\\\/bandi-pubblici.jpeg\",\"datePublished\":\"2018-11-05T11:19:05+00:00\",\"dateModified\":\"2024-12-17T17:58:07+00:00\",\"description\":\"Desde hace m\u00e1s de 30 a\u00f1os, emitimos fianzas para empresas interesadas en activar contribuciones p\u00fablicas a fondo perdido. \u00a1Te respondemos en 2 horas!\",\"breadcrumb\":{\"@id\":\"https:\\\/\\\/www.italiafideiussioni.it\\\/es\\\/nuestras-fianzas-para-empresas-y-profesionales\\\/fianzas-para-contribuciones-publicas\\\/#breadcrumb\"},\"inLanguage\":\"es\",\"potentialAction\":[{\"@type\":\"ReadAction\",\"target\":[\"https:\\\/\\\/www.italiafideiussioni.it\\\/es\\\/nuestras-fianzas-para-empresas-y-profesionales\\\/fianzas-para-contribuciones-publicas\\\/\"]}]},{\"@type\":\"ImageObject\",\"inLanguage\":\"es\",\"@id\":\"https:\\\/\\\/www.italiafideiussioni.it\\\/es\\\/nuestras-fianzas-para-empresas-y-profesionales\\\/fianzas-para-contribuciones-publicas\\\/#primaryimage\",\"url\":\"https:\\\/\\\/www.italiafideiussioni.it\\\/wp-content\\\/uploads\\\/2018\\\/11\\\/bandi-pubblici.jpeg\",\"contentUrl\":\"https:\\\/\\\/www.italiafideiussioni.it\\\/wp-content\\\/uploads\\\/2018\\\/11\\\/bandi-pubblici.jpeg\",\"width\":1000,\"height\":667,\"caption\":\"strada sopraelevata\"},{\"@type\":\"BreadcrumbList\",\"@id\":\"https:\\\/\\\/www.italiafideiussioni.it\\\/es\\\/nuestras-fianzas-para-empresas-y-profesionales\\\/fianzas-para-contribuciones-publicas\\\/#breadcrumb\",\"itemListElement\":[{\"@type\":\"ListItem\",\"position\":1,\"name\":\"Home\",\"item\":\"https:\\\/\\\/www.italiafideiussioni.it\\\/es\\\/home-page-2013\\\/\"},{\"@type\":\"ListItem\",\"position\":2,\"name\":\"Nuestras Fianzas para Empresas y Profesionales\",\"item\":\"https:\\\/\\\/www.italiafideiussioni.it\\\/es\\\/nuestras-fianzas-para-empresas-y-profesionales\\\/\"},{\"@type\":\"ListItem\",\"position\":3,\"name\":\"Fianzas para contribuciones p\u00fablicas\"}]},{\"@type\":\"WebSite\",\"@id\":\"https:\\\/\\\/www.italiafideiussioni.it\\\/es\\\/#website\",\"url\":\"https:\\\/\\\/www.italiafideiussioni.it\\\/es\\\/\",\"name\":\"Italia Fideiussioni\",\"description\":\"\",\"publisher\":{\"@id\":\"https:\\\/\\\/www.italiafideiussioni.it\\\/es\\\/#organization\"},\"potentialAction\":[{\"@type\":\"SearchAction\",\"target\":{\"@type\":\"EntryPoint\",\"urlTemplate\":\"https:\\\/\\\/www.italiafideiussioni.it\\\/es\\\/?s={search_term_string}\"},\"query-input\":{\"@type\":\"PropertyValueSpecification\",\"valueRequired\":true,\"valueName\":\"search_term_string\"}}],\"inLanguage\":\"es\"},{\"@type\":\"Organization\",\"@id\":\"https:\\\/\\\/www.italiafideiussioni.it\\\/es\\\/#organization\",\"name\":\"Fideiussioni s.r.l.\",\"url\":\"https:\\\/\\\/www.italiafideiussioni.it\\\/es\\\/\",\"logo\":{\"@type\":\"ImageObject\",\"inLanguage\":\"es\",\"@id\":\"https:\\\/\\\/www.italiafideiussioni.it\\\/es\\\/#\\\/schema\\\/logo\\\/image\\\/\",\"url\":\"https:\\\/\\\/www.italiafideiussioni.it\\\/wp-content\\\/uploads\\\/2018\\\/10\\\/italiafideiussioni-logo-white.png\",\"contentUrl\":\"https:\\\/\\\/www.italiafideiussioni.it\\\/wp-content\\\/uploads\\\/2018\\\/10\\\/italiafideiussioni-logo-white.png\",\"width\":516,\"height\":97,\"caption\":\"Fideiussioni s.r.l.\"},\"image\":{\"@id\":\"https:\\\/\\\/www.italiafideiussioni.it\\\/es\\\/#\\\/schema\\\/logo\\\/image\\\/\"},\"sameAs\":[\"https:\\\/\\\/www.facebook.com\\\/italiafideiussioni\\\/\",\"https:\\\/\\\/x.com\\\/itafideiussioni\",\"https:\\\/\\\/www.linkedin.com\\\/company\\\/italiafideiussioni-srl\\\/about\\\/\",\"https:\\\/\\\/www.youtube.com\\\/channel\\\/UC-OhbmM_pkAEKLqJ6nQbpjw\"]}]}<\/script>\n<!-- \/ Yoast SEO plugin. -->","yoast_head_json":{"title":"Fianzas para contribuciones p\u00fablicas | Italia Fideiussioni","description":"Desde hace m\u00e1s de 30 a\u00f1os, emitimos fianzas para empresas interesadas en activar contribuciones p\u00fablicas a fondo perdido. \u00a1Te respondemos en 2 horas!","robots":{"index":"index","follow":"follow","max-snippet":"max-snippet:-1","max-image-preview":"max-image-preview:large","max-video-preview":"max-video-preview:-1"},"canonical":"https:\/\/www.italiafideiussioni.it\/es\/nuestras-fianzas-para-empresas-y-profesionales\/fianzas-para-contribuciones-publicas\/","og_locale":"es_ES","og_type":"article","og_title":"Fianzas para contribuciones p\u00fablicas | Italia Fideiussioni","og_description":"Desde hace m\u00e1s de 30 a\u00f1os, emitimos fianzas para empresas interesadas en activar contribuciones p\u00fablicas a fondo perdido. \u00a1Te respondemos en 2 horas!","og_url":"https:\/\/www.italiafideiussioni.it\/es\/nuestras-fianzas-para-empresas-y-profesionales\/fianzas-para-contribuciones-publicas\/","og_site_name":"Italia Fideiussioni","article_publisher":"https:\/\/www.facebook.com\/italiafideiussioni\/","article_modified_time":"2024-12-17T17:58:07+00:00","og_image":[{"width":1000,"height":667,"url":"https:\/\/www.italiafideiussioni.it\/wp-content\/uploads\/2018\/11\/bandi-pubblici.jpeg","type":"image\/jpeg"}],"twitter_card":"summary_large_image","twitter_site":"@itafideiussioni","twitter_misc":{"Tiempo de lectura":"1 minuto"},"schema":{"@context":"https:\/\/schema.org","@graph":[{"@type":"WebPage","@id":"https:\/\/www.italiafideiussioni.it\/es\/nuestras-fianzas-para-empresas-y-profesionales\/fianzas-para-contribuciones-publicas\/","url":"https:\/\/www.italiafideiussioni.it\/es\/nuestras-fianzas-para-empresas-y-profesionales\/fianzas-para-contribuciones-publicas\/","name":"Fianzas para contribuciones p\u00fablicas | Italia Fideiussioni","isPartOf":{"@id":"https:\/\/www.italiafideiussioni.it\/es\/#website"},"primaryImageOfPage":{"@id":"https:\/\/www.italiafideiussioni.it\/es\/nuestras-fianzas-para-empresas-y-profesionales\/fianzas-para-contribuciones-publicas\/#primaryimage"},"image":{"@id":"https:\/\/www.italiafideiussioni.it\/es\/nuestras-fianzas-para-empresas-y-profesionales\/fianzas-para-contribuciones-publicas\/#primaryimage"},"thumbnailUrl":"https:\/\/www.italiafideiussioni.it\/wp-content\/uploads\/2018\/11\/bandi-pubblici.jpeg","datePublished":"2018-11-05T11:19:05+00:00","dateModified":"2024-12-17T17:58:07+00:00","description":"Desde hace m\u00e1s de 30 a\u00f1os, emitimos fianzas para empresas interesadas en activar contribuciones p\u00fablicas a fondo perdido. \u00a1Te respondemos en 2 horas!","breadcrumb":{"@id":"https:\/\/www.italiafideiussioni.it\/es\/nuestras-fianzas-para-empresas-y-profesionales\/fianzas-para-contribuciones-publicas\/#breadcrumb"},"inLanguage":"es","potentialAction":[{"@type":"ReadAction","target":["https:\/\/www.italiafideiussioni.it\/es\/nuestras-fianzas-para-empresas-y-profesionales\/fianzas-para-contribuciones-publicas\/"]}]},{"@type":"ImageObject","inLanguage":"es","@id":"https:\/\/www.italiafideiussioni.it\/es\/nuestras-fianzas-para-empresas-y-profesionales\/fianzas-para-contribuciones-publicas\/#primaryimage","url":"https:\/\/www.italiafideiussioni.it\/wp-content\/uploads\/2018\/11\/bandi-pubblici.jpeg","contentUrl":"https:\/\/www.italiafideiussioni.it\/wp-content\/uploads\/2018\/11\/bandi-pubblici.jpeg","width":1000,"height":667,"caption":"strada sopraelevata"},{"@type":"BreadcrumbList","@id":"https:\/\/www.italiafideiussioni.it\/es\/nuestras-fianzas-para-empresas-y-profesionales\/fianzas-para-contribuciones-publicas\/#breadcrumb","itemListElement":[{"@type":"ListItem","position":1,"name":"Home","item":"https:\/\/www.italiafideiussioni.it\/es\/home-page-2013\/"},{"@type":"ListItem","position":2,"name":"Nuestras Fianzas para Empresas y Profesionales","item":"https:\/\/www.italiafideiussioni.it\/es\/nuestras-fianzas-para-empresas-y-profesionales\/"},{"@type":"ListItem","position":3,"name":"Fianzas para contribuciones p\u00fablicas"}]},{"@type":"WebSite","@id":"https:\/\/www.italiafideiussioni.it\/es\/#website","url":"https:\/\/www.italiafideiussioni.it\/es\/","name":"Italia Fideiussioni","description":"","publisher":{"@id":"https:\/\/www.italiafideiussioni.it\/es\/#organization"},"potentialAction":[{"@type":"SearchAction","target":{"@type":"EntryPoint","urlTemplate":"https:\/\/www.italiafideiussioni.it\/es\/?s={search_term_string}"},"query-input":{"@type":"PropertyValueSpecification","valueRequired":true,"valueName":"search_term_string"}}],"inLanguage":"es"},{"@type":"Organization","@id":"https:\/\/www.italiafideiussioni.it\/es\/#organization","name":"Fideiussioni s.r.l.","url":"https:\/\/www.italiafideiussioni.it\/es\/","logo":{"@type":"ImageObject","inLanguage":"es","@id":"https:\/\/www.italiafideiussioni.it\/es\/#\/schema\/logo\/image\/","url":"https:\/\/www.italiafideiussioni.it\/wp-content\/uploads\/2018\/10\/italiafideiussioni-logo-white.png","contentUrl":"https:\/\/www.italiafideiussioni.it\/wp-content\/uploads\/2018\/10\/italiafideiussioni-logo-white.png","width":516,"height":97,"caption":"Fideiussioni s.r.l."},"image":{"@id":"https:\/\/www.italiafideiussioni.it\/es\/#\/schema\/logo\/image\/"},"sameAs":["https:\/\/www.facebook.com\/italiafideiussioni\/","https:\/\/x.com\/itafideiussioni","https:\/\/www.linkedin.com\/company\/italiafideiussioni-srl\/about\/","https:\/\/www.youtube.com\/channel\/UC-OhbmM_pkAEKLqJ6nQbpjw"]}]}},"_links":{"self":[{"href":"https:\/\/www.italiafideiussioni.it\/es\/wp-json\/wp\/v2\/pages\/9143","targetHints":{"allow":["GET"]}}],"collection":[{"href":"https:\/\/www.italiafideiussioni.it\/es\/wp-json\/wp\/v2\/pages"}],"about":[{"href":"https:\/\/www.italiafideiussioni.it\/es\/wp-json\/wp\/v2\/types\/page"}],"author":[{"embeddable":true,"href":"https:\/\/www.italiafideiussioni.it\/es\/wp-json\/wp\/v2\/users\/5"}],"replies":[{"embeddable":true,"href":"https:\/\/www.italiafideiussioni.it\/es\/wp-json\/wp\/v2\/comments?post=9143"}],"version-history":[{"count":1,"href":"https:\/\/www.italiafideiussioni.it\/es\/wp-json\/wp\/v2\/pages\/9143\/revisions"}],"predecessor-version":[{"id":9146,"href":"https:\/\/www.italiafideiussioni.it\/es\/wp-json\/wp\/v2\/pages\/9143\/revisions\/9146"}],"up":[{"embeddable":true,"href":"https:\/\/www.italiafideiussioni.it\/es\/wp-json\/wp\/v2\/pages\/8989"}],"wp:featuredmedia":[{"embeddable":true,"href":"https:\/\/www.italiafideiussioni.it\/es\/wp-json\/wp\/v2\/media\/8613"}],"wp:attachment":[{"href":"https:\/\/www.italiafideiussioni.it\/es\/wp-json\/wp\/v2\/media?parent=9143"}],"curies":[{"name":"wp","href":"https:\/\/api.w.org\/{rel}","templated":true}]}}