{"id":9142,"date":"2018-10-09T09:12:41","date_gmt":"2018-10-09T09:12:41","guid":{"rendered":"https:\/\/www.italiafideiussioni.it\/nuestras-fianzas-para-empresas-y-profesionales\/agencias-y-profesionales\/"},"modified":"2024-12-17T17:57:50","modified_gmt":"2024-12-17T17:57:50","slug":"agencias-y-profesionales","status":"publish","type":"page","link":"https:\/\/www.italiafideiussioni.it\/es\/nuestras-fianzas-para-empresas-y-profesionales\/agencias-y-profesionales\/","title":{"rendered":"Agencias y Profesionales"},"content":{"rendered":"<p>Asistimos a las agencias de viajes para obtener la garant\u00eda contra la insolvencia o la quiebra seg\u00fan la nueva normativa vigente.<br \/>Adem\u00e1s, ofrecemos todas las soluciones necesarias para las empresas de vigilancia y las empresas de investigaci\u00f3n, tanto para la fianza anual obligatoria como para la p\u00f3liza de responsabilidad civil (RCT y RCO), as\u00ed como para cualquier otro tipo de fianza. <\/p>\n","protected":false},"excerpt":{"rendered":"<p>Asistimos a las agencias de viajes para obtener la garant\u00eda contra la insolvencia o la quiebra seg\u00fan la nueva normativa vigente.Adem\u00e1s, ofrecemos todas las soluciones necesarias para las empresas de vigilancia y las empresas de investigaci\u00f3n, tanto para la fianza anual obligatoria como para la p\u00f3liza de responsabilidad civil (RCT y RCO), as\u00ed como para [&hellip;]<\/p>\n","protected":false},"author":2,"featured_media":8614,"parent":8989,"menu_order":4,"comment_status":"closed","ping_status":"closed","template":"templates-custom\/tpl-pagina-servizi-sub.php","meta":{"_acf_changed":false,"_yoast_wpseo_focuskw":"","_yoast_wpseo_title":"Fianzas para agencias y profesionales | Italia Fideiussioni","_yoast_wpseo_metadesc":"Ofrecemos a agencias y profesionales fianzas para la apertura de agencias de viajes, institutos de vigilancia y p\u00f3lizas de responsabilidad civil. \u00a1Presupuestos en 2 horas!","_yoast_wpseo_meta-robots-noindex":"","_yoast_wpseo_meta-robots-nofollow":"","_yoast_wpseo_canonical":"","_yoast_wpseo_opengraph-title":"","_yoast_wpseo_opengraph-description":"","_yoast_wpseo_opengraph-image":"","_yoast_wpseo_opengraph-image-id":"","_yoast_wpseo_twitter-title":"","_yoast_wpseo_twitter-description":"","_yoast_wpseo_twitter-image":"","footnotes":""},"class_list":["post-9142","page","type-page","status-publish","has-post-thumbnail","hentry"],"acf":{"macroarea_servizi":"Empresas"},"yoast_head":"<!-- This site is optimized with the Yoast SEO plugin v27.4 - https:\/\/yoast.com\/product\/yoast-seo-wordpress\/ -->\n<title>Fianzas para agencias y profesionales | Italia Fideiussioni<\/title>\n<meta name=\"description\" content=\"Ofrecemos a agencias y profesionales fianzas para la apertura de agencias de viajes, institutos de vigilancia y p\u00f3lizas de responsabilidad civil. \u00a1Presupuestos en 2 horas!\" \/>\n<meta name=\"robots\" content=\"index, follow, max-snippet:-1, max-image-preview:large, max-video-preview:-1\" \/>\n<link rel=\"canonical\" href=\"https:\/\/www.italiafideiussioni.it\/es\/nuestras-fianzas-para-empresas-y-profesionales\/agencias-y-profesionales\/\" \/>\n<meta property=\"og:locale\" content=\"es_ES\" \/>\n<meta property=\"og:type\" content=\"article\" \/>\n<meta property=\"og:title\" content=\"Fianzas para agencias y profesionales | Italia Fideiussioni\" \/>\n<meta property=\"og:description\" content=\"Ofrecemos a agencias y profesionales fianzas para la apertura de agencias de viajes, institutos de vigilancia y p\u00f3lizas de responsabilidad civil. \u00a1Presupuestos en 2 horas!\" \/>\n<meta property=\"og:url\" content=\"https:\/\/www.italiafideiussioni.it\/es\/nuestras-fianzas-para-empresas-y-profesionales\/agencias-y-profesionales\/\" \/>\n<meta property=\"og:site_name\" content=\"Italia Fideiussioni\" \/>\n<meta property=\"article:publisher\" content=\"https:\/\/www.facebook.com\/italiafideiussioni\/\" \/>\n<meta property=\"article:modified_time\" content=\"2024-12-17T17:57:50+00:00\" \/>\n<meta property=\"og:image\" content=\"https:\/\/www.italiafideiussioni.it\/wp-content\/uploads\/2018\/11\/responsabilita-civile.jpg\" \/>\n\t<meta property=\"og:image:width\" content=\"1000\" \/>\n\t<meta property=\"og:image:height\" content=\"667\" \/>\n\t<meta property=\"og:image:type\" content=\"image\/jpeg\" \/>\n<meta name=\"twitter:card\" content=\"summary_large_image\" \/>\n<meta name=\"twitter:site\" content=\"@itafideiussioni\" \/>\n<script type=\"application\/ld+json\" class=\"yoast-schema-graph\">{\"@context\":\"https:\\\/\\\/schema.org\",\"@graph\":[{\"@type\":\"WebPage\",\"@id\":\"https:\\\/\\\/www.italiafideiussioni.it\\\/es\\\/nuestras-fianzas-para-empresas-y-profesionales\\\/agencias-y-profesionales\\\/\",\"url\":\"https:\\\/\\\/www.italiafideiussioni.it\\\/es\\\/nuestras-fianzas-para-empresas-y-profesionales\\\/agencias-y-profesionales\\\/\",\"name\":\"Fianzas para agencias y profesionales | Italia Fideiussioni\",\"isPartOf\":{\"@id\":\"https:\\\/\\\/www.italiafideiussioni.it\\\/es\\\/#website\"},\"primaryImageOfPage\":{\"@id\":\"https:\\\/\\\/www.italiafideiussioni.it\\\/es\\\/nuestras-fianzas-para-empresas-y-profesionales\\\/agencias-y-profesionales\\\/#primaryimage\"},\"image\":{\"@id\":\"https:\\\/\\\/www.italiafideiussioni.it\\\/es\\\/nuestras-fianzas-para-empresas-y-profesionales\\\/agencias-y-profesionales\\\/#primaryimage\"},\"thumbnailUrl\":\"https:\\\/\\\/www.italiafideiussioni.it\\\/wp-content\\\/uploads\\\/2018\\\/11\\\/responsabilita-civile.jpg\",\"datePublished\":\"2018-10-09T09:12:41+00:00\",\"dateModified\":\"2024-12-17T17:57:50+00:00\",\"description\":\"Ofrecemos a agencias y profesionales fianzas para la apertura de agencias de viajes, institutos de vigilancia y p\u00f3lizas de responsabilidad civil. \u00a1Presupuestos en 2 horas!\",\"breadcrumb\":{\"@id\":\"https:\\\/\\\/www.italiafideiussioni.it\\\/es\\\/nuestras-fianzas-para-empresas-y-profesionales\\\/agencias-y-profesionales\\\/#breadcrumb\"},\"inLanguage\":\"es\",\"potentialAction\":[{\"@type\":\"ReadAction\",\"target\":[\"https:\\\/\\\/www.italiafideiussioni.it\\\/es\\\/nuestras-fianzas-para-empresas-y-profesionales\\\/agencias-y-profesionales\\\/\"]}]},{\"@type\":\"ImageObject\",\"inLanguage\":\"es\",\"@id\":\"https:\\\/\\\/www.italiafideiussioni.it\\\/es\\\/nuestras-fianzas-para-empresas-y-profesionales\\\/agencias-y-profesionales\\\/#primaryimage\",\"url\":\"https:\\\/\\\/www.italiafideiussioni.it\\\/wp-content\\\/uploads\\\/2018\\\/11\\\/responsabilita-civile.jpg\",\"contentUrl\":\"https:\\\/\\\/www.italiafideiussioni.it\\\/wp-content\\\/uploads\\\/2018\\\/11\\\/responsabilita-civile.jpg\",\"width\":1000,\"height\":667,\"caption\":\"stretta di mano tra professionisti\"},{\"@type\":\"BreadcrumbList\",\"@id\":\"https:\\\/\\\/www.italiafideiussioni.it\\\/es\\\/nuestras-fianzas-para-empresas-y-profesionales\\\/agencias-y-profesionales\\\/#breadcrumb\",\"itemListElement\":[{\"@type\":\"ListItem\",\"position\":1,\"name\":\"Home\",\"item\":\"https:\\\/\\\/www.italiafideiussioni.it\\\/es\\\/home-page-2013\\\/\"},{\"@type\":\"ListItem\",\"position\":2,\"name\":\"Nuestras Fianzas para Empresas y Profesionales\",\"item\":\"https:\\\/\\\/www.italiafideiussioni.it\\\/es\\\/nuestras-fianzas-para-empresas-y-profesionales\\\/\"},{\"@type\":\"ListItem\",\"position\":3,\"name\":\"Agencias y Profesionales\"}]},{\"@type\":\"WebSite\",\"@id\":\"https:\\\/\\\/www.italiafideiussioni.it\\\/es\\\/#website\",\"url\":\"https:\\\/\\\/www.italiafideiussioni.it\\\/es\\\/\",\"name\":\"Italia Fideiussioni\",\"description\":\"\",\"publisher\":{\"@id\":\"https:\\\/\\\/www.italiafideiussioni.it\\\/es\\\/#organization\"},\"potentialAction\":[{\"@type\":\"SearchAction\",\"target\":{\"@type\":\"EntryPoint\",\"urlTemplate\":\"https:\\\/\\\/www.italiafideiussioni.it\\\/es\\\/?s={search_term_string}\"},\"query-input\":{\"@type\":\"PropertyValueSpecification\",\"valueRequired\":true,\"valueName\":\"search_term_string\"}}],\"inLanguage\":\"es\"},{\"@type\":\"Organization\",\"@id\":\"https:\\\/\\\/www.italiafideiussioni.it\\\/es\\\/#organization\",\"name\":\"Fideiussioni s.r.l.\",\"url\":\"https:\\\/\\\/www.italiafideiussioni.it\\\/es\\\/\",\"logo\":{\"@type\":\"ImageObject\",\"inLanguage\":\"es\",\"@id\":\"https:\\\/\\\/www.italiafideiussioni.it\\\/es\\\/#\\\/schema\\\/logo\\\/image\\\/\",\"url\":\"https:\\\/\\\/www.italiafideiussioni.it\\\/wp-content\\\/uploads\\\/2018\\\/10\\\/italiafideiussioni-logo-white.png\",\"contentUrl\":\"https:\\\/\\\/www.italiafideiussioni.it\\\/wp-content\\\/uploads\\\/2018\\\/10\\\/italiafideiussioni-logo-white.png\",\"width\":516,\"height\":97,\"caption\":\"Fideiussioni s.r.l.\"},\"image\":{\"@id\":\"https:\\\/\\\/www.italiafideiussioni.it\\\/es\\\/#\\\/schema\\\/logo\\\/image\\\/\"},\"sameAs\":[\"https:\\\/\\\/www.facebook.com\\\/italiafideiussioni\\\/\",\"https:\\\/\\\/x.com\\\/itafideiussioni\",\"https:\\\/\\\/www.linkedin.com\\\/company\\\/italiafideiussioni-srl\\\/about\\\/\",\"https:\\\/\\\/www.youtube.com\\\/channel\\\/UC-OhbmM_pkAEKLqJ6nQbpjw\"]}]}<\/script>\n<!-- \/ Yoast SEO plugin. -->","yoast_head_json":{"title":"Fianzas para agencias y profesionales | Italia Fideiussioni","description":"Ofrecemos a agencias y profesionales fianzas para la apertura de agencias de viajes, institutos de vigilancia y p\u00f3lizas de responsabilidad civil. \u00a1Presupuestos en 2 horas!","robots":{"index":"index","follow":"follow","max-snippet":"max-snippet:-1","max-image-preview":"max-image-preview:large","max-video-preview":"max-video-preview:-1"},"canonical":"https:\/\/www.italiafideiussioni.it\/es\/nuestras-fianzas-para-empresas-y-profesionales\/agencias-y-profesionales\/","og_locale":"es_ES","og_type":"article","og_title":"Fianzas para agencias y profesionales | Italia Fideiussioni","og_description":"Ofrecemos a agencias y profesionales fianzas para la apertura de agencias de viajes, institutos de vigilancia y p\u00f3lizas de responsabilidad civil. \u00a1Presupuestos en 2 horas!","og_url":"https:\/\/www.italiafideiussioni.it\/es\/nuestras-fianzas-para-empresas-y-profesionales\/agencias-y-profesionales\/","og_site_name":"Italia Fideiussioni","article_publisher":"https:\/\/www.facebook.com\/italiafideiussioni\/","article_modified_time":"2024-12-17T17:57:50+00:00","og_image":[{"width":1000,"height":667,"url":"https:\/\/www.italiafideiussioni.it\/wp-content\/uploads\/2018\/11\/responsabilita-civile.jpg","type":"image\/jpeg"}],"twitter_card":"summary_large_image","twitter_site":"@itafideiussioni","schema":{"@context":"https:\/\/schema.org","@graph":[{"@type":"WebPage","@id":"https:\/\/www.italiafideiussioni.it\/es\/nuestras-fianzas-para-empresas-y-profesionales\/agencias-y-profesionales\/","url":"https:\/\/www.italiafideiussioni.it\/es\/nuestras-fianzas-para-empresas-y-profesionales\/agencias-y-profesionales\/","name":"Fianzas para agencias y profesionales | Italia Fideiussioni","isPartOf":{"@id":"https:\/\/www.italiafideiussioni.it\/es\/#website"},"primaryImageOfPage":{"@id":"https:\/\/www.italiafideiussioni.it\/es\/nuestras-fianzas-para-empresas-y-profesionales\/agencias-y-profesionales\/#primaryimage"},"image":{"@id":"https:\/\/www.italiafideiussioni.it\/es\/nuestras-fianzas-para-empresas-y-profesionales\/agencias-y-profesionales\/#primaryimage"},"thumbnailUrl":"https:\/\/www.italiafideiussioni.it\/wp-content\/uploads\/2018\/11\/responsabilita-civile.jpg","datePublished":"2018-10-09T09:12:41+00:00","dateModified":"2024-12-17T17:57:50+00:00","description":"Ofrecemos a agencias y profesionales fianzas para la apertura de agencias de viajes, institutos de vigilancia y p\u00f3lizas de responsabilidad civil. \u00a1Presupuestos en 2 horas!","breadcrumb":{"@id":"https:\/\/www.italiafideiussioni.it\/es\/nuestras-fianzas-para-empresas-y-profesionales\/agencias-y-profesionales\/#breadcrumb"},"inLanguage":"es","potentialAction":[{"@type":"ReadAction","target":["https:\/\/www.italiafideiussioni.it\/es\/nuestras-fianzas-para-empresas-y-profesionales\/agencias-y-profesionales\/"]}]},{"@type":"ImageObject","inLanguage":"es","@id":"https:\/\/www.italiafideiussioni.it\/es\/nuestras-fianzas-para-empresas-y-profesionales\/agencias-y-profesionales\/#primaryimage","url":"https:\/\/www.italiafideiussioni.it\/wp-content\/uploads\/2018\/11\/responsabilita-civile.jpg","contentUrl":"https:\/\/www.italiafideiussioni.it\/wp-content\/uploads\/2018\/11\/responsabilita-civile.jpg","width":1000,"height":667,"caption":"stretta di mano tra professionisti"},{"@type":"BreadcrumbList","@id":"https:\/\/www.italiafideiussioni.it\/es\/nuestras-fianzas-para-empresas-y-profesionales\/agencias-y-profesionales\/#breadcrumb","itemListElement":[{"@type":"ListItem","position":1,"name":"Home","item":"https:\/\/www.italiafideiussioni.it\/es\/home-page-2013\/"},{"@type":"ListItem","position":2,"name":"Nuestras Fianzas para Empresas y Profesionales","item":"https:\/\/www.italiafideiussioni.it\/es\/nuestras-fianzas-para-empresas-y-profesionales\/"},{"@type":"ListItem","position":3,"name":"Agencias y Profesionales"}]},{"@type":"WebSite","@id":"https:\/\/www.italiafideiussioni.it\/es\/#website","url":"https:\/\/www.italiafideiussioni.it\/es\/","name":"Italia Fideiussioni","description":"","publisher":{"@id":"https:\/\/www.italiafideiussioni.it\/es\/#organization"},"potentialAction":[{"@type":"SearchAction","target":{"@type":"EntryPoint","urlTemplate":"https:\/\/www.italiafideiussioni.it\/es\/?s={search_term_string}"},"query-input":{"@type":"PropertyValueSpecification","valueRequired":true,"valueName":"search_term_string"}}],"inLanguage":"es"},{"@type":"Organization","@id":"https:\/\/www.italiafideiussioni.it\/es\/#organization","name":"Fideiussioni s.r.l.","url":"https:\/\/www.italiafideiussioni.it\/es\/","logo":{"@type":"ImageObject","inLanguage":"es","@id":"https:\/\/www.italiafideiussioni.it\/es\/#\/schema\/logo\/image\/","url":"https:\/\/www.italiafideiussioni.it\/wp-content\/uploads\/2018\/10\/italiafideiussioni-logo-white.png","contentUrl":"https:\/\/www.italiafideiussioni.it\/wp-content\/uploads\/2018\/10\/italiafideiussioni-logo-white.png","width":516,"height":97,"caption":"Fideiussioni s.r.l."},"image":{"@id":"https:\/\/www.italiafideiussioni.it\/es\/#\/schema\/logo\/image\/"},"sameAs":["https:\/\/www.facebook.com\/italiafideiussioni\/","https:\/\/x.com\/itafideiussioni","https:\/\/www.linkedin.com\/company\/italiafideiussioni-srl\/about\/","https:\/\/www.youtube.com\/channel\/UC-OhbmM_pkAEKLqJ6nQbpjw"]}]}},"_links":{"self":[{"href":"https:\/\/www.italiafideiussioni.it\/es\/wp-json\/wp\/v2\/pages\/9142","targetHints":{"allow":["GET"]}}],"collection":[{"href":"https:\/\/www.italiafideiussioni.it\/es\/wp-json\/wp\/v2\/pages"}],"about":[{"href":"https:\/\/www.italiafideiussioni.it\/es\/wp-json\/wp\/v2\/types\/page"}],"author":[{"embeddable":true,"href":"https:\/\/www.italiafideiussioni.it\/es\/wp-json\/wp\/v2\/users\/2"}],"replies":[{"embeddable":true,"href":"https:\/\/www.italiafideiussioni.it\/es\/wp-json\/wp\/v2\/comments?post=9142"}],"version-history":[{"count":1,"href":"https:\/\/www.italiafideiussioni.it\/es\/wp-json\/wp\/v2\/pages\/9142\/revisions"}],"predecessor-version":[{"id":9145,"href":"https:\/\/www.italiafideiussioni.it\/es\/wp-json\/wp\/v2\/pages\/9142\/revisions\/9145"}],"up":[{"embeddable":true,"href":"https:\/\/www.italiafideiussioni.it\/es\/wp-json\/wp\/v2\/pages\/8989"}],"wp:featuredmedia":[{"embeddable":true,"href":"https:\/\/www.italiafideiussioni.it\/es\/wp-json\/wp\/v2\/media\/8614"}],"wp:attachment":[{"href":"https:\/\/www.italiafideiussioni.it\/es\/wp-json\/wp\/v2\/media?parent=9142"}],"curies":[{"name":"wp","href":"https:\/\/api.w.org\/{rel}","templated":true}]}}