{"id":9068,"date":"2018-10-10T09:32:46","date_gmt":"2018-10-10T09:32:46","guid":{"rendered":"https:\/\/www.italiafideiussioni.it\/fideiussione-per-contributi-pubblici-a-fondo-perduto-fideiussione-agea\/"},"modified":"2024-12-17T17:52:37","modified_gmt":"2024-12-17T17:52:37","slug":"fideiussione-per-contributi-pubblici-a-fondo-perduto-fideiussione-agea","status":"publish","type":"page","link":"https:\/\/www.italiafideiussioni.it\/es\/nuestras-fianzas-para-empresas-y-profesionales\/fianzas-para-contribuciones-publicas\/fideiussione-per-contributi-pubblici-a-fondo-perduto-fideiussione-agea\/","title":{"rendered":"Fianza para Contribuciones P\u00fablicas a Fondo Perdido \u2013 Fianza AGEA"},"content":{"rendered":"\n<p><strong>Manos sosteniendo una planta<\/strong><\/p>\n\n\n\n<p>\u00bfHas decidido iniciar una actividad empresarial pero no tienes el dinero necesario para cubrir todos los gastos?<\/p>\n\n\n\n<p>\u00bfHas ganado una convocatoria de AGEA? \u00bfTienes una empresa vitivin\u00edcola y has ganado una convocatoria de <strong>AGEA OCM<\/strong>?<\/p>\n\n\n\n<p>\u00bfNecesitas una soluci\u00f3n r\u00e1pida que te proporcione la liquidez necesaria para empezar sin tener que devolver el dinero?<\/p>\n\n\n\n<h2 class=\"wp-block-heading\"><strong>Financiamientos a fondo perdido<\/strong><\/h2>\n\n\n\n<p>Los <strong>financiamientos a fondo perdido<\/strong> son sumas de dinero otorgadas, generalmente, por entidades p\u00fablicas, ya sean regionales, estatales o europeas. Estos fondos tienen como objetivo ayudar al desarrollo de nuevas empresas o la continuidad de actividades ya existentes que puedan, de alg\u00fan modo, crear valor en el sector en el que operan.<\/p>\n\n\n\n<p>Tal como lo indica su nombre, los financiamientos a fondo perdido <strong>no deben reembolsarse<\/strong> (en la mayor\u00eda de los casos) y <strong>no implican intereses<\/strong>.<\/p>\n\n\n\n<p>&nbsp;<\/p>\n\n\n\n<h3 class=\"wp-block-heading\"><strong>\u00bfNecesitas una Fianza AGEA?<\/strong><\/h3>\n\n\n\n<p>Ofrecemos la <strong>Fianza Aseguradora Online<\/strong> a las empresas de todo el territorio nacional, incluidas las islas.<\/p>\n\n\n\n<p>Cont\u00e1ctanos directamente en l\u00ednea para obtener una respuesta en tiempo real o llama a una de nuestras sucursales m\u00e1s cercanas: Tel. +39 055 49.32.199 \u2013 Tel. +39 02 667.124.17 Email: <a href=\"mailto:info@italiafideiussioni.it\">info@italiafideiussioni.it<\/a> <strong>\u00a1Env\u00edanos un mensaje y te responderemos en <strong>5 minutos<\/strong> durante el horario de oficina!<\/strong> <img decoding=\"async\" width=\"33\" height=\"32\" class=\"alignnone wp-image-1056\" src=\"https:\/\/www.italiafideiussioni.it\/wp-content\/uploads\/2015\/04\/WhatsApp_Logo_6.png\" alt=\"\"> <b>WhatsApp: +39 339 7150157<\/b><\/p>\n\n\n\n<p class=\"has-text-align-center\"><strong>Para qu\u00e9 se utilizan los fondos a fondo perdido?<\/strong><\/p>\n\n\n\n<p>Los <strong>contribuciones a fondo perdido<\/strong> se conceden al empresario a trav\u00e9s de una solicitud y se utilizan para cubrir los costos de puesta en marcha o consolidaci\u00f3n de una empresa. Estos fondos pueden emplearse para:<\/p>\n\n\n\n<ul class=\"wp-block-list\">\n<li>La compra de maquinaria<\/li>\n\n\n\n<li>La formaci\u00f3n de personal<\/li>\n\n\n\n<li>El alquiler de locales<\/li>\n\n\n\n<li>La conexi\u00f3n a la red el\u00e9ctrica<\/li>\n<\/ul>\n\n\n\n<p>Los grupos que suelen tener m\u00e1s f\u00e1cil acceso a este tipo de fondos son:<\/p>\n\n\n\n<ul class=\"wp-block-list\">\n<li><strong>J\u00f3venes de entre 18 y 35 a\u00f1os<\/strong><\/li>\n\n\n\n<li><strong>Personas desempleadas<\/strong><\/li>\n\n\n\n<li><strong>Mujeres<\/strong>, con el fin de fomentar la <strong>emprendedur\u00eda femenina<\/strong><\/li>\n<\/ul>\n\n\n\n<p>Para obtener el financiamiento, la solicitud debe ir acompa\u00f1ada de un <strong>plan de negocio<\/strong>. Este plan ser\u00e1 evaluado por una comisi\u00f3n de evaluaci\u00f3n, que se encargar\u00e1 de verificar si se cumplen los requisitos y si el proyecto realmente generar\u00e1 un <strong>valor a\u00f1adido para el territorio<\/strong>.<\/p>\n\n\n\n<hr class=\"wp-block-separator has-alpha-channel-opacity\"\/>\n\n\n\n<h3 class=\"wp-block-heading\"><strong>\u00bfQu\u00e9 hacer si ganas un fondo a fondo perdido?<\/strong><\/h3>\n\n\n\n<p>Si tu empresa obtiene una contribuci\u00f3n p\u00fablica, para acceder a un <strong>anticipo<\/strong> es necesario presentar una <strong>fianza<\/strong> a la entidad que concede la subvenci\u00f3n, con el fin de garantizar la devoluci\u00f3n del importe en caso de que el proyecto no se complete.<\/p>\n\n\n\n<hr class=\"wp-block-separator has-alpha-channel-opacity\"\/>\n\n\n\n<h3 class=\"wp-block-heading\"><strong>\u00bfCu\u00e1ntos actores intervienen en la Fianza Aseguradora?<\/strong><\/h3>\n\n\n\n<p>En una fianza aseguradora participan <strong>tres partes<\/strong>:<\/p>\n\n\n\n<ol class=\"wp-block-list\">\n<li><strong>La empresa solicitante<\/strong>: La empresa que solicita la contribuci\u00f3n.<\/li>\n\n\n\n<li><strong>El beneficiario<\/strong>: La entidad p\u00fablica, regional o estatal que otorga la contribuci\u00f3n.<\/li>\n\n\n\n<li><strong>El garante<\/strong>: La entidad aseguradora autorizada que emite la fianza.<\/li>\n<\/ol>\n\n\n\n<hr class=\"wp-block-separator has-alpha-channel-opacity\"\/>\n\n\n\n<h3 class=\"wp-block-heading\"><strong>\u00bfQui\u00e9nes otorgan los fondos a fondo perdido?<\/strong><\/h3>\n\n\n\n<p>Las entidades que otorgan contribuciones p\u00fablicas en el sector agr\u00edcola incluyen:<\/p>\n\n\n\n<ul class=\"wp-block-list\">\n<li><strong>AGEA<\/strong>: Agencia para las erogaciones en la agricultura<\/li>\n\n\n\n<li><strong>FEASR<\/strong>: Fondo Europeo Agr\u00edcola para el Desarrollo Rural<\/li>\n\n\n\n<li><strong>FEAGA<\/strong>: Fondo Europeo Agr\u00edcola de Garant\u00eda<\/li>\n\n\n\n<li><strong>ARTEA<\/strong>: Para la regi\u00f3n de Toscana<\/li>\n\n\n\n<li><strong>AGREA<\/strong>: Para la regi\u00f3n de Emilia-Roma\u00f1a<\/li>\n\n\n\n<li><strong>AVEPA<\/strong>: Para la regi\u00f3n del V\u00e9neto<\/li>\n\n\n\n<li><strong>ARCEA<\/strong>: Para la regi\u00f3n de Calabria<\/li>\n\n\n\n<li><strong>ARPEA<\/strong>: Para la regi\u00f3n de Piamonte<\/li>\n\n\n\n<li><strong>SAISA \u2013 Agencia de Aduanas<\/strong>: Para reembolsos por exportaci\u00f3n<\/li>\n\n\n\n<li><strong>Ente Nacional del Arroz<\/strong>: Para la industria arrocera<\/li>\n\n\n\n<li><strong>Regi\u00f3n de Lombard\u00eda &#8211; Agricultura<\/strong><\/li>\n\n\n\n<li><strong>Provincia Aut\u00f3noma de Bolzano &#8211; Alto Adige<\/strong><\/li>\n\n\n\n<li><strong>APPAG Trento<\/strong><\/li>\n\n\n\n<li><strong>AGEA<\/strong>: Para todas las regiones que no han constituido su propio organismo de pago.<\/li>\n<\/ul>\n\n\n\n<hr class=\"wp-block-separator has-alpha-channel-opacity\"\/>\n\n\n\n<h3 class=\"wp-block-heading\"><strong>\u00bfQu\u00e9 tipos de fondos se pueden solicitar?<\/strong><\/h3>\n\n\n\n<ul class=\"wp-block-list\">\n<li><strong>Contribuciones POR<\/strong> (Programa Operativo Regional)<\/li>\n\n\n\n<li><strong>Contribuciones FESR<\/strong> (Fondos Europeos de Desarrollo Regional)<\/li>\n\n\n\n<li><strong>Contribuciones MIUR<\/strong> (Ministerio de Educaci\u00f3n, Universidad e Investigaci\u00f3n)<\/li>\n\n\n\n<li><strong>Contribuciones para la agricultura<\/strong>: AGEA, ARGEA, ARTEA, FEAGA, FEASR<\/li>\n\n\n\n<li><strong>Contribuciones PON<\/strong> (Programa Operativo Nacional)<\/li>\n<\/ul>\n\n\n\n<hr class=\"wp-block-separator has-alpha-channel-opacity\"\/>\n\n\n\n<h3 class=\"wp-block-heading\"><strong>\u00bfC\u00f3mo podemos ayudarte con la Fianza AGEA?<\/strong><\/h3>\n\n\n\n<p>Nos especializamos en la <strong>fianza aseguradora para obtener la contribuci\u00f3n a fondo perdido AGEA OCM<\/strong> para el sector vitivin\u00edcola.<\/p>\n\n\n\n<p><strong>Tel. +39 055 49.32.199 \u2013 Tel. +39 02 667.124.17<\/strong><br><strong>WhatsApp: +39 339 7150157<\/strong><br><strong>Email: <a>info@italiafideiussioni.it<\/a><\/strong><\/p>\n\n\n\n<hr class=\"wp-block-separator has-alpha-channel-opacity\"\/>\n\n\n\n<h3 class=\"wp-block-heading\"><strong>Otras Fianzas Populares que Ofrecemos<\/strong><\/h3>\n\n\n\n<ul class=\"wp-block-list\">\n<li><strong>Fianza Bancaria para Visado Tur\u00edstico<\/strong><\/li>\n\n\n\n<li><strong>Fianza Bancaria para Visado de Estudio<\/strong><\/li>\n\n\n\n<li><strong>Fianza Bancaria para Reagrupaci\u00f3n Familiar<\/strong><\/li>\n<\/ul>\n\n\n\n<hr class=\"wp-block-separator has-alpha-channel-opacity\"\/>\n\n\n\n<h3 class=\"wp-block-heading\"><strong>\u00bfPor qu\u00e9 elegir Italia Fideiussioni?<\/strong><\/h3>\n\n\n\n<p><strong>Velocidad<\/strong><br>Emitimos la <strong>fianza aseguradora en solo 72 horas<\/strong> una vez recibidos los documentos necesarios.<\/p>\n\n\n\n<p><strong>Asistencia y Consultor\u00eda<\/strong><br>Ofrecemos un sistema de asistencia sin l\u00edmite de tiempo, tanto <strong>online<\/strong>, por <strong>tel\u00e9fono<\/strong>, <strong>WhatsApp<\/strong>, <strong>email<\/strong> y <strong>redes sociales<\/strong>.<\/p>\n\n\n\n<p><strong>Confidencialidad y Privacidad<\/strong><br>Protegemos tus datos personales. Utilizamos sistemas de seguridad inform\u00e1tica para garantizar la privacidad de la informaci\u00f3n.<\/p>\n\n\n\n<p><strong>Profesionalidad<\/strong><br>Nuestra profesionalidad se manifiesta a trav\u00e9s de los resultados obtenidos y las opiniones positivas de nuestros clientes en <strong>Google Reviews<\/strong>.<\/p>\n\n\n\n<hr class=\"wp-block-separator has-alpha-channel-opacity\"\/>\n\n\n\n<p><strong>Cont\u00e1ctanos ahora y solicita tu Fianza AGEA para acceder a los fondos a fondo perdido.<\/strong><\/p>\n\n\n\n<p><strong>Tel. +39 055 49.32.199 \u2013 Tel. +39 02 667.124.17<\/strong><br><strong>WhatsApp: +39 339 7150157<\/strong><br><strong>Email: <a>info@italiafideiussioni.it<\/a><\/strong><\/p>\n\n\n\n<p>Env\u00edanos un mensaje y te responderemos <strong>en solo 5 minutos<\/strong> durante el horario de oficina.<\/p>\n","protected":false},"excerpt":{"rendered":"<p>Lo stumento essenziale per avere accesso ai fondi erogati dagli enti pubblici<\/p>\n","protected":false},"author":2,"featured_media":8605,"parent":9143,"menu_order":0,"comment_status":"closed","ping_status":"closed","template":"","meta":{"_acf_changed":false,"_yoast_wpseo_focuskw":"","_yoast_wpseo_title":"Fianza AGEA: Contribuciones p\u00fablicas a fondo perdido","_yoast_wpseo_metadesc":"Ofrecemos fianzas AGEA para empresas que deseen acceder a cualquier tipo de contribuci\u00f3n p\u00fablica a fondo perdido. \u00a1Presupuesto en 2 horas!","_yoast_wpseo_meta-robots-noindex":"","_yoast_wpseo_meta-robots-nofollow":"","_yoast_wpseo_canonical":"","_yoast_wpseo_opengraph-title":"","_yoast_wpseo_opengraph-description":"","_yoast_wpseo_opengraph-image":"","_yoast_wpseo_opengraph-image-id":"","_yoast_wpseo_twitter-title":"","_yoast_wpseo_twitter-description":"","_yoast_wpseo_twitter-image":"","footnotes":""},"class_list":["post-9068","page","type-page","status-publish","has-post-thumbnail","hentry"],"acf":{"blocco_testimonianze":"2","macroarea_servizi":"","blocco_iniziale":"","blocco_euro_titolo":"","blocco_euro_testo":"","immagini_aggiuntive":false,"blocco_info_titolo":"","blocco_info_testo":""},"yoast_head":"<!-- This site is optimized with the Yoast SEO plugin v27.5 - https:\/\/yoast.com\/product\/yoast-seo-wordpress\/ -->\n<title>Fianza AGEA: Contribuciones p\u00fablicas a fondo perdido<\/title>\n<meta name=\"description\" content=\"Ofrecemos fianzas AGEA para empresas que deseen acceder a cualquier tipo de contribuci\u00f3n p\u00fablica a fondo perdido. \u00a1Presupuesto en 2 horas!\" \/>\n<meta name=\"robots\" content=\"index, follow, max-snippet:-1, max-image-preview:large, max-video-preview:-1\" \/>\n<link rel=\"canonical\" href=\"https:\/\/www.italiafideiussioni.it\/es\/nuestras-fianzas-para-empresas-y-profesionales\/fianzas-para-contribuciones-publicas\/fideiussione-per-contributi-pubblici-a-fondo-perduto-fideiussione-agea\/\" \/>\n<meta property=\"og:locale\" content=\"es_ES\" \/>\n<meta property=\"og:type\" content=\"article\" \/>\n<meta property=\"og:title\" content=\"Fianza AGEA: Contribuciones p\u00fablicas a fondo perdido\" \/>\n<meta property=\"og:description\" content=\"Ofrecemos fianzas AGEA para empresas que deseen acceder a cualquier tipo de contribuci\u00f3n p\u00fablica a fondo perdido. \u00a1Presupuesto en 2 horas!\" \/>\n<meta property=\"og:url\" content=\"https:\/\/www.italiafideiussioni.it\/es\/nuestras-fianzas-para-empresas-y-profesionales\/fianzas-para-contribuciones-publicas\/fideiussione-per-contributi-pubblici-a-fondo-perduto-fideiussione-agea\/\" \/>\n<meta property=\"og:site_name\" content=\"Italia Fideiussioni\" \/>\n<meta property=\"article:publisher\" content=\"https:\/\/www.facebook.com\/italiafideiussioni\/\" \/>\n<meta property=\"article:modified_time\" content=\"2024-12-17T17:52:37+00:00\" \/>\n<meta property=\"og:image\" content=\"https:\/\/www.italiafideiussioni.it\/wp-content\/uploads\/2023\/02\/fideiussioni-contributi-fondo-perduto.jpg\" \/>\n\t<meta property=\"og:image:width\" content=\"800\" \/>\n\t<meta property=\"og:image:height\" content=\"692\" \/>\n\t<meta property=\"og:image:type\" content=\"image\/jpeg\" \/>\n<meta name=\"twitter:card\" content=\"summary_large_image\" \/>\n<meta name=\"twitter:site\" content=\"@itafideiussioni\" \/>\n<meta name=\"twitter:label1\" content=\"Tiempo de lectura\" \/>\n\t<meta name=\"twitter:data1\" content=\"5 minutos\" \/>\n<script type=\"application\/ld+json\" class=\"yoast-schema-graph\">{\"@context\":\"https:\\\/\\\/schema.org\",\"@graph\":[{\"@type\":\"WebPage\",\"@id\":\"https:\\\/\\\/www.italiafideiussioni.it\\\/es\\\/nuestras-fianzas-para-empresas-y-profesionales\\\/fianzas-para-contribuciones-publicas\\\/fideiussione-per-contributi-pubblici-a-fondo-perduto-fideiussione-agea\\\/\",\"url\":\"https:\\\/\\\/www.italiafideiussioni.it\\\/es\\\/nuestras-fianzas-para-empresas-y-profesionales\\\/fianzas-para-contribuciones-publicas\\\/fideiussione-per-contributi-pubblici-a-fondo-perduto-fideiussione-agea\\\/\",\"name\":\"Fianza AGEA: Contribuciones p\u00fablicas a fondo perdido\",\"isPartOf\":{\"@id\":\"https:\\\/\\\/www.italiafideiussioni.it\\\/es\\\/#website\"},\"primaryImageOfPage\":{\"@id\":\"https:\\\/\\\/www.italiafideiussioni.it\\\/es\\\/nuestras-fianzas-para-empresas-y-profesionales\\\/fianzas-para-contribuciones-publicas\\\/fideiussione-per-contributi-pubblici-a-fondo-perduto-fideiussione-agea\\\/#primaryimage\"},\"image\":{\"@id\":\"https:\\\/\\\/www.italiafideiussioni.it\\\/es\\\/nuestras-fianzas-para-empresas-y-profesionales\\\/fianzas-para-contribuciones-publicas\\\/fideiussione-per-contributi-pubblici-a-fondo-perduto-fideiussione-agea\\\/#primaryimage\"},\"thumbnailUrl\":\"https:\\\/\\\/www.italiafideiussioni.it\\\/wp-content\\\/uploads\\\/2023\\\/02\\\/fideiussioni-contributi-fondo-perduto.jpg\",\"datePublished\":\"2018-10-10T09:32:46+00:00\",\"dateModified\":\"2024-12-17T17:52:37+00:00\",\"description\":\"Ofrecemos fianzas AGEA para empresas que deseen acceder a cualquier tipo de contribuci\u00f3n p\u00fablica a fondo perdido. \u00a1Presupuesto en 2 horas!\",\"breadcrumb\":{\"@id\":\"https:\\\/\\\/www.italiafideiussioni.it\\\/es\\\/nuestras-fianzas-para-empresas-y-profesionales\\\/fianzas-para-contribuciones-publicas\\\/fideiussione-per-contributi-pubblici-a-fondo-perduto-fideiussione-agea\\\/#breadcrumb\"},\"inLanguage\":\"es\",\"potentialAction\":[{\"@type\":\"ReadAction\",\"target\":[\"https:\\\/\\\/www.italiafideiussioni.it\\\/es\\\/nuestras-fianzas-para-empresas-y-profesionales\\\/fianzas-para-contribuciones-publicas\\\/fideiussione-per-contributi-pubblici-a-fondo-perduto-fideiussione-agea\\\/\"]}]},{\"@type\":\"ImageObject\",\"inLanguage\":\"es\",\"@id\":\"https:\\\/\\\/www.italiafideiussioni.it\\\/es\\\/nuestras-fianzas-para-empresas-y-profesionales\\\/fianzas-para-contribuciones-publicas\\\/fideiussione-per-contributi-pubblici-a-fondo-perduto-fideiussione-agea\\\/#primaryimage\",\"url\":\"https:\\\/\\\/www.italiafideiussioni.it\\\/wp-content\\\/uploads\\\/2023\\\/02\\\/fideiussioni-contributi-fondo-perduto.jpg\",\"contentUrl\":\"https:\\\/\\\/www.italiafideiussioni.it\\\/wp-content\\\/uploads\\\/2023\\\/02\\\/fideiussioni-contributi-fondo-perduto.jpg\",\"width\":800,\"height\":692,\"caption\":\"mani sorreggono una piantina\"},{\"@type\":\"BreadcrumbList\",\"@id\":\"https:\\\/\\\/www.italiafideiussioni.it\\\/es\\\/nuestras-fianzas-para-empresas-y-profesionales\\\/fianzas-para-contribuciones-publicas\\\/fideiussione-per-contributi-pubblici-a-fondo-perduto-fideiussione-agea\\\/#breadcrumb\",\"itemListElement\":[{\"@type\":\"ListItem\",\"position\":1,\"name\":\"Home\",\"item\":\"https:\\\/\\\/www.italiafideiussioni.it\\\/es\\\/home-page-2013\\\/\"},{\"@type\":\"ListItem\",\"position\":2,\"name\":\"Nuestras Fianzas para Empresas y Profesionales\",\"item\":\"https:\\\/\\\/www.italiafideiussioni.it\\\/es\\\/nuestras-fianzas-para-empresas-y-profesionales\\\/\"},{\"@type\":\"ListItem\",\"position\":3,\"name\":\"Fianzas para contribuciones p\u00fablicas\",\"item\":\"https:\\\/\\\/www.italiafideiussioni.it\\\/es\\\/nuestras-fianzas-para-empresas-y-profesionales\\\/fianzas-para-contribuciones-publicas\\\/\"},{\"@type\":\"ListItem\",\"position\":4,\"name\":\"Fianza para Contribuciones P\u00fablicas a Fondo Perdido \u2013 Fianza AGEA\"}]},{\"@type\":\"WebSite\",\"@id\":\"https:\\\/\\\/www.italiafideiussioni.it\\\/es\\\/#website\",\"url\":\"https:\\\/\\\/www.italiafideiussioni.it\\\/es\\\/\",\"name\":\"Italia Fideiussioni\",\"description\":\"\",\"publisher\":{\"@id\":\"https:\\\/\\\/www.italiafideiussioni.it\\\/es\\\/#organization\"},\"potentialAction\":[{\"@type\":\"SearchAction\",\"target\":{\"@type\":\"EntryPoint\",\"urlTemplate\":\"https:\\\/\\\/www.italiafideiussioni.it\\\/es\\\/?s={search_term_string}\"},\"query-input\":{\"@type\":\"PropertyValueSpecification\",\"valueRequired\":true,\"valueName\":\"search_term_string\"}}],\"inLanguage\":\"es\"},{\"@type\":\"Organization\",\"@id\":\"https:\\\/\\\/www.italiafideiussioni.it\\\/es\\\/#organization\",\"name\":\"Fideiussioni s.r.l.\",\"url\":\"https:\\\/\\\/www.italiafideiussioni.it\\\/es\\\/\",\"logo\":{\"@type\":\"ImageObject\",\"inLanguage\":\"es\",\"@id\":\"https:\\\/\\\/www.italiafideiussioni.it\\\/es\\\/#\\\/schema\\\/logo\\\/image\\\/\",\"url\":\"https:\\\/\\\/www.italiafideiussioni.it\\\/wp-content\\\/uploads\\\/2018\\\/10\\\/italiafideiussioni-logo-white.png\",\"contentUrl\":\"https:\\\/\\\/www.italiafideiussioni.it\\\/wp-content\\\/uploads\\\/2018\\\/10\\\/italiafideiussioni-logo-white.png\",\"width\":516,\"height\":97,\"caption\":\"Fideiussioni s.r.l.\"},\"image\":{\"@id\":\"https:\\\/\\\/www.italiafideiussioni.it\\\/es\\\/#\\\/schema\\\/logo\\\/image\\\/\"},\"sameAs\":[\"https:\\\/\\\/www.facebook.com\\\/italiafideiussioni\\\/\",\"https:\\\/\\\/x.com\\\/itafideiussioni\",\"https:\\\/\\\/www.linkedin.com\\\/company\\\/italiafideiussioni-srl\\\/about\\\/\",\"https:\\\/\\\/www.youtube.com\\\/channel\\\/UC-OhbmM_pkAEKLqJ6nQbpjw\"]}]}<\/script>\n<!-- \/ Yoast SEO plugin. -->","yoast_head_json":{"title":"Fianza AGEA: Contribuciones p\u00fablicas a fondo perdido","description":"Ofrecemos fianzas AGEA para empresas que deseen acceder a cualquier tipo de contribuci\u00f3n p\u00fablica a fondo perdido. \u00a1Presupuesto en 2 horas!","robots":{"index":"index","follow":"follow","max-snippet":"max-snippet:-1","max-image-preview":"max-image-preview:large","max-video-preview":"max-video-preview:-1"},"canonical":"https:\/\/www.italiafideiussioni.it\/es\/nuestras-fianzas-para-empresas-y-profesionales\/fianzas-para-contribuciones-publicas\/fideiussione-per-contributi-pubblici-a-fondo-perduto-fideiussione-agea\/","og_locale":"es_ES","og_type":"article","og_title":"Fianza AGEA: Contribuciones p\u00fablicas a fondo perdido","og_description":"Ofrecemos fianzas AGEA para empresas que deseen acceder a cualquier tipo de contribuci\u00f3n p\u00fablica a fondo perdido. \u00a1Presupuesto en 2 horas!","og_url":"https:\/\/www.italiafideiussioni.it\/es\/nuestras-fianzas-para-empresas-y-profesionales\/fianzas-para-contribuciones-publicas\/fideiussione-per-contributi-pubblici-a-fondo-perduto-fideiussione-agea\/","og_site_name":"Italia Fideiussioni","article_publisher":"https:\/\/www.facebook.com\/italiafideiussioni\/","article_modified_time":"2024-12-17T17:52:37+00:00","og_image":[{"width":800,"height":692,"url":"https:\/\/www.italiafideiussioni.it\/wp-content\/uploads\/2023\/02\/fideiussioni-contributi-fondo-perduto.jpg","type":"image\/jpeg"}],"twitter_card":"summary_large_image","twitter_site":"@itafideiussioni","twitter_misc":{"Tiempo de lectura":"5 minutos"},"schema":{"@context":"https:\/\/schema.org","@graph":[{"@type":"WebPage","@id":"https:\/\/www.italiafideiussioni.it\/es\/nuestras-fianzas-para-empresas-y-profesionales\/fianzas-para-contribuciones-publicas\/fideiussione-per-contributi-pubblici-a-fondo-perduto-fideiussione-agea\/","url":"https:\/\/www.italiafideiussioni.it\/es\/nuestras-fianzas-para-empresas-y-profesionales\/fianzas-para-contribuciones-publicas\/fideiussione-per-contributi-pubblici-a-fondo-perduto-fideiussione-agea\/","name":"Fianza AGEA: Contribuciones p\u00fablicas a fondo perdido","isPartOf":{"@id":"https:\/\/www.italiafideiussioni.it\/es\/#website"},"primaryImageOfPage":{"@id":"https:\/\/www.italiafideiussioni.it\/es\/nuestras-fianzas-para-empresas-y-profesionales\/fianzas-para-contribuciones-publicas\/fideiussione-per-contributi-pubblici-a-fondo-perduto-fideiussione-agea\/#primaryimage"},"image":{"@id":"https:\/\/www.italiafideiussioni.it\/es\/nuestras-fianzas-para-empresas-y-profesionales\/fianzas-para-contribuciones-publicas\/fideiussione-per-contributi-pubblici-a-fondo-perduto-fideiussione-agea\/#primaryimage"},"thumbnailUrl":"https:\/\/www.italiafideiussioni.it\/wp-content\/uploads\/2023\/02\/fideiussioni-contributi-fondo-perduto.jpg","datePublished":"2018-10-10T09:32:46+00:00","dateModified":"2024-12-17T17:52:37+00:00","description":"Ofrecemos fianzas AGEA para empresas que deseen acceder a cualquier tipo de contribuci\u00f3n p\u00fablica a fondo perdido. \u00a1Presupuesto en 2 horas!","breadcrumb":{"@id":"https:\/\/www.italiafideiussioni.it\/es\/nuestras-fianzas-para-empresas-y-profesionales\/fianzas-para-contribuciones-publicas\/fideiussione-per-contributi-pubblici-a-fondo-perduto-fideiussione-agea\/#breadcrumb"},"inLanguage":"es","potentialAction":[{"@type":"ReadAction","target":["https:\/\/www.italiafideiussioni.it\/es\/nuestras-fianzas-para-empresas-y-profesionales\/fianzas-para-contribuciones-publicas\/fideiussione-per-contributi-pubblici-a-fondo-perduto-fideiussione-agea\/"]}]},{"@type":"ImageObject","inLanguage":"es","@id":"https:\/\/www.italiafideiussioni.it\/es\/nuestras-fianzas-para-empresas-y-profesionales\/fianzas-para-contribuciones-publicas\/fideiussione-per-contributi-pubblici-a-fondo-perduto-fideiussione-agea\/#primaryimage","url":"https:\/\/www.italiafideiussioni.it\/wp-content\/uploads\/2023\/02\/fideiussioni-contributi-fondo-perduto.jpg","contentUrl":"https:\/\/www.italiafideiussioni.it\/wp-content\/uploads\/2023\/02\/fideiussioni-contributi-fondo-perduto.jpg","width":800,"height":692,"caption":"mani sorreggono una piantina"},{"@type":"BreadcrumbList","@id":"https:\/\/www.italiafideiussioni.it\/es\/nuestras-fianzas-para-empresas-y-profesionales\/fianzas-para-contribuciones-publicas\/fideiussione-per-contributi-pubblici-a-fondo-perduto-fideiussione-agea\/#breadcrumb","itemListElement":[{"@type":"ListItem","position":1,"name":"Home","item":"https:\/\/www.italiafideiussioni.it\/es\/home-page-2013\/"},{"@type":"ListItem","position":2,"name":"Nuestras Fianzas para Empresas y Profesionales","item":"https:\/\/www.italiafideiussioni.it\/es\/nuestras-fianzas-para-empresas-y-profesionales\/"},{"@type":"ListItem","position":3,"name":"Fianzas para contribuciones p\u00fablicas","item":"https:\/\/www.italiafideiussioni.it\/es\/nuestras-fianzas-para-empresas-y-profesionales\/fianzas-para-contribuciones-publicas\/"},{"@type":"ListItem","position":4,"name":"Fianza para Contribuciones P\u00fablicas a Fondo Perdido \u2013 Fianza AGEA"}]},{"@type":"WebSite","@id":"https:\/\/www.italiafideiussioni.it\/es\/#website","url":"https:\/\/www.italiafideiussioni.it\/es\/","name":"Italia Fideiussioni","description":"","publisher":{"@id":"https:\/\/www.italiafideiussioni.it\/es\/#organization"},"potentialAction":[{"@type":"SearchAction","target":{"@type":"EntryPoint","urlTemplate":"https:\/\/www.italiafideiussioni.it\/es\/?s={search_term_string}"},"query-input":{"@type":"PropertyValueSpecification","valueRequired":true,"valueName":"search_term_string"}}],"inLanguage":"es"},{"@type":"Organization","@id":"https:\/\/www.italiafideiussioni.it\/es\/#organization","name":"Fideiussioni s.r.l.","url":"https:\/\/www.italiafideiussioni.it\/es\/","logo":{"@type":"ImageObject","inLanguage":"es","@id":"https:\/\/www.italiafideiussioni.it\/es\/#\/schema\/logo\/image\/","url":"https:\/\/www.italiafideiussioni.it\/wp-content\/uploads\/2018\/10\/italiafideiussioni-logo-white.png","contentUrl":"https:\/\/www.italiafideiussioni.it\/wp-content\/uploads\/2018\/10\/italiafideiussioni-logo-white.png","width":516,"height":97,"caption":"Fideiussioni s.r.l."},"image":{"@id":"https:\/\/www.italiafideiussioni.it\/es\/#\/schema\/logo\/image\/"},"sameAs":["https:\/\/www.facebook.com\/italiafideiussioni\/","https:\/\/x.com\/itafideiussioni","https:\/\/www.linkedin.com\/company\/italiafideiussioni-srl\/about\/","https:\/\/www.youtube.com\/channel\/UC-OhbmM_pkAEKLqJ6nQbpjw"]}]}},"_links":{"self":[{"href":"https:\/\/www.italiafideiussioni.it\/es\/wp-json\/wp\/v2\/pages\/9068","targetHints":{"allow":["GET"]}}],"collection":[{"href":"https:\/\/www.italiafideiussioni.it\/es\/wp-json\/wp\/v2\/pages"}],"about":[{"href":"https:\/\/www.italiafideiussioni.it\/es\/wp-json\/wp\/v2\/types\/page"}],"author":[{"embeddable":true,"href":"https:\/\/www.italiafideiussioni.it\/es\/wp-json\/wp\/v2\/users\/2"}],"replies":[{"embeddable":true,"href":"https:\/\/www.italiafideiussioni.it\/es\/wp-json\/wp\/v2\/comments?post=9068"}],"version-history":[{"count":1,"href":"https:\/\/www.italiafideiussioni.it\/es\/wp-json\/wp\/v2\/pages\/9068\/revisions"}],"predecessor-version":[{"id":9074,"href":"https:\/\/www.italiafideiussioni.it\/es\/wp-json\/wp\/v2\/pages\/9068\/revisions\/9074"}],"up":[{"embeddable":true,"href":"https:\/\/www.italiafideiussioni.it\/es\/wp-json\/wp\/v2\/pages\/9143"}],"wp:featuredmedia":[{"embeddable":true,"href":"https:\/\/www.italiafideiussioni.it\/es\/wp-json\/wp\/v2\/media\/8605"}],"wp:attachment":[{"href":"https:\/\/www.italiafideiussioni.it\/es\/wp-json\/wp\/v2\/media?parent=9068"}],"curies":[{"name":"wp","href":"https:\/\/api.w.org\/{rel}","templated":true}]}}