{"id":9060,"date":"2018-10-10T09:11:02","date_gmt":"2018-10-10T09:11:02","guid":{"rendered":"https:\/\/www.italiafideiussioni.it\/certificacion-de-capacidad-financiera\/"},"modified":"2018-10-10T09:11:02","modified_gmt":"2018-10-10T09:11:02","slug":"certificacion-de-capacidad-financiera","status":"publish","type":"page","link":"https:\/\/www.italiafideiussioni.it\/es\/certificacion-de-capacidad-financiera\/","title":{"rendered":"Certificaci\u00f3n de Capacidad Financiera"},"content":{"rendered":"<p><strong>\u00bfNecesitas la certificaci\u00f3n de capacidad financiera para la inscripci\u00f3n en el Registro Nacional de <b><a href=\"https:\/\/www.italiafideiussioni.it\/attestazione-di-capacita-finanziaria\/attestazione-di-capacita-finanziaria-per-autotrasportatori\/\">Transportistas de Mercanc\u00edas por Carretera<\/a><\/b>?<\/strong><\/p>\n<p><strong>\u00bf<a href=\"https:\/\/www.italiafideiussioni.it\/attestazione-di-capacita-finanziaria\/attestazione-di-capacita-finanziaria-per-officine-e-centri-revisione-veicoli-a-motore\/\"><b>Est\u00e1s buscando la Certificaci\u00f3n de Capacidad Financiera para Talleres y Centros de Inspecci\u00f3n de Veh\u00edculos de Motor?<\/b><\/a><\/strong><\/p>\n<p><strong>\u00bfQuieres abrir una <a href=\"https:\/\/www.italiafideiussioni.it\/attestazione-di-capacita-finanziaria\/attestazione-di-capacita-finanziaria-per-agenzia-di-consulenza-automobilistica-e-agenzia-pratiche-auto\/\"><b>Agencia de Tr\u00e1mites de Veh\u00edculos<\/b><\/a>?<\/strong><\/p>\n<p><span style=\"font-weight: 400;\">La Certificaci\u00f3n de Capacidad Financiera es una acreditaci\u00f3n que certifica que las personas que desempe\u00f1an la actividad elegida disponen de los medios financieros necesarios para gestionar la actividad de forma seria.<br \/>Nosotros la emitimos principalmente a trav\u00e9s de la fianza de terceros acreedores, adapt\u00e1ndonos a tus necesidades. Estas son las principales tipolog\u00edas de Capacidad Financiera de las que nos ocupamos:<\/span><\/p>\n","protected":false},"excerpt":{"rendered":"<p>Certificaciones de Capacidad Financiera para Transportistas y Centros de Inspecci\u00f3n de Veh\u00edculos. <\/p>\n","protected":false},"author":2,"featured_media":9062,"parent":0,"menu_order":2,"comment_status":"closed","ping_status":"closed","template":"templates-custom\/tpl-pagina-servizi-sub.php","meta":{"_acf_changed":false,"_yoast_wpseo_focuskw":"","_yoast_wpseo_title":"Certificaciones de Capacidad Financiera | Italia Fideiussioni","_yoast_wpseo_metadesc":"Certificaciones de capacidad financiera para iniciar una actividad de transporte, autoescuela, agencia de tr\u00e1mites de veh\u00edculos, centros de inspecci\u00f3n o para licitaciones p\u00fablicas.","_yoast_wpseo_meta-robots-noindex":"","_yoast_wpseo_meta-robots-nofollow":"","_yoast_wpseo_canonical":"","_yoast_wpseo_opengraph-title":"","_yoast_wpseo_opengraph-description":"","_yoast_wpseo_opengraph-image":"","_yoast_wpseo_opengraph-image-id":"","_yoast_wpseo_twitter-title":"","_yoast_wpseo_twitter-description":"","_yoast_wpseo_twitter-image":"","footnotes":""},"class_list":["post-9060","page","type-page","status-publish","has-post-thumbnail","hentry"],"acf":{"blocco_iniziale":"<div class=\"container_iframe\" style=\"margin-bottom: 30px;\"><div class=\"epyt-video-wrapper\"><iframe  id=\"_ytid_72073\"  width=\"480\" height=\"270\"  data-origwidth=\"480\" data-origheight=\"270\"  data-relstop=\"1\" src=\"https:\/\/www.youtube.com\/embed\/1OVVZautKXM?enablejsapi=1&autoplay=0&cc_load_policy=0&cc_lang_pref=&iv_load_policy=3&loop=0&rel=0&fs=1&playsinline=0&autohide=2&theme=dark&color=red&controls=1&disablekb=0&\" class=\"__youtube_prefs__  no-lazyload\" title=\"YouTube player\"  allow=\"fullscreen; accelerometer; autoplay; clipboard-write; encrypted-media; gyroscope; picture-in-picture; web-share\" referrerpolicy=\"strict-origin-when-cross-origin\" allowfullscreen data-no-lazy=\"1\" data-skipgform_ajax_framebjll=\"\"><\/iframe><\/div><\/div>\n<p><span style=\"font-weight: 400;\">\u00bfHas intentado acudir a tu banco o a tu aseguradora, pero sin \u00e9xito?<\/span><\/p>\n<p><span style=\"font-weight: 400;\">\u00bfEres conductor y necesitas inscribirte en el R.E.N. (Registro Electr\u00f3nico Nacional)? <\/span><\/p>\n<p><span style=\"font-weight: 400;\">En esta p\u00e1gina tenemos lo que necesitas. \u00a1Ll\u00e1manos ahora y responderemos a tus preguntas!<\/span><\/p>\n<p><span style=\"font-weight: 400;\">La Certificaci\u00f3n de Capacidad Financiera es un documento indispensable que sirve para acreditar la posibilidad de hacer frente a eventuales obligaciones financieras derivadas del ejercicio de la actividad.<\/span><\/p>\n<p><span style=\"font-weight: 400;\">Es un documento obligatorio. La normativa establece que cada sector comercial debe cumplir con los par\u00e1metros financieros, patrimoniales y econ\u00f3micos m\u00ednimos para garantizar seriedad y estabilidad al usuario final, seleccionando as\u00ed a los operadores econ\u00f3micos que se presentan en el mercado.<\/span><\/p>\n","macroarea_servizi":"Certificaci\u00f3n"},"yoast_head":"<!-- This site is optimized with the Yoast SEO plugin v27.5 - https:\/\/yoast.com\/product\/yoast-seo-wordpress\/ -->\n<title>Certificaciones de Capacidad Financiera | Italia Fideiussioni<\/title>\n<meta name=\"description\" content=\"Certificaciones de capacidad financiera para iniciar una actividad de transporte, autoescuela, agencia de tr\u00e1mites de veh\u00edculos, centros de inspecci\u00f3n o para licitaciones p\u00fablicas.\" \/>\n<meta name=\"robots\" content=\"index, follow, max-snippet:-1, max-image-preview:large, max-video-preview:-1\" \/>\n<link rel=\"canonical\" href=\"https:\/\/www.italiafideiussioni.it\/es\/certificacion-de-capacidad-financiera\/\" \/>\n<meta property=\"og:locale\" content=\"es_ES\" \/>\n<meta property=\"og:type\" content=\"article\" \/>\n<meta property=\"og:title\" content=\"Certificaciones de Capacidad Financiera | Italia Fideiussioni\" \/>\n<meta property=\"og:description\" content=\"Certificaciones de capacidad financiera para iniciar una actividad de transporte, autoescuela, agencia de tr\u00e1mites de veh\u00edculos, centros de inspecci\u00f3n o para licitaciones p\u00fablicas.\" \/>\n<meta property=\"og:url\" content=\"https:\/\/www.italiafideiussioni.it\/es\/certificacion-de-capacidad-financiera\/\" \/>\n<meta property=\"og:site_name\" content=\"Italia Fideiussioni\" \/>\n<meta property=\"article:publisher\" content=\"https:\/\/www.facebook.com\/italiafideiussioni\/\" \/>\n<meta property=\"og:image\" content=\"https:\/\/www.italiafideiussioni.it\/wp-content\/uploads\/2023\/02\/attestazione-capacita-finanziaria.jpg\" \/>\n\t<meta property=\"og:image:width\" content=\"800\" \/>\n\t<meta property=\"og:image:height\" content=\"692\" \/>\n\t<meta property=\"og:image:type\" content=\"image\/jpeg\" \/>\n<meta name=\"twitter:card\" content=\"summary_large_image\" \/>\n<meta name=\"twitter:site\" content=\"@itafideiussioni\" \/>\n<meta name=\"twitter:label1\" content=\"Tiempo de lectura\" \/>\n\t<meta name=\"twitter:data1\" content=\"1 minuto\" \/>\n<script type=\"application\/ld+json\" class=\"yoast-schema-graph\">{\"@context\":\"https:\\\/\\\/schema.org\",\"@graph\":[{\"@type\":\"WebPage\",\"@id\":\"https:\\\/\\\/www.italiafideiussioni.it\\\/es\\\/certificacion-de-capacidad-financiera\\\/\",\"url\":\"https:\\\/\\\/www.italiafideiussioni.it\\\/es\\\/certificacion-de-capacidad-financiera\\\/\",\"name\":\"Certificaciones de Capacidad Financiera | Italia Fideiussioni\",\"isPartOf\":{\"@id\":\"https:\\\/\\\/www.italiafideiussioni.it\\\/es\\\/#website\"},\"primaryImageOfPage\":{\"@id\":\"https:\\\/\\\/www.italiafideiussioni.it\\\/es\\\/certificacion-de-capacidad-financiera\\\/#primaryimage\"},\"image\":{\"@id\":\"https:\\\/\\\/www.italiafideiussioni.it\\\/es\\\/certificacion-de-capacidad-financiera\\\/#primaryimage\"},\"thumbnailUrl\":\"https:\\\/\\\/www.italiafideiussioni.it\\\/wp-content\\\/uploads\\\/2023\\\/02\\\/attestazione-capacita-finanziaria.jpg\",\"datePublished\":\"2018-10-10T09:11:02+00:00\",\"description\":\"Certificaciones de capacidad financiera para iniciar una actividad de transporte, autoescuela, agencia de tr\u00e1mites de veh\u00edculos, centros de inspecci\u00f3n o para licitaciones p\u00fablicas.\",\"breadcrumb\":{\"@id\":\"https:\\\/\\\/www.italiafideiussioni.it\\\/es\\\/certificacion-de-capacidad-financiera\\\/#breadcrumb\"},\"inLanguage\":\"es\",\"potentialAction\":[{\"@type\":\"ReadAction\",\"target\":[\"https:\\\/\\\/www.italiafideiussioni.it\\\/es\\\/certificacion-de-capacidad-financiera\\\/\"]}]},{\"@type\":\"ImageObject\",\"inLanguage\":\"es\",\"@id\":\"https:\\\/\\\/www.italiafideiussioni.it\\\/es\\\/certificacion-de-capacidad-financiera\\\/#primaryimage\",\"url\":\"https:\\\/\\\/www.italiafideiussioni.it\\\/wp-content\\\/uploads\\\/2023\\\/02\\\/attestazione-capacita-finanziaria.jpg\",\"contentUrl\":\"https:\\\/\\\/www.italiafideiussioni.it\\\/wp-content\\\/uploads\\\/2023\\\/02\\\/attestazione-capacita-finanziaria.jpg\",\"width\":800,\"height\":692},{\"@type\":\"BreadcrumbList\",\"@id\":\"https:\\\/\\\/www.italiafideiussioni.it\\\/es\\\/certificacion-de-capacidad-financiera\\\/#breadcrumb\",\"itemListElement\":[{\"@type\":\"ListItem\",\"position\":1,\"name\":\"Home\",\"item\":\"https:\\\/\\\/www.italiafideiussioni.it\\\/es\\\/home-page-2013\\\/\"},{\"@type\":\"ListItem\",\"position\":2,\"name\":\"Certificaci\u00f3n de Capacidad Financiera\"}]},{\"@type\":\"WebSite\",\"@id\":\"https:\\\/\\\/www.italiafideiussioni.it\\\/es\\\/#website\",\"url\":\"https:\\\/\\\/www.italiafideiussioni.it\\\/es\\\/\",\"name\":\"Italia Fideiussioni\",\"description\":\"\",\"publisher\":{\"@id\":\"https:\\\/\\\/www.italiafideiussioni.it\\\/es\\\/#organization\"},\"potentialAction\":[{\"@type\":\"SearchAction\",\"target\":{\"@type\":\"EntryPoint\",\"urlTemplate\":\"https:\\\/\\\/www.italiafideiussioni.it\\\/es\\\/?s={search_term_string}\"},\"query-input\":{\"@type\":\"PropertyValueSpecification\",\"valueRequired\":true,\"valueName\":\"search_term_string\"}}],\"inLanguage\":\"es\"},{\"@type\":\"Organization\",\"@id\":\"https:\\\/\\\/www.italiafideiussioni.it\\\/es\\\/#organization\",\"name\":\"Fideiussioni s.r.l.\",\"url\":\"https:\\\/\\\/www.italiafideiussioni.it\\\/es\\\/\",\"logo\":{\"@type\":\"ImageObject\",\"inLanguage\":\"es\",\"@id\":\"https:\\\/\\\/www.italiafideiussioni.it\\\/es\\\/#\\\/schema\\\/logo\\\/image\\\/\",\"url\":\"https:\\\/\\\/www.italiafideiussioni.it\\\/wp-content\\\/uploads\\\/2018\\\/10\\\/italiafideiussioni-logo-white.png\",\"contentUrl\":\"https:\\\/\\\/www.italiafideiussioni.it\\\/wp-content\\\/uploads\\\/2018\\\/10\\\/italiafideiussioni-logo-white.png\",\"width\":516,\"height\":97,\"caption\":\"Fideiussioni s.r.l.\"},\"image\":{\"@id\":\"https:\\\/\\\/www.italiafideiussioni.it\\\/es\\\/#\\\/schema\\\/logo\\\/image\\\/\"},\"sameAs\":[\"https:\\\/\\\/www.facebook.com\\\/italiafideiussioni\\\/\",\"https:\\\/\\\/x.com\\\/itafideiussioni\",\"https:\\\/\\\/www.linkedin.com\\\/company\\\/italiafideiussioni-srl\\\/about\\\/\",\"https:\\\/\\\/www.youtube.com\\\/channel\\\/UC-OhbmM_pkAEKLqJ6nQbpjw\"]}]}<\/script>\n<!-- \/ Yoast SEO plugin. -->","yoast_head_json":{"title":"Certificaciones de Capacidad Financiera | Italia Fideiussioni","description":"Certificaciones de capacidad financiera para iniciar una actividad de transporte, autoescuela, agencia de tr\u00e1mites de veh\u00edculos, centros de inspecci\u00f3n o para licitaciones p\u00fablicas.","robots":{"index":"index","follow":"follow","max-snippet":"max-snippet:-1","max-image-preview":"max-image-preview:large","max-video-preview":"max-video-preview:-1"},"canonical":"https:\/\/www.italiafideiussioni.it\/es\/certificacion-de-capacidad-financiera\/","og_locale":"es_ES","og_type":"article","og_title":"Certificaciones de Capacidad Financiera | Italia Fideiussioni","og_description":"Certificaciones de capacidad financiera para iniciar una actividad de transporte, autoescuela, agencia de tr\u00e1mites de veh\u00edculos, centros de inspecci\u00f3n o para licitaciones p\u00fablicas.","og_url":"https:\/\/www.italiafideiussioni.it\/es\/certificacion-de-capacidad-financiera\/","og_site_name":"Italia Fideiussioni","article_publisher":"https:\/\/www.facebook.com\/italiafideiussioni\/","og_image":[{"width":800,"height":692,"url":"https:\/\/www.italiafideiussioni.it\/wp-content\/uploads\/2023\/02\/attestazione-capacita-finanziaria.jpg","type":"image\/jpeg"}],"twitter_card":"summary_large_image","twitter_site":"@itafideiussioni","twitter_misc":{"Tiempo de lectura":"1 minuto"},"schema":{"@context":"https:\/\/schema.org","@graph":[{"@type":"WebPage","@id":"https:\/\/www.italiafideiussioni.it\/es\/certificacion-de-capacidad-financiera\/","url":"https:\/\/www.italiafideiussioni.it\/es\/certificacion-de-capacidad-financiera\/","name":"Certificaciones de Capacidad Financiera | Italia Fideiussioni","isPartOf":{"@id":"https:\/\/www.italiafideiussioni.it\/es\/#website"},"primaryImageOfPage":{"@id":"https:\/\/www.italiafideiussioni.it\/es\/certificacion-de-capacidad-financiera\/#primaryimage"},"image":{"@id":"https:\/\/www.italiafideiussioni.it\/es\/certificacion-de-capacidad-financiera\/#primaryimage"},"thumbnailUrl":"https:\/\/www.italiafideiussioni.it\/wp-content\/uploads\/2023\/02\/attestazione-capacita-finanziaria.jpg","datePublished":"2018-10-10T09:11:02+00:00","description":"Certificaciones de capacidad financiera para iniciar una actividad de transporte, autoescuela, agencia de tr\u00e1mites de veh\u00edculos, centros de inspecci\u00f3n o para licitaciones p\u00fablicas.","breadcrumb":{"@id":"https:\/\/www.italiafideiussioni.it\/es\/certificacion-de-capacidad-financiera\/#breadcrumb"},"inLanguage":"es","potentialAction":[{"@type":"ReadAction","target":["https:\/\/www.italiafideiussioni.it\/es\/certificacion-de-capacidad-financiera\/"]}]},{"@type":"ImageObject","inLanguage":"es","@id":"https:\/\/www.italiafideiussioni.it\/es\/certificacion-de-capacidad-financiera\/#primaryimage","url":"https:\/\/www.italiafideiussioni.it\/wp-content\/uploads\/2023\/02\/attestazione-capacita-finanziaria.jpg","contentUrl":"https:\/\/www.italiafideiussioni.it\/wp-content\/uploads\/2023\/02\/attestazione-capacita-finanziaria.jpg","width":800,"height":692},{"@type":"BreadcrumbList","@id":"https:\/\/www.italiafideiussioni.it\/es\/certificacion-de-capacidad-financiera\/#breadcrumb","itemListElement":[{"@type":"ListItem","position":1,"name":"Home","item":"https:\/\/www.italiafideiussioni.it\/es\/home-page-2013\/"},{"@type":"ListItem","position":2,"name":"Certificaci\u00f3n de Capacidad Financiera"}]},{"@type":"WebSite","@id":"https:\/\/www.italiafideiussioni.it\/es\/#website","url":"https:\/\/www.italiafideiussioni.it\/es\/","name":"Italia Fideiussioni","description":"","publisher":{"@id":"https:\/\/www.italiafideiussioni.it\/es\/#organization"},"potentialAction":[{"@type":"SearchAction","target":{"@type":"EntryPoint","urlTemplate":"https:\/\/www.italiafideiussioni.it\/es\/?s={search_term_string}"},"query-input":{"@type":"PropertyValueSpecification","valueRequired":true,"valueName":"search_term_string"}}],"inLanguage":"es"},{"@type":"Organization","@id":"https:\/\/www.italiafideiussioni.it\/es\/#organization","name":"Fideiussioni s.r.l.","url":"https:\/\/www.italiafideiussioni.it\/es\/","logo":{"@type":"ImageObject","inLanguage":"es","@id":"https:\/\/www.italiafideiussioni.it\/es\/#\/schema\/logo\/image\/","url":"https:\/\/www.italiafideiussioni.it\/wp-content\/uploads\/2018\/10\/italiafideiussioni-logo-white.png","contentUrl":"https:\/\/www.italiafideiussioni.it\/wp-content\/uploads\/2018\/10\/italiafideiussioni-logo-white.png","width":516,"height":97,"caption":"Fideiussioni s.r.l."},"image":{"@id":"https:\/\/www.italiafideiussioni.it\/es\/#\/schema\/logo\/image\/"},"sameAs":["https:\/\/www.facebook.com\/italiafideiussioni\/","https:\/\/x.com\/itafideiussioni","https:\/\/www.linkedin.com\/company\/italiafideiussioni-srl\/about\/","https:\/\/www.youtube.com\/channel\/UC-OhbmM_pkAEKLqJ6nQbpjw"]}]}},"_links":{"self":[{"href":"https:\/\/www.italiafideiussioni.it\/es\/wp-json\/wp\/v2\/pages\/9060","targetHints":{"allow":["GET"]}}],"collection":[{"href":"https:\/\/www.italiafideiussioni.it\/es\/wp-json\/wp\/v2\/pages"}],"about":[{"href":"https:\/\/www.italiafideiussioni.it\/es\/wp-json\/wp\/v2\/types\/page"}],"author":[{"embeddable":true,"href":"https:\/\/www.italiafideiussioni.it\/es\/wp-json\/wp\/v2\/users\/2"}],"replies":[{"embeddable":true,"href":"https:\/\/www.italiafideiussioni.it\/es\/wp-json\/wp\/v2\/comments?post=9060"}],"version-history":[{"count":0,"href":"https:\/\/www.italiafideiussioni.it\/es\/wp-json\/wp\/v2\/pages\/9060\/revisions"}],"wp:featuredmedia":[{"embeddable":true,"href":"https:\/\/www.italiafideiussioni.it\/es\/wp-json\/wp\/v2\/media\/9062"}],"wp:attachment":[{"href":"https:\/\/www.italiafideiussioni.it\/es\/wp-json\/wp\/v2\/media?parent=9060"}],"curies":[{"name":"wp","href":"https:\/\/api.w.org\/{rel}","templated":true}]}}