{"id":9054,"date":"2018-10-10T09:13:12","date_gmt":"2018-10-10T09:13:12","guid":{"rendered":"https:\/\/www.italiafideiussioni.it\/fianza-aseguradora-para-licitaciones-publicas\/"},"modified":"2018-10-10T09:13:12","modified_gmt":"2018-10-10T09:13:12","slug":"fianza-aseguradora-para-licitaciones-publicas","status":"publish","type":"page","link":"https:\/\/www.italiafideiussioni.it\/es\/fianza-aseguradora-para-licitaciones-publicas\/","title":{"rendered":"Fianza aseguradora para licitaciones p\u00fablicas"},"content":{"rendered":"<p>Nuestra empresa se encarga de proporcionarte la fianza aseguradora para cualquier tipo de licitaci\u00f3n p\u00fablica: Garant\u00eda provisional, Fianza definitiva, Fianza Aseguradora Online para Anticipos en licitaciones p\u00fablicas, para empresas italianas, tanto en Italia como en Europa. Disponemos de la <strong>p\u00f3liza C.A.R. Licitaciones P\u00fablicas ALL RISK y la p\u00f3liza Decenal Posterior <\/strong>en tiempo real, todo online, con firma digital certificada. Sin embargo, hay licitaciones p\u00fablicas complejas como las de Trenitalia, CONSIP, RFI, Grandes Estaciones, Anas, Enel y tambi\u00e9n Fianzas Aseguradoras Online para Project Financing. \u00bfEst\u00e1s buscando una p\u00f3liza de fianza para una de estas entidades licitantes?<\/p>\n<p><strong>Tenemos la soluci\u00f3n que estabas buscando. Proveemos, desde hace varios a\u00f1os y en tiempos breves, la fianza provisional y posteriormente la fianza definitiva para las licitaciones de TRENITALIA.<\/strong><\/p>\n<p style=\"text-align: center; font-size: 30px;\"><a href=\"https:\/\/www.italiafideiussioni.it\/testimonianze\/\"><strong>Lee aqu\u00ed lo que opinan<br \/>\nnuestros clientes, contamos<br \/>\n con numerosas opiniones positivas. <\/strong><\/a><\/p>\n<p>Tenemos un modelo operativo innovador de fianzas aseguradoras online que permite a la empresa imprimir la p\u00f3liza provisional directamente en su oficina con firma digital.<\/p>\n<h3><strong>Nuestra Fianza Aseguradora Online para licitaciones p\u00fablicas es f\u00e1cil, simple y r\u00e1pida.<\/strong><\/h3>\n<h3><strong>Aseguramos a la empresa que debe participar en una licitaci\u00f3n p\u00fablica en menos de 24 horas.<br \/><\/strong><\/h3>\n<p>Operamos online, en tiempo real, en todo el territorio italiano, incluidas las islas.<strong> Para cualquier pregunta o duda, no dudes en llamarnos. Tambi\u00e9n puedes escribirnos para<\/strong> <span style=\"font-weight: 400;\">recibir <\/span><b>una respuesta inmediata<\/b><span style=\"font-weight: 400;\">.<\/span>  <\/p>\n<p><span style=\"font-weight: 400;\">Escr\u00edbenos v\u00eda WhatsApp: <img decoding=\"async\" class=\"alignnone wp-image-1056\" src=\"https:\/\/www.italiafideiussioni.it\/wp-content\/uploads\/2015\/04\/WhatsApp_Logo_6.png\" alt=\"\" width=\"33\" height=\"32\"> <strong>WhatsApp: +39 339 715 01 57<\/strong><\/span><\/p>\n<p><b>Ma ti riserviamo un&#8217;attenzione telefonica dedicata, chiama: <\/b><b>Tel. +39 02 667.124.17 <\/b><b>o scrivi un email: <\/b><b>info@italiafideiussioni.it<\/b> <b>Ti forniamo: 1. <\/b><span style=\"font-weight: 400;\">assistenza ed aiuto in tempo reale grazie ai nostri professionisti 2. <\/span><\/p>\n<p> <span style=\"font-weight: 400;\">Respuestas a todas tus preguntas y dudas.  <\/span><span style=\"font-weight: 400;\">Consejos para la mejor fianza para licitaciones p\u00fablicas adaptada a tus necesidades.<\/span><\/p>\n<p><span style=\"font-weight: 400;\"><span class=\"gmail_default\">El <\/span>sujeto que participa en una licitaci\u00f3n para un<span class=\"gmail_default\"> contrato p\u00fablico<\/span> debe presentar una garant\u00eda fiduciaria denominada<span class=\"gmail_default\"> <strong>Fianza Provisional<\/strong> o <strong>Garant\u00eda Provisional<\/strong>, generalmente equivalente al 2% del importe de la licitaci\u00f3n.<\/span> <\/span><\/p>\n<p><span style=\"font-weight: 400;\"><span class=\"gmail_default\">En el momento en que se adjudica la licitaci\u00f3n, debe presentar a la entidad contratante una segunda <strong>garant\u00eda, en forma de dep\u00f3sito o fianza<\/strong>, denominada: <strong>Fianza Definitiva<\/strong>, por un importe equivalente al 10% del contrato de la licitaci\u00f3n. <\/span><\/span><\/p>\n<p><span style=\"font-weight: 400;\"><span class=\"gmail_default\">Finalmente, el sujeto adjudicatario tambi\u00e9n tiene la obligaci\u00f3n de proporcionar a la entidad contratante una garant\u00eda por el anticipo contractual, siempre que solicite un anticipo sobre los trabajos del contrato de la licitaci\u00f3n. Esta garant\u00eda se denomina Fianza por Anticipo. <\/span><\/span><\/p>\n<p>Estas son nuestras tipolog\u00edas de garant\u00edas para Contratos P\u00fablicos:<\/p>\n<p>&nbsp;<\/p>\n<p>&nbsp;<\/p>\n","protected":false},"excerpt":{"rendered":"<p>Fianzas provisionales y definitivas para Trenitalia, Consip y todos los dem\u00e1s tipos, r\u00e1pidas y econ\u00f3micas.<\/p>\n","protected":false},"author":2,"featured_media":8606,"parent":0,"menu_order":1,"comment_status":"closed","ping_status":"closed","template":"templates-custom\/tpl-pagina-servizi-sub.php","meta":{"_acf_changed":false,"_yoast_wpseo_focuskw":"","_yoast_wpseo_title":"Fianzas para licitaciones y contratos p\u00fablicos | Italia Fideiussioni","_yoast_wpseo_metadesc":"Ofrecemos fianzas para participar en licitaciones o contratos p\u00fablicos, tanto provisionales como definitivas. Conf\u00eda en m\u00e1s de 30 a\u00f1os de experiencia en el sector.","_yoast_wpseo_meta-robots-noindex":"","_yoast_wpseo_meta-robots-nofollow":"","_yoast_wpseo_canonical":"","_yoast_wpseo_opengraph-title":"","_yoast_wpseo_opengraph-description":"","_yoast_wpseo_opengraph-image":"","_yoast_wpseo_opengraph-image-id":"","_yoast_wpseo_twitter-title":"","_yoast_wpseo_twitter-description":"","_yoast_wpseo_twitter-image":"","footnotes":""},"class_list":["post-9054","page","type-page","status-publish","has-post-thumbnail","hentry"],"acf":{"blocco_iniziale":"<div class=\"container_iframe\" style=\"margin-bottom: 30px;\"><div class=\"epyt-video-wrapper\"><iframe  id=\"_ytid_74428\"  width=\"480\" height=\"270\"  data-origwidth=\"480\" data-origheight=\"270\"  data-relstop=\"1\" src=\"https:\/\/www.youtube.com\/embed\/Xdo0s8stim0?enablejsapi=1&autoplay=0&cc_load_policy=0&cc_lang_pref=&iv_load_policy=3&loop=0&rel=0&fs=1&playsinline=0&autohide=2&theme=dark&color=red&controls=1&disablekb=0&\" class=\"__youtube_prefs__  no-lazyload\" title=\"YouTube player\"  allow=\"fullscreen; accelerometer; autoplay; clipboard-write; encrypted-media; gyroscope; picture-in-picture; web-share\" referrerpolicy=\"strict-origin-when-cross-origin\" allowfullscreen data-no-lazy=\"1\" data-skipgform_ajax_framebjll=\"\"><\/iframe><\/div><\/div>\n","macroarea_servizi":"licitaciones"},"yoast_head":"<!-- This site is optimized with the Yoast SEO plugin v27.5 - https:\/\/yoast.com\/product\/yoast-seo-wordpress\/ -->\n<title>Fianzas para licitaciones y contratos p\u00fablicos | Italia Fideiussioni<\/title>\n<meta name=\"description\" content=\"Ofrecemos fianzas para participar en licitaciones o contratos p\u00fablicos, tanto provisionales como definitivas. Conf\u00eda en m\u00e1s de 30 a\u00f1os de experiencia en el sector.\" \/>\n<meta name=\"robots\" content=\"index, follow, max-snippet:-1, max-image-preview:large, max-video-preview:-1\" \/>\n<link rel=\"canonical\" href=\"https:\/\/www.italiafideiussioni.it\/es\/fianza-aseguradora-para-licitaciones-publicas\/\" \/>\n<meta property=\"og:locale\" content=\"es_ES\" \/>\n<meta property=\"og:type\" content=\"article\" \/>\n<meta property=\"og:title\" content=\"Fianzas para licitaciones y contratos p\u00fablicos | Italia Fideiussioni\" \/>\n<meta property=\"og:description\" content=\"Ofrecemos fianzas para participar en licitaciones o contratos p\u00fablicos, tanto provisionales como definitivas. Conf\u00eda en m\u00e1s de 30 a\u00f1os de experiencia en el sector.\" \/>\n<meta property=\"og:url\" content=\"https:\/\/www.italiafideiussioni.it\/es\/fianza-aseguradora-para-licitaciones-publicas\/\" \/>\n<meta property=\"og:site_name\" content=\"Italia Fideiussioni\" \/>\n<meta property=\"article:publisher\" content=\"https:\/\/www.facebook.com\/italiafideiussioni\/\" \/>\n<meta property=\"og:image\" content=\"https:\/\/www.italiafideiussioni.it\/wp-content\/uploads\/2023\/02\/polizze-appalti-pubblici-e-privati.jpg\" \/>\n\t<meta property=\"og:image:width\" content=\"800\" \/>\n\t<meta property=\"og:image:height\" content=\"692\" \/>\n\t<meta property=\"og:image:type\" content=\"image\/jpeg\" \/>\n<meta name=\"twitter:card\" content=\"summary_large_image\" \/>\n<meta name=\"twitter:site\" content=\"@itafideiussioni\" \/>\n<meta name=\"twitter:label1\" content=\"Tiempo de lectura\" \/>\n\t<meta name=\"twitter:data1\" content=\"2 minutos\" \/>\n<script type=\"application\/ld+json\" class=\"yoast-schema-graph\">{\"@context\":\"https:\\\/\\\/schema.org\",\"@graph\":[{\"@type\":\"WebPage\",\"@id\":\"https:\\\/\\\/www.italiafideiussioni.it\\\/es\\\/fianza-aseguradora-para-licitaciones-publicas\\\/\",\"url\":\"https:\\\/\\\/www.italiafideiussioni.it\\\/es\\\/fianza-aseguradora-para-licitaciones-publicas\\\/\",\"name\":\"Fianzas para licitaciones y contratos p\u00fablicos | Italia Fideiussioni\",\"isPartOf\":{\"@id\":\"https:\\\/\\\/www.italiafideiussioni.it\\\/es\\\/#website\"},\"primaryImageOfPage\":{\"@id\":\"https:\\\/\\\/www.italiafideiussioni.it\\\/es\\\/fianza-aseguradora-para-licitaciones-publicas\\\/#primaryimage\"},\"image\":{\"@id\":\"https:\\\/\\\/www.italiafideiussioni.it\\\/es\\\/fianza-aseguradora-para-licitaciones-publicas\\\/#primaryimage\"},\"thumbnailUrl\":\"https:\\\/\\\/www.italiafideiussioni.it\\\/wp-content\\\/uploads\\\/2023\\\/02\\\/polizze-appalti-pubblici-e-privati.jpg\",\"datePublished\":\"2018-10-10T09:13:12+00:00\",\"description\":\"Ofrecemos fianzas para participar en licitaciones o contratos p\u00fablicos, tanto provisionales como definitivas. Conf\u00eda en m\u00e1s de 30 a\u00f1os de experiencia en el sector.\",\"breadcrumb\":{\"@id\":\"https:\\\/\\\/www.italiafideiussioni.it\\\/es\\\/fianza-aseguradora-para-licitaciones-publicas\\\/#breadcrumb\"},\"inLanguage\":\"es\",\"potentialAction\":[{\"@type\":\"ReadAction\",\"target\":[\"https:\\\/\\\/www.italiafideiussioni.it\\\/es\\\/fianza-aseguradora-para-licitaciones-publicas\\\/\"]}]},{\"@type\":\"ImageObject\",\"inLanguage\":\"es\",\"@id\":\"https:\\\/\\\/www.italiafideiussioni.it\\\/es\\\/fianza-aseguradora-para-licitaciones-publicas\\\/#primaryimage\",\"url\":\"https:\\\/\\\/www.italiafideiussioni.it\\\/wp-content\\\/uploads\\\/2023\\\/02\\\/polizze-appalti-pubblici-e-privati.jpg\",\"contentUrl\":\"https:\\\/\\\/www.italiafideiussioni.it\\\/wp-content\\\/uploads\\\/2023\\\/02\\\/polizze-appalti-pubblici-e-privati.jpg\",\"width\":800,\"height\":692,\"caption\":\"strada vista dall'alto\"},{\"@type\":\"BreadcrumbList\",\"@id\":\"https:\\\/\\\/www.italiafideiussioni.it\\\/es\\\/fianza-aseguradora-para-licitaciones-publicas\\\/#breadcrumb\",\"itemListElement\":[{\"@type\":\"ListItem\",\"position\":1,\"name\":\"Home\",\"item\":\"https:\\\/\\\/www.italiafideiussioni.it\\\/es\\\/home-page-2013\\\/\"},{\"@type\":\"ListItem\",\"position\":2,\"name\":\"Fianza aseguradora para licitaciones p\u00fablicas\"}]},{\"@type\":\"WebSite\",\"@id\":\"https:\\\/\\\/www.italiafideiussioni.it\\\/es\\\/#website\",\"url\":\"https:\\\/\\\/www.italiafideiussioni.it\\\/es\\\/\",\"name\":\"Italia Fideiussioni\",\"description\":\"\",\"publisher\":{\"@id\":\"https:\\\/\\\/www.italiafideiussioni.it\\\/es\\\/#organization\"},\"potentialAction\":[{\"@type\":\"SearchAction\",\"target\":{\"@type\":\"EntryPoint\",\"urlTemplate\":\"https:\\\/\\\/www.italiafideiussioni.it\\\/es\\\/?s={search_term_string}\"},\"query-input\":{\"@type\":\"PropertyValueSpecification\",\"valueRequired\":true,\"valueName\":\"search_term_string\"}}],\"inLanguage\":\"es\"},{\"@type\":\"Organization\",\"@id\":\"https:\\\/\\\/www.italiafideiussioni.it\\\/es\\\/#organization\",\"name\":\"Fideiussioni s.r.l.\",\"url\":\"https:\\\/\\\/www.italiafideiussioni.it\\\/es\\\/\",\"logo\":{\"@type\":\"ImageObject\",\"inLanguage\":\"es\",\"@id\":\"https:\\\/\\\/www.italiafideiussioni.it\\\/es\\\/#\\\/schema\\\/logo\\\/image\\\/\",\"url\":\"https:\\\/\\\/www.italiafideiussioni.it\\\/wp-content\\\/uploads\\\/2018\\\/10\\\/italiafideiussioni-logo-white.png\",\"contentUrl\":\"https:\\\/\\\/www.italiafideiussioni.it\\\/wp-content\\\/uploads\\\/2018\\\/10\\\/italiafideiussioni-logo-white.png\",\"width\":516,\"height\":97,\"caption\":\"Fideiussioni s.r.l.\"},\"image\":{\"@id\":\"https:\\\/\\\/www.italiafideiussioni.it\\\/es\\\/#\\\/schema\\\/logo\\\/image\\\/\"},\"sameAs\":[\"https:\\\/\\\/www.facebook.com\\\/italiafideiussioni\\\/\",\"https:\\\/\\\/x.com\\\/itafideiussioni\",\"https:\\\/\\\/www.linkedin.com\\\/company\\\/italiafideiussioni-srl\\\/about\\\/\",\"https:\\\/\\\/www.youtube.com\\\/channel\\\/UC-OhbmM_pkAEKLqJ6nQbpjw\"]}]}<\/script>\n<!-- \/ Yoast SEO plugin. -->","yoast_head_json":{"title":"Fianzas para licitaciones y contratos p\u00fablicos | Italia Fideiussioni","description":"Ofrecemos fianzas para participar en licitaciones o contratos p\u00fablicos, tanto provisionales como definitivas. Conf\u00eda en m\u00e1s de 30 a\u00f1os de experiencia en el sector.","robots":{"index":"index","follow":"follow","max-snippet":"max-snippet:-1","max-image-preview":"max-image-preview:large","max-video-preview":"max-video-preview:-1"},"canonical":"https:\/\/www.italiafideiussioni.it\/es\/fianza-aseguradora-para-licitaciones-publicas\/","og_locale":"es_ES","og_type":"article","og_title":"Fianzas para licitaciones y contratos p\u00fablicos | Italia Fideiussioni","og_description":"Ofrecemos fianzas para participar en licitaciones o contratos p\u00fablicos, tanto provisionales como definitivas. Conf\u00eda en m\u00e1s de 30 a\u00f1os de experiencia en el sector.","og_url":"https:\/\/www.italiafideiussioni.it\/es\/fianza-aseguradora-para-licitaciones-publicas\/","og_site_name":"Italia Fideiussioni","article_publisher":"https:\/\/www.facebook.com\/italiafideiussioni\/","og_image":[{"width":800,"height":692,"url":"https:\/\/www.italiafideiussioni.it\/wp-content\/uploads\/2023\/02\/polizze-appalti-pubblici-e-privati.jpg","type":"image\/jpeg"}],"twitter_card":"summary_large_image","twitter_site":"@itafideiussioni","twitter_misc":{"Tiempo de lectura":"2 minutos"},"schema":{"@context":"https:\/\/schema.org","@graph":[{"@type":"WebPage","@id":"https:\/\/www.italiafideiussioni.it\/es\/fianza-aseguradora-para-licitaciones-publicas\/","url":"https:\/\/www.italiafideiussioni.it\/es\/fianza-aseguradora-para-licitaciones-publicas\/","name":"Fianzas para licitaciones y contratos p\u00fablicos | Italia Fideiussioni","isPartOf":{"@id":"https:\/\/www.italiafideiussioni.it\/es\/#website"},"primaryImageOfPage":{"@id":"https:\/\/www.italiafideiussioni.it\/es\/fianza-aseguradora-para-licitaciones-publicas\/#primaryimage"},"image":{"@id":"https:\/\/www.italiafideiussioni.it\/es\/fianza-aseguradora-para-licitaciones-publicas\/#primaryimage"},"thumbnailUrl":"https:\/\/www.italiafideiussioni.it\/wp-content\/uploads\/2023\/02\/polizze-appalti-pubblici-e-privati.jpg","datePublished":"2018-10-10T09:13:12+00:00","description":"Ofrecemos fianzas para participar en licitaciones o contratos p\u00fablicos, tanto provisionales como definitivas. Conf\u00eda en m\u00e1s de 30 a\u00f1os de experiencia en el sector.","breadcrumb":{"@id":"https:\/\/www.italiafideiussioni.it\/es\/fianza-aseguradora-para-licitaciones-publicas\/#breadcrumb"},"inLanguage":"es","potentialAction":[{"@type":"ReadAction","target":["https:\/\/www.italiafideiussioni.it\/es\/fianza-aseguradora-para-licitaciones-publicas\/"]}]},{"@type":"ImageObject","inLanguage":"es","@id":"https:\/\/www.italiafideiussioni.it\/es\/fianza-aseguradora-para-licitaciones-publicas\/#primaryimage","url":"https:\/\/www.italiafideiussioni.it\/wp-content\/uploads\/2023\/02\/polizze-appalti-pubblici-e-privati.jpg","contentUrl":"https:\/\/www.italiafideiussioni.it\/wp-content\/uploads\/2023\/02\/polizze-appalti-pubblici-e-privati.jpg","width":800,"height":692,"caption":"strada vista dall'alto"},{"@type":"BreadcrumbList","@id":"https:\/\/www.italiafideiussioni.it\/es\/fianza-aseguradora-para-licitaciones-publicas\/#breadcrumb","itemListElement":[{"@type":"ListItem","position":1,"name":"Home","item":"https:\/\/www.italiafideiussioni.it\/es\/home-page-2013\/"},{"@type":"ListItem","position":2,"name":"Fianza aseguradora para licitaciones p\u00fablicas"}]},{"@type":"WebSite","@id":"https:\/\/www.italiafideiussioni.it\/es\/#website","url":"https:\/\/www.italiafideiussioni.it\/es\/","name":"Italia Fideiussioni","description":"","publisher":{"@id":"https:\/\/www.italiafideiussioni.it\/es\/#organization"},"potentialAction":[{"@type":"SearchAction","target":{"@type":"EntryPoint","urlTemplate":"https:\/\/www.italiafideiussioni.it\/es\/?s={search_term_string}"},"query-input":{"@type":"PropertyValueSpecification","valueRequired":true,"valueName":"search_term_string"}}],"inLanguage":"es"},{"@type":"Organization","@id":"https:\/\/www.italiafideiussioni.it\/es\/#organization","name":"Fideiussioni s.r.l.","url":"https:\/\/www.italiafideiussioni.it\/es\/","logo":{"@type":"ImageObject","inLanguage":"es","@id":"https:\/\/www.italiafideiussioni.it\/es\/#\/schema\/logo\/image\/","url":"https:\/\/www.italiafideiussioni.it\/wp-content\/uploads\/2018\/10\/italiafideiussioni-logo-white.png","contentUrl":"https:\/\/www.italiafideiussioni.it\/wp-content\/uploads\/2018\/10\/italiafideiussioni-logo-white.png","width":516,"height":97,"caption":"Fideiussioni s.r.l."},"image":{"@id":"https:\/\/www.italiafideiussioni.it\/es\/#\/schema\/logo\/image\/"},"sameAs":["https:\/\/www.facebook.com\/italiafideiussioni\/","https:\/\/x.com\/itafideiussioni","https:\/\/www.linkedin.com\/company\/italiafideiussioni-srl\/about\/","https:\/\/www.youtube.com\/channel\/UC-OhbmM_pkAEKLqJ6nQbpjw"]}]}},"_links":{"self":[{"href":"https:\/\/www.italiafideiussioni.it\/es\/wp-json\/wp\/v2\/pages\/9054","targetHints":{"allow":["GET"]}}],"collection":[{"href":"https:\/\/www.italiafideiussioni.it\/es\/wp-json\/wp\/v2\/pages"}],"about":[{"href":"https:\/\/www.italiafideiussioni.it\/es\/wp-json\/wp\/v2\/types\/page"}],"author":[{"embeddable":true,"href":"https:\/\/www.italiafideiussioni.it\/es\/wp-json\/wp\/v2\/users\/2"}],"replies":[{"embeddable":true,"href":"https:\/\/www.italiafideiussioni.it\/es\/wp-json\/wp\/v2\/comments?post=9054"}],"version-history":[{"count":0,"href":"https:\/\/www.italiafideiussioni.it\/es\/wp-json\/wp\/v2\/pages\/9054\/revisions"}],"wp:featuredmedia":[{"embeddable":true,"href":"https:\/\/www.italiafideiussioni.it\/es\/wp-json\/wp\/v2\/media\/8606"}],"wp:attachment":[{"href":"https:\/\/www.italiafideiussioni.it\/es\/wp-json\/wp\/v2\/media?parent=9054"}],"curies":[{"name":"wp","href":"https:\/\/api.w.org\/{rel}","templated":true}]}}