{"id":8987,"date":"2023-02-10T15:21:00","date_gmt":"2023-02-10T15:21:00","guid":{"rendered":"https:\/\/www.italiafideiussioni.it\/home-page-2013\/"},"modified":"2024-12-18T14:43:40","modified_gmt":"2024-12-18T14:43:40","slug":"home-page-2013","status":"publish","type":"page","link":"https:\/\/www.italiafideiussioni.it\/es\/","title":{"rendered":"Home page 2013"},"content":{"rendered":"<h3><strong>Bienvenidos a ItaliaFideicomisos.com, el sitio especializado en servicios de garant\u00eda avalada para particulares, empresas y profesionales. <\/strong><\/h3>\n<p><strong>Pasi\u00f3n y dedicaci\u00f3n unidos a Claridad y Confianza.<\/strong><\/p>\n<p><span style=\"font-weight: 400;\">La Fianza Aseguradora es <\/span><b>una herramienta indispensable<\/b> <span style=\"font-weight: 400;\">para muchas empresas que necesitan garantizar el cumplimiento de obligaciones financieras, como la <a href=\"https:\/\/www.italiafideiussioni.it\/fideiussioni-appalti-pubblici\/fideiussioni-definitive-gare-dappalto\/\">participaci\u00f3n en licitaciones complejas<\/a><\/span>, <b>Trenitalia, Consip, Grandi Stazioni <\/b><span style=\"font-weight: 400;\">o similares<\/span><span style=\"font-weight: 400;\">. Esta herramienta permite a las empresas<\/span> <b>obtener la garant\u00eda necesaria<\/b> <span style=\"font-weight: 400;\">sin tener que recurrir a una fianza bancaria, que a menudo implica tiempos m\u00e1s largos, costos m\u00e1s elevados y requisitos m\u00e1s estrictos.<\/span><\/p>\n<p>&nbsp;<\/p>\n<p><b>\u00bfHas agotado los cupos de la compa\u00f1\u00eda aseguradora con la que sueles trabajar?<\/b><\/p>\n<p><b>\u00bfNecesitas fianzas para Trenitalia y tu banco es demasiado exigente?<\/b><\/p>\n<p><span style=\"font-weight: 400;\">Tenemos la alternativa aseguradora con tiempos de emisi\u00f3n mucho m\u00e1s r\u00e1pidos y sencillos.<\/span><\/p>\n<p><span style=\"font-weight: 400;\">Ofrecemos servicios de garant\u00eda<a href=\"https:\/\/www.italiafideiussioni.it\/fideiussioni-appalti-pubblici\/fideiussioni-definitive-gare-dappalto\/\"> para contratos, concesiones y subcontratos<\/a>, dise\u00f1ados para cumplir con los requisitos de las administraciones p\u00fablicas y garantizar la participaci\u00f3n de las empresas en cualquier tipo de licitaci\u00f3n.<\/span><\/p>\n<p><span style=\"font-weight: 400;\">Somos l\u00edderes en el sector de <\/span><b><a href=\"https:\/\/www.italiafideiussioni.it\/fideiussioni-per-stranieri\/\">Avales Bancarios para visados tur\u00edsticos<\/a><\/b> <span style=\"font-weight: 400;\">destinados a invitar a extranjeros no comunitarios a Italia<\/span>. <span style=\"font-weight: 400;\">Podemos proporcionar, en tiempos breves, cualquier tipo de Certificado de<\/span> <a href=\"https:\/\/www.italiafideiussioni.it\/attestazione-di-capacita-finanziaria\/\"><b>Capacidad Financiera para transportistas, <\/b><span style=\"font-weight: 400;\">tr\u00e1mites vehiculares y centros de revisi\u00f3n automotriz.<\/span><\/a><\/p>\n<p><span style=\"font-weight: 400;\">Adem\u00e1s, en <strong>ItaliaFideiussioni.it<\/strong> encontrar\u00e1s un equipo de consultores altamente especializados en el \u00e1rea espec\u00edfica de Avales y Fianzas, listos para ofrecerte la m\u00e1xima a<strong>sistencia personalizada<\/strong> y ayudarte a encontrar la soluci\u00f3n que mejor se adapte a tus necesidades.<\/span><\/p>\n<p><span style=\"font-weight: 400;\">Il nostro sito offre una sezione dedicata alle<\/span><a href=\"https:\/\/www.italiafideiussioni.it\/novita-e-approfondimenti\/\"><b> news del settore,<\/b><\/a><span style=\"font-weight: 400;\"> vengono inserite quotidianamente per tenerti <\/span><b>costantemente aggiornato sulle ultime novit\u00e0<\/b><span style=\"font-weight: 400;\"> del settore cauzioni e sulle opportunit\u00e0 che il mondo delle fideiussioni pu\u00f2 offrire alle imprese.<\/span> <span style=\"font-weight: 400;\">Siamo convinti che la nostra esperienza e la nostra professionalit\u00e0 <\/span><b>possano fare la differenza <\/b><span style=\"font-weight: 400;\">nella scelta di una garanzia fideiussoria per la tua impresa. <\/span><\/p>\n<p><span style=\"font-weight: 400;\">Cont\u00e1ctanos hoy mismo para obtener m\u00e1s informaci\u00f3n sobre nuestros servicios o para solicitar una asesor\u00eda personalizada gratuita. Estaremos encantados de ayudarte a garantizar la seguridad financiera de tu actividad profesional. <\/span><\/p>\n<p><a href=\"https:\/\/www.italiafideiussioni.it\/testimonianze\/\"><strong>\u00bfQuieres saber c\u00f3mo trabajamos y qu\u00e9 nos diferencia de los dem\u00e1s? Lee las rese\u00f1as que recibimos diariamente y descubrir\u00e1s c\u00f3mo nuestra pasi\u00f3n y dedicaci\u00f3n se reflejan en los resultados que obtenemos para nuestros clientes. <\/strong><\/a><\/p>\n<p>&nbsp;<\/p>\n<p><b>No pierdas m\u00e1s tiempo con bancos y aseguradoras tradicionales.<\/b><span style=\"font-weight: 400;\"> <\/span><\/p>\n<p><span style=\"font-weight: 400;\">Cont\u00e1ctanos a trav\u00e9s de<\/span> <b>WhatsApp al +39 339.71.50.157<\/b> <span style=\"font-weight: 400;\">y recibir\u00e1s respuesta en horario de oficina en un plazo de 5 minutos<\/span>. <span style=\"font-weight: 400;\">Tambi\u00e9n puedes escribirnos directamente en l\u00ednea para obtener una respuesta inmediata o llamar a una de nuestras sedes m\u00e1s cercanas a los n\u00fameros<\/span><strong>: +39 055 28.53.13 y +39 02 667.124.17.<\/strong> <\/p>\n","protected":false},"excerpt":{"rendered":"<p>Bienvenidos a ItaliaFideicomisos.com, el sitio especializado en servicios de garant\u00eda avalada para particulares, empresas y profesionales. Pasi\u00f3n y dedicaci\u00f3n unidos a Claridad y Confianza. La Fianza Aseguradora es una herramienta indispensable para muchas empresas que necesitan garantizar el cumplimiento de obligaciones financieras, como la participaci\u00f3n en licitaciones complejas, Trenitalia, Consip, Grandi Stazioni o similares. Esta [&hellip;]<\/p>\n","protected":false},"author":2,"featured_media":0,"parent":0,"menu_order":0,"comment_status":"closed","ping_status":"closed","template":"templates-custom\/tpl-front-page_update.php","meta":{"_acf_changed":false,"_yoast_wpseo_focuskw":"","_yoast_wpseo_title":"Fideicomisos asegurados y garant\u00edas en 24 horas | Italia Fideicomisos","_yoast_wpseo_metadesc":"Servicio r\u00e1pido para obtener fideicomisos asegurados y garant\u00edas. Para particulares y empresas. Presupuesto en 2 horas sin compromiso. Visita el sitio y cont\u00e1ctanos.","_yoast_wpseo_meta-robots-noindex":"","_yoast_wpseo_meta-robots-nofollow":"","_yoast_wpseo_canonical":"","_yoast_wpseo_opengraph-title":"","_yoast_wpseo_opengraph-description":"","_yoast_wpseo_opengraph-image":"","_yoast_wpseo_opengraph-image-id":"","_yoast_wpseo_twitter-title":"","_yoast_wpseo_twitter-description":"","_yoast_wpseo_twitter-image":"","footnotes":""},"class_list":["post-8987","page","type-page","status-publish","hentry"],"acf":{"blocco_testimonianze":"1","immagine_recensioni":"https:\/\/www.italiafideiussioni.it\/wp-content\/uploads\/2023\/02\/recensioni.jpg","testo_recensioni":"<p>Lee las<strong> rese\u00f1as verificada<\/strong>s de nuestros clientes para conocer c\u00f3mo trabajamos.<\/p>\n","titolo_recensioni":"Sus historias, nuestra mejor carta de presentaci\u00f3n."},"yoast_head":"<!-- This site is optimized with the Yoast SEO plugin v27.5 - https:\/\/yoast.com\/product\/yoast-seo-wordpress\/ -->\n<title>Fideicomisos asegurados y garant\u00edas en 24 horas | Italia Fideicomisos<\/title>\n<meta name=\"description\" content=\"Servicio r\u00e1pido para obtener fideicomisos asegurados y garant\u00edas. Para particulares y empresas. Presupuesto en 2 horas sin compromiso. Visita el sitio y cont\u00e1ctanos.\" \/>\n<meta name=\"robots\" content=\"index, follow, max-snippet:-1, max-image-preview:large, max-video-preview:-1\" \/>\n<link rel=\"canonical\" href=\"https:\/\/www.italiafideiussioni.it\/es\/\" \/>\n<meta property=\"og:locale\" content=\"es_ES\" \/>\n<meta property=\"og:type\" content=\"article\" \/>\n<meta property=\"og:title\" content=\"Fideicomisos asegurados y garant\u00edas en 24 horas | Italia Fideicomisos\" \/>\n<meta property=\"og:description\" content=\"Servicio r\u00e1pido para obtener fideicomisos asegurados y garant\u00edas. Para particulares y empresas. Presupuesto en 2 horas sin compromiso. Visita el sitio y cont\u00e1ctanos.\" \/>\n<meta property=\"og:url\" content=\"https:\/\/www.italiafideiussioni.it\/es\/\" \/>\n<meta property=\"og:site_name\" content=\"Italia Fideiussioni\" \/>\n<meta property=\"article:publisher\" content=\"https:\/\/www.facebook.com\/italiafideiussioni\/\" \/>\n<meta property=\"article:modified_time\" content=\"2024-12-18T14:43:40+00:00\" \/>\n<meta name=\"twitter:card\" content=\"summary_large_image\" \/>\n<meta name=\"twitter:site\" content=\"@itafideiussioni\" \/>\n<meta name=\"twitter:label1\" content=\"Tiempo de lectura\" \/>\n\t<meta name=\"twitter:data1\" content=\"2 minutos\" \/>\n<script type=\"application\/ld+json\" class=\"yoast-schema-graph\">{\"@context\":\"https:\\\/\\\/schema.org\",\"@graph\":[{\"@type\":\"WebPage\",\"@id\":\"https:\\\/\\\/www.italiafideiussioni.it\\\/es\\\/\",\"url\":\"https:\\\/\\\/www.italiafideiussioni.it\\\/es\\\/\",\"name\":\"Fideicomisos asegurados y garant\u00edas en 24 horas | Italia Fideicomisos\",\"isPartOf\":{\"@id\":\"https:\\\/\\\/www.italiafideiussioni.it\\\/es\\\/#website\"},\"datePublished\":\"2023-02-10T15:21:00+00:00\",\"dateModified\":\"2024-12-18T14:43:40+00:00\",\"description\":\"Servicio r\u00e1pido para obtener fideicomisos asegurados y garant\u00edas. Para particulares y empresas. Presupuesto en 2 horas sin compromiso. Visita el sitio y cont\u00e1ctanos.\",\"breadcrumb\":{\"@id\":\"https:\\\/\\\/www.italiafideiussioni.it\\\/es\\\/#breadcrumb\"},\"inLanguage\":\"es\",\"potentialAction\":[{\"@type\":\"ReadAction\",\"target\":[\"https:\\\/\\\/www.italiafideiussioni.it\\\/es\\\/\"]}]},{\"@type\":\"BreadcrumbList\",\"@id\":\"https:\\\/\\\/www.italiafideiussioni.it\\\/es\\\/#breadcrumb\",\"itemListElement\":[{\"@type\":\"ListItem\",\"position\":1,\"name\":\"Home\",\"item\":\"https:\\\/\\\/www.italiafideiussioni.it\\\/es\\\/home-page-2013\\\/\"},{\"@type\":\"ListItem\",\"position\":2,\"name\":\"Home page 2013\"}]},{\"@type\":\"WebSite\",\"@id\":\"https:\\\/\\\/www.italiafideiussioni.it\\\/es\\\/#website\",\"url\":\"https:\\\/\\\/www.italiafideiussioni.it\\\/es\\\/\",\"name\":\"Italia Fideiussioni\",\"description\":\"\",\"publisher\":{\"@id\":\"https:\\\/\\\/www.italiafideiussioni.it\\\/es\\\/#organization\"},\"potentialAction\":[{\"@type\":\"SearchAction\",\"target\":{\"@type\":\"EntryPoint\",\"urlTemplate\":\"https:\\\/\\\/www.italiafideiussioni.it\\\/es\\\/?s={search_term_string}\"},\"query-input\":{\"@type\":\"PropertyValueSpecification\",\"valueRequired\":true,\"valueName\":\"search_term_string\"}}],\"inLanguage\":\"es\"},{\"@type\":\"Organization\",\"@id\":\"https:\\\/\\\/www.italiafideiussioni.it\\\/es\\\/#organization\",\"name\":\"Fideiussioni s.r.l.\",\"url\":\"https:\\\/\\\/www.italiafideiussioni.it\\\/es\\\/\",\"logo\":{\"@type\":\"ImageObject\",\"inLanguage\":\"es\",\"@id\":\"https:\\\/\\\/www.italiafideiussioni.it\\\/es\\\/#\\\/schema\\\/logo\\\/image\\\/\",\"url\":\"https:\\\/\\\/www.italiafideiussioni.it\\\/wp-content\\\/uploads\\\/2018\\\/10\\\/italiafideiussioni-logo-white.png\",\"contentUrl\":\"https:\\\/\\\/www.italiafideiussioni.it\\\/wp-content\\\/uploads\\\/2018\\\/10\\\/italiafideiussioni-logo-white.png\",\"width\":516,\"height\":97,\"caption\":\"Fideiussioni s.r.l.\"},\"image\":{\"@id\":\"https:\\\/\\\/www.italiafideiussioni.it\\\/es\\\/#\\\/schema\\\/logo\\\/image\\\/\"},\"sameAs\":[\"https:\\\/\\\/www.facebook.com\\\/italiafideiussioni\\\/\",\"https:\\\/\\\/x.com\\\/itafideiussioni\",\"https:\\\/\\\/www.linkedin.com\\\/company\\\/italiafideiussioni-srl\\\/about\\\/\",\"https:\\\/\\\/www.youtube.com\\\/channel\\\/UC-OhbmM_pkAEKLqJ6nQbpjw\"]}]}<\/script>\n<!-- \/ Yoast SEO plugin. -->","yoast_head_json":{"title":"Fideicomisos asegurados y garant\u00edas en 24 horas | Italia Fideicomisos","description":"Servicio r\u00e1pido para obtener fideicomisos asegurados y garant\u00edas. Para particulares y empresas. Presupuesto en 2 horas sin compromiso. Visita el sitio y cont\u00e1ctanos.","robots":{"index":"index","follow":"follow","max-snippet":"max-snippet:-1","max-image-preview":"max-image-preview:large","max-video-preview":"max-video-preview:-1"},"canonical":"https:\/\/www.italiafideiussioni.it\/es\/","og_locale":"es_ES","og_type":"article","og_title":"Fideicomisos asegurados y garant\u00edas en 24 horas | Italia Fideicomisos","og_description":"Servicio r\u00e1pido para obtener fideicomisos asegurados y garant\u00edas. Para particulares y empresas. Presupuesto en 2 horas sin compromiso. Visita el sitio y cont\u00e1ctanos.","og_url":"https:\/\/www.italiafideiussioni.it\/es\/","og_site_name":"Italia Fideiussioni","article_publisher":"https:\/\/www.facebook.com\/italiafideiussioni\/","article_modified_time":"2024-12-18T14:43:40+00:00","twitter_card":"summary_large_image","twitter_site":"@itafideiussioni","twitter_misc":{"Tiempo de lectura":"2 minutos"},"schema":{"@context":"https:\/\/schema.org","@graph":[{"@type":"WebPage","@id":"https:\/\/www.italiafideiussioni.it\/es\/","url":"https:\/\/www.italiafideiussioni.it\/es\/","name":"Fideicomisos asegurados y garant\u00edas en 24 horas | Italia Fideicomisos","isPartOf":{"@id":"https:\/\/www.italiafideiussioni.it\/es\/#website"},"datePublished":"2023-02-10T15:21:00+00:00","dateModified":"2024-12-18T14:43:40+00:00","description":"Servicio r\u00e1pido para obtener fideicomisos asegurados y garant\u00edas. Para particulares y empresas. Presupuesto en 2 horas sin compromiso. Visita el sitio y cont\u00e1ctanos.","breadcrumb":{"@id":"https:\/\/www.italiafideiussioni.it\/es\/#breadcrumb"},"inLanguage":"es","potentialAction":[{"@type":"ReadAction","target":["https:\/\/www.italiafideiussioni.it\/es\/"]}]},{"@type":"BreadcrumbList","@id":"https:\/\/www.italiafideiussioni.it\/es\/#breadcrumb","itemListElement":[{"@type":"ListItem","position":1,"name":"Home","item":"https:\/\/www.italiafideiussioni.it\/es\/home-page-2013\/"},{"@type":"ListItem","position":2,"name":"Home page 2013"}]},{"@type":"WebSite","@id":"https:\/\/www.italiafideiussioni.it\/es\/#website","url":"https:\/\/www.italiafideiussioni.it\/es\/","name":"Italia Fideiussioni","description":"","publisher":{"@id":"https:\/\/www.italiafideiussioni.it\/es\/#organization"},"potentialAction":[{"@type":"SearchAction","target":{"@type":"EntryPoint","urlTemplate":"https:\/\/www.italiafideiussioni.it\/es\/?s={search_term_string}"},"query-input":{"@type":"PropertyValueSpecification","valueRequired":true,"valueName":"search_term_string"}}],"inLanguage":"es"},{"@type":"Organization","@id":"https:\/\/www.italiafideiussioni.it\/es\/#organization","name":"Fideiussioni s.r.l.","url":"https:\/\/www.italiafideiussioni.it\/es\/","logo":{"@type":"ImageObject","inLanguage":"es","@id":"https:\/\/www.italiafideiussioni.it\/es\/#\/schema\/logo\/image\/","url":"https:\/\/www.italiafideiussioni.it\/wp-content\/uploads\/2018\/10\/italiafideiussioni-logo-white.png","contentUrl":"https:\/\/www.italiafideiussioni.it\/wp-content\/uploads\/2018\/10\/italiafideiussioni-logo-white.png","width":516,"height":97,"caption":"Fideiussioni s.r.l."},"image":{"@id":"https:\/\/www.italiafideiussioni.it\/es\/#\/schema\/logo\/image\/"},"sameAs":["https:\/\/www.facebook.com\/italiafideiussioni\/","https:\/\/x.com\/itafideiussioni","https:\/\/www.linkedin.com\/company\/italiafideiussioni-srl\/about\/","https:\/\/www.youtube.com\/channel\/UC-OhbmM_pkAEKLqJ6nQbpjw"]}]}},"_links":{"self":[{"href":"https:\/\/www.italiafideiussioni.it\/es\/wp-json\/wp\/v2\/pages\/8987","targetHints":{"allow":["GET"]}}],"collection":[{"href":"https:\/\/www.italiafideiussioni.it\/es\/wp-json\/wp\/v2\/pages"}],"about":[{"href":"https:\/\/www.italiafideiussioni.it\/es\/wp-json\/wp\/v2\/types\/page"}],"author":[{"embeddable":true,"href":"https:\/\/www.italiafideiussioni.it\/es\/wp-json\/wp\/v2\/users\/2"}],"replies":[{"embeddable":true,"href":"https:\/\/www.italiafideiussioni.it\/es\/wp-json\/wp\/v2\/comments?post=8987"}],"version-history":[{"count":1,"href":"https:\/\/www.italiafideiussioni.it\/es\/wp-json\/wp\/v2\/pages\/8987\/revisions"}],"predecessor-version":[{"id":9251,"href":"https:\/\/www.italiafideiussioni.it\/es\/wp-json\/wp\/v2\/pages\/8987\/revisions\/9251"}],"wp:attachment":[{"href":"https:\/\/www.italiafideiussioni.it\/es\/wp-json\/wp\/v2\/media?parent=8987"}],"curies":[{"name":"wp","href":"https:\/\/api.w.org\/{rel}","templated":true}]}}